{"id":5642,"date":"2020-12-15T15:53:06","date_gmt":"2020-12-15T14:53:06","guid":{"rendered":"https:\/\/fittwear.nl\/?post_type=product&#038;p=5642"},"modified":"2026-04-06T13:28:27","modified_gmt":"2026-04-06T11:28:27","slug":"fitt-crop-hoody-schwarz","status":"publish","type":"product","link":"https:\/\/fittwear.nl\/de\/product\/fitt-crop-hoody-zwart\/","title":{"rendered":"FITT Crop Hoody Schwarz"},"content":{"rendered":"<p>- Kapuzenpulli in \u00dcbergr\u00f6\u00dfe<\/p>\n<p>- Athleisure-Kleidungsst\u00fcck<\/p>\n<p>- Leichter Stoff<\/p>\n<p>- Strings am unteren Rand zum Beschneiden<\/p>\n<p>- Tonsaiten<\/p>\n<p>- 60% Baumwolle, 40% Polyester<\/p>\n<p>- 250 g\/m\u00b2<\/p>\n<p>- Waschbar bis zu 40\u00b0<\/p>\n<p>- Farbe: Schwarz<\/p>\n<p>- Model Donna ist 1,82m gro\u00df und tr\u00e4gt Gr\u00f6\u00dfe S\/M<\/p>","protected":false},"excerpt":{"rendered":"<p>Dieser \u00fcbergro\u00dfe Kapuzenpullover ist ein unverzichtbares Kleidungsst\u00fcck f\u00fcr die Freizeit. Folgen Sie dem Athleisure-Trend, bei dem es erlaubt ist, Sportkleidung und Loungewear auf der Stra\u00dfe zu tragen. In diesem coolen Kapuzenpullover f\u00fchlst du dich nach dem Training oder in deiner Freizeit wohl. Das leichte Material h\u00e4lt die W\u00e4rme zur\u00fcck und sorgt f\u00fcr ein angenehmes Tragegef\u00fchl und einen schmeichelhaften Look! Der Kapuzenpulli verf\u00fcgt \u00fcber einen Kordelzug am unteren Ende, mit dem du den Kapuzenpulli k\u00fcrzen kannst, und ist mit einem aufgedruckten FITT-Logo in der vorderen Mitte auf der Brust versehen. Sie suchen Komfort von Kopf bis Fu\u00df? Dann bestellen Sie doch gleich die passende Skinny Lounge Jogginghose f\u00fcr den kompletten Look!<\/p>\n<p><strong>Model Donna ist 1,82m gro\u00df und tr\u00e4gt Gr\u00f6\u00dfe S\/M.<\/strong><\/p>","protected":false},"featured_media":35880,"template":"","meta":{"_acf_changed":false},"product_brand":[],"product_cat":[4802,4795,27,94,61,66],"product_tag":[100],"class_list":{"0":"post-5642","1":"product","2":"type-product","3":"status-publish","4":"has-post-thumbnail","6":"product_cat-fitt-original","7":"product_cat-teddy-season","8":"product_cat-dames","9":"product_cat-hoodies-sweaters","10":"product_cat-shoppen-op-stijl","11":"product_cat-loungewear","12":"product_tag-crop-top-hoodie","14":"first","15":"instock","16":"taxable","17":"shipping-taxable","18":"purchasable","19":"product-type-variable","20":"has-default-attributes"},"acf":[],"yoast_head":"<!-- This site is optimized with the Yoast SEO plugin v27.1.1 - https:\/\/yoast.com\/product\/yoast-seo-wordpress\/ -->\n<title>FITT Crop Hoody Black - Loungewear - FITTwear.nl<\/title>\n<meta name=\"description\" content=\"Deze oversized crop hoody is h\u00e9t essenti\u00eble athleisure kledingstuk. Volg de athleisure trend waarbij het toegestaan is om sportkleding en loungewear op straat te dragen. Voel je heerlijk comfi na je workout of in je vrije tijd in deze stoere hoody. Warmte wordt vastgehouden en het gevoel van comfort door de lichtgewicht stof vormen samen een flatteuze look! De hoody is voorzien van rijgkoorden aan de onderzijde waarmee je de hoody kunt croppen en is afgewerkt met een bedrukt FITT logo in midden voor op de borst. Van top tot teen op zoek naar comfort? Bestel dan ook de bijpassende skinny lounge sweatpants voor de complete look!  Model Donna is 1.82m en draagt maat S\/M.\" \/>\n<meta name=\"robots\" content=\"index, follow, max-snippet:-1, max-image-preview:large, max-video-preview:-1\" \/>\n<link rel=\"canonical\" href=\"https:\/\/fittwear.nl\/de\/produkt-2\/fitt-crop-hoody-schwarz\/\" \/>\n<meta property=\"og:locale\" content=\"de_DE\" \/>\n<meta property=\"og:type\" content=\"article\" \/>\n<meta property=\"og:title\" content=\"FITT Crop Hoody Black - Loungewear - FITTwear.nl\" \/>\n<meta property=\"og:description\" content=\"Deze oversized crop hoody is h\u00e9t essenti\u00eble athleisure kledingstuk. Volg de athleisure trend waarbij het toegestaan is om sportkleding en loungewear op straat te dragen. Voel je heerlijk comfi na je workout of in je vrije tijd in deze stoere hoody. Warmte wordt vastgehouden en het gevoel van comfort door de lichtgewicht stof vormen samen een flatteuze look! De hoody is voorzien van rijgkoorden aan de onderzijde waarmee je de hoody kunt croppen en is afgewerkt met een bedrukt FITT logo in midden voor op de borst. Van top tot teen op zoek naar comfort? Bestel dan ook de bijpassende skinny lounge sweatpants voor de complete look!  Model Donna is 1.82m en draagt maat S\/M.\" \/>\n<meta property=\"og:url\" content=\"https:\/\/fittwear.nl\/de\/produkt-2\/fitt-crop-hoody-schwarz\/\" \/>\n<meta property=\"og:site_name\" content=\"FITTwear.nl\" \/>\n<meta property=\"article:modified_time\" content=\"2026-04-06T11:28:27+00:00\" \/>\n<meta property=\"og:image\" content=\"https:\/\/fittwear.nl\/wp-content\/uploads\/2020\/12\/scrunch-prem-black_Voorkant-boven_jpg_4.jpg\" \/>\n\t<meta property=\"og:image:width\" content=\"1559\" \/>\n\t<meta property=\"og:image:height\" content=\"2339\" \/>\n\t<meta property=\"og:image:type\" content=\"image\/jpeg\" \/>\n<meta name=\"twitter:card\" content=\"summary_large_image\" \/>\n<meta name=\"twitter:label1\" content=\"Gesch\u00e4tzte Lesezeit\" \/>\n\t<meta name=\"twitter:data1\" content=\"1\u00a0Minute\" \/>\n<script type=\"application\/ld+json\" class=\"yoast-schema-graph\">{\"@context\":\"https:\/\/schema.org\",\"@graph\":[{\"@type\":\"WebPage\",\"@id\":\"https:\/\/fittwear.nl\/product\/fitt-crop-hoody-zwart\/\",\"url\":\"https:\/\/fittwear.nl\/product\/fitt-crop-hoody-zwart\/\",\"name\":\"FITT Crop Hoody Black - Loungewear - FITTwear.nl\",\"isPartOf\":{\"@id\":\"https:\/\/fittwear.nl\/#website\"},\"primaryImageOfPage\":{\"@id\":\"https:\/\/fittwear.nl\/product\/fitt-crop-hoody-zwart\/#primaryimage\"},\"image\":{\"@id\":\"https:\/\/fittwear.nl\/product\/fitt-crop-hoody-zwart\/#primaryimage\"},\"thumbnailUrl\":\"https:\/\/fittwear.nl\/wp-content\/uploads\/2020\/12\/scrunch-prem-black_Voorkant-boven_jpg_4.jpg\",\"datePublished\":\"2020-12-15T14:53:06+00:00\",\"dateModified\":\"2026-04-06T11:28:27+00:00\",\"description\":\"Deze oversized crop hoody is h\u00e9t essenti\u00eble athleisure kledingstuk. Volg de athleisure trend waarbij het toegestaan is om sportkleding en loungewear op straat te dragen. Voel je heerlijk comfi na je workout of in je vrije tijd in deze stoere hoody. Warmte wordt vastgehouden en het gevoel van comfort door de lichtgewicht stof vormen samen een flatteuze look! De hoody is voorzien van rijgkoorden aan de onderzijde waarmee je de hoody kunt croppen en is afgewerkt met een bedrukt FITT logo in midden voor op de borst. Van top tot teen op zoek naar comfort? Bestel dan ook de bijpassende skinny lounge sweatpants voor de complete look! Model Donna is 1.82m en draagt maat S\/M.\",\"breadcrumb\":{\"@id\":\"https:\/\/fittwear.nl\/product\/fitt-crop-hoody-zwart\/#breadcrumb\"},\"inLanguage\":\"de\",\"potentialAction\":[{\"@type\":\"ReadAction\",\"target\":[\"https:\/\/fittwear.nl\/product\/fitt-crop-hoody-zwart\/\"]}]},{\"@type\":\"ImageObject\",\"inLanguage\":\"de\",\"@id\":\"https:\/\/fittwear.nl\/product\/fitt-crop-hoody-zwart\/#primaryimage\",\"url\":\"https:\/\/fittwear.nl\/wp-content\/uploads\/2020\/12\/scrunch-prem-black_Voorkant-boven_jpg_4.jpg\",\"contentUrl\":\"https:\/\/fittwear.nl\/wp-content\/uploads\/2020\/12\/scrunch-prem-black_Voorkant-boven_jpg_4.jpg\",\"width\":1559,\"height\":2339},{\"@type\":\"BreadcrumbList\",\"@id\":\"https:\/\/fittwear.nl\/product\/fitt-crop-hoody-zwart\/#breadcrumb\",\"itemListElement\":[{\"@type\":\"ListItem\",\"position\":1,\"name\":\"Home\",\"item\":\"https:\/\/fittwear.nl\/\"},{\"@type\":\"ListItem\",\"position\":2,\"name\":\"Shop\",\"item\":\"https:\/\/fittwear.nl\/shop\/\"},{\"@type\":\"ListItem\",\"position\":3,\"name\":\"FITT Crop Hoody Black\"}]},{\"@type\":\"WebSite\",\"@id\":\"https:\/\/fittwear.nl\/#website\",\"url\":\"https:\/\/fittwear.nl\/\",\"name\":\"FITTwear.nl\",\"description\":\"Time to shine!\",\"publisher\":{\"@id\":\"https:\/\/fittwear.nl\/#organization\"},\"potentialAction\":[{\"@type\":\"SearchAction\",\"target\":{\"@type\":\"EntryPoint\",\"urlTemplate\":\"https:\/\/fittwear.nl\/?s={search_term_string}\"},\"query-input\":{\"@type\":\"PropertyValueSpecification\",\"valueRequired\":true,\"valueName\":\"search_term_string\"}}],\"inLanguage\":\"de\"},{\"@type\":\"Organization\",\"@id\":\"https:\/\/fittwear.nl\/#organization\",\"name\":\"FITTwear.nl\",\"url\":\"https:\/\/fittwear.nl\/\",\"logo\":{\"@type\":\"ImageObject\",\"inLanguage\":\"de\",\"@id\":\"https:\/\/fittwear.nl\/#\/schema\/logo\/image\/\",\"url\":\"https:\/\/fittwear.nl\/wp-content\/uploads\/2024\/07\/FITT-Logo-BeYOUtiful-website-homepage_Tekengebied-1-scaled.jpg\",\"contentUrl\":\"https:\/\/fittwear.nl\/wp-content\/uploads\/2024\/07\/FITT-Logo-BeYOUtiful-website-homepage_Tekengebied-1-scaled.jpg\",\"width\":2560,\"height\":599,\"caption\":\"FITTwear.nl\"},\"image\":{\"@id\":\"https:\/\/fittwear.nl\/#\/schema\/logo\/image\/\"}}]}<\/script>\n<!-- \/ Yoast SEO plugin. -->","yoast_head_json":{"title":"FITT Crop Hoody Schwarz - Loungewear - FITTwear.nl","description":"Dieser \u00fcbergro\u00dfe Kapuzenpullover ist ein unverzichtbares Kleidungsst\u00fcck f\u00fcr die Freizeit. Folgen Sie dem Athleisure-Trend, bei dem es erlaubt ist, Sportkleidung und Loungewear auf der Stra\u00dfe zu tragen. In diesem coolen Kapuzenpullover f\u00fchlst du dich nach dem Training oder in deiner Freizeit wohl. Das leichte Material h\u00e4lt die W\u00e4rme zur\u00fcck und sorgt f\u00fcr ein angenehmes Tragegef\u00fchl und einen schmeichelhaften Look! Der Kapuzenpulli verf\u00fcgt \u00fcber einen Kordelzug am unteren Ende, mit dem du den Kapuzenpulli k\u00fcrzen kannst, und ist mit einem aufgedruckten FITT-Logo in der vorderen Mitte auf der Brust versehen. Sie suchen Komfort von Kopf bis Fu\u00df? Dann bestellen Sie doch gleich die passende Skinny Lounge Jogginghose f\u00fcr den kompletten Look!  Model Donna ist 1,82m gro\u00df und tr\u00e4gt Gr\u00f6\u00dfe S\/M.","robots":{"index":"index","follow":"follow","max-snippet":"max-snippet:-1","max-image-preview":"max-image-preview:large","max-video-preview":"max-video-preview:-1"},"canonical":"https:\/\/fittwear.nl\/de\/produkt-2\/fitt-crop-hoody-schwarz\/","og_locale":"de_DE","og_type":"article","og_title":"FITT Crop Hoody Black - Loungewear - FITTwear.nl","og_description":"Deze oversized crop hoody is h\u00e9t essenti\u00eble athleisure kledingstuk. Volg de athleisure trend waarbij het toegestaan is om sportkleding en loungewear op straat te dragen. Voel je heerlijk comfi na je workout of in je vrije tijd in deze stoere hoody. Warmte wordt vastgehouden en het gevoel van comfort door de lichtgewicht stof vormen samen een flatteuze look! De hoody is voorzien van rijgkoorden aan de onderzijde waarmee je de hoody kunt croppen en is afgewerkt met een bedrukt FITT logo in midden voor op de borst. Van top tot teen op zoek naar comfort? Bestel dan ook de bijpassende skinny lounge sweatpants voor de complete look!  Model Donna is 1.82m en draagt maat S\/M.","og_url":"https:\/\/fittwear.nl\/de\/produkt-2\/fitt-crop-hoody-schwarz\/","og_site_name":"FITTwear.nl","article_modified_time":"2026-04-06T11:28:27+00:00","og_image":[{"width":1559,"height":2339,"url":"https:\/\/fittwear.nl\/wp-content\/uploads\/2020\/12\/scrunch-prem-black_Voorkant-boven_jpg_4.jpg","type":"image\/jpeg"}],"twitter_card":"summary_large_image","twitter_misc":{"Gesch\u00e4tzte Lesezeit":"1\u00a0Minute"},"schema":{"@context":"https:\/\/schema.org","@graph":[{"@type":"WebPage","@id":"https:\/\/fittwear.nl\/product\/fitt-crop-hoody-zwart\/","url":"https:\/\/fittwear.nl\/product\/fitt-crop-hoody-zwart\/","name":"FITT Crop Hoody Schwarz - Loungewear - FITTwear.nl","isPartOf":{"@id":"https:\/\/fittwear.nl\/#website"},"primaryImageOfPage":{"@id":"https:\/\/fittwear.nl\/product\/fitt-crop-hoody-zwart\/#primaryimage"},"image":{"@id":"https:\/\/fittwear.nl\/product\/fitt-crop-hoody-zwart\/#primaryimage"},"thumbnailUrl":"https:\/\/fittwear.nl\/wp-content\/uploads\/2020\/12\/scrunch-prem-black_Voorkant-boven_jpg_4.jpg","datePublished":"2020-12-15T14:53:06+00:00","dateModified":"2026-04-06T11:28:27+00:00","description":"Dieser \u00fcbergro\u00dfe Kapuzenpullover ist ein unverzichtbares Kleidungsst\u00fcck f\u00fcr die Freizeit. Folgen Sie dem Athleisure-Trend, bei dem es erlaubt ist, Sportkleidung und Loungewear auf der Stra\u00dfe zu tragen. In diesem coolen Kapuzenpullover f\u00fchlst du dich nach dem Training oder in deiner Freizeit wohl. Das leichte Material h\u00e4lt die W\u00e4rme zur\u00fcck und sorgt f\u00fcr ein angenehmes Tragegef\u00fchl und einen schmeichelhaften Look! Der Kapuzenpulli verf\u00fcgt \u00fcber einen Kordelzug am unteren Ende, mit dem du den Kapuzenpulli k\u00fcrzen kannst, und ist mit einem aufgedruckten FITT-Logo in der vorderen Mitte auf der Brust versehen. Sie suchen Komfort von Kopf bis Fu\u00df? Dann bestellen Sie doch gleich die passende Skinny Lounge Jogginghose f\u00fcr den kompletten Look! Model Donna ist 1,82m gro\u00df und tr\u00e4gt Gr\u00f6\u00dfe S\/M.","breadcrumb":{"@id":"https:\/\/fittwear.nl\/product\/fitt-crop-hoody-zwart\/#breadcrumb"},"inLanguage":"de","potentialAction":[{"@type":"ReadAction","target":["https:\/\/fittwear.nl\/product\/fitt-crop-hoody-zwart\/"]}]},{"@type":"ImageObject","inLanguage":"de","@id":"https:\/\/fittwear.nl\/product\/fitt-crop-hoody-zwart\/#primaryimage","url":"https:\/\/fittwear.nl\/wp-content\/uploads\/2020\/12\/scrunch-prem-black_Voorkant-boven_jpg_4.jpg","contentUrl":"https:\/\/fittwear.nl\/wp-content\/uploads\/2020\/12\/scrunch-prem-black_Voorkant-boven_jpg_4.jpg","width":1559,"height":2339},{"@type":"BreadcrumbList","@id":"https:\/\/fittwear.nl\/product\/fitt-crop-hoody-zwart\/#breadcrumb","itemListElement":[{"@type":"ListItem","position":1,"name":"Home","item":"https:\/\/fittwear.nl\/"},{"@type":"ListItem","position":2,"name":"Shop","item":"https:\/\/fittwear.nl\/shop\/"},{"@type":"ListItem","position":3,"name":"FITT Crop Hoody Black"}]},{"@type":"WebSite","@id":"https:\/\/fittwear.nl\/#website","url":"https:\/\/fittwear.nl\/","name":"FITTwear.co.uk","description":"Zeit zu gl\u00e4nzen!","publisher":{"@id":"https:\/\/fittwear.nl\/#organization"},"potentialAction":[{"@type":"SearchAction","target":{"@type":"EntryPoint","urlTemplate":"https:\/\/fittwear.nl\/?s={search_term_string}"},"query-input":{"@type":"PropertyValueSpecification","valueRequired":true,"valueName":"search_term_string"}}],"inLanguage":"de"},{"@type":"Organization","@id":"https:\/\/fittwear.nl\/#organization","name":"FITTwear.co.uk","url":"https:\/\/fittwear.nl\/","logo":{"@type":"ImageObject","inLanguage":"de","@id":"https:\/\/fittwear.nl\/#\/schema\/logo\/image\/","url":"https:\/\/fittwear.nl\/wp-content\/uploads\/2024\/07\/FITT-Logo-BeYOUtiful-website-homepage_Tekengebied-1-scaled.jpg","contentUrl":"https:\/\/fittwear.nl\/wp-content\/uploads\/2024\/07\/FITT-Logo-BeYOUtiful-website-homepage_Tekengebied-1-scaled.jpg","width":2560,"height":599,"caption":"FITTwear.nl"},"image":{"@id":"https:\/\/fittwear.nl\/#\/schema\/logo\/image\/"}}]}},"_links":{"self":[{"href":"https:\/\/fittwear.nl\/de\/wp-json\/wp\/v2\/product\/5642","targetHints":{"allow":["GET"]}}],"collection":[{"href":"https:\/\/fittwear.nl\/de\/wp-json\/wp\/v2\/product"}],"about":[{"href":"https:\/\/fittwear.nl\/de\/wp-json\/wp\/v2\/types\/product"}],"wp:featuredmedia":[{"embeddable":true,"href":"https:\/\/fittwear.nl\/de\/wp-json\/wp\/v2\/media\/35880"}],"wp:attachment":[{"href":"https:\/\/fittwear.nl\/de\/wp-json\/wp\/v2\/media?parent=5642"}],"wp:term":[{"taxonomy":"product_brand","embeddable":true,"href":"https:\/\/fittwear.nl\/de\/wp-json\/wp\/v2\/product_brand?post=5642"},{"taxonomy":"product_cat","embeddable":true,"href":"https:\/\/fittwear.nl\/de\/wp-json\/wp\/v2\/product_cat?post=5642"},{"taxonomy":"product_tag","embeddable":true,"href":"https:\/\/fittwear.nl\/de\/wp-json\/wp\/v2\/product_tag?post=5642"}],"curies":[{"name":"wp","href":"https:\/\/api.w.org\/{rel}","templated":true}]}}