{"id":57900,"date":"2023-03-20T16:33:29","date_gmt":"2023-03-20T15:33:29","guid":{"rendered":"https:\/\/fittwear.nl\/?post_type=product&#038;p=57900"},"modified":"2026-05-06T03:18:05","modified_gmt":"2026-05-06T01:18:05","slug":"rippen-knirps-langarm-shirt-dunkelgrau","status":"publish","type":"product","link":"https:\/\/fittwear.nl\/de\/product\/rib-scrunch-crop-longsleeve-dark-grey\/","title":{"rendered":"Rib Scrunch Crop Longsleeve Dunkelgrau"},"content":{"rendered":"<p>Lang\u00e4rmeliges Crop-Top&nbsp;<\/p>\n\n\n\n<p>-Rippenstoff<\/p>\n\n\n\n<p>-Frauenhals<\/p>\n\n\n\n<p>-Sweetproof<\/p>\n\n\n\n<p>-Elastischer Stoff<\/p>\n\n\n\n<p>-Farbe: Dunkelgrau<\/p>\n\n\n\n<p>-92% Nylon und 8% Elastan<\/p>\n\n\n\n<p>-Model Donna ist 1,82 und tr\u00e4gt Gr\u00f6\u00dfe M<\/p>","protected":false},"excerpt":{"rendered":"<p>Der Rippenstoff hat eine sehr gute und starke Qualit\u00e4t. Das macht den Stoff extrem geeignet f\u00fcr jedes Training. Der Stoff hat einen feinen, warmen Look und f\u00fchlt sich zudem wunderbar weich an. Dieses lang\u00e4rmelige Crop-Top hat einen sch\u00f6nen und femininen Ausschnitt und l\u00e4sst sich hervorragend mit dem passenden BH und den Scrunch-Leggings kombinieren. Zeit zu strahlen\u2728<\/p>","protected":false},"featured_media":58574,"template":"","meta":{"_acf_changed":false},"product_brand":[],"product_cat":[4811,4799,79,81,80,63],"product_tag":[],"class_list":{"0":"post-57900","1":"product","2":"type-product","3":"status-publish","4":"has-post-thumbnail","6":"product_cat-longsleeves-dames","7":"product_cat-structures","8":"product_cat-tanktops-dames","9":"product_cat-crop-tops","10":"product_cat-longsleeves","11":"product_cat-curves","13":"first","14":"instock","15":"sale","16":"taxable","17":"shipping-taxable","18":"purchasable","19":"product-type-variable","20":"has-default-attributes"},"acf":[],"yoast_head":"<!-- This site is optimized with the Yoast SEO plugin v27.1.1 - https:\/\/yoast.com\/product\/yoast-seo-wordpress\/ -->\n<title>Rib Scrunch Crop Longsleeve Dark Grey - FITTwear.nl<\/title>\n<meta name=\"description\" content=\"Ribstof heeft een zeer goede en sterke kwaliteit. Dat maakt de stof uitermate geschikt voor elke training. De stof heeft een fijne, warme uitstraling en voelt daarnaast ook heerlijk zacht aan. Deze longsleeve Crop top heeft een mooie en vrouwelijke halslijn en is te gek om te combineren samen met de bijpassende BH en scrunch legging. Time to shine\u2728\" \/>\n<meta name=\"robots\" content=\"index, follow, max-snippet:-1, max-image-preview:large, max-video-preview:-1\" \/>\n<link rel=\"canonical\" href=\"https:\/\/fittwear.nl\/de\/produkt-2\/rippen-knirps-langarm-shirt-dunkelgrau\/\" \/>\n<meta property=\"og:locale\" content=\"de_DE\" \/>\n<meta property=\"og:type\" content=\"article\" \/>\n<meta property=\"og:title\" content=\"Rib Scrunch Crop Longsleeve Dark Grey - FITTwear.nl\" \/>\n<meta property=\"og:description\" content=\"Ribstof heeft een zeer goede en sterke kwaliteit. Dat maakt de stof uitermate geschikt voor elke training. De stof heeft een fijne, warme uitstraling en voelt daarnaast ook heerlijk zacht aan. Deze longsleeve Crop top heeft een mooie en vrouwelijke halslijn en is te gek om te combineren samen met de bijpassende BH en scrunch legging. Time to shine\u2728\" \/>\n<meta property=\"og:url\" content=\"https:\/\/fittwear.nl\/de\/produkt-2\/rippen-knirps-langarm-shirt-dunkelgrau\/\" \/>\n<meta property=\"og:site_name\" content=\"FITTwear.nl\" \/>\n<meta property=\"article:modified_time\" content=\"2026-05-06T01:18:05+00:00\" \/>\n<meta property=\"og:image\" content=\"https:\/\/fittwear.nl\/wp-content\/uploads\/2023\/03\/rib-scrunch-grijs_Voorkant-boven_jpg_3.jpg\" \/>\n\t<meta property=\"og:image:width\" content=\"1200\" \/>\n\t<meta property=\"og:image:height\" content=\"1800\" \/>\n\t<meta property=\"og:image:type\" content=\"image\/jpeg\" \/>\n<meta name=\"twitter:card\" content=\"summary_large_image\" \/>\n<meta name=\"twitter:label1\" content=\"Gesch\u00e4tzte Lesezeit\" \/>\n\t<meta name=\"twitter:data1\" content=\"1\u00a0Minute\" \/>\n<script type=\"application\/ld+json\" class=\"yoast-schema-graph\">{\"@context\":\"https:\/\/schema.org\",\"@graph\":[{\"@type\":\"WebPage\",\"@id\":\"https:\/\/fittwear.nl\/product\/rib-scrunch-crop-longsleeve-dark-grey\/\",\"url\":\"https:\/\/fittwear.nl\/product\/rib-scrunch-crop-longsleeve-dark-grey\/\",\"name\":\"Rib Scrunch Crop Longsleeve Dark Grey - FITTwear.nl\",\"isPartOf\":{\"@id\":\"https:\/\/fittwear.nl\/#website\"},\"primaryImageOfPage\":{\"@id\":\"https:\/\/fittwear.nl\/product\/rib-scrunch-crop-longsleeve-dark-grey\/#primaryimage\"},\"image\":{\"@id\":\"https:\/\/fittwear.nl\/product\/rib-scrunch-crop-longsleeve-dark-grey\/#primaryimage\"},\"thumbnailUrl\":\"https:\/\/fittwear.nl\/wp-content\/uploads\/2023\/03\/rib-scrunch-grijs_Voorkant-boven_jpg_3.jpg\",\"datePublished\":\"2023-03-20T15:33:29+00:00\",\"dateModified\":\"2026-05-06T01:18:05+00:00\",\"description\":\"Ribstof heeft een zeer goede en sterke kwaliteit. Dat maakt de stof uitermate geschikt voor elke training. De stof heeft een fijne, warme uitstraling en voelt daarnaast ook heerlijk zacht aan. Deze longsleeve Crop top heeft een mooie en vrouwelijke halslijn en is te gek om te combineren samen met de bijpassende BH en scrunch legging. Time to shine\u2728\",\"breadcrumb\":{\"@id\":\"https:\/\/fittwear.nl\/product\/rib-scrunch-crop-longsleeve-dark-grey\/#breadcrumb\"},\"inLanguage\":\"de\",\"potentialAction\":[{\"@type\":\"ReadAction\",\"target\":[\"https:\/\/fittwear.nl\/product\/rib-scrunch-crop-longsleeve-dark-grey\/\"]}]},{\"@type\":\"ImageObject\",\"inLanguage\":\"de\",\"@id\":\"https:\/\/fittwear.nl\/product\/rib-scrunch-crop-longsleeve-dark-grey\/#primaryimage\",\"url\":\"https:\/\/fittwear.nl\/wp-content\/uploads\/2023\/03\/rib-scrunch-grijs_Voorkant-boven_jpg_3.jpg\",\"contentUrl\":\"https:\/\/fittwear.nl\/wp-content\/uploads\/2023\/03\/rib-scrunch-grijs_Voorkant-boven_jpg_3.jpg\",\"width\":1200,\"height\":1800},{\"@type\":\"BreadcrumbList\",\"@id\":\"https:\/\/fittwear.nl\/product\/rib-scrunch-crop-longsleeve-dark-grey\/#breadcrumb\",\"itemListElement\":[{\"@type\":\"ListItem\",\"position\":1,\"name\":\"Home\",\"item\":\"https:\/\/fittwear.nl\/\"},{\"@type\":\"ListItem\",\"position\":2,\"name\":\"Shop\",\"item\":\"https:\/\/fittwear.nl\/shop\/\"},{\"@type\":\"ListItem\",\"position\":3,\"name\":\"Rib Scrunch Crop Longsleeve Dark Grey\"}]},{\"@type\":\"WebSite\",\"@id\":\"https:\/\/fittwear.nl\/#website\",\"url\":\"https:\/\/fittwear.nl\/\",\"name\":\"FITTwear.nl\",\"description\":\"Time to shine!\",\"publisher\":{\"@id\":\"https:\/\/fittwear.nl\/#organization\"},\"potentialAction\":[{\"@type\":\"SearchAction\",\"target\":{\"@type\":\"EntryPoint\",\"urlTemplate\":\"https:\/\/fittwear.nl\/?s={search_term_string}\"},\"query-input\":{\"@type\":\"PropertyValueSpecification\",\"valueRequired\":true,\"valueName\":\"search_term_string\"}}],\"inLanguage\":\"de\"},{\"@type\":\"Organization\",\"@id\":\"https:\/\/fittwear.nl\/#organization\",\"name\":\"FITTwear.nl\",\"url\":\"https:\/\/fittwear.nl\/\",\"logo\":{\"@type\":\"ImageObject\",\"inLanguage\":\"de\",\"@id\":\"https:\/\/fittwear.nl\/#\/schema\/logo\/image\/\",\"url\":\"https:\/\/fittwear.nl\/wp-content\/uploads\/2024\/07\/FITT-Logo-BeYOUtiful-website-homepage_Tekengebied-1-scaled.jpg\",\"contentUrl\":\"https:\/\/fittwear.nl\/wp-content\/uploads\/2024\/07\/FITT-Logo-BeYOUtiful-website-homepage_Tekengebied-1-scaled.jpg\",\"width\":2560,\"height\":599,\"caption\":\"FITTwear.nl\"},\"image\":{\"@id\":\"https:\/\/fittwear.nl\/#\/schema\/logo\/image\/\"}}]}<\/script>\n<!-- \/ Yoast SEO plugin. -->","yoast_head_json":{"title":"Rib Scrunch Crop Longsleeve Dark Grey - FITTwear.de","description":"Der Rippenstoff hat eine sehr gute und starke Qualit\u00e4t. Das macht den Stoff extrem geeignet f\u00fcr jedes Training. Der Stoff hat einen feinen, warmen Look und f\u00fchlt sich zudem wunderbar weich an. Dieses lang\u00e4rmelige Crop-Top hat einen sch\u00f6nen und femininen Ausschnitt und l\u00e4sst sich hervorragend mit dem passenden BH und den Scrunch-Leggings kombinieren. Zeit zu strahlen\u2728","robots":{"index":"index","follow":"follow","max-snippet":"max-snippet:-1","max-image-preview":"max-image-preview:large","max-video-preview":"max-video-preview:-1"},"canonical":"https:\/\/fittwear.nl\/de\/produkt-2\/rippen-knirps-langarm-shirt-dunkelgrau\/","og_locale":"de_DE","og_type":"article","og_title":"Rib Scrunch Crop Longsleeve Dark Grey - FITTwear.nl","og_description":"Ribstof heeft een zeer goede en sterke kwaliteit. Dat maakt de stof uitermate geschikt voor elke training. De stof heeft een fijne, warme uitstraling en voelt daarnaast ook heerlijk zacht aan. Deze longsleeve Crop top heeft een mooie en vrouwelijke halslijn en is te gek om te combineren samen met de bijpassende BH en scrunch legging. Time to shine\u2728","og_url":"https:\/\/fittwear.nl\/de\/produkt-2\/rippen-knirps-langarm-shirt-dunkelgrau\/","og_site_name":"FITTwear.nl","article_modified_time":"2026-05-06T01:18:05+00:00","og_image":[{"width":1200,"height":1800,"url":"https:\/\/fittwear.nl\/wp-content\/uploads\/2023\/03\/rib-scrunch-grijs_Voorkant-boven_jpg_3.jpg","type":"image\/jpeg"}],"twitter_card":"summary_large_image","twitter_misc":{"Gesch\u00e4tzte Lesezeit":"1\u00a0Minute"},"schema":{"@context":"https:\/\/schema.org","@graph":[{"@type":"WebPage","@id":"https:\/\/fittwear.nl\/product\/rib-scrunch-crop-longsleeve-dark-grey\/","url":"https:\/\/fittwear.nl\/product\/rib-scrunch-crop-longsleeve-dark-grey\/","name":"Rib Scrunch Crop Longsleeve Dark Grey - FITTwear.de","isPartOf":{"@id":"https:\/\/fittwear.nl\/#website"},"primaryImageOfPage":{"@id":"https:\/\/fittwear.nl\/product\/rib-scrunch-crop-longsleeve-dark-grey\/#primaryimage"},"image":{"@id":"https:\/\/fittwear.nl\/product\/rib-scrunch-crop-longsleeve-dark-grey\/#primaryimage"},"thumbnailUrl":"https:\/\/fittwear.nl\/wp-content\/uploads\/2023\/03\/rib-scrunch-grijs_Voorkant-boven_jpg_3.jpg","datePublished":"2023-03-20T15:33:29+00:00","dateModified":"2026-05-06T01:18:05+00:00","description":"Der Rippenstoff hat eine sehr gute und starke Qualit\u00e4t. Das macht den Stoff extrem geeignet f\u00fcr jedes Training. Der Stoff hat einen feinen, warmen Look und f\u00fchlt sich zudem wunderbar weich an. Dieses lang\u00e4rmelige Crop-Top hat einen sch\u00f6nen und femininen Ausschnitt und l\u00e4sst sich hervorragend mit dem passenden BH und den Scrunch-Leggings kombinieren. Zeit zu strahlen\u2728","breadcrumb":{"@id":"https:\/\/fittwear.nl\/product\/rib-scrunch-crop-longsleeve-dark-grey\/#breadcrumb"},"inLanguage":"de","potentialAction":[{"@type":"ReadAction","target":["https:\/\/fittwear.nl\/product\/rib-scrunch-crop-longsleeve-dark-grey\/"]}]},{"@type":"ImageObject","inLanguage":"de","@id":"https:\/\/fittwear.nl\/product\/rib-scrunch-crop-longsleeve-dark-grey\/#primaryimage","url":"https:\/\/fittwear.nl\/wp-content\/uploads\/2023\/03\/rib-scrunch-grijs_Voorkant-boven_jpg_3.jpg","contentUrl":"https:\/\/fittwear.nl\/wp-content\/uploads\/2023\/03\/rib-scrunch-grijs_Voorkant-boven_jpg_3.jpg","width":1200,"height":1800},{"@type":"BreadcrumbList","@id":"https:\/\/fittwear.nl\/product\/rib-scrunch-crop-longsleeve-dark-grey\/#breadcrumb","itemListElement":[{"@type":"ListItem","position":1,"name":"Home","item":"https:\/\/fittwear.nl\/"},{"@type":"ListItem","position":2,"name":"Shop","item":"https:\/\/fittwear.nl\/shop\/"},{"@type":"ListItem","position":3,"name":"Rib Scrunch Crop Longsleeve Dark Grey"}]},{"@type":"WebSite","@id":"https:\/\/fittwear.nl\/#website","url":"https:\/\/fittwear.nl\/","name":"FITTwear.co.uk","description":"Zeit zu gl\u00e4nzen!","publisher":{"@id":"https:\/\/fittwear.nl\/#organization"},"potentialAction":[{"@type":"SearchAction","target":{"@type":"EntryPoint","urlTemplate":"https:\/\/fittwear.nl\/?s={search_term_string}"},"query-input":{"@type":"PropertyValueSpecification","valueRequired":true,"valueName":"search_term_string"}}],"inLanguage":"de"},{"@type":"Organization","@id":"https:\/\/fittwear.nl\/#organization","name":"FITTwear.co.uk","url":"https:\/\/fittwear.nl\/","logo":{"@type":"ImageObject","inLanguage":"de","@id":"https:\/\/fittwear.nl\/#\/schema\/logo\/image\/","url":"https:\/\/fittwear.nl\/wp-content\/uploads\/2024\/07\/FITT-Logo-BeYOUtiful-website-homepage_Tekengebied-1-scaled.jpg","contentUrl":"https:\/\/fittwear.nl\/wp-content\/uploads\/2024\/07\/FITT-Logo-BeYOUtiful-website-homepage_Tekengebied-1-scaled.jpg","width":2560,"height":599,"caption":"FITTwear.nl"},"image":{"@id":"https:\/\/fittwear.nl\/#\/schema\/logo\/image\/"}}]}},"_links":{"self":[{"href":"https:\/\/fittwear.nl\/de\/wp-json\/wp\/v2\/product\/57900","targetHints":{"allow":["GET"]}}],"collection":[{"href":"https:\/\/fittwear.nl\/de\/wp-json\/wp\/v2\/product"}],"about":[{"href":"https:\/\/fittwear.nl\/de\/wp-json\/wp\/v2\/types\/product"}],"wp:featuredmedia":[{"embeddable":true,"href":"https:\/\/fittwear.nl\/de\/wp-json\/wp\/v2\/media\/58574"}],"wp:attachment":[{"href":"https:\/\/fittwear.nl\/de\/wp-json\/wp\/v2\/media?parent=57900"}],"wp:term":[{"taxonomy":"product_brand","embeddable":true,"href":"https:\/\/fittwear.nl\/de\/wp-json\/wp\/v2\/product_brand?post=57900"},{"taxonomy":"product_cat","embeddable":true,"href":"https:\/\/fittwear.nl\/de\/wp-json\/wp\/v2\/product_cat?post=57900"},{"taxonomy":"product_tag","embeddable":true,"href":"https:\/\/fittwear.nl\/de\/wp-json\/wp\/v2\/product_tag?post=57900"}],"curies":[{"name":"wp","href":"https:\/\/api.w.org\/{rel}","templated":true}]}}