{"id":61853,"date":"2023-06-19T19:15:58","date_gmt":"2023-06-19T17:15:58","guid":{"rendered":"https:\/\/fittwear.nl\/?post_type=product&#038;p=61853"},"modified":"2026-04-07T13:04:12","modified_gmt":"2026-04-07T11:04:12","slug":"duo-farbig-kurz-dunkelblau","status":"publish","type":"product","link":"https:\/\/fittwear.nl\/de\/product\/duo-colour-short-dark-blue\/","title":{"rendered":"Duo Colour Short Dunkelblau"},"content":{"rendered":"<p>-High Waist Shorts<\/p>\n\n\n\n<p>-mit Knirschen hinten<\/p>\n\n\n\n<p>-Betont Ihre Kurven<\/p>\n\n\n\n<p>-Aufgedrucktes Logo auf der R\u00fcckseite<\/p>\n\n\n\n<p>-Nahtlos<\/p>\n\n\n\n<p>-Stabiler Bund<\/p>\n\n\n\n<p>-Waschbar bis zu 30\u2103<\/p>\n\n\n\n<p>-13% Elasthan, 87% Nylon<\/p>\n\n\n\n<p>-Farbe: Dunkelblau<\/p>\n\n\n\n<p>- Model Donna ist 1,82 und tr\u00e4gt Gr\u00f6\u00dfe M<\/p>","protected":false},"excerpt":{"rendered":"<p>Scrunch ist gerade total im Trend und das auch noch in dieser tollen Farbkombination! Die Shorts sind dehnbar und haben einen hohen Bund, der sie w\u00e4hrend des Workouts, der Wanderung oder der Spinning-Session an Ort und Stelle h\u00e4lt. Ein echtes Must-Have f\u00fcr deinen Kleiderschrank in auff\u00e4lligen Farben! Scheuen Sie sich nicht, sie zu tragen, es ist Zeit zu gl\u00e4nzen \u2728.<\/p>","protected":false},"featured_media":67223,"template":"","meta":{"_acf_changed":false},"product_brand":[],"product_cat":[4797,4798,93,4285],"product_tag":[],"class_list":{"0":"post-61853","1":"product","2":"type-product","3":"status-publish","4":"has-post-thumbnail","6":"product_cat-blue-waves","7":"product_cat-fade-away-collection","8":"product_cat-shorts","9":"product_cat-scrunch-shorts","11":"first","12":"instock","13":"taxable","14":"shipping-taxable","15":"purchasable","16":"product-type-variable","17":"has-default-attributes"},"acf":[],"yoast_head":"<!-- This site is optimized with the Yoast SEO plugin v27.1.1 - https:\/\/yoast.com\/product\/yoast-seo-wordpress\/ -->\n<title>Duo Colour Short Dark Blue - FITTwear.nl<\/title>\n<meta name=\"description\" content=\"Scrunch is helemaal de trend van nu en dan ook nog eens in deze fantastische kleurencombinatie! De short is stretchy en heeft een hoge tailleband, waardoor hij blijft zitten tijdens jouw workout, hike of spinningsessie. Een echte musthave voor jouw kledingkast in de opvallende kleuren! Don\u2019 t be shy to wear this, it\u2019 s time to shine \u2728\" \/>\n<meta name=\"robots\" content=\"index, follow, max-snippet:-1, max-image-preview:large, max-video-preview:-1\" \/>\n<link rel=\"canonical\" href=\"https:\/\/fittwear.nl\/de\/produkt-2\/duo-farbig-kurz-dunkelblau\/\" \/>\n<meta property=\"og:locale\" content=\"de_DE\" \/>\n<meta property=\"og:type\" content=\"article\" \/>\n<meta property=\"og:title\" content=\"Duo Colour Short Dark Blue - FITTwear.nl\" \/>\n<meta property=\"og:description\" content=\"Scrunch is helemaal de trend van nu en dan ook nog eens in deze fantastische kleurencombinatie! De short is stretchy en heeft een hoge tailleband, waardoor hij blijft zitten tijdens jouw workout, hike of spinningsessie. Een echte musthave voor jouw kledingkast in de opvallende kleuren! Don\u2019 t be shy to wear this, it\u2019 s time to shine \u2728\" \/>\n<meta property=\"og:url\" content=\"https:\/\/fittwear.nl\/de\/produkt-2\/duo-farbig-kurz-dunkelblau\/\" \/>\n<meta property=\"og:site_name\" content=\"FITTwear.nl\" \/>\n<meta property=\"article:modified_time\" content=\"2026-04-07T11:04:12+00:00\" \/>\n<meta property=\"og:image\" content=\"https:\/\/fittwear.nl\/wp-content\/uploads\/2023\/06\/duo-short-blauw_Voorkant-onder_jpg_2.jpg\" \/>\n\t<meta property=\"og:image:width\" content=\"1200\" \/>\n\t<meta property=\"og:image:height\" content=\"1800\" \/>\n\t<meta property=\"og:image:type\" content=\"image\/jpeg\" \/>\n<meta name=\"twitter:card\" content=\"summary_large_image\" \/>\n<meta name=\"twitter:label1\" content=\"Gesch\u00e4tzte Lesezeit\" \/>\n\t<meta name=\"twitter:data1\" content=\"1\u00a0Minute\" \/>\n<script type=\"application\/ld+json\" class=\"yoast-schema-graph\">{\"@context\":\"https:\/\/schema.org\",\"@graph\":[{\"@type\":\"WebPage\",\"@id\":\"https:\/\/fittwear.nl\/product\/duo-colour-short-dark-blue\/\",\"url\":\"https:\/\/fittwear.nl\/product\/duo-colour-short-dark-blue\/\",\"name\":\"Duo Colour Short Dark Blue - FITTwear.nl\",\"isPartOf\":{\"@id\":\"https:\/\/fittwear.nl\/#website\"},\"primaryImageOfPage\":{\"@id\":\"https:\/\/fittwear.nl\/product\/duo-colour-short-dark-blue\/#primaryimage\"},\"image\":{\"@id\":\"https:\/\/fittwear.nl\/product\/duo-colour-short-dark-blue\/#primaryimage\"},\"thumbnailUrl\":\"https:\/\/fittwear.nl\/wp-content\/uploads\/2023\/06\/duo-short-blauw_Voorkant-onder_jpg_2.jpg\",\"datePublished\":\"2023-06-19T17:15:58+00:00\",\"dateModified\":\"2026-04-07T11:04:12+00:00\",\"description\":\"Scrunch is helemaal de trend van nu en dan ook nog eens in deze fantastische kleurencombinatie! De short is stretchy en heeft een hoge tailleband, waardoor hij blijft zitten tijdens jouw workout, hike of spinningsessie. Een echte musthave voor jouw kledingkast in de opvallende kleuren! Don\u2019 t be shy to wear this, it\u2019 s time to shine \u2728\",\"breadcrumb\":{\"@id\":\"https:\/\/fittwear.nl\/product\/duo-colour-short-dark-blue\/#breadcrumb\"},\"inLanguage\":\"de\",\"potentialAction\":[{\"@type\":\"ReadAction\",\"target\":[\"https:\/\/fittwear.nl\/product\/duo-colour-short-dark-blue\/\"]}]},{\"@type\":\"ImageObject\",\"inLanguage\":\"de\",\"@id\":\"https:\/\/fittwear.nl\/product\/duo-colour-short-dark-blue\/#primaryimage\",\"url\":\"https:\/\/fittwear.nl\/wp-content\/uploads\/2023\/06\/duo-short-blauw_Voorkant-onder_jpg_2.jpg\",\"contentUrl\":\"https:\/\/fittwear.nl\/wp-content\/uploads\/2023\/06\/duo-short-blauw_Voorkant-onder_jpg_2.jpg\",\"width\":1200,\"height\":1800},{\"@type\":\"BreadcrumbList\",\"@id\":\"https:\/\/fittwear.nl\/product\/duo-colour-short-dark-blue\/#breadcrumb\",\"itemListElement\":[{\"@type\":\"ListItem\",\"position\":1,\"name\":\"Home\",\"item\":\"https:\/\/fittwear.nl\/\"},{\"@type\":\"ListItem\",\"position\":2,\"name\":\"Shop\",\"item\":\"https:\/\/fittwear.nl\/shop\/\"},{\"@type\":\"ListItem\",\"position\":3,\"name\":\"Duo Colour Short Dark Blue\"}]},{\"@type\":\"WebSite\",\"@id\":\"https:\/\/fittwear.nl\/#website\",\"url\":\"https:\/\/fittwear.nl\/\",\"name\":\"FITTwear.nl\",\"description\":\"Time to shine!\",\"publisher\":{\"@id\":\"https:\/\/fittwear.nl\/#organization\"},\"potentialAction\":[{\"@type\":\"SearchAction\",\"target\":{\"@type\":\"EntryPoint\",\"urlTemplate\":\"https:\/\/fittwear.nl\/?s={search_term_string}\"},\"query-input\":{\"@type\":\"PropertyValueSpecification\",\"valueRequired\":true,\"valueName\":\"search_term_string\"}}],\"inLanguage\":\"de\"},{\"@type\":\"Organization\",\"@id\":\"https:\/\/fittwear.nl\/#organization\",\"name\":\"FITTwear.nl\",\"url\":\"https:\/\/fittwear.nl\/\",\"logo\":{\"@type\":\"ImageObject\",\"inLanguage\":\"de\",\"@id\":\"https:\/\/fittwear.nl\/#\/schema\/logo\/image\/\",\"url\":\"https:\/\/fittwear.nl\/wp-content\/uploads\/2024\/07\/FITT-Logo-BeYOUtiful-website-homepage_Tekengebied-1-scaled.jpg\",\"contentUrl\":\"https:\/\/fittwear.nl\/wp-content\/uploads\/2024\/07\/FITT-Logo-BeYOUtiful-website-homepage_Tekengebied-1-scaled.jpg\",\"width\":2560,\"height\":599,\"caption\":\"FITTwear.nl\"},\"image\":{\"@id\":\"https:\/\/fittwear.nl\/#\/schema\/logo\/image\/\"}}]}<\/script>\n<!-- \/ Yoast SEO plugin. -->","yoast_head_json":{"title":"Duo Colour Short Dark Blue - FITTwear.de","description":"Scrunch ist gerade total im Trend und das auch noch in dieser tollen Farbkombination! Die Shorts sind dehnbar und haben einen hohen Bund, der sie w\u00e4hrend des Workouts, der Wanderung oder der Spinning-Session an Ort und Stelle h\u00e4lt. Ein echtes Must-Have f\u00fcr deinen Kleiderschrank in auff\u00e4lligen Farben! Scheuen Sie sich nicht, sie zu tragen, es ist Zeit zu gl\u00e4nzen \u2728.","robots":{"index":"index","follow":"follow","max-snippet":"max-snippet:-1","max-image-preview":"max-image-preview:large","max-video-preview":"max-video-preview:-1"},"canonical":"https:\/\/fittwear.nl\/de\/produkt-2\/duo-farbig-kurz-dunkelblau\/","og_locale":"de_DE","og_type":"article","og_title":"Duo Colour Short Dark Blue - FITTwear.nl","og_description":"Scrunch is helemaal de trend van nu en dan ook nog eens in deze fantastische kleurencombinatie! De short is stretchy en heeft een hoge tailleband, waardoor hij blijft zitten tijdens jouw workout, hike of spinningsessie. Een echte musthave voor jouw kledingkast in de opvallende kleuren! Don\u2019 t be shy to wear this, it\u2019 s time to shine \u2728","og_url":"https:\/\/fittwear.nl\/de\/produkt-2\/duo-farbig-kurz-dunkelblau\/","og_site_name":"FITTwear.nl","article_modified_time":"2026-04-07T11:04:12+00:00","og_image":[{"width":1200,"height":1800,"url":"https:\/\/fittwear.nl\/wp-content\/uploads\/2023\/06\/duo-short-blauw_Voorkant-onder_jpg_2.jpg","type":"image\/jpeg"}],"twitter_card":"summary_large_image","twitter_misc":{"Gesch\u00e4tzte Lesezeit":"1\u00a0Minute"},"schema":{"@context":"https:\/\/schema.org","@graph":[{"@type":"WebPage","@id":"https:\/\/fittwear.nl\/product\/duo-colour-short-dark-blue\/","url":"https:\/\/fittwear.nl\/product\/duo-colour-short-dark-blue\/","name":"Duo Colour Short Dark Blue - FITTwear.de","isPartOf":{"@id":"https:\/\/fittwear.nl\/#website"},"primaryImageOfPage":{"@id":"https:\/\/fittwear.nl\/product\/duo-colour-short-dark-blue\/#primaryimage"},"image":{"@id":"https:\/\/fittwear.nl\/product\/duo-colour-short-dark-blue\/#primaryimage"},"thumbnailUrl":"https:\/\/fittwear.nl\/wp-content\/uploads\/2023\/06\/duo-short-blauw_Voorkant-onder_jpg_2.jpg","datePublished":"2023-06-19T17:15:58+00:00","dateModified":"2026-04-07T11:04:12+00:00","description":"Scrunch ist gerade total im Trend und das auch noch in dieser tollen Farbkombination! Die Shorts sind dehnbar und haben einen hohen Bund, der sie w\u00e4hrend des Workouts, der Wanderung oder der Spinning-Session an Ort und Stelle h\u00e4lt. Ein echtes Must-Have f\u00fcr deinen Kleiderschrank in auff\u00e4lligen Farben! Scheuen Sie sich nicht, sie zu tragen, es ist Zeit zu gl\u00e4nzen \u2728.","breadcrumb":{"@id":"https:\/\/fittwear.nl\/product\/duo-colour-short-dark-blue\/#breadcrumb"},"inLanguage":"de","potentialAction":[{"@type":"ReadAction","target":["https:\/\/fittwear.nl\/product\/duo-colour-short-dark-blue\/"]}]},{"@type":"ImageObject","inLanguage":"de","@id":"https:\/\/fittwear.nl\/product\/duo-colour-short-dark-blue\/#primaryimage","url":"https:\/\/fittwear.nl\/wp-content\/uploads\/2023\/06\/duo-short-blauw_Voorkant-onder_jpg_2.jpg","contentUrl":"https:\/\/fittwear.nl\/wp-content\/uploads\/2023\/06\/duo-short-blauw_Voorkant-onder_jpg_2.jpg","width":1200,"height":1800},{"@type":"BreadcrumbList","@id":"https:\/\/fittwear.nl\/product\/duo-colour-short-dark-blue\/#breadcrumb","itemListElement":[{"@type":"ListItem","position":1,"name":"Home","item":"https:\/\/fittwear.nl\/"},{"@type":"ListItem","position":2,"name":"Shop","item":"https:\/\/fittwear.nl\/shop\/"},{"@type":"ListItem","position":3,"name":"Duo Colour Short Dark Blue"}]},{"@type":"WebSite","@id":"https:\/\/fittwear.nl\/#website","url":"https:\/\/fittwear.nl\/","name":"FITTwear.co.uk","description":"Zeit zu gl\u00e4nzen!","publisher":{"@id":"https:\/\/fittwear.nl\/#organization"},"potentialAction":[{"@type":"SearchAction","target":{"@type":"EntryPoint","urlTemplate":"https:\/\/fittwear.nl\/?s={search_term_string}"},"query-input":{"@type":"PropertyValueSpecification","valueRequired":true,"valueName":"search_term_string"}}],"inLanguage":"de"},{"@type":"Organization","@id":"https:\/\/fittwear.nl\/#organization","name":"FITTwear.co.uk","url":"https:\/\/fittwear.nl\/","logo":{"@type":"ImageObject","inLanguage":"de","@id":"https:\/\/fittwear.nl\/#\/schema\/logo\/image\/","url":"https:\/\/fittwear.nl\/wp-content\/uploads\/2024\/07\/FITT-Logo-BeYOUtiful-website-homepage_Tekengebied-1-scaled.jpg","contentUrl":"https:\/\/fittwear.nl\/wp-content\/uploads\/2024\/07\/FITT-Logo-BeYOUtiful-website-homepage_Tekengebied-1-scaled.jpg","width":2560,"height":599,"caption":"FITTwear.nl"},"image":{"@id":"https:\/\/fittwear.nl\/#\/schema\/logo\/image\/"}}]}},"_links":{"self":[{"href":"https:\/\/fittwear.nl\/de\/wp-json\/wp\/v2\/product\/61853","targetHints":{"allow":["GET"]}}],"collection":[{"href":"https:\/\/fittwear.nl\/de\/wp-json\/wp\/v2\/product"}],"about":[{"href":"https:\/\/fittwear.nl\/de\/wp-json\/wp\/v2\/types\/product"}],"wp:featuredmedia":[{"embeddable":true,"href":"https:\/\/fittwear.nl\/de\/wp-json\/wp\/v2\/media\/67223"}],"wp:attachment":[{"href":"https:\/\/fittwear.nl\/de\/wp-json\/wp\/v2\/media?parent=61853"}],"wp:term":[{"taxonomy":"product_brand","embeddable":true,"href":"https:\/\/fittwear.nl\/de\/wp-json\/wp\/v2\/product_brand?post=61853"},{"taxonomy":"product_cat","embeddable":true,"href":"https:\/\/fittwear.nl\/de\/wp-json\/wp\/v2\/product_cat?post=61853"},{"taxonomy":"product_tag","embeddable":true,"href":"https:\/\/fittwear.nl\/de\/wp-json\/wp\/v2\/product_tag?post=61853"}],"curies":[{"name":"wp","href":"https:\/\/api.w.org\/{rel}","templated":true}]}}