{"id":6378,"date":"2021-01-07T16:47:09","date_gmt":"2021-01-07T15:47:09","guid":{"rendered":"https:\/\/fittwear.nl\/?post_type=product&#038;p=6378"},"modified":"2026-04-17T02:12:58","modified_gmt":"2026-04-17T00:12:58","slug":"inhalieren-die-zukunft-armelig-rosa","status":"publish","type":"product","link":"https:\/\/fittwear.nl\/de\/product\/inhale-the-future-sleeveless-roze\/","title":{"rendered":"Inhale The Future \u00c4rmellos Rosa"},"content":{"rendered":"<p>- \u00c4rmelloses Oberteil<\/p>\n<p>- Ausgeschnittenes Detail auf dem R\u00fccken<\/p>\n<p>- Verschiedene Trageoptionen<\/p>\n<p>- Sehr weicher Stoff<\/p>\n<p>- 180 g\/m\u00b2<\/p>\n<p>- 80% Viskose, 20% Polyester<\/p>\n<p>- Waschbar bis zu 40\u00b0<\/p>\n<p>- Farbe: Rosa<\/p>\n<p>- Model Doete ist 1,76m gro\u00df und tr\u00e4gt Gr\u00f6\u00dfe XS<\/p>","protected":false},"excerpt":{"rendered":"<p>\u00c4rmelloses Top mit ultraweichem Griff! Ein Ausschnitt im oberen R\u00fcckenbereich sorgt daf\u00fcr, dass Sie w\u00e4hrend des Trainings oder der Yoga-Praxis k\u00fchl, bequem und beweglich bleiben. Das Oberteil hat einen Schlitz am R\u00fccken, der locker getragen oder f\u00fcr eine engere Passform geknotet werden kann.<\/p>","protected":false},"featured_media":13986,"template":"","meta":{"_acf_changed":false},"product_brand":[],"product_cat":[27],"product_tag":[],"class_list":{"0":"post-6378","1":"product","2":"type-product","3":"status-publish","4":"has-post-thumbnail","6":"product_cat-dames","8":"first","9":"outofstock","10":"taxable","11":"shipping-taxable","12":"product-type-variable","13":"has-default-attributes"},"acf":[],"yoast_head":"<!-- This site is optimized with the Yoast SEO plugin v27.1.1 - https:\/\/yoast.com\/product\/yoast-seo-wordpress\/ -->\n<title>Inhale The Future Sleeveless Pink - Dames Sport Tops - FITTwear.nl<\/title>\n<meta name=\"description\" content=\"Mouwloze top met een ultra soft feel! Een uitgespaard detail aan de bovenzijde van de rug dragen bij om je koel, comfortabel en beweeglijk te houden tijdens je training of yogaoefeningen. De top heeft een split aan de achterkant, deze kan los gedragen worden of geknoopt voor een strakkere pasvorm.\" \/>\n<meta name=\"robots\" content=\"index, follow, max-snippet:-1, max-image-preview:large, max-video-preview:-1\" \/>\n<link rel=\"canonical\" href=\"https:\/\/fittwear.nl\/de\/produkt-2\/inhalieren-die-zukunft-armelig-rosa\/\" \/>\n<meta property=\"og:locale\" content=\"de_DE\" \/>\n<meta property=\"og:type\" content=\"article\" \/>\n<meta property=\"og:title\" content=\"Inhale The Future Sleeveless Pink - Dames Sport Tops - FITTwear.nl\" \/>\n<meta property=\"og:description\" content=\"Mouwloze top met een ultra soft feel! Een uitgespaard detail aan de bovenzijde van de rug dragen bij om je koel, comfortabel en beweeglijk te houden tijdens je training of yogaoefeningen. De top heeft een split aan de achterkant, deze kan los gedragen worden of geknoopt voor een strakkere pasvorm.\" \/>\n<meta property=\"og:url\" content=\"https:\/\/fittwear.nl\/de\/produkt-2\/inhalieren-die-zukunft-armelig-rosa\/\" \/>\n<meta property=\"og:site_name\" content=\"FITTwear.nl\" \/>\n<meta property=\"article:modified_time\" content=\"2026-04-17T00:12:58+00:00\" \/>\n<meta property=\"og:image\" content=\"https:\/\/fittwear.nl\/wp-content\/uploads\/2021\/01\/inhale-sleeveless-roze_Voorkant-boven_jpg_2-1-kopieren.jpg\" \/>\n\t<meta property=\"og:image:width\" content=\"1144\" \/>\n\t<meta property=\"og:image:height\" content=\"1716\" \/>\n\t<meta property=\"og:image:type\" content=\"image\/jpeg\" \/>\n<meta name=\"twitter:card\" content=\"summary_large_image\" \/>\n<meta name=\"twitter:label1\" content=\"Gesch\u00e4tzte Lesezeit\" \/>\n\t<meta name=\"twitter:data1\" content=\"1\u00a0Minute\" \/>\n<script type=\"application\/ld+json\" class=\"yoast-schema-graph\">{\"@context\":\"https:\/\/schema.org\",\"@graph\":[{\"@type\":\"WebPage\",\"@id\":\"https:\/\/fittwear.nl\/product\/inhale-the-future-sleeveless-roze\/\",\"url\":\"https:\/\/fittwear.nl\/product\/inhale-the-future-sleeveless-roze\/\",\"name\":\"Inhale The Future Sleeveless Pink - Dames Sport Tops - FITTwear.nl\",\"isPartOf\":{\"@id\":\"https:\/\/fittwear.nl\/#website\"},\"primaryImageOfPage\":{\"@id\":\"https:\/\/fittwear.nl\/product\/inhale-the-future-sleeveless-roze\/#primaryimage\"},\"image\":{\"@id\":\"https:\/\/fittwear.nl\/product\/inhale-the-future-sleeveless-roze\/#primaryimage\"},\"thumbnailUrl\":\"https:\/\/fittwear.nl\/wp-content\/uploads\/2021\/01\/inhale-sleeveless-roze_Voorkant-boven_jpg_2-1-kopieren.jpg\",\"datePublished\":\"2021-01-07T15:47:09+00:00\",\"dateModified\":\"2026-04-17T00:12:58+00:00\",\"description\":\"Mouwloze top met een ultra soft feel! Een uitgespaard detail aan de bovenzijde van de rug dragen bij om je koel, comfortabel en beweeglijk te houden tijdens je training of yogaoefeningen. De top heeft een split aan de achterkant, deze kan los gedragen worden of geknoopt voor een strakkere pasvorm.\",\"breadcrumb\":{\"@id\":\"https:\/\/fittwear.nl\/product\/inhale-the-future-sleeveless-roze\/#breadcrumb\"},\"inLanguage\":\"de\",\"potentialAction\":[{\"@type\":\"ReadAction\",\"target\":[\"https:\/\/fittwear.nl\/product\/inhale-the-future-sleeveless-roze\/\"]}]},{\"@type\":\"ImageObject\",\"inLanguage\":\"de\",\"@id\":\"https:\/\/fittwear.nl\/product\/inhale-the-future-sleeveless-roze\/#primaryimage\",\"url\":\"https:\/\/fittwear.nl\/wp-content\/uploads\/2021\/01\/inhale-sleeveless-roze_Voorkant-boven_jpg_2-1-kopieren.jpg\",\"contentUrl\":\"https:\/\/fittwear.nl\/wp-content\/uploads\/2021\/01\/inhale-sleeveless-roze_Voorkant-boven_jpg_2-1-kopieren.jpg\",\"width\":1144,\"height\":1716},{\"@type\":\"BreadcrumbList\",\"@id\":\"https:\/\/fittwear.nl\/product\/inhale-the-future-sleeveless-roze\/#breadcrumb\",\"itemListElement\":[{\"@type\":\"ListItem\",\"position\":1,\"name\":\"Home\",\"item\":\"https:\/\/fittwear.nl\/\"},{\"@type\":\"ListItem\",\"position\":2,\"name\":\"Shop\",\"item\":\"https:\/\/fittwear.nl\/shop\/\"},{\"@type\":\"ListItem\",\"position\":3,\"name\":\"Inhale The Future Sleeveless Pink\"}]},{\"@type\":\"WebSite\",\"@id\":\"https:\/\/fittwear.nl\/#website\",\"url\":\"https:\/\/fittwear.nl\/\",\"name\":\"FITTwear.nl\",\"description\":\"Time to shine!\",\"publisher\":{\"@id\":\"https:\/\/fittwear.nl\/#organization\"},\"potentialAction\":[{\"@type\":\"SearchAction\",\"target\":{\"@type\":\"EntryPoint\",\"urlTemplate\":\"https:\/\/fittwear.nl\/?s={search_term_string}\"},\"query-input\":{\"@type\":\"PropertyValueSpecification\",\"valueRequired\":true,\"valueName\":\"search_term_string\"}}],\"inLanguage\":\"de\"},{\"@type\":\"Organization\",\"@id\":\"https:\/\/fittwear.nl\/#organization\",\"name\":\"FITTwear.nl\",\"url\":\"https:\/\/fittwear.nl\/\",\"logo\":{\"@type\":\"ImageObject\",\"inLanguage\":\"de\",\"@id\":\"https:\/\/fittwear.nl\/#\/schema\/logo\/image\/\",\"url\":\"https:\/\/fittwear.nl\/wp-content\/uploads\/2024\/07\/FITT-Logo-BeYOUtiful-website-homepage_Tekengebied-1-scaled.jpg\",\"contentUrl\":\"https:\/\/fittwear.nl\/wp-content\/uploads\/2024\/07\/FITT-Logo-BeYOUtiful-website-homepage_Tekengebied-1-scaled.jpg\",\"width\":2560,\"height\":599,\"caption\":\"FITTwear.nl\"},\"image\":{\"@id\":\"https:\/\/fittwear.nl\/#\/schema\/logo\/image\/\"}}]}<\/script>\n<!-- \/ Yoast SEO plugin. -->","yoast_head_json":{"title":"Inhale The Future Sleeveless Pink - Women's Sports Tops - FITTwear.de","description":"\u00c4rmelloses Top mit ultraweichem Griff! Ein Ausschnitt im oberen R\u00fcckenbereich sorgt daf\u00fcr, dass Sie w\u00e4hrend des Trainings oder der Yoga-Praxis k\u00fchl, bequem und beweglich bleiben. Das Oberteil hat einen Schlitz am R\u00fccken, der locker getragen oder f\u00fcr eine engere Passform geknotet werden kann.","robots":{"index":"index","follow":"follow","max-snippet":"max-snippet:-1","max-image-preview":"max-image-preview:large","max-video-preview":"max-video-preview:-1"},"canonical":"https:\/\/fittwear.nl\/de\/produkt-2\/inhalieren-die-zukunft-armelig-rosa\/","og_locale":"de_DE","og_type":"article","og_title":"Inhale The Future Sleeveless Pink - Dames Sport Tops - FITTwear.nl","og_description":"Mouwloze top met een ultra soft feel! Een uitgespaard detail aan de bovenzijde van de rug dragen bij om je koel, comfortabel en beweeglijk te houden tijdens je training of yogaoefeningen. De top heeft een split aan de achterkant, deze kan los gedragen worden of geknoopt voor een strakkere pasvorm.","og_url":"https:\/\/fittwear.nl\/de\/produkt-2\/inhalieren-die-zukunft-armelig-rosa\/","og_site_name":"FITTwear.nl","article_modified_time":"2026-04-17T00:12:58+00:00","og_image":[{"width":1144,"height":1716,"url":"https:\/\/fittwear.nl\/wp-content\/uploads\/2021\/01\/inhale-sleeveless-roze_Voorkant-boven_jpg_2-1-kopieren.jpg","type":"image\/jpeg"}],"twitter_card":"summary_large_image","twitter_misc":{"Gesch\u00e4tzte Lesezeit":"1\u00a0Minute"},"schema":{"@context":"https:\/\/schema.org","@graph":[{"@type":"WebPage","@id":"https:\/\/fittwear.nl\/product\/inhale-the-future-sleeveless-roze\/","url":"https:\/\/fittwear.nl\/product\/inhale-the-future-sleeveless-roze\/","name":"Inhale The Future Sleeveless Pink - Women's Sports Tops - FITTwear.de","isPartOf":{"@id":"https:\/\/fittwear.nl\/#website"},"primaryImageOfPage":{"@id":"https:\/\/fittwear.nl\/product\/inhale-the-future-sleeveless-roze\/#primaryimage"},"image":{"@id":"https:\/\/fittwear.nl\/product\/inhale-the-future-sleeveless-roze\/#primaryimage"},"thumbnailUrl":"https:\/\/fittwear.nl\/wp-content\/uploads\/2021\/01\/inhale-sleeveless-roze_Voorkant-boven_jpg_2-1-kopieren.jpg","datePublished":"2021-01-07T15:47:09+00:00","dateModified":"2026-04-17T00:12:58+00:00","description":"\u00c4rmelloses Top mit ultraweichem Griff! Ein Ausschnitt im oberen R\u00fcckenbereich sorgt daf\u00fcr, dass Sie w\u00e4hrend des Trainings oder der Yoga-Praxis k\u00fchl, bequem und beweglich bleiben. Das Oberteil hat einen Schlitz am R\u00fccken, der locker getragen oder f\u00fcr eine engere Passform geknotet werden kann.","breadcrumb":{"@id":"https:\/\/fittwear.nl\/product\/inhale-the-future-sleeveless-roze\/#breadcrumb"},"inLanguage":"de","potentialAction":[{"@type":"ReadAction","target":["https:\/\/fittwear.nl\/product\/inhale-the-future-sleeveless-roze\/"]}]},{"@type":"ImageObject","inLanguage":"de","@id":"https:\/\/fittwear.nl\/product\/inhale-the-future-sleeveless-roze\/#primaryimage","url":"https:\/\/fittwear.nl\/wp-content\/uploads\/2021\/01\/inhale-sleeveless-roze_Voorkant-boven_jpg_2-1-kopieren.jpg","contentUrl":"https:\/\/fittwear.nl\/wp-content\/uploads\/2021\/01\/inhale-sleeveless-roze_Voorkant-boven_jpg_2-1-kopieren.jpg","width":1144,"height":1716},{"@type":"BreadcrumbList","@id":"https:\/\/fittwear.nl\/product\/inhale-the-future-sleeveless-roze\/#breadcrumb","itemListElement":[{"@type":"ListItem","position":1,"name":"Home","item":"https:\/\/fittwear.nl\/"},{"@type":"ListItem","position":2,"name":"Shop","item":"https:\/\/fittwear.nl\/shop\/"},{"@type":"ListItem","position":3,"name":"Inhale The Future Sleeveless Pink"}]},{"@type":"WebSite","@id":"https:\/\/fittwear.nl\/#website","url":"https:\/\/fittwear.nl\/","name":"FITTwear.co.uk","description":"Zeit zu gl\u00e4nzen!","publisher":{"@id":"https:\/\/fittwear.nl\/#organization"},"potentialAction":[{"@type":"SearchAction","target":{"@type":"EntryPoint","urlTemplate":"https:\/\/fittwear.nl\/?s={search_term_string}"},"query-input":{"@type":"PropertyValueSpecification","valueRequired":true,"valueName":"search_term_string"}}],"inLanguage":"de"},{"@type":"Organization","@id":"https:\/\/fittwear.nl\/#organization","name":"FITTwear.co.uk","url":"https:\/\/fittwear.nl\/","logo":{"@type":"ImageObject","inLanguage":"de","@id":"https:\/\/fittwear.nl\/#\/schema\/logo\/image\/","url":"https:\/\/fittwear.nl\/wp-content\/uploads\/2024\/07\/FITT-Logo-BeYOUtiful-website-homepage_Tekengebied-1-scaled.jpg","contentUrl":"https:\/\/fittwear.nl\/wp-content\/uploads\/2024\/07\/FITT-Logo-BeYOUtiful-website-homepage_Tekengebied-1-scaled.jpg","width":2560,"height":599,"caption":"FITTwear.nl"},"image":{"@id":"https:\/\/fittwear.nl\/#\/schema\/logo\/image\/"}}]}},"_links":{"self":[{"href":"https:\/\/fittwear.nl\/de\/wp-json\/wp\/v2\/product\/6378","targetHints":{"allow":["GET"]}}],"collection":[{"href":"https:\/\/fittwear.nl\/de\/wp-json\/wp\/v2\/product"}],"about":[{"href":"https:\/\/fittwear.nl\/de\/wp-json\/wp\/v2\/types\/product"}],"wp:featuredmedia":[{"embeddable":true,"href":"https:\/\/fittwear.nl\/de\/wp-json\/wp\/v2\/media\/13986"}],"wp:attachment":[{"href":"https:\/\/fittwear.nl\/de\/wp-json\/wp\/v2\/media?parent=6378"}],"wp:term":[{"taxonomy":"product_brand","embeddable":true,"href":"https:\/\/fittwear.nl\/de\/wp-json\/wp\/v2\/product_brand?post=6378"},{"taxonomy":"product_cat","embeddable":true,"href":"https:\/\/fittwear.nl\/de\/wp-json\/wp\/v2\/product_cat?post=6378"},{"taxonomy":"product_tag","embeddable":true,"href":"https:\/\/fittwear.nl\/de\/wp-json\/wp\/v2\/product_tag?post=6378"}],"curies":[{"name":"wp","href":"https:\/\/api.w.org\/{rel}","templated":true}]}}