{"id":65609,"date":"2023-06-08T17:15:35","date_gmt":"2023-06-08T15:15:35","guid":{"rendered":"https:\/\/fittwear.nl\/?post_type=product&#038;p=65609"},"modified":"2026-05-07T04:38:57","modified_gmt":"2026-05-07T02:38:57","slug":"hochgeschlossenes-top-weis","status":"publish","type":"product","link":"https:\/\/fittwear.nl\/de\/product\/high-neck-top-white\/","title":{"rendered":"Hochgeschlossenes Top Wei\u00df"},"content":{"rendered":"<p>&#8211; Hoge hals<\/p>\n\n\n\n<p>&#8211; Stretchy en mee rekkende stof<\/p>\n\n\n\n<p>- Abnehmbare Pads<\/p>\n\n\n\n<p>&#8211; Ademende stof<\/p>\n\n\n\n<p>&#8211; Bedrukt logo<\/p>\n\n\n\n<p>- 80% Nylon, 20% Elastan<\/p>\n\n\n\n<p>- Farbe: Wei\u00df<\/p>\n\n\n\n<p>- Waschbar bis zu 30\u2103<\/p>\n\n\n\n<p>- Model Donna ist 1,82 und tr\u00e4gt Gr\u00f6\u00dfe M<\/p>","protected":false},"excerpt":{"rendered":"<p>Dieses Top ist ein absoluter Favorit in Ihrer Sammlung! Mit seinem dehnbaren und atmungsaktiven Material eignet sich dieses Top f\u00fcr all Ihre Work-outs. Es ist einfach zu kombinieren und kann dank der herausnehmbaren Pads auch ohne BH getragen werden. Es ist schnelltrocknend, atmungsaktiv und bietet zudem einen hohen Tragekomfort. Ein ideales Oberteil!<\/p>","protected":false},"featured_media":66337,"template":"","meta":{"_acf_changed":false},"product_brand":[],"product_cat":[114,4791,81,4812,4836,79],"product_tag":[],"class_list":{"0":"post-65609","1":"product","2":"type-product","3":"status-publish","4":"has-post-thumbnail","6":"product_cat-best-sellers","7":"product_cat-city-vibes","8":"product_cat-crop-tops","9":"product_cat-forever-favorites-categorie","10":"product_cat-sleeveless-tanktops-dames","11":"product_cat-tanktops-dames","13":"first","14":"instock","15":"taxable","16":"shipping-taxable","17":"purchasable","18":"product-type-variable","19":"has-default-attributes"},"acf":[],"yoast_head":"<!-- This site is optimized with the Yoast SEO plugin v27.1.1 - https:\/\/yoast.com\/product\/yoast-seo-wordpress\/ -->\n<title>High Neck Top White - FITTwear.nl<\/title>\n<meta name=\"description\" content=\"Deze top is de all-time favourite voor binnen jouw collectie! Door het stretchy en ademende materiaal is deze top inzetbaar voor al jouw work-outs. Hij is gemakkelijk te combineren en ook nog eens goed draagbaar zonder een BH door de uitneembare pads. Sneldrogend, ademend en de top biedt ook nog eens comfort. Ideale top dus!\" \/>\n<meta name=\"robots\" content=\"index, follow, max-snippet:-1, max-image-preview:large, max-video-preview:-1\" \/>\n<link rel=\"canonical\" href=\"https:\/\/fittwear.nl\/de\/produkt-2\/hochgeschlossenes-top-weis\/\" \/>\n<meta property=\"og:locale\" content=\"de_DE\" \/>\n<meta property=\"og:type\" content=\"article\" \/>\n<meta property=\"og:title\" content=\"High Neck Top White - FITTwear.nl\" \/>\n<meta property=\"og:description\" content=\"Deze top is de all-time favourite voor binnen jouw collectie! Door het stretchy en ademende materiaal is deze top inzetbaar voor al jouw work-outs. Hij is gemakkelijk te combineren en ook nog eens goed draagbaar zonder een BH door de uitneembare pads. Sneldrogend, ademend en de top biedt ook nog eens comfort. Ideale top dus!\" \/>\n<meta property=\"og:url\" content=\"https:\/\/fittwear.nl\/de\/produkt-2\/hochgeschlossenes-top-weis\/\" \/>\n<meta property=\"og:site_name\" content=\"FITTwear.nl\" \/>\n<meta property=\"article:modified_time\" content=\"2026-05-07T02:38:57+00:00\" \/>\n<meta property=\"og:image\" content=\"https:\/\/fittwear.nl\/wp-content\/uploads\/2023\/06\/ultimate-emerald_Voorkant-boven_jpg_5.jpg\" \/>\n\t<meta property=\"og:image:width\" content=\"1200\" \/>\n\t<meta property=\"og:image:height\" content=\"1800\" \/>\n\t<meta property=\"og:image:type\" content=\"image\/jpeg\" \/>\n<meta name=\"twitter:card\" content=\"summary_large_image\" \/>\n<meta name=\"twitter:label1\" content=\"Gesch\u00e4tzte Lesezeit\" \/>\n\t<meta name=\"twitter:data1\" content=\"1\u00a0Minute\" \/>\n<script type=\"application\/ld+json\" class=\"yoast-schema-graph\">{\"@context\":\"https:\/\/schema.org\",\"@graph\":[{\"@type\":\"WebPage\",\"@id\":\"https:\/\/fittwear.nl\/product\/high-neck-top-white\/\",\"url\":\"https:\/\/fittwear.nl\/product\/high-neck-top-white\/\",\"name\":\"High Neck Top White - FITTwear.nl\",\"isPartOf\":{\"@id\":\"https:\/\/fittwear.nl\/#website\"},\"primaryImageOfPage\":{\"@id\":\"https:\/\/fittwear.nl\/product\/high-neck-top-white\/#primaryimage\"},\"image\":{\"@id\":\"https:\/\/fittwear.nl\/product\/high-neck-top-white\/#primaryimage\"},\"thumbnailUrl\":\"https:\/\/fittwear.nl\/wp-content\/uploads\/2023\/06\/ultimate-emerald_Voorkant-boven_jpg_5.jpg\",\"datePublished\":\"2023-06-08T15:15:35+00:00\",\"dateModified\":\"2026-05-07T02:38:57+00:00\",\"description\":\"Deze top is de all-time favourite voor binnen jouw collectie! Door het stretchy en ademende materiaal is deze top inzetbaar voor al jouw work-outs. Hij is gemakkelijk te combineren en ook nog eens goed draagbaar zonder een BH door de uitneembare pads. Sneldrogend, ademend en de top biedt ook nog eens comfort. Ideale top dus!\",\"breadcrumb\":{\"@id\":\"https:\/\/fittwear.nl\/product\/high-neck-top-white\/#breadcrumb\"},\"inLanguage\":\"de\",\"potentialAction\":[{\"@type\":\"ReadAction\",\"target\":[\"https:\/\/fittwear.nl\/product\/high-neck-top-white\/\"]}]},{\"@type\":\"ImageObject\",\"inLanguage\":\"de\",\"@id\":\"https:\/\/fittwear.nl\/product\/high-neck-top-white\/#primaryimage\",\"url\":\"https:\/\/fittwear.nl\/wp-content\/uploads\/2023\/06\/ultimate-emerald_Voorkant-boven_jpg_5.jpg\",\"contentUrl\":\"https:\/\/fittwear.nl\/wp-content\/uploads\/2023\/06\/ultimate-emerald_Voorkant-boven_jpg_5.jpg\",\"width\":1200,\"height\":1800},{\"@type\":\"BreadcrumbList\",\"@id\":\"https:\/\/fittwear.nl\/product\/high-neck-top-white\/#breadcrumb\",\"itemListElement\":[{\"@type\":\"ListItem\",\"position\":1,\"name\":\"Home\",\"item\":\"https:\/\/fittwear.nl\/\"},{\"@type\":\"ListItem\",\"position\":2,\"name\":\"Shop\",\"item\":\"https:\/\/fittwear.nl\/shop\/\"},{\"@type\":\"ListItem\",\"position\":3,\"name\":\"High Neck Top White\"}]},{\"@type\":\"WebSite\",\"@id\":\"https:\/\/fittwear.nl\/#website\",\"url\":\"https:\/\/fittwear.nl\/\",\"name\":\"FITTwear.nl\",\"description\":\"Time to shine!\",\"publisher\":{\"@id\":\"https:\/\/fittwear.nl\/#organization\"},\"potentialAction\":[{\"@type\":\"SearchAction\",\"target\":{\"@type\":\"EntryPoint\",\"urlTemplate\":\"https:\/\/fittwear.nl\/?s={search_term_string}\"},\"query-input\":{\"@type\":\"PropertyValueSpecification\",\"valueRequired\":true,\"valueName\":\"search_term_string\"}}],\"inLanguage\":\"de\"},{\"@type\":\"Organization\",\"@id\":\"https:\/\/fittwear.nl\/#organization\",\"name\":\"FITTwear.nl\",\"url\":\"https:\/\/fittwear.nl\/\",\"logo\":{\"@type\":\"ImageObject\",\"inLanguage\":\"de\",\"@id\":\"https:\/\/fittwear.nl\/#\/schema\/logo\/image\/\",\"url\":\"https:\/\/fittwear.nl\/wp-content\/uploads\/2024\/07\/FITT-Logo-BeYOUtiful-website-homepage_Tekengebied-1-scaled.jpg\",\"contentUrl\":\"https:\/\/fittwear.nl\/wp-content\/uploads\/2024\/07\/FITT-Logo-BeYOUtiful-website-homepage_Tekengebied-1-scaled.jpg\",\"width\":2560,\"height\":599,\"caption\":\"FITTwear.nl\"},\"image\":{\"@id\":\"https:\/\/fittwear.nl\/#\/schema\/logo\/image\/\"}}]}<\/script>\n<!-- \/ Yoast SEO plugin. -->","yoast_head_json":{"title":"Hochgeschlossenes Top Wei\u00df - FITTwear.de","description":"Dieses Top ist ein absoluter Favorit in Ihrer Sammlung! Mit seinem dehnbaren und atmungsaktiven Material eignet sich dieses Top f\u00fcr all Ihre Work-outs. Es ist einfach zu kombinieren und kann dank der herausnehmbaren Pads auch ohne BH getragen werden. Es ist schnelltrocknend, atmungsaktiv und bietet zudem einen hohen Tragekomfort. Ein ideales Oberteil!","robots":{"index":"index","follow":"follow","max-snippet":"max-snippet:-1","max-image-preview":"max-image-preview:large","max-video-preview":"max-video-preview:-1"},"canonical":"https:\/\/fittwear.nl\/de\/produkt-2\/hochgeschlossenes-top-weis\/","og_locale":"de_DE","og_type":"article","og_title":"High Neck Top White - FITTwear.nl","og_description":"Deze top is de all-time favourite voor binnen jouw collectie! Door het stretchy en ademende materiaal is deze top inzetbaar voor al jouw work-outs. Hij is gemakkelijk te combineren en ook nog eens goed draagbaar zonder een BH door de uitneembare pads. Sneldrogend, ademend en de top biedt ook nog eens comfort. Ideale top dus!","og_url":"https:\/\/fittwear.nl\/de\/produkt-2\/hochgeschlossenes-top-weis\/","og_site_name":"FITTwear.nl","article_modified_time":"2026-05-07T02:38:57+00:00","og_image":[{"width":1200,"height":1800,"url":"https:\/\/fittwear.nl\/wp-content\/uploads\/2023\/06\/ultimate-emerald_Voorkant-boven_jpg_5.jpg","type":"image\/jpeg"}],"twitter_card":"summary_large_image","twitter_misc":{"Gesch\u00e4tzte Lesezeit":"1\u00a0Minute"},"schema":{"@context":"https:\/\/schema.org","@graph":[{"@type":"WebPage","@id":"https:\/\/fittwear.nl\/product\/high-neck-top-white\/","url":"https:\/\/fittwear.nl\/product\/high-neck-top-white\/","name":"Hochgeschlossenes Top Wei\u00df - FITTwear.de","isPartOf":{"@id":"https:\/\/fittwear.nl\/#website"},"primaryImageOfPage":{"@id":"https:\/\/fittwear.nl\/product\/high-neck-top-white\/#primaryimage"},"image":{"@id":"https:\/\/fittwear.nl\/product\/high-neck-top-white\/#primaryimage"},"thumbnailUrl":"https:\/\/fittwear.nl\/wp-content\/uploads\/2023\/06\/ultimate-emerald_Voorkant-boven_jpg_5.jpg","datePublished":"2023-06-08T15:15:35+00:00","dateModified":"2026-05-07T02:38:57+00:00","description":"Dieses Top ist ein absoluter Favorit in Ihrer Sammlung! Mit seinem dehnbaren und atmungsaktiven Material eignet sich dieses Top f\u00fcr all Ihre Work-outs. Es ist einfach zu kombinieren und kann dank der herausnehmbaren Pads auch ohne BH getragen werden. Es ist schnelltrocknend, atmungsaktiv und bietet zudem einen hohen Tragekomfort. Ein ideales Oberteil!","breadcrumb":{"@id":"https:\/\/fittwear.nl\/product\/high-neck-top-white\/#breadcrumb"},"inLanguage":"de","potentialAction":[{"@type":"ReadAction","target":["https:\/\/fittwear.nl\/product\/high-neck-top-white\/"]}]},{"@type":"ImageObject","inLanguage":"de","@id":"https:\/\/fittwear.nl\/product\/high-neck-top-white\/#primaryimage","url":"https:\/\/fittwear.nl\/wp-content\/uploads\/2023\/06\/ultimate-emerald_Voorkant-boven_jpg_5.jpg","contentUrl":"https:\/\/fittwear.nl\/wp-content\/uploads\/2023\/06\/ultimate-emerald_Voorkant-boven_jpg_5.jpg","width":1200,"height":1800},{"@type":"BreadcrumbList","@id":"https:\/\/fittwear.nl\/product\/high-neck-top-white\/#breadcrumb","itemListElement":[{"@type":"ListItem","position":1,"name":"Home","item":"https:\/\/fittwear.nl\/"},{"@type":"ListItem","position":2,"name":"Shop","item":"https:\/\/fittwear.nl\/shop\/"},{"@type":"ListItem","position":3,"name":"High Neck Top White"}]},{"@type":"WebSite","@id":"https:\/\/fittwear.nl\/#website","url":"https:\/\/fittwear.nl\/","name":"FITTwear.co.uk","description":"Zeit zu gl\u00e4nzen!","publisher":{"@id":"https:\/\/fittwear.nl\/#organization"},"potentialAction":[{"@type":"SearchAction","target":{"@type":"EntryPoint","urlTemplate":"https:\/\/fittwear.nl\/?s={search_term_string}"},"query-input":{"@type":"PropertyValueSpecification","valueRequired":true,"valueName":"search_term_string"}}],"inLanguage":"de"},{"@type":"Organization","@id":"https:\/\/fittwear.nl\/#organization","name":"FITTwear.co.uk","url":"https:\/\/fittwear.nl\/","logo":{"@type":"ImageObject","inLanguage":"de","@id":"https:\/\/fittwear.nl\/#\/schema\/logo\/image\/","url":"https:\/\/fittwear.nl\/wp-content\/uploads\/2024\/07\/FITT-Logo-BeYOUtiful-website-homepage_Tekengebied-1-scaled.jpg","contentUrl":"https:\/\/fittwear.nl\/wp-content\/uploads\/2024\/07\/FITT-Logo-BeYOUtiful-website-homepage_Tekengebied-1-scaled.jpg","width":2560,"height":599,"caption":"FITTwear.nl"},"image":{"@id":"https:\/\/fittwear.nl\/#\/schema\/logo\/image\/"}}]}},"_links":{"self":[{"href":"https:\/\/fittwear.nl\/de\/wp-json\/wp\/v2\/product\/65609","targetHints":{"allow":["GET"]}}],"collection":[{"href":"https:\/\/fittwear.nl\/de\/wp-json\/wp\/v2\/product"}],"about":[{"href":"https:\/\/fittwear.nl\/de\/wp-json\/wp\/v2\/types\/product"}],"wp:featuredmedia":[{"embeddable":true,"href":"https:\/\/fittwear.nl\/de\/wp-json\/wp\/v2\/media\/66337"}],"wp:attachment":[{"href":"https:\/\/fittwear.nl\/de\/wp-json\/wp\/v2\/media?parent=65609"}],"wp:term":[{"taxonomy":"product_brand","embeddable":true,"href":"https:\/\/fittwear.nl\/de\/wp-json\/wp\/v2\/product_brand?post=65609"},{"taxonomy":"product_cat","embeddable":true,"href":"https:\/\/fittwear.nl\/de\/wp-json\/wp\/v2\/product_cat?post=65609"},{"taxonomy":"product_tag","embeddable":true,"href":"https:\/\/fittwear.nl\/de\/wp-json\/wp\/v2\/product_tag?post=65609"}],"curies":[{"name":"wp","href":"https:\/\/api.w.org\/{rel}","templated":true}]}}