{"id":65614,"date":"2023-08-08T16:23:00","date_gmt":"2023-08-08T14:23:00","guid":{"rendered":"https:\/\/fittwear.nl\/?post_type=product&#038;p=65614"},"modified":"2026-04-06T11:45:35","modified_gmt":"2026-04-06T09:45:35","slug":"overall-rippe-einteilig-schwarz","status":"publish","type":"product","link":"https:\/\/fittwear.nl\/de\/product\/jumpsuit-rib-one-piece-black\/","title":{"rendered":"Jumpsuit Rippe Einteiler Schwarz"},"content":{"rendered":"<p>- Trendiger einteiliger Jumpsuit<\/p>\n\n\n\n<p>- Dehnbares Material<\/p>\n\n\n\n<p>- Schlankheitswirkung<\/p>\n\n\n\n<p>- Dehnbare Schultergurte<\/p>\n\n\n\n<p>- Gerippter Stoff<\/p>\n\n\n\n<p>- Abnehmbare Pads<\/p>\n\n\n\n<p>- 87% Nylon, 13% Elasthan<\/p>\n\n\n\n<p>- Farbe: Schwarz<\/p>\n\n\n\n<p>- Bis zu 30 waschbar<\/p>\n\n\n\n<p>- Model Donna ist 1,82 und tr\u00e4gt Gr\u00f6\u00dfe M<\/p>","protected":false},"excerpt":{"rendered":"<p>Trendy, stylisch und bequem in einem! Tragen Sie diesen Einteiler beim Workout oder spielen Sie mit den Trends und stylen Sie ihn mit einem schicken Blazer! Dieser Einteiler kann nicht durchh\u00e4ngen, hat eine schlankmachende Wirkung und ist aus einem dehnbaren und gerippten Stoff gefertigt. Er eignet sich f\u00fcr alle Ihre Aktivit\u00e4ten, wie zum Beispiel eine Wanderung, eine Laufeinheit oder ein Krafttraining. Was kann man sich mehr w\u00fcnschen?<\/p>","protected":false},"featured_media":66306,"template":"","meta":{"_acf_changed":false},"product_brand":[],"product_cat":[4791,4794,4868,4799,63],"product_tag":[],"class_list":{"0":"post-65614","1":"product","2":"type-product","3":"status-publish","4":"has-post-thumbnail","6":"product_cat-city-vibes","7":"product_cat-mindful-movement","8":"product_cat-sportjumpsuits","9":"product_cat-structures","10":"product_cat-curves","12":"first","13":"instock","14":"taxable","15":"shipping-taxable","16":"purchasable","17":"product-type-variable","18":"has-default-attributes"},"acf":[],"yoast_head":"<!-- This site is optimized with the Yoast SEO plugin v27.1.1 - https:\/\/yoast.com\/product\/yoast-seo-wordpress\/ -->\n<title>Jumpsuit Rib One Piece Black - FITTwear.nl<\/title>\n<meta name=\"description\" content=\"Trendy, stylish en comfort in een! Draag deze one piece tijdens jouw work out of speel in op de trends en stijl hem af met een leuke blazer! Deze one piece kan niet afzakken, heeft een slimming effect en is gemaakt van een stretchy en geribde stof. Inzetbaar voor al jouw activiteiten, zoals een hike, hardloopsessie of krachttraining. Wat wil je nog meer?\" \/>\n<meta name=\"robots\" content=\"index, follow, max-snippet:-1, max-image-preview:large, max-video-preview:-1\" \/>\n<link rel=\"canonical\" href=\"https:\/\/fittwear.nl\/de\/produkt-2\/overall-rippe-einteilig-schwarz\/\" \/>\n<meta property=\"og:locale\" content=\"de_DE\" \/>\n<meta property=\"og:type\" content=\"article\" \/>\n<meta property=\"og:title\" content=\"Jumpsuit Rib One Piece Black - FITTwear.nl\" \/>\n<meta property=\"og:description\" content=\"Trendy, stylish en comfort in een! Draag deze one piece tijdens jouw work out of speel in op de trends en stijl hem af met een leuke blazer! Deze one piece kan niet afzakken, heeft een slimming effect en is gemaakt van een stretchy en geribde stof. Inzetbaar voor al jouw activiteiten, zoals een hike, hardloopsessie of krachttraining. Wat wil je nog meer?\" \/>\n<meta property=\"og:url\" content=\"https:\/\/fittwear.nl\/de\/produkt-2\/overall-rippe-einteilig-schwarz\/\" \/>\n<meta property=\"og:site_name\" content=\"FITTwear.nl\" \/>\n<meta property=\"article:modified_time\" content=\"2026-04-06T09:45:35+00:00\" \/>\n<meta property=\"og:image\" content=\"https:\/\/fittwear.nl\/wp-content\/uploads\/2023\/06\/bodysuit-black_Fullbody_jpg_8.jpg\" \/>\n\t<meta property=\"og:image:width\" content=\"1200\" \/>\n\t<meta property=\"og:image:height\" content=\"1800\" \/>\n\t<meta property=\"og:image:type\" content=\"image\/jpeg\" \/>\n<meta name=\"twitter:card\" content=\"summary_large_image\" \/>\n<meta name=\"twitter:label1\" content=\"Gesch\u00e4tzte Lesezeit\" \/>\n\t<meta name=\"twitter:data1\" content=\"1\u00a0Minute\" \/>\n<script type=\"application\/ld+json\" class=\"yoast-schema-graph\">{\"@context\":\"https:\/\/schema.org\",\"@graph\":[{\"@type\":\"WebPage\",\"@id\":\"https:\/\/fittwear.nl\/product\/jumpsuit-rib-one-piece-black\/\",\"url\":\"https:\/\/fittwear.nl\/product\/jumpsuit-rib-one-piece-black\/\",\"name\":\"Jumpsuit Rib One Piece Black - FITTwear.nl\",\"isPartOf\":{\"@id\":\"https:\/\/fittwear.nl\/#website\"},\"primaryImageOfPage\":{\"@id\":\"https:\/\/fittwear.nl\/product\/jumpsuit-rib-one-piece-black\/#primaryimage\"},\"image\":{\"@id\":\"https:\/\/fittwear.nl\/product\/jumpsuit-rib-one-piece-black\/#primaryimage\"},\"thumbnailUrl\":\"https:\/\/fittwear.nl\/wp-content\/uploads\/2023\/06\/bodysuit-black_Fullbody_jpg_8.jpg\",\"datePublished\":\"2023-08-08T14:23:00+00:00\",\"dateModified\":\"2026-04-06T09:45:35+00:00\",\"description\":\"Trendy, stylish en comfort in een! Draag deze one piece tijdens jouw work out of speel in op de trends en stijl hem af met een leuke blazer! Deze one piece kan niet afzakken, heeft een slimming effect en is gemaakt van een stretchy en geribde stof. Inzetbaar voor al jouw activiteiten, zoals een hike, hardloopsessie of krachttraining. Wat wil je nog meer?\",\"breadcrumb\":{\"@id\":\"https:\/\/fittwear.nl\/product\/jumpsuit-rib-one-piece-black\/#breadcrumb\"},\"inLanguage\":\"de\",\"potentialAction\":[{\"@type\":\"ReadAction\",\"target\":[\"https:\/\/fittwear.nl\/product\/jumpsuit-rib-one-piece-black\/\"]}]},{\"@type\":\"ImageObject\",\"inLanguage\":\"de\",\"@id\":\"https:\/\/fittwear.nl\/product\/jumpsuit-rib-one-piece-black\/#primaryimage\",\"url\":\"https:\/\/fittwear.nl\/wp-content\/uploads\/2023\/06\/bodysuit-black_Fullbody_jpg_8.jpg\",\"contentUrl\":\"https:\/\/fittwear.nl\/wp-content\/uploads\/2023\/06\/bodysuit-black_Fullbody_jpg_8.jpg\",\"width\":1200,\"height\":1800},{\"@type\":\"BreadcrumbList\",\"@id\":\"https:\/\/fittwear.nl\/product\/jumpsuit-rib-one-piece-black\/#breadcrumb\",\"itemListElement\":[{\"@type\":\"ListItem\",\"position\":1,\"name\":\"Home\",\"item\":\"https:\/\/fittwear.nl\/\"},{\"@type\":\"ListItem\",\"position\":2,\"name\":\"Shop\",\"item\":\"https:\/\/fittwear.nl\/shop\/\"},{\"@type\":\"ListItem\",\"position\":3,\"name\":\"Jumpsuit Rib One Piece Black\"}]},{\"@type\":\"WebSite\",\"@id\":\"https:\/\/fittwear.nl\/#website\",\"url\":\"https:\/\/fittwear.nl\/\",\"name\":\"FITTwear.nl\",\"description\":\"Time to shine!\",\"publisher\":{\"@id\":\"https:\/\/fittwear.nl\/#organization\"},\"potentialAction\":[{\"@type\":\"SearchAction\",\"target\":{\"@type\":\"EntryPoint\",\"urlTemplate\":\"https:\/\/fittwear.nl\/?s={search_term_string}\"},\"query-input\":{\"@type\":\"PropertyValueSpecification\",\"valueRequired\":true,\"valueName\":\"search_term_string\"}}],\"inLanguage\":\"de\"},{\"@type\":\"Organization\",\"@id\":\"https:\/\/fittwear.nl\/#organization\",\"name\":\"FITTwear.nl\",\"url\":\"https:\/\/fittwear.nl\/\",\"logo\":{\"@type\":\"ImageObject\",\"inLanguage\":\"de\",\"@id\":\"https:\/\/fittwear.nl\/#\/schema\/logo\/image\/\",\"url\":\"https:\/\/fittwear.nl\/wp-content\/uploads\/2024\/07\/FITT-Logo-BeYOUtiful-website-homepage_Tekengebied-1-scaled.jpg\",\"contentUrl\":\"https:\/\/fittwear.nl\/wp-content\/uploads\/2024\/07\/FITT-Logo-BeYOUtiful-website-homepage_Tekengebied-1-scaled.jpg\",\"width\":2560,\"height\":599,\"caption\":\"FITTwear.nl\"},\"image\":{\"@id\":\"https:\/\/fittwear.nl\/#\/schema\/logo\/image\/\"}}]}<\/script>\n<!-- \/ Yoast SEO plugin. -->","yoast_head_json":{"title":"Jumpsuit Rib Einteiler Schwarz - FITTwear.de","description":"Trendy, stylisch und bequem in einem! Tragen Sie diesen Einteiler beim Workout oder spielen Sie mit den Trends und stylen Sie ihn mit einem schicken Blazer! Dieser Einteiler kann nicht durchh\u00e4ngen, hat eine schlankmachende Wirkung und ist aus einem dehnbaren und gerippten Stoff gefertigt. Er eignet sich f\u00fcr alle Ihre Aktivit\u00e4ten, wie zum Beispiel eine Wanderung, eine Laufeinheit oder ein Krafttraining. Was kann man sich mehr w\u00fcnschen?","robots":{"index":"index","follow":"follow","max-snippet":"max-snippet:-1","max-image-preview":"max-image-preview:large","max-video-preview":"max-video-preview:-1"},"canonical":"https:\/\/fittwear.nl\/de\/produkt-2\/overall-rippe-einteilig-schwarz\/","og_locale":"de_DE","og_type":"article","og_title":"Jumpsuit Rib One Piece Black - FITTwear.nl","og_description":"Trendy, stylish en comfort in een! Draag deze one piece tijdens jouw work out of speel in op de trends en stijl hem af met een leuke blazer! Deze one piece kan niet afzakken, heeft een slimming effect en is gemaakt van een stretchy en geribde stof. Inzetbaar voor al jouw activiteiten, zoals een hike, hardloopsessie of krachttraining. Wat wil je nog meer?","og_url":"https:\/\/fittwear.nl\/de\/produkt-2\/overall-rippe-einteilig-schwarz\/","og_site_name":"FITTwear.nl","article_modified_time":"2026-04-06T09:45:35+00:00","og_image":[{"width":1200,"height":1800,"url":"https:\/\/fittwear.nl\/wp-content\/uploads\/2023\/06\/bodysuit-black_Fullbody_jpg_8.jpg","type":"image\/jpeg"}],"twitter_card":"summary_large_image","twitter_misc":{"Gesch\u00e4tzte Lesezeit":"1\u00a0Minute"},"schema":{"@context":"https:\/\/schema.org","@graph":[{"@type":"WebPage","@id":"https:\/\/fittwear.nl\/product\/jumpsuit-rib-one-piece-black\/","url":"https:\/\/fittwear.nl\/product\/jumpsuit-rib-one-piece-black\/","name":"Jumpsuit Rib Einteiler Schwarz - FITTwear.de","isPartOf":{"@id":"https:\/\/fittwear.nl\/#website"},"primaryImageOfPage":{"@id":"https:\/\/fittwear.nl\/product\/jumpsuit-rib-one-piece-black\/#primaryimage"},"image":{"@id":"https:\/\/fittwear.nl\/product\/jumpsuit-rib-one-piece-black\/#primaryimage"},"thumbnailUrl":"https:\/\/fittwear.nl\/wp-content\/uploads\/2023\/06\/bodysuit-black_Fullbody_jpg_8.jpg","datePublished":"2023-08-08T14:23:00+00:00","dateModified":"2026-04-06T09:45:35+00:00","description":"Trendy, stylisch und bequem in einem! Tragen Sie diesen Einteiler beim Workout oder spielen Sie mit den Trends und stylen Sie ihn mit einem schicken Blazer! Dieser Einteiler kann nicht durchh\u00e4ngen, hat eine schlankmachende Wirkung und ist aus einem dehnbaren und gerippten Stoff gefertigt. Er eignet sich f\u00fcr alle Ihre Aktivit\u00e4ten, wie zum Beispiel eine Wanderung, eine Laufeinheit oder ein Krafttraining. Was kann man sich mehr w\u00fcnschen?","breadcrumb":{"@id":"https:\/\/fittwear.nl\/product\/jumpsuit-rib-one-piece-black\/#breadcrumb"},"inLanguage":"de","potentialAction":[{"@type":"ReadAction","target":["https:\/\/fittwear.nl\/product\/jumpsuit-rib-one-piece-black\/"]}]},{"@type":"ImageObject","inLanguage":"de","@id":"https:\/\/fittwear.nl\/product\/jumpsuit-rib-one-piece-black\/#primaryimage","url":"https:\/\/fittwear.nl\/wp-content\/uploads\/2023\/06\/bodysuit-black_Fullbody_jpg_8.jpg","contentUrl":"https:\/\/fittwear.nl\/wp-content\/uploads\/2023\/06\/bodysuit-black_Fullbody_jpg_8.jpg","width":1200,"height":1800},{"@type":"BreadcrumbList","@id":"https:\/\/fittwear.nl\/product\/jumpsuit-rib-one-piece-black\/#breadcrumb","itemListElement":[{"@type":"ListItem","position":1,"name":"Home","item":"https:\/\/fittwear.nl\/"},{"@type":"ListItem","position":2,"name":"Shop","item":"https:\/\/fittwear.nl\/shop\/"},{"@type":"ListItem","position":3,"name":"Jumpsuit Rib One Piece Black"}]},{"@type":"WebSite","@id":"https:\/\/fittwear.nl\/#website","url":"https:\/\/fittwear.nl\/","name":"FITTwear.co.uk","description":"Zeit zu gl\u00e4nzen!","publisher":{"@id":"https:\/\/fittwear.nl\/#organization"},"potentialAction":[{"@type":"SearchAction","target":{"@type":"EntryPoint","urlTemplate":"https:\/\/fittwear.nl\/?s={search_term_string}"},"query-input":{"@type":"PropertyValueSpecification","valueRequired":true,"valueName":"search_term_string"}}],"inLanguage":"de"},{"@type":"Organization","@id":"https:\/\/fittwear.nl\/#organization","name":"FITTwear.co.uk","url":"https:\/\/fittwear.nl\/","logo":{"@type":"ImageObject","inLanguage":"de","@id":"https:\/\/fittwear.nl\/#\/schema\/logo\/image\/","url":"https:\/\/fittwear.nl\/wp-content\/uploads\/2024\/07\/FITT-Logo-BeYOUtiful-website-homepage_Tekengebied-1-scaled.jpg","contentUrl":"https:\/\/fittwear.nl\/wp-content\/uploads\/2024\/07\/FITT-Logo-BeYOUtiful-website-homepage_Tekengebied-1-scaled.jpg","width":2560,"height":599,"caption":"FITTwear.nl"},"image":{"@id":"https:\/\/fittwear.nl\/#\/schema\/logo\/image\/"}}]}},"_links":{"self":[{"href":"https:\/\/fittwear.nl\/de\/wp-json\/wp\/v2\/product\/65614","targetHints":{"allow":["GET"]}}],"collection":[{"href":"https:\/\/fittwear.nl\/de\/wp-json\/wp\/v2\/product"}],"about":[{"href":"https:\/\/fittwear.nl\/de\/wp-json\/wp\/v2\/types\/product"}],"wp:featuredmedia":[{"embeddable":true,"href":"https:\/\/fittwear.nl\/de\/wp-json\/wp\/v2\/media\/66306"}],"wp:attachment":[{"href":"https:\/\/fittwear.nl\/de\/wp-json\/wp\/v2\/media?parent=65614"}],"wp:term":[{"taxonomy":"product_brand","embeddable":true,"href":"https:\/\/fittwear.nl\/de\/wp-json\/wp\/v2\/product_brand?post=65614"},{"taxonomy":"product_cat","embeddable":true,"href":"https:\/\/fittwear.nl\/de\/wp-json\/wp\/v2\/product_cat?post=65614"},{"taxonomy":"product_tag","embeddable":true,"href":"https:\/\/fittwear.nl\/de\/wp-json\/wp\/v2\/product_tag?post=65614"}],"curies":[{"name":"wp","href":"https:\/\/api.w.org\/{rel}","templated":true}]}}