{"id":66278,"date":"2023-06-19T14:03:21","date_gmt":"2023-06-19T12:03:21","guid":{"rendered":"https:\/\/fittwear.nl\/?post_type=product&#038;p=66278"},"modified":"2026-04-27T15:11:21","modified_gmt":"2026-04-27T13:11:21","slug":"retro-socke-kobalt-3-pack","status":"publish","type":"product","link":"https:\/\/fittwear.nl\/de\/product\/retro-socks-kobalt-3-pack\/","title":{"rendered":"Retro Socken Cobalt 3er-Pack"},"content":{"rendered":"<p>-Trendige Unisex-Socken<\/p>\n\n\n\n<p>-nachhaltig<\/p>\n\n\n\n<p>-Athleisure-Stil<\/p>\n\n\n\n<p>-Hervorragend geeignet f\u00fcr \u00dcbungen in<\/p>\n\n\n\n<p>-Komfortabel<\/p>\n\n\n\n<p>-Bleibt gut an Ort und Stelle<\/p>","protected":false},"excerpt":{"rendered":"<p>Mit diesen coolen und nachhaltigen Unisex-Socken von FITT retten Sie das Meer, indem Sie weiche und bequeme Socken kaufen. Denn unsere FITT-Socken werden zum Teil aus alten Fischernetzen hergestellt. Diese so genannten Geisternetze werden aufgegeben oder gehen im Meer verloren. Durch das Wiederauftauchen erhalten die Korallen die Chance, wieder auf dem Grund zu wachsen, Meerestiere bleiben nicht in ihnen stecken und wir vermeiden zus\u00e4tzliches Plastik im Meer. In Zusammenarbeit mit der Initiative Healthy Seas sammeln wir Geisternetze aus dem Meer und verarbeiten sie zu regeneriertem Nylon. Das regenerierte Nylon wird mit 100% GOTS-Bio-Baumwolle kombiniert. So wird aus einer trendigen Socke ein wirksames Mittel, um einfach und schnell einen Beitrag zu einer besseren Welt zu leisten und einem sauberen Meer einen Schritt n\u00e4her zu kommen.<\/p>\n<p>Ihr Tragekomfort ist f\u00fcr uns so wichtig wie die Fische im Meer. Deshalb sind unsere Socken mit einer flachen Zehennaht ausgestattet, damit Sie nicht durch Quetschungen gest\u00f6rt werden. Au\u00dferdem sorgt der breite Saum am oberen Ende daf\u00fcr, dass sie nicht verrutschen.<\/p>","protected":false},"featured_media":67182,"template":"","meta":{"_acf_changed":false},"product_brand":[],"product_cat":[4791,4792,115,113],"product_tag":[4803],"class_list":{"0":"post-66278","1":"product","2":"type-product","3":"status-publish","4":"has-post-thumbnail","6":"product_cat-city-vibes","7":"product_cat-sustainable-collection","8":"product_cat-accessoires","9":"product_cat-duurzaam","10":"product_tag-out-of-stock","12":"first","13":"outofstock","14":"taxable","15":"shipping-taxable","16":"product-type-variable"},"acf":[],"yoast_head":"<!-- This site is optimized with the Yoast SEO plugin v27.1.1 - https:\/\/yoast.com\/product\/yoast-seo-wordpress\/ -->\n<title>Retro Socks Kobalt 3-pack - FITTwear.nl<\/title>\n<meta name=\"description\" content=\"Met deze toffe \u00e9n duurzame unisex FITT sokken red je de zee door zachte en comfortabele sokken te kopen. Onze FITT sokken worden namelijk deels gemaakt van oude visnetten. Deze zogenaamde ghost nets worden achtergelaten of verloren in de oceaan. Door ze op te duiken krijgen koralen weer de kans om op de bodem te groeien, blijven zeedieren er niet in hangen en voorkomen we extra plastic in de oceaan. In samenwerking met het Healthy Seas initiatief halen we ghost nets uit de oceaan en transformeren we dit tot geregenereerd nylon. Het geregenereerde nylon wordt met met 100% biologisch GOTS katoen gecombineerd. Zo verandert een trendy sok in een effectief middel om makkelijk en snel bij te dragen aan een betere wereld en een stap dichterbij een schonere zee.     Jouw draagcomfort is voor ons net zo belangrijk als de vissen in de zee. Daarom zijn onze sokken voorzien van een platte teennaad zodat je geen last hebt van knelpunten. Bovendien zorgt de brede boord aan de bovenkant ervoor dat ze lekker blijven zitten.\" \/>\n<meta name=\"robots\" content=\"index, follow, max-snippet:-1, max-image-preview:large, max-video-preview:-1\" \/>\n<link rel=\"canonical\" href=\"https:\/\/fittwear.nl\/de\/produkt-2\/retro-socke-kobalt-3-pack\/\" \/>\n<meta property=\"og:locale\" content=\"de_DE\" \/>\n<meta property=\"og:type\" content=\"article\" \/>\n<meta property=\"og:title\" content=\"Retro Socks Kobalt 3-pack - FITTwear.nl\" \/>\n<meta property=\"og:description\" content=\"Met deze toffe \u00e9n duurzame unisex FITT sokken red je de zee door zachte en comfortabele sokken te kopen. Onze FITT sokken worden namelijk deels gemaakt van oude visnetten. Deze zogenaamde ghost nets worden achtergelaten of verloren in de oceaan. Door ze op te duiken krijgen koralen weer de kans om op de bodem te groeien, blijven zeedieren er niet in hangen en voorkomen we extra plastic in de oceaan. In samenwerking met het Healthy Seas initiatief halen we ghost nets uit de oceaan en transformeren we dit tot geregenereerd nylon. Het geregenereerde nylon wordt met met 100% biologisch GOTS katoen gecombineerd. Zo verandert een trendy sok in een effectief middel om makkelijk en snel bij te dragen aan een betere wereld en een stap dichterbij een schonere zee.     Jouw draagcomfort is voor ons net zo belangrijk als de vissen in de zee. Daarom zijn onze sokken voorzien van een platte teennaad zodat je geen last hebt van knelpunten. Bovendien zorgt de brede boord aan de bovenkant ervoor dat ze lekker blijven zitten.\" \/>\n<meta property=\"og:url\" content=\"https:\/\/fittwear.nl\/de\/produkt-2\/retro-socke-kobalt-3-pack\/\" \/>\n<meta property=\"og:site_name\" content=\"FITTwear.nl\" \/>\n<meta property=\"article:modified_time\" content=\"2026-04-27T13:11:21+00:00\" \/>\n<meta property=\"og:image\" content=\"https:\/\/fittwear.nl\/wp-content\/uploads\/2023\/06\/high-neck-blauw-plus-sokken_Voorkant-onder_jpg_1.jpg\" \/>\n\t<meta property=\"og:image:width\" content=\"1200\" \/>\n\t<meta property=\"og:image:height\" content=\"1800\" \/>\n\t<meta property=\"og:image:type\" content=\"image\/jpeg\" \/>\n<meta name=\"twitter:card\" content=\"summary_large_image\" \/>\n<meta name=\"twitter:label1\" content=\"Gesch\u00e4tzte Lesezeit\" \/>\n\t<meta name=\"twitter:data1\" content=\"1\u00a0Minute\" \/>\n<script type=\"application\/ld+json\" class=\"yoast-schema-graph\">{\"@context\":\"https:\/\/schema.org\",\"@graph\":[{\"@type\":\"WebPage\",\"@id\":\"https:\/\/fittwear.nl\/product\/retro-socks-kobalt-3-pack\/\",\"url\":\"https:\/\/fittwear.nl\/product\/retro-socks-kobalt-3-pack\/\",\"name\":\"Retro Socks Kobalt 3-pack - FITTwear.nl\",\"isPartOf\":{\"@id\":\"https:\/\/fittwear.nl\/#website\"},\"primaryImageOfPage\":{\"@id\":\"https:\/\/fittwear.nl\/product\/retro-socks-kobalt-3-pack\/#primaryimage\"},\"image\":{\"@id\":\"https:\/\/fittwear.nl\/product\/retro-socks-kobalt-3-pack\/#primaryimage\"},\"thumbnailUrl\":\"https:\/\/fittwear.nl\/wp-content\/uploads\/2023\/06\/high-neck-blauw-plus-sokken_Voorkant-onder_jpg_1.jpg\",\"datePublished\":\"2023-06-19T12:03:21+00:00\",\"dateModified\":\"2026-04-27T13:11:21+00:00\",\"description\":\"Met deze toffe \u00e9n duurzame unisex FITT sokken red je de zee door zachte en comfortabele sokken te kopen. Onze FITT sokken worden namelijk deels gemaakt van oude visnetten. Deze zogenaamde ghost nets worden achtergelaten of verloren in de oceaan. Door ze op te duiken krijgen koralen weer de kans om op de bodem te groeien, blijven zeedieren er niet in hangen en voorkomen we extra plastic in de oceaan. In samenwerking met het Healthy Seas initiatief halen we ghost nets uit de oceaan en transformeren we dit tot geregenereerd nylon. Het geregenereerde nylon wordt met met 100% biologisch GOTS katoen gecombineerd. Zo verandert een trendy sok in een effectief middel om makkelijk en snel bij te dragen aan een betere wereld en een stap dichterbij een schonere zee. Jouw draagcomfort is voor ons net zo belangrijk als de vissen in de zee. Daarom zijn onze sokken voorzien van een platte teennaad zodat je geen last hebt van knelpunten. Bovendien zorgt de brede boord aan de bovenkant ervoor dat ze lekker blijven zitten.\",\"breadcrumb\":{\"@id\":\"https:\/\/fittwear.nl\/product\/retro-socks-kobalt-3-pack\/#breadcrumb\"},\"inLanguage\":\"de\",\"potentialAction\":[{\"@type\":\"ReadAction\",\"target\":[\"https:\/\/fittwear.nl\/product\/retro-socks-kobalt-3-pack\/\"]}]},{\"@type\":\"ImageObject\",\"inLanguage\":\"de\",\"@id\":\"https:\/\/fittwear.nl\/product\/retro-socks-kobalt-3-pack\/#primaryimage\",\"url\":\"https:\/\/fittwear.nl\/wp-content\/uploads\/2023\/06\/high-neck-blauw-plus-sokken_Voorkant-onder_jpg_1.jpg\",\"contentUrl\":\"https:\/\/fittwear.nl\/wp-content\/uploads\/2023\/06\/high-neck-blauw-plus-sokken_Voorkant-onder_jpg_1.jpg\",\"width\":1200,\"height\":1800},{\"@type\":\"BreadcrumbList\",\"@id\":\"https:\/\/fittwear.nl\/product\/retro-socks-kobalt-3-pack\/#breadcrumb\",\"itemListElement\":[{\"@type\":\"ListItem\",\"position\":1,\"name\":\"Home\",\"item\":\"https:\/\/fittwear.nl\/\"},{\"@type\":\"ListItem\",\"position\":2,\"name\":\"Shop\",\"item\":\"https:\/\/fittwear.nl\/shop\/\"},{\"@type\":\"ListItem\",\"position\":3,\"name\":\"Retro Socks Kobalt 3-pack\"}]},{\"@type\":\"WebSite\",\"@id\":\"https:\/\/fittwear.nl\/#website\",\"url\":\"https:\/\/fittwear.nl\/\",\"name\":\"FITTwear.nl\",\"description\":\"Time to shine!\",\"publisher\":{\"@id\":\"https:\/\/fittwear.nl\/#organization\"},\"potentialAction\":[{\"@type\":\"SearchAction\",\"target\":{\"@type\":\"EntryPoint\",\"urlTemplate\":\"https:\/\/fittwear.nl\/?s={search_term_string}\"},\"query-input\":{\"@type\":\"PropertyValueSpecification\",\"valueRequired\":true,\"valueName\":\"search_term_string\"}}],\"inLanguage\":\"de\"},{\"@type\":\"Organization\",\"@id\":\"https:\/\/fittwear.nl\/#organization\",\"name\":\"FITTwear.nl\",\"url\":\"https:\/\/fittwear.nl\/\",\"logo\":{\"@type\":\"ImageObject\",\"inLanguage\":\"de\",\"@id\":\"https:\/\/fittwear.nl\/#\/schema\/logo\/image\/\",\"url\":\"https:\/\/fittwear.nl\/wp-content\/uploads\/2024\/07\/FITT-Logo-BeYOUtiful-website-homepage_Tekengebied-1-scaled.jpg\",\"contentUrl\":\"https:\/\/fittwear.nl\/wp-content\/uploads\/2024\/07\/FITT-Logo-BeYOUtiful-website-homepage_Tekengebied-1-scaled.jpg\",\"width\":2560,\"height\":599,\"caption\":\"FITTwear.nl\"},\"image\":{\"@id\":\"https:\/\/fittwear.nl\/#\/schema\/logo\/image\/\"}}]}<\/script>\n<!-- \/ Yoast SEO plugin. -->","yoast_head_json":{"title":"Retro Socken Cobalt 3er-Pack - FITTwear.de","description":"Mit diesen coolen und nachhaltigen Unisex-FITT-Socken retten Sie das Meer, indem Sie weiche und bequeme Socken kaufen. Denn unsere FITT-Socken werden teilweise aus alten Fischernetzen hergestellt. Diese so genannten Geisternetze werden aufgegeben oder gehen im Meer verloren. Indem wir sie wieder auftauchen lassen, erhalten Korallen die Chance, wieder auf dem Meeresboden zu wachsen, Meerestiere bleiben nicht in ihnen stecken und wir vermeiden zus\u00e4tzliches Plastik im Meer. In Zusammenarbeit mit der Initiative Healthy Seas sammeln wir Geisternetze aus dem Meer ein und wandeln sie in regeneriertes Nylon um. Das regenerierte Nylon wird mit 100% GOTS-Bio-Baumwolle kombiniert. So wird aus einer trendigen Socke ein wirksames Mittel, um einfach und schnell einen Beitrag zu einer besseren Welt und einem saubereren Meer zu leisten.     Ihr Tragekomfort ist uns genauso wichtig wie die Fische im Meer. Deshalb sind unsere Socken mit einer flachen Zehennaht ausgestattet, damit Sie nicht unter Druckstellen leiden. Au\u00dferdem sorgt der breite Saum am oberen Ende daf\u00fcr, dass die Socken nicht verrutschen.","robots":{"index":"index","follow":"follow","max-snippet":"max-snippet:-1","max-image-preview":"max-image-preview:large","max-video-preview":"max-video-preview:-1"},"canonical":"https:\/\/fittwear.nl\/de\/produkt-2\/retro-socke-kobalt-3-pack\/","og_locale":"de_DE","og_type":"article","og_title":"Retro Socks Kobalt 3-pack - FITTwear.nl","og_description":"Met deze toffe \u00e9n duurzame unisex FITT sokken red je de zee door zachte en comfortabele sokken te kopen. Onze FITT sokken worden namelijk deels gemaakt van oude visnetten. Deze zogenaamde ghost nets worden achtergelaten of verloren in de oceaan. Door ze op te duiken krijgen koralen weer de kans om op de bodem te groeien, blijven zeedieren er niet in hangen en voorkomen we extra plastic in de oceaan. In samenwerking met het Healthy Seas initiatief halen we ghost nets uit de oceaan en transformeren we dit tot geregenereerd nylon. Het geregenereerde nylon wordt met met 100% biologisch GOTS katoen gecombineerd. Zo verandert een trendy sok in een effectief middel om makkelijk en snel bij te dragen aan een betere wereld en een stap dichterbij een schonere zee.     Jouw draagcomfort is voor ons net zo belangrijk als de vissen in de zee. Daarom zijn onze sokken voorzien van een platte teennaad zodat je geen last hebt van knelpunten. Bovendien zorgt de brede boord aan de bovenkant ervoor dat ze lekker blijven zitten.","og_url":"https:\/\/fittwear.nl\/de\/produkt-2\/retro-socke-kobalt-3-pack\/","og_site_name":"FITTwear.nl","article_modified_time":"2026-04-27T13:11:21+00:00","og_image":[{"width":1200,"height":1800,"url":"https:\/\/fittwear.nl\/wp-content\/uploads\/2023\/06\/high-neck-blauw-plus-sokken_Voorkant-onder_jpg_1.jpg","type":"image\/jpeg"}],"twitter_card":"summary_large_image","twitter_misc":{"Gesch\u00e4tzte Lesezeit":"1\u00a0Minute"},"schema":{"@context":"https:\/\/schema.org","@graph":[{"@type":"WebPage","@id":"https:\/\/fittwear.nl\/product\/retro-socks-kobalt-3-pack\/","url":"https:\/\/fittwear.nl\/product\/retro-socks-kobalt-3-pack\/","name":"Retro Socken Cobalt 3er-Pack - FITTwear.de","isPartOf":{"@id":"https:\/\/fittwear.nl\/#website"},"primaryImageOfPage":{"@id":"https:\/\/fittwear.nl\/product\/retro-socks-kobalt-3-pack\/#primaryimage"},"image":{"@id":"https:\/\/fittwear.nl\/product\/retro-socks-kobalt-3-pack\/#primaryimage"},"thumbnailUrl":"https:\/\/fittwear.nl\/wp-content\/uploads\/2023\/06\/high-neck-blauw-plus-sokken_Voorkant-onder_jpg_1.jpg","datePublished":"2023-06-19T12:03:21+00:00","dateModified":"2026-04-27T13:11:21+00:00","description":"Mit diesen coolen und nachhaltigen Unisex-Socken von FITT retten Sie das Meer, indem Sie weiche und bequeme Socken kaufen. Denn unsere FITT-Socken werden teilweise aus alten Fischernetzen hergestellt. Diese so genannten Geisternetze werden aufgegeben oder gehen im Meer verloren. Durch das Wiederauftauchen erhalten die Korallen die Chance, wieder auf dem Grund zu wachsen, Meerestiere bleiben nicht in ihnen stecken und wir vermeiden zus\u00e4tzliches Plastik im Meer. In Zusammenarbeit mit der Initiative Healthy Seas sammeln wir Geisternetze aus dem Meer und verarbeiten sie zu regeneriertem Nylon. Das regenerierte Nylon wird mit 100% GOTS-Bio-Baumwolle kombiniert. So wird aus einer trendigen Socke ein wirksames Mittel, um einfach und schnell einen Beitrag zu einer besseren Welt zu leisten und einem sauberen Meer einen Schritt n\u00e4her zu kommen. Ihr Tragekomfort ist f\u00fcr uns so wichtig wie die Fische im Meer. Deshalb sind unsere Socken mit einer flachen Zehennaht ausgestattet, damit Sie nicht durch Quetschungen gest\u00f6rt werden. Der breite Saum am oberen Ende sorgt au\u00dferdem daf\u00fcr, dass sie nicht verrutschen.","breadcrumb":{"@id":"https:\/\/fittwear.nl\/product\/retro-socks-kobalt-3-pack\/#breadcrumb"},"inLanguage":"de","potentialAction":[{"@type":"ReadAction","target":["https:\/\/fittwear.nl\/product\/retro-socks-kobalt-3-pack\/"]}]},{"@type":"ImageObject","inLanguage":"de","@id":"https:\/\/fittwear.nl\/product\/retro-socks-kobalt-3-pack\/#primaryimage","url":"https:\/\/fittwear.nl\/wp-content\/uploads\/2023\/06\/high-neck-blauw-plus-sokken_Voorkant-onder_jpg_1.jpg","contentUrl":"https:\/\/fittwear.nl\/wp-content\/uploads\/2023\/06\/high-neck-blauw-plus-sokken_Voorkant-onder_jpg_1.jpg","width":1200,"height":1800},{"@type":"BreadcrumbList","@id":"https:\/\/fittwear.nl\/product\/retro-socks-kobalt-3-pack\/#breadcrumb","itemListElement":[{"@type":"ListItem","position":1,"name":"Home","item":"https:\/\/fittwear.nl\/"},{"@type":"ListItem","position":2,"name":"Shop","item":"https:\/\/fittwear.nl\/shop\/"},{"@type":"ListItem","position":3,"name":"Retro Socks Kobalt 3-pack"}]},{"@type":"WebSite","@id":"https:\/\/fittwear.nl\/#website","url":"https:\/\/fittwear.nl\/","name":"FITTwear.co.uk","description":"Zeit zu gl\u00e4nzen!","publisher":{"@id":"https:\/\/fittwear.nl\/#organization"},"potentialAction":[{"@type":"SearchAction","target":{"@type":"EntryPoint","urlTemplate":"https:\/\/fittwear.nl\/?s={search_term_string}"},"query-input":{"@type":"PropertyValueSpecification","valueRequired":true,"valueName":"search_term_string"}}],"inLanguage":"de"},{"@type":"Organization","@id":"https:\/\/fittwear.nl\/#organization","name":"FITTwear.co.uk","url":"https:\/\/fittwear.nl\/","logo":{"@type":"ImageObject","inLanguage":"de","@id":"https:\/\/fittwear.nl\/#\/schema\/logo\/image\/","url":"https:\/\/fittwear.nl\/wp-content\/uploads\/2024\/07\/FITT-Logo-BeYOUtiful-website-homepage_Tekengebied-1-scaled.jpg","contentUrl":"https:\/\/fittwear.nl\/wp-content\/uploads\/2024\/07\/FITT-Logo-BeYOUtiful-website-homepage_Tekengebied-1-scaled.jpg","width":2560,"height":599,"caption":"FITTwear.nl"},"image":{"@id":"https:\/\/fittwear.nl\/#\/schema\/logo\/image\/"}}]}},"_links":{"self":[{"href":"https:\/\/fittwear.nl\/de\/wp-json\/wp\/v2\/product\/66278","targetHints":{"allow":["GET"]}}],"collection":[{"href":"https:\/\/fittwear.nl\/de\/wp-json\/wp\/v2\/product"}],"about":[{"href":"https:\/\/fittwear.nl\/de\/wp-json\/wp\/v2\/types\/product"}],"wp:featuredmedia":[{"embeddable":true,"href":"https:\/\/fittwear.nl\/de\/wp-json\/wp\/v2\/media\/67182"}],"wp:attachment":[{"href":"https:\/\/fittwear.nl\/de\/wp-json\/wp\/v2\/media?parent=66278"}],"wp:term":[{"taxonomy":"product_brand","embeddable":true,"href":"https:\/\/fittwear.nl\/de\/wp-json\/wp\/v2\/product_brand?post=66278"},{"taxonomy":"product_cat","embeddable":true,"href":"https:\/\/fittwear.nl\/de\/wp-json\/wp\/v2\/product_cat?post=66278"},{"taxonomy":"product_tag","embeddable":true,"href":"https:\/\/fittwear.nl\/de\/wp-json\/wp\/v2\/product_tag?post=66278"}],"curies":[{"name":"wp","href":"https:\/\/api.w.org\/{rel}","templated":true}]}}