{"id":67436,"date":"2023-06-22T14:51:51","date_gmt":"2023-06-22T12:51:51","guid":{"rendered":"https:\/\/fittwear.nl\/?post_type=product&#038;p=67436"},"modified":"2026-04-07T13:01:16","modified_gmt":"2026-04-07T11:01:16","slug":"freizeit-crop-shirt-kornblume","status":"publish","type":"product","link":"https:\/\/fittwear.nl\/de\/product\/athleisure-crop-t-shirt-cornflower\/","title":{"rendered":"Athleisure Crop T-shirt Kornblume"},"content":{"rendered":"<p>- Crop-T-Shirt kurzarm<\/p>\n\n\n\n<p>- Athleisure-Kleidungsst\u00fcck<\/p>\n\n\n\n<p>- Garantierte Freiz\u00fcgigkeit<\/p>\n\n\n\n<p>- 150 g\/m\u00b2<\/p>\n\n\n\n<p>- 90% Baumwolle, 10% Viskose<\/p>\n\n\n\n<p>- Waschbar bis zu 40\u00b0<\/p>\n\n\n\n<p>&#8211; Kleur: Cornflower<\/p>\n\n\n\n<p>&#8211; Met opdruk FITT<\/p>\n\n\n\n<p>&#8211; Model Donna is 1.82m en draagt maat S<\/p>","protected":false},"excerpt":{"rendered":"<p>Ein einfaches Athleisure-Top ist ein echtes Must-Have, um Ihr Sportoutfit zu vervollst\u00e4ndigen. Dieses nudefarbene Athleisure-Crop-Top gibt dir viel Bewegungsfreiheit und h\u00e4lt dich beim Workout k\u00fchl. F\u00fcr den ultimativen Athleisure-Look l\u00e4sst es sich auch prima mit Jogginghosen kombinieren. Erh\u00e4ltlich in verschiedenen Farben!<\/p>","protected":false},"featured_media":67553,"template":"","meta":{"_acf_changed":false},"product_brand":[],"product_cat":[4812,79,81,78],"product_tag":[],"class_list":{"0":"post-67436","1":"product","2":"type-product","3":"status-publish","4":"has-post-thumbnail","6":"product_cat-forever-favorites-categorie","7":"product_cat-tanktops-dames","8":"product_cat-crop-tops","9":"product_cat-t-shirts-dames","11":"first","12":"instock","13":"taxable","14":"shipping-taxable","15":"purchasable","16":"product-type-variable","17":"has-default-attributes"},"acf":[],"yoast_head":"<!-- This site is optimized with the Yoast SEO plugin v27.1.1 - https:\/\/yoast.com\/product\/yoast-seo-wordpress\/ -->\n<title>Athleisure Crop T-shirt Cornflower - FITTwear.nl<\/title>\n<meta name=\"description\" content=\"Een basic sport top is een echt musthave om jouw sport outfit compleet te maken. Deze nude athleisure crop top zorgt voor veel bewegingsvrijheid en zorgt dat je lekker koel blijft tijdens het trainen. Ook leuk te combineren met sweatpants voor die ultieme athleisure look. Verkrijgbaar in meerdere kleuren!\" \/>\n<meta name=\"robots\" content=\"index, follow, max-snippet:-1, max-image-preview:large, max-video-preview:-1\" \/>\n<link rel=\"canonical\" href=\"https:\/\/fittwear.nl\/de\/produkt-2\/freizeit-crop-shirt-kornblume\/\" \/>\n<meta property=\"og:locale\" content=\"de_DE\" \/>\n<meta property=\"og:type\" content=\"article\" \/>\n<meta property=\"og:title\" content=\"Athleisure Crop T-shirt Cornflower - FITTwear.nl\" \/>\n<meta property=\"og:description\" content=\"Een basic sport top is een echt musthave om jouw sport outfit compleet te maken. Deze nude athleisure crop top zorgt voor veel bewegingsvrijheid en zorgt dat je lekker koel blijft tijdens het trainen. Ook leuk te combineren met sweatpants voor die ultieme athleisure look. Verkrijgbaar in meerdere kleuren!\" \/>\n<meta property=\"og:url\" content=\"https:\/\/fittwear.nl\/de\/produkt-2\/freizeit-crop-shirt-kornblume\/\" \/>\n<meta property=\"og:site_name\" content=\"FITTwear.nl\" \/>\n<meta property=\"article:modified_time\" content=\"2026-04-07T11:01:16+00:00\" \/>\n<meta property=\"og:image\" content=\"https:\/\/fittwear.nl\/wp-content\/uploads\/2023\/06\/body-met-rop_Fullbody_jpg_17.jpg\" \/>\n\t<meta property=\"og:image:width\" content=\"1200\" \/>\n\t<meta property=\"og:image:height\" content=\"1800\" \/>\n\t<meta property=\"og:image:type\" content=\"image\/jpeg\" \/>\n<meta name=\"twitter:card\" content=\"summary_large_image\" \/>\n<meta name=\"twitter:label1\" content=\"Gesch\u00e4tzte Lesezeit\" \/>\n\t<meta name=\"twitter:data1\" content=\"1\u00a0Minute\" \/>\n<script type=\"application\/ld+json\" class=\"yoast-schema-graph\">{\"@context\":\"https:\/\/schema.org\",\"@graph\":[{\"@type\":\"WebPage\",\"@id\":\"https:\/\/fittwear.nl\/product\/athleisure-crop-t-shirt-cornflower\/\",\"url\":\"https:\/\/fittwear.nl\/product\/athleisure-crop-t-shirt-cornflower\/\",\"name\":\"Athleisure Crop T-shirt Cornflower - FITTwear.nl\",\"isPartOf\":{\"@id\":\"https:\/\/fittwear.nl\/#website\"},\"primaryImageOfPage\":{\"@id\":\"https:\/\/fittwear.nl\/product\/athleisure-crop-t-shirt-cornflower\/#primaryimage\"},\"image\":{\"@id\":\"https:\/\/fittwear.nl\/product\/athleisure-crop-t-shirt-cornflower\/#primaryimage\"},\"thumbnailUrl\":\"https:\/\/fittwear.nl\/wp-content\/uploads\/2023\/06\/body-met-rop_Fullbody_jpg_17.jpg\",\"datePublished\":\"2023-06-22T12:51:51+00:00\",\"dateModified\":\"2026-04-07T11:01:16+00:00\",\"description\":\"Een basic sport top is een echt musthave om jouw sport outfit compleet te maken. Deze nude athleisure crop top zorgt voor veel bewegingsvrijheid en zorgt dat je lekker koel blijft tijdens het trainen. Ook leuk te combineren met sweatpants voor die ultieme athleisure look. Verkrijgbaar in meerdere kleuren!\",\"breadcrumb\":{\"@id\":\"https:\/\/fittwear.nl\/product\/athleisure-crop-t-shirt-cornflower\/#breadcrumb\"},\"inLanguage\":\"de\",\"potentialAction\":[{\"@type\":\"ReadAction\",\"target\":[\"https:\/\/fittwear.nl\/product\/athleisure-crop-t-shirt-cornflower\/\"]}]},{\"@type\":\"ImageObject\",\"inLanguage\":\"de\",\"@id\":\"https:\/\/fittwear.nl\/product\/athleisure-crop-t-shirt-cornflower\/#primaryimage\",\"url\":\"https:\/\/fittwear.nl\/wp-content\/uploads\/2023\/06\/body-met-rop_Fullbody_jpg_17.jpg\",\"contentUrl\":\"https:\/\/fittwear.nl\/wp-content\/uploads\/2023\/06\/body-met-rop_Fullbody_jpg_17.jpg\",\"width\":1200,\"height\":1800},{\"@type\":\"BreadcrumbList\",\"@id\":\"https:\/\/fittwear.nl\/product\/athleisure-crop-t-shirt-cornflower\/#breadcrumb\",\"itemListElement\":[{\"@type\":\"ListItem\",\"position\":1,\"name\":\"Home\",\"item\":\"https:\/\/fittwear.nl\/\"},{\"@type\":\"ListItem\",\"position\":2,\"name\":\"Shop\",\"item\":\"https:\/\/fittwear.nl\/shop\/\"},{\"@type\":\"ListItem\",\"position\":3,\"name\":\"Athleisure Crop T-shirt Cornflower\"}]},{\"@type\":\"WebSite\",\"@id\":\"https:\/\/fittwear.nl\/#website\",\"url\":\"https:\/\/fittwear.nl\/\",\"name\":\"FITTwear.nl\",\"description\":\"Time to shine!\",\"publisher\":{\"@id\":\"https:\/\/fittwear.nl\/#organization\"},\"potentialAction\":[{\"@type\":\"SearchAction\",\"target\":{\"@type\":\"EntryPoint\",\"urlTemplate\":\"https:\/\/fittwear.nl\/?s={search_term_string}\"},\"query-input\":{\"@type\":\"PropertyValueSpecification\",\"valueRequired\":true,\"valueName\":\"search_term_string\"}}],\"inLanguage\":\"de\"},{\"@type\":\"Organization\",\"@id\":\"https:\/\/fittwear.nl\/#organization\",\"name\":\"FITTwear.nl\",\"url\":\"https:\/\/fittwear.nl\/\",\"logo\":{\"@type\":\"ImageObject\",\"inLanguage\":\"de\",\"@id\":\"https:\/\/fittwear.nl\/#\/schema\/logo\/image\/\",\"url\":\"https:\/\/fittwear.nl\/wp-content\/uploads\/2024\/07\/FITT-Logo-BeYOUtiful-website-homepage_Tekengebied-1-scaled.jpg\",\"contentUrl\":\"https:\/\/fittwear.nl\/wp-content\/uploads\/2024\/07\/FITT-Logo-BeYOUtiful-website-homepage_Tekengebied-1-scaled.jpg\",\"width\":2560,\"height\":599,\"caption\":\"FITTwear.nl\"},\"image\":{\"@id\":\"https:\/\/fittwear.nl\/#\/schema\/logo\/image\/\"}}]}<\/script>\n<!-- \/ Yoast SEO plugin. -->","yoast_head_json":{"title":"Athleisure Crop T-shirt Cornflower - FITTwear.de","description":"Ein einfaches Athleisure-Top ist ein echtes Must-Have, um Ihr Sportoutfit zu vervollst\u00e4ndigen. Dieses nudefarbene Athleisure-Crop-Top gibt dir viel Bewegungsfreiheit und h\u00e4lt dich beim Workout k\u00fchl. F\u00fcr den ultimativen Athleisure-Look l\u00e4sst es sich auch prima mit Jogginghosen kombinieren. Erh\u00e4ltlich in verschiedenen Farben!","robots":{"index":"index","follow":"follow","max-snippet":"max-snippet:-1","max-image-preview":"max-image-preview:large","max-video-preview":"max-video-preview:-1"},"canonical":"https:\/\/fittwear.nl\/de\/produkt-2\/freizeit-crop-shirt-kornblume\/","og_locale":"de_DE","og_type":"article","og_title":"Athleisure Crop T-shirt Cornflower - FITTwear.nl","og_description":"Een basic sport top is een echt musthave om jouw sport outfit compleet te maken. Deze nude athleisure crop top zorgt voor veel bewegingsvrijheid en zorgt dat je lekker koel blijft tijdens het trainen. Ook leuk te combineren met sweatpants voor die ultieme athleisure look. Verkrijgbaar in meerdere kleuren!","og_url":"https:\/\/fittwear.nl\/de\/produkt-2\/freizeit-crop-shirt-kornblume\/","og_site_name":"FITTwear.nl","article_modified_time":"2026-04-07T11:01:16+00:00","og_image":[{"width":1200,"height":1800,"url":"https:\/\/fittwear.nl\/wp-content\/uploads\/2023\/06\/body-met-rop_Fullbody_jpg_17.jpg","type":"image\/jpeg"}],"twitter_card":"summary_large_image","twitter_misc":{"Gesch\u00e4tzte Lesezeit":"1\u00a0Minute"},"schema":{"@context":"https:\/\/schema.org","@graph":[{"@type":"WebPage","@id":"https:\/\/fittwear.nl\/product\/athleisure-crop-t-shirt-cornflower\/","url":"https:\/\/fittwear.nl\/product\/athleisure-crop-t-shirt-cornflower\/","name":"Athleisure Crop T-shirt Cornflower - FITTwear.de","isPartOf":{"@id":"https:\/\/fittwear.nl\/#website"},"primaryImageOfPage":{"@id":"https:\/\/fittwear.nl\/product\/athleisure-crop-t-shirt-cornflower\/#primaryimage"},"image":{"@id":"https:\/\/fittwear.nl\/product\/athleisure-crop-t-shirt-cornflower\/#primaryimage"},"thumbnailUrl":"https:\/\/fittwear.nl\/wp-content\/uploads\/2023\/06\/body-met-rop_Fullbody_jpg_17.jpg","datePublished":"2023-06-22T12:51:51+00:00","dateModified":"2026-04-07T11:01:16+00:00","description":"Ein einfaches Athleisure-Top ist ein echtes Must-Have, um Ihr Sportoutfit zu vervollst\u00e4ndigen. Dieses nudefarbene Athleisure-Crop-Top gibt dir viel Bewegungsfreiheit und h\u00e4lt dich beim Workout k\u00fchl. F\u00fcr den ultimativen Athleisure-Look l\u00e4sst es sich auch prima mit Jogginghosen kombinieren. Erh\u00e4ltlich in verschiedenen Farben!","breadcrumb":{"@id":"https:\/\/fittwear.nl\/product\/athleisure-crop-t-shirt-cornflower\/#breadcrumb"},"inLanguage":"de","potentialAction":[{"@type":"ReadAction","target":["https:\/\/fittwear.nl\/product\/athleisure-crop-t-shirt-cornflower\/"]}]},{"@type":"ImageObject","inLanguage":"de","@id":"https:\/\/fittwear.nl\/product\/athleisure-crop-t-shirt-cornflower\/#primaryimage","url":"https:\/\/fittwear.nl\/wp-content\/uploads\/2023\/06\/body-met-rop_Fullbody_jpg_17.jpg","contentUrl":"https:\/\/fittwear.nl\/wp-content\/uploads\/2023\/06\/body-met-rop_Fullbody_jpg_17.jpg","width":1200,"height":1800},{"@type":"BreadcrumbList","@id":"https:\/\/fittwear.nl\/product\/athleisure-crop-t-shirt-cornflower\/#breadcrumb","itemListElement":[{"@type":"ListItem","position":1,"name":"Home","item":"https:\/\/fittwear.nl\/"},{"@type":"ListItem","position":2,"name":"Shop","item":"https:\/\/fittwear.nl\/shop\/"},{"@type":"ListItem","position":3,"name":"Athleisure Crop T-shirt Cornflower"}]},{"@type":"WebSite","@id":"https:\/\/fittwear.nl\/#website","url":"https:\/\/fittwear.nl\/","name":"FITTwear.co.uk","description":"Zeit zu gl\u00e4nzen!","publisher":{"@id":"https:\/\/fittwear.nl\/#organization"},"potentialAction":[{"@type":"SearchAction","target":{"@type":"EntryPoint","urlTemplate":"https:\/\/fittwear.nl\/?s={search_term_string}"},"query-input":{"@type":"PropertyValueSpecification","valueRequired":true,"valueName":"search_term_string"}}],"inLanguage":"de"},{"@type":"Organization","@id":"https:\/\/fittwear.nl\/#organization","name":"FITTwear.co.uk","url":"https:\/\/fittwear.nl\/","logo":{"@type":"ImageObject","inLanguage":"de","@id":"https:\/\/fittwear.nl\/#\/schema\/logo\/image\/","url":"https:\/\/fittwear.nl\/wp-content\/uploads\/2024\/07\/FITT-Logo-BeYOUtiful-website-homepage_Tekengebied-1-scaled.jpg","contentUrl":"https:\/\/fittwear.nl\/wp-content\/uploads\/2024\/07\/FITT-Logo-BeYOUtiful-website-homepage_Tekengebied-1-scaled.jpg","width":2560,"height":599,"caption":"FITTwear.nl"},"image":{"@id":"https:\/\/fittwear.nl\/#\/schema\/logo\/image\/"}}]}},"_links":{"self":[{"href":"https:\/\/fittwear.nl\/de\/wp-json\/wp\/v2\/product\/67436","targetHints":{"allow":["GET"]}}],"collection":[{"href":"https:\/\/fittwear.nl\/de\/wp-json\/wp\/v2\/product"}],"about":[{"href":"https:\/\/fittwear.nl\/de\/wp-json\/wp\/v2\/types\/product"}],"wp:featuredmedia":[{"embeddable":true,"href":"https:\/\/fittwear.nl\/de\/wp-json\/wp\/v2\/media\/67553"}],"wp:attachment":[{"href":"https:\/\/fittwear.nl\/de\/wp-json\/wp\/v2\/media?parent=67436"}],"wp:term":[{"taxonomy":"product_brand","embeddable":true,"href":"https:\/\/fittwear.nl\/de\/wp-json\/wp\/v2\/product_brand?post=67436"},{"taxonomy":"product_cat","embeddable":true,"href":"https:\/\/fittwear.nl\/de\/wp-json\/wp\/v2\/product_cat?post=67436"},{"taxonomy":"product_tag","embeddable":true,"href":"https:\/\/fittwear.nl\/de\/wp-json\/wp\/v2\/product_tag?post=67436"}],"curies":[{"name":"wp","href":"https:\/\/api.w.org\/{rel}","templated":true}]}}