{"id":6895,"date":"2021-01-28T13:39:06","date_gmt":"2021-01-28T12:39:06","guid":{"rendered":"https:\/\/fittwear.nl\/?post_type=product&#038;p=6895"},"modified":"2026-04-16T00:55:21","modified_gmt":"2026-04-15T22:55:21","slug":"tapferer-top-kiwi","status":"publish","type":"product","link":"https:\/\/fittwear.nl\/de\/product\/brave-top-kiwi\/","title":{"rendered":"Tapfere Top-Kiwi"},"content":{"rendered":"<p>- Trendiges Sporttop<\/p>\n<p>- All-time-Favorit<\/p>\n<p>- Abnehmbare Pads<\/p>\n<p>- Kann ohne BH getragen werden<\/p>\n<p>- Atmungsaktivit\u00e4t<\/p>\n<p>- Schnell trocknendes Gewebe<\/p>\n<p>- 100% Polyester<\/p>\n<p>- Farbe: kiwi<\/p>\n<p>- Model Doete ist 1,82 und tr\u00e4gt Gr\u00f6\u00dfe M<\/p>","protected":false},"excerpt":{"rendered":"<p>Ein allzeit beliebtes Sportoberteil. Einfach mit allem zu kombinieren! Hoher Tragekomfort dank des angenehmen Materials mit atmungsaktiven und schnell trocknenden Eigenschaften. Dank der Polster kann dieses Oberteil auch ohne Sport-BH getragen werden.<\/p>\n<p><strong>Model donna ist 1.82 und tr\u00e4gt Gr\u00f6\u00dfe M<\/strong><\/p>","protected":false},"featured_media":16407,"template":"","meta":{"_acf_changed":false},"product_brand":[],"product_cat":[27,52,88,79,61,63],"product_tag":[4803],"class_list":{"0":"post-6895","1":"product","2":"type-product","3":"status-publish","4":"has-post-thumbnail","6":"product_cat-dames","7":"product_cat-sport-bhs","8":"product_cat-effen-sport-bhs","9":"product_cat-tanktops-dames","10":"product_cat-shoppen-op-stijl","11":"product_cat-curves","12":"product_tag-out-of-stock","14":"first","15":"outofstock","16":"taxable","17":"shipping-taxable","18":"product-type-variable"},"acf":[],"yoast_head":"<!-- This site is optimized with the Yoast SEO plugin v27.1.1 - https:\/\/yoast.com\/product\/yoast-seo-wordpress\/ -->\n<title>Brave Top kiwi - Dames Sport Tops - FITTwear.nl<\/title>\n<meta name=\"description\" content=\"Een all time favourite sport top. Gemakkelijk bij alles te combineren! Een enorm prettig draagcomfort dankzij de aangename stof met een ademend en sneldrogend vermogen. Dankzij de pads is deze top prima zonder sport BH te dragen.  Model donna is 1.82 en draagt maat M\" \/>\n<meta name=\"robots\" content=\"index, follow, max-snippet:-1, max-image-preview:large, max-video-preview:-1\" \/>\n<link rel=\"canonical\" href=\"https:\/\/fittwear.nl\/de\/produkt-2\/tapferer-top-kiwi\/\" \/>\n<meta property=\"og:locale\" content=\"de_DE\" \/>\n<meta property=\"og:type\" content=\"article\" \/>\n<meta property=\"og:title\" content=\"Brave Top kiwi - Dames Sport Tops - FITTwear.nl\" \/>\n<meta property=\"og:description\" content=\"Een all time favourite sport top. Gemakkelijk bij alles te combineren! Een enorm prettig draagcomfort dankzij de aangename stof met een ademend en sneldrogend vermogen. Dankzij de pads is deze top prima zonder sport BH te dragen.  Model donna is 1.82 en draagt maat M\" \/>\n<meta property=\"og:url\" content=\"https:\/\/fittwear.nl\/de\/produkt-2\/tapferer-top-kiwi\/\" \/>\n<meta property=\"og:site_name\" content=\"FITTwear.nl\" \/>\n<meta property=\"article:modified_time\" content=\"2026-04-15T22:55:21+00:00\" \/>\n<meta property=\"og:image\" content=\"https:\/\/fittwear.nl\/wp-content\/uploads\/2021\/01\/high-waist-kiwi_P210413105709_Bovenkant-voor_jpg_3-1-1.jpg\" \/>\n\t<meta property=\"og:image:width\" content=\"1096\" \/>\n\t<meta property=\"og:image:height\" content=\"1644\" \/>\n\t<meta property=\"og:image:type\" content=\"image\/jpeg\" \/>\n<meta name=\"twitter:card\" content=\"summary_large_image\" \/>\n<meta name=\"twitter:label1\" content=\"Gesch\u00e4tzte Lesezeit\" \/>\n\t<meta name=\"twitter:data1\" content=\"1\u00a0Minute\" \/>\n<script type=\"application\/ld+json\" class=\"yoast-schema-graph\">{\"@context\":\"https:\/\/schema.org\",\"@graph\":[{\"@type\":\"WebPage\",\"@id\":\"https:\/\/fittwear.nl\/product\/brave-top-kiwi\/\",\"url\":\"https:\/\/fittwear.nl\/product\/brave-top-kiwi\/\",\"name\":\"Brave Top kiwi - Dames Sport Tops - FITTwear.nl\",\"isPartOf\":{\"@id\":\"https:\/\/fittwear.nl\/#website\"},\"primaryImageOfPage\":{\"@id\":\"https:\/\/fittwear.nl\/product\/brave-top-kiwi\/#primaryimage\"},\"image\":{\"@id\":\"https:\/\/fittwear.nl\/product\/brave-top-kiwi\/#primaryimage\"},\"thumbnailUrl\":\"https:\/\/fittwear.nl\/wp-content\/uploads\/2021\/01\/high-waist-kiwi_P210413105709_Bovenkant-voor_jpg_3-1-1.jpg\",\"datePublished\":\"2021-01-28T12:39:06+00:00\",\"dateModified\":\"2026-04-15T22:55:21+00:00\",\"description\":\"Een all time favourite sport top. Gemakkelijk bij alles te combineren! Een enorm prettig draagcomfort dankzij de aangename stof met een ademend en sneldrogend vermogen. Dankzij de pads is deze top prima zonder sport BH te dragen. Model donna is 1.82 en draagt maat M\",\"breadcrumb\":{\"@id\":\"https:\/\/fittwear.nl\/product\/brave-top-kiwi\/#breadcrumb\"},\"inLanguage\":\"de\",\"potentialAction\":[{\"@type\":\"ReadAction\",\"target\":[\"https:\/\/fittwear.nl\/product\/brave-top-kiwi\/\"]}]},{\"@type\":\"ImageObject\",\"inLanguage\":\"de\",\"@id\":\"https:\/\/fittwear.nl\/product\/brave-top-kiwi\/#primaryimage\",\"url\":\"https:\/\/fittwear.nl\/wp-content\/uploads\/2021\/01\/high-waist-kiwi_P210413105709_Bovenkant-voor_jpg_3-1-1.jpg\",\"contentUrl\":\"https:\/\/fittwear.nl\/wp-content\/uploads\/2021\/01\/high-waist-kiwi_P210413105709_Bovenkant-voor_jpg_3-1-1.jpg\",\"width\":1096,\"height\":1644,\"caption\":\"Brave Top kiwi\"},{\"@type\":\"BreadcrumbList\",\"@id\":\"https:\/\/fittwear.nl\/product\/brave-top-kiwi\/#breadcrumb\",\"itemListElement\":[{\"@type\":\"ListItem\",\"position\":1,\"name\":\"Home\",\"item\":\"https:\/\/fittwear.nl\/\"},{\"@type\":\"ListItem\",\"position\":2,\"name\":\"Shop\",\"item\":\"https:\/\/fittwear.nl\/shop\/\"},{\"@type\":\"ListItem\",\"position\":3,\"name\":\"Brave Top kiwi\"}]},{\"@type\":\"WebSite\",\"@id\":\"https:\/\/fittwear.nl\/#website\",\"url\":\"https:\/\/fittwear.nl\/\",\"name\":\"FITTwear.nl\",\"description\":\"Time to shine!\",\"publisher\":{\"@id\":\"https:\/\/fittwear.nl\/#organization\"},\"potentialAction\":[{\"@type\":\"SearchAction\",\"target\":{\"@type\":\"EntryPoint\",\"urlTemplate\":\"https:\/\/fittwear.nl\/?s={search_term_string}\"},\"query-input\":{\"@type\":\"PropertyValueSpecification\",\"valueRequired\":true,\"valueName\":\"search_term_string\"}}],\"inLanguage\":\"de\"},{\"@type\":\"Organization\",\"@id\":\"https:\/\/fittwear.nl\/#organization\",\"name\":\"FITTwear.nl\",\"url\":\"https:\/\/fittwear.nl\/\",\"logo\":{\"@type\":\"ImageObject\",\"inLanguage\":\"de\",\"@id\":\"https:\/\/fittwear.nl\/#\/schema\/logo\/image\/\",\"url\":\"https:\/\/fittwear.nl\/wp-content\/uploads\/2024\/07\/FITT-Logo-BeYOUtiful-website-homepage_Tekengebied-1-scaled.jpg\",\"contentUrl\":\"https:\/\/fittwear.nl\/wp-content\/uploads\/2024\/07\/FITT-Logo-BeYOUtiful-website-homepage_Tekengebied-1-scaled.jpg\",\"width\":2560,\"height\":599,\"caption\":\"FITTwear.nl\"},\"image\":{\"@id\":\"https:\/\/fittwear.nl\/#\/schema\/logo\/image\/\"}}]}<\/script>\n<!-- \/ Yoast SEO plugin. -->","yoast_head_json":{"title":"Brave Top kiwi - Damen Sport Oberteile - FITTwear.nl","description":"Ein allzeit beliebtes Sportoberteil. Einfach mit allem zu kombinieren! Hoher Tragekomfort dank des angenehmen, atmungsaktiven und schnell trocknenden Materials. Dank der Polster kann dieses Top auch ohne Sport-BH getragen werden.  Model donna ist 1.82 und tr\u00e4gt Gr\u00f6\u00dfe M","robots":{"index":"index","follow":"follow","max-snippet":"max-snippet:-1","max-image-preview":"max-image-preview:large","max-video-preview":"max-video-preview:-1"},"canonical":"https:\/\/fittwear.nl\/de\/produkt-2\/tapferer-top-kiwi\/","og_locale":"de_DE","og_type":"article","og_title":"Brave Top kiwi - Dames Sport Tops - FITTwear.nl","og_description":"Een all time favourite sport top. Gemakkelijk bij alles te combineren! Een enorm prettig draagcomfort dankzij de aangename stof met een ademend en sneldrogend vermogen. Dankzij de pads is deze top prima zonder sport BH te dragen.  Model donna is 1.82 en draagt maat M","og_url":"https:\/\/fittwear.nl\/de\/produkt-2\/tapferer-top-kiwi\/","og_site_name":"FITTwear.nl","article_modified_time":"2026-04-15T22:55:21+00:00","og_image":[{"width":1096,"height":1644,"url":"https:\/\/fittwear.nl\/wp-content\/uploads\/2021\/01\/high-waist-kiwi_P210413105709_Bovenkant-voor_jpg_3-1-1.jpg","type":"image\/jpeg"}],"twitter_card":"summary_large_image","twitter_misc":{"Gesch\u00e4tzte Lesezeit":"1\u00a0Minute"},"schema":{"@context":"https:\/\/schema.org","@graph":[{"@type":"WebPage","@id":"https:\/\/fittwear.nl\/product\/brave-top-kiwi\/","url":"https:\/\/fittwear.nl\/product\/brave-top-kiwi\/","name":"Brave Top kiwi - Damen Sport Oberteile - FITTwear.nl","isPartOf":{"@id":"https:\/\/fittwear.nl\/#website"},"primaryImageOfPage":{"@id":"https:\/\/fittwear.nl\/product\/brave-top-kiwi\/#primaryimage"},"image":{"@id":"https:\/\/fittwear.nl\/product\/brave-top-kiwi\/#primaryimage"},"thumbnailUrl":"https:\/\/fittwear.nl\/wp-content\/uploads\/2021\/01\/high-waist-kiwi_P210413105709_Bovenkant-voor_jpg_3-1-1.jpg","datePublished":"2021-01-28T12:39:06+00:00","dateModified":"2026-04-15T22:55:21+00:00","description":"Ein allzeit beliebtes Sportoberteil. Einfach mit allem zu kombinieren! Hoher Tragekomfort dank des angenehmen, atmungsaktiven und schnell trocknenden Materials. Dank der Polster kann dieses Top auch ohne Sport-BH getragen werden. Model donna ist 1.82 und tr\u00e4gt Gr\u00f6\u00dfe M","breadcrumb":{"@id":"https:\/\/fittwear.nl\/product\/brave-top-kiwi\/#breadcrumb"},"inLanguage":"de","potentialAction":[{"@type":"ReadAction","target":["https:\/\/fittwear.nl\/product\/brave-top-kiwi\/"]}]},{"@type":"ImageObject","inLanguage":"de","@id":"https:\/\/fittwear.nl\/product\/brave-top-kiwi\/#primaryimage","url":"https:\/\/fittwear.nl\/wp-content\/uploads\/2021\/01\/high-waist-kiwi_P210413105709_Bovenkant-voor_jpg_3-1-1.jpg","contentUrl":"https:\/\/fittwear.nl\/wp-content\/uploads\/2021\/01\/high-waist-kiwi_P210413105709_Bovenkant-voor_jpg_3-1-1.jpg","width":1096,"height":1644,"caption":"Brave Top kiwi"},{"@type":"BreadcrumbList","@id":"https:\/\/fittwear.nl\/product\/brave-top-kiwi\/#breadcrumb","itemListElement":[{"@type":"ListItem","position":1,"name":"Home","item":"https:\/\/fittwear.nl\/"},{"@type":"ListItem","position":2,"name":"Shop","item":"https:\/\/fittwear.nl\/shop\/"},{"@type":"ListItem","position":3,"name":"Brave Top kiwi"}]},{"@type":"WebSite","@id":"https:\/\/fittwear.nl\/#website","url":"https:\/\/fittwear.nl\/","name":"FITTwear.co.uk","description":"Zeit zu gl\u00e4nzen!","publisher":{"@id":"https:\/\/fittwear.nl\/#organization"},"potentialAction":[{"@type":"SearchAction","target":{"@type":"EntryPoint","urlTemplate":"https:\/\/fittwear.nl\/?s={search_term_string}"},"query-input":{"@type":"PropertyValueSpecification","valueRequired":true,"valueName":"search_term_string"}}],"inLanguage":"de"},{"@type":"Organization","@id":"https:\/\/fittwear.nl\/#organization","name":"FITTwear.co.uk","url":"https:\/\/fittwear.nl\/","logo":{"@type":"ImageObject","inLanguage":"de","@id":"https:\/\/fittwear.nl\/#\/schema\/logo\/image\/","url":"https:\/\/fittwear.nl\/wp-content\/uploads\/2024\/07\/FITT-Logo-BeYOUtiful-website-homepage_Tekengebied-1-scaled.jpg","contentUrl":"https:\/\/fittwear.nl\/wp-content\/uploads\/2024\/07\/FITT-Logo-BeYOUtiful-website-homepage_Tekengebied-1-scaled.jpg","width":2560,"height":599,"caption":"FITTwear.nl"},"image":{"@id":"https:\/\/fittwear.nl\/#\/schema\/logo\/image\/"}}]}},"_links":{"self":[{"href":"https:\/\/fittwear.nl\/de\/wp-json\/wp\/v2\/product\/6895","targetHints":{"allow":["GET"]}}],"collection":[{"href":"https:\/\/fittwear.nl\/de\/wp-json\/wp\/v2\/product"}],"about":[{"href":"https:\/\/fittwear.nl\/de\/wp-json\/wp\/v2\/types\/product"}],"wp:featuredmedia":[{"embeddable":true,"href":"https:\/\/fittwear.nl\/de\/wp-json\/wp\/v2\/media\/16407"}],"wp:attachment":[{"href":"https:\/\/fittwear.nl\/de\/wp-json\/wp\/v2\/media?parent=6895"}],"wp:term":[{"taxonomy":"product_brand","embeddable":true,"href":"https:\/\/fittwear.nl\/de\/wp-json\/wp\/v2\/product_brand?post=6895"},{"taxonomy":"product_cat","embeddable":true,"href":"https:\/\/fittwear.nl\/de\/wp-json\/wp\/v2\/product_cat?post=6895"},{"taxonomy":"product_tag","embeddable":true,"href":"https:\/\/fittwear.nl\/de\/wp-json\/wp\/v2\/product_tag?post=6895"}],"curies":[{"name":"wp","href":"https:\/\/api.w.org\/{rel}","templated":true}]}}