{"id":6911,"date":"2021-01-28T14:00:00","date_gmt":"2021-01-28T13:00:00","guid":{"rendered":"https:\/\/fittwear.nl\/?post_type=product&#038;p=6911"},"modified":"2026-04-16T00:55:36","modified_gmt":"2026-04-15T22:55:36","slug":"tapfer-oben-helllila","status":"publish","type":"product","link":"https:\/\/fittwear.nl\/de\/product\/brave-top-lightpurple\/","title":{"rendered":"Brave Top Hellviolett"},"content":{"rendered":"<p>- Trendiges Sporttop<\/p>\n<p>- Favorit aller Zeiten<\/p>\n<p>- Abnehmbare Pads<\/p>\n<p>- Kann ohne BH getragen werden<\/p>\n<p>- Atmungsaktivit\u00e4t<\/p>\n<p>- Schnell trocknendes Gewebe<\/p>\n<p>- 100% Polyester<\/p>\n<p>- Farbe: Hellviolett<\/p>\n<p>- Model Doete ist 1,76 und tr\u00e4gt Gr\u00f6\u00dfe S<\/p>","protected":false},"excerpt":{"rendered":"<p>Ein allzeit beliebtes Sportoberteil. Einfach mit allem zu kombinieren! Hoher Tragekomfort dank des angenehmen Materials mit atmungsaktiven und schnell trocknenden Eigenschaften. Dank der Polster kann dieses Oberteil auch ohne Sport-BH getragen werden.<\/p>\n<p><strong>Model Doete ist 1,76 und tr\u00e4gt Gr\u00f6\u00dfe S<\/strong><\/p>","protected":false},"featured_media":6921,"template":"","meta":{"_acf_changed":false},"product_brand":[],"product_cat":[4836,4812,27,79,61],"product_tag":[102],"class_list":{"0":"post-6911","1":"product","2":"type-product","3":"status-publish","4":"has-post-thumbnail","6":"product_cat-sleeveless-tanktops-dames","7":"product_cat-forever-favorites-categorie","8":"product_cat-dames","9":"product_cat-tanktops-dames","10":"product_cat-shoppen-op-stijl","11":"product_tag-sport-bh-effen","13":"first","14":"instock","15":"taxable","16":"shipping-taxable","17":"purchasable","18":"product-type-variable","19":"has-default-attributes"},"acf":[],"yoast_head":"<!-- This site is optimized with the Yoast SEO plugin v27.1.1 - https:\/\/yoast.com\/product\/yoast-seo-wordpress\/ -->\n<title>Brave Top Light Purple - Dames Sport Tops - FITTwear.nl<\/title>\n<meta name=\"description\" content=\"Een all time favourite sport top. Gemakkelijk bij alles te combineren! Een enorm prettig draagcomfort dankzij de aangename stof met een ademend en sneldrogend vermogen. Dankzij de pads is deze top prima zonder sport BH te dragen.  model doete is 1.76 en draagt maat S\" \/>\n<meta name=\"robots\" content=\"index, follow, max-snippet:-1, max-image-preview:large, max-video-preview:-1\" \/>\n<link rel=\"canonical\" href=\"https:\/\/fittwear.nl\/de\/produkt-2\/tapfer-oben-helllila\/\" \/>\n<meta property=\"og:locale\" content=\"de_DE\" \/>\n<meta property=\"og:type\" content=\"article\" \/>\n<meta property=\"og:title\" content=\"Brave Top Light Purple - Dames Sport Tops - FITTwear.nl\" \/>\n<meta property=\"og:description\" content=\"Een all time favourite sport top. Gemakkelijk bij alles te combineren! Een enorm prettig draagcomfort dankzij de aangename stof met een ademend en sneldrogend vermogen. Dankzij de pads is deze top prima zonder sport BH te dragen.  model doete is 1.76 en draagt maat S\" \/>\n<meta property=\"og:url\" content=\"https:\/\/fittwear.nl\/de\/produkt-2\/tapfer-oben-helllila\/\" \/>\n<meta property=\"og:site_name\" content=\"FITTwear.nl\" \/>\n<meta property=\"article:modified_time\" content=\"2026-04-15T22:55:36+00:00\" \/>\n<meta property=\"og:image\" content=\"https:\/\/fittwear.nl\/wp-content\/uploads\/2021\/01\/lila-set-nieuw_Voorkant-boven_jpg_3-1.jpg\" \/>\n\t<meta property=\"og:image:width\" content=\"946\" \/>\n\t<meta property=\"og:image:height\" content=\"1420\" \/>\n\t<meta property=\"og:image:type\" content=\"image\/jpeg\" \/>\n<meta name=\"twitter:card\" content=\"summary_large_image\" \/>\n<meta name=\"twitter:label1\" content=\"Gesch\u00e4tzte Lesezeit\" \/>\n\t<meta name=\"twitter:data1\" content=\"1\u00a0Minute\" \/>\n<script type=\"application\/ld+json\" class=\"yoast-schema-graph\">{\"@context\":\"https:\/\/schema.org\",\"@graph\":[{\"@type\":\"WebPage\",\"@id\":\"https:\/\/fittwear.nl\/product\/brave-top-lightpurple\/\",\"url\":\"https:\/\/fittwear.nl\/product\/brave-top-lightpurple\/\",\"name\":\"Brave Top Light Purple - Dames Sport Tops - FITTwear.nl\",\"isPartOf\":{\"@id\":\"https:\/\/fittwear.nl\/#website\"},\"primaryImageOfPage\":{\"@id\":\"https:\/\/fittwear.nl\/product\/brave-top-lightpurple\/#primaryimage\"},\"image\":{\"@id\":\"https:\/\/fittwear.nl\/product\/brave-top-lightpurple\/#primaryimage\"},\"thumbnailUrl\":\"https:\/\/fittwear.nl\/wp-content\/uploads\/2021\/01\/lila-set-nieuw_Voorkant-boven_jpg_3-1.jpg\",\"datePublished\":\"2021-01-28T13:00:00+00:00\",\"dateModified\":\"2026-04-15T22:55:36+00:00\",\"description\":\"Een all time favourite sport top. Gemakkelijk bij alles te combineren! Een enorm prettig draagcomfort dankzij de aangename stof met een ademend en sneldrogend vermogen. Dankzij de pads is deze top prima zonder sport BH te dragen. model doete is 1.76 en draagt maat S\",\"breadcrumb\":{\"@id\":\"https:\/\/fittwear.nl\/product\/brave-top-lightpurple\/#breadcrumb\"},\"inLanguage\":\"de\",\"potentialAction\":[{\"@type\":\"ReadAction\",\"target\":[\"https:\/\/fittwear.nl\/product\/brave-top-lightpurple\/\"]}]},{\"@type\":\"ImageObject\",\"inLanguage\":\"de\",\"@id\":\"https:\/\/fittwear.nl\/product\/brave-top-lightpurple\/#primaryimage\",\"url\":\"https:\/\/fittwear.nl\/wp-content\/uploads\/2021\/01\/lila-set-nieuw_Voorkant-boven_jpg_3-1.jpg\",\"contentUrl\":\"https:\/\/fittwear.nl\/wp-content\/uploads\/2021\/01\/lila-set-nieuw_Voorkant-boven_jpg_3-1.jpg\",\"width\":946,\"height\":1420},{\"@type\":\"BreadcrumbList\",\"@id\":\"https:\/\/fittwear.nl\/product\/brave-top-lightpurple\/#breadcrumb\",\"itemListElement\":[{\"@type\":\"ListItem\",\"position\":1,\"name\":\"Home\",\"item\":\"https:\/\/fittwear.nl\/\"},{\"@type\":\"ListItem\",\"position\":2,\"name\":\"Shop\",\"item\":\"https:\/\/fittwear.nl\/shop\/\"},{\"@type\":\"ListItem\",\"position\":3,\"name\":\"Brave Top Light Purple\"}]},{\"@type\":\"WebSite\",\"@id\":\"https:\/\/fittwear.nl\/#website\",\"url\":\"https:\/\/fittwear.nl\/\",\"name\":\"FITTwear.nl\",\"description\":\"Time to shine!\",\"publisher\":{\"@id\":\"https:\/\/fittwear.nl\/#organization\"},\"potentialAction\":[{\"@type\":\"SearchAction\",\"target\":{\"@type\":\"EntryPoint\",\"urlTemplate\":\"https:\/\/fittwear.nl\/?s={search_term_string}\"},\"query-input\":{\"@type\":\"PropertyValueSpecification\",\"valueRequired\":true,\"valueName\":\"search_term_string\"}}],\"inLanguage\":\"de\"},{\"@type\":\"Organization\",\"@id\":\"https:\/\/fittwear.nl\/#organization\",\"name\":\"FITTwear.nl\",\"url\":\"https:\/\/fittwear.nl\/\",\"logo\":{\"@type\":\"ImageObject\",\"inLanguage\":\"de\",\"@id\":\"https:\/\/fittwear.nl\/#\/schema\/logo\/image\/\",\"url\":\"https:\/\/fittwear.nl\/wp-content\/uploads\/2024\/07\/FITT-Logo-BeYOUtiful-website-homepage_Tekengebied-1-scaled.jpg\",\"contentUrl\":\"https:\/\/fittwear.nl\/wp-content\/uploads\/2024\/07\/FITT-Logo-BeYOUtiful-website-homepage_Tekengebied-1-scaled.jpg\",\"width\":2560,\"height\":599,\"caption\":\"FITTwear.nl\"},\"image\":{\"@id\":\"https:\/\/fittwear.nl\/#\/schema\/logo\/image\/\"}}]}<\/script>\n<!-- \/ Yoast SEO plugin. -->","yoast_head_json":{"title":"Brave Top Light Purple - Women's Sports Tops - FITTwear.de","description":"Ein allzeit beliebtes Sportoberteil. Einfach mit allem zu kombinieren! Hoher Tragekomfort dank des angenehmen, atmungsaktiven und schnell trocknenden Materials. Dank der Polster kann dieses Top auch ohne Sport-BH getragen werden. Model Doete ist 1,76 gro\u00df und tr\u00e4gt Gr\u00f6\u00dfe S","robots":{"index":"index","follow":"follow","max-snippet":"max-snippet:-1","max-image-preview":"max-image-preview:large","max-video-preview":"max-video-preview:-1"},"canonical":"https:\/\/fittwear.nl\/de\/produkt-2\/tapfer-oben-helllila\/","og_locale":"de_DE","og_type":"article","og_title":"Brave Top Light Purple - Dames Sport Tops - FITTwear.nl","og_description":"Een all time favourite sport top. Gemakkelijk bij alles te combineren! Een enorm prettig draagcomfort dankzij de aangename stof met een ademend en sneldrogend vermogen. Dankzij de pads is deze top prima zonder sport BH te dragen.  model doete is 1.76 en draagt maat S","og_url":"https:\/\/fittwear.nl\/de\/produkt-2\/tapfer-oben-helllila\/","og_site_name":"FITTwear.nl","article_modified_time":"2026-04-15T22:55:36+00:00","og_image":[{"width":946,"height":1420,"url":"https:\/\/fittwear.nl\/wp-content\/uploads\/2021\/01\/lila-set-nieuw_Voorkant-boven_jpg_3-1.jpg","type":"image\/jpeg"}],"twitter_card":"summary_large_image","twitter_misc":{"Gesch\u00e4tzte Lesezeit":"1\u00a0Minute"},"schema":{"@context":"https:\/\/schema.org","@graph":[{"@type":"WebPage","@id":"https:\/\/fittwear.nl\/product\/brave-top-lightpurple\/","url":"https:\/\/fittwear.nl\/product\/brave-top-lightpurple\/","name":"Brave Top Light Purple - Women's Sports Tops - FITTwear.de","isPartOf":{"@id":"https:\/\/fittwear.nl\/#website"},"primaryImageOfPage":{"@id":"https:\/\/fittwear.nl\/product\/brave-top-lightpurple\/#primaryimage"},"image":{"@id":"https:\/\/fittwear.nl\/product\/brave-top-lightpurple\/#primaryimage"},"thumbnailUrl":"https:\/\/fittwear.nl\/wp-content\/uploads\/2021\/01\/lila-set-nieuw_Voorkant-boven_jpg_3-1.jpg","datePublished":"2021-01-28T13:00:00+00:00","dateModified":"2026-04-15T22:55:36+00:00","description":"Ein allzeit beliebtes Sportoberteil. Einfach mit allem zu kombinieren! Hoher Tragekomfort dank des angenehmen, atmungsaktiven und schnell trocknenden Materials. Dank der Polster kann dieses Top auch ohne Sport-BH getragen werden. Model Doete ist 1,76 gro\u00df und tr\u00e4gt Gr\u00f6\u00dfe S","breadcrumb":{"@id":"https:\/\/fittwear.nl\/product\/brave-top-lightpurple\/#breadcrumb"},"inLanguage":"de","potentialAction":[{"@type":"ReadAction","target":["https:\/\/fittwear.nl\/product\/brave-top-lightpurple\/"]}]},{"@type":"ImageObject","inLanguage":"de","@id":"https:\/\/fittwear.nl\/product\/brave-top-lightpurple\/#primaryimage","url":"https:\/\/fittwear.nl\/wp-content\/uploads\/2021\/01\/lila-set-nieuw_Voorkant-boven_jpg_3-1.jpg","contentUrl":"https:\/\/fittwear.nl\/wp-content\/uploads\/2021\/01\/lila-set-nieuw_Voorkant-boven_jpg_3-1.jpg","width":946,"height":1420},{"@type":"BreadcrumbList","@id":"https:\/\/fittwear.nl\/product\/brave-top-lightpurple\/#breadcrumb","itemListElement":[{"@type":"ListItem","position":1,"name":"Home","item":"https:\/\/fittwear.nl\/"},{"@type":"ListItem","position":2,"name":"Shop","item":"https:\/\/fittwear.nl\/shop\/"},{"@type":"ListItem","position":3,"name":"Brave Top Light Purple"}]},{"@type":"WebSite","@id":"https:\/\/fittwear.nl\/#website","url":"https:\/\/fittwear.nl\/","name":"FITTwear.co.uk","description":"Zeit zu gl\u00e4nzen!","publisher":{"@id":"https:\/\/fittwear.nl\/#organization"},"potentialAction":[{"@type":"SearchAction","target":{"@type":"EntryPoint","urlTemplate":"https:\/\/fittwear.nl\/?s={search_term_string}"},"query-input":{"@type":"PropertyValueSpecification","valueRequired":true,"valueName":"search_term_string"}}],"inLanguage":"de"},{"@type":"Organization","@id":"https:\/\/fittwear.nl\/#organization","name":"FITTwear.co.uk","url":"https:\/\/fittwear.nl\/","logo":{"@type":"ImageObject","inLanguage":"de","@id":"https:\/\/fittwear.nl\/#\/schema\/logo\/image\/","url":"https:\/\/fittwear.nl\/wp-content\/uploads\/2024\/07\/FITT-Logo-BeYOUtiful-website-homepage_Tekengebied-1-scaled.jpg","contentUrl":"https:\/\/fittwear.nl\/wp-content\/uploads\/2024\/07\/FITT-Logo-BeYOUtiful-website-homepage_Tekengebied-1-scaled.jpg","width":2560,"height":599,"caption":"FITTwear.nl"},"image":{"@id":"https:\/\/fittwear.nl\/#\/schema\/logo\/image\/"}}]}},"_links":{"self":[{"href":"https:\/\/fittwear.nl\/de\/wp-json\/wp\/v2\/product\/6911","targetHints":{"allow":["GET"]}}],"collection":[{"href":"https:\/\/fittwear.nl\/de\/wp-json\/wp\/v2\/product"}],"about":[{"href":"https:\/\/fittwear.nl\/de\/wp-json\/wp\/v2\/types\/product"}],"wp:featuredmedia":[{"embeddable":true,"href":"https:\/\/fittwear.nl\/de\/wp-json\/wp\/v2\/media\/6921"}],"wp:attachment":[{"href":"https:\/\/fittwear.nl\/de\/wp-json\/wp\/v2\/media?parent=6911"}],"wp:term":[{"taxonomy":"product_brand","embeddable":true,"href":"https:\/\/fittwear.nl\/de\/wp-json\/wp\/v2\/product_brand?post=6911"},{"taxonomy":"product_cat","embeddable":true,"href":"https:\/\/fittwear.nl\/de\/wp-json\/wp\/v2\/product_cat?post=6911"},{"taxonomy":"product_tag","embeddable":true,"href":"https:\/\/fittwear.nl\/de\/wp-json\/wp\/v2\/product_tag?post=6911"}],"curies":[{"name":"wp","href":"https:\/\/api.w.org\/{rel}","templated":true}]}}