{"id":69630,"date":"2023-07-18T15:51:45","date_gmt":"2023-07-18T13:51:45","guid":{"rendered":"https:\/\/fittwear.nl\/?post_type=product&#038;p=69630"},"modified":"2026-04-17T01:23:13","modified_gmt":"2026-04-16T23:23:13","slug":"ultimativ-top-schwarz","status":"publish","type":"product","link":"https:\/\/fittwear.nl\/de\/product\/ultimate-top-black\/","title":{"rendered":"Ultimate Top Schwarz"},"content":{"rendered":"<p>- Dehnbarer Stoff<\/p>\n\n\n\n<p>- Breites Band unter der B\u00fcste<\/p>\n\n\n\n<p>- Abnehmbare Pads<\/p>\n\n\n\n<p>- Stabile und elegante Schultergurte<\/p>\n\n\n\n<p>- Gedrucktes Logo auf der Vorderseite<\/p>\n\n\n\n<p>- Farbe: Schwarz<\/p>\n\n\n\n<p>- 68% Nylon, 32% Elastan<\/p>\n\n\n\n<p>- Waschbar bis zu 30\u2103 <\/p>\n\n\n\n<p>- Model Sophie ist 1,75 und tr\u00e4gt Gr\u00f6\u00dfe S<\/p>","protected":false},"excerpt":{"rendered":"<p>Unser Ultimate Top ist der ultimative BH f\u00fcr Frauen, die keine Kompromisse eingehen wollen. Sind Sie noch auf der Suche nach dem idealen Oberteil, das bequem, sto\u00dfd\u00e4mpfend und verst\u00e4rkend ist und sich f\u00fcr einen morgendlichen Lauf, ein solides Work-out im Fitnessstudio, intensives HIIT oder z.B. eine st\u00e4rkende Yoga-Session eignet? Dann erleben Sie jetzt die ultimative, sorglose Freiheit unseres Ultimate Tops. Modisch, bequem, praktisch und unwiderstehlich. Und wenn Sie das Ultimate Top einmal kennengelernt haben, k\u00f6nnen Sie Ihre Garderobe mit den trendigsten Farben erweitern! Egal, ob Sie die fr\u00f6hlichsten Farben mischen oder das ganze Set bevorzugen, dieses Top ist das i-T\u00fcpfelchen! Das Ultimate Top kann mit den passenden Leggings kombiniert oder auch mit den anderen Farben des Sortiments gemischt werden. Die Schultertr\u00e4ger sorgen f\u00fcr die h\u00fcbschesten Details und sind zudem sehr robust. Zusammen mit der Farbe, dem Modell des Tops und den dazu passenden Leggings ist dieser Artikel unverzichtbar in Ihrer Kollektion!<\/p>","protected":false},"featured_media":70964,"template":"","meta":{"_acf_changed":false},"product_brand":[],"product_cat":[88,4812,4800,52],"product_tag":[],"class_list":{"0":"post-69630","1":"product","2":"type-product","3":"status-publish","4":"has-post-thumbnail","6":"product_cat-effen-sport-bhs","7":"product_cat-forever-favorites-categorie","8":"product_cat-running-collection","9":"product_cat-sport-bhs","11":"first","12":"instock","13":"taxable","14":"shipping-taxable","15":"purchasable","16":"product-type-variable","17":"has-default-attributes"},"acf":[],"yoast_head":"<!-- This site is optimized with the Yoast SEO plugin v27.1.1 - https:\/\/yoast.com\/product\/yoast-seo-wordpress\/ -->\n<title>Ultimate Top Black - FITTwear.nl<\/title>\n<meta name=\"description\" content=\"Onze Ultimate Top is d\u00e9 ultieme BH voor vrouwen die geen concessies willen doen. Ben jij nog steeds op zoek naar de ideale top die comfortabel zit, shockdempend is, versteviging biedt, geschikt is voor een morning run, een stevige work-out in de gym, intensieve HIIT of bijv. een empowering yoga sessie? Ervaar dan nu de ultieme, zorgeloze vrijheid van onze Ultimate Top . Fashionable, comfortable, practical en irresistible. En als je de Ultimate Top ervaren hebt, kun je jouw garderode uitbreiden met de meest trendy kleuren! Ga jij voor het mixen van de meest vrolijke kleuren of heb je toch liever de gehele set, dan is deze top de finishing touch! De Ultimate Top is te matchen met de bijpassende legging of zelfs te mixen met de andere kleuren die er zijn in het assortiment. De schouderbandjes geven net die ene touch voor de mooiste details en zijn ook nog eens stevig. Samen met de kleur, het model van de top en de bijpassende leggings is dit item onmisbaar binnen jouw collectie!\" \/>\n<meta name=\"robots\" content=\"index, follow, max-snippet:-1, max-image-preview:large, max-video-preview:-1\" \/>\n<link rel=\"canonical\" href=\"https:\/\/fittwear.nl\/de\/produkt-2\/ultimativ-top-schwarz\/\" \/>\n<meta property=\"og:locale\" content=\"de_DE\" \/>\n<meta property=\"og:type\" content=\"article\" \/>\n<meta property=\"og:title\" content=\"Ultimate Top Black - FITTwear.nl\" \/>\n<meta property=\"og:description\" content=\"Onze Ultimate Top is d\u00e9 ultieme BH voor vrouwen die geen concessies willen doen. Ben jij nog steeds op zoek naar de ideale top die comfortabel zit, shockdempend is, versteviging biedt, geschikt is voor een morning run, een stevige work-out in de gym, intensieve HIIT of bijv. een empowering yoga sessie? Ervaar dan nu de ultieme, zorgeloze vrijheid van onze Ultimate Top . Fashionable, comfortable, practical en irresistible. En als je de Ultimate Top ervaren hebt, kun je jouw garderode uitbreiden met de meest trendy kleuren! Ga jij voor het mixen van de meest vrolijke kleuren of heb je toch liever de gehele set, dan is deze top de finishing touch! De Ultimate Top is te matchen met de bijpassende legging of zelfs te mixen met de andere kleuren die er zijn in het assortiment. De schouderbandjes geven net die ene touch voor de mooiste details en zijn ook nog eens stevig. Samen met de kleur, het model van de top en de bijpassende leggings is dit item onmisbaar binnen jouw collectie!\" \/>\n<meta property=\"og:url\" content=\"https:\/\/fittwear.nl\/de\/produkt-2\/ultimativ-top-schwarz\/\" \/>\n<meta property=\"og:site_name\" content=\"FITTwear.nl\" \/>\n<meta property=\"article:modified_time\" content=\"2026-04-16T23:23:13+00:00\" \/>\n<meta property=\"og:image\" content=\"https:\/\/fittwear.nl\/wp-content\/uploads\/2023\/08\/ultimate-zwart_Voorkant-boven_jpg_1-kopieren.jpg\" \/>\n\t<meta property=\"og:image:width\" content=\"1200\" \/>\n\t<meta property=\"og:image:height\" content=\"1800\" \/>\n\t<meta property=\"og:image:type\" content=\"image\/jpeg\" \/>\n<meta name=\"twitter:card\" content=\"summary_large_image\" \/>\n<meta name=\"twitter:label1\" content=\"Gesch\u00e4tzte Lesezeit\" \/>\n\t<meta name=\"twitter:data1\" content=\"1\u00a0Minute\" \/>\n<script type=\"application\/ld+json\" class=\"yoast-schema-graph\">{\"@context\":\"https:\/\/schema.org\",\"@graph\":[{\"@type\":\"WebPage\",\"@id\":\"https:\/\/fittwear.nl\/product\/ultimate-top-black\/\",\"url\":\"https:\/\/fittwear.nl\/product\/ultimate-top-black\/\",\"name\":\"Ultimate Top Black - FITTwear.nl\",\"isPartOf\":{\"@id\":\"https:\/\/fittwear.nl\/#website\"},\"primaryImageOfPage\":{\"@id\":\"https:\/\/fittwear.nl\/product\/ultimate-top-black\/#primaryimage\"},\"image\":{\"@id\":\"https:\/\/fittwear.nl\/product\/ultimate-top-black\/#primaryimage\"},\"thumbnailUrl\":\"https:\/\/fittwear.nl\/wp-content\/uploads\/2023\/08\/ultimate-zwart_Voorkant-boven_jpg_1-kopieren.jpg\",\"datePublished\":\"2023-07-18T13:51:45+00:00\",\"dateModified\":\"2026-04-16T23:23:13+00:00\",\"description\":\"Onze Ultimate Top is d\u00e9 ultieme BH voor vrouwen die geen concessies willen doen. Ben jij nog steeds op zoek naar de ideale top die comfortabel zit, shockdempend is, versteviging biedt, geschikt is voor een morning run, een stevige work-out in de gym, intensieve HIIT of bijv. een empowering yoga sessie? Ervaar dan nu de ultieme, zorgeloze vrijheid van onze Ultimate Top . Fashionable, comfortable, practical en irresistible. En als je de Ultimate Top ervaren hebt, kun je jouw garderode uitbreiden met de meest trendy kleuren! Ga jij voor het mixen van de meest vrolijke kleuren of heb je toch liever de gehele set, dan is deze top de finishing touch! De Ultimate Top is te matchen met de bijpassende legging of zelfs te mixen met de andere kleuren die er zijn in het assortiment. De schouderbandjes geven net die ene touch voor de mooiste details en zijn ook nog eens stevig. Samen met de kleur, het model van de top en de bijpassende leggings is dit item onmisbaar binnen jouw collectie!\",\"breadcrumb\":{\"@id\":\"https:\/\/fittwear.nl\/product\/ultimate-top-black\/#breadcrumb\"},\"inLanguage\":\"de\",\"potentialAction\":[{\"@type\":\"ReadAction\",\"target\":[\"https:\/\/fittwear.nl\/product\/ultimate-top-black\/\"]}]},{\"@type\":\"ImageObject\",\"inLanguage\":\"de\",\"@id\":\"https:\/\/fittwear.nl\/product\/ultimate-top-black\/#primaryimage\",\"url\":\"https:\/\/fittwear.nl\/wp-content\/uploads\/2023\/08\/ultimate-zwart_Voorkant-boven_jpg_1-kopieren.jpg\",\"contentUrl\":\"https:\/\/fittwear.nl\/wp-content\/uploads\/2023\/08\/ultimate-zwart_Voorkant-boven_jpg_1-kopieren.jpg\",\"width\":1200,\"height\":1800},{\"@type\":\"BreadcrumbList\",\"@id\":\"https:\/\/fittwear.nl\/product\/ultimate-top-black\/#breadcrumb\",\"itemListElement\":[{\"@type\":\"ListItem\",\"position\":1,\"name\":\"Home\",\"item\":\"https:\/\/fittwear.nl\/\"},{\"@type\":\"ListItem\",\"position\":2,\"name\":\"Shop\",\"item\":\"https:\/\/fittwear.nl\/shop\/\"},{\"@type\":\"ListItem\",\"position\":3,\"name\":\"Ultimate Top Black\"}]},{\"@type\":\"WebSite\",\"@id\":\"https:\/\/fittwear.nl\/#website\",\"url\":\"https:\/\/fittwear.nl\/\",\"name\":\"FITTwear.nl\",\"description\":\"Time to shine!\",\"publisher\":{\"@id\":\"https:\/\/fittwear.nl\/#organization\"},\"potentialAction\":[{\"@type\":\"SearchAction\",\"target\":{\"@type\":\"EntryPoint\",\"urlTemplate\":\"https:\/\/fittwear.nl\/?s={search_term_string}\"},\"query-input\":{\"@type\":\"PropertyValueSpecification\",\"valueRequired\":true,\"valueName\":\"search_term_string\"}}],\"inLanguage\":\"de\"},{\"@type\":\"Organization\",\"@id\":\"https:\/\/fittwear.nl\/#organization\",\"name\":\"FITTwear.nl\",\"url\":\"https:\/\/fittwear.nl\/\",\"logo\":{\"@type\":\"ImageObject\",\"inLanguage\":\"de\",\"@id\":\"https:\/\/fittwear.nl\/#\/schema\/logo\/image\/\",\"url\":\"https:\/\/fittwear.nl\/wp-content\/uploads\/2024\/07\/FITT-Logo-BeYOUtiful-website-homepage_Tekengebied-1-scaled.jpg\",\"contentUrl\":\"https:\/\/fittwear.nl\/wp-content\/uploads\/2024\/07\/FITT-Logo-BeYOUtiful-website-homepage_Tekengebied-1-scaled.jpg\",\"width\":2560,\"height\":599,\"caption\":\"FITTwear.nl\"},\"image\":{\"@id\":\"https:\/\/fittwear.nl\/#\/schema\/logo\/image\/\"}}]}<\/script>\n<!-- \/ Yoast SEO plugin. -->","yoast_head_json":{"title":"Ultimate Top Schwarz - FITTwear.de","description":"Unser Ultimate Top ist der ultimative BH f\u00fcr Frauen, die keine Kompromisse eingehen wollen. Sind Sie noch auf der Suche nach dem idealen Oberteil, das bequem, sto\u00dfd\u00e4mpfend und verst\u00e4rkend ist und sich f\u00fcr einen morgendlichen Lauf, ein solides Work-out im Fitnessstudio, intensives HIIT oder z.B. eine st\u00e4rkende Yoga-Session eignet? Dann erleben Sie jetzt die ultimative, sorglose Freiheit unseres Ultimate Tops. Modisch, bequem, praktisch und unwiderstehlich. Und wenn Sie das Ultimate Top einmal kennengelernt haben, k\u00f6nnen Sie Ihre Garderobe mit den trendigsten Farben erweitern! Egal, ob Sie die fr\u00f6hlichsten Farben mischen oder das ganze Set bevorzugen, dieses Top ist das i-T\u00fcpfelchen! Das Ultimate Top kann mit den passenden Leggings kombiniert oder auch mit den anderen Farben des Sortiments gemischt werden. Die Schultertr\u00e4ger sorgen f\u00fcr die h\u00fcbschesten Details und sind zudem sehr robust. Zusammen mit der Farbe, dem Modell des Tops und den dazu passenden Leggings ist dieser Artikel unverzichtbar in Ihrer Kollektion!","robots":{"index":"index","follow":"follow","max-snippet":"max-snippet:-1","max-image-preview":"max-image-preview:large","max-video-preview":"max-video-preview:-1"},"canonical":"https:\/\/fittwear.nl\/de\/produkt-2\/ultimativ-top-schwarz\/","og_locale":"de_DE","og_type":"article","og_title":"Ultimate Top Black - FITTwear.nl","og_description":"Onze Ultimate Top is d\u00e9 ultieme BH voor vrouwen die geen concessies willen doen. Ben jij nog steeds op zoek naar de ideale top die comfortabel zit, shockdempend is, versteviging biedt, geschikt is voor een morning run, een stevige work-out in de gym, intensieve HIIT of bijv. een empowering yoga sessie? Ervaar dan nu de ultieme, zorgeloze vrijheid van onze Ultimate Top . Fashionable, comfortable, practical en irresistible. En als je de Ultimate Top ervaren hebt, kun je jouw garderode uitbreiden met de meest trendy kleuren! Ga jij voor het mixen van de meest vrolijke kleuren of heb je toch liever de gehele set, dan is deze top de finishing touch! De Ultimate Top is te matchen met de bijpassende legging of zelfs te mixen met de andere kleuren die er zijn in het assortiment. De schouderbandjes geven net die ene touch voor de mooiste details en zijn ook nog eens stevig. Samen met de kleur, het model van de top en de bijpassende leggings is dit item onmisbaar binnen jouw collectie!","og_url":"https:\/\/fittwear.nl\/de\/produkt-2\/ultimativ-top-schwarz\/","og_site_name":"FITTwear.nl","article_modified_time":"2026-04-16T23:23:13+00:00","og_image":[{"width":1200,"height":1800,"url":"https:\/\/fittwear.nl\/wp-content\/uploads\/2023\/08\/ultimate-zwart_Voorkant-boven_jpg_1-kopieren.jpg","type":"image\/jpeg"}],"twitter_card":"summary_large_image","twitter_misc":{"Gesch\u00e4tzte Lesezeit":"1\u00a0Minute"},"schema":{"@context":"https:\/\/schema.org","@graph":[{"@type":"WebPage","@id":"https:\/\/fittwear.nl\/product\/ultimate-top-black\/","url":"https:\/\/fittwear.nl\/product\/ultimate-top-black\/","name":"Ultimate Top Schwarz - FITTwear.de","isPartOf":{"@id":"https:\/\/fittwear.nl\/#website"},"primaryImageOfPage":{"@id":"https:\/\/fittwear.nl\/product\/ultimate-top-black\/#primaryimage"},"image":{"@id":"https:\/\/fittwear.nl\/product\/ultimate-top-black\/#primaryimage"},"thumbnailUrl":"https:\/\/fittwear.nl\/wp-content\/uploads\/2023\/08\/ultimate-zwart_Voorkant-boven_jpg_1-kopieren.jpg","datePublished":"2023-07-18T13:51:45+00:00","dateModified":"2026-04-16T23:23:13+00:00","description":"Unser Ultimate Top ist der ultimative BH f\u00fcr Frauen, die keine Kompromisse eingehen wollen. Sind Sie noch auf der Suche nach dem idealen Oberteil, das bequem, sto\u00dfd\u00e4mpfend und verst\u00e4rkend ist und sich f\u00fcr einen morgendlichen Lauf, ein solides Work-out im Fitnessstudio, intensives HIIT oder z.B. eine st\u00e4rkende Yoga-Session eignet? Dann erleben Sie jetzt die ultimative, sorglose Freiheit unseres Ultimate Tops. Modisch, bequem, praktisch und unwiderstehlich. Und wenn Sie das Ultimate Top einmal kennengelernt haben, k\u00f6nnen Sie Ihre Garderobe mit den trendigsten Farben erweitern! Egal, ob Sie die fr\u00f6hlichsten Farben mischen oder das ganze Set bevorzugen, dieses Top ist das i-T\u00fcpfelchen! Das Ultimate Top kann mit den passenden Leggings kombiniert oder auch mit den anderen Farben des Sortiments gemischt werden. Die Schultertr\u00e4ger sorgen f\u00fcr die h\u00fcbschesten Details und sind zudem sehr robust. Zusammen mit der Farbe, dem Modell des Tops und den dazu passenden Leggings ist dieser Artikel unverzichtbar in Ihrer Kollektion!","breadcrumb":{"@id":"https:\/\/fittwear.nl\/product\/ultimate-top-black\/#breadcrumb"},"inLanguage":"de","potentialAction":[{"@type":"ReadAction","target":["https:\/\/fittwear.nl\/product\/ultimate-top-black\/"]}]},{"@type":"ImageObject","inLanguage":"de","@id":"https:\/\/fittwear.nl\/product\/ultimate-top-black\/#primaryimage","url":"https:\/\/fittwear.nl\/wp-content\/uploads\/2023\/08\/ultimate-zwart_Voorkant-boven_jpg_1-kopieren.jpg","contentUrl":"https:\/\/fittwear.nl\/wp-content\/uploads\/2023\/08\/ultimate-zwart_Voorkant-boven_jpg_1-kopieren.jpg","width":1200,"height":1800},{"@type":"BreadcrumbList","@id":"https:\/\/fittwear.nl\/product\/ultimate-top-black\/#breadcrumb","itemListElement":[{"@type":"ListItem","position":1,"name":"Home","item":"https:\/\/fittwear.nl\/"},{"@type":"ListItem","position":2,"name":"Shop","item":"https:\/\/fittwear.nl\/shop\/"},{"@type":"ListItem","position":3,"name":"Ultimate Top Black"}]},{"@type":"WebSite","@id":"https:\/\/fittwear.nl\/#website","url":"https:\/\/fittwear.nl\/","name":"FITTwear.co.uk","description":"Zeit zu gl\u00e4nzen!","publisher":{"@id":"https:\/\/fittwear.nl\/#organization"},"potentialAction":[{"@type":"SearchAction","target":{"@type":"EntryPoint","urlTemplate":"https:\/\/fittwear.nl\/?s={search_term_string}"},"query-input":{"@type":"PropertyValueSpecification","valueRequired":true,"valueName":"search_term_string"}}],"inLanguage":"de"},{"@type":"Organization","@id":"https:\/\/fittwear.nl\/#organization","name":"FITTwear.co.uk","url":"https:\/\/fittwear.nl\/","logo":{"@type":"ImageObject","inLanguage":"de","@id":"https:\/\/fittwear.nl\/#\/schema\/logo\/image\/","url":"https:\/\/fittwear.nl\/wp-content\/uploads\/2024\/07\/FITT-Logo-BeYOUtiful-website-homepage_Tekengebied-1-scaled.jpg","contentUrl":"https:\/\/fittwear.nl\/wp-content\/uploads\/2024\/07\/FITT-Logo-BeYOUtiful-website-homepage_Tekengebied-1-scaled.jpg","width":2560,"height":599,"caption":"FITTwear.nl"},"image":{"@id":"https:\/\/fittwear.nl\/#\/schema\/logo\/image\/"}}]}},"_links":{"self":[{"href":"https:\/\/fittwear.nl\/de\/wp-json\/wp\/v2\/product\/69630","targetHints":{"allow":["GET"]}}],"collection":[{"href":"https:\/\/fittwear.nl\/de\/wp-json\/wp\/v2\/product"}],"about":[{"href":"https:\/\/fittwear.nl\/de\/wp-json\/wp\/v2\/types\/product"}],"wp:featuredmedia":[{"embeddable":true,"href":"https:\/\/fittwear.nl\/de\/wp-json\/wp\/v2\/media\/70964"}],"wp:attachment":[{"href":"https:\/\/fittwear.nl\/de\/wp-json\/wp\/v2\/media?parent=69630"}],"wp:term":[{"taxonomy":"product_brand","embeddable":true,"href":"https:\/\/fittwear.nl\/de\/wp-json\/wp\/v2\/product_brand?post=69630"},{"taxonomy":"product_cat","embeddable":true,"href":"https:\/\/fittwear.nl\/de\/wp-json\/wp\/v2\/product_cat?post=69630"},{"taxonomy":"product_tag","embeddable":true,"href":"https:\/\/fittwear.nl\/de\/wp-json\/wp\/v2\/product_tag?post=69630"}],"curies":[{"name":"wp","href":"https:\/\/api.w.org\/{rel}","templated":true}]}}