{"id":69701,"date":"2023-07-19T09:14:58","date_gmt":"2023-07-19T07:14:58","guid":{"rendered":"https:\/\/fittwear.nl\/?post_type=product&#038;p=69701"},"modified":"2026-04-06T22:23:58","modified_gmt":"2026-04-06T20:23:58","slug":"crop-polo-top-schwarz","status":"publish","type":"product","link":"https:\/\/fittwear.nl\/de\/product\/crop-polo-top-black\/","title":{"rendered":"Crop-Polo-Top Schwarz"},"content":{"rendered":"<p>&#8211; Ademende en stretchy stof<\/p>\n\n\n\n<p>&#8211; Stoer polokraagje<\/p>\n\n\n\n<p>&#8211; Kleine V-hals<\/p>\n\n\n\n<p>&#8211; Met korte mouwtjes<\/p>\n\n\n\n<p>&#8211; Bedrukt logo aan de voorzijde<\/p>\n\n\n\n<p>- Farbe: Schwarz<\/p>\n\n\n\n<p>&#8211; 75% Polyester, 25% Spandex<\/p>\n\n\n\n<p>- Waschbar bis zu 30\u2103<\/p>\n\n\n\n<p>- Model Sophie ist 1,75 und tr\u00e4gt Gr\u00f6\u00dfe S<\/p>","protected":false},"excerpt":{"rendered":"<p>Mit seinem coolen Kragen und dem dehnbaren und atmungsaktiven Material ist das Crop Polo Top ideal zum Tennis-, Paddle-, Squash- und Badmintonspielen oder um Ihrem Lieblingsoutfit einen coolen Touch zu verleihen. Das Top liegt eng am K\u00f6rper an und gibt Ihnen die Bewegungsfreiheit, die Sie w\u00e4hrend Ihrer Aktivit\u00e4t brauchen! Erleben Sie den weichen Stoff, die Dehnbarkeit des atmungsaktiven Materials und den Selbstvertrauensschub, den dieses Crop-Top Ihnen geben kann! Das Top macht nicht nur Spa\u00df bei Ihren Aktivit\u00e4ten, sondern ist auch l\u00e4ssig. 2 in 1, wer w\u00fcrde das nicht wollen!<\/p>","protected":false},"featured_media":71067,"template":"","meta":{"_acf_changed":false},"product_brand":[],"product_cat":[4814,79,81,64,65],"product_tag":[],"class_list":{"0":"post-69701","1":"product","2":"type-product","3":"status-publish","4":"has-post-thumbnail","6":"product_cat-fitness","7":"product_cat-tanktops-dames","8":"product_cat-crop-tops","9":"product_cat-hardloopkleding","10":"product_cat-yogakleding","12":"first","13":"instock","14":"sale","15":"taxable","16":"shipping-taxable","17":"purchasable","18":"product-type-variable","19":"has-default-attributes"},"acf":[],"yoast_head":"<!-- This site is optimized with the Yoast SEO plugin v27.1.1 - https:\/\/yoast.com\/product\/yoast-seo-wordpress\/ -->\n<title>Crop Polo Top Black - FITTwear.nl<\/title>\n<meta name=\"description\" content=\"De Crop Polo Top is door het stoere kraagje en de stretchy en ademende stof ideaal om in te gaan tennissen, paddelen, squashen, badmintonnen of om je favoriete outfit een stoere touch te geven. De top sluit nauw aan op je lichaam en geeft alle bewegingsvrijheid die je nodig hebt tijdens jouw activiteit! Ervaar de zachte stof, de stretch van het ademende materiaal en de confidence boost die deze crop top jou kan geven! Niet alleen is de top leuk om te dragen tijdens je activiteiten, maar ook om casual te dragen. 2 in 1, wie wilt dat nou niet!\" \/>\n<meta name=\"robots\" content=\"index, follow, max-snippet:-1, max-image-preview:large, max-video-preview:-1\" \/>\n<link rel=\"canonical\" href=\"https:\/\/fittwear.nl\/de\/produkt-2\/crop-polo-top-schwarz\/\" \/>\n<meta property=\"og:locale\" content=\"de_DE\" \/>\n<meta property=\"og:type\" content=\"article\" \/>\n<meta property=\"og:title\" content=\"Crop Polo Top Black - FITTwear.nl\" \/>\n<meta property=\"og:description\" content=\"De Crop Polo Top is door het stoere kraagje en de stretchy en ademende stof ideaal om in te gaan tennissen, paddelen, squashen, badmintonnen of om je favoriete outfit een stoere touch te geven. De top sluit nauw aan op je lichaam en geeft alle bewegingsvrijheid die je nodig hebt tijdens jouw activiteit! Ervaar de zachte stof, de stretch van het ademende materiaal en de confidence boost die deze crop top jou kan geven! Niet alleen is de top leuk om te dragen tijdens je activiteiten, maar ook om casual te dragen. 2 in 1, wie wilt dat nou niet!\" \/>\n<meta property=\"og:url\" content=\"https:\/\/fittwear.nl\/de\/produkt-2\/crop-polo-top-schwarz\/\" \/>\n<meta property=\"og:site_name\" content=\"FITTwear.nl\" \/>\n<meta property=\"article:modified_time\" content=\"2026-04-06T20:23:58+00:00\" \/>\n<meta property=\"og:image\" content=\"https:\/\/fittwear.nl\/wp-content\/uploads\/2023\/08\/skort-wit-polo-zwart_Voorkant-boven_jpg_4-kopieren.jpg\" \/>\n\t<meta property=\"og:image:width\" content=\"1200\" \/>\n\t<meta property=\"og:image:height\" content=\"1800\" \/>\n\t<meta property=\"og:image:type\" content=\"image\/jpeg\" \/>\n<meta name=\"twitter:card\" content=\"summary_large_image\" \/>\n<meta name=\"twitter:label1\" content=\"Gesch\u00e4tzte Lesezeit\" \/>\n\t<meta name=\"twitter:data1\" content=\"1\u00a0Minute\" \/>\n<script type=\"application\/ld+json\" class=\"yoast-schema-graph\">{\"@context\":\"https:\/\/schema.org\",\"@graph\":[{\"@type\":\"WebPage\",\"@id\":\"https:\/\/fittwear.nl\/product\/crop-polo-top-black\/\",\"url\":\"https:\/\/fittwear.nl\/product\/crop-polo-top-black\/\",\"name\":\"Crop Polo Top Black - FITTwear.nl\",\"isPartOf\":{\"@id\":\"https:\/\/fittwear.nl\/#website\"},\"primaryImageOfPage\":{\"@id\":\"https:\/\/fittwear.nl\/product\/crop-polo-top-black\/#primaryimage\"},\"image\":{\"@id\":\"https:\/\/fittwear.nl\/product\/crop-polo-top-black\/#primaryimage\"},\"thumbnailUrl\":\"https:\/\/fittwear.nl\/wp-content\/uploads\/2023\/08\/skort-wit-polo-zwart_Voorkant-boven_jpg_4-kopieren.jpg\",\"datePublished\":\"2023-07-19T07:14:58+00:00\",\"dateModified\":\"2026-04-06T20:23:58+00:00\",\"description\":\"De Crop Polo Top is door het stoere kraagje en de stretchy en ademende stof ideaal om in te gaan tennissen, paddelen, squashen, badmintonnen of om je favoriete outfit een stoere touch te geven. De top sluit nauw aan op je lichaam en geeft alle bewegingsvrijheid die je nodig hebt tijdens jouw activiteit! Ervaar de zachte stof, de stretch van het ademende materiaal en de confidence boost die deze crop top jou kan geven! Niet alleen is de top leuk om te dragen tijdens je activiteiten, maar ook om casual te dragen. 2 in 1, wie wilt dat nou niet!\",\"breadcrumb\":{\"@id\":\"https:\/\/fittwear.nl\/product\/crop-polo-top-black\/#breadcrumb\"},\"inLanguage\":\"de\",\"potentialAction\":[{\"@type\":\"ReadAction\",\"target\":[\"https:\/\/fittwear.nl\/product\/crop-polo-top-black\/\"]}]},{\"@type\":\"ImageObject\",\"inLanguage\":\"de\",\"@id\":\"https:\/\/fittwear.nl\/product\/crop-polo-top-black\/#primaryimage\",\"url\":\"https:\/\/fittwear.nl\/wp-content\/uploads\/2023\/08\/skort-wit-polo-zwart_Voorkant-boven_jpg_4-kopieren.jpg\",\"contentUrl\":\"https:\/\/fittwear.nl\/wp-content\/uploads\/2023\/08\/skort-wit-polo-zwart_Voorkant-boven_jpg_4-kopieren.jpg\",\"width\":1200,\"height\":1800},{\"@type\":\"BreadcrumbList\",\"@id\":\"https:\/\/fittwear.nl\/product\/crop-polo-top-black\/#breadcrumb\",\"itemListElement\":[{\"@type\":\"ListItem\",\"position\":1,\"name\":\"Home\",\"item\":\"https:\/\/fittwear.nl\/\"},{\"@type\":\"ListItem\",\"position\":2,\"name\":\"Shop\",\"item\":\"https:\/\/fittwear.nl\/shop\/\"},{\"@type\":\"ListItem\",\"position\":3,\"name\":\"Crop Polo Top Black\"}]},{\"@type\":\"WebSite\",\"@id\":\"https:\/\/fittwear.nl\/#website\",\"url\":\"https:\/\/fittwear.nl\/\",\"name\":\"FITTwear.nl\",\"description\":\"Time to shine!\",\"publisher\":{\"@id\":\"https:\/\/fittwear.nl\/#organization\"},\"potentialAction\":[{\"@type\":\"SearchAction\",\"target\":{\"@type\":\"EntryPoint\",\"urlTemplate\":\"https:\/\/fittwear.nl\/?s={search_term_string}\"},\"query-input\":{\"@type\":\"PropertyValueSpecification\",\"valueRequired\":true,\"valueName\":\"search_term_string\"}}],\"inLanguage\":\"de\"},{\"@type\":\"Organization\",\"@id\":\"https:\/\/fittwear.nl\/#organization\",\"name\":\"FITTwear.nl\",\"url\":\"https:\/\/fittwear.nl\/\",\"logo\":{\"@type\":\"ImageObject\",\"inLanguage\":\"de\",\"@id\":\"https:\/\/fittwear.nl\/#\/schema\/logo\/image\/\",\"url\":\"https:\/\/fittwear.nl\/wp-content\/uploads\/2024\/07\/FITT-Logo-BeYOUtiful-website-homepage_Tekengebied-1-scaled.jpg\",\"contentUrl\":\"https:\/\/fittwear.nl\/wp-content\/uploads\/2024\/07\/FITT-Logo-BeYOUtiful-website-homepage_Tekengebied-1-scaled.jpg\",\"width\":2560,\"height\":599,\"caption\":\"FITTwear.nl\"},\"image\":{\"@id\":\"https:\/\/fittwear.nl\/#\/schema\/logo\/image\/\"}}]}<\/script>\n<!-- \/ Yoast SEO plugin. -->","yoast_head_json":{"title":"Crop Polo Top Schwarz - FITTwear.de","description":"Mit seinem coolen Kragen und dem dehnbaren und atmungsaktiven Material ist das Crop Polo Top ideal zum Tennis-, Paddle-, Squash- und Badmintonspielen oder um Ihrem Lieblingsoutfit einen coolen Touch zu verleihen. Das Top liegt eng am K\u00f6rper an und gibt Ihnen die Bewegungsfreiheit, die Sie w\u00e4hrend Ihrer Aktivit\u00e4t brauchen! Erleben Sie den weichen Stoff, die Dehnbarkeit des atmungsaktiven Materials und den Selbstvertrauensschub, den dieses Crop-Top Ihnen geben kann! Das Top macht nicht nur Spa\u00df bei Ihren Aktivit\u00e4ten, sondern ist auch l\u00e4ssig. 2 in 1, wer w\u00fcrde das nicht wollen!","robots":{"index":"index","follow":"follow","max-snippet":"max-snippet:-1","max-image-preview":"max-image-preview:large","max-video-preview":"max-video-preview:-1"},"canonical":"https:\/\/fittwear.nl\/de\/produkt-2\/crop-polo-top-schwarz\/","og_locale":"de_DE","og_type":"article","og_title":"Crop Polo Top Black - FITTwear.nl","og_description":"De Crop Polo Top is door het stoere kraagje en de stretchy en ademende stof ideaal om in te gaan tennissen, paddelen, squashen, badmintonnen of om je favoriete outfit een stoere touch te geven. De top sluit nauw aan op je lichaam en geeft alle bewegingsvrijheid die je nodig hebt tijdens jouw activiteit! Ervaar de zachte stof, de stretch van het ademende materiaal en de confidence boost die deze crop top jou kan geven! Niet alleen is de top leuk om te dragen tijdens je activiteiten, maar ook om casual te dragen. 2 in 1, wie wilt dat nou niet!","og_url":"https:\/\/fittwear.nl\/de\/produkt-2\/crop-polo-top-schwarz\/","og_site_name":"FITTwear.nl","article_modified_time":"2026-04-06T20:23:58+00:00","og_image":[{"width":1200,"height":1800,"url":"https:\/\/fittwear.nl\/wp-content\/uploads\/2023\/08\/skort-wit-polo-zwart_Voorkant-boven_jpg_4-kopieren.jpg","type":"image\/jpeg"}],"twitter_card":"summary_large_image","twitter_misc":{"Gesch\u00e4tzte Lesezeit":"1\u00a0Minute"},"schema":{"@context":"https:\/\/schema.org","@graph":[{"@type":"WebPage","@id":"https:\/\/fittwear.nl\/product\/crop-polo-top-black\/","url":"https:\/\/fittwear.nl\/product\/crop-polo-top-black\/","name":"Crop Polo Top Schwarz - FITTwear.de","isPartOf":{"@id":"https:\/\/fittwear.nl\/#website"},"primaryImageOfPage":{"@id":"https:\/\/fittwear.nl\/product\/crop-polo-top-black\/#primaryimage"},"image":{"@id":"https:\/\/fittwear.nl\/product\/crop-polo-top-black\/#primaryimage"},"thumbnailUrl":"https:\/\/fittwear.nl\/wp-content\/uploads\/2023\/08\/skort-wit-polo-zwart_Voorkant-boven_jpg_4-kopieren.jpg","datePublished":"2023-07-19T07:14:58+00:00","dateModified":"2026-04-06T20:23:58+00:00","description":"Mit seinem coolen Kragen und dem dehnbaren und atmungsaktiven Material ist das Crop Polo Top ideal zum Tennis-, Paddle-, Squash- und Badmintonspielen oder um Ihrem Lieblingsoutfit einen coolen Touch zu verleihen. Das Top liegt eng am K\u00f6rper an und gibt Ihnen die Bewegungsfreiheit, die Sie w\u00e4hrend Ihrer Aktivit\u00e4t brauchen! Erleben Sie den weichen Stoff, die Dehnbarkeit des atmungsaktiven Materials und den Selbstvertrauensschub, den dieses Crop-Top Ihnen geben kann! Das Top macht nicht nur Spa\u00df bei Ihren Aktivit\u00e4ten, sondern ist auch l\u00e4ssig. 2 in 1, wer w\u00fcrde das nicht wollen!","breadcrumb":{"@id":"https:\/\/fittwear.nl\/product\/crop-polo-top-black\/#breadcrumb"},"inLanguage":"de","potentialAction":[{"@type":"ReadAction","target":["https:\/\/fittwear.nl\/product\/crop-polo-top-black\/"]}]},{"@type":"ImageObject","inLanguage":"de","@id":"https:\/\/fittwear.nl\/product\/crop-polo-top-black\/#primaryimage","url":"https:\/\/fittwear.nl\/wp-content\/uploads\/2023\/08\/skort-wit-polo-zwart_Voorkant-boven_jpg_4-kopieren.jpg","contentUrl":"https:\/\/fittwear.nl\/wp-content\/uploads\/2023\/08\/skort-wit-polo-zwart_Voorkant-boven_jpg_4-kopieren.jpg","width":1200,"height":1800},{"@type":"BreadcrumbList","@id":"https:\/\/fittwear.nl\/product\/crop-polo-top-black\/#breadcrumb","itemListElement":[{"@type":"ListItem","position":1,"name":"Home","item":"https:\/\/fittwear.nl\/"},{"@type":"ListItem","position":2,"name":"Shop","item":"https:\/\/fittwear.nl\/shop\/"},{"@type":"ListItem","position":3,"name":"Crop Polo Top Black"}]},{"@type":"WebSite","@id":"https:\/\/fittwear.nl\/#website","url":"https:\/\/fittwear.nl\/","name":"FITTwear.co.uk","description":"Zeit zu gl\u00e4nzen!","publisher":{"@id":"https:\/\/fittwear.nl\/#organization"},"potentialAction":[{"@type":"SearchAction","target":{"@type":"EntryPoint","urlTemplate":"https:\/\/fittwear.nl\/?s={search_term_string}"},"query-input":{"@type":"PropertyValueSpecification","valueRequired":true,"valueName":"search_term_string"}}],"inLanguage":"de"},{"@type":"Organization","@id":"https:\/\/fittwear.nl\/#organization","name":"FITTwear.co.uk","url":"https:\/\/fittwear.nl\/","logo":{"@type":"ImageObject","inLanguage":"de","@id":"https:\/\/fittwear.nl\/#\/schema\/logo\/image\/","url":"https:\/\/fittwear.nl\/wp-content\/uploads\/2024\/07\/FITT-Logo-BeYOUtiful-website-homepage_Tekengebied-1-scaled.jpg","contentUrl":"https:\/\/fittwear.nl\/wp-content\/uploads\/2024\/07\/FITT-Logo-BeYOUtiful-website-homepage_Tekengebied-1-scaled.jpg","width":2560,"height":599,"caption":"FITTwear.nl"},"image":{"@id":"https:\/\/fittwear.nl\/#\/schema\/logo\/image\/"}}]}},"_links":{"self":[{"href":"https:\/\/fittwear.nl\/de\/wp-json\/wp\/v2\/product\/69701","targetHints":{"allow":["GET"]}}],"collection":[{"href":"https:\/\/fittwear.nl\/de\/wp-json\/wp\/v2\/product"}],"about":[{"href":"https:\/\/fittwear.nl\/de\/wp-json\/wp\/v2\/types\/product"}],"wp:featuredmedia":[{"embeddable":true,"href":"https:\/\/fittwear.nl\/de\/wp-json\/wp\/v2\/media\/71067"}],"wp:attachment":[{"href":"https:\/\/fittwear.nl\/de\/wp-json\/wp\/v2\/media?parent=69701"}],"wp:term":[{"taxonomy":"product_brand","embeddable":true,"href":"https:\/\/fittwear.nl\/de\/wp-json\/wp\/v2\/product_brand?post=69701"},{"taxonomy":"product_cat","embeddable":true,"href":"https:\/\/fittwear.nl\/de\/wp-json\/wp\/v2\/product_cat?post=69701"},{"taxonomy":"product_tag","embeddable":true,"href":"https:\/\/fittwear.nl\/de\/wp-json\/wp\/v2\/product_tag?post=69701"}],"curies":[{"name":"wp","href":"https:\/\/api.w.org\/{rel}","templated":true}]}}