{"id":69711,"date":"2023-07-19T09:25:24","date_gmt":"2023-07-19T07:25:24","guid":{"rendered":"https:\/\/fittwear.nl\/?post_type=product&#038;p=69711"},"modified":"2026-04-17T04:14:29","modified_gmt":"2026-04-17T02:14:29","slug":"element-top-schwarz","status":"publish","type":"product","link":"https:\/\/fittwear.nl\/de\/product\/element-top-black\/","title":{"rendered":"Element Top Schwarz"},"content":{"rendered":"<p>&#8211; Dunne en ademende stof<\/p>\n\n\n\n<p>- Rippengewebe<\/p>\n\n\n\n<p>&#8211; Scrunch details aan de zijkanten<\/p>\n\n\n\n<p>- Rundhalsausschnitt<\/p>\n\n\n\n<p>&#8211; Bedrukt logo aan de achterkant<\/p>\n\n\n\n<p> - Farbe: Schwarz<\/p>\n\n\n\n<p>&#8211; 85% Polyamide, 15% Elastaan<\/p>\n\n\n\n<p>- Model Sophie ist 1,75 und tr\u00e4gt Gr\u00f6\u00dfe S<\/p>","protected":false},"excerpt":{"rendered":"<p>Das Element Top ist das unverzichtbare Oberteil in Ihrem Kleiderschrank, wenn Sie es l\u00e4ssig und stilvoll zugleich lieben. Bist du noch auf der Suche nach dem perfekten Oberteil, um intensiv zu trainieren, eine entspannte Yoga-Session zu machen oder l\u00e4ssig zu tragen? Dann ist dies das perfekte Oberteil f\u00fcr Sie! Unser Element Top ist aus d\u00fcnnem Stoff, wodurch es besonders atmungsaktiv ist, und ist etwas l\u00e4nger als ein Crop Top. Und haben Sie auch die s\u00fc\u00dfe Rippenstruktur und die Knitterdetails an den Seiten bemerkt? Freiheit, Bequemlichkeit, Stil, Praktikabilit\u00e4t und ein tolles Aussehen - das ist es, was dieses Oberteil Ihnen zu bieten hat. Das Oberteil l\u00e4sst sich leicht mit den anderen Teilen unserer Kollektion und Ihrer Garderobe kombinieren, was es zu einem unverzichtbaren Basic macht! Das Oberteil eignet sich f\u00fcr alle Arten von Aktivit\u00e4ten, wie z. B. eine Wanderung, ein intensives Workout, Krafttraining, Laufen oder f\u00fcr die Freizeit mit Ihren Freundinnen. Alles in allem ein vielseitiges Oberteil, das eine Menge zu bieten hat!<\/p>","protected":false},"featured_media":70943,"template":"","meta":{"_acf_changed":false},"product_brand":[],"product_cat":[4791,4812,79,81],"product_tag":[],"class_list":{"0":"post-69711","1":"product","2":"type-product","3":"status-publish","4":"has-post-thumbnail","6":"product_cat-city-vibes","7":"product_cat-forever-favorites-categorie","8":"product_cat-tanktops-dames","9":"product_cat-crop-tops","11":"first","12":"instock","13":"taxable","14":"shipping-taxable","15":"purchasable","16":"product-type-variable","17":"has-default-attributes"},"acf":[],"yoast_head":"<!-- This site is optimized with the Yoast SEO plugin v27.1.1 - https:\/\/yoast.com\/product\/yoast-seo-wordpress\/ -->\n<title>Element Top Black - FITTwear.nl<\/title>\n<meta name=\"description\" content=\"De Element Top is de onmisbare top in jouw garderobe wanneer je houdt van casual en stylish in \u00e9\u00e9n. Ben je nog steeds op zoek naar d\u00e9 perfecte top om intensief in te sporten, een rustgevende yoga-sessie te doen of om casual te dragen? Dan is dit de perfecte top voor jou! Onze Element Top is dun van stof, hierdoor extra ademend en is net wat langer dan een crop top. En heb je ook de leuke rib structuur stof en scrunch details aan de zijkanten opgemerkt? Vrijheid, comfy, stylish, praktisch en een fantastisch uitziende top is hetgeen wat dit item jou te bieden heeft. De top is gemakkelijk te combineren met de andere items binnen onze collectie en jouw garderobe, een onmisbare basic dus! De top is in te zetten voor allerlei activiteiten, zoals een hike, een intensieve workout, krachttraining, hardlopen of om te dragen in je vrije tijd met je vriendinnen. Al met al een veelzijdige top die veel te bieden heeft!\" \/>\n<meta name=\"robots\" content=\"index, follow, max-snippet:-1, max-image-preview:large, max-video-preview:-1\" \/>\n<link rel=\"canonical\" href=\"https:\/\/fittwear.nl\/de\/produkt-2\/element-top-schwarz\/\" \/>\n<meta property=\"og:locale\" content=\"de_DE\" \/>\n<meta property=\"og:type\" content=\"article\" \/>\n<meta property=\"og:title\" content=\"Element Top Black - FITTwear.nl\" \/>\n<meta property=\"og:description\" content=\"De Element Top is de onmisbare top in jouw garderobe wanneer je houdt van casual en stylish in \u00e9\u00e9n. Ben je nog steeds op zoek naar d\u00e9 perfecte top om intensief in te sporten, een rustgevende yoga-sessie te doen of om casual te dragen? Dan is dit de perfecte top voor jou! Onze Element Top is dun van stof, hierdoor extra ademend en is net wat langer dan een crop top. En heb je ook de leuke rib structuur stof en scrunch details aan de zijkanten opgemerkt? Vrijheid, comfy, stylish, praktisch en een fantastisch uitziende top is hetgeen wat dit item jou te bieden heeft. De top is gemakkelijk te combineren met de andere items binnen onze collectie en jouw garderobe, een onmisbare basic dus! De top is in te zetten voor allerlei activiteiten, zoals een hike, een intensieve workout, krachttraining, hardlopen of om te dragen in je vrije tijd met je vriendinnen. Al met al een veelzijdige top die veel te bieden heeft!\" \/>\n<meta property=\"og:url\" content=\"https:\/\/fittwear.nl\/de\/produkt-2\/element-top-schwarz\/\" \/>\n<meta property=\"og:site_name\" content=\"FITTwear.nl\" \/>\n<meta property=\"article:modified_time\" content=\"2026-04-17T02:14:29+00:00\" \/>\n<meta property=\"og:image\" content=\"https:\/\/fittwear.nl\/wp-content\/uploads\/2023\/07\/ellemenr-zwart-flare-terra_Voorkant-boven_jpg_3-kopieren-scaled.jpg\" \/>\n\t<meta property=\"og:image:width\" content=\"1707\" \/>\n\t<meta property=\"og:image:height\" content=\"2560\" \/>\n\t<meta property=\"og:image:type\" content=\"image\/jpeg\" \/>\n<meta name=\"twitter:card\" content=\"summary_large_image\" \/>\n<meta name=\"twitter:label1\" content=\"Gesch\u00e4tzte Lesezeit\" \/>\n\t<meta name=\"twitter:data1\" content=\"1\u00a0Minute\" \/>\n<script type=\"application\/ld+json\" class=\"yoast-schema-graph\">{\"@context\":\"https:\/\/schema.org\",\"@graph\":[{\"@type\":\"WebPage\",\"@id\":\"https:\/\/fittwear.nl\/product\/element-top-black\/\",\"url\":\"https:\/\/fittwear.nl\/product\/element-top-black\/\",\"name\":\"Element Top Black - FITTwear.nl\",\"isPartOf\":{\"@id\":\"https:\/\/fittwear.nl\/#website\"},\"primaryImageOfPage\":{\"@id\":\"https:\/\/fittwear.nl\/product\/element-top-black\/#primaryimage\"},\"image\":{\"@id\":\"https:\/\/fittwear.nl\/product\/element-top-black\/#primaryimage\"},\"thumbnailUrl\":\"https:\/\/fittwear.nl\/wp-content\/uploads\/2023\/07\/ellemenr-zwart-flare-terra_Voorkant-boven_jpg_3-kopieren-scaled.jpg\",\"datePublished\":\"2023-07-19T07:25:24+00:00\",\"dateModified\":\"2026-04-17T02:14:29+00:00\",\"description\":\"De Element Top is de onmisbare top in jouw garderobe wanneer je houdt van casual en stylish in \u00e9\u00e9n. Ben je nog steeds op zoek naar d\u00e9 perfecte top om intensief in te sporten, een rustgevende yoga-sessie te doen of om casual te dragen? Dan is dit de perfecte top voor jou! Onze Element Top is dun van stof, hierdoor extra ademend en is net wat langer dan een crop top. En heb je ook de leuke rib structuur stof en scrunch details aan de zijkanten opgemerkt? Vrijheid, comfy, stylish, praktisch en een fantastisch uitziende top is hetgeen wat dit item jou te bieden heeft. De top is gemakkelijk te combineren met de andere items binnen onze collectie en jouw garderobe, een onmisbare basic dus! De top is in te zetten voor allerlei activiteiten, zoals een hike, een intensieve workout, krachttraining, hardlopen of om te dragen in je vrije tijd met je vriendinnen. Al met al een veelzijdige top die veel te bieden heeft!\",\"breadcrumb\":{\"@id\":\"https:\/\/fittwear.nl\/product\/element-top-black\/#breadcrumb\"},\"inLanguage\":\"de\",\"potentialAction\":[{\"@type\":\"ReadAction\",\"target\":[\"https:\/\/fittwear.nl\/product\/element-top-black\/\"]}]},{\"@type\":\"ImageObject\",\"inLanguage\":\"de\",\"@id\":\"https:\/\/fittwear.nl\/product\/element-top-black\/#primaryimage\",\"url\":\"https:\/\/fittwear.nl\/wp-content\/uploads\/2023\/07\/ellemenr-zwart-flare-terra_Voorkant-boven_jpg_3-kopieren-scaled.jpg\",\"contentUrl\":\"https:\/\/fittwear.nl\/wp-content\/uploads\/2023\/07\/ellemenr-zwart-flare-terra_Voorkant-boven_jpg_3-kopieren-scaled.jpg\",\"width\":1707,\"height\":2560},{\"@type\":\"BreadcrumbList\",\"@id\":\"https:\/\/fittwear.nl\/product\/element-top-black\/#breadcrumb\",\"itemListElement\":[{\"@type\":\"ListItem\",\"position\":1,\"name\":\"Home\",\"item\":\"https:\/\/fittwear.nl\/\"},{\"@type\":\"ListItem\",\"position\":2,\"name\":\"Shop\",\"item\":\"https:\/\/fittwear.nl\/shop\/\"},{\"@type\":\"ListItem\",\"position\":3,\"name\":\"Element Top Black\"}]},{\"@type\":\"WebSite\",\"@id\":\"https:\/\/fittwear.nl\/#website\",\"url\":\"https:\/\/fittwear.nl\/\",\"name\":\"FITTwear.nl\",\"description\":\"Time to shine!\",\"publisher\":{\"@id\":\"https:\/\/fittwear.nl\/#organization\"},\"potentialAction\":[{\"@type\":\"SearchAction\",\"target\":{\"@type\":\"EntryPoint\",\"urlTemplate\":\"https:\/\/fittwear.nl\/?s={search_term_string}\"},\"query-input\":{\"@type\":\"PropertyValueSpecification\",\"valueRequired\":true,\"valueName\":\"search_term_string\"}}],\"inLanguage\":\"de\"},{\"@type\":\"Organization\",\"@id\":\"https:\/\/fittwear.nl\/#organization\",\"name\":\"FITTwear.nl\",\"url\":\"https:\/\/fittwear.nl\/\",\"logo\":{\"@type\":\"ImageObject\",\"inLanguage\":\"de\",\"@id\":\"https:\/\/fittwear.nl\/#\/schema\/logo\/image\/\",\"url\":\"https:\/\/fittwear.nl\/wp-content\/uploads\/2024\/07\/FITT-Logo-BeYOUtiful-website-homepage_Tekengebied-1-scaled.jpg\",\"contentUrl\":\"https:\/\/fittwear.nl\/wp-content\/uploads\/2024\/07\/FITT-Logo-BeYOUtiful-website-homepage_Tekengebied-1-scaled.jpg\",\"width\":2560,\"height\":599,\"caption\":\"FITTwear.nl\"},\"image\":{\"@id\":\"https:\/\/fittwear.nl\/#\/schema\/logo\/image\/\"}}]}<\/script>\n<!-- \/ Yoast SEO plugin. -->","yoast_head_json":{"title":"Element Top Schwarz - FITTwear.de","description":"Das Element Top ist das unverzichtbare Oberteil in Ihrem Kleiderschrank, wenn Sie es l\u00e4ssig und stilvoll zugleich lieben. Bist du noch auf der Suche nach dem perfekten Oberteil, um intensiv zu trainieren, eine entspannte Yoga-Session zu machen oder l\u00e4ssig zu tragen? Dann ist dies das perfekte Oberteil f\u00fcr Sie! Unser Element Top ist aus d\u00fcnnem Stoff, wodurch es besonders atmungsaktiv ist, und ist etwas l\u00e4nger als ein Crop Top. Und haben Sie auch die s\u00fc\u00dfe Rippenstruktur und die Knitterdetails an den Seiten bemerkt? Freiheit, Bequemlichkeit, Stil, Praktikabilit\u00e4t und ein tolles Aussehen - das ist es, was dieses Oberteil Ihnen zu bieten hat. Das Oberteil l\u00e4sst sich leicht mit den anderen Teilen unserer Kollektion und Ihrer Garderobe kombinieren, was es zu einem unverzichtbaren Basic macht! Das Oberteil eignet sich f\u00fcr alle Arten von Aktivit\u00e4ten, wie z. B. eine Wanderung, ein intensives Workout, Krafttraining, Laufen oder f\u00fcr die Freizeit mit Ihren Freundinnen. Alles in allem ein vielseitiges Oberteil, das eine Menge zu bieten hat!","robots":{"index":"index","follow":"follow","max-snippet":"max-snippet:-1","max-image-preview":"max-image-preview:large","max-video-preview":"max-video-preview:-1"},"canonical":"https:\/\/fittwear.nl\/de\/produkt-2\/element-top-schwarz\/","og_locale":"de_DE","og_type":"article","og_title":"Element Top Black - FITTwear.nl","og_description":"De Element Top is de onmisbare top in jouw garderobe wanneer je houdt van casual en stylish in \u00e9\u00e9n. Ben je nog steeds op zoek naar d\u00e9 perfecte top om intensief in te sporten, een rustgevende yoga-sessie te doen of om casual te dragen? Dan is dit de perfecte top voor jou! Onze Element Top is dun van stof, hierdoor extra ademend en is net wat langer dan een crop top. En heb je ook de leuke rib structuur stof en scrunch details aan de zijkanten opgemerkt? Vrijheid, comfy, stylish, praktisch en een fantastisch uitziende top is hetgeen wat dit item jou te bieden heeft. De top is gemakkelijk te combineren met de andere items binnen onze collectie en jouw garderobe, een onmisbare basic dus! De top is in te zetten voor allerlei activiteiten, zoals een hike, een intensieve workout, krachttraining, hardlopen of om te dragen in je vrije tijd met je vriendinnen. Al met al een veelzijdige top die veel te bieden heeft!","og_url":"https:\/\/fittwear.nl\/de\/produkt-2\/element-top-schwarz\/","og_site_name":"FITTwear.nl","article_modified_time":"2026-04-17T02:14:29+00:00","og_image":[{"width":1707,"height":2560,"url":"https:\/\/fittwear.nl\/wp-content\/uploads\/2023\/07\/ellemenr-zwart-flare-terra_Voorkant-boven_jpg_3-kopieren-scaled.jpg","type":"image\/jpeg"}],"twitter_card":"summary_large_image","twitter_misc":{"Gesch\u00e4tzte Lesezeit":"1\u00a0Minute"},"schema":{"@context":"https:\/\/schema.org","@graph":[{"@type":"WebPage","@id":"https:\/\/fittwear.nl\/product\/element-top-black\/","url":"https:\/\/fittwear.nl\/product\/element-top-black\/","name":"Element Top Schwarz - FITTwear.de","isPartOf":{"@id":"https:\/\/fittwear.nl\/#website"},"primaryImageOfPage":{"@id":"https:\/\/fittwear.nl\/product\/element-top-black\/#primaryimage"},"image":{"@id":"https:\/\/fittwear.nl\/product\/element-top-black\/#primaryimage"},"thumbnailUrl":"https:\/\/fittwear.nl\/wp-content\/uploads\/2023\/07\/ellemenr-zwart-flare-terra_Voorkant-boven_jpg_3-kopieren-scaled.jpg","datePublished":"2023-07-19T07:25:24+00:00","dateModified":"2026-04-17T02:14:29+00:00","description":"Das Element Top ist das unverzichtbare Oberteil in Ihrem Kleiderschrank, wenn Sie es l\u00e4ssig und stilvoll zugleich lieben. Bist du noch auf der Suche nach dem perfekten Oberteil, um intensiv zu trainieren, eine entspannte Yoga-Session zu machen oder l\u00e4ssig zu tragen? Dann ist dies das perfekte Oberteil f\u00fcr Sie! Unser Element Top ist aus d\u00fcnnem Stoff, wodurch es besonders atmungsaktiv ist, und ist etwas l\u00e4nger als ein Crop Top. Und haben Sie auch die s\u00fc\u00dfe Rippenstruktur und die Knitterdetails an den Seiten bemerkt? Freiheit, Bequemlichkeit, Stil, Praktikabilit\u00e4t und ein tolles Aussehen - das ist es, was dieses Oberteil Ihnen zu bieten hat. Das Oberteil l\u00e4sst sich leicht mit den anderen Teilen unserer Kollektion und Ihrer Garderobe kombinieren, was es zu einem unverzichtbaren Basic macht! Das Oberteil eignet sich f\u00fcr alle Arten von Aktivit\u00e4ten, wie z. B. eine Wanderung, ein intensives Workout, Krafttraining, Laufen oder f\u00fcr die Freizeit mit Ihren Freundinnen. Alles in allem ein vielseitiges Oberteil, das eine Menge zu bieten hat!","breadcrumb":{"@id":"https:\/\/fittwear.nl\/product\/element-top-black\/#breadcrumb"},"inLanguage":"de","potentialAction":[{"@type":"ReadAction","target":["https:\/\/fittwear.nl\/product\/element-top-black\/"]}]},{"@type":"ImageObject","inLanguage":"de","@id":"https:\/\/fittwear.nl\/product\/element-top-black\/#primaryimage","url":"https:\/\/fittwear.nl\/wp-content\/uploads\/2023\/07\/ellemenr-zwart-flare-terra_Voorkant-boven_jpg_3-kopieren-scaled.jpg","contentUrl":"https:\/\/fittwear.nl\/wp-content\/uploads\/2023\/07\/ellemenr-zwart-flare-terra_Voorkant-boven_jpg_3-kopieren-scaled.jpg","width":1707,"height":2560},{"@type":"BreadcrumbList","@id":"https:\/\/fittwear.nl\/product\/element-top-black\/#breadcrumb","itemListElement":[{"@type":"ListItem","position":1,"name":"Home","item":"https:\/\/fittwear.nl\/"},{"@type":"ListItem","position":2,"name":"Shop","item":"https:\/\/fittwear.nl\/shop\/"},{"@type":"ListItem","position":3,"name":"Element Top Black"}]},{"@type":"WebSite","@id":"https:\/\/fittwear.nl\/#website","url":"https:\/\/fittwear.nl\/","name":"FITTwear.co.uk","description":"Zeit zu gl\u00e4nzen!","publisher":{"@id":"https:\/\/fittwear.nl\/#organization"},"potentialAction":[{"@type":"SearchAction","target":{"@type":"EntryPoint","urlTemplate":"https:\/\/fittwear.nl\/?s={search_term_string}"},"query-input":{"@type":"PropertyValueSpecification","valueRequired":true,"valueName":"search_term_string"}}],"inLanguage":"de"},{"@type":"Organization","@id":"https:\/\/fittwear.nl\/#organization","name":"FITTwear.co.uk","url":"https:\/\/fittwear.nl\/","logo":{"@type":"ImageObject","inLanguage":"de","@id":"https:\/\/fittwear.nl\/#\/schema\/logo\/image\/","url":"https:\/\/fittwear.nl\/wp-content\/uploads\/2024\/07\/FITT-Logo-BeYOUtiful-website-homepage_Tekengebied-1-scaled.jpg","contentUrl":"https:\/\/fittwear.nl\/wp-content\/uploads\/2024\/07\/FITT-Logo-BeYOUtiful-website-homepage_Tekengebied-1-scaled.jpg","width":2560,"height":599,"caption":"FITTwear.nl"},"image":{"@id":"https:\/\/fittwear.nl\/#\/schema\/logo\/image\/"}}]}},"_links":{"self":[{"href":"https:\/\/fittwear.nl\/de\/wp-json\/wp\/v2\/product\/69711","targetHints":{"allow":["GET"]}}],"collection":[{"href":"https:\/\/fittwear.nl\/de\/wp-json\/wp\/v2\/product"}],"about":[{"href":"https:\/\/fittwear.nl\/de\/wp-json\/wp\/v2\/types\/product"}],"wp:featuredmedia":[{"embeddable":true,"href":"https:\/\/fittwear.nl\/de\/wp-json\/wp\/v2\/media\/70943"}],"wp:attachment":[{"href":"https:\/\/fittwear.nl\/de\/wp-json\/wp\/v2\/media?parent=69711"}],"wp:term":[{"taxonomy":"product_brand","embeddable":true,"href":"https:\/\/fittwear.nl\/de\/wp-json\/wp\/v2\/product_brand?post=69711"},{"taxonomy":"product_cat","embeddable":true,"href":"https:\/\/fittwear.nl\/de\/wp-json\/wp\/v2\/product_cat?post=69711"},{"taxonomy":"product_tag","embeddable":true,"href":"https:\/\/fittwear.nl\/de\/wp-json\/wp\/v2\/product_tag?post=69711"}],"curies":[{"name":"wp","href":"https:\/\/api.w.org\/{rel}","templated":true}]}}