{"id":69726,"date":"2023-07-19T09:34:11","date_gmt":"2023-07-19T07:34:11","guid":{"rendered":"https:\/\/fittwear.nl\/?post_type=product&#038;p=69726"},"modified":"2026-04-06T14:45:55","modified_gmt":"2026-04-06T12:45:55","slug":"kurzrippe-einteilig-schwarz","status":"publish","type":"product","link":"https:\/\/fittwear.nl\/de\/product\/short-rib-one-piece-black\/","title":{"rendered":"Kurzer Rippeneinteiler Schwarz"},"content":{"rendered":"<p>- Dehnbarer Stoff<\/p>\n\n\n\n<p>- Rippengewebe<\/p>\n\n\n\n<p>- Extra-schlanke Taille<\/p>\n\n\n\n<p>- Abnehmbare Pads<\/p>\n\n\n\n<p>- Dezentes Logo auf der R\u00fcckseite<\/p>\n\n\n\n<p>- Farbe: Schwarz<\/p>\n\n\n\n<p>- 13% Spandex, 87% Nylon<\/p>\n\n\n\n<p>- Waschbar bis zu 30\u2103<\/p>\n\n\n\n<p>- Model Sophie ist 1,75 und tr\u00e4gt Gr\u00f6\u00dfe S<\/p>","protected":false},"excerpt":{"rendered":"<p>Trendiger Jumpsuit, stilvoll und komfortabel in einem f\u00fcr Ihr Training oder wenn Sie es in Ihrem t\u00e4glichen Routine tragen. Der Short Rib One Piece ist eine Bereicherung f\u00fcr deine Garderobe. Er ist nicht nur ein gro\u00dfartiges Teil f\u00fcr dein Training, sondern auch sehr stilvoll, wenn du ihn im Alltag tr\u00e4gst und ihn eventuell mit einem Blazer abrundest. Dehnbar, bequem, schlank machend und nicht verrutschend w\u00e4hrend Ihres intensiven Trainings, was will man mehr? Erleben Sie das Gef\u00fchl der Freiheit bei allem, was Sie tun, mit diesem tollen kurzen Einteiler. Ideal f\u00fcr den Sommer oder w\u00e4hrend intensiver Workouts, bei denen Sie sich hei\u00df f\u00fchlen. Die herausnehmbaren Polster, der Stretch und der Schlankheitseffekt sorgen f\u00fcr eine perfekte Passform!<\/p>","protected":false},"featured_media":73499,"template":"","meta":{"_acf_changed":false},"product_brand":[],"product_cat":[4791,63,4744,4794,93,4868,4799],"product_tag":[],"class_list":{"0":"post-69726","1":"product","2":"type-product","3":"status-publish","4":"has-post-thumbnail","6":"product_cat-city-vibes","7":"product_cat-curves","8":"product_cat-geen-scrunch-shorts","9":"product_cat-mindful-movement","10":"product_cat-shorts","11":"product_cat-sportjumpsuits","12":"product_cat-structures","14":"first","15":"instock","16":"taxable","17":"shipping-taxable","18":"purchasable","19":"product-type-variable","20":"has-default-attributes"},"acf":[],"yoast_head":"<!-- This site is optimized with the Yoast SEO plugin v27.1.1 - https:\/\/yoast.com\/product\/yoast-seo-wordpress\/ -->\n<title>Short Rib One Piece Black - FITTwear.nl<\/title>\n<meta name=\"description\" content=\"Trendy jumpsuit, stylish en comfort in een voor tijdens jouw workout of wanneer je hem draagt in je dagelijkse routine. De Short Rib One Piece is een toevoeging voor in jouw kledingkast, niet alleen is het een fantastisch item voor tijdens het sporten, maar ook erg stylish door hem te dragen in het dagelijks leven en eventueel af te stijlen met een blazer. Stretchy, comfort, slimming en zakt niet af tijdens jouw intensieve workout, wat wil je nog meer? Ervaar het gevoel van vrijheid in hetgeen wat je doet met deze geweldige Short One Piece. Ideaal voor in de zomer of tijdens de intensieve workouts waar je het warm van krijgt. De uitneembare pads, de stretch en het slimming effect zorgen voor de perfecte pasvorm voor jouw lichaam!\" \/>\n<meta name=\"robots\" content=\"index, follow, max-snippet:-1, max-image-preview:large, max-video-preview:-1\" \/>\n<link rel=\"canonical\" href=\"https:\/\/fittwear.nl\/de\/produkt-2\/kurzrippe-einteilig-schwarz\/\" \/>\n<meta property=\"og:locale\" content=\"de_DE\" \/>\n<meta property=\"og:type\" content=\"article\" \/>\n<meta property=\"og:title\" content=\"Short Rib One Piece Black - FITTwear.nl\" \/>\n<meta property=\"og:description\" content=\"Trendy jumpsuit, stylish en comfort in een voor tijdens jouw workout of wanneer je hem draagt in je dagelijkse routine. De Short Rib One Piece is een toevoeging voor in jouw kledingkast, niet alleen is het een fantastisch item voor tijdens het sporten, maar ook erg stylish door hem te dragen in het dagelijks leven en eventueel af te stijlen met een blazer. Stretchy, comfort, slimming en zakt niet af tijdens jouw intensieve workout, wat wil je nog meer? Ervaar het gevoel van vrijheid in hetgeen wat je doet met deze geweldige Short One Piece. Ideaal voor in de zomer of tijdens de intensieve workouts waar je het warm van krijgt. De uitneembare pads, de stretch en het slimming effect zorgen voor de perfecte pasvorm voor jouw lichaam!\" \/>\n<meta property=\"og:url\" content=\"https:\/\/fittwear.nl\/de\/produkt-2\/kurzrippe-einteilig-schwarz\/\" \/>\n<meta property=\"og:site_name\" content=\"FITTwear.nl\" \/>\n<meta property=\"article:modified_time\" content=\"2026-04-06T12:45:55+00:00\" \/>\n<meta property=\"og:image\" content=\"https:\/\/fittwear.nl\/wp-content\/uploads\/2023\/07\/jumpsuit-zwart-kort_Fullbody_jpg_2-scaled.jpg\" \/>\n\t<meta property=\"og:image:width\" content=\"1707\" \/>\n\t<meta property=\"og:image:height\" content=\"2560\" \/>\n\t<meta property=\"og:image:type\" content=\"image\/jpeg\" \/>\n<meta name=\"twitter:card\" content=\"summary_large_image\" \/>\n<meta name=\"twitter:label1\" content=\"Gesch\u00e4tzte Lesezeit\" \/>\n\t<meta name=\"twitter:data1\" content=\"1\u00a0Minute\" \/>\n<script type=\"application\/ld+json\" class=\"yoast-schema-graph\">{\"@context\":\"https:\/\/schema.org\",\"@graph\":[{\"@type\":\"WebPage\",\"@id\":\"https:\/\/fittwear.nl\/product\/short-rib-one-piece-black\/\",\"url\":\"https:\/\/fittwear.nl\/product\/short-rib-one-piece-black\/\",\"name\":\"Short Rib One Piece Black - FITTwear.nl\",\"isPartOf\":{\"@id\":\"https:\/\/fittwear.nl\/#website\"},\"primaryImageOfPage\":{\"@id\":\"https:\/\/fittwear.nl\/product\/short-rib-one-piece-black\/#primaryimage\"},\"image\":{\"@id\":\"https:\/\/fittwear.nl\/product\/short-rib-one-piece-black\/#primaryimage\"},\"thumbnailUrl\":\"https:\/\/fittwear.nl\/wp-content\/uploads\/2023\/07\/jumpsuit-zwart-kort_Fullbody_jpg_2-scaled.jpg\",\"datePublished\":\"2023-07-19T07:34:11+00:00\",\"dateModified\":\"2026-04-06T12:45:55+00:00\",\"description\":\"Trendy jumpsuit, stylish en comfort in een voor tijdens jouw workout of wanneer je hem draagt in je dagelijkse routine. De Short Rib One Piece is een toevoeging voor in jouw kledingkast, niet alleen is het een fantastisch item voor tijdens het sporten, maar ook erg stylish door hem te dragen in het dagelijks leven en eventueel af te stijlen met een blazer. Stretchy, comfort, slimming en zakt niet af tijdens jouw intensieve workout, wat wil je nog meer? Ervaar het gevoel van vrijheid in hetgeen wat je doet met deze geweldige Short One Piece. Ideaal voor in de zomer of tijdens de intensieve workouts waar je het warm van krijgt. De uitneembare pads, de stretch en het slimming effect zorgen voor de perfecte pasvorm voor jouw lichaam!\",\"breadcrumb\":{\"@id\":\"https:\/\/fittwear.nl\/product\/short-rib-one-piece-black\/#breadcrumb\"},\"inLanguage\":\"de\",\"potentialAction\":[{\"@type\":\"ReadAction\",\"target\":[\"https:\/\/fittwear.nl\/product\/short-rib-one-piece-black\/\"]}]},{\"@type\":\"ImageObject\",\"inLanguage\":\"de\",\"@id\":\"https:\/\/fittwear.nl\/product\/short-rib-one-piece-black\/#primaryimage\",\"url\":\"https:\/\/fittwear.nl\/wp-content\/uploads\/2023\/07\/jumpsuit-zwart-kort_Fullbody_jpg_2-scaled.jpg\",\"contentUrl\":\"https:\/\/fittwear.nl\/wp-content\/uploads\/2023\/07\/jumpsuit-zwart-kort_Fullbody_jpg_2-scaled.jpg\",\"width\":1707,\"height\":2560},{\"@type\":\"BreadcrumbList\",\"@id\":\"https:\/\/fittwear.nl\/product\/short-rib-one-piece-black\/#breadcrumb\",\"itemListElement\":[{\"@type\":\"ListItem\",\"position\":1,\"name\":\"Home\",\"item\":\"https:\/\/fittwear.nl\/\"},{\"@type\":\"ListItem\",\"position\":2,\"name\":\"Shop\",\"item\":\"https:\/\/fittwear.nl\/shop\/\"},{\"@type\":\"ListItem\",\"position\":3,\"name\":\"Short Rib One Piece Black\"}]},{\"@type\":\"WebSite\",\"@id\":\"https:\/\/fittwear.nl\/#website\",\"url\":\"https:\/\/fittwear.nl\/\",\"name\":\"FITTwear.nl\",\"description\":\"Time to shine!\",\"publisher\":{\"@id\":\"https:\/\/fittwear.nl\/#organization\"},\"potentialAction\":[{\"@type\":\"SearchAction\",\"target\":{\"@type\":\"EntryPoint\",\"urlTemplate\":\"https:\/\/fittwear.nl\/?s={search_term_string}\"},\"query-input\":{\"@type\":\"PropertyValueSpecification\",\"valueRequired\":true,\"valueName\":\"search_term_string\"}}],\"inLanguage\":\"de\"},{\"@type\":\"Organization\",\"@id\":\"https:\/\/fittwear.nl\/#organization\",\"name\":\"FITTwear.nl\",\"url\":\"https:\/\/fittwear.nl\/\",\"logo\":{\"@type\":\"ImageObject\",\"inLanguage\":\"de\",\"@id\":\"https:\/\/fittwear.nl\/#\/schema\/logo\/image\/\",\"url\":\"https:\/\/fittwear.nl\/wp-content\/uploads\/2024\/07\/FITT-Logo-BeYOUtiful-website-homepage_Tekengebied-1-scaled.jpg\",\"contentUrl\":\"https:\/\/fittwear.nl\/wp-content\/uploads\/2024\/07\/FITT-Logo-BeYOUtiful-website-homepage_Tekengebied-1-scaled.jpg\",\"width\":2560,\"height\":599,\"caption\":\"FITTwear.nl\"},\"image\":{\"@id\":\"https:\/\/fittwear.nl\/#\/schema\/logo\/image\/\"}}]}<\/script>\n<!-- \/ Yoast SEO plugin. -->","yoast_head_json":{"title":"Kurzer Rippen-Einteiler Schwarz - FITTwear.de","description":"Trendiger Jumpsuit, stilvoll und komfortabel in einem f\u00fcr Ihr Training oder wenn Sie es in Ihrem t\u00e4glichen Routine tragen. Der Short Rib One Piece ist eine Bereicherung f\u00fcr deine Garderobe. Er ist nicht nur ein gro\u00dfartiges Teil f\u00fcr dein Training, sondern auch sehr stilvoll, wenn du ihn im Alltag tr\u00e4gst und ihn eventuell mit einem Blazer abrundest. Dehnbar, bequem, schlank machend und nicht verrutschend w\u00e4hrend Ihres intensiven Trainings, was will man mehr? Erleben Sie das Gef\u00fchl der Freiheit bei allem, was Sie tun, mit diesem tollen kurzen Einteiler. Ideal f\u00fcr den Sommer oder w\u00e4hrend intensiver Workouts, bei denen Sie sich hei\u00df f\u00fchlen. Die herausnehmbaren Polster, der Stretch und der Schlankheitseffekt sorgen f\u00fcr eine perfekte Passform!","robots":{"index":"index","follow":"follow","max-snippet":"max-snippet:-1","max-image-preview":"max-image-preview:large","max-video-preview":"max-video-preview:-1"},"canonical":"https:\/\/fittwear.nl\/de\/produkt-2\/kurzrippe-einteilig-schwarz\/","og_locale":"de_DE","og_type":"article","og_title":"Short Rib One Piece Black - FITTwear.nl","og_description":"Trendy jumpsuit, stylish en comfort in een voor tijdens jouw workout of wanneer je hem draagt in je dagelijkse routine. De Short Rib One Piece is een toevoeging voor in jouw kledingkast, niet alleen is het een fantastisch item voor tijdens het sporten, maar ook erg stylish door hem te dragen in het dagelijks leven en eventueel af te stijlen met een blazer. Stretchy, comfort, slimming en zakt niet af tijdens jouw intensieve workout, wat wil je nog meer? Ervaar het gevoel van vrijheid in hetgeen wat je doet met deze geweldige Short One Piece. Ideaal voor in de zomer of tijdens de intensieve workouts waar je het warm van krijgt. De uitneembare pads, de stretch en het slimming effect zorgen voor de perfecte pasvorm voor jouw lichaam!","og_url":"https:\/\/fittwear.nl\/de\/produkt-2\/kurzrippe-einteilig-schwarz\/","og_site_name":"FITTwear.nl","article_modified_time":"2026-04-06T12:45:55+00:00","og_image":[{"width":1707,"height":2560,"url":"https:\/\/fittwear.nl\/wp-content\/uploads\/2023\/07\/jumpsuit-zwart-kort_Fullbody_jpg_2-scaled.jpg","type":"image\/jpeg"}],"twitter_card":"summary_large_image","twitter_misc":{"Gesch\u00e4tzte Lesezeit":"1\u00a0Minute"},"schema":{"@context":"https:\/\/schema.org","@graph":[{"@type":"WebPage","@id":"https:\/\/fittwear.nl\/product\/short-rib-one-piece-black\/","url":"https:\/\/fittwear.nl\/product\/short-rib-one-piece-black\/","name":"Kurzer Rippen-Einteiler Schwarz - FITTwear.de","isPartOf":{"@id":"https:\/\/fittwear.nl\/#website"},"primaryImageOfPage":{"@id":"https:\/\/fittwear.nl\/product\/short-rib-one-piece-black\/#primaryimage"},"image":{"@id":"https:\/\/fittwear.nl\/product\/short-rib-one-piece-black\/#primaryimage"},"thumbnailUrl":"https:\/\/fittwear.nl\/wp-content\/uploads\/2023\/07\/jumpsuit-zwart-kort_Fullbody_jpg_2-scaled.jpg","datePublished":"2023-07-19T07:34:11+00:00","dateModified":"2026-04-06T12:45:55+00:00","description":"Trendiger Jumpsuit, stilvoll und komfortabel in einem f\u00fcr Ihr Training oder wenn Sie es in Ihrem t\u00e4glichen Routine tragen. Der Short Rib One Piece ist eine Bereicherung f\u00fcr deine Garderobe. Er ist nicht nur ein gro\u00dfartiges Teil f\u00fcr dein Training, sondern auch sehr stilvoll, wenn du ihn im Alltag tr\u00e4gst und ihn eventuell mit einem Blazer abrundest. Dehnbar, bequem, schlank machend und nicht verrutschend w\u00e4hrend Ihres intensiven Trainings, was will man mehr? Erleben Sie das Gef\u00fchl der Freiheit bei allem, was Sie tun, mit diesem tollen kurzen Einteiler. Ideal f\u00fcr den Sommer oder w\u00e4hrend intensiver Workouts, bei denen Sie sich hei\u00df f\u00fchlen. Die herausnehmbaren Polster, der Stretch und der Schlankheitseffekt sorgen f\u00fcr eine perfekte Passform!","breadcrumb":{"@id":"https:\/\/fittwear.nl\/product\/short-rib-one-piece-black\/#breadcrumb"},"inLanguage":"de","potentialAction":[{"@type":"ReadAction","target":["https:\/\/fittwear.nl\/product\/short-rib-one-piece-black\/"]}]},{"@type":"ImageObject","inLanguage":"de","@id":"https:\/\/fittwear.nl\/product\/short-rib-one-piece-black\/#primaryimage","url":"https:\/\/fittwear.nl\/wp-content\/uploads\/2023\/07\/jumpsuit-zwart-kort_Fullbody_jpg_2-scaled.jpg","contentUrl":"https:\/\/fittwear.nl\/wp-content\/uploads\/2023\/07\/jumpsuit-zwart-kort_Fullbody_jpg_2-scaled.jpg","width":1707,"height":2560},{"@type":"BreadcrumbList","@id":"https:\/\/fittwear.nl\/product\/short-rib-one-piece-black\/#breadcrumb","itemListElement":[{"@type":"ListItem","position":1,"name":"Home","item":"https:\/\/fittwear.nl\/"},{"@type":"ListItem","position":2,"name":"Shop","item":"https:\/\/fittwear.nl\/shop\/"},{"@type":"ListItem","position":3,"name":"Short Rib One Piece Black"}]},{"@type":"WebSite","@id":"https:\/\/fittwear.nl\/#website","url":"https:\/\/fittwear.nl\/","name":"FITTwear.co.uk","description":"Zeit zu gl\u00e4nzen!","publisher":{"@id":"https:\/\/fittwear.nl\/#organization"},"potentialAction":[{"@type":"SearchAction","target":{"@type":"EntryPoint","urlTemplate":"https:\/\/fittwear.nl\/?s={search_term_string}"},"query-input":{"@type":"PropertyValueSpecification","valueRequired":true,"valueName":"search_term_string"}}],"inLanguage":"de"},{"@type":"Organization","@id":"https:\/\/fittwear.nl\/#organization","name":"FITTwear.co.uk","url":"https:\/\/fittwear.nl\/","logo":{"@type":"ImageObject","inLanguage":"de","@id":"https:\/\/fittwear.nl\/#\/schema\/logo\/image\/","url":"https:\/\/fittwear.nl\/wp-content\/uploads\/2024\/07\/FITT-Logo-BeYOUtiful-website-homepage_Tekengebied-1-scaled.jpg","contentUrl":"https:\/\/fittwear.nl\/wp-content\/uploads\/2024\/07\/FITT-Logo-BeYOUtiful-website-homepage_Tekengebied-1-scaled.jpg","width":2560,"height":599,"caption":"FITTwear.nl"},"image":{"@id":"https:\/\/fittwear.nl\/#\/schema\/logo\/image\/"}}]}},"_links":{"self":[{"href":"https:\/\/fittwear.nl\/de\/wp-json\/wp\/v2\/product\/69726","targetHints":{"allow":["GET"]}}],"collection":[{"href":"https:\/\/fittwear.nl\/de\/wp-json\/wp\/v2\/product"}],"about":[{"href":"https:\/\/fittwear.nl\/de\/wp-json\/wp\/v2\/types\/product"}],"wp:featuredmedia":[{"embeddable":true,"href":"https:\/\/fittwear.nl\/de\/wp-json\/wp\/v2\/media\/73499"}],"wp:attachment":[{"href":"https:\/\/fittwear.nl\/de\/wp-json\/wp\/v2\/media?parent=69726"}],"wp:term":[{"taxonomy":"product_brand","embeddable":true,"href":"https:\/\/fittwear.nl\/de\/wp-json\/wp\/v2\/product_brand?post=69726"},{"taxonomy":"product_cat","embeddable":true,"href":"https:\/\/fittwear.nl\/de\/wp-json\/wp\/v2\/product_cat?post=69726"},{"taxonomy":"product_tag","embeddable":true,"href":"https:\/\/fittwear.nl\/de\/wp-json\/wp\/v2\/product_tag?post=69726"}],"curies":[{"name":"wp","href":"https:\/\/api.w.org\/{rel}","templated":true}]}}