{"id":72128,"date":"2023-08-18T09:46:31","date_gmt":"2023-08-18T07:46:31","guid":{"rendered":"https:\/\/fittwear.nl\/?post_type=product&#038;p=72128"},"modified":"2026-04-27T15:07:34","modified_gmt":"2026-04-27T13:07:34","slug":"criss-cross-overall-schwarz","status":"publish","type":"product","link":"https:\/\/fittwear.nl\/de\/product\/criss-cross-jumpsuit-black\/","title":{"rendered":"Criss Cross Jumpsuit Schwarz"},"content":{"rendered":"<p>- Dehnbarer Einteiler<\/p>\n\n\n\n<p>- Sch\u00f6ne R\u00fcckendetails<\/p>\n\n\n\n<p>- Atmungsaktiver und schnell trocknender Stoff<\/p>\n\n\n\n<p>- Abnehmbare Pads<\/p>\n\n\n\n<p>- Farbe: Schwarz<\/p>\n\n\n\n<p>- Waschbar bis zu 30\u00b0<\/p>\n\n\n\n<p>- Model Sophie ist 1,75 und tr\u00e4gt Gr\u00f6\u00dfe S<\/p>","protected":false},"excerpt":{"rendered":"<p>F\u00e4llt es Ihnen auch so schwer, sich zu \u00fcberlegen, was Sie dazu anziehen sollen? Dann ist dieser Criss Cross Jumpsuit genau das Richtige f\u00fcr Sie. Kein Stress mehr, welches Oberteil oder welche Leggings das perfekte Outfit ergeben, jetzt bist du mit einem Schlag fertig! Das dehnbare Material, der bewegliche und schnelltrocknende Stoff, die herausnehmbaren Polster und die Details machen diesen Artikel zu einem unverzichtbaren Bestandteil Ihrer Garderobe. Erleben Sie den Komfort dieses Kleidungsst\u00fccks, indem Sie es bei all Ihren Aktivit\u00e4ten tragen. Ob Sie nun wandern, ein Cardio-Workout absolvieren oder bei einer Yoga-Session entspannen, dieser trendige Jumpsuit kann alles.<\/p>","protected":false},"featured_media":72124,"template":"","meta":{"_acf_changed":false},"product_brand":[],"product_cat":[4791,63,4815,4794,4826],"product_tag":[],"class_list":{"0":"post-72128","1":"product","2":"type-product","3":"status-publish","4":"has-post-thumbnail","6":"product_cat-city-vibes","7":"product_cat-curves","8":"product_cat-jumpsuit-dames","9":"product_cat-mindful-movement","10":"product_cat-one-piece","12":"first","13":"outofstock","14":"taxable","15":"shipping-taxable","16":"product-type-variable","17":"has-default-attributes"},"acf":[],"yoast_head":"<!-- This site is optimized with the Yoast SEO plugin v27.1.1 - https:\/\/yoast.com\/product\/yoast-seo-wordpress\/ -->\n<title>Criss Cross Jumpsuit Black - FITTwear.nl<\/title>\n<meta name=\"description\" content=\"Vind jij het ook zo lastig om te bedenken welke matchende items je moet aantrekken? Dan is deze Criss Cross Jumpsuit echt iets voor jou. Geen stress over welke top of legging de perfecte outfit maken, nu ben je in een keer klaar! Door het stretchy materiaal, de meebewegende en sneldrogende stof, de uitneembare pads en de details is dit het item wat onmisbaar is binnen jouw garderobe. Ervaar het comfort van deze one piece door hem in te zetten tijdens al jouw activiteiten. Of je nu gaat hiken, een cardiotraining aangaat of gaat ontspannen tijdens een yoga-sessie, met deze trendy jumpsuit kan het allemaal.\" \/>\n<meta name=\"robots\" content=\"index, follow, max-snippet:-1, max-image-preview:large, max-video-preview:-1\" \/>\n<link rel=\"canonical\" href=\"https:\/\/fittwear.nl\/de\/produkt-2\/criss-cross-overall-schwarz\/\" \/>\n<meta property=\"og:locale\" content=\"de_DE\" \/>\n<meta property=\"og:type\" content=\"article\" \/>\n<meta property=\"og:title\" content=\"Criss Cross Jumpsuit Black - FITTwear.nl\" \/>\n<meta property=\"og:description\" content=\"Vind jij het ook zo lastig om te bedenken welke matchende items je moet aantrekken? Dan is deze Criss Cross Jumpsuit echt iets voor jou. Geen stress over welke top of legging de perfecte outfit maken, nu ben je in een keer klaar! Door het stretchy materiaal, de meebewegende en sneldrogende stof, de uitneembare pads en de details is dit het item wat onmisbaar is binnen jouw garderobe. Ervaar het comfort van deze one piece door hem in te zetten tijdens al jouw activiteiten. Of je nu gaat hiken, een cardiotraining aangaat of gaat ontspannen tijdens een yoga-sessie, met deze trendy jumpsuit kan het allemaal.\" \/>\n<meta property=\"og:url\" content=\"https:\/\/fittwear.nl\/de\/produkt-2\/criss-cross-overall-schwarz\/\" \/>\n<meta property=\"og:site_name\" content=\"FITTwear.nl\" \/>\n<meta property=\"article:modified_time\" content=\"2026-04-27T13:07:34+00:00\" \/>\n<meta property=\"og:image\" content=\"https:\/\/fittwear.nl\/wp-content\/uploads\/2023\/08\/Jumpsuit-voor-zwart-.jpg\" \/>\n\t<meta property=\"og:image:width\" content=\"1200\" \/>\n\t<meta property=\"og:image:height\" content=\"1800\" \/>\n\t<meta property=\"og:image:type\" content=\"image\/jpeg\" \/>\n<meta name=\"twitter:card\" content=\"summary_large_image\" \/>\n<meta name=\"twitter:label1\" content=\"Gesch\u00e4tzte Lesezeit\" \/>\n\t<meta name=\"twitter:data1\" content=\"1\u00a0Minute\" \/>\n<script type=\"application\/ld+json\" class=\"yoast-schema-graph\">{\"@context\":\"https:\/\/schema.org\",\"@graph\":[{\"@type\":\"WebPage\",\"@id\":\"https:\/\/fittwear.nl\/product\/criss-cross-jumpsuit-black\/\",\"url\":\"https:\/\/fittwear.nl\/product\/criss-cross-jumpsuit-black\/\",\"name\":\"Criss Cross Jumpsuit Black - FITTwear.nl\",\"isPartOf\":{\"@id\":\"https:\/\/fittwear.nl\/#website\"},\"primaryImageOfPage\":{\"@id\":\"https:\/\/fittwear.nl\/product\/criss-cross-jumpsuit-black\/#primaryimage\"},\"image\":{\"@id\":\"https:\/\/fittwear.nl\/product\/criss-cross-jumpsuit-black\/#primaryimage\"},\"thumbnailUrl\":\"https:\/\/fittwear.nl\/wp-content\/uploads\/2023\/08\/Jumpsuit-voor-zwart-.jpg\",\"datePublished\":\"2023-08-18T07:46:31+00:00\",\"dateModified\":\"2026-04-27T13:07:34+00:00\",\"description\":\"Vind jij het ook zo lastig om te bedenken welke matchende items je moet aantrekken? Dan is deze Criss Cross Jumpsuit echt iets voor jou. Geen stress over welke top of legging de perfecte outfit maken, nu ben je in een keer klaar! Door het stretchy materiaal, de meebewegende en sneldrogende stof, de uitneembare pads en de details is dit het item wat onmisbaar is binnen jouw garderobe. Ervaar het comfort van deze one piece door hem in te zetten tijdens al jouw activiteiten. Of je nu gaat hiken, een cardiotraining aangaat of gaat ontspannen tijdens een yoga-sessie, met deze trendy jumpsuit kan het allemaal.\",\"breadcrumb\":{\"@id\":\"https:\/\/fittwear.nl\/product\/criss-cross-jumpsuit-black\/#breadcrumb\"},\"inLanguage\":\"de\",\"potentialAction\":[{\"@type\":\"ReadAction\",\"target\":[\"https:\/\/fittwear.nl\/product\/criss-cross-jumpsuit-black\/\"]}]},{\"@type\":\"ImageObject\",\"inLanguage\":\"de\",\"@id\":\"https:\/\/fittwear.nl\/product\/criss-cross-jumpsuit-black\/#primaryimage\",\"url\":\"https:\/\/fittwear.nl\/wp-content\/uploads\/2023\/08\/Jumpsuit-voor-zwart-.jpg\",\"contentUrl\":\"https:\/\/fittwear.nl\/wp-content\/uploads\/2023\/08\/Jumpsuit-voor-zwart-.jpg\",\"width\":1200,\"height\":1800},{\"@type\":\"BreadcrumbList\",\"@id\":\"https:\/\/fittwear.nl\/product\/criss-cross-jumpsuit-black\/#breadcrumb\",\"itemListElement\":[{\"@type\":\"ListItem\",\"position\":1,\"name\":\"Home\",\"item\":\"https:\/\/fittwear.nl\/\"},{\"@type\":\"ListItem\",\"position\":2,\"name\":\"Shop\",\"item\":\"https:\/\/fittwear.nl\/shop\/\"},{\"@type\":\"ListItem\",\"position\":3,\"name\":\"Criss Cross Jumpsuit Black\"}]},{\"@type\":\"WebSite\",\"@id\":\"https:\/\/fittwear.nl\/#website\",\"url\":\"https:\/\/fittwear.nl\/\",\"name\":\"FITTwear.nl\",\"description\":\"Time to shine!\",\"publisher\":{\"@id\":\"https:\/\/fittwear.nl\/#organization\"},\"potentialAction\":[{\"@type\":\"SearchAction\",\"target\":{\"@type\":\"EntryPoint\",\"urlTemplate\":\"https:\/\/fittwear.nl\/?s={search_term_string}\"},\"query-input\":{\"@type\":\"PropertyValueSpecification\",\"valueRequired\":true,\"valueName\":\"search_term_string\"}}],\"inLanguage\":\"de\"},{\"@type\":\"Organization\",\"@id\":\"https:\/\/fittwear.nl\/#organization\",\"name\":\"FITTwear.nl\",\"url\":\"https:\/\/fittwear.nl\/\",\"logo\":{\"@type\":\"ImageObject\",\"inLanguage\":\"de\",\"@id\":\"https:\/\/fittwear.nl\/#\/schema\/logo\/image\/\",\"url\":\"https:\/\/fittwear.nl\/wp-content\/uploads\/2024\/07\/FITT-Logo-BeYOUtiful-website-homepage_Tekengebied-1-scaled.jpg\",\"contentUrl\":\"https:\/\/fittwear.nl\/wp-content\/uploads\/2024\/07\/FITT-Logo-BeYOUtiful-website-homepage_Tekengebied-1-scaled.jpg\",\"width\":2560,\"height\":599,\"caption\":\"FITTwear.nl\"},\"image\":{\"@id\":\"https:\/\/fittwear.nl\/#\/schema\/logo\/image\/\"}}]}<\/script>\n<!-- \/ Yoast SEO plugin. -->","yoast_head_json":{"title":"Criss Cross Jumpsuit Schwarz - FITTwear.de","description":"F\u00e4llt es Ihnen auch so schwer, sich zu \u00fcberlegen, was Sie dazu anziehen sollen? Dann ist dieser Criss Cross Jumpsuit genau das Richtige f\u00fcr Sie. Kein Stress mehr, welches Oberteil oder welche Leggings das perfekte Outfit ergeben, jetzt bist du mit einem Schlag fertig! Das dehnbare Material, der bewegliche und schnelltrocknende Stoff, die herausnehmbaren Polster und die Details machen diesen Artikel zu einem unverzichtbaren Bestandteil Ihrer Garderobe. Erleben Sie den Komfort dieses Kleidungsst\u00fccks, indem Sie es bei all Ihren Aktivit\u00e4ten tragen. Ob Sie nun wandern, ein Cardio-Workout absolvieren oder bei einer Yoga-Session entspannen, dieser trendige Jumpsuit kann alles.","robots":{"index":"index","follow":"follow","max-snippet":"max-snippet:-1","max-image-preview":"max-image-preview:large","max-video-preview":"max-video-preview:-1"},"canonical":"https:\/\/fittwear.nl\/de\/produkt-2\/criss-cross-overall-schwarz\/","og_locale":"de_DE","og_type":"article","og_title":"Criss Cross Jumpsuit Black - FITTwear.nl","og_description":"Vind jij het ook zo lastig om te bedenken welke matchende items je moet aantrekken? Dan is deze Criss Cross Jumpsuit echt iets voor jou. Geen stress over welke top of legging de perfecte outfit maken, nu ben je in een keer klaar! Door het stretchy materiaal, de meebewegende en sneldrogende stof, de uitneembare pads en de details is dit het item wat onmisbaar is binnen jouw garderobe. Ervaar het comfort van deze one piece door hem in te zetten tijdens al jouw activiteiten. Of je nu gaat hiken, een cardiotraining aangaat of gaat ontspannen tijdens een yoga-sessie, met deze trendy jumpsuit kan het allemaal.","og_url":"https:\/\/fittwear.nl\/de\/produkt-2\/criss-cross-overall-schwarz\/","og_site_name":"FITTwear.nl","article_modified_time":"2026-04-27T13:07:34+00:00","og_image":[{"width":1200,"height":1800,"url":"https:\/\/fittwear.nl\/wp-content\/uploads\/2023\/08\/Jumpsuit-voor-zwart-.jpg","type":"image\/jpeg"}],"twitter_card":"summary_large_image","twitter_misc":{"Gesch\u00e4tzte Lesezeit":"1\u00a0Minute"},"schema":{"@context":"https:\/\/schema.org","@graph":[{"@type":"WebPage","@id":"https:\/\/fittwear.nl\/product\/criss-cross-jumpsuit-black\/","url":"https:\/\/fittwear.nl\/product\/criss-cross-jumpsuit-black\/","name":"Criss Cross Jumpsuit Schwarz - FITTwear.de","isPartOf":{"@id":"https:\/\/fittwear.nl\/#website"},"primaryImageOfPage":{"@id":"https:\/\/fittwear.nl\/product\/criss-cross-jumpsuit-black\/#primaryimage"},"image":{"@id":"https:\/\/fittwear.nl\/product\/criss-cross-jumpsuit-black\/#primaryimage"},"thumbnailUrl":"https:\/\/fittwear.nl\/wp-content\/uploads\/2023\/08\/Jumpsuit-voor-zwart-.jpg","datePublished":"2023-08-18T07:46:31+00:00","dateModified":"2026-04-27T13:07:34+00:00","description":"F\u00e4llt es Ihnen auch so schwer, sich zu \u00fcberlegen, was Sie dazu anziehen sollen? Dann ist dieser Criss Cross Jumpsuit genau das Richtige f\u00fcr Sie. Kein Stress mehr, welches Oberteil oder welche Leggings das perfekte Outfit ergeben, jetzt bist du mit einem Schlag fertig! Das dehnbare Material, der bewegliche und schnelltrocknende Stoff, die herausnehmbaren Polster und die Details machen diesen Artikel zu einem unverzichtbaren Bestandteil Ihrer Garderobe. Erleben Sie den Komfort dieses Kleidungsst\u00fccks, indem Sie es bei all Ihren Aktivit\u00e4ten tragen. Ob Sie nun wandern, ein Cardio-Workout absolvieren oder bei einer Yoga-Session entspannen, dieser trendige Jumpsuit kann alles.","breadcrumb":{"@id":"https:\/\/fittwear.nl\/product\/criss-cross-jumpsuit-black\/#breadcrumb"},"inLanguage":"de","potentialAction":[{"@type":"ReadAction","target":["https:\/\/fittwear.nl\/product\/criss-cross-jumpsuit-black\/"]}]},{"@type":"ImageObject","inLanguage":"de","@id":"https:\/\/fittwear.nl\/product\/criss-cross-jumpsuit-black\/#primaryimage","url":"https:\/\/fittwear.nl\/wp-content\/uploads\/2023\/08\/Jumpsuit-voor-zwart-.jpg","contentUrl":"https:\/\/fittwear.nl\/wp-content\/uploads\/2023\/08\/Jumpsuit-voor-zwart-.jpg","width":1200,"height":1800},{"@type":"BreadcrumbList","@id":"https:\/\/fittwear.nl\/product\/criss-cross-jumpsuit-black\/#breadcrumb","itemListElement":[{"@type":"ListItem","position":1,"name":"Home","item":"https:\/\/fittwear.nl\/"},{"@type":"ListItem","position":2,"name":"Shop","item":"https:\/\/fittwear.nl\/shop\/"},{"@type":"ListItem","position":3,"name":"Criss Cross Jumpsuit Black"}]},{"@type":"WebSite","@id":"https:\/\/fittwear.nl\/#website","url":"https:\/\/fittwear.nl\/","name":"FITTwear.co.uk","description":"Zeit zu gl\u00e4nzen!","publisher":{"@id":"https:\/\/fittwear.nl\/#organization"},"potentialAction":[{"@type":"SearchAction","target":{"@type":"EntryPoint","urlTemplate":"https:\/\/fittwear.nl\/?s={search_term_string}"},"query-input":{"@type":"PropertyValueSpecification","valueRequired":true,"valueName":"search_term_string"}}],"inLanguage":"de"},{"@type":"Organization","@id":"https:\/\/fittwear.nl\/#organization","name":"FITTwear.co.uk","url":"https:\/\/fittwear.nl\/","logo":{"@type":"ImageObject","inLanguage":"de","@id":"https:\/\/fittwear.nl\/#\/schema\/logo\/image\/","url":"https:\/\/fittwear.nl\/wp-content\/uploads\/2024\/07\/FITT-Logo-BeYOUtiful-website-homepage_Tekengebied-1-scaled.jpg","contentUrl":"https:\/\/fittwear.nl\/wp-content\/uploads\/2024\/07\/FITT-Logo-BeYOUtiful-website-homepage_Tekengebied-1-scaled.jpg","width":2560,"height":599,"caption":"FITTwear.nl"},"image":{"@id":"https:\/\/fittwear.nl\/#\/schema\/logo\/image\/"}}]}},"_links":{"self":[{"href":"https:\/\/fittwear.nl\/de\/wp-json\/wp\/v2\/product\/72128","targetHints":{"allow":["GET"]}}],"collection":[{"href":"https:\/\/fittwear.nl\/de\/wp-json\/wp\/v2\/product"}],"about":[{"href":"https:\/\/fittwear.nl\/de\/wp-json\/wp\/v2\/types\/product"}],"wp:featuredmedia":[{"embeddable":true,"href":"https:\/\/fittwear.nl\/de\/wp-json\/wp\/v2\/media\/72124"}],"wp:attachment":[{"href":"https:\/\/fittwear.nl\/de\/wp-json\/wp\/v2\/media?parent=72128"}],"wp:term":[{"taxonomy":"product_brand","embeddable":true,"href":"https:\/\/fittwear.nl\/de\/wp-json\/wp\/v2\/product_brand?post=72128"},{"taxonomy":"product_cat","embeddable":true,"href":"https:\/\/fittwear.nl\/de\/wp-json\/wp\/v2\/product_cat?post=72128"},{"taxonomy":"product_tag","embeddable":true,"href":"https:\/\/fittwear.nl\/de\/wp-json\/wp\/v2\/product_tag?post=72128"}],"curies":[{"name":"wp","href":"https:\/\/api.w.org\/{rel}","templated":true}]}}