{"id":72526,"date":"2023-08-22T09:41:17","date_gmt":"2023-08-22T07:41:17","guid":{"rendered":"https:\/\/fittwear.nl\/?post_type=product&#038;p=72526"},"modified":"2026-05-07T04:32:57","modified_gmt":"2026-05-07T02:32:57","slug":"ultimative-legging-terra","status":"publish","type":"product","link":"https:\/\/fittwear.nl\/de\/product\/ultimate-legging-terra\/","title":{"rendered":"Ultimative Legging Terra"},"content":{"rendered":"<p>- Leggings mit hoher Taille<\/p>\n\n\n\n<p>- Fester Bund<\/p>\n\n\n\n<p>- 2 Seitentaschen f\u00fcr Ihre Habseligkeiten<\/p>\n\n\n\n<p>- Verdeckte Rei\u00dfverschlusstasche auf der R\u00fcckseite<\/p>\n\n\n\n<p>- Besonders weicher und leichter Stoff<\/p>\n\n\n\n<p>- Dehnbar<\/p>\n\n\n\n<p>- Aufgedrucktes Logo an der Seite des Beins<\/p>\n\n\n\n<p>- 68% Nylon, 32% Elastan<\/p>\n\n\n\n<p>- Waschbar bis zu 30\u2103<\/p>\n\n\n\n<p>- Farbe: Terra<\/p>\n\n\n\n<p>- Model ist 1.74 und tr\u00e4gt Gr\u00f6\u00dfe S<\/p>","protected":false},"excerpt":{"rendered":"<p>Unsere Ultimate Leggings sind die ultimativen Leggings f\u00fcr Frauen, die keine Kompromisse eingehen wollen. Bist du noch auf der Suche nach der idealen Leggings, die bequem ist, nicht durchh\u00e4ngt, sich f\u00fcr einen morgendlichen Lauf, ein solides Work-out im Fitnessstudio, intensives HIIT oder z.B. eine kraftvolle Yoga-Session eignet? Dann erleben Sie jetzt die ultimative, unbeschwerte Freiheit unserer Ultimate Leggings. Modisch, bequem, praktisch und unwiderstehlich. Und wenn Sie die Ultimate-Leggings einmal kennengelernt haben, k\u00f6nnen Sie Ihre Garderobe mit den trendigsten Farben erweitern! Die Ultimate-Leggings bietet viele Aufbewahrungsm\u00f6glichkeiten f\u00fcr alle Ihre Accessoires. Die Leggings verf\u00fcgt \u00fcber 2 Taschen, die unter anderem ideal f\u00fcr Ihr Handy sind. Auf der R\u00fcckseite befindet sich eine Schl\u00fcsseltasche mit Rei\u00dfverschluss im robusten hohen Bund. Die hocktaugliche Leggings ist aus atmungsaktivem, leichtem Stoff gefertigt und f\u00fchlt sich an wie eine zweite Haut.<\/p>","protected":false},"featured_media":77535,"template":"","meta":{"_acf_changed":false},"product_brand":[],"product_cat":[114,63,4796,86,4743,28,4759,4800],"product_tag":[],"class_list":{"0":"post-72526","1":"product","2":"type-product","3":"status-publish","4":"has-post-thumbnail","6":"product_cat-best-sellers","7":"product_cat-curves","8":"product_cat-cute-in-neutrals","9":"product_cat-effen","10":"product_cat-geen-scrunch","11":"product_cat-leggings","12":"product_cat-pocket","13":"product_cat-running-collection","15":"first","16":"instock","17":"taxable","18":"shipping-taxable","19":"purchasable","20":"product-type-variable","21":"has-default-attributes"},"acf":[],"yoast_head":"<!-- This site is optimized with the Yoast SEO plugin v27.1.1 - https:\/\/yoast.com\/product\/yoast-seo-wordpress\/ -->\n<title>Ultimate Legging Terra - FITTwear.nl<\/title>\n<meta name=\"description\" content=\"Onze Ultimate legging is d\u00e9 ultieme legging voor vrouwen die geen concessies willen doen. Ben jij nog steeds op zoek naar de ideale legging die comfortabel zit, squatproof is, niet afzakt, geschikt is voor een morning run, een stevige work-out in de gym, intensieve HIIT of bijv. een empowering yoga sessie? Ervaar dan nu de ultieme, zorgeloze vrijheid van onze Ultimate legging. Fashionable, comfortable, practical en irresistible. En als je de Ultimate legging ervaren hebt, kun je jouw garderode uitbreiden met de meest trendy kleuren! De ultimate legging biedt voldoende opbergmogelijkheden voor al jouw accessoires. De legging is voorzien van 2 pockets, ideaal voor o.a. je telefoon. Aan de achterzijde zit er een sleutelzakje met ritssluiting verwerkt in de stevige high waist tailleband. De squatproof legging is uitgevoerd in een ademende lichtgewicht stof en voelt aan als een tweede huid.\" \/>\n<meta name=\"robots\" content=\"index, follow, max-snippet:-1, max-image-preview:large, max-video-preview:-1\" \/>\n<link rel=\"canonical\" href=\"https:\/\/fittwear.nl\/de\/produkt-2\/ultimative-legging-terra\/\" \/>\n<meta property=\"og:locale\" content=\"de_DE\" \/>\n<meta property=\"og:type\" content=\"article\" \/>\n<meta property=\"og:title\" content=\"Ultimate Legging Terra - FITTwear.nl\" \/>\n<meta property=\"og:description\" content=\"Onze Ultimate legging is d\u00e9 ultieme legging voor vrouwen die geen concessies willen doen. Ben jij nog steeds op zoek naar de ideale legging die comfortabel zit, squatproof is, niet afzakt, geschikt is voor een morning run, een stevige work-out in de gym, intensieve HIIT of bijv. een empowering yoga sessie? Ervaar dan nu de ultieme, zorgeloze vrijheid van onze Ultimate legging. Fashionable, comfortable, practical en irresistible. En als je de Ultimate legging ervaren hebt, kun je jouw garderode uitbreiden met de meest trendy kleuren! De ultimate legging biedt voldoende opbergmogelijkheden voor al jouw accessoires. De legging is voorzien van 2 pockets, ideaal voor o.a. je telefoon. Aan de achterzijde zit er een sleutelzakje met ritssluiting verwerkt in de stevige high waist tailleband. De squatproof legging is uitgevoerd in een ademende lichtgewicht stof en voelt aan als een tweede huid.\" \/>\n<meta property=\"og:url\" content=\"https:\/\/fittwear.nl\/de\/produkt-2\/ultimative-legging-terra\/\" \/>\n<meta property=\"og:site_name\" content=\"FITTwear.nl\" \/>\n<meta property=\"article:modified_time\" content=\"2026-05-07T02:32:57+00:00\" \/>\n<meta property=\"og:image\" content=\"https:\/\/fittwear.nl\/wp-content\/uploads\/2023\/08\/ultimate-terra_P231031142242_Voorkant-onder_jpg_1.jpg\" \/>\n\t<meta property=\"og:image:width\" content=\"1200\" \/>\n\t<meta property=\"og:image:height\" content=\"1800\" \/>\n\t<meta property=\"og:image:type\" content=\"image\/jpeg\" \/>\n<meta name=\"twitter:card\" content=\"summary_large_image\" \/>\n<meta name=\"twitter:label1\" content=\"Gesch\u00e4tzte Lesezeit\" \/>\n\t<meta name=\"twitter:data1\" content=\"1\u00a0Minute\" \/>\n<script type=\"application\/ld+json\" class=\"yoast-schema-graph\">{\"@context\":\"https:\/\/schema.org\",\"@graph\":[{\"@type\":\"WebPage\",\"@id\":\"https:\/\/fittwear.nl\/product\/ultimate-legging-terra\/\",\"url\":\"https:\/\/fittwear.nl\/product\/ultimate-legging-terra\/\",\"name\":\"Ultimate Legging Terra - FITTwear.nl\",\"isPartOf\":{\"@id\":\"https:\/\/fittwear.nl\/#website\"},\"primaryImageOfPage\":{\"@id\":\"https:\/\/fittwear.nl\/product\/ultimate-legging-terra\/#primaryimage\"},\"image\":{\"@id\":\"https:\/\/fittwear.nl\/product\/ultimate-legging-terra\/#primaryimage\"},\"thumbnailUrl\":\"https:\/\/fittwear.nl\/wp-content\/uploads\/2023\/08\/ultimate-terra_P231031142242_Voorkant-onder_jpg_1.jpg\",\"datePublished\":\"2023-08-22T07:41:17+00:00\",\"dateModified\":\"2026-05-07T02:32:57+00:00\",\"description\":\"Onze Ultimate legging is d\u00e9 ultieme legging voor vrouwen die geen concessies willen doen. Ben jij nog steeds op zoek naar de ideale legging die comfortabel zit, squatproof is, niet afzakt, geschikt is voor een morning run, een stevige work-out in de gym, intensieve HIIT of bijv. een empowering yoga sessie? Ervaar dan nu de ultieme, zorgeloze vrijheid van onze Ultimate legging. Fashionable, comfortable, practical en irresistible. En als je de Ultimate legging ervaren hebt, kun je jouw garderode uitbreiden met de meest trendy kleuren! De ultimate legging biedt voldoende opbergmogelijkheden voor al jouw accessoires. De legging is voorzien van 2 pockets, ideaal voor o.a. je telefoon. Aan de achterzijde zit er een sleutelzakje met ritssluiting verwerkt in de stevige high waist tailleband. De squatproof legging is uitgevoerd in een ademende lichtgewicht stof en voelt aan als een tweede huid.\",\"breadcrumb\":{\"@id\":\"https:\/\/fittwear.nl\/product\/ultimate-legging-terra\/#breadcrumb\"},\"inLanguage\":\"de\",\"potentialAction\":[{\"@type\":\"ReadAction\",\"target\":[\"https:\/\/fittwear.nl\/product\/ultimate-legging-terra\/\"]}]},{\"@type\":\"ImageObject\",\"inLanguage\":\"de\",\"@id\":\"https:\/\/fittwear.nl\/product\/ultimate-legging-terra\/#primaryimage\",\"url\":\"https:\/\/fittwear.nl\/wp-content\/uploads\/2023\/08\/ultimate-terra_P231031142242_Voorkant-onder_jpg_1.jpg\",\"contentUrl\":\"https:\/\/fittwear.nl\/wp-content\/uploads\/2023\/08\/ultimate-terra_P231031142242_Voorkant-onder_jpg_1.jpg\",\"width\":1200,\"height\":1800},{\"@type\":\"BreadcrumbList\",\"@id\":\"https:\/\/fittwear.nl\/product\/ultimate-legging-terra\/#breadcrumb\",\"itemListElement\":[{\"@type\":\"ListItem\",\"position\":1,\"name\":\"Home\",\"item\":\"https:\/\/fittwear.nl\/\"},{\"@type\":\"ListItem\",\"position\":2,\"name\":\"Shop\",\"item\":\"https:\/\/fittwear.nl\/shop\/\"},{\"@type\":\"ListItem\",\"position\":3,\"name\":\"Ultimate Legging Terra\"}]},{\"@type\":\"WebSite\",\"@id\":\"https:\/\/fittwear.nl\/#website\",\"url\":\"https:\/\/fittwear.nl\/\",\"name\":\"FITTwear.nl\",\"description\":\"Time to shine!\",\"publisher\":{\"@id\":\"https:\/\/fittwear.nl\/#organization\"},\"potentialAction\":[{\"@type\":\"SearchAction\",\"target\":{\"@type\":\"EntryPoint\",\"urlTemplate\":\"https:\/\/fittwear.nl\/?s={search_term_string}\"},\"query-input\":{\"@type\":\"PropertyValueSpecification\",\"valueRequired\":true,\"valueName\":\"search_term_string\"}}],\"inLanguage\":\"de\"},{\"@type\":\"Organization\",\"@id\":\"https:\/\/fittwear.nl\/#organization\",\"name\":\"FITTwear.nl\",\"url\":\"https:\/\/fittwear.nl\/\",\"logo\":{\"@type\":\"ImageObject\",\"inLanguage\":\"de\",\"@id\":\"https:\/\/fittwear.nl\/#\/schema\/logo\/image\/\",\"url\":\"https:\/\/fittwear.nl\/wp-content\/uploads\/2024\/07\/FITT-Logo-BeYOUtiful-website-homepage_Tekengebied-1-scaled.jpg\",\"contentUrl\":\"https:\/\/fittwear.nl\/wp-content\/uploads\/2024\/07\/FITT-Logo-BeYOUtiful-website-homepage_Tekengebied-1-scaled.jpg\",\"width\":2560,\"height\":599,\"caption\":\"FITTwear.nl\"},\"image\":{\"@id\":\"https:\/\/fittwear.nl\/#\/schema\/logo\/image\/\"}}]}<\/script>\n<!-- \/ Yoast SEO plugin. -->","yoast_head_json":{"title":"Ultimate Legging Terra - FITTwear.de","description":"Unsere Ultimate Leggings sind die ultimativen Leggings f\u00fcr Frauen, die keine Kompromisse eingehen wollen. Bist du noch auf der Suche nach der idealen Leggings, die bequem ist, nicht durchh\u00e4ngt, sich f\u00fcr einen morgendlichen Lauf, ein solides Work-out im Fitnessstudio, intensives HIIT oder z.B. eine kraftvolle Yoga-Session eignet? Dann erleben Sie jetzt die ultimative, unbeschwerte Freiheit unserer Ultimate Leggings. Modisch, bequem, praktisch und unwiderstehlich. Und wenn Sie die Ultimate-Leggings einmal kennengelernt haben, k\u00f6nnen Sie Ihre Garderobe mit den trendigsten Farben erweitern! Die Ultimate-Leggings bietet viele Aufbewahrungsm\u00f6glichkeiten f\u00fcr alle Ihre Accessoires. Die Leggings verf\u00fcgt \u00fcber 2 Taschen, die unter anderem ideal f\u00fcr Ihr Handy sind. Auf der R\u00fcckseite befindet sich eine Schl\u00fcsseltasche mit Rei\u00dfverschluss im robusten hohen Bund. Die hocktaugliche Leggings ist aus atmungsaktivem, leichtem Stoff gefertigt und f\u00fchlt sich an wie eine zweite Haut.","robots":{"index":"index","follow":"follow","max-snippet":"max-snippet:-1","max-image-preview":"max-image-preview:large","max-video-preview":"max-video-preview:-1"},"canonical":"https:\/\/fittwear.nl\/de\/produkt-2\/ultimative-legging-terra\/","og_locale":"de_DE","og_type":"article","og_title":"Ultimate Legging Terra - FITTwear.nl","og_description":"Onze Ultimate legging is d\u00e9 ultieme legging voor vrouwen die geen concessies willen doen. Ben jij nog steeds op zoek naar de ideale legging die comfortabel zit, squatproof is, niet afzakt, geschikt is voor een morning run, een stevige work-out in de gym, intensieve HIIT of bijv. een empowering yoga sessie? Ervaar dan nu de ultieme, zorgeloze vrijheid van onze Ultimate legging. Fashionable, comfortable, practical en irresistible. En als je de Ultimate legging ervaren hebt, kun je jouw garderode uitbreiden met de meest trendy kleuren! De ultimate legging biedt voldoende opbergmogelijkheden voor al jouw accessoires. De legging is voorzien van 2 pockets, ideaal voor o.a. je telefoon. Aan de achterzijde zit er een sleutelzakje met ritssluiting verwerkt in de stevige high waist tailleband. De squatproof legging is uitgevoerd in een ademende lichtgewicht stof en voelt aan als een tweede huid.","og_url":"https:\/\/fittwear.nl\/de\/produkt-2\/ultimative-legging-terra\/","og_site_name":"FITTwear.nl","article_modified_time":"2026-05-07T02:32:57+00:00","og_image":[{"width":1200,"height":1800,"url":"https:\/\/fittwear.nl\/wp-content\/uploads\/2023\/08\/ultimate-terra_P231031142242_Voorkant-onder_jpg_1.jpg","type":"image\/jpeg"}],"twitter_card":"summary_large_image","twitter_misc":{"Gesch\u00e4tzte Lesezeit":"1\u00a0Minute"},"schema":{"@context":"https:\/\/schema.org","@graph":[{"@type":"WebPage","@id":"https:\/\/fittwear.nl\/product\/ultimate-legging-terra\/","url":"https:\/\/fittwear.nl\/product\/ultimate-legging-terra\/","name":"Ultimate Legging Terra - FITTwear.de","isPartOf":{"@id":"https:\/\/fittwear.nl\/#website"},"primaryImageOfPage":{"@id":"https:\/\/fittwear.nl\/product\/ultimate-legging-terra\/#primaryimage"},"image":{"@id":"https:\/\/fittwear.nl\/product\/ultimate-legging-terra\/#primaryimage"},"thumbnailUrl":"https:\/\/fittwear.nl\/wp-content\/uploads\/2023\/08\/ultimate-terra_P231031142242_Voorkant-onder_jpg_1.jpg","datePublished":"2023-08-22T07:41:17+00:00","dateModified":"2026-05-07T02:32:57+00:00","description":"Unsere Ultimate Leggings sind die ultimativen Leggings f\u00fcr Frauen, die keine Kompromisse eingehen wollen. Bist du noch auf der Suche nach der idealen Leggings, die bequem ist, nicht durchh\u00e4ngt, sich f\u00fcr einen morgendlichen Lauf, ein solides Work-out im Fitnessstudio, intensives HIIT oder z.B. eine kraftvolle Yoga-Session eignet? Dann erleben Sie jetzt die ultimative, unbeschwerte Freiheit unserer Ultimate Leggings. Modisch, bequem, praktisch und unwiderstehlich. Und wenn Sie die Ultimate-Leggings einmal kennengelernt haben, k\u00f6nnen Sie Ihre Garderobe mit den trendigsten Farben erweitern! Die Ultimate-Leggings bietet viele Aufbewahrungsm\u00f6glichkeiten f\u00fcr alle Ihre Accessoires. Die Leggings verf\u00fcgt \u00fcber 2 Taschen, die unter anderem ideal f\u00fcr Ihr Handy sind. Auf der R\u00fcckseite befindet sich eine Schl\u00fcsseltasche mit Rei\u00dfverschluss im robusten hohen Bund. Die hocktaugliche Leggings ist aus atmungsaktivem, leichtem Stoff gefertigt und f\u00fchlt sich an wie eine zweite Haut.","breadcrumb":{"@id":"https:\/\/fittwear.nl\/product\/ultimate-legging-terra\/#breadcrumb"},"inLanguage":"de","potentialAction":[{"@type":"ReadAction","target":["https:\/\/fittwear.nl\/product\/ultimate-legging-terra\/"]}]},{"@type":"ImageObject","inLanguage":"de","@id":"https:\/\/fittwear.nl\/product\/ultimate-legging-terra\/#primaryimage","url":"https:\/\/fittwear.nl\/wp-content\/uploads\/2023\/08\/ultimate-terra_P231031142242_Voorkant-onder_jpg_1.jpg","contentUrl":"https:\/\/fittwear.nl\/wp-content\/uploads\/2023\/08\/ultimate-terra_P231031142242_Voorkant-onder_jpg_1.jpg","width":1200,"height":1800},{"@type":"BreadcrumbList","@id":"https:\/\/fittwear.nl\/product\/ultimate-legging-terra\/#breadcrumb","itemListElement":[{"@type":"ListItem","position":1,"name":"Home","item":"https:\/\/fittwear.nl\/"},{"@type":"ListItem","position":2,"name":"Shop","item":"https:\/\/fittwear.nl\/shop\/"},{"@type":"ListItem","position":3,"name":"Ultimate Legging Terra"}]},{"@type":"WebSite","@id":"https:\/\/fittwear.nl\/#website","url":"https:\/\/fittwear.nl\/","name":"FITTwear.co.uk","description":"Zeit zu gl\u00e4nzen!","publisher":{"@id":"https:\/\/fittwear.nl\/#organization"},"potentialAction":[{"@type":"SearchAction","target":{"@type":"EntryPoint","urlTemplate":"https:\/\/fittwear.nl\/?s={search_term_string}"},"query-input":{"@type":"PropertyValueSpecification","valueRequired":true,"valueName":"search_term_string"}}],"inLanguage":"de"},{"@type":"Organization","@id":"https:\/\/fittwear.nl\/#organization","name":"FITTwear.co.uk","url":"https:\/\/fittwear.nl\/","logo":{"@type":"ImageObject","inLanguage":"de","@id":"https:\/\/fittwear.nl\/#\/schema\/logo\/image\/","url":"https:\/\/fittwear.nl\/wp-content\/uploads\/2024\/07\/FITT-Logo-BeYOUtiful-website-homepage_Tekengebied-1-scaled.jpg","contentUrl":"https:\/\/fittwear.nl\/wp-content\/uploads\/2024\/07\/FITT-Logo-BeYOUtiful-website-homepage_Tekengebied-1-scaled.jpg","width":2560,"height":599,"caption":"FITTwear.nl"},"image":{"@id":"https:\/\/fittwear.nl\/#\/schema\/logo\/image\/"}}]}},"_links":{"self":[{"href":"https:\/\/fittwear.nl\/de\/wp-json\/wp\/v2\/product\/72526","targetHints":{"allow":["GET"]}}],"collection":[{"href":"https:\/\/fittwear.nl\/de\/wp-json\/wp\/v2\/product"}],"about":[{"href":"https:\/\/fittwear.nl\/de\/wp-json\/wp\/v2\/types\/product"}],"wp:featuredmedia":[{"embeddable":true,"href":"https:\/\/fittwear.nl\/de\/wp-json\/wp\/v2\/media\/77535"}],"wp:attachment":[{"href":"https:\/\/fittwear.nl\/de\/wp-json\/wp\/v2\/media?parent=72526"}],"wp:term":[{"taxonomy":"product_brand","embeddable":true,"href":"https:\/\/fittwear.nl\/de\/wp-json\/wp\/v2\/product_brand?post=72526"},{"taxonomy":"product_cat","embeddable":true,"href":"https:\/\/fittwear.nl\/de\/wp-json\/wp\/v2\/product_cat?post=72526"},{"taxonomy":"product_tag","embeddable":true,"href":"https:\/\/fittwear.nl\/de\/wp-json\/wp\/v2\/product_tag?post=72526"}],"curies":[{"name":"wp","href":"https:\/\/api.w.org\/{rel}","templated":true}]}}