{"id":72720,"date":"2025-10-24T14:44:51","date_gmt":"2025-10-24T12:44:51","guid":{"rendered":"https:\/\/fittwear.nl\/?post_type=product&#038;p=72720"},"modified":"2026-04-16T00:02:01","modified_gmt":"2026-04-15T22:02:01","slug":"einzigartig-knusprig-kurz-royal-blau","status":"publish","type":"product","link":"https:\/\/fittwear.nl\/de\/product\/unique-scrunch-short-royal-blue\/","title":{"rendered":"Einzigartige Scrunch Short K\u00f6nigsblau"},"content":{"rendered":"<p>- Hohe Taille <\/p>\n\n\n\n<p>- Fester Bund<\/p>\n\n\n\n<p>- Konturierung an der Seite<\/p>\n\n\n\n<p>- Mit Zopf am R\u00fccken<\/p>\n\n\n\n<p>- Dehnbarer, d\u00fcnner und atmungsaktiver Stoff<\/p>\n\n\n\n<p>- 50% Polyester, 42% Polyamid und 8% Elastan<\/p>\n\n\n\n<p>- Farbe: K\u00f6nigsblau<\/p>\n\n\n\n<p>- Waschbar bis zu 30\u00b0<\/p>\n\n\n\n<p>- Model Michelle ist 1,76 und tr\u00e4gt Gr\u00f6\u00dfe S<\/p>","protected":false},"excerpt":{"rendered":"<p>Sind Sie noch auf der Suche nach der bequemsten Sportbekleidung? Wir haben zusammen mit Michelle Langerak die nahtlose Unique-Linie entwickelt. Diese Linie bietet alles in Bezug auf Aussehen und Komfort. Der superweiche und etwas d\u00fcnnere, atmungsaktive Stoff sorgt daf\u00fcr, dass sich diese Linie wie eine zweite Haut anf\u00fchlt. Sie ist sehr dehnbar und bleibt bei jedem Training fest an ihrem Platz. Der Knittereffekt und die Konturierung dieser High-Waist-Shorts bringen Ihre Kurven wunderbar zur Geltung. Zeit zum Strahlen! Der Komfort und der Look in Kombination mit den ausgew\u00e4hlten Trendfarben lassen Sie strahlen und sich wohlf\u00fchlen. Zeig dich, denn DU darfst es sein! Die Farben lassen sich auch wunderbar miteinander kombinieren.<\/p>","protected":false},"featured_media":117507,"template":"","meta":{"_acf_changed":true},"product_brand":[],"product_cat":[4797,4767,54,93,4285,63],"product_tag":[],"class_list":{"0":"post-72720","1":"product","2":"type-product","3":"status-publish","4":"has-post-thumbnail","6":"product_cat-blue-waves","7":"product_cat-michelle-x-fitt","8":"product_cat-new","9":"product_cat-shorts","10":"product_cat-scrunch-shorts","11":"product_cat-curves","13":"first","14":"instock","15":"taxable","16":"shipping-taxable","17":"purchasable","18":"product-type-variable","19":"has-default-attributes"},"acf":[],"yoast_head":"<!-- This site is optimized with the Yoast SEO plugin v27.1.1 - https:\/\/yoast.com\/product\/yoast-seo-wordpress\/ -->\n<title>Unique Scrunch Short Royal Blue - FITTwear.nl<\/title>\n<meta name=\"description\" content=\"Ben jij nog steeds op zoek naar de meest comfortabele sportkleding? Wij hebben samen met Michelle Langerak de seamless Unique lijn ontwikkeld. Deze lijn biedt alles op het gebied van looks en comfort. De super soft en wat dunnere, ademende stof maakt dat deze lijn aanvoelt als een second skin. Enorm stretchy en alles blijft goed op zijn plek zitten tijdens iedere workout. De scrunch en contouring op deze high waist shorts laat jouw rondingen mooi naar voren komen. Time to shine! Het comfort en de look in combinatie met de geselecteerde trendy kleuren laten jou stralen en jezelf goed voelen. Laat jezelf zien, want JIJ mag er zijn! De kleuren zijn ook onderling mooi te combineren.\" \/>\n<meta name=\"robots\" content=\"index, follow, max-snippet:-1, max-image-preview:large, max-video-preview:-1\" \/>\n<link rel=\"canonical\" href=\"https:\/\/fittwear.nl\/de\/produkt-2\/einzigartig-knusprig-kurz-royal-blau\/\" \/>\n<meta property=\"og:locale\" content=\"de_DE\" \/>\n<meta property=\"og:type\" content=\"article\" \/>\n<meta property=\"og:title\" content=\"Unique Scrunch Short Royal Blue - FITTwear.nl\" \/>\n<meta property=\"og:description\" content=\"Ben jij nog steeds op zoek naar de meest comfortabele sportkleding? Wij hebben samen met Michelle Langerak de seamless Unique lijn ontwikkeld. Deze lijn biedt alles op het gebied van looks en comfort. De super soft en wat dunnere, ademende stof maakt dat deze lijn aanvoelt als een second skin. Enorm stretchy en alles blijft goed op zijn plek zitten tijdens iedere workout. De scrunch en contouring op deze high waist shorts laat jouw rondingen mooi naar voren komen. Time to shine! Het comfort en de look in combinatie met de geselecteerde trendy kleuren laten jou stralen en jezelf goed voelen. Laat jezelf zien, want JIJ mag er zijn! De kleuren zijn ook onderling mooi te combineren.\" \/>\n<meta property=\"og:url\" content=\"https:\/\/fittwear.nl\/de\/produkt-2\/einzigartig-knusprig-kurz-royal-blau\/\" \/>\n<meta property=\"og:site_name\" content=\"FITTwear.nl\" \/>\n<meta property=\"article:modified_time\" content=\"2026-04-15T22:02:01+00:00\" \/>\n<meta property=\"og:image\" content=\"https:\/\/fittwear.nl\/wp-content\/uploads\/2023\/08\/unique-blauw_P251024111606_Voorkant-onder_jpg_6.jpg\" \/>\n\t<meta property=\"og:image:width\" content=\"1200\" \/>\n\t<meta property=\"og:image:height\" content=\"1800\" \/>\n\t<meta property=\"og:image:type\" content=\"image\/jpeg\" \/>\n<meta name=\"twitter:card\" content=\"summary_large_image\" \/>\n<meta name=\"twitter:label1\" content=\"Gesch\u00e4tzte Lesezeit\" \/>\n\t<meta name=\"twitter:data1\" content=\"1\u00a0Minute\" \/>\n<script type=\"application\/ld+json\" class=\"yoast-schema-graph\">{\"@context\":\"https:\/\/schema.org\",\"@graph\":[{\"@type\":\"WebPage\",\"@id\":\"https:\/\/fittwear.nl\/product\/unique-scrunch-short-royal-blue\/\",\"url\":\"https:\/\/fittwear.nl\/product\/unique-scrunch-short-royal-blue\/\",\"name\":\"Unique Scrunch Short Royal Blue - FITTwear.nl\",\"isPartOf\":{\"@id\":\"https:\/\/fittwear.nl\/#website\"},\"primaryImageOfPage\":{\"@id\":\"https:\/\/fittwear.nl\/product\/unique-scrunch-short-royal-blue\/#primaryimage\"},\"image\":{\"@id\":\"https:\/\/fittwear.nl\/product\/unique-scrunch-short-royal-blue\/#primaryimage\"},\"thumbnailUrl\":\"https:\/\/fittwear.nl\/wp-content\/uploads\/2023\/08\/unique-blauw_P251024111606_Voorkant-onder_jpg_6.jpg\",\"datePublished\":\"2025-10-24T12:44:51+00:00\",\"dateModified\":\"2026-04-15T22:02:01+00:00\",\"description\":\"Ben jij nog steeds op zoek naar de meest comfortabele sportkleding? Wij hebben samen met Michelle Langerak de seamless Unique lijn ontwikkeld. Deze lijn biedt alles op het gebied van looks en comfort. De super soft en wat dunnere, ademende stof maakt dat deze lijn aanvoelt als een second skin. Enorm stretchy en alles blijft goed op zijn plek zitten tijdens iedere workout. De scrunch en contouring op deze high waist shorts laat jouw rondingen mooi naar voren komen. Time to shine! Het comfort en de look in combinatie met de geselecteerde trendy kleuren laten jou stralen en jezelf goed voelen. Laat jezelf zien, want JIJ mag er zijn! De kleuren zijn ook onderling mooi te combineren.\",\"breadcrumb\":{\"@id\":\"https:\/\/fittwear.nl\/product\/unique-scrunch-short-royal-blue\/#breadcrumb\"},\"inLanguage\":\"de\",\"potentialAction\":[{\"@type\":\"ReadAction\",\"target\":[\"https:\/\/fittwear.nl\/product\/unique-scrunch-short-royal-blue\/\"]}]},{\"@type\":\"ImageObject\",\"inLanguage\":\"de\",\"@id\":\"https:\/\/fittwear.nl\/product\/unique-scrunch-short-royal-blue\/#primaryimage\",\"url\":\"https:\/\/fittwear.nl\/wp-content\/uploads\/2023\/08\/unique-blauw_P251024111606_Voorkant-onder_jpg_6.jpg\",\"contentUrl\":\"https:\/\/fittwear.nl\/wp-content\/uploads\/2023\/08\/unique-blauw_P251024111606_Voorkant-onder_jpg_6.jpg\",\"width\":1200,\"height\":1800},{\"@type\":\"BreadcrumbList\",\"@id\":\"https:\/\/fittwear.nl\/product\/unique-scrunch-short-royal-blue\/#breadcrumb\",\"itemListElement\":[{\"@type\":\"ListItem\",\"position\":1,\"name\":\"Home\",\"item\":\"https:\/\/fittwear.nl\/\"},{\"@type\":\"ListItem\",\"position\":2,\"name\":\"Shop\",\"item\":\"https:\/\/fittwear.nl\/shop\/\"},{\"@type\":\"ListItem\",\"position\":3,\"name\":\"Unique Scrunch Short Royal Blue\"}]},{\"@type\":\"WebSite\",\"@id\":\"https:\/\/fittwear.nl\/#website\",\"url\":\"https:\/\/fittwear.nl\/\",\"name\":\"FITTwear.nl\",\"description\":\"Time to shine!\",\"publisher\":{\"@id\":\"https:\/\/fittwear.nl\/#organization\"},\"potentialAction\":[{\"@type\":\"SearchAction\",\"target\":{\"@type\":\"EntryPoint\",\"urlTemplate\":\"https:\/\/fittwear.nl\/?s={search_term_string}\"},\"query-input\":{\"@type\":\"PropertyValueSpecification\",\"valueRequired\":true,\"valueName\":\"search_term_string\"}}],\"inLanguage\":\"de\"},{\"@type\":\"Organization\",\"@id\":\"https:\/\/fittwear.nl\/#organization\",\"name\":\"FITTwear.nl\",\"url\":\"https:\/\/fittwear.nl\/\",\"logo\":{\"@type\":\"ImageObject\",\"inLanguage\":\"de\",\"@id\":\"https:\/\/fittwear.nl\/#\/schema\/logo\/image\/\",\"url\":\"https:\/\/fittwear.nl\/wp-content\/uploads\/2024\/07\/FITT-Logo-BeYOUtiful-website-homepage_Tekengebied-1-scaled.jpg\",\"contentUrl\":\"https:\/\/fittwear.nl\/wp-content\/uploads\/2024\/07\/FITT-Logo-BeYOUtiful-website-homepage_Tekengebied-1-scaled.jpg\",\"width\":2560,\"height\":599,\"caption\":\"FITTwear.nl\"},\"image\":{\"@id\":\"https:\/\/fittwear.nl\/#\/schema\/logo\/image\/\"}}]}<\/script>\n<!-- \/ Yoast SEO plugin. -->","yoast_head_json":{"title":"Einzigartige Scrunch Short Royal Blue - FITTwear.de","description":"Sind Sie noch auf der Suche nach der bequemsten Sportbekleidung? Wir haben zusammen mit Michelle Langerak die nahtlose Unique-Linie entwickelt. Diese Linie bietet alles in Bezug auf Aussehen und Komfort. Der superweiche und etwas d\u00fcnnere, atmungsaktive Stoff sorgt daf\u00fcr, dass sich diese Linie wie eine zweite Haut anf\u00fchlt. Sie ist sehr dehnbar und bleibt bei jedem Training fest an ihrem Platz. Der Knittereffekt und die Konturierung dieser High-Waist-Shorts bringen Ihre Kurven wunderbar zur Geltung. Zeit zum Strahlen! Der Komfort und der Look in Kombination mit den ausgew\u00e4hlten Trendfarben lassen Sie strahlen und sich wohlf\u00fchlen. Zeig dich, denn DU darfst es sein! Die Farben lassen sich auch wunderbar miteinander kombinieren.","robots":{"index":"index","follow":"follow","max-snippet":"max-snippet:-1","max-image-preview":"max-image-preview:large","max-video-preview":"max-video-preview:-1"},"canonical":"https:\/\/fittwear.nl\/de\/produkt-2\/einzigartig-knusprig-kurz-royal-blau\/","og_locale":"de_DE","og_type":"article","og_title":"Unique Scrunch Short Royal Blue - FITTwear.nl","og_description":"Ben jij nog steeds op zoek naar de meest comfortabele sportkleding? Wij hebben samen met Michelle Langerak de seamless Unique lijn ontwikkeld. Deze lijn biedt alles op het gebied van looks en comfort. De super soft en wat dunnere, ademende stof maakt dat deze lijn aanvoelt als een second skin. Enorm stretchy en alles blijft goed op zijn plek zitten tijdens iedere workout. De scrunch en contouring op deze high waist shorts laat jouw rondingen mooi naar voren komen. Time to shine! Het comfort en de look in combinatie met de geselecteerde trendy kleuren laten jou stralen en jezelf goed voelen. Laat jezelf zien, want JIJ mag er zijn! De kleuren zijn ook onderling mooi te combineren.","og_url":"https:\/\/fittwear.nl\/de\/produkt-2\/einzigartig-knusprig-kurz-royal-blau\/","og_site_name":"FITTwear.nl","article_modified_time":"2026-04-15T22:02:01+00:00","og_image":[{"width":1200,"height":1800,"url":"https:\/\/fittwear.nl\/wp-content\/uploads\/2023\/08\/unique-blauw_P251024111606_Voorkant-onder_jpg_6.jpg","type":"image\/jpeg"}],"twitter_card":"summary_large_image","twitter_misc":{"Gesch\u00e4tzte Lesezeit":"1\u00a0Minute"},"schema":{"@context":"https:\/\/schema.org","@graph":[{"@type":"WebPage","@id":"https:\/\/fittwear.nl\/product\/unique-scrunch-short-royal-blue\/","url":"https:\/\/fittwear.nl\/product\/unique-scrunch-short-royal-blue\/","name":"Einzigartige Scrunch Short Royal Blue - FITTwear.de","isPartOf":{"@id":"https:\/\/fittwear.nl\/#website"},"primaryImageOfPage":{"@id":"https:\/\/fittwear.nl\/product\/unique-scrunch-short-royal-blue\/#primaryimage"},"image":{"@id":"https:\/\/fittwear.nl\/product\/unique-scrunch-short-royal-blue\/#primaryimage"},"thumbnailUrl":"https:\/\/fittwear.nl\/wp-content\/uploads\/2023\/08\/unique-blauw_P251024111606_Voorkant-onder_jpg_6.jpg","datePublished":"2025-10-24T12:44:51+00:00","dateModified":"2026-04-15T22:02:01+00:00","description":"Sind Sie noch auf der Suche nach der bequemsten Sportbekleidung? Wir haben zusammen mit Michelle Langerak die nahtlose Unique-Linie entwickelt. Diese Linie bietet alles in Bezug auf Aussehen und Komfort. Der superweiche und etwas d\u00fcnnere, atmungsaktive Stoff sorgt daf\u00fcr, dass sich diese Linie wie eine zweite Haut anf\u00fchlt. Sie ist sehr dehnbar und bleibt bei jedem Training fest an ihrem Platz. Der Knittereffekt und die Konturierung dieser High-Waist-Shorts bringen Ihre Kurven wunderbar zur Geltung. Zeit zum Strahlen! Der Komfort und der Look in Kombination mit den ausgew\u00e4hlten Trendfarben lassen Sie strahlen und sich wohlf\u00fchlen. Zeig dich, denn DU darfst es sein! Die Farben lassen sich auch wunderbar miteinander kombinieren.","breadcrumb":{"@id":"https:\/\/fittwear.nl\/product\/unique-scrunch-short-royal-blue\/#breadcrumb"},"inLanguage":"de","potentialAction":[{"@type":"ReadAction","target":["https:\/\/fittwear.nl\/product\/unique-scrunch-short-royal-blue\/"]}]},{"@type":"ImageObject","inLanguage":"de","@id":"https:\/\/fittwear.nl\/product\/unique-scrunch-short-royal-blue\/#primaryimage","url":"https:\/\/fittwear.nl\/wp-content\/uploads\/2023\/08\/unique-blauw_P251024111606_Voorkant-onder_jpg_6.jpg","contentUrl":"https:\/\/fittwear.nl\/wp-content\/uploads\/2023\/08\/unique-blauw_P251024111606_Voorkant-onder_jpg_6.jpg","width":1200,"height":1800},{"@type":"BreadcrumbList","@id":"https:\/\/fittwear.nl\/product\/unique-scrunch-short-royal-blue\/#breadcrumb","itemListElement":[{"@type":"ListItem","position":1,"name":"Home","item":"https:\/\/fittwear.nl\/"},{"@type":"ListItem","position":2,"name":"Shop","item":"https:\/\/fittwear.nl\/shop\/"},{"@type":"ListItem","position":3,"name":"Unique Scrunch Short Royal Blue"}]},{"@type":"WebSite","@id":"https:\/\/fittwear.nl\/#website","url":"https:\/\/fittwear.nl\/","name":"FITTwear.co.uk","description":"Zeit zu gl\u00e4nzen!","publisher":{"@id":"https:\/\/fittwear.nl\/#organization"},"potentialAction":[{"@type":"SearchAction","target":{"@type":"EntryPoint","urlTemplate":"https:\/\/fittwear.nl\/?s={search_term_string}"},"query-input":{"@type":"PropertyValueSpecification","valueRequired":true,"valueName":"search_term_string"}}],"inLanguage":"de"},{"@type":"Organization","@id":"https:\/\/fittwear.nl\/#organization","name":"FITTwear.co.uk","url":"https:\/\/fittwear.nl\/","logo":{"@type":"ImageObject","inLanguage":"de","@id":"https:\/\/fittwear.nl\/#\/schema\/logo\/image\/","url":"https:\/\/fittwear.nl\/wp-content\/uploads\/2024\/07\/FITT-Logo-BeYOUtiful-website-homepage_Tekengebied-1-scaled.jpg","contentUrl":"https:\/\/fittwear.nl\/wp-content\/uploads\/2024\/07\/FITT-Logo-BeYOUtiful-website-homepage_Tekengebied-1-scaled.jpg","width":2560,"height":599,"caption":"FITTwear.nl"},"image":{"@id":"https:\/\/fittwear.nl\/#\/schema\/logo\/image\/"}}]}},"_links":{"self":[{"href":"https:\/\/fittwear.nl\/de\/wp-json\/wp\/v2\/product\/72720","targetHints":{"allow":["GET"]}}],"collection":[{"href":"https:\/\/fittwear.nl\/de\/wp-json\/wp\/v2\/product"}],"about":[{"href":"https:\/\/fittwear.nl\/de\/wp-json\/wp\/v2\/types\/product"}],"wp:featuredmedia":[{"embeddable":true,"href":"https:\/\/fittwear.nl\/de\/wp-json\/wp\/v2\/media\/117507"}],"wp:attachment":[{"href":"https:\/\/fittwear.nl\/de\/wp-json\/wp\/v2\/media?parent=72720"}],"wp:term":[{"taxonomy":"product_brand","embeddable":true,"href":"https:\/\/fittwear.nl\/de\/wp-json\/wp\/v2\/product_brand?post=72720"},{"taxonomy":"product_cat","embeddable":true,"href":"https:\/\/fittwear.nl\/de\/wp-json\/wp\/v2\/product_cat?post=72720"},{"taxonomy":"product_tag","embeddable":true,"href":"https:\/\/fittwear.nl\/de\/wp-json\/wp\/v2\/product_tag?post=72720"}],"curies":[{"name":"wp","href":"https:\/\/api.w.org\/{rel}","templated":true}]}}