{"id":7344,"date":"2021-02-17T16:48:40","date_gmt":"2021-02-17T15:48:40","guid":{"rendered":"https:\/\/fittwear.nl\/?post_type=product&#038;p=7344"},"modified":"2026-04-26T14:40:08","modified_gmt":"2026-04-26T12:40:08","slug":"magischer-marmor-legging-violett","status":"publish","type":"product","link":"https:\/\/fittwear.nl\/de\/product\/magic-marble-legging-paars\/","title":{"rendered":"Magische Marmor-Leggings Lila"},"content":{"rendered":"<p>-Legging<\/p>\n<p>-Hohe Taille<\/p>\n<p>-super dehnbarer Stoff<\/p>\n<p>-Stabiler hoher Bund<\/p>\n<p>-Quetschprobe<\/p>\n<p>-Luftfeuchtigkeit regulierend<\/p>\n<p>-Atmung<\/p>\n<p>-78% Polyester 22% Elasthan<\/p>\n<p>-300g<\/p>\n<p>-Waschbar bis zu 30\u00b0<\/p>\n<p>-Farbe: Lila<\/p>\n<p>-Model Donna ist 1,82 und tr\u00e4gt Gr\u00f6\u00dfe M<\/p>","protected":false},"excerpt":{"rendered":"<p>Super dehnbare Leggings mit hoher Taille in einem sch\u00f6nen Magic Marble Druck. Der hohe Bund ist sehr fest und sorgt daf\u00fcr, dass du dich w\u00e4hrend deines Workouts oder Trainings wohlf\u00fchlst. Der Stoff ist feuchtigkeitsregulierend und atmungsaktiv und definitiv hocktauglich! Diese Leggings eignen sich auch hervorragend zum Laufen.<\/p>\n<p>Model Donna ist 1,82 und tr\u00e4gt Gr\u00f6\u00dfe M<\/p>","protected":false},"featured_media":7342,"template":"","meta":{"_acf_changed":false},"product_brand":[],"product_cat":[27],"product_tag":[],"class_list":{"0":"post-7344","1":"product","2":"type-product","3":"status-publish","4":"has-post-thumbnail","6":"product_cat-dames","8":"first","9":"instock","10":"sale","11":"taxable","12":"shipping-taxable","13":"purchasable","14":"product-type-variable","15":"has-default-attributes"},"acf":[],"yoast_head":"<!-- This site is optimized with the Yoast SEO plugin v27.1.1 - https:\/\/yoast.com\/product\/yoast-seo-wordpress\/ -->\n<title>Magic Marble Legging Purple - Dames Sportleggings - FITTwear.nl<\/title>\n<meta name=\"description\" content=\"Super stretchy high waist legging in een mooie Magic Marble print. De high waist tailleband is erg stevig en zorgt er voor dat jij jezelf comfortabel voelt tijdens jouw workout of training. De stof is vochtregulerend en ademend en zeker squat proof! Deze leggings zijn ook zeker geschikt voor hardlopen.  Model Donna is 1.82 en draagt maat M\" \/>\n<meta name=\"robots\" content=\"index, follow, max-snippet:-1, max-image-preview:large, max-video-preview:-1\" \/>\n<link rel=\"canonical\" href=\"https:\/\/fittwear.nl\/de\/produkt-2\/magischer-marmor-legging-violett\/\" \/>\n<meta property=\"og:locale\" content=\"de_DE\" \/>\n<meta property=\"og:type\" content=\"article\" \/>\n<meta property=\"og:title\" content=\"Magic Marble Legging Purple - Dames Sportleggings - FITTwear.nl\" \/>\n<meta property=\"og:description\" content=\"Super stretchy high waist legging in een mooie Magic Marble print. De high waist tailleband is erg stevig en zorgt er voor dat jij jezelf comfortabel voelt tijdens jouw workout of training. De stof is vochtregulerend en ademend en zeker squat proof! Deze leggings zijn ook zeker geschikt voor hardlopen.  Model Donna is 1.82 en draagt maat M\" \/>\n<meta property=\"og:url\" content=\"https:\/\/fittwear.nl\/de\/produkt-2\/magischer-marmor-legging-violett\/\" \/>\n<meta property=\"og:site_name\" content=\"FITTwear.nl\" \/>\n<meta property=\"article:modified_time\" content=\"2026-04-26T12:40:08+00:00\" \/>\n<meta property=\"og:image\" content=\"https:\/\/fittwear.nl\/wp-content\/uploads\/2021\/02\/marble-paars_Onderkant-achter_jpg_1-1.jpg\" \/>\n\t<meta property=\"og:image:width\" content=\"1074\" \/>\n\t<meta property=\"og:image:height\" content=\"1612\" \/>\n\t<meta property=\"og:image:type\" content=\"image\/jpeg\" \/>\n<meta name=\"twitter:card\" content=\"summary_large_image\" \/>\n<meta name=\"twitter:label1\" content=\"Gesch\u00e4tzte Lesezeit\" \/>\n\t<meta name=\"twitter:data1\" content=\"1\u00a0Minute\" \/>\n<script type=\"application\/ld+json\" class=\"yoast-schema-graph\">{\"@context\":\"https:\/\/schema.org\",\"@graph\":[{\"@type\":\"WebPage\",\"@id\":\"https:\/\/fittwear.nl\/product\/magic-marble-legging-paars\/\",\"url\":\"https:\/\/fittwear.nl\/product\/magic-marble-legging-paars\/\",\"name\":\"Magic Marble Legging Purple - Dames Sportleggings - FITTwear.nl\",\"isPartOf\":{\"@id\":\"https:\/\/fittwear.nl\/#website\"},\"primaryImageOfPage\":{\"@id\":\"https:\/\/fittwear.nl\/product\/magic-marble-legging-paars\/#primaryimage\"},\"image\":{\"@id\":\"https:\/\/fittwear.nl\/product\/magic-marble-legging-paars\/#primaryimage\"},\"thumbnailUrl\":\"https:\/\/fittwear.nl\/wp-content\/uploads\/2021\/02\/marble-paars_Onderkant-achter_jpg_1-1.jpg\",\"datePublished\":\"2021-02-17T15:48:40+00:00\",\"dateModified\":\"2026-04-26T12:40:08+00:00\",\"description\":\"Super stretchy high waist legging in een mooie Magic Marble print. De high waist tailleband is erg stevig en zorgt er voor dat jij jezelf comfortabel voelt tijdens jouw workout of training. De stof is vochtregulerend en ademend en zeker squat proof! Deze leggings zijn ook zeker geschikt voor hardlopen. Model Donna is 1.82 en draagt maat M\",\"breadcrumb\":{\"@id\":\"https:\/\/fittwear.nl\/product\/magic-marble-legging-paars\/#breadcrumb\"},\"inLanguage\":\"de\",\"potentialAction\":[{\"@type\":\"ReadAction\",\"target\":[\"https:\/\/fittwear.nl\/product\/magic-marble-legging-paars\/\"]}]},{\"@type\":\"ImageObject\",\"inLanguage\":\"de\",\"@id\":\"https:\/\/fittwear.nl\/product\/magic-marble-legging-paars\/#primaryimage\",\"url\":\"https:\/\/fittwear.nl\/wp-content\/uploads\/2021\/02\/marble-paars_Onderkant-achter_jpg_1-1.jpg\",\"contentUrl\":\"https:\/\/fittwear.nl\/wp-content\/uploads\/2021\/02\/marble-paars_Onderkant-achter_jpg_1-1.jpg\",\"width\":1074,\"height\":1612},{\"@type\":\"BreadcrumbList\",\"@id\":\"https:\/\/fittwear.nl\/product\/magic-marble-legging-paars\/#breadcrumb\",\"itemListElement\":[{\"@type\":\"ListItem\",\"position\":1,\"name\":\"Home\",\"item\":\"https:\/\/fittwear.nl\/\"},{\"@type\":\"ListItem\",\"position\":2,\"name\":\"Shop\",\"item\":\"https:\/\/fittwear.nl\/shop\/\"},{\"@type\":\"ListItem\",\"position\":3,\"name\":\"Magic Marble Legging Purple\"}]},{\"@type\":\"WebSite\",\"@id\":\"https:\/\/fittwear.nl\/#website\",\"url\":\"https:\/\/fittwear.nl\/\",\"name\":\"FITTwear.nl\",\"description\":\"Time to shine!\",\"publisher\":{\"@id\":\"https:\/\/fittwear.nl\/#organization\"},\"potentialAction\":[{\"@type\":\"SearchAction\",\"target\":{\"@type\":\"EntryPoint\",\"urlTemplate\":\"https:\/\/fittwear.nl\/?s={search_term_string}\"},\"query-input\":{\"@type\":\"PropertyValueSpecification\",\"valueRequired\":true,\"valueName\":\"search_term_string\"}}],\"inLanguage\":\"de\"},{\"@type\":\"Organization\",\"@id\":\"https:\/\/fittwear.nl\/#organization\",\"name\":\"FITTwear.nl\",\"url\":\"https:\/\/fittwear.nl\/\",\"logo\":{\"@type\":\"ImageObject\",\"inLanguage\":\"de\",\"@id\":\"https:\/\/fittwear.nl\/#\/schema\/logo\/image\/\",\"url\":\"https:\/\/fittwear.nl\/wp-content\/uploads\/2024\/07\/FITT-Logo-BeYOUtiful-website-homepage_Tekengebied-1-scaled.jpg\",\"contentUrl\":\"https:\/\/fittwear.nl\/wp-content\/uploads\/2024\/07\/FITT-Logo-BeYOUtiful-website-homepage_Tekengebied-1-scaled.jpg\",\"width\":2560,\"height\":599,\"caption\":\"FITTwear.nl\"},\"image\":{\"@id\":\"https:\/\/fittwear.nl\/#\/schema\/logo\/image\/\"}}]}<\/script>\n<!-- \/ Yoast SEO plugin. -->","yoast_head_json":{"title":"Magic Marble Legging Violett - Sport-Leggings f\u00fcr Frauen - FITTwear.nl","description":"Super dehnbare Leggings mit hoher Taille in einem sch\u00f6nen Magic Marble Druck. Der hohe Bund ist sehr fest und sorgt daf\u00fcr, dass du dich w\u00e4hrend deines Workouts oder Trainings wohlf\u00fchlst. Der Stoff ist feuchtigkeitsregulierend und atmungsaktiv und definitiv hocktauglich! Diese Leggings eignet sich auch hervorragend zum Laufen.  Model Donna ist 1,82 und tr\u00e4gt Gr\u00f6\u00dfe M","robots":{"index":"index","follow":"follow","max-snippet":"max-snippet:-1","max-image-preview":"max-image-preview:large","max-video-preview":"max-video-preview:-1"},"canonical":"https:\/\/fittwear.nl\/de\/produkt-2\/magischer-marmor-legging-violett\/","og_locale":"de_DE","og_type":"article","og_title":"Magic Marble Legging Purple - Dames Sportleggings - FITTwear.nl","og_description":"Super stretchy high waist legging in een mooie Magic Marble print. De high waist tailleband is erg stevig en zorgt er voor dat jij jezelf comfortabel voelt tijdens jouw workout of training. De stof is vochtregulerend en ademend en zeker squat proof! Deze leggings zijn ook zeker geschikt voor hardlopen.  Model Donna is 1.82 en draagt maat M","og_url":"https:\/\/fittwear.nl\/de\/produkt-2\/magischer-marmor-legging-violett\/","og_site_name":"FITTwear.nl","article_modified_time":"2026-04-26T12:40:08+00:00","og_image":[{"width":1074,"height":1612,"url":"https:\/\/fittwear.nl\/wp-content\/uploads\/2021\/02\/marble-paars_Onderkant-achter_jpg_1-1.jpg","type":"image\/jpeg"}],"twitter_card":"summary_large_image","twitter_misc":{"Gesch\u00e4tzte Lesezeit":"1\u00a0Minute"},"schema":{"@context":"https:\/\/schema.org","@graph":[{"@type":"WebPage","@id":"https:\/\/fittwear.nl\/product\/magic-marble-legging-paars\/","url":"https:\/\/fittwear.nl\/product\/magic-marble-legging-paars\/","name":"Magic Marble Legging Violett - Sport-Leggings f\u00fcr Frauen - FITTwear.nl","isPartOf":{"@id":"https:\/\/fittwear.nl\/#website"},"primaryImageOfPage":{"@id":"https:\/\/fittwear.nl\/product\/magic-marble-legging-paars\/#primaryimage"},"image":{"@id":"https:\/\/fittwear.nl\/product\/magic-marble-legging-paars\/#primaryimage"},"thumbnailUrl":"https:\/\/fittwear.nl\/wp-content\/uploads\/2021\/02\/marble-paars_Onderkant-achter_jpg_1-1.jpg","datePublished":"2021-02-17T15:48:40+00:00","dateModified":"2026-04-26T12:40:08+00:00","description":"Super dehnbare Leggings mit hoher Taille in einem sch\u00f6nen Magic Marble Druck. Der hohe Bund ist sehr stabil und sorgt daf\u00fcr, dass Sie sich w\u00e4hrend Ihres Workouts oder Trainings wohlf\u00fchlen. Der Stoff ist feuchtigkeitsregulierend und atmungsaktiv und definitiv hocktauglich! Diese Leggings eignet sich auch hervorragend zum Laufen. Model Donna ist 1,82 und tr\u00e4gt Gr\u00f6\u00dfe M","breadcrumb":{"@id":"https:\/\/fittwear.nl\/product\/magic-marble-legging-paars\/#breadcrumb"},"inLanguage":"de","potentialAction":[{"@type":"ReadAction","target":["https:\/\/fittwear.nl\/product\/magic-marble-legging-paars\/"]}]},{"@type":"ImageObject","inLanguage":"de","@id":"https:\/\/fittwear.nl\/product\/magic-marble-legging-paars\/#primaryimage","url":"https:\/\/fittwear.nl\/wp-content\/uploads\/2021\/02\/marble-paars_Onderkant-achter_jpg_1-1.jpg","contentUrl":"https:\/\/fittwear.nl\/wp-content\/uploads\/2021\/02\/marble-paars_Onderkant-achter_jpg_1-1.jpg","width":1074,"height":1612},{"@type":"BreadcrumbList","@id":"https:\/\/fittwear.nl\/product\/magic-marble-legging-paars\/#breadcrumb","itemListElement":[{"@type":"ListItem","position":1,"name":"Home","item":"https:\/\/fittwear.nl\/"},{"@type":"ListItem","position":2,"name":"Shop","item":"https:\/\/fittwear.nl\/shop\/"},{"@type":"ListItem","position":3,"name":"Magic Marble Legging Purple"}]},{"@type":"WebSite","@id":"https:\/\/fittwear.nl\/#website","url":"https:\/\/fittwear.nl\/","name":"FITTwear.co.uk","description":"Zeit zu gl\u00e4nzen!","publisher":{"@id":"https:\/\/fittwear.nl\/#organization"},"potentialAction":[{"@type":"SearchAction","target":{"@type":"EntryPoint","urlTemplate":"https:\/\/fittwear.nl\/?s={search_term_string}"},"query-input":{"@type":"PropertyValueSpecification","valueRequired":true,"valueName":"search_term_string"}}],"inLanguage":"de"},{"@type":"Organization","@id":"https:\/\/fittwear.nl\/#organization","name":"FITTwear.co.uk","url":"https:\/\/fittwear.nl\/","logo":{"@type":"ImageObject","inLanguage":"de","@id":"https:\/\/fittwear.nl\/#\/schema\/logo\/image\/","url":"https:\/\/fittwear.nl\/wp-content\/uploads\/2024\/07\/FITT-Logo-BeYOUtiful-website-homepage_Tekengebied-1-scaled.jpg","contentUrl":"https:\/\/fittwear.nl\/wp-content\/uploads\/2024\/07\/FITT-Logo-BeYOUtiful-website-homepage_Tekengebied-1-scaled.jpg","width":2560,"height":599,"caption":"FITTwear.nl"},"image":{"@id":"https:\/\/fittwear.nl\/#\/schema\/logo\/image\/"}}]}},"_links":{"self":[{"href":"https:\/\/fittwear.nl\/de\/wp-json\/wp\/v2\/product\/7344","targetHints":{"allow":["GET"]}}],"collection":[{"href":"https:\/\/fittwear.nl\/de\/wp-json\/wp\/v2\/product"}],"about":[{"href":"https:\/\/fittwear.nl\/de\/wp-json\/wp\/v2\/types\/product"}],"wp:featuredmedia":[{"embeddable":true,"href":"https:\/\/fittwear.nl\/de\/wp-json\/wp\/v2\/media\/7342"}],"wp:attachment":[{"href":"https:\/\/fittwear.nl\/de\/wp-json\/wp\/v2\/media?parent=7344"}],"wp:term":[{"taxonomy":"product_brand","embeddable":true,"href":"https:\/\/fittwear.nl\/de\/wp-json\/wp\/v2\/product_brand?post=7344"},{"taxonomy":"product_cat","embeddable":true,"href":"https:\/\/fittwear.nl\/de\/wp-json\/wp\/v2\/product_cat?post=7344"},{"taxonomy":"product_tag","embeddable":true,"href":"https:\/\/fittwear.nl\/de\/wp-json\/wp\/v2\/product_tag?post=7344"}],"curies":[{"name":"wp","href":"https:\/\/api.w.org\/{rel}","templated":true}]}}