{"id":7410,"date":"2021-02-18T15:49:45","date_gmt":"2021-02-18T14:49:45","guid":{"rendered":"https:\/\/fittwear.nl\/?post_type=product&#038;p=7410"},"modified":"2026-04-27T16:03:01","modified_gmt":"2026-04-27T14:03:01","slug":"samt-bh-blau","status":"publish","type":"product","link":"https:\/\/fittwear.nl\/de\/product\/velvet-bh-blauw\/","title":{"rendered":"Samt-BH Blau"},"content":{"rendered":"<p>-Sport-BH<\/p>\n<p>-Samtstoff<\/p>\n<p>-Hoher Einfluss<\/p>\n<p>-Abnehmbare Polsterung<\/p>\n<p>-Feuchtigkeitsregulierend<\/p>\n<p>-atmungsaktiv<\/p>\n<p>-85% Polyamid<\/p>\n<p>-15% Elastan<\/p>\n<p>-Waschbar bis zu 30\u00b0<\/p>\n<p>-Farbe: Blau<\/p>\n<p>-Modell donna ist 1,82 und tr\u00e4gt Gr\u00f6\u00dfe M<\/p>","protected":false},"excerpt":{"rendered":"<p>Modischer Samt und Sport? FITT bringt dies zusammen. Die Velvet-Kollektion ist so konzipiert, dass sie sich hervorragend f\u00fcr den Sport eignet. Die Innenseite des BHs hat feuchtigkeitsregulierende und atmungsaktive Eigenschaften. Die Au\u00dfenseite besteht aus einem \u00e4u\u00dferst reizvollen Velvet-Stoff. Die Velvet-Linie f\u00fchlt sich herrlich leicht an, wie eine zweite Haut!<\/p>\n<p>Model Donna ist 1,82 und tr\u00e4gt Gr\u00f6\u00dfe M<\/p>","protected":false},"featured_media":7402,"template":"","meta":{"_acf_changed":false},"product_brand":[],"product_cat":[27],"product_tag":[102],"class_list":{"0":"post-7410","1":"product","2":"type-product","3":"status-publish","4":"has-post-thumbnail","6":"product_cat-dames","7":"product_tag-sport-bh-effen","9":"first","10":"instock","11":"sale","12":"taxable","13":"shipping-taxable","14":"purchasable","15":"product-type-variable","16":"has-default-attributes"},"acf":[],"yoast_head":"<!-- This site is optimized with the Yoast SEO plugin v27.1.1 - https:\/\/yoast.com\/product\/yoast-seo-wordpress\/ -->\n<title>Velvet BH Blue - Dames Sport Bh&#039;s - FITTwear.nl<\/title>\n<meta name=\"description\" content=\"Modieus Velvet en sport? FITT brengt dit samen. De Velvet collectie is zo ontwikkeld dat deze uitermate geschikt is om in te sporten. De binnenzijde van de BH heeft een vochtregulerend en ademend vermogen. De buitenzijde is gemaakt van een enorm stetchy Velvet-stof. De Velvet lijn\u00a0 voelt heerlijk licht aan, net een second skin!  Model Donna is 1.82 en draagt maat M\" \/>\n<meta name=\"robots\" content=\"index, follow, max-snippet:-1, max-image-preview:large, max-video-preview:-1\" \/>\n<link rel=\"canonical\" href=\"https:\/\/fittwear.nl\/de\/produkt-2\/samt-bh-blau\/\" \/>\n<meta property=\"og:locale\" content=\"de_DE\" \/>\n<meta property=\"og:type\" content=\"article\" \/>\n<meta property=\"og:title\" content=\"Velvet BH Blue - Dames Sport Bh&#039;s - FITTwear.nl\" \/>\n<meta property=\"og:description\" content=\"Modieus Velvet en sport? FITT brengt dit samen. De Velvet collectie is zo ontwikkeld dat deze uitermate geschikt is om in te sporten. De binnenzijde van de BH heeft een vochtregulerend en ademend vermogen. De buitenzijde is gemaakt van een enorm stetchy Velvet-stof. De Velvet lijn\u00a0 voelt heerlijk licht aan, net een second skin!  Model Donna is 1.82 en draagt maat M\" \/>\n<meta property=\"og:url\" content=\"https:\/\/fittwear.nl\/de\/produkt-2\/samt-bh-blau\/\" \/>\n<meta property=\"og:site_name\" content=\"FITTwear.nl\" \/>\n<meta property=\"article:modified_time\" content=\"2026-04-27T14:03:01+00:00\" \/>\n<meta property=\"og:image\" content=\"https:\/\/fittwear.nl\/wp-content\/uploads\/2021\/02\/velvet-blauw-donna_Bovenkant-voor_jpg_3-1.jpg\" \/>\n\t<meta property=\"og:image:width\" content=\"1134\" \/>\n\t<meta property=\"og:image:height\" content=\"1700\" \/>\n\t<meta property=\"og:image:type\" content=\"image\/jpeg\" \/>\n<meta name=\"twitter:card\" content=\"summary_large_image\" \/>\n<meta name=\"twitter:label1\" content=\"Gesch\u00e4tzte Lesezeit\" \/>\n\t<meta name=\"twitter:data1\" content=\"1\u00a0Minute\" \/>\n<script type=\"application\/ld+json\" class=\"yoast-schema-graph\">{\"@context\":\"https:\/\/schema.org\",\"@graph\":[{\"@type\":\"WebPage\",\"@id\":\"https:\/\/fittwear.nl\/product\/velvet-bh-blauw\/\",\"url\":\"https:\/\/fittwear.nl\/product\/velvet-bh-blauw\/\",\"name\":\"Velvet BH Blue - Dames Sport Bh's - FITTwear.nl\",\"isPartOf\":{\"@id\":\"https:\/\/fittwear.nl\/#website\"},\"primaryImageOfPage\":{\"@id\":\"https:\/\/fittwear.nl\/product\/velvet-bh-blauw\/#primaryimage\"},\"image\":{\"@id\":\"https:\/\/fittwear.nl\/product\/velvet-bh-blauw\/#primaryimage\"},\"thumbnailUrl\":\"https:\/\/fittwear.nl\/wp-content\/uploads\/2021\/02\/velvet-blauw-donna_Bovenkant-voor_jpg_3-1.jpg\",\"datePublished\":\"2021-02-18T14:49:45+00:00\",\"dateModified\":\"2026-04-27T14:03:01+00:00\",\"description\":\"Modieus Velvet en sport? FITT brengt dit samen. De Velvet collectie is zo ontwikkeld dat deze uitermate geschikt is om in te sporten. De binnenzijde van de BH heeft een vochtregulerend en ademend vermogen. De buitenzijde is gemaakt van een enorm stetchy Velvet-stof. De Velvet lijn\u00a0 voelt heerlijk licht aan, net een second skin! Model Donna is 1.82 en draagt maat M\",\"breadcrumb\":{\"@id\":\"https:\/\/fittwear.nl\/product\/velvet-bh-blauw\/#breadcrumb\"},\"inLanguage\":\"de\",\"potentialAction\":[{\"@type\":\"ReadAction\",\"target\":[\"https:\/\/fittwear.nl\/product\/velvet-bh-blauw\/\"]}]},{\"@type\":\"ImageObject\",\"inLanguage\":\"de\",\"@id\":\"https:\/\/fittwear.nl\/product\/velvet-bh-blauw\/#primaryimage\",\"url\":\"https:\/\/fittwear.nl\/wp-content\/uploads\/2021\/02\/velvet-blauw-donna_Bovenkant-voor_jpg_3-1.jpg\",\"contentUrl\":\"https:\/\/fittwear.nl\/wp-content\/uploads\/2021\/02\/velvet-blauw-donna_Bovenkant-voor_jpg_3-1.jpg\",\"width\":1134,\"height\":1700},{\"@type\":\"BreadcrumbList\",\"@id\":\"https:\/\/fittwear.nl\/product\/velvet-bh-blauw\/#breadcrumb\",\"itemListElement\":[{\"@type\":\"ListItem\",\"position\":1,\"name\":\"Home\",\"item\":\"https:\/\/fittwear.nl\/\"},{\"@type\":\"ListItem\",\"position\":2,\"name\":\"Shop\",\"item\":\"https:\/\/fittwear.nl\/shop\/\"},{\"@type\":\"ListItem\",\"position\":3,\"name\":\"Velvet BH Blue\"}]},{\"@type\":\"WebSite\",\"@id\":\"https:\/\/fittwear.nl\/#website\",\"url\":\"https:\/\/fittwear.nl\/\",\"name\":\"FITTwear.nl\",\"description\":\"Time to shine!\",\"publisher\":{\"@id\":\"https:\/\/fittwear.nl\/#organization\"},\"potentialAction\":[{\"@type\":\"SearchAction\",\"target\":{\"@type\":\"EntryPoint\",\"urlTemplate\":\"https:\/\/fittwear.nl\/?s={search_term_string}\"},\"query-input\":{\"@type\":\"PropertyValueSpecification\",\"valueRequired\":true,\"valueName\":\"search_term_string\"}}],\"inLanguage\":\"de\"},{\"@type\":\"Organization\",\"@id\":\"https:\/\/fittwear.nl\/#organization\",\"name\":\"FITTwear.nl\",\"url\":\"https:\/\/fittwear.nl\/\",\"logo\":{\"@type\":\"ImageObject\",\"inLanguage\":\"de\",\"@id\":\"https:\/\/fittwear.nl\/#\/schema\/logo\/image\/\",\"url\":\"https:\/\/fittwear.nl\/wp-content\/uploads\/2024\/07\/FITT-Logo-BeYOUtiful-website-homepage_Tekengebied-1-scaled.jpg\",\"contentUrl\":\"https:\/\/fittwear.nl\/wp-content\/uploads\/2024\/07\/FITT-Logo-BeYOUtiful-website-homepage_Tekengebied-1-scaled.jpg\",\"width\":2560,\"height\":599,\"caption\":\"FITTwear.nl\"},\"image\":{\"@id\":\"https:\/\/fittwear.nl\/#\/schema\/logo\/image\/\"}}]}<\/script>\n<!-- \/ Yoast SEO plugin. -->","yoast_head_json":{"title":"Velvet Bra Blau - Sport-BHs f\u00fcr Frauen - FITTwear.nl","description":"Modischer Samt und Sport? FITT bringt dies zusammen. Die Velvet-Kollektion ist so konzipiert, dass sie sich hervorragend f\u00fcr den Sport eignet. Die Innenseite des BHs hat feuchtigkeitsregulierende und atmungsaktive Eigenschaften. Die Au\u00dfenseite besteht aus einem \u00e4u\u00dferst reizvollen Velvet-Stoff. Die Velvet-Linie f\u00fchlt sich herrlich leicht an, wie eine zweite Haut!  Model Donna ist 1,82 und tr\u00e4gt Gr\u00f6\u00dfe M","robots":{"index":"index","follow":"follow","max-snippet":"max-snippet:-1","max-image-preview":"max-image-preview:large","max-video-preview":"max-video-preview:-1"},"canonical":"https:\/\/fittwear.nl\/de\/produkt-2\/samt-bh-blau\/","og_locale":"de_DE","og_type":"article","og_title":"Velvet BH Blue - Dames Sport Bh's - FITTwear.nl","og_description":"Modieus Velvet en sport? FITT brengt dit samen. De Velvet collectie is zo ontwikkeld dat deze uitermate geschikt is om in te sporten. De binnenzijde van de BH heeft een vochtregulerend en ademend vermogen. De buitenzijde is gemaakt van een enorm stetchy Velvet-stof. De Velvet lijn\u00a0 voelt heerlijk licht aan, net een second skin!  Model Donna is 1.82 en draagt maat M","og_url":"https:\/\/fittwear.nl\/de\/produkt-2\/samt-bh-blau\/","og_site_name":"FITTwear.nl","article_modified_time":"2026-04-27T14:03:01+00:00","og_image":[{"width":1134,"height":1700,"url":"https:\/\/fittwear.nl\/wp-content\/uploads\/2021\/02\/velvet-blauw-donna_Bovenkant-voor_jpg_3-1.jpg","type":"image\/jpeg"}],"twitter_card":"summary_large_image","twitter_misc":{"Gesch\u00e4tzte Lesezeit":"1\u00a0Minute"},"schema":{"@context":"https:\/\/schema.org","@graph":[{"@type":"WebPage","@id":"https:\/\/fittwear.nl\/product\/velvet-bh-blauw\/","url":"https:\/\/fittwear.nl\/product\/velvet-bh-blauw\/","name":"Velvet Bra Blau - Sport-BHs f\u00fcr Frauen - FITTwear.nl","isPartOf":{"@id":"https:\/\/fittwear.nl\/#website"},"primaryImageOfPage":{"@id":"https:\/\/fittwear.nl\/product\/velvet-bh-blauw\/#primaryimage"},"image":{"@id":"https:\/\/fittwear.nl\/product\/velvet-bh-blauw\/#primaryimage"},"thumbnailUrl":"https:\/\/fittwear.nl\/wp-content\/uploads\/2021\/02\/velvet-blauw-donna_Bovenkant-voor_jpg_3-1.jpg","datePublished":"2021-02-18T14:49:45+00:00","dateModified":"2026-04-27T14:03:01+00:00","description":"Modischer Samt und Sport? FITT bringt dies zusammen. Die Velvet-Kollektion ist so konzipiert, dass sie sich hervorragend f\u00fcr den Sport eignet. Die Innenseite des BHs hat feuchtigkeitsregulierende und atmungsaktive Eigenschaften. Die Au\u00dfenseite besteht aus einem \u00e4u\u00dferst reizvollen Velvet-Stoff. Die Velvet-Linie f\u00fchlt sich herrlich leicht an, wie eine zweite Haut! Model Donna ist 1,82 und tr\u00e4gt Gr\u00f6\u00dfe M","breadcrumb":{"@id":"https:\/\/fittwear.nl\/product\/velvet-bh-blauw\/#breadcrumb"},"inLanguage":"de","potentialAction":[{"@type":"ReadAction","target":["https:\/\/fittwear.nl\/product\/velvet-bh-blauw\/"]}]},{"@type":"ImageObject","inLanguage":"de","@id":"https:\/\/fittwear.nl\/product\/velvet-bh-blauw\/#primaryimage","url":"https:\/\/fittwear.nl\/wp-content\/uploads\/2021\/02\/velvet-blauw-donna_Bovenkant-voor_jpg_3-1.jpg","contentUrl":"https:\/\/fittwear.nl\/wp-content\/uploads\/2021\/02\/velvet-blauw-donna_Bovenkant-voor_jpg_3-1.jpg","width":1134,"height":1700},{"@type":"BreadcrumbList","@id":"https:\/\/fittwear.nl\/product\/velvet-bh-blauw\/#breadcrumb","itemListElement":[{"@type":"ListItem","position":1,"name":"Home","item":"https:\/\/fittwear.nl\/"},{"@type":"ListItem","position":2,"name":"Shop","item":"https:\/\/fittwear.nl\/shop\/"},{"@type":"ListItem","position":3,"name":"Velvet BH Blue"}]},{"@type":"WebSite","@id":"https:\/\/fittwear.nl\/#website","url":"https:\/\/fittwear.nl\/","name":"FITTwear.co.uk","description":"Zeit zu gl\u00e4nzen!","publisher":{"@id":"https:\/\/fittwear.nl\/#organization"},"potentialAction":[{"@type":"SearchAction","target":{"@type":"EntryPoint","urlTemplate":"https:\/\/fittwear.nl\/?s={search_term_string}"},"query-input":{"@type":"PropertyValueSpecification","valueRequired":true,"valueName":"search_term_string"}}],"inLanguage":"de"},{"@type":"Organization","@id":"https:\/\/fittwear.nl\/#organization","name":"FITTwear.co.uk","url":"https:\/\/fittwear.nl\/","logo":{"@type":"ImageObject","inLanguage":"de","@id":"https:\/\/fittwear.nl\/#\/schema\/logo\/image\/","url":"https:\/\/fittwear.nl\/wp-content\/uploads\/2024\/07\/FITT-Logo-BeYOUtiful-website-homepage_Tekengebied-1-scaled.jpg","contentUrl":"https:\/\/fittwear.nl\/wp-content\/uploads\/2024\/07\/FITT-Logo-BeYOUtiful-website-homepage_Tekengebied-1-scaled.jpg","width":2560,"height":599,"caption":"FITTwear.nl"},"image":{"@id":"https:\/\/fittwear.nl\/#\/schema\/logo\/image\/"}}]}},"_links":{"self":[{"href":"https:\/\/fittwear.nl\/de\/wp-json\/wp\/v2\/product\/7410","targetHints":{"allow":["GET"]}}],"collection":[{"href":"https:\/\/fittwear.nl\/de\/wp-json\/wp\/v2\/product"}],"about":[{"href":"https:\/\/fittwear.nl\/de\/wp-json\/wp\/v2\/types\/product"}],"wp:featuredmedia":[{"embeddable":true,"href":"https:\/\/fittwear.nl\/de\/wp-json\/wp\/v2\/media\/7402"}],"wp:attachment":[{"href":"https:\/\/fittwear.nl\/de\/wp-json\/wp\/v2\/media?parent=7410"}],"wp:term":[{"taxonomy":"product_brand","embeddable":true,"href":"https:\/\/fittwear.nl\/de\/wp-json\/wp\/v2\/product_brand?post=7410"},{"taxonomy":"product_cat","embeddable":true,"href":"https:\/\/fittwear.nl\/de\/wp-json\/wp\/v2\/product_cat?post=7410"},{"taxonomy":"product_tag","embeddable":true,"href":"https:\/\/fittwear.nl\/de\/wp-json\/wp\/v2\/product_tag?post=7410"}],"curies":[{"name":"wp","href":"https:\/\/api.w.org\/{rel}","templated":true}]}}