{"id":7416,"date":"2021-02-18T16:20:45","date_gmt":"2021-02-18T15:20:45","guid":{"rendered":"https:\/\/fittwear.nl\/?post_type=product&#038;p=7416"},"modified":"2026-04-26T14:40:46","modified_gmt":"2026-04-26T12:40:46","slug":"stadt-legging-kohle","status":"publish","type":"product","link":"https:\/\/fittwear.nl\/de\/product\/city-legging-charcoal\/","title":{"rendered":"City-Legging Anthrazit"},"content":{"rendered":"<p>-Gestrickte modische Leggings<\/p>\n<p>-Strichmuster<\/p>\n<p>-Athleisure-Stil<\/p>\n<p>-Hohe Taille<\/p>\n<p>-Breiter und fester Bund<\/p>\n<p>-Quetschprobe<\/p>\n<p>-bequem und stilvoll<\/p>\n<p>-minimale N\u00e4hte<\/p>\n<p>-Extra weicher Stoff<\/p>\n<p>-Sack am rechten Bein<\/p>\n<p>-92% Polyester 8% Elasthan<\/p>\n<p>-330 Gramm<\/p>\n<p>-Waschbar bis zu 40\u00b0<\/p>\n<p>-Farbe: Holzkohle<\/p>\n<p>-Model Doete (blond) ist 1,76 und tr\u00e4gt Gr\u00f6\u00dfe XS<\/p>\n<p>-Model Donna (braun) ist 1,80 und tr\u00e4gt Gr\u00f6\u00dfe S<\/p>","protected":false},"excerpt":{"rendered":"<p><strong>Gr\u00f6\u00dfe: Wir empfehlen, eine Nummer kleiner zu bestellen.\u00a0<\/strong><\/p>\n<p>Hallo, gestrickte Modeleggings! Diese modischen Leggings k\u00f6nnen sowohl im Alltag als auch beim Training getragen werden. Hoher Tragekomfort dank des breiten und festen Hochbundes und des extra weichen Materials. Die Tasche auf dem rechten Bein und das modische Fischgr\u00e4tenmuster machen sie einzigartig. Von nun an k\u00f6nnen wir wirklich den ganzen Tag, jeden Tag stilvoll in FITT Ladies durchs Leben gehen!<\/p>\n<p><strong>Model Doete (blond) ist 1,76 und tr\u00e4gt Gr\u00f6\u00dfe XS<\/strong><\/p>\n<p><strong>Model Donna (braun) ist 1,80 und tr\u00e4gt Gr\u00f6\u00dfe S<\/strong><\/p>","protected":false},"featured_media":7427,"template":"","meta":{"_acf_changed":false},"product_brand":[],"product_cat":[27,4743,28,66,84,4799],"product_tag":[],"class_list":{"0":"post-7416","1":"product","2":"type-product","3":"status-publish","4":"has-post-thumbnail","6":"product_cat-dames","7":"product_cat-geen-scrunch","8":"product_cat-leggings","9":"product_cat-loungewear","10":"product_cat-prints","11":"product_cat-structures","13":"first","14":"instock","15":"taxable","16":"shipping-taxable","17":"purchasable","18":"product-type-variable","19":"has-default-attributes"},"acf":[],"yoast_head":"<!-- This site is optimized with the Yoast SEO plugin v27.1.1 - https:\/\/yoast.com\/product\/yoast-seo-wordpress\/ -->\n<title>City Legging Charcoal - Dames Sportleggings - FITTwear.nl<\/title>\n<meta name=\"description\" content=\"Maatvoering: We raden je aan een maat kleiner te bestellen.\u00a0  Hello, gebreide fashion legging! Deze stijlvolle legging is zowel in het dagelijks leven als tijdens een training te dragen. Een enorm comfortabel gevoel dankzij de brede en stevige high waist tailleband en de extra zachte stof. Het zakje op het rechterbeen en de modieuze visgraad patroon maakt hem uniek. Vanaf nu kunnen we dus \u00e9cht all day, every day stijlvol door het leven in FITT ladies!  Model Doete (blond) is 1.76 en draagt maat XS  Model Donna (bruin) is 1.80 en draagt maat S\" \/>\n<meta name=\"robots\" content=\"index, follow, max-snippet:-1, max-image-preview:large, max-video-preview:-1\" \/>\n<link rel=\"canonical\" href=\"https:\/\/fittwear.nl\/de\/produkt-2\/stadt-legging-kohle\/\" \/>\n<meta property=\"og:locale\" content=\"de_DE\" \/>\n<meta property=\"og:type\" content=\"article\" \/>\n<meta property=\"og:title\" content=\"City Legging Charcoal - Dames Sportleggings - FITTwear.nl\" \/>\n<meta property=\"og:description\" content=\"Maatvoering: We raden je aan een maat kleiner te bestellen.\u00a0  Hello, gebreide fashion legging! Deze stijlvolle legging is zowel in het dagelijks leven als tijdens een training te dragen. Een enorm comfortabel gevoel dankzij de brede en stevige high waist tailleband en de extra zachte stof. Het zakje op het rechterbeen en de modieuze visgraad patroon maakt hem uniek. Vanaf nu kunnen we dus \u00e9cht all day, every day stijlvol door het leven in FITT ladies!  Model Doete (blond) is 1.76 en draagt maat XS  Model Donna (bruin) is 1.80 en draagt maat S\" \/>\n<meta property=\"og:url\" content=\"https:\/\/fittwear.nl\/de\/produkt-2\/stadt-legging-kohle\/\" \/>\n<meta property=\"og:site_name\" content=\"FITTwear.nl\" \/>\n<meta property=\"article:modified_time\" content=\"2026-04-26T12:40:46+00:00\" \/>\n<meta property=\"og:image\" content=\"https:\/\/fittwear.nl\/wp-content\/uploads\/2021\/02\/P210217102436_Voorkant-onder_jpg_7-1.jpg\" \/>\n\t<meta property=\"og:image:width\" content=\"1071\" \/>\n\t<meta property=\"og:image:height\" content=\"1606\" \/>\n\t<meta property=\"og:image:type\" content=\"image\/jpeg\" \/>\n<meta name=\"twitter:card\" content=\"summary_large_image\" \/>\n<meta name=\"twitter:label1\" content=\"Gesch\u00e4tzte Lesezeit\" \/>\n\t<meta name=\"twitter:data1\" content=\"1\u00a0Minute\" \/>\n<script type=\"application\/ld+json\" class=\"yoast-schema-graph\">{\"@context\":\"https:\/\/schema.org\",\"@graph\":[{\"@type\":\"WebPage\",\"@id\":\"https:\/\/fittwear.nl\/product\/city-legging-charcoal\/\",\"url\":\"https:\/\/fittwear.nl\/product\/city-legging-charcoal\/\",\"name\":\"City Legging Charcoal - Dames Sportleggings - FITTwear.nl\",\"isPartOf\":{\"@id\":\"https:\/\/fittwear.nl\/#website\"},\"primaryImageOfPage\":{\"@id\":\"https:\/\/fittwear.nl\/product\/city-legging-charcoal\/#primaryimage\"},\"image\":{\"@id\":\"https:\/\/fittwear.nl\/product\/city-legging-charcoal\/#primaryimage\"},\"thumbnailUrl\":\"https:\/\/fittwear.nl\/wp-content\/uploads\/2021\/02\/P210217102436_Voorkant-onder_jpg_7-1.jpg\",\"datePublished\":\"2021-02-18T15:20:45+00:00\",\"dateModified\":\"2026-04-26T12:40:46+00:00\",\"description\":\"Maatvoering: We raden je aan een maat kleiner te bestellen.\u00a0 Hello, gebreide fashion legging! Deze stijlvolle legging is zowel in het dagelijks leven als tijdens een training te dragen. Een enorm comfortabel gevoel dankzij de brede en stevige high waist tailleband en de extra zachte stof. Het zakje op het rechterbeen en de modieuze visgraad patroon maakt hem uniek. Vanaf nu kunnen we dus \u00e9cht all day, every day stijlvol door het leven in FITT ladies! Model Doete (blond) is 1.76 en draagt maat XS Model Donna (bruin) is 1.80 en draagt maat S\",\"breadcrumb\":{\"@id\":\"https:\/\/fittwear.nl\/product\/city-legging-charcoal\/#breadcrumb\"},\"inLanguage\":\"de\",\"potentialAction\":[{\"@type\":\"ReadAction\",\"target\":[\"https:\/\/fittwear.nl\/product\/city-legging-charcoal\/\"]}]},{\"@type\":\"ImageObject\",\"inLanguage\":\"de\",\"@id\":\"https:\/\/fittwear.nl\/product\/city-legging-charcoal\/#primaryimage\",\"url\":\"https:\/\/fittwear.nl\/wp-content\/uploads\/2021\/02\/P210217102436_Voorkant-onder_jpg_7-1.jpg\",\"contentUrl\":\"https:\/\/fittwear.nl\/wp-content\/uploads\/2021\/02\/P210217102436_Voorkant-onder_jpg_7-1.jpg\",\"width\":1071,\"height\":1606},{\"@type\":\"BreadcrumbList\",\"@id\":\"https:\/\/fittwear.nl\/product\/city-legging-charcoal\/#breadcrumb\",\"itemListElement\":[{\"@type\":\"ListItem\",\"position\":1,\"name\":\"Home\",\"item\":\"https:\/\/fittwear.nl\/\"},{\"@type\":\"ListItem\",\"position\":2,\"name\":\"Shop\",\"item\":\"https:\/\/fittwear.nl\/shop\/\"},{\"@type\":\"ListItem\",\"position\":3,\"name\":\"City Legging Charcoal\"}]},{\"@type\":\"WebSite\",\"@id\":\"https:\/\/fittwear.nl\/#website\",\"url\":\"https:\/\/fittwear.nl\/\",\"name\":\"FITTwear.nl\",\"description\":\"Time to shine!\",\"publisher\":{\"@id\":\"https:\/\/fittwear.nl\/#organization\"},\"potentialAction\":[{\"@type\":\"SearchAction\",\"target\":{\"@type\":\"EntryPoint\",\"urlTemplate\":\"https:\/\/fittwear.nl\/?s={search_term_string}\"},\"query-input\":{\"@type\":\"PropertyValueSpecification\",\"valueRequired\":true,\"valueName\":\"search_term_string\"}}],\"inLanguage\":\"de\"},{\"@type\":\"Organization\",\"@id\":\"https:\/\/fittwear.nl\/#organization\",\"name\":\"FITTwear.nl\",\"url\":\"https:\/\/fittwear.nl\/\",\"logo\":{\"@type\":\"ImageObject\",\"inLanguage\":\"de\",\"@id\":\"https:\/\/fittwear.nl\/#\/schema\/logo\/image\/\",\"url\":\"https:\/\/fittwear.nl\/wp-content\/uploads\/2024\/07\/FITT-Logo-BeYOUtiful-website-homepage_Tekengebied-1-scaled.jpg\",\"contentUrl\":\"https:\/\/fittwear.nl\/wp-content\/uploads\/2024\/07\/FITT-Logo-BeYOUtiful-website-homepage_Tekengebied-1-scaled.jpg\",\"width\":2560,\"height\":599,\"caption\":\"FITTwear.nl\"},\"image\":{\"@id\":\"https:\/\/fittwear.nl\/#\/schema\/logo\/image\/\"}}]}<\/script>\n<!-- \/ Yoast SEO plugin. -->","yoast_head_json":{"title":"City Legging Charcoal - Sport-Leggings f\u00fcr Frauen - FITTwear.nl","description":"Gr\u00f6\u00dfe: Wir empfehlen, eine Nummer kleiner zu bestellen.   Hallo, gestrickte Modeleggings! Diese modischen Leggings k\u00f6nnen sowohl im Alltag als auch beim Training getragen werden. Hoher Tragekomfort dank breitem, festem Bund und extra weichem Material. Die Tasche auf dem rechten Bein und das modische Fischgr\u00e4tenmuster machen sie einzigartig. Von nun an k\u00f6nnen wir in FITT Ladies wirklich jeden Tag mit Stil durchs Leben gehen!  Modell Doete (blond) ist 1,76 und tr\u00e4gt Gr\u00f6\u00dfe XS Modell Donna (braun) ist 1,80 und tr\u00e4gt Gr\u00f6\u00dfe S","robots":{"index":"index","follow":"follow","max-snippet":"max-snippet:-1","max-image-preview":"max-image-preview:large","max-video-preview":"max-video-preview:-1"},"canonical":"https:\/\/fittwear.nl\/de\/produkt-2\/stadt-legging-kohle\/","og_locale":"de_DE","og_type":"article","og_title":"City Legging Charcoal - Dames Sportleggings - FITTwear.nl","og_description":"Maatvoering: We raden je aan een maat kleiner te bestellen.\u00a0  Hello, gebreide fashion legging! Deze stijlvolle legging is zowel in het dagelijks leven als tijdens een training te dragen. Een enorm comfortabel gevoel dankzij de brede en stevige high waist tailleband en de extra zachte stof. Het zakje op het rechterbeen en de modieuze visgraad patroon maakt hem uniek. Vanaf nu kunnen we dus \u00e9cht all day, every day stijlvol door het leven in FITT ladies!  Model Doete (blond) is 1.76 en draagt maat XS  Model Donna (bruin) is 1.80 en draagt maat S","og_url":"https:\/\/fittwear.nl\/de\/produkt-2\/stadt-legging-kohle\/","og_site_name":"FITTwear.nl","article_modified_time":"2026-04-26T12:40:46+00:00","og_image":[{"width":1071,"height":1606,"url":"https:\/\/fittwear.nl\/wp-content\/uploads\/2021\/02\/P210217102436_Voorkant-onder_jpg_7-1.jpg","type":"image\/jpeg"}],"twitter_card":"summary_large_image","twitter_misc":{"Gesch\u00e4tzte Lesezeit":"1\u00a0Minute"},"schema":{"@context":"https:\/\/schema.org","@graph":[{"@type":"WebPage","@id":"https:\/\/fittwear.nl\/product\/city-legging-charcoal\/","url":"https:\/\/fittwear.nl\/product\/city-legging-charcoal\/","name":"City Legging Charcoal - Sport-Leggings f\u00fcr Frauen - FITTwear.nl","isPartOf":{"@id":"https:\/\/fittwear.nl\/#website"},"primaryImageOfPage":{"@id":"https:\/\/fittwear.nl\/product\/city-legging-charcoal\/#primaryimage"},"image":{"@id":"https:\/\/fittwear.nl\/product\/city-legging-charcoal\/#primaryimage"},"thumbnailUrl":"https:\/\/fittwear.nl\/wp-content\/uploads\/2021\/02\/P210217102436_Voorkant-onder_jpg_7-1.jpg","datePublished":"2021-02-18T15:20:45+00:00","dateModified":"2026-04-26T12:40:46+00:00","description":"Gr\u00f6\u00dfe: Wir empfehlen, eine Nummer kleiner zu bestellen.  Hallo, gestrickte Modeleggings! Diese modischen Leggings k\u00f6nnen sowohl im Alltag als auch beim Training getragen werden. Hoher Tragekomfort dank breitem, festem Bund und extra weichem Material. Die Tasche auf dem rechten Bein und das modische Fischgr\u00e4tenmuster machen sie einzigartig. Von nun an k\u00f6nnen wir in FITT Ladies wirklich jeden Tag mit Stil durchs Leben gehen! Modell Doete (blond) ist 1,76 und tr\u00e4gt Gr\u00f6\u00dfe XS Modell Donna (braun) ist 1,80 und tr\u00e4gt Gr\u00f6\u00dfe S","breadcrumb":{"@id":"https:\/\/fittwear.nl\/product\/city-legging-charcoal\/#breadcrumb"},"inLanguage":"de","potentialAction":[{"@type":"ReadAction","target":["https:\/\/fittwear.nl\/product\/city-legging-charcoal\/"]}]},{"@type":"ImageObject","inLanguage":"de","@id":"https:\/\/fittwear.nl\/product\/city-legging-charcoal\/#primaryimage","url":"https:\/\/fittwear.nl\/wp-content\/uploads\/2021\/02\/P210217102436_Voorkant-onder_jpg_7-1.jpg","contentUrl":"https:\/\/fittwear.nl\/wp-content\/uploads\/2021\/02\/P210217102436_Voorkant-onder_jpg_7-1.jpg","width":1071,"height":1606},{"@type":"BreadcrumbList","@id":"https:\/\/fittwear.nl\/product\/city-legging-charcoal\/#breadcrumb","itemListElement":[{"@type":"ListItem","position":1,"name":"Home","item":"https:\/\/fittwear.nl\/"},{"@type":"ListItem","position":2,"name":"Shop","item":"https:\/\/fittwear.nl\/shop\/"},{"@type":"ListItem","position":3,"name":"City Legging Charcoal"}]},{"@type":"WebSite","@id":"https:\/\/fittwear.nl\/#website","url":"https:\/\/fittwear.nl\/","name":"FITTwear.co.uk","description":"Zeit zu gl\u00e4nzen!","publisher":{"@id":"https:\/\/fittwear.nl\/#organization"},"potentialAction":[{"@type":"SearchAction","target":{"@type":"EntryPoint","urlTemplate":"https:\/\/fittwear.nl\/?s={search_term_string}"},"query-input":{"@type":"PropertyValueSpecification","valueRequired":true,"valueName":"search_term_string"}}],"inLanguage":"de"},{"@type":"Organization","@id":"https:\/\/fittwear.nl\/#organization","name":"FITTwear.co.uk","url":"https:\/\/fittwear.nl\/","logo":{"@type":"ImageObject","inLanguage":"de","@id":"https:\/\/fittwear.nl\/#\/schema\/logo\/image\/","url":"https:\/\/fittwear.nl\/wp-content\/uploads\/2024\/07\/FITT-Logo-BeYOUtiful-website-homepage_Tekengebied-1-scaled.jpg","contentUrl":"https:\/\/fittwear.nl\/wp-content\/uploads\/2024\/07\/FITT-Logo-BeYOUtiful-website-homepage_Tekengebied-1-scaled.jpg","width":2560,"height":599,"caption":"FITTwear.nl"},"image":{"@id":"https:\/\/fittwear.nl\/#\/schema\/logo\/image\/"}}]}},"_links":{"self":[{"href":"https:\/\/fittwear.nl\/de\/wp-json\/wp\/v2\/product\/7416","targetHints":{"allow":["GET"]}}],"collection":[{"href":"https:\/\/fittwear.nl\/de\/wp-json\/wp\/v2\/product"}],"about":[{"href":"https:\/\/fittwear.nl\/de\/wp-json\/wp\/v2\/types\/product"}],"wp:featuredmedia":[{"embeddable":true,"href":"https:\/\/fittwear.nl\/de\/wp-json\/wp\/v2\/media\/7427"}],"wp:attachment":[{"href":"https:\/\/fittwear.nl\/de\/wp-json\/wp\/v2\/media?parent=7416"}],"wp:term":[{"taxonomy":"product_brand","embeddable":true,"href":"https:\/\/fittwear.nl\/de\/wp-json\/wp\/v2\/product_brand?post=7416"},{"taxonomy":"product_cat","embeddable":true,"href":"https:\/\/fittwear.nl\/de\/wp-json\/wp\/v2\/product_cat?post=7416"},{"taxonomy":"product_tag","embeddable":true,"href":"https:\/\/fittwear.nl\/de\/wp-json\/wp\/v2\/product_tag?post=7416"}],"curies":[{"name":"wp","href":"https:\/\/api.w.org\/{rel}","templated":true}]}}