{"id":7463,"date":"2021-02-19T11:16:25","date_gmt":"2021-02-19T10:16:25","guid":{"rendered":"https:\/\/fittwear.nl\/?post_type=product&#038;p=7463"},"modified":"2026-04-17T02:15:22","modified_gmt":"2026-04-17T00:15:22","slug":"rippen-lounge-jogging-hose-blau","status":"publish","type":"product","link":"https:\/\/fittwear.nl\/de\/product\/rib-lounge-jogg-pants-blauw\/","title":{"rendered":"Rippen-Lounge-Jogg-Hose blau"},"content":{"rendered":"<p>-Loune Jogginghose<\/p>\n<p>-Hohe Taille<\/p>\n<p>-Rippenstoff<\/p>\n<p>-Baggy<\/p>\n<p>-Elastischer Saum am unteren Ende des Hosenbeins<\/p>\n<p>-90% Viskose 10% Elasthan<\/p>\n<p>-Waschbar bis zu 30\u00b0<\/p>\n<p>-Farbe: blau<\/p>\n<p>-Model Donna ist 1,82 und tr\u00e4gt Gr\u00f6\u00dfe M<\/p>","protected":false},"excerpt":{"rendered":"<p>Bequem und modisch zugleich! Jogginghose mit hoher Taille aus einem sch\u00f6nen und robusten Rippstoff. Ausgestattet mit einem elastischen Saum am unteren Ende des Hosenbeins. Erh\u00e4ltlich in modernen und trendigen Farben.<\/p>\n<p>Model donna ist 1.82 und tr\u00e4gt Gr\u00f6\u00dfe M<\/p>","protected":false},"featured_media":7471,"template":"","meta":{"_acf_changed":false},"product_brand":[],"product_cat":[27,53,61,66],"product_tag":[],"class_list":{"0":"post-7463","1":"product","2":"type-product","3":"status-publish","4":"has-post-thumbnail","6":"product_cat-dames","7":"product_cat-sweatpants","8":"product_cat-shoppen-op-stijl","9":"product_cat-loungewear","11":"first","12":"outofstock","13":"taxable","14":"shipping-taxable","15":"product-type-variable","16":"has-default-attributes"},"acf":[],"yoast_head":"<!-- This site is optimized with the Yoast SEO plugin v27.1.1 - https:\/\/yoast.com\/product\/yoast-seo-wordpress\/ -->\n<title>Rib Lounge Jogg Pants blauw - Loungewear - FITTwear.nl<\/title>\n<meta name=\"description\" content=\"Comfortabel \u00e9n stijlvol! Een high waist jogg pants in een mooie en stevige rib-stof. Voorzien van een elastische boord aan de onderzijde van de broekspijp. Verkrijgbaar in moderne en trendy kleuren.  Model donna is 1.82 en draagt maat M\" \/>\n<meta name=\"robots\" content=\"index, follow, max-snippet:-1, max-image-preview:large, max-video-preview:-1\" \/>\n<link rel=\"canonical\" href=\"https:\/\/fittwear.nl\/de\/produkt-2\/rippen-lounge-jogging-hose-blau\/\" \/>\n<meta property=\"og:locale\" content=\"de_DE\" \/>\n<meta property=\"og:type\" content=\"article\" \/>\n<meta property=\"og:title\" content=\"Rib Lounge Jogg Pants blauw - Loungewear - FITTwear.nl\" \/>\n<meta property=\"og:description\" content=\"Comfortabel \u00e9n stijlvol! Een high waist jogg pants in een mooie en stevige rib-stof. Voorzien van een elastische boord aan de onderzijde van de broekspijp. Verkrijgbaar in moderne en trendy kleuren.  Model donna is 1.82 en draagt maat M\" \/>\n<meta property=\"og:url\" content=\"https:\/\/fittwear.nl\/de\/produkt-2\/rippen-lounge-jogging-hose-blau\/\" \/>\n<meta property=\"og:site_name\" content=\"FITTwear.nl\" \/>\n<meta property=\"article:modified_time\" content=\"2026-04-17T00:15:22+00:00\" \/>\n<meta property=\"og:image\" content=\"https:\/\/fittwear.nl\/wp-content\/uploads\/2021\/02\/P210217095524_Onderkant-achter_jpg_1-1.jpg\" \/>\n\t<meta property=\"og:image:width\" content=\"1134\" \/>\n\t<meta property=\"og:image:height\" content=\"1700\" \/>\n\t<meta property=\"og:image:type\" content=\"image\/jpeg\" \/>\n<meta name=\"twitter:card\" content=\"summary_large_image\" \/>\n<script type=\"application\/ld+json\" class=\"yoast-schema-graph\">{\"@context\":\"https:\/\/schema.org\",\"@graph\":[{\"@type\":\"WebPage\",\"@id\":\"https:\/\/fittwear.nl\/product\/rib-lounge-jogg-pants-blauw\/\",\"url\":\"https:\/\/fittwear.nl\/product\/rib-lounge-jogg-pants-blauw\/\",\"name\":\"Rib Lounge Jogg Pants blauw - Loungewear - FITTwear.nl\",\"isPartOf\":{\"@id\":\"https:\/\/fittwear.nl\/#website\"},\"primaryImageOfPage\":{\"@id\":\"https:\/\/fittwear.nl\/product\/rib-lounge-jogg-pants-blauw\/#primaryimage\"},\"image\":{\"@id\":\"https:\/\/fittwear.nl\/product\/rib-lounge-jogg-pants-blauw\/#primaryimage\"},\"thumbnailUrl\":\"https:\/\/fittwear.nl\/wp-content\/uploads\/2021\/02\/P210217095524_Onderkant-achter_jpg_1-1.jpg\",\"datePublished\":\"2021-02-19T10:16:25+00:00\",\"dateModified\":\"2026-04-17T00:15:22+00:00\",\"description\":\"Comfortabel \u00e9n stijlvol! Een high waist jogg pants in een mooie en stevige rib-stof. Voorzien van een elastische boord aan de onderzijde van de broekspijp. Verkrijgbaar in moderne en trendy kleuren. Model donna is 1.82 en draagt maat M\",\"breadcrumb\":{\"@id\":\"https:\/\/fittwear.nl\/product\/rib-lounge-jogg-pants-blauw\/#breadcrumb\"},\"inLanguage\":\"de\",\"potentialAction\":[{\"@type\":\"ReadAction\",\"target\":[\"https:\/\/fittwear.nl\/product\/rib-lounge-jogg-pants-blauw\/\"]}]},{\"@type\":\"ImageObject\",\"inLanguage\":\"de\",\"@id\":\"https:\/\/fittwear.nl\/product\/rib-lounge-jogg-pants-blauw\/#primaryimage\",\"url\":\"https:\/\/fittwear.nl\/wp-content\/uploads\/2021\/02\/P210217095524_Onderkant-achter_jpg_1-1.jpg\",\"contentUrl\":\"https:\/\/fittwear.nl\/wp-content\/uploads\/2021\/02\/P210217095524_Onderkant-achter_jpg_1-1.jpg\",\"width\":1134,\"height\":1700,\"caption\":\"Rib Lounge Jogg Pants blauw\"},{\"@type\":\"BreadcrumbList\",\"@id\":\"https:\/\/fittwear.nl\/product\/rib-lounge-jogg-pants-blauw\/#breadcrumb\",\"itemListElement\":[{\"@type\":\"ListItem\",\"position\":1,\"name\":\"Home\",\"item\":\"https:\/\/fittwear.nl\/\"},{\"@type\":\"ListItem\",\"position\":2,\"name\":\"Shop\",\"item\":\"https:\/\/fittwear.nl\/shop\/\"},{\"@type\":\"ListItem\",\"position\":3,\"name\":\"Rib Lounge Jogg Pants blauw\"}]},{\"@type\":\"WebSite\",\"@id\":\"https:\/\/fittwear.nl\/#website\",\"url\":\"https:\/\/fittwear.nl\/\",\"name\":\"FITTwear.nl\",\"description\":\"Time to shine!\",\"publisher\":{\"@id\":\"https:\/\/fittwear.nl\/#organization\"},\"potentialAction\":[{\"@type\":\"SearchAction\",\"target\":{\"@type\":\"EntryPoint\",\"urlTemplate\":\"https:\/\/fittwear.nl\/?s={search_term_string}\"},\"query-input\":{\"@type\":\"PropertyValueSpecification\",\"valueRequired\":true,\"valueName\":\"search_term_string\"}}],\"inLanguage\":\"de\"},{\"@type\":\"Organization\",\"@id\":\"https:\/\/fittwear.nl\/#organization\",\"name\":\"FITTwear.nl\",\"url\":\"https:\/\/fittwear.nl\/\",\"logo\":{\"@type\":\"ImageObject\",\"inLanguage\":\"de\",\"@id\":\"https:\/\/fittwear.nl\/#\/schema\/logo\/image\/\",\"url\":\"https:\/\/fittwear.nl\/wp-content\/uploads\/2024\/07\/FITT-Logo-BeYOUtiful-website-homepage_Tekengebied-1-scaled.jpg\",\"contentUrl\":\"https:\/\/fittwear.nl\/wp-content\/uploads\/2024\/07\/FITT-Logo-BeYOUtiful-website-homepage_Tekengebied-1-scaled.jpg\",\"width\":2560,\"height\":599,\"caption\":\"FITTwear.nl\"},\"image\":{\"@id\":\"https:\/\/fittwear.nl\/#\/schema\/logo\/image\/\"}}]}<\/script>\n<!-- \/ Yoast SEO plugin. -->","yoast_head_json":{"title":"Rib Lounge Jogg Pants blau - Loungewear - FITTwear.de","description":"Bequem und modisch zugleich! Jogginghose mit hoher Taille aus einem sch\u00f6nen und robusten Rippstoff. Ausgestattet mit einem elastischen Saum am unteren Ende des Hosenbeins. Erh\u00e4ltlich in modernen und trendigen Farben.  Model donna ist 1,82 und tr\u00e4gt Gr\u00f6\u00dfe M","robots":{"index":"index","follow":"follow","max-snippet":"max-snippet:-1","max-image-preview":"max-image-preview:large","max-video-preview":"max-video-preview:-1"},"canonical":"https:\/\/fittwear.nl\/de\/produkt-2\/rippen-lounge-jogging-hose-blau\/","og_locale":"de_DE","og_type":"article","og_title":"Rib Lounge Jogg Pants blauw - Loungewear - FITTwear.nl","og_description":"Comfortabel \u00e9n stijlvol! Een high waist jogg pants in een mooie en stevige rib-stof. Voorzien van een elastische boord aan de onderzijde van de broekspijp. Verkrijgbaar in moderne en trendy kleuren.  Model donna is 1.82 en draagt maat M","og_url":"https:\/\/fittwear.nl\/de\/produkt-2\/rippen-lounge-jogging-hose-blau\/","og_site_name":"FITTwear.nl","article_modified_time":"2026-04-17T00:15:22+00:00","og_image":[{"width":1134,"height":1700,"url":"https:\/\/fittwear.nl\/wp-content\/uploads\/2021\/02\/P210217095524_Onderkant-achter_jpg_1-1.jpg","type":"image\/jpeg"}],"twitter_card":"summary_large_image","schema":{"@context":"https:\/\/schema.org","@graph":[{"@type":"WebPage","@id":"https:\/\/fittwear.nl\/product\/rib-lounge-jogg-pants-blauw\/","url":"https:\/\/fittwear.nl\/product\/rib-lounge-jogg-pants-blauw\/","name":"Rib Lounge Jogg Pants blau - Loungewear - FITTwear.de","isPartOf":{"@id":"https:\/\/fittwear.nl\/#website"},"primaryImageOfPage":{"@id":"https:\/\/fittwear.nl\/product\/rib-lounge-jogg-pants-blauw\/#primaryimage"},"image":{"@id":"https:\/\/fittwear.nl\/product\/rib-lounge-jogg-pants-blauw\/#primaryimage"},"thumbnailUrl":"https:\/\/fittwear.nl\/wp-content\/uploads\/2021\/02\/P210217095524_Onderkant-achter_jpg_1-1.jpg","datePublished":"2021-02-19T10:16:25+00:00","dateModified":"2026-04-17T00:15:22+00:00","description":"Bequem und modisch zugleich! Jogginghose mit hoher Taille aus einem sch\u00f6nen und robusten Rippstoff. Ausgestattet mit einem elastischen Saum am unteren Ende des Hosenbeins. Erh\u00e4ltlich in modernen und trendigen Farben. Model donna ist 1,82 und tr\u00e4gt Gr\u00f6\u00dfe M","breadcrumb":{"@id":"https:\/\/fittwear.nl\/product\/rib-lounge-jogg-pants-blauw\/#breadcrumb"},"inLanguage":"de","potentialAction":[{"@type":"ReadAction","target":["https:\/\/fittwear.nl\/product\/rib-lounge-jogg-pants-blauw\/"]}]},{"@type":"ImageObject","inLanguage":"de","@id":"https:\/\/fittwear.nl\/product\/rib-lounge-jogg-pants-blauw\/#primaryimage","url":"https:\/\/fittwear.nl\/wp-content\/uploads\/2021\/02\/P210217095524_Onderkant-achter_jpg_1-1.jpg","contentUrl":"https:\/\/fittwear.nl\/wp-content\/uploads\/2021\/02\/P210217095524_Onderkant-achter_jpg_1-1.jpg","width":1134,"height":1700,"caption":"Rib Lounge Jogg Pants blauw"},{"@type":"BreadcrumbList","@id":"https:\/\/fittwear.nl\/product\/rib-lounge-jogg-pants-blauw\/#breadcrumb","itemListElement":[{"@type":"ListItem","position":1,"name":"Home","item":"https:\/\/fittwear.nl\/"},{"@type":"ListItem","position":2,"name":"Shop","item":"https:\/\/fittwear.nl\/shop\/"},{"@type":"ListItem","position":3,"name":"Rib Lounge Jogg Pants blauw"}]},{"@type":"WebSite","@id":"https:\/\/fittwear.nl\/#website","url":"https:\/\/fittwear.nl\/","name":"FITTwear.co.uk","description":"Zeit zu gl\u00e4nzen!","publisher":{"@id":"https:\/\/fittwear.nl\/#organization"},"potentialAction":[{"@type":"SearchAction","target":{"@type":"EntryPoint","urlTemplate":"https:\/\/fittwear.nl\/?s={search_term_string}"},"query-input":{"@type":"PropertyValueSpecification","valueRequired":true,"valueName":"search_term_string"}}],"inLanguage":"de"},{"@type":"Organization","@id":"https:\/\/fittwear.nl\/#organization","name":"FITTwear.co.uk","url":"https:\/\/fittwear.nl\/","logo":{"@type":"ImageObject","inLanguage":"de","@id":"https:\/\/fittwear.nl\/#\/schema\/logo\/image\/","url":"https:\/\/fittwear.nl\/wp-content\/uploads\/2024\/07\/FITT-Logo-BeYOUtiful-website-homepage_Tekengebied-1-scaled.jpg","contentUrl":"https:\/\/fittwear.nl\/wp-content\/uploads\/2024\/07\/FITT-Logo-BeYOUtiful-website-homepage_Tekengebied-1-scaled.jpg","width":2560,"height":599,"caption":"FITTwear.nl"},"image":{"@id":"https:\/\/fittwear.nl\/#\/schema\/logo\/image\/"}}]}},"_links":{"self":[{"href":"https:\/\/fittwear.nl\/de\/wp-json\/wp\/v2\/product\/7463","targetHints":{"allow":["GET"]}}],"collection":[{"href":"https:\/\/fittwear.nl\/de\/wp-json\/wp\/v2\/product"}],"about":[{"href":"https:\/\/fittwear.nl\/de\/wp-json\/wp\/v2\/types\/product"}],"wp:featuredmedia":[{"embeddable":true,"href":"https:\/\/fittwear.nl\/de\/wp-json\/wp\/v2\/media\/7471"}],"wp:attachment":[{"href":"https:\/\/fittwear.nl\/de\/wp-json\/wp\/v2\/media?parent=7463"}],"wp:term":[{"taxonomy":"product_brand","embeddable":true,"href":"https:\/\/fittwear.nl\/de\/wp-json\/wp\/v2\/product_brand?post=7463"},{"taxonomy":"product_cat","embeddable":true,"href":"https:\/\/fittwear.nl\/de\/wp-json\/wp\/v2\/product_cat?post=7463"},{"taxonomy":"product_tag","embeddable":true,"href":"https:\/\/fittwear.nl\/de\/wp-json\/wp\/v2\/product_tag?post=7463"}],"curies":[{"name":"wp","href":"https:\/\/api.w.org\/{rel}","templated":true}]}}