{"id":7706,"date":"2021-02-25T14:44:57","date_gmt":"2021-02-25T13:44:57","guid":{"rendered":"https:\/\/fittwear.nl\/?post_type=product&#038;p=7706"},"modified":"2026-04-26T14:41:26","modified_gmt":"2026-04-26T12:41:26","slug":"rippen-leggings-kuhl-grau","status":"publish","type":"product","link":"https:\/\/fittwear.nl\/de\/product\/rib-legging-cool-grey\/","title":{"rendered":"Rippenleggings Cool Grey"},"content":{"rendered":"<p>-Rib-Leggings<\/p>\n<p>-Hohe Taille<\/p>\n<p>-Gewebe<\/p>\n<p>-Feuchtigkeitsregulierend<\/p>\n<p>-atmungsaktiv<\/p>\n<p>-Quetschprobe<\/p>\n<p>-88% Nylon 12% Elasthan<\/p>\n<p>-waschbar bis zu 30\u00b0<\/p>\n<p>-Farbe: k\u00fchles Grau<\/p>\n<p>-Model Doete ist 1,76 und tr\u00e4gt Gr\u00f6\u00dfe S<\/p>","protected":false},"excerpt":{"rendered":"<p>Robuste Rippenleggings mit hoher Taille in h\u00fcbschen weichen Farben. F\u00fchlen Sie sich in hellen Leggings wohl? Jetzt k\u00f6nnen Sie es! Dank des robusten Stoffes und der Rippenstruktur ziehen diese Leggings nicht, wie viele Leggings in helleren Farben. Die Rippenstruktur und das Material sorgen daf\u00fcr, dass Sie sich bei jedem Training sicher f\u00fchlen. Au\u00dferdem sind die Leggings definitiv sqaut-proof!<\/p>\n<p>Model Doete ist 1,76 und tr\u00e4gt Gr\u00f6\u00dfe S<\/p>","protected":false},"featured_media":7716,"template":"","meta":{"_acf_changed":false},"product_brand":[],"product_cat":[27,4799],"product_tag":[],"class_list":{"0":"post-7706","1":"product","2":"type-product","3":"status-publish","4":"has-post-thumbnail","6":"product_cat-dames","7":"product_cat-structures","9":"first","10":"instock","11":"sale","12":"taxable","13":"shipping-taxable","14":"purchasable","15":"product-type-variable","16":"has-default-attributes"},"acf":[],"yoast_head":"<!-- This site is optimized with the Yoast SEO plugin v27.1.1 - https:\/\/yoast.com\/product\/yoast-seo-wordpress\/ -->\n<title>Rib Legging Cool Grey - Dames Sportleggings - FITTwear.nl<\/title>\n<meta name=\"description\" content=\"Stevige high waist rib legging in mooie zachte kleuren. Jezelf comfortabel voelen in een lichtere kleur legging? Nu kan het! Door de stevige stof en rib structuur tekent deze legging niet zoals vele leggings in lichtere kleuren dat doen. De rib structuur en het materiaal zorgen er voor dat jij jezelf zeker voelt tijdens elke workout. Daarnaast is de legging zeker sqaut proof!  Model Doete is 1.76 en draagt maat S\" \/>\n<meta name=\"robots\" content=\"index, follow, max-snippet:-1, max-image-preview:large, max-video-preview:-1\" \/>\n<link rel=\"canonical\" href=\"https:\/\/fittwear.nl\/de\/produkt-2\/rippen-leggings-kuhl-grau\/\" \/>\n<meta property=\"og:locale\" content=\"de_DE\" \/>\n<meta property=\"og:type\" content=\"article\" \/>\n<meta property=\"og:title\" content=\"Rib Legging Cool Grey - Dames Sportleggings - FITTwear.nl\" \/>\n<meta property=\"og:description\" content=\"Stevige high waist rib legging in mooie zachte kleuren. Jezelf comfortabel voelen in een lichtere kleur legging? Nu kan het! Door de stevige stof en rib structuur tekent deze legging niet zoals vele leggings in lichtere kleuren dat doen. De rib structuur en het materiaal zorgen er voor dat jij jezelf zeker voelt tijdens elke workout. Daarnaast is de legging zeker sqaut proof!  Model Doete is 1.76 en draagt maat S\" \/>\n<meta property=\"og:url\" content=\"https:\/\/fittwear.nl\/de\/produkt-2\/rippen-leggings-kuhl-grau\/\" \/>\n<meta property=\"og:site_name\" content=\"FITTwear.nl\" \/>\n<meta property=\"article:modified_time\" content=\"2026-04-26T12:41:26+00:00\" \/>\n<meta property=\"og:image\" content=\"https:\/\/fittwear.nl\/wp-content\/uploads\/2021\/02\/P210217094001_Voorkant-onder_jpg_2-1.jpg\" \/>\n\t<meta property=\"og:image:width\" content=\"1128\" \/>\n\t<meta property=\"og:image:height\" content=\"1692\" \/>\n\t<meta property=\"og:image:type\" content=\"image\/jpeg\" \/>\n<meta name=\"twitter:card\" content=\"summary_large_image\" \/>\n<meta name=\"twitter:label1\" content=\"Gesch\u00e4tzte Lesezeit\" \/>\n\t<meta name=\"twitter:data1\" content=\"1\u00a0Minute\" \/>\n<script type=\"application\/ld+json\" class=\"yoast-schema-graph\">{\"@context\":\"https:\/\/schema.org\",\"@graph\":[{\"@type\":\"WebPage\",\"@id\":\"https:\/\/fittwear.nl\/product\/rib-legging-cool-grey\/\",\"url\":\"https:\/\/fittwear.nl\/product\/rib-legging-cool-grey\/\",\"name\":\"Rib Legging Cool Grey - Dames Sportleggings - FITTwear.nl\",\"isPartOf\":{\"@id\":\"https:\/\/fittwear.nl\/#website\"},\"primaryImageOfPage\":{\"@id\":\"https:\/\/fittwear.nl\/product\/rib-legging-cool-grey\/#primaryimage\"},\"image\":{\"@id\":\"https:\/\/fittwear.nl\/product\/rib-legging-cool-grey\/#primaryimage\"},\"thumbnailUrl\":\"https:\/\/fittwear.nl\/wp-content\/uploads\/2021\/02\/P210217094001_Voorkant-onder_jpg_2-1.jpg\",\"datePublished\":\"2021-02-25T13:44:57+00:00\",\"dateModified\":\"2026-04-26T12:41:26+00:00\",\"description\":\"Stevige high waist rib legging in mooie zachte kleuren. Jezelf comfortabel voelen in een lichtere kleur legging? Nu kan het! Door de stevige stof en rib structuur tekent deze legging niet zoals vele leggings in lichtere kleuren dat doen. De rib structuur en het materiaal zorgen er voor dat jij jezelf zeker voelt tijdens elke workout. Daarnaast is de legging zeker sqaut proof! Model Doete is 1.76 en draagt maat S\",\"breadcrumb\":{\"@id\":\"https:\/\/fittwear.nl\/product\/rib-legging-cool-grey\/#breadcrumb\"},\"inLanguage\":\"de\",\"potentialAction\":[{\"@type\":\"ReadAction\",\"target\":[\"https:\/\/fittwear.nl\/product\/rib-legging-cool-grey\/\"]}]},{\"@type\":\"ImageObject\",\"inLanguage\":\"de\",\"@id\":\"https:\/\/fittwear.nl\/product\/rib-legging-cool-grey\/#primaryimage\",\"url\":\"https:\/\/fittwear.nl\/wp-content\/uploads\/2021\/02\/P210217094001_Voorkant-onder_jpg_2-1.jpg\",\"contentUrl\":\"https:\/\/fittwear.nl\/wp-content\/uploads\/2021\/02\/P210217094001_Voorkant-onder_jpg_2-1.jpg\",\"width\":1128,\"height\":1692,\"caption\":\"Rib Legging cool grey\"},{\"@type\":\"BreadcrumbList\",\"@id\":\"https:\/\/fittwear.nl\/product\/rib-legging-cool-grey\/#breadcrumb\",\"itemListElement\":[{\"@type\":\"ListItem\",\"position\":1,\"name\":\"Home\",\"item\":\"https:\/\/fittwear.nl\/\"},{\"@type\":\"ListItem\",\"position\":2,\"name\":\"Shop\",\"item\":\"https:\/\/fittwear.nl\/shop\/\"},{\"@type\":\"ListItem\",\"position\":3,\"name\":\"Rib Legging Cool Grey\"}]},{\"@type\":\"WebSite\",\"@id\":\"https:\/\/fittwear.nl\/#website\",\"url\":\"https:\/\/fittwear.nl\/\",\"name\":\"FITTwear.nl\",\"description\":\"Time to shine!\",\"publisher\":{\"@id\":\"https:\/\/fittwear.nl\/#organization\"},\"potentialAction\":[{\"@type\":\"SearchAction\",\"target\":{\"@type\":\"EntryPoint\",\"urlTemplate\":\"https:\/\/fittwear.nl\/?s={search_term_string}\"},\"query-input\":{\"@type\":\"PropertyValueSpecification\",\"valueRequired\":true,\"valueName\":\"search_term_string\"}}],\"inLanguage\":\"de\"},{\"@type\":\"Organization\",\"@id\":\"https:\/\/fittwear.nl\/#organization\",\"name\":\"FITTwear.nl\",\"url\":\"https:\/\/fittwear.nl\/\",\"logo\":{\"@type\":\"ImageObject\",\"inLanguage\":\"de\",\"@id\":\"https:\/\/fittwear.nl\/#\/schema\/logo\/image\/\",\"url\":\"https:\/\/fittwear.nl\/wp-content\/uploads\/2024\/07\/FITT-Logo-BeYOUtiful-website-homepage_Tekengebied-1-scaled.jpg\",\"contentUrl\":\"https:\/\/fittwear.nl\/wp-content\/uploads\/2024\/07\/FITT-Logo-BeYOUtiful-website-homepage_Tekengebied-1-scaled.jpg\",\"width\":2560,\"height\":599,\"caption\":\"FITTwear.nl\"},\"image\":{\"@id\":\"https:\/\/fittwear.nl\/#\/schema\/logo\/image\/\"}}]}<\/script>\n<!-- \/ Yoast SEO plugin. -->","yoast_head_json":{"title":"Rib Legging Cool Grey - Sport-Leggings f\u00fcr Damen - FITTwear.de","description":"Robuste Rippenleggings mit hoher Taille in h\u00fcbschen, weichen Farben. F\u00fchlen Sie sich in hellen Leggings wohl? Jetzt k\u00f6nnen Sie es! Dank des robusten Stoffes und der Rippenstruktur ziehen diese Leggings nicht, wie viele Leggings in helleren Farben. Die Rippenstruktur und das Material sorgen daf\u00fcr, dass Sie sich bei jedem Training sicher f\u00fchlen. Au\u00dferdem sind die Leggings definitiv sqaut-proof!  Model Doete ist 1,76 und tr\u00e4gt Gr\u00f6\u00dfe S","robots":{"index":"index","follow":"follow","max-snippet":"max-snippet:-1","max-image-preview":"max-image-preview:large","max-video-preview":"max-video-preview:-1"},"canonical":"https:\/\/fittwear.nl\/de\/produkt-2\/rippen-leggings-kuhl-grau\/","og_locale":"de_DE","og_type":"article","og_title":"Rib Legging Cool Grey - Dames Sportleggings - FITTwear.nl","og_description":"Stevige high waist rib legging in mooie zachte kleuren. Jezelf comfortabel voelen in een lichtere kleur legging? Nu kan het! Door de stevige stof en rib structuur tekent deze legging niet zoals vele leggings in lichtere kleuren dat doen. De rib structuur en het materiaal zorgen er voor dat jij jezelf zeker voelt tijdens elke workout. Daarnaast is de legging zeker sqaut proof!  Model Doete is 1.76 en draagt maat S","og_url":"https:\/\/fittwear.nl\/de\/produkt-2\/rippen-leggings-kuhl-grau\/","og_site_name":"FITTwear.nl","article_modified_time":"2026-04-26T12:41:26+00:00","og_image":[{"width":1128,"height":1692,"url":"https:\/\/fittwear.nl\/wp-content\/uploads\/2021\/02\/P210217094001_Voorkant-onder_jpg_2-1.jpg","type":"image\/jpeg"}],"twitter_card":"summary_large_image","twitter_misc":{"Gesch\u00e4tzte Lesezeit":"1\u00a0Minute"},"schema":{"@context":"https:\/\/schema.org","@graph":[{"@type":"WebPage","@id":"https:\/\/fittwear.nl\/product\/rib-legging-cool-grey\/","url":"https:\/\/fittwear.nl\/product\/rib-legging-cool-grey\/","name":"Rib Legging Cool Grey - Sport-Leggings f\u00fcr Damen - FITTwear.de","isPartOf":{"@id":"https:\/\/fittwear.nl\/#website"},"primaryImageOfPage":{"@id":"https:\/\/fittwear.nl\/product\/rib-legging-cool-grey\/#primaryimage"},"image":{"@id":"https:\/\/fittwear.nl\/product\/rib-legging-cool-grey\/#primaryimage"},"thumbnailUrl":"https:\/\/fittwear.nl\/wp-content\/uploads\/2021\/02\/P210217094001_Voorkant-onder_jpg_2-1.jpg","datePublished":"2021-02-25T13:44:57+00:00","dateModified":"2026-04-26T12:41:26+00:00","description":"Robuste Rippenleggings mit hoher Taille in h\u00fcbschen, weichen Farben. F\u00fchlen Sie sich in hellen Leggings wohl? Jetzt k\u00f6nnen Sie es! Dank des robusten Stoffes und der Rippenstruktur ziehen diese Leggings nicht, wie viele Leggings in helleren Farben. Die Rippenstruktur und das Material sorgen daf\u00fcr, dass Sie sich bei jedem Training sicher f\u00fchlen. Au\u00dferdem sind die Leggings definitiv sqaut-proof! Model Doete ist 1,76 und tr\u00e4gt Gr\u00f6\u00dfe S","breadcrumb":{"@id":"https:\/\/fittwear.nl\/product\/rib-legging-cool-grey\/#breadcrumb"},"inLanguage":"de","potentialAction":[{"@type":"ReadAction","target":["https:\/\/fittwear.nl\/product\/rib-legging-cool-grey\/"]}]},{"@type":"ImageObject","inLanguage":"de","@id":"https:\/\/fittwear.nl\/product\/rib-legging-cool-grey\/#primaryimage","url":"https:\/\/fittwear.nl\/wp-content\/uploads\/2021\/02\/P210217094001_Voorkant-onder_jpg_2-1.jpg","contentUrl":"https:\/\/fittwear.nl\/wp-content\/uploads\/2021\/02\/P210217094001_Voorkant-onder_jpg_2-1.jpg","width":1128,"height":1692,"caption":"Rib Legging cool grey"},{"@type":"BreadcrumbList","@id":"https:\/\/fittwear.nl\/product\/rib-legging-cool-grey\/#breadcrumb","itemListElement":[{"@type":"ListItem","position":1,"name":"Home","item":"https:\/\/fittwear.nl\/"},{"@type":"ListItem","position":2,"name":"Shop","item":"https:\/\/fittwear.nl\/shop\/"},{"@type":"ListItem","position":3,"name":"Rib Legging Cool Grey"}]},{"@type":"WebSite","@id":"https:\/\/fittwear.nl\/#website","url":"https:\/\/fittwear.nl\/","name":"FITTwear.co.uk","description":"Zeit zu gl\u00e4nzen!","publisher":{"@id":"https:\/\/fittwear.nl\/#organization"},"potentialAction":[{"@type":"SearchAction","target":{"@type":"EntryPoint","urlTemplate":"https:\/\/fittwear.nl\/?s={search_term_string}"},"query-input":{"@type":"PropertyValueSpecification","valueRequired":true,"valueName":"search_term_string"}}],"inLanguage":"de"},{"@type":"Organization","@id":"https:\/\/fittwear.nl\/#organization","name":"FITTwear.co.uk","url":"https:\/\/fittwear.nl\/","logo":{"@type":"ImageObject","inLanguage":"de","@id":"https:\/\/fittwear.nl\/#\/schema\/logo\/image\/","url":"https:\/\/fittwear.nl\/wp-content\/uploads\/2024\/07\/FITT-Logo-BeYOUtiful-website-homepage_Tekengebied-1-scaled.jpg","contentUrl":"https:\/\/fittwear.nl\/wp-content\/uploads\/2024\/07\/FITT-Logo-BeYOUtiful-website-homepage_Tekengebied-1-scaled.jpg","width":2560,"height":599,"caption":"FITTwear.nl"},"image":{"@id":"https:\/\/fittwear.nl\/#\/schema\/logo\/image\/"}}]}},"_links":{"self":[{"href":"https:\/\/fittwear.nl\/de\/wp-json\/wp\/v2\/product\/7706","targetHints":{"allow":["GET"]}}],"collection":[{"href":"https:\/\/fittwear.nl\/de\/wp-json\/wp\/v2\/product"}],"about":[{"href":"https:\/\/fittwear.nl\/de\/wp-json\/wp\/v2\/types\/product"}],"wp:featuredmedia":[{"embeddable":true,"href":"https:\/\/fittwear.nl\/de\/wp-json\/wp\/v2\/media\/7716"}],"wp:attachment":[{"href":"https:\/\/fittwear.nl\/de\/wp-json\/wp\/v2\/media?parent=7706"}],"wp:term":[{"taxonomy":"product_brand","embeddable":true,"href":"https:\/\/fittwear.nl\/de\/wp-json\/wp\/v2\/product_brand?post=7706"},{"taxonomy":"product_cat","embeddable":true,"href":"https:\/\/fittwear.nl\/de\/wp-json\/wp\/v2\/product_cat?post=7706"},{"taxonomy":"product_tag","embeddable":true,"href":"https:\/\/fittwear.nl\/de\/wp-json\/wp\/v2\/product_tag?post=7706"}],"curies":[{"name":"wp","href":"https:\/\/api.w.org\/{rel}","templated":true}]}}