{"id":7723,"date":"2021-02-25T15:24:20","date_gmt":"2021-02-25T14:24:20","guid":{"rendered":"https:\/\/fittwear.nl\/?post_type=product&#038;p=7723"},"modified":"2026-04-26T14:41:29","modified_gmt":"2026-04-26T12:41:29","slug":"rippen-leggings-lachs","status":"publish","type":"product","link":"https:\/\/fittwear.nl\/de\/product\/rib-legging-zalm\/","title":{"rendered":"Rippenleggings Lachs"},"content":{"rendered":"<p>-Rib-Leggings<\/p>\n<p>-Hohe Taille<\/p>\n<p>-Gewebe<\/p>\n<p>-Feuchtigkeitsregulierend<\/p>\n<p>-atmungsaktiv<\/p>\n<p>-Quetschprobe<\/p>\n<p>-88% Nylon 12% Elasthan<\/p>\n<p>-waschbar bis zu 30\u00b0<\/p>\n<p>-Farbe: Lachs<\/p>\n<p>-Model Doete ist 1,76 und tr\u00e4gt Gr\u00f6\u00dfe S<\/p>","protected":false},"excerpt":{"rendered":"<p>Robuste Rippenleggings mit hoher Taille in h\u00fcbschen weichen Farben. F\u00fchlen Sie sich in hellen Leggings wohl? Jetzt k\u00f6nnen Sie es! Dank des robusten Stoffes und der Rippenstruktur ziehen diese Leggings nicht, wie viele Leggings in helleren Farben. Die Rippenstruktur und das Material sorgen daf\u00fcr, dass Sie sich bei jedem Training sicher f\u00fchlen. Au\u00dferdem sind die Leggings definitiv sqaut-proof!<\/p>\n<p>Model Doete ist 1,76 und tr\u00e4gt Gr\u00f6\u00dfe S<\/p>","protected":false},"featured_media":7733,"template":"","meta":{"_acf_changed":false},"product_brand":[],"product_cat":[4796,27,4799],"product_tag":[],"class_list":{"0":"post-7723","1":"product","2":"type-product","3":"status-publish","4":"has-post-thumbnail","6":"product_cat-cute-in-neutrals","7":"product_cat-dames","8":"product_cat-structures","10":"first","11":"instock","12":"sale","13":"taxable","14":"shipping-taxable","15":"purchasable","16":"product-type-variable","17":"has-default-attributes"},"acf":[],"yoast_head":"<!-- This site is optimized with the Yoast SEO plugin v27.1.1 - https:\/\/yoast.com\/product\/yoast-seo-wordpress\/ -->\n<title>Rib Legging Salmon - Dames Sportleggings - FITTwear.nl<\/title>\n<meta name=\"description\" content=\"Stevige high waist rib legging in mooie zachte kleuren. Jezelf comfortabel voelen in een lichtere kleur legging? Nu kan het! Door de stevige stof en rib structuur tekent deze legging niet zoals vele leggings in lichtere kleuren dat doen. De rib structuur en het materiaal zorgen er voor dat jij jezelf zeker voelt tijdens elke workout. Daarnaast is de legging zeker sqaut proof!  Model Doete is 1.76 en draagt maat S\" \/>\n<meta name=\"robots\" content=\"index, follow, max-snippet:-1, max-image-preview:large, max-video-preview:-1\" \/>\n<link rel=\"canonical\" href=\"https:\/\/fittwear.nl\/de\/produkt-2\/rippen-leggings-lachs\/\" \/>\n<meta property=\"og:locale\" content=\"de_DE\" \/>\n<meta property=\"og:type\" content=\"article\" \/>\n<meta property=\"og:title\" content=\"Rib Legging Salmon - Dames Sportleggings - FITTwear.nl\" \/>\n<meta property=\"og:description\" content=\"Stevige high waist rib legging in mooie zachte kleuren. Jezelf comfortabel voelen in een lichtere kleur legging? Nu kan het! Door de stevige stof en rib structuur tekent deze legging niet zoals vele leggings in lichtere kleuren dat doen. De rib structuur en het materiaal zorgen er voor dat jij jezelf zeker voelt tijdens elke workout. Daarnaast is de legging zeker sqaut proof!  Model Doete is 1.76 en draagt maat S\" \/>\n<meta property=\"og:url\" content=\"https:\/\/fittwear.nl\/de\/produkt-2\/rippen-leggings-lachs\/\" \/>\n<meta property=\"og:site_name\" content=\"FITTwear.nl\" \/>\n<meta property=\"article:modified_time\" content=\"2026-04-26T12:41:29+00:00\" \/>\n<meta property=\"og:image\" content=\"https:\/\/fittwear.nl\/wp-content\/uploads\/2021\/02\/P210217095042_Voorkant-onder_jpg_1-1.jpg\" \/>\n\t<meta property=\"og:image:width\" content=\"1130\" \/>\n\t<meta property=\"og:image:height\" content=\"1696\" \/>\n\t<meta property=\"og:image:type\" content=\"image\/jpeg\" \/>\n<meta name=\"twitter:card\" content=\"summary_large_image\" \/>\n<meta name=\"twitter:label1\" content=\"Gesch\u00e4tzte Lesezeit\" \/>\n\t<meta name=\"twitter:data1\" content=\"1\u00a0Minute\" \/>\n<script type=\"application\/ld+json\" class=\"yoast-schema-graph\">{\"@context\":\"https:\/\/schema.org\",\"@graph\":[{\"@type\":\"WebPage\",\"@id\":\"https:\/\/fittwear.nl\/product\/rib-legging-zalm\/\",\"url\":\"https:\/\/fittwear.nl\/product\/rib-legging-zalm\/\",\"name\":\"Rib Legging Salmon - Dames Sportleggings - FITTwear.nl\",\"isPartOf\":{\"@id\":\"https:\/\/fittwear.nl\/#website\"},\"primaryImageOfPage\":{\"@id\":\"https:\/\/fittwear.nl\/product\/rib-legging-zalm\/#primaryimage\"},\"image\":{\"@id\":\"https:\/\/fittwear.nl\/product\/rib-legging-zalm\/#primaryimage\"},\"thumbnailUrl\":\"https:\/\/fittwear.nl\/wp-content\/uploads\/2021\/02\/P210217095042_Voorkant-onder_jpg_1-1.jpg\",\"datePublished\":\"2021-02-25T14:24:20+00:00\",\"dateModified\":\"2026-04-26T12:41:29+00:00\",\"description\":\"Stevige high waist rib legging in mooie zachte kleuren. Jezelf comfortabel voelen in een lichtere kleur legging? Nu kan het! Door de stevige stof en rib structuur tekent deze legging niet zoals vele leggings in lichtere kleuren dat doen. De rib structuur en het materiaal zorgen er voor dat jij jezelf zeker voelt tijdens elke workout. Daarnaast is de legging zeker sqaut proof! Model Doete is 1.76 en draagt maat S\",\"breadcrumb\":{\"@id\":\"https:\/\/fittwear.nl\/product\/rib-legging-zalm\/#breadcrumb\"},\"inLanguage\":\"de\",\"potentialAction\":[{\"@type\":\"ReadAction\",\"target\":[\"https:\/\/fittwear.nl\/product\/rib-legging-zalm\/\"]}]},{\"@type\":\"ImageObject\",\"inLanguage\":\"de\",\"@id\":\"https:\/\/fittwear.nl\/product\/rib-legging-zalm\/#primaryimage\",\"url\":\"https:\/\/fittwear.nl\/wp-content\/uploads\/2021\/02\/P210217095042_Voorkant-onder_jpg_1-1.jpg\",\"contentUrl\":\"https:\/\/fittwear.nl\/wp-content\/uploads\/2021\/02\/P210217095042_Voorkant-onder_jpg_1-1.jpg\",\"width\":1130,\"height\":1696,\"caption\":\"Rib Legging zalm\"},{\"@type\":\"BreadcrumbList\",\"@id\":\"https:\/\/fittwear.nl\/product\/rib-legging-zalm\/#breadcrumb\",\"itemListElement\":[{\"@type\":\"ListItem\",\"position\":1,\"name\":\"Home\",\"item\":\"https:\/\/fittwear.nl\/\"},{\"@type\":\"ListItem\",\"position\":2,\"name\":\"Shop\",\"item\":\"https:\/\/fittwear.nl\/shop\/\"},{\"@type\":\"ListItem\",\"position\":3,\"name\":\"Rib Legging Salmon\"}]},{\"@type\":\"WebSite\",\"@id\":\"https:\/\/fittwear.nl\/#website\",\"url\":\"https:\/\/fittwear.nl\/\",\"name\":\"FITTwear.nl\",\"description\":\"Time to shine!\",\"publisher\":{\"@id\":\"https:\/\/fittwear.nl\/#organization\"},\"potentialAction\":[{\"@type\":\"SearchAction\",\"target\":{\"@type\":\"EntryPoint\",\"urlTemplate\":\"https:\/\/fittwear.nl\/?s={search_term_string}\"},\"query-input\":{\"@type\":\"PropertyValueSpecification\",\"valueRequired\":true,\"valueName\":\"search_term_string\"}}],\"inLanguage\":\"de\"},{\"@type\":\"Organization\",\"@id\":\"https:\/\/fittwear.nl\/#organization\",\"name\":\"FITTwear.nl\",\"url\":\"https:\/\/fittwear.nl\/\",\"logo\":{\"@type\":\"ImageObject\",\"inLanguage\":\"de\",\"@id\":\"https:\/\/fittwear.nl\/#\/schema\/logo\/image\/\",\"url\":\"https:\/\/fittwear.nl\/wp-content\/uploads\/2024\/07\/FITT-Logo-BeYOUtiful-website-homepage_Tekengebied-1-scaled.jpg\",\"contentUrl\":\"https:\/\/fittwear.nl\/wp-content\/uploads\/2024\/07\/FITT-Logo-BeYOUtiful-website-homepage_Tekengebied-1-scaled.jpg\",\"width\":2560,\"height\":599,\"caption\":\"FITTwear.nl\"},\"image\":{\"@id\":\"https:\/\/fittwear.nl\/#\/schema\/logo\/image\/\"}}]}<\/script>\n<!-- \/ Yoast SEO plugin. -->","yoast_head_json":{"title":"Rippen-Leggings Salmon - Sport-Leggings f\u00fcr Damen - FITTwear.de","description":"Robuste Rippenleggings mit hoher Taille in h\u00fcbschen, weichen Farben. F\u00fchlen Sie sich in hellen Leggings wohl? Jetzt k\u00f6nnen Sie es! Dank des robusten Stoffes und der Rippenstruktur ziehen diese Leggings nicht, wie viele Leggings in helleren Farben. Die Rippenstruktur und das Material sorgen daf\u00fcr, dass Sie sich bei jedem Training sicher f\u00fchlen. Au\u00dferdem sind die Leggings definitiv sqaut-proof!  Model Doete ist 1,76 und tr\u00e4gt Gr\u00f6\u00dfe S","robots":{"index":"index","follow":"follow","max-snippet":"max-snippet:-1","max-image-preview":"max-image-preview:large","max-video-preview":"max-video-preview:-1"},"canonical":"https:\/\/fittwear.nl\/de\/produkt-2\/rippen-leggings-lachs\/","og_locale":"de_DE","og_type":"article","og_title":"Rib Legging Salmon - Dames Sportleggings - FITTwear.nl","og_description":"Stevige high waist rib legging in mooie zachte kleuren. Jezelf comfortabel voelen in een lichtere kleur legging? Nu kan het! Door de stevige stof en rib structuur tekent deze legging niet zoals vele leggings in lichtere kleuren dat doen. De rib structuur en het materiaal zorgen er voor dat jij jezelf zeker voelt tijdens elke workout. Daarnaast is de legging zeker sqaut proof!  Model Doete is 1.76 en draagt maat S","og_url":"https:\/\/fittwear.nl\/de\/produkt-2\/rippen-leggings-lachs\/","og_site_name":"FITTwear.nl","article_modified_time":"2026-04-26T12:41:29+00:00","og_image":[{"width":1130,"height":1696,"url":"https:\/\/fittwear.nl\/wp-content\/uploads\/2021\/02\/P210217095042_Voorkant-onder_jpg_1-1.jpg","type":"image\/jpeg"}],"twitter_card":"summary_large_image","twitter_misc":{"Gesch\u00e4tzte Lesezeit":"1\u00a0Minute"},"schema":{"@context":"https:\/\/schema.org","@graph":[{"@type":"WebPage","@id":"https:\/\/fittwear.nl\/product\/rib-legging-zalm\/","url":"https:\/\/fittwear.nl\/product\/rib-legging-zalm\/","name":"Rippen-Leggings Salmon - Sport-Leggings f\u00fcr Damen - FITTwear.de","isPartOf":{"@id":"https:\/\/fittwear.nl\/#website"},"primaryImageOfPage":{"@id":"https:\/\/fittwear.nl\/product\/rib-legging-zalm\/#primaryimage"},"image":{"@id":"https:\/\/fittwear.nl\/product\/rib-legging-zalm\/#primaryimage"},"thumbnailUrl":"https:\/\/fittwear.nl\/wp-content\/uploads\/2021\/02\/P210217095042_Voorkant-onder_jpg_1-1.jpg","datePublished":"2021-02-25T14:24:20+00:00","dateModified":"2026-04-26T12:41:29+00:00","description":"Robuste Rippenleggings mit hoher Taille in h\u00fcbschen, weichen Farben. F\u00fchlen Sie sich in hellen Leggings wohl? Jetzt k\u00f6nnen Sie es! Dank des robusten Stoffes und der Rippenstruktur ziehen diese Leggings nicht, wie viele Leggings in helleren Farben. Die Rippenstruktur und das Material sorgen daf\u00fcr, dass Sie sich bei jedem Training sicher f\u00fchlen. Au\u00dferdem sind die Leggings definitiv sqaut-proof! Model Doete ist 1,76 und tr\u00e4gt Gr\u00f6\u00dfe S","breadcrumb":{"@id":"https:\/\/fittwear.nl\/product\/rib-legging-zalm\/#breadcrumb"},"inLanguage":"de","potentialAction":[{"@type":"ReadAction","target":["https:\/\/fittwear.nl\/product\/rib-legging-zalm\/"]}]},{"@type":"ImageObject","inLanguage":"de","@id":"https:\/\/fittwear.nl\/product\/rib-legging-zalm\/#primaryimage","url":"https:\/\/fittwear.nl\/wp-content\/uploads\/2021\/02\/P210217095042_Voorkant-onder_jpg_1-1.jpg","contentUrl":"https:\/\/fittwear.nl\/wp-content\/uploads\/2021\/02\/P210217095042_Voorkant-onder_jpg_1-1.jpg","width":1130,"height":1696,"caption":"Rib Legging zalm"},{"@type":"BreadcrumbList","@id":"https:\/\/fittwear.nl\/product\/rib-legging-zalm\/#breadcrumb","itemListElement":[{"@type":"ListItem","position":1,"name":"Home","item":"https:\/\/fittwear.nl\/"},{"@type":"ListItem","position":2,"name":"Shop","item":"https:\/\/fittwear.nl\/shop\/"},{"@type":"ListItem","position":3,"name":"Rib Legging Salmon"}]},{"@type":"WebSite","@id":"https:\/\/fittwear.nl\/#website","url":"https:\/\/fittwear.nl\/","name":"FITTwear.co.uk","description":"Zeit zu gl\u00e4nzen!","publisher":{"@id":"https:\/\/fittwear.nl\/#organization"},"potentialAction":[{"@type":"SearchAction","target":{"@type":"EntryPoint","urlTemplate":"https:\/\/fittwear.nl\/?s={search_term_string}"},"query-input":{"@type":"PropertyValueSpecification","valueRequired":true,"valueName":"search_term_string"}}],"inLanguage":"de"},{"@type":"Organization","@id":"https:\/\/fittwear.nl\/#organization","name":"FITTwear.co.uk","url":"https:\/\/fittwear.nl\/","logo":{"@type":"ImageObject","inLanguage":"de","@id":"https:\/\/fittwear.nl\/#\/schema\/logo\/image\/","url":"https:\/\/fittwear.nl\/wp-content\/uploads\/2024\/07\/FITT-Logo-BeYOUtiful-website-homepage_Tekengebied-1-scaled.jpg","contentUrl":"https:\/\/fittwear.nl\/wp-content\/uploads\/2024\/07\/FITT-Logo-BeYOUtiful-website-homepage_Tekengebied-1-scaled.jpg","width":2560,"height":599,"caption":"FITTwear.nl"},"image":{"@id":"https:\/\/fittwear.nl\/#\/schema\/logo\/image\/"}}]}},"_links":{"self":[{"href":"https:\/\/fittwear.nl\/de\/wp-json\/wp\/v2\/product\/7723","targetHints":{"allow":["GET"]}}],"collection":[{"href":"https:\/\/fittwear.nl\/de\/wp-json\/wp\/v2\/product"}],"about":[{"href":"https:\/\/fittwear.nl\/de\/wp-json\/wp\/v2\/types\/product"}],"wp:featuredmedia":[{"embeddable":true,"href":"https:\/\/fittwear.nl\/de\/wp-json\/wp\/v2\/media\/7733"}],"wp:attachment":[{"href":"https:\/\/fittwear.nl\/de\/wp-json\/wp\/v2\/media?parent=7723"}],"wp:term":[{"taxonomy":"product_brand","embeddable":true,"href":"https:\/\/fittwear.nl\/de\/wp-json\/wp\/v2\/product_brand?post=7723"},{"taxonomy":"product_cat","embeddable":true,"href":"https:\/\/fittwear.nl\/de\/wp-json\/wp\/v2\/product_cat?post=7723"},{"taxonomy":"product_tag","embeddable":true,"href":"https:\/\/fittwear.nl\/de\/wp-json\/wp\/v2\/product_tag?post=7723"}],"curies":[{"name":"wp","href":"https:\/\/api.w.org\/{rel}","templated":true}]}}