{"id":7742,"date":"2021-02-25T16:08:57","date_gmt":"2021-02-25T15:08:57","guid":{"rendered":"https:\/\/fittwear.nl\/?post_type=product&#038;p=7742"},"modified":"2026-05-07T05:28:07","modified_gmt":"2026-05-07T03:28:07","slug":"tapfer-oben-oliv","status":"publish","type":"product","link":"https:\/\/fittwear.nl\/de\/product\/brave-top-olijf\/","title":{"rendered":"Tapferes Oberteil Olive"},"content":{"rendered":"<p>- Trendiges Sporttop<\/p>\n<p>- Favorit aller Zeiten<\/p>\n<p>- Abnehmbare Pads<\/p>\n<p>- Kann ohne BH getragen werden<\/p>\n<p>- Atmungsaktivit\u00e4t<\/p>\n<p>- Schnell trocknendes Gewebe<\/p>\n<p>- 100% Polyester<\/p>\n<p>- Farbe: Olive<\/p>\n<p>- Model Doete ist 1,76 und tr\u00e4gt Gr\u00f6\u00dfe S<\/p>","protected":false},"excerpt":{"rendered":"<p>Beim Sport ist es wichtig, dass Sie sich in Ihrer Sportkleidung wohlf\u00fchlen. Unser Brave-Top ist mit Pads ausgestattet und kann daher auch ohne BH getragen werden! Aus weichem Stoff und leicht mit jeder Sportleggings zu kombinieren. Diese k\u00fchle gr\u00fcne Farbe ist sehr beliebt, aber das Oberteil ist in mehreren Farben erh\u00e4ltlich!<\/p>\n<p><strong>Model Doete ist 1,76 und tr\u00e4gt Gr\u00f6\u00dfe S<\/strong><\/p>","protected":false},"featured_media":7753,"template":"","meta":{"_acf_changed":false},"product_brand":[],"product_cat":[81,27,4812,61,4836,79],"product_tag":[97],"class_list":{"0":"post-7742","1":"product","2":"type-product","3":"status-publish","4":"has-post-thumbnail","6":"product_cat-crop-tops","7":"product_cat-dames","8":"product_cat-forever-favorites-categorie","9":"product_cat-shoppen-op-stijl","10":"product_cat-sleeveless-tanktops-dames","11":"product_cat-tanktops-dames","12":"product_tag-crop-top","14":"first","15":"instock","16":"taxable","17":"shipping-taxable","18":"purchasable","19":"product-type-variable","20":"has-default-attributes"},"acf":[],"yoast_head":"<!-- This site is optimized with the Yoast SEO plugin v27.1.1 - https:\/\/yoast.com\/product\/yoast-seo-wordpress\/ -->\n<title>Brave sport top in olijfgroen - Sportswear - FITTwear.nl<\/title>\n<meta name=\"description\" content=\"Sport top lichtgewicht, ademend en sneldrogend vermogen voor tijdens je workout. Met pads voor extra ondersteuning.\" \/>\n<meta name=\"robots\" content=\"index, follow, max-snippet:-1, max-image-preview:large, max-video-preview:-1\" \/>\n<link rel=\"canonical\" href=\"https:\/\/fittwear.nl\/de\/produkt-2\/tapfer-oben-oliv\/\" \/>\n<meta property=\"og:locale\" content=\"de_DE\" \/>\n<meta property=\"og:type\" content=\"article\" \/>\n<meta property=\"og:title\" content=\"Brave sport top in olijfgroen - Sportswear - FITTwear.nl\" \/>\n<meta property=\"og:description\" content=\"Sport top lichtgewicht, ademend en sneldrogend vermogen voor tijdens je workout. Met pads voor extra ondersteuning.\" \/>\n<meta property=\"og:url\" content=\"https:\/\/fittwear.nl\/de\/produkt-2\/tapfer-oben-oliv\/\" \/>\n<meta property=\"og:site_name\" content=\"FITTwear.nl\" \/>\n<meta property=\"article:modified_time\" content=\"2026-05-07T03:28:07+00:00\" \/>\n<meta property=\"og:image\" content=\"https:\/\/fittwear.nl\/wp-content\/uploads\/2021\/02\/olijf-brave_Voorkant-boven_jpg_2-1-1.jpg\" \/>\n\t<meta property=\"og:image:width\" content=\"986\" \/>\n\t<meta property=\"og:image:height\" content=\"1480\" \/>\n\t<meta property=\"og:image:type\" content=\"image\/jpeg\" \/>\n<meta name=\"twitter:card\" content=\"summary_large_image\" \/>\n<meta name=\"twitter:label1\" content=\"Gesch\u00e4tzte Lesezeit\" \/>\n\t<meta name=\"twitter:data1\" content=\"1\u00a0Minute\" \/>\n<script type=\"application\/ld+json\" class=\"yoast-schema-graph\">{\"@context\":\"https:\/\/schema.org\",\"@graph\":[{\"@type\":\"WebPage\",\"@id\":\"https:\/\/fittwear.nl\/product\/brave-top-olijf\/\",\"url\":\"https:\/\/fittwear.nl\/product\/brave-top-olijf\/\",\"name\":\"Brave sport top in olijfgroen - Sportswear - FITTwear.nl\",\"isPartOf\":{\"@id\":\"https:\/\/fittwear.nl\/#website\"},\"primaryImageOfPage\":{\"@id\":\"https:\/\/fittwear.nl\/product\/brave-top-olijf\/#primaryimage\"},\"image\":{\"@id\":\"https:\/\/fittwear.nl\/product\/brave-top-olijf\/#primaryimage\"},\"thumbnailUrl\":\"https:\/\/fittwear.nl\/wp-content\/uploads\/2021\/02\/olijf-brave_Voorkant-boven_jpg_2-1-1.jpg\",\"datePublished\":\"2021-02-25T15:08:57+00:00\",\"dateModified\":\"2026-05-07T03:28:07+00:00\",\"description\":\"Sport top lichtgewicht, ademend en sneldrogend vermogen voor tijdens je workout. Met pads voor extra ondersteuning.\",\"breadcrumb\":{\"@id\":\"https:\/\/fittwear.nl\/product\/brave-top-olijf\/#breadcrumb\"},\"inLanguage\":\"de\",\"potentialAction\":[{\"@type\":\"ReadAction\",\"target\":[\"https:\/\/fittwear.nl\/product\/brave-top-olijf\/\"]}]},{\"@type\":\"ImageObject\",\"inLanguage\":\"de\",\"@id\":\"https:\/\/fittwear.nl\/product\/brave-top-olijf\/#primaryimage\",\"url\":\"https:\/\/fittwear.nl\/wp-content\/uploads\/2021\/02\/olijf-brave_Voorkant-boven_jpg_2-1-1.jpg\",\"contentUrl\":\"https:\/\/fittwear.nl\/wp-content\/uploads\/2021\/02\/olijf-brave_Voorkant-boven_jpg_2-1-1.jpg\",\"width\":986,\"height\":1480,\"caption\":\"Brave Top olijf\"},{\"@type\":\"BreadcrumbList\",\"@id\":\"https:\/\/fittwear.nl\/product\/brave-top-olijf\/#breadcrumb\",\"itemListElement\":[{\"@type\":\"ListItem\",\"position\":1,\"name\":\"Home\",\"item\":\"https:\/\/fittwear.nl\/\"},{\"@type\":\"ListItem\",\"position\":2,\"name\":\"Shop\",\"item\":\"https:\/\/fittwear.nl\/shop\/\"},{\"@type\":\"ListItem\",\"position\":3,\"name\":\"Brave Top Olive\"}]},{\"@type\":\"WebSite\",\"@id\":\"https:\/\/fittwear.nl\/#website\",\"url\":\"https:\/\/fittwear.nl\/\",\"name\":\"FITTwear.nl\",\"description\":\"Time to shine!\",\"publisher\":{\"@id\":\"https:\/\/fittwear.nl\/#organization\"},\"potentialAction\":[{\"@type\":\"SearchAction\",\"target\":{\"@type\":\"EntryPoint\",\"urlTemplate\":\"https:\/\/fittwear.nl\/?s={search_term_string}\"},\"query-input\":{\"@type\":\"PropertyValueSpecification\",\"valueRequired\":true,\"valueName\":\"search_term_string\"}}],\"inLanguage\":\"de\"},{\"@type\":\"Organization\",\"@id\":\"https:\/\/fittwear.nl\/#organization\",\"name\":\"FITTwear.nl\",\"url\":\"https:\/\/fittwear.nl\/\",\"logo\":{\"@type\":\"ImageObject\",\"inLanguage\":\"de\",\"@id\":\"https:\/\/fittwear.nl\/#\/schema\/logo\/image\/\",\"url\":\"https:\/\/fittwear.nl\/wp-content\/uploads\/2024\/07\/FITT-Logo-BeYOUtiful-website-homepage_Tekengebied-1-scaled.jpg\",\"contentUrl\":\"https:\/\/fittwear.nl\/wp-content\/uploads\/2024\/07\/FITT-Logo-BeYOUtiful-website-homepage_Tekengebied-1-scaled.jpg\",\"width\":2560,\"height\":599,\"caption\":\"FITTwear.nl\"},\"image\":{\"@id\":\"https:\/\/fittwear.nl\/#\/schema\/logo\/image\/\"}}]}<\/script>\n<!-- \/ Yoast SEO plugin. -->","yoast_head_json":{"title":"Brave Sport-Top in olivgr\u00fcn - Sportbekleidung - FITTwear.de","description":"Leichtes, atmungsaktives und schnell trocknendes Sporttop f\u00fcr Ihr Training. Mit Polstern f\u00fcr zus\u00e4tzlichen Halt.","robots":{"index":"index","follow":"follow","max-snippet":"max-snippet:-1","max-image-preview":"max-image-preview:large","max-video-preview":"max-video-preview:-1"},"canonical":"https:\/\/fittwear.nl\/de\/produkt-2\/tapfer-oben-oliv\/","og_locale":"de_DE","og_type":"article","og_title":"Brave sport top in olijfgroen - Sportswear - FITTwear.nl","og_description":"Sport top lichtgewicht, ademend en sneldrogend vermogen voor tijdens je workout. Met pads voor extra ondersteuning.","og_url":"https:\/\/fittwear.nl\/de\/produkt-2\/tapfer-oben-oliv\/","og_site_name":"FITTwear.nl","article_modified_time":"2026-05-07T03:28:07+00:00","og_image":[{"width":986,"height":1480,"url":"https:\/\/fittwear.nl\/wp-content\/uploads\/2021\/02\/olijf-brave_Voorkant-boven_jpg_2-1-1.jpg","type":"image\/jpeg"}],"twitter_card":"summary_large_image","twitter_misc":{"Gesch\u00e4tzte Lesezeit":"1\u00a0Minute"},"schema":{"@context":"https:\/\/schema.org","@graph":[{"@type":"WebPage","@id":"https:\/\/fittwear.nl\/product\/brave-top-olijf\/","url":"https:\/\/fittwear.nl\/product\/brave-top-olijf\/","name":"Brave Sport-Top in olivgr\u00fcn - Sportbekleidung - FITTwear.de","isPartOf":{"@id":"https:\/\/fittwear.nl\/#website"},"primaryImageOfPage":{"@id":"https:\/\/fittwear.nl\/product\/brave-top-olijf\/#primaryimage"},"image":{"@id":"https:\/\/fittwear.nl\/product\/brave-top-olijf\/#primaryimage"},"thumbnailUrl":"https:\/\/fittwear.nl\/wp-content\/uploads\/2021\/02\/olijf-brave_Voorkant-boven_jpg_2-1-1.jpg","datePublished":"2021-02-25T15:08:57+00:00","dateModified":"2026-05-07T03:28:07+00:00","description":"Leichtes, atmungsaktives und schnell trocknendes Sporttop f\u00fcr Ihr Training. Mit Polstern f\u00fcr zus\u00e4tzlichen Halt.","breadcrumb":{"@id":"https:\/\/fittwear.nl\/product\/brave-top-olijf\/#breadcrumb"},"inLanguage":"de","potentialAction":[{"@type":"ReadAction","target":["https:\/\/fittwear.nl\/product\/brave-top-olijf\/"]}]},{"@type":"ImageObject","inLanguage":"de","@id":"https:\/\/fittwear.nl\/product\/brave-top-olijf\/#primaryimage","url":"https:\/\/fittwear.nl\/wp-content\/uploads\/2021\/02\/olijf-brave_Voorkant-boven_jpg_2-1-1.jpg","contentUrl":"https:\/\/fittwear.nl\/wp-content\/uploads\/2021\/02\/olijf-brave_Voorkant-boven_jpg_2-1-1.jpg","width":986,"height":1480,"caption":"Brave Top olijf"},{"@type":"BreadcrumbList","@id":"https:\/\/fittwear.nl\/product\/brave-top-olijf\/#breadcrumb","itemListElement":[{"@type":"ListItem","position":1,"name":"Home","item":"https:\/\/fittwear.nl\/"},{"@type":"ListItem","position":2,"name":"Shop","item":"https:\/\/fittwear.nl\/shop\/"},{"@type":"ListItem","position":3,"name":"Brave Top Olive"}]},{"@type":"WebSite","@id":"https:\/\/fittwear.nl\/#website","url":"https:\/\/fittwear.nl\/","name":"FITTwear.co.uk","description":"Zeit zu gl\u00e4nzen!","publisher":{"@id":"https:\/\/fittwear.nl\/#organization"},"potentialAction":[{"@type":"SearchAction","target":{"@type":"EntryPoint","urlTemplate":"https:\/\/fittwear.nl\/?s={search_term_string}"},"query-input":{"@type":"PropertyValueSpecification","valueRequired":true,"valueName":"search_term_string"}}],"inLanguage":"de"},{"@type":"Organization","@id":"https:\/\/fittwear.nl\/#organization","name":"FITTwear.co.uk","url":"https:\/\/fittwear.nl\/","logo":{"@type":"ImageObject","inLanguage":"de","@id":"https:\/\/fittwear.nl\/#\/schema\/logo\/image\/","url":"https:\/\/fittwear.nl\/wp-content\/uploads\/2024\/07\/FITT-Logo-BeYOUtiful-website-homepage_Tekengebied-1-scaled.jpg","contentUrl":"https:\/\/fittwear.nl\/wp-content\/uploads\/2024\/07\/FITT-Logo-BeYOUtiful-website-homepage_Tekengebied-1-scaled.jpg","width":2560,"height":599,"caption":"FITTwear.nl"},"image":{"@id":"https:\/\/fittwear.nl\/#\/schema\/logo\/image\/"}}]}},"_links":{"self":[{"href":"https:\/\/fittwear.nl\/de\/wp-json\/wp\/v2\/product\/7742","targetHints":{"allow":["GET"]}}],"collection":[{"href":"https:\/\/fittwear.nl\/de\/wp-json\/wp\/v2\/product"}],"about":[{"href":"https:\/\/fittwear.nl\/de\/wp-json\/wp\/v2\/types\/product"}],"wp:featuredmedia":[{"embeddable":true,"href":"https:\/\/fittwear.nl\/de\/wp-json\/wp\/v2\/media\/7753"}],"wp:attachment":[{"href":"https:\/\/fittwear.nl\/de\/wp-json\/wp\/v2\/media?parent=7742"}],"wp:term":[{"taxonomy":"product_brand","embeddable":true,"href":"https:\/\/fittwear.nl\/de\/wp-json\/wp\/v2\/product_brand?post=7742"},{"taxonomy":"product_cat","embeddable":true,"href":"https:\/\/fittwear.nl\/de\/wp-json\/wp\/v2\/product_cat?post=7742"},{"taxonomy":"product_tag","embeddable":true,"href":"https:\/\/fittwear.nl\/de\/wp-json\/wp\/v2\/product_tag?post=7742"}],"curies":[{"name":"wp","href":"https:\/\/api.w.org\/{rel}","templated":true}]}}