{"id":77530,"date":"2023-11-02T09:27:41","date_gmt":"2023-11-02T08:27:41","guid":{"rendered":"https:\/\/fittwear.nl\/?post_type=product&#038;p=77530"},"modified":"2026-04-27T15:04:50","modified_gmt":"2026-04-27T13:04:50","slug":"oversized-crop-sweater-vest-nude","status":"publish","type":"product","link":"https:\/\/fittwear.nl\/de\/product\/oversized-crop-sweater-vest-nude\/","title":{"rendered":"\u00dcbergro\u00dfe Pullover-Weste Nude"},"content":{"rendered":"<p>- Gek\u00fcrzte Strickjacke mit Kordelzug<\/p>\n\n\n\n<p>- Fleece auf der Innenseite<\/p>\n\n\n\n<p>- Mit Kapuze und Rei\u00dfverschluss<\/p>\n\n\n\n<p>- 2 Beutel<\/p>\n\n\n\n<p>- Gedrucktes Logo auf der Tasche<\/p>\n\n\n\n<p>- 60% Baumwolle, 40% recyceltes Polyester<\/p>\n\n\n\n<p>- Waschbar bis zu 40\u00b0<\/p>\n\n\n\n<p>- Farbe: Nackt<\/p>\n\n\n\n<p>- Model Sophie ist 1,75 und tr\u00e4gt Gr\u00f6\u00dfe S-M<\/p>","protected":false},"excerpt":{"rendered":"<p>Diese \u00fcbergro\u00dfe Pullover-Weste ist das unverzichtbare Athleisure-Kleidungsst\u00fcck. Folgen Sie dem Athleisure-Trend, bei dem es erlaubt ist, Sportkleidung und Loungewear auf der Stra\u00dfe zu tragen. F\u00fchlen Sie sich nach dem Training oder in Ihrer Freizeit in diesem coolen Kapuzenpullover wohl. Das leichte Material speichert die W\u00e4rme und sorgt f\u00fcr ein angenehmes Tragegef\u00fchl, das dem K\u00f6rper schmeichelt. Die Weste verf\u00fcgt \u00fcber Kordelz\u00fcge am unteren Ende, mit denen Sie die Weste k\u00fcrzen k\u00f6nnen. Ideal, um die Muskeln auf dem Weg zum Fitnessstudio warm zu halten oder um in Kombination mit den Lounge Jogg Shorts zu faulenzen.<\/p>","protected":false},"featured_media":78281,"template":"","meta":{"_acf_changed":false},"product_brand":[],"product_cat":[4796,4802,94,66],"product_tag":[],"class_list":{"0":"post-77530","1":"product","2":"type-product","3":"status-publish","4":"has-post-thumbnail","6":"product_cat-cute-in-neutrals","7":"product_cat-fitt-original","8":"product_cat-hoodies-sweaters","9":"product_cat-loungewear","11":"first","12":"instock","13":"taxable","14":"shipping-taxable","15":"purchasable","16":"product-type-variable","17":"has-default-attributes"},"acf":[],"yoast_head":"<!-- This site is optimized with the Yoast SEO plugin v27.1.1 - https:\/\/yoast.com\/product\/yoast-seo-wordpress\/ -->\n<title>Oversized Crop Sweater Vest Nude - FITTwear.nl<\/title>\n<meta name=\"description\" content=\"Deze oversized crop sweater vest is h\u00e9t essenti\u00eble athleisure kledingstuk. Volg de athleisure trend waarbij het toegestaan is om sportkleding en loungewear op straat te dragen. Voel je heerlijk comfi na je workout of in je vrije tijd in deze stoere hoody. Warmte wordt vastgehouden en het gevoel van comfort door de lichtgewicht stof vormen samen een flatteuze look! Het vest is voorzien van rijgkoorden aan de onderzijde waarmee je het vest kunt croppen. Ideaal om je spieren warm te houden onderweg naar de gym of om lekker in te loungen samen met de Lounge Jogg Shorts.\" \/>\n<meta name=\"robots\" content=\"index, follow, max-snippet:-1, max-image-preview:large, max-video-preview:-1\" \/>\n<link rel=\"canonical\" href=\"https:\/\/fittwear.nl\/de\/produkt-2\/oversized-crop-sweater-vest-nude\/\" \/>\n<meta property=\"og:locale\" content=\"de_DE\" \/>\n<meta property=\"og:type\" content=\"article\" \/>\n<meta property=\"og:title\" content=\"Oversized Crop Sweater Vest Nude - FITTwear.nl\" \/>\n<meta property=\"og:description\" content=\"Deze oversized crop sweater vest is h\u00e9t essenti\u00eble athleisure kledingstuk. Volg de athleisure trend waarbij het toegestaan is om sportkleding en loungewear op straat te dragen. Voel je heerlijk comfi na je workout of in je vrije tijd in deze stoere hoody. Warmte wordt vastgehouden en het gevoel van comfort door de lichtgewicht stof vormen samen een flatteuze look! Het vest is voorzien van rijgkoorden aan de onderzijde waarmee je het vest kunt croppen. Ideaal om je spieren warm te houden onderweg naar de gym of om lekker in te loungen samen met de Lounge Jogg Shorts.\" \/>\n<meta property=\"og:url\" content=\"https:\/\/fittwear.nl\/de\/produkt-2\/oversized-crop-sweater-vest-nude\/\" \/>\n<meta property=\"og:site_name\" content=\"FITTwear.nl\" \/>\n<meta property=\"article:modified_time\" content=\"2026-04-27T13:04:50+00:00\" \/>\n<meta property=\"og:image\" content=\"https:\/\/fittwear.nl\/wp-content\/uploads\/2023\/11\/sweat-set-nude_Voorkant-boven_jpg_1.jpg\" \/>\n\t<meta property=\"og:image:width\" content=\"1200\" \/>\n\t<meta property=\"og:image:height\" content=\"1800\" \/>\n\t<meta property=\"og:image:type\" content=\"image\/jpeg\" \/>\n<meta name=\"twitter:card\" content=\"summary_large_image\" \/>\n<meta name=\"twitter:label1\" content=\"Gesch\u00e4tzte Lesezeit\" \/>\n\t<meta name=\"twitter:data1\" content=\"1\u00a0Minute\" \/>\n<script type=\"application\/ld+json\" class=\"yoast-schema-graph\">{\"@context\":\"https:\/\/schema.org\",\"@graph\":[{\"@type\":\"WebPage\",\"@id\":\"https:\/\/fittwear.nl\/product\/oversized-crop-sweater-vest-nude\/\",\"url\":\"https:\/\/fittwear.nl\/product\/oversized-crop-sweater-vest-nude\/\",\"name\":\"Oversized Crop Sweater Vest Nude - FITTwear.nl\",\"isPartOf\":{\"@id\":\"https:\/\/fittwear.nl\/#website\"},\"primaryImageOfPage\":{\"@id\":\"https:\/\/fittwear.nl\/product\/oversized-crop-sweater-vest-nude\/#primaryimage\"},\"image\":{\"@id\":\"https:\/\/fittwear.nl\/product\/oversized-crop-sweater-vest-nude\/#primaryimage\"},\"thumbnailUrl\":\"https:\/\/fittwear.nl\/wp-content\/uploads\/2023\/11\/sweat-set-nude_Voorkant-boven_jpg_1.jpg\",\"datePublished\":\"2023-11-02T08:27:41+00:00\",\"dateModified\":\"2026-04-27T13:04:50+00:00\",\"description\":\"Deze oversized crop sweater vest is h\u00e9t essenti\u00eble athleisure kledingstuk. Volg de athleisure trend waarbij het toegestaan is om sportkleding en loungewear op straat te dragen. Voel je heerlijk comfi na je workout of in je vrije tijd in deze stoere hoody. Warmte wordt vastgehouden en het gevoel van comfort door de lichtgewicht stof vormen samen een flatteuze look! Het vest is voorzien van rijgkoorden aan de onderzijde waarmee je het vest kunt croppen. Ideaal om je spieren warm te houden onderweg naar de gym of om lekker in te loungen samen met de Lounge Jogg Shorts.\",\"breadcrumb\":{\"@id\":\"https:\/\/fittwear.nl\/product\/oversized-crop-sweater-vest-nude\/#breadcrumb\"},\"inLanguage\":\"de\",\"potentialAction\":[{\"@type\":\"ReadAction\",\"target\":[\"https:\/\/fittwear.nl\/product\/oversized-crop-sweater-vest-nude\/\"]}]},{\"@type\":\"ImageObject\",\"inLanguage\":\"de\",\"@id\":\"https:\/\/fittwear.nl\/product\/oversized-crop-sweater-vest-nude\/#primaryimage\",\"url\":\"https:\/\/fittwear.nl\/wp-content\/uploads\/2023\/11\/sweat-set-nude_Voorkant-boven_jpg_1.jpg\",\"contentUrl\":\"https:\/\/fittwear.nl\/wp-content\/uploads\/2023\/11\/sweat-set-nude_Voorkant-boven_jpg_1.jpg\",\"width\":1200,\"height\":1800},{\"@type\":\"BreadcrumbList\",\"@id\":\"https:\/\/fittwear.nl\/product\/oversized-crop-sweater-vest-nude\/#breadcrumb\",\"itemListElement\":[{\"@type\":\"ListItem\",\"position\":1,\"name\":\"Home\",\"item\":\"https:\/\/fittwear.nl\/\"},{\"@type\":\"ListItem\",\"position\":2,\"name\":\"Shop\",\"item\":\"https:\/\/fittwear.nl\/shop\/\"},{\"@type\":\"ListItem\",\"position\":3,\"name\":\"Oversized Crop Sweater Vest Nude\"}]},{\"@type\":\"WebSite\",\"@id\":\"https:\/\/fittwear.nl\/#website\",\"url\":\"https:\/\/fittwear.nl\/\",\"name\":\"FITTwear.nl\",\"description\":\"Time to shine!\",\"publisher\":{\"@id\":\"https:\/\/fittwear.nl\/#organization\"},\"potentialAction\":[{\"@type\":\"SearchAction\",\"target\":{\"@type\":\"EntryPoint\",\"urlTemplate\":\"https:\/\/fittwear.nl\/?s={search_term_string}\"},\"query-input\":{\"@type\":\"PropertyValueSpecification\",\"valueRequired\":true,\"valueName\":\"search_term_string\"}}],\"inLanguage\":\"de\"},{\"@type\":\"Organization\",\"@id\":\"https:\/\/fittwear.nl\/#organization\",\"name\":\"FITTwear.nl\",\"url\":\"https:\/\/fittwear.nl\/\",\"logo\":{\"@type\":\"ImageObject\",\"inLanguage\":\"de\",\"@id\":\"https:\/\/fittwear.nl\/#\/schema\/logo\/image\/\",\"url\":\"https:\/\/fittwear.nl\/wp-content\/uploads\/2024\/07\/FITT-Logo-BeYOUtiful-website-homepage_Tekengebied-1-scaled.jpg\",\"contentUrl\":\"https:\/\/fittwear.nl\/wp-content\/uploads\/2024\/07\/FITT-Logo-BeYOUtiful-website-homepage_Tekengebied-1-scaled.jpg\",\"width\":2560,\"height\":599,\"caption\":\"FITTwear.nl\"},\"image\":{\"@id\":\"https:\/\/fittwear.nl\/#\/schema\/logo\/image\/\"}}]}<\/script>\n<!-- \/ Yoast SEO plugin. -->","yoast_head_json":{"title":"Oversized Crop Sweater Vest Nude - FITTwear.de","description":"Diese \u00fcbergro\u00dfe Pullover-Weste ist das unverzichtbare Athleisure-Kleidungsst\u00fcck. Folgen Sie dem Athleisure-Trend, bei dem es erlaubt ist, Sportkleidung und Loungewear auf der Stra\u00dfe zu tragen. F\u00fchlen Sie sich nach dem Training oder in Ihrer Freizeit in diesem coolen Kapuzenpullover wohl. Das leichte Material speichert die W\u00e4rme und sorgt f\u00fcr ein angenehmes Tragegef\u00fchl, das dem K\u00f6rper schmeichelt. Die Weste verf\u00fcgt \u00fcber Kordelz\u00fcge am unteren Ende, mit denen Sie die Weste k\u00fcrzen k\u00f6nnen. Ideal, um die Muskeln auf dem Weg zum Fitnessstudio warm zu halten oder um in Kombination mit den Lounge Jogg Shorts zu faulenzen.","robots":{"index":"index","follow":"follow","max-snippet":"max-snippet:-1","max-image-preview":"max-image-preview:large","max-video-preview":"max-video-preview:-1"},"canonical":"https:\/\/fittwear.nl\/de\/produkt-2\/oversized-crop-sweater-vest-nude\/","og_locale":"de_DE","og_type":"article","og_title":"Oversized Crop Sweater Vest Nude - FITTwear.nl","og_description":"Deze oversized crop sweater vest is h\u00e9t essenti\u00eble athleisure kledingstuk. Volg de athleisure trend waarbij het toegestaan is om sportkleding en loungewear op straat te dragen. Voel je heerlijk comfi na je workout of in je vrije tijd in deze stoere hoody. Warmte wordt vastgehouden en het gevoel van comfort door de lichtgewicht stof vormen samen een flatteuze look! Het vest is voorzien van rijgkoorden aan de onderzijde waarmee je het vest kunt croppen. Ideaal om je spieren warm te houden onderweg naar de gym of om lekker in te loungen samen met de Lounge Jogg Shorts.","og_url":"https:\/\/fittwear.nl\/de\/produkt-2\/oversized-crop-sweater-vest-nude\/","og_site_name":"FITTwear.nl","article_modified_time":"2026-04-27T13:04:50+00:00","og_image":[{"width":1200,"height":1800,"url":"https:\/\/fittwear.nl\/wp-content\/uploads\/2023\/11\/sweat-set-nude_Voorkant-boven_jpg_1.jpg","type":"image\/jpeg"}],"twitter_card":"summary_large_image","twitter_misc":{"Gesch\u00e4tzte Lesezeit":"1\u00a0Minute"},"schema":{"@context":"https:\/\/schema.org","@graph":[{"@type":"WebPage","@id":"https:\/\/fittwear.nl\/product\/oversized-crop-sweater-vest-nude\/","url":"https:\/\/fittwear.nl\/product\/oversized-crop-sweater-vest-nude\/","name":"Oversized Crop Sweater Vest Nude - FITTwear.de","isPartOf":{"@id":"https:\/\/fittwear.nl\/#website"},"primaryImageOfPage":{"@id":"https:\/\/fittwear.nl\/product\/oversized-crop-sweater-vest-nude\/#primaryimage"},"image":{"@id":"https:\/\/fittwear.nl\/product\/oversized-crop-sweater-vest-nude\/#primaryimage"},"thumbnailUrl":"https:\/\/fittwear.nl\/wp-content\/uploads\/2023\/11\/sweat-set-nude_Voorkant-boven_jpg_1.jpg","datePublished":"2023-11-02T08:27:41+00:00","dateModified":"2026-04-27T13:04:50+00:00","description":"Diese \u00fcbergro\u00dfe Pullover-Weste ist das unverzichtbare Athleisure-Kleidungsst\u00fcck. Folgen Sie dem Athleisure-Trend, bei dem es erlaubt ist, Sportkleidung und Loungewear auf der Stra\u00dfe zu tragen. F\u00fchlen Sie sich nach dem Training oder in Ihrer Freizeit in diesem coolen Kapuzenpullover wohl. Das leichte Material speichert die W\u00e4rme und sorgt f\u00fcr ein angenehmes Tragegef\u00fchl, das dem K\u00f6rper schmeichelt. Die Weste verf\u00fcgt \u00fcber Kordelz\u00fcge am unteren Ende, mit denen Sie die Weste k\u00fcrzen k\u00f6nnen. Ideal, um die Muskeln auf dem Weg zum Fitnessstudio warm zu halten oder um in Kombination mit den Lounge Jogg Shorts zu faulenzen.","breadcrumb":{"@id":"https:\/\/fittwear.nl\/product\/oversized-crop-sweater-vest-nude\/#breadcrumb"},"inLanguage":"de","potentialAction":[{"@type":"ReadAction","target":["https:\/\/fittwear.nl\/product\/oversized-crop-sweater-vest-nude\/"]}]},{"@type":"ImageObject","inLanguage":"de","@id":"https:\/\/fittwear.nl\/product\/oversized-crop-sweater-vest-nude\/#primaryimage","url":"https:\/\/fittwear.nl\/wp-content\/uploads\/2023\/11\/sweat-set-nude_Voorkant-boven_jpg_1.jpg","contentUrl":"https:\/\/fittwear.nl\/wp-content\/uploads\/2023\/11\/sweat-set-nude_Voorkant-boven_jpg_1.jpg","width":1200,"height":1800},{"@type":"BreadcrumbList","@id":"https:\/\/fittwear.nl\/product\/oversized-crop-sweater-vest-nude\/#breadcrumb","itemListElement":[{"@type":"ListItem","position":1,"name":"Home","item":"https:\/\/fittwear.nl\/"},{"@type":"ListItem","position":2,"name":"Shop","item":"https:\/\/fittwear.nl\/shop\/"},{"@type":"ListItem","position":3,"name":"Oversized Crop Sweater Vest Nude"}]},{"@type":"WebSite","@id":"https:\/\/fittwear.nl\/#website","url":"https:\/\/fittwear.nl\/","name":"FITTwear.co.uk","description":"Zeit zu gl\u00e4nzen!","publisher":{"@id":"https:\/\/fittwear.nl\/#organization"},"potentialAction":[{"@type":"SearchAction","target":{"@type":"EntryPoint","urlTemplate":"https:\/\/fittwear.nl\/?s={search_term_string}"},"query-input":{"@type":"PropertyValueSpecification","valueRequired":true,"valueName":"search_term_string"}}],"inLanguage":"de"},{"@type":"Organization","@id":"https:\/\/fittwear.nl\/#organization","name":"FITTwear.co.uk","url":"https:\/\/fittwear.nl\/","logo":{"@type":"ImageObject","inLanguage":"de","@id":"https:\/\/fittwear.nl\/#\/schema\/logo\/image\/","url":"https:\/\/fittwear.nl\/wp-content\/uploads\/2024\/07\/FITT-Logo-BeYOUtiful-website-homepage_Tekengebied-1-scaled.jpg","contentUrl":"https:\/\/fittwear.nl\/wp-content\/uploads\/2024\/07\/FITT-Logo-BeYOUtiful-website-homepage_Tekengebied-1-scaled.jpg","width":2560,"height":599,"caption":"FITTwear.nl"},"image":{"@id":"https:\/\/fittwear.nl\/#\/schema\/logo\/image\/"}}]}},"_links":{"self":[{"href":"https:\/\/fittwear.nl\/de\/wp-json\/wp\/v2\/product\/77530","targetHints":{"allow":["GET"]}}],"collection":[{"href":"https:\/\/fittwear.nl\/de\/wp-json\/wp\/v2\/product"}],"about":[{"href":"https:\/\/fittwear.nl\/de\/wp-json\/wp\/v2\/types\/product"}],"wp:featuredmedia":[{"embeddable":true,"href":"https:\/\/fittwear.nl\/de\/wp-json\/wp\/v2\/media\/78281"}],"wp:attachment":[{"href":"https:\/\/fittwear.nl\/de\/wp-json\/wp\/v2\/media?parent=77530"}],"wp:term":[{"taxonomy":"product_brand","embeddable":true,"href":"https:\/\/fittwear.nl\/de\/wp-json\/wp\/v2\/product_brand?post=77530"},{"taxonomy":"product_cat","embeddable":true,"href":"https:\/\/fittwear.nl\/de\/wp-json\/wp\/v2\/product_cat?post=77530"},{"taxonomy":"product_tag","embeddable":true,"href":"https:\/\/fittwear.nl\/de\/wp-json\/wp\/v2\/product_tag?post=77530"}],"curies":[{"name":"wp","href":"https:\/\/api.w.org\/{rel}","templated":true}]}}