{"id":77579,"date":"2023-11-02T10:25:22","date_gmt":"2023-11-02T09:25:22","guid":{"rendered":"https:\/\/fittwear.nl\/?post_type=product&#038;p=77579"},"modified":"2026-05-07T04:30:38","modified_gmt":"2026-05-07T02:30:38","slug":"gerafftes-crop-t-shirt-oliv","status":"publish","type":"product","link":"https:\/\/fittwear.nl\/de\/product\/ruched-crop-t-shirt-olive\/","title":{"rendered":"Crop-T-Shirt mit R\u00fcschen Olive"},"content":{"rendered":"<p>&#8211; Cropped t-shirt<\/p>\n\n\n\n<p>&#8211; Met aantrekbare ruches aan de zijkanten<\/p>\n\n\n\n<p>&#8211; Ademende stof<\/p>\n\n\n\n<p>&#8211; Bedrukt logo aan voorzijde<\/p>\n\n\n\n<p>&#8211; 100% katoen<\/p>\n\n\n\n<p>- Waschbar bis zu 40\u00b0<\/p>\n\n\n\n<p>&#8211; Kleur: Olijf<\/p>\n\n\n\n<p>- Model Sophie ist 1,75 und tr\u00e4gt Gr\u00f6\u00dfe S<\/p>","protected":false},"excerpt":{"rendered":"<p>Das ger\u00fcschte T-Shirt ist das unverzichtbare Athleisure-Kleidungsst\u00fcck. Folgen Sie dem Athleisure-Trend, bei dem es erlaubt ist, Sportbekleidung und Loungewear auf der Stra\u00dfe zu tragen. Ideal als Sportoberteil, bietet das Shirt gro\u00dfe Bewegungsfreiheit und ist dank der R\u00fcschen auch in der L\u00e4nge verstellbar. Tragen Sie es, wie Sie wollen! Werden Sie es mit Sportleggings, Jogginghosen oder Sportshorts kombinieren?<\/p>","protected":false},"featured_media":78540,"template":"","meta":{"_acf_changed":false},"product_brand":[],"product_cat":[4802,4794,79,81,78],"product_tag":[],"class_list":{"0":"post-77579","1":"product","2":"type-product","3":"status-publish","4":"has-post-thumbnail","6":"product_cat-fitt-original","7":"product_cat-mindful-movement","8":"product_cat-tanktops-dames","9":"product_cat-crop-tops","10":"product_cat-t-shirts-dames","12":"first","13":"instock","14":"taxable","15":"shipping-taxable","16":"purchasable","17":"product-type-variable","18":"has-default-attributes"},"acf":[],"yoast_head":"<!-- This site is optimized with the Yoast SEO plugin v27.1.1 - https:\/\/yoast.com\/product\/yoast-seo-wordpress\/ -->\n<title>Ruched Crop T-shirt Olive - FITTwear.nl<\/title>\n<meta name=\"description\" content=\"De ruched crop T-shirt is h\u00e9t essenti\u00eble athleisure kledingstuk. Volg de athleisure trend waarbij het toegestaan is om sportkleding en loungewear op straat te dragen. Ideaal als sport top, het shirt bied je veel bewegingsvrijheid en is ook nog eens op lengte af te stellen door de ruches. Draag hem hoe jij dat wilt! Combineer jij hem met een sportlegging, jogger of toch de sport shorts?\" \/>\n<meta name=\"robots\" content=\"index, follow, max-snippet:-1, max-image-preview:large, max-video-preview:-1\" \/>\n<link rel=\"canonical\" href=\"https:\/\/fittwear.nl\/de\/produkt-2\/gerafftes-crop-t-shirt-oliv\/\" \/>\n<meta property=\"og:locale\" content=\"de_DE\" \/>\n<meta property=\"og:type\" content=\"article\" \/>\n<meta property=\"og:title\" content=\"Ruched Crop T-shirt Olive - FITTwear.nl\" \/>\n<meta property=\"og:description\" content=\"De ruched crop T-shirt is h\u00e9t essenti\u00eble athleisure kledingstuk. Volg de athleisure trend waarbij het toegestaan is om sportkleding en loungewear op straat te dragen. Ideaal als sport top, het shirt bied je veel bewegingsvrijheid en is ook nog eens op lengte af te stellen door de ruches. Draag hem hoe jij dat wilt! Combineer jij hem met een sportlegging, jogger of toch de sport shorts?\" \/>\n<meta property=\"og:url\" content=\"https:\/\/fittwear.nl\/de\/produkt-2\/gerafftes-crop-t-shirt-oliv\/\" \/>\n<meta property=\"og:site_name\" content=\"FITTwear.nl\" \/>\n<meta property=\"article:modified_time\" content=\"2026-05-07T02:30:38+00:00\" \/>\n<meta property=\"og:image\" content=\"https:\/\/fittwear.nl\/wp-content\/uploads\/2023\/11\/fitt-seamless-grijs_Fullbody_jpgNEW_1.jpg\" \/>\n\t<meta property=\"og:image:width\" content=\"1200\" \/>\n\t<meta property=\"og:image:height\" content=\"1800\" \/>\n\t<meta property=\"og:image:type\" content=\"image\/jpeg\" \/>\n<meta name=\"twitter:card\" content=\"summary_large_image\" \/>\n<meta name=\"twitter:label1\" content=\"Gesch\u00e4tzte Lesezeit\" \/>\n\t<meta name=\"twitter:data1\" content=\"1\u00a0Minute\" \/>\n<script type=\"application\/ld+json\" class=\"yoast-schema-graph\">{\"@context\":\"https:\/\/schema.org\",\"@graph\":[{\"@type\":\"WebPage\",\"@id\":\"https:\/\/fittwear.nl\/product\/ruched-crop-t-shirt-olive\/\",\"url\":\"https:\/\/fittwear.nl\/product\/ruched-crop-t-shirt-olive\/\",\"name\":\"Ruched Crop T-shirt Olive - FITTwear.nl\",\"isPartOf\":{\"@id\":\"https:\/\/fittwear.nl\/#website\"},\"primaryImageOfPage\":{\"@id\":\"https:\/\/fittwear.nl\/product\/ruched-crop-t-shirt-olive\/#primaryimage\"},\"image\":{\"@id\":\"https:\/\/fittwear.nl\/product\/ruched-crop-t-shirt-olive\/#primaryimage\"},\"thumbnailUrl\":\"https:\/\/fittwear.nl\/wp-content\/uploads\/2023\/11\/fitt-seamless-grijs_Fullbody_jpgNEW_1.jpg\",\"datePublished\":\"2023-11-02T09:25:22+00:00\",\"dateModified\":\"2026-05-07T02:30:38+00:00\",\"description\":\"De ruched crop T-shirt is h\u00e9t essenti\u00eble athleisure kledingstuk. Volg de athleisure trend waarbij het toegestaan is om sportkleding en loungewear op straat te dragen. Ideaal als sport top, het shirt bied je veel bewegingsvrijheid en is ook nog eens op lengte af te stellen door de ruches. Draag hem hoe jij dat wilt! Combineer jij hem met een sportlegging, jogger of toch de sport shorts?\",\"breadcrumb\":{\"@id\":\"https:\/\/fittwear.nl\/product\/ruched-crop-t-shirt-olive\/#breadcrumb\"},\"inLanguage\":\"de\",\"potentialAction\":[{\"@type\":\"ReadAction\",\"target\":[\"https:\/\/fittwear.nl\/product\/ruched-crop-t-shirt-olive\/\"]}]},{\"@type\":\"ImageObject\",\"inLanguage\":\"de\",\"@id\":\"https:\/\/fittwear.nl\/product\/ruched-crop-t-shirt-olive\/#primaryimage\",\"url\":\"https:\/\/fittwear.nl\/wp-content\/uploads\/2023\/11\/fitt-seamless-grijs_Fullbody_jpgNEW_1.jpg\",\"contentUrl\":\"https:\/\/fittwear.nl\/wp-content\/uploads\/2023\/11\/fitt-seamless-grijs_Fullbody_jpgNEW_1.jpg\",\"width\":1200,\"height\":1800},{\"@type\":\"BreadcrumbList\",\"@id\":\"https:\/\/fittwear.nl\/product\/ruched-crop-t-shirt-olive\/#breadcrumb\",\"itemListElement\":[{\"@type\":\"ListItem\",\"position\":1,\"name\":\"Home\",\"item\":\"https:\/\/fittwear.nl\/\"},{\"@type\":\"ListItem\",\"position\":2,\"name\":\"Shop\",\"item\":\"https:\/\/fittwear.nl\/shop\/\"},{\"@type\":\"ListItem\",\"position\":3,\"name\":\"Ruched Crop T-shirt Olive\"}]},{\"@type\":\"WebSite\",\"@id\":\"https:\/\/fittwear.nl\/#website\",\"url\":\"https:\/\/fittwear.nl\/\",\"name\":\"FITTwear.nl\",\"description\":\"Time to shine!\",\"publisher\":{\"@id\":\"https:\/\/fittwear.nl\/#organization\"},\"potentialAction\":[{\"@type\":\"SearchAction\",\"target\":{\"@type\":\"EntryPoint\",\"urlTemplate\":\"https:\/\/fittwear.nl\/?s={search_term_string}\"},\"query-input\":{\"@type\":\"PropertyValueSpecification\",\"valueRequired\":true,\"valueName\":\"search_term_string\"}}],\"inLanguage\":\"de\"},{\"@type\":\"Organization\",\"@id\":\"https:\/\/fittwear.nl\/#organization\",\"name\":\"FITTwear.nl\",\"url\":\"https:\/\/fittwear.nl\/\",\"logo\":{\"@type\":\"ImageObject\",\"inLanguage\":\"de\",\"@id\":\"https:\/\/fittwear.nl\/#\/schema\/logo\/image\/\",\"url\":\"https:\/\/fittwear.nl\/wp-content\/uploads\/2024\/07\/FITT-Logo-BeYOUtiful-website-homepage_Tekengebied-1-scaled.jpg\",\"contentUrl\":\"https:\/\/fittwear.nl\/wp-content\/uploads\/2024\/07\/FITT-Logo-BeYOUtiful-website-homepage_Tekengebied-1-scaled.jpg\",\"width\":2560,\"height\":599,\"caption\":\"FITTwear.nl\"},\"image\":{\"@id\":\"https:\/\/fittwear.nl\/#\/schema\/logo\/image\/\"}}]}<\/script>\n<!-- \/ Yoast SEO plugin. -->","yoast_head_json":{"title":"Ruched Crop T-shirt Olive - FITTwear.de","description":"Das ger\u00fcschte T-Shirt ist das unverzichtbare Athleisure-Kleidungsst\u00fcck. Folgen Sie dem Athleisure-Trend, bei dem es erlaubt ist, Sportbekleidung und Loungewear auf der Stra\u00dfe zu tragen. Ideal als Sportoberteil, bietet das Shirt gro\u00dfe Bewegungsfreiheit und ist dank der R\u00fcschen auch in der L\u00e4nge verstellbar. Tragen Sie es, wie Sie wollen! Werden Sie es mit Sportleggings, Jogginghosen oder Sportshorts kombinieren?","robots":{"index":"index","follow":"follow","max-snippet":"max-snippet:-1","max-image-preview":"max-image-preview:large","max-video-preview":"max-video-preview:-1"},"canonical":"https:\/\/fittwear.nl\/de\/produkt-2\/gerafftes-crop-t-shirt-oliv\/","og_locale":"de_DE","og_type":"article","og_title":"Ruched Crop T-shirt Olive - FITTwear.nl","og_description":"De ruched crop T-shirt is h\u00e9t essenti\u00eble athleisure kledingstuk. Volg de athleisure trend waarbij het toegestaan is om sportkleding en loungewear op straat te dragen. Ideaal als sport top, het shirt bied je veel bewegingsvrijheid en is ook nog eens op lengte af te stellen door de ruches. Draag hem hoe jij dat wilt! Combineer jij hem met een sportlegging, jogger of toch de sport shorts?","og_url":"https:\/\/fittwear.nl\/de\/produkt-2\/gerafftes-crop-t-shirt-oliv\/","og_site_name":"FITTwear.nl","article_modified_time":"2026-05-07T02:30:38+00:00","og_image":[{"width":1200,"height":1800,"url":"https:\/\/fittwear.nl\/wp-content\/uploads\/2023\/11\/fitt-seamless-grijs_Fullbody_jpgNEW_1.jpg","type":"image\/jpeg"}],"twitter_card":"summary_large_image","twitter_misc":{"Gesch\u00e4tzte Lesezeit":"1\u00a0Minute"},"schema":{"@context":"https:\/\/schema.org","@graph":[{"@type":"WebPage","@id":"https:\/\/fittwear.nl\/product\/ruched-crop-t-shirt-olive\/","url":"https:\/\/fittwear.nl\/product\/ruched-crop-t-shirt-olive\/","name":"Ruched Crop T-shirt Olive - FITTwear.de","isPartOf":{"@id":"https:\/\/fittwear.nl\/#website"},"primaryImageOfPage":{"@id":"https:\/\/fittwear.nl\/product\/ruched-crop-t-shirt-olive\/#primaryimage"},"image":{"@id":"https:\/\/fittwear.nl\/product\/ruched-crop-t-shirt-olive\/#primaryimage"},"thumbnailUrl":"https:\/\/fittwear.nl\/wp-content\/uploads\/2023\/11\/fitt-seamless-grijs_Fullbody_jpgNEW_1.jpg","datePublished":"2023-11-02T09:25:22+00:00","dateModified":"2026-05-07T02:30:38+00:00","description":"Das ger\u00fcschte T-Shirt ist das unverzichtbare Athleisure-Kleidungsst\u00fcck. Folgen Sie dem Athleisure-Trend, bei dem es erlaubt ist, Sportbekleidung und Loungewear auf der Stra\u00dfe zu tragen. Ideal als Sportoberteil, bietet das Shirt gro\u00dfe Bewegungsfreiheit und ist dank der R\u00fcschen auch in der L\u00e4nge verstellbar. Tragen Sie es, wie Sie wollen! Werden Sie es mit Sportleggings, Jogginghosen oder Sportshorts kombinieren?","breadcrumb":{"@id":"https:\/\/fittwear.nl\/product\/ruched-crop-t-shirt-olive\/#breadcrumb"},"inLanguage":"de","potentialAction":[{"@type":"ReadAction","target":["https:\/\/fittwear.nl\/product\/ruched-crop-t-shirt-olive\/"]}]},{"@type":"ImageObject","inLanguage":"de","@id":"https:\/\/fittwear.nl\/product\/ruched-crop-t-shirt-olive\/#primaryimage","url":"https:\/\/fittwear.nl\/wp-content\/uploads\/2023\/11\/fitt-seamless-grijs_Fullbody_jpgNEW_1.jpg","contentUrl":"https:\/\/fittwear.nl\/wp-content\/uploads\/2023\/11\/fitt-seamless-grijs_Fullbody_jpgNEW_1.jpg","width":1200,"height":1800},{"@type":"BreadcrumbList","@id":"https:\/\/fittwear.nl\/product\/ruched-crop-t-shirt-olive\/#breadcrumb","itemListElement":[{"@type":"ListItem","position":1,"name":"Home","item":"https:\/\/fittwear.nl\/"},{"@type":"ListItem","position":2,"name":"Shop","item":"https:\/\/fittwear.nl\/shop\/"},{"@type":"ListItem","position":3,"name":"Ruched Crop T-shirt Olive"}]},{"@type":"WebSite","@id":"https:\/\/fittwear.nl\/#website","url":"https:\/\/fittwear.nl\/","name":"FITTwear.co.uk","description":"Zeit zu gl\u00e4nzen!","publisher":{"@id":"https:\/\/fittwear.nl\/#organization"},"potentialAction":[{"@type":"SearchAction","target":{"@type":"EntryPoint","urlTemplate":"https:\/\/fittwear.nl\/?s={search_term_string}"},"query-input":{"@type":"PropertyValueSpecification","valueRequired":true,"valueName":"search_term_string"}}],"inLanguage":"de"},{"@type":"Organization","@id":"https:\/\/fittwear.nl\/#organization","name":"FITTwear.co.uk","url":"https:\/\/fittwear.nl\/","logo":{"@type":"ImageObject","inLanguage":"de","@id":"https:\/\/fittwear.nl\/#\/schema\/logo\/image\/","url":"https:\/\/fittwear.nl\/wp-content\/uploads\/2024\/07\/FITT-Logo-BeYOUtiful-website-homepage_Tekengebied-1-scaled.jpg","contentUrl":"https:\/\/fittwear.nl\/wp-content\/uploads\/2024\/07\/FITT-Logo-BeYOUtiful-website-homepage_Tekengebied-1-scaled.jpg","width":2560,"height":599,"caption":"FITTwear.nl"},"image":{"@id":"https:\/\/fittwear.nl\/#\/schema\/logo\/image\/"}}]}},"_links":{"self":[{"href":"https:\/\/fittwear.nl\/de\/wp-json\/wp\/v2\/product\/77579","targetHints":{"allow":["GET"]}}],"collection":[{"href":"https:\/\/fittwear.nl\/de\/wp-json\/wp\/v2\/product"}],"about":[{"href":"https:\/\/fittwear.nl\/de\/wp-json\/wp\/v2\/types\/product"}],"wp:featuredmedia":[{"embeddable":true,"href":"https:\/\/fittwear.nl\/de\/wp-json\/wp\/v2\/media\/78540"}],"wp:attachment":[{"href":"https:\/\/fittwear.nl\/de\/wp-json\/wp\/v2\/media?parent=77579"}],"wp:term":[{"taxonomy":"product_brand","embeddable":true,"href":"https:\/\/fittwear.nl\/de\/wp-json\/wp\/v2\/product_brand?post=77579"},{"taxonomy":"product_cat","embeddable":true,"href":"https:\/\/fittwear.nl\/de\/wp-json\/wp\/v2\/product_cat?post=77579"},{"taxonomy":"product_tag","embeddable":true,"href":"https:\/\/fittwear.nl\/de\/wp-json\/wp\/v2\/product_tag?post=77579"}],"curies":[{"name":"wp","href":"https:\/\/api.w.org\/{rel}","templated":true}]}}