{"id":77586,"date":"2023-11-09T09:31:47","date_gmt":"2023-11-09T08:31:47","guid":{"rendered":"https:\/\/fittwear.nl\/?post_type=product&#038;p=77586"},"modified":"2026-05-07T04:30:53","modified_gmt":"2026-05-07T02:30:53","slug":"athletisches-sportkleid-schwarz","status":"publish","type":"product","link":"https:\/\/fittwear.nl\/de\/product\/athletic-sports-dress-black\/","title":{"rendered":"Athletisches Sportkleid Schwarz"},"content":{"rendered":"<p>&#8211; Stretchy jurk<\/p>\n\n\n\n<p>&#8211; Elegante hals <\/p>\n\n\n\n<p>- Abnehmbare Pads<\/p>\n\n\n\n<p>&#8211; Stretchy schouderbanden<\/p>\n\n\n\n<p>&#8211; Split aan de onderkant<\/p>\n\n\n\n<p>- Gedrucktes Logo auf der R\u00fcckseite<\/p>\n\n\n\n<p>- 75% Nylon, 25% Elastan<\/p>\n\n\n\n<p>- Waschbar bis zu 30\u00b0<\/p>\n\n\n\n<p>- Farbe: Schwarz<\/p>\n\n\n\n<p>- Model Sophie ist 1,75 und tr\u00e4gt Gr\u00f6\u00dfe S<\/p>","protected":false},"excerpt":{"rendered":"<p>Sind Sie ein echter Padel- oder Tennisfan? Dann ist dieses Kleidungsst\u00fcck ein Muss in Ihrem Kleiderschrank, um auf dem Platz trendy zu sein! Erleben Sie den Komfort dieses Kleides aufgrund seiner Elastizit\u00e4t und Bewegungsfreiheit, abgesehen davon, dass es super stylisch ist. Tragen Sie es m\u00f6glicherweise mit unserer Stay In Place Short, um Ihre Tennisb\u00e4lle bei sich zu behalten. Oder tragen Sie es leger, der elegante Ausschnitt, der Schlitz unten und die sch\u00f6n gearbeiteten Schultertr\u00e4ger machen dieses Kleid auch daf\u00fcr ideal!<\/p>","protected":false},"featured_media":78448,"template":"","meta":{"_acf_changed":false},"product_brand":[],"product_cat":[4836,4791,4869,4794,4800,79],"product_tag":[],"class_list":{"0":"post-77586","1":"product","2":"type-product","3":"status-publish","4":"has-post-thumbnail","6":"product_cat-sleeveless-tanktops-dames","7":"product_cat-city-vibes","8":"product_cat-jurkjes","9":"product_cat-mindful-movement","10":"product_cat-running-collection","11":"product_cat-tanktops-dames","13":"first","14":"instock","15":"sale","16":"taxable","17":"shipping-taxable","18":"purchasable","19":"product-type-variable","20":"has-default-attributes"},"acf":[],"yoast_head":"<!-- This site is optimized with the Yoast SEO plugin v27.1.1 - https:\/\/yoast.com\/product\/yoast-seo-wordpress\/ -->\n<title>Athletic Sports Dress Black - FITTwear.nl<\/title>\n<meta name=\"description\" content=\"Ben jij een echte padel of tennisfan? Dan is dit item de musthave in jouw garderobe om trendy op de baan te lopen! Ervaar het comfort van deze jurk door zijn elasticiteit en bewegingsvrijheid, daarnaast is hij ook nog eens super stylish. Draag hem eventueel met onze Stay In Place Short om jouw tennisballen bij je te houden. Of draag hem casual, door de elegante hals, split aan de onderkant en mooi afgewerkte schouderbanden is dit jurkje ook hier ideaal voor!\" \/>\n<meta name=\"robots\" content=\"index, follow, max-snippet:-1, max-image-preview:large, max-video-preview:-1\" \/>\n<link rel=\"canonical\" href=\"https:\/\/fittwear.nl\/de\/produkt-2\/athletisches-sportkleid-schwarz\/\" \/>\n<meta property=\"og:locale\" content=\"de_DE\" \/>\n<meta property=\"og:type\" content=\"article\" \/>\n<meta property=\"og:title\" content=\"Athletic Sports Dress Black - FITTwear.nl\" \/>\n<meta property=\"og:description\" content=\"Ben jij een echte padel of tennisfan? Dan is dit item de musthave in jouw garderobe om trendy op de baan te lopen! Ervaar het comfort van deze jurk door zijn elasticiteit en bewegingsvrijheid, daarnaast is hij ook nog eens super stylish. Draag hem eventueel met onze Stay In Place Short om jouw tennisballen bij je te houden. Of draag hem casual, door de elegante hals, split aan de onderkant en mooi afgewerkte schouderbanden is dit jurkje ook hier ideaal voor!\" \/>\n<meta property=\"og:url\" content=\"https:\/\/fittwear.nl\/de\/produkt-2\/athletisches-sportkleid-schwarz\/\" \/>\n<meta property=\"og:site_name\" content=\"FITTwear.nl\" \/>\n<meta property=\"article:modified_time\" content=\"2026-05-07T02:30:53+00:00\" \/>\n<meta property=\"og:image\" content=\"https:\/\/fittwear.nl\/wp-content\/uploads\/2023\/11\/jurkje-zwart_Fullbody_jpg_2.jpg\" \/>\n\t<meta property=\"og:image:width\" content=\"1200\" \/>\n\t<meta property=\"og:image:height\" content=\"1800\" \/>\n\t<meta property=\"og:image:type\" content=\"image\/jpeg\" \/>\n<meta name=\"twitter:card\" content=\"summary_large_image\" \/>\n<meta name=\"twitter:label1\" content=\"Gesch\u00e4tzte Lesezeit\" \/>\n\t<meta name=\"twitter:data1\" content=\"1\u00a0Minute\" \/>\n<script type=\"application\/ld+json\" class=\"yoast-schema-graph\">{\"@context\":\"https:\/\/schema.org\",\"@graph\":[{\"@type\":\"WebPage\",\"@id\":\"https:\/\/fittwear.nl\/product\/athletic-sports-dress-black\/\",\"url\":\"https:\/\/fittwear.nl\/product\/athletic-sports-dress-black\/\",\"name\":\"Athletic Sports Dress Black - FITTwear.nl\",\"isPartOf\":{\"@id\":\"https:\/\/fittwear.nl\/#website\"},\"primaryImageOfPage\":{\"@id\":\"https:\/\/fittwear.nl\/product\/athletic-sports-dress-black\/#primaryimage\"},\"image\":{\"@id\":\"https:\/\/fittwear.nl\/product\/athletic-sports-dress-black\/#primaryimage\"},\"thumbnailUrl\":\"https:\/\/fittwear.nl\/wp-content\/uploads\/2023\/11\/jurkje-zwart_Fullbody_jpg_2.jpg\",\"datePublished\":\"2023-11-09T08:31:47+00:00\",\"dateModified\":\"2026-05-07T02:30:53+00:00\",\"description\":\"Ben jij een echte padel of tennisfan? Dan is dit item de musthave in jouw garderobe om trendy op de baan te lopen! Ervaar het comfort van deze jurk door zijn elasticiteit en bewegingsvrijheid, daarnaast is hij ook nog eens super stylish. Draag hem eventueel met onze Stay In Place Short om jouw tennisballen bij je te houden. Of draag hem casual, door de elegante hals, split aan de onderkant en mooi afgewerkte schouderbanden is dit jurkje ook hier ideaal voor!\",\"breadcrumb\":{\"@id\":\"https:\/\/fittwear.nl\/product\/athletic-sports-dress-black\/#breadcrumb\"},\"inLanguage\":\"de\",\"potentialAction\":[{\"@type\":\"ReadAction\",\"target\":[\"https:\/\/fittwear.nl\/product\/athletic-sports-dress-black\/\"]}]},{\"@type\":\"ImageObject\",\"inLanguage\":\"de\",\"@id\":\"https:\/\/fittwear.nl\/product\/athletic-sports-dress-black\/#primaryimage\",\"url\":\"https:\/\/fittwear.nl\/wp-content\/uploads\/2023\/11\/jurkje-zwart_Fullbody_jpg_2.jpg\",\"contentUrl\":\"https:\/\/fittwear.nl\/wp-content\/uploads\/2023\/11\/jurkje-zwart_Fullbody_jpg_2.jpg\",\"width\":1200,\"height\":1800},{\"@type\":\"BreadcrumbList\",\"@id\":\"https:\/\/fittwear.nl\/product\/athletic-sports-dress-black\/#breadcrumb\",\"itemListElement\":[{\"@type\":\"ListItem\",\"position\":1,\"name\":\"Home\",\"item\":\"https:\/\/fittwear.nl\/\"},{\"@type\":\"ListItem\",\"position\":2,\"name\":\"Shop\",\"item\":\"https:\/\/fittwear.nl\/shop\/\"},{\"@type\":\"ListItem\",\"position\":3,\"name\":\"Athletic Sports Dress Black\"}]},{\"@type\":\"WebSite\",\"@id\":\"https:\/\/fittwear.nl\/#website\",\"url\":\"https:\/\/fittwear.nl\/\",\"name\":\"FITTwear.nl\",\"description\":\"Time to shine!\",\"publisher\":{\"@id\":\"https:\/\/fittwear.nl\/#organization\"},\"potentialAction\":[{\"@type\":\"SearchAction\",\"target\":{\"@type\":\"EntryPoint\",\"urlTemplate\":\"https:\/\/fittwear.nl\/?s={search_term_string}\"},\"query-input\":{\"@type\":\"PropertyValueSpecification\",\"valueRequired\":true,\"valueName\":\"search_term_string\"}}],\"inLanguage\":\"de\"},{\"@type\":\"Organization\",\"@id\":\"https:\/\/fittwear.nl\/#organization\",\"name\":\"FITTwear.nl\",\"url\":\"https:\/\/fittwear.nl\/\",\"logo\":{\"@type\":\"ImageObject\",\"inLanguage\":\"de\",\"@id\":\"https:\/\/fittwear.nl\/#\/schema\/logo\/image\/\",\"url\":\"https:\/\/fittwear.nl\/wp-content\/uploads\/2024\/07\/FITT-Logo-BeYOUtiful-website-homepage_Tekengebied-1-scaled.jpg\",\"contentUrl\":\"https:\/\/fittwear.nl\/wp-content\/uploads\/2024\/07\/FITT-Logo-BeYOUtiful-website-homepage_Tekengebied-1-scaled.jpg\",\"width\":2560,\"height\":599,\"caption\":\"FITTwear.nl\"},\"image\":{\"@id\":\"https:\/\/fittwear.nl\/#\/schema\/logo\/image\/\"}}]}<\/script>\n<!-- \/ Yoast SEO plugin. -->","yoast_head_json":{"title":"Athletic Sports Dress Schwarz - FITTwear.de","description":"Sind Sie ein echter Padel- oder Tennisfan? Dann ist dieses Kleidungsst\u00fcck ein Muss in Ihrem Kleiderschrank, um auf dem Platz trendy zu sein! Erleben Sie den Komfort dieses Kleides aufgrund seiner Elastizit\u00e4t und Bewegungsfreiheit, abgesehen davon, dass es super stylisch ist. Tragen Sie es m\u00f6glicherweise mit unserer Stay In Place Short, um Ihre Tennisb\u00e4lle bei sich zu behalten. Oder tragen Sie es leger, der elegante Ausschnitt, der Schlitz unten und die sch\u00f6n gearbeiteten Schultertr\u00e4ger machen dieses Kleid auch daf\u00fcr ideal!","robots":{"index":"index","follow":"follow","max-snippet":"max-snippet:-1","max-image-preview":"max-image-preview:large","max-video-preview":"max-video-preview:-1"},"canonical":"https:\/\/fittwear.nl\/de\/produkt-2\/athletisches-sportkleid-schwarz\/","og_locale":"de_DE","og_type":"article","og_title":"Athletic Sports Dress Black - FITTwear.nl","og_description":"Ben jij een echte padel of tennisfan? Dan is dit item de musthave in jouw garderobe om trendy op de baan te lopen! Ervaar het comfort van deze jurk door zijn elasticiteit en bewegingsvrijheid, daarnaast is hij ook nog eens super stylish. Draag hem eventueel met onze Stay In Place Short om jouw tennisballen bij je te houden. Of draag hem casual, door de elegante hals, split aan de onderkant en mooi afgewerkte schouderbanden is dit jurkje ook hier ideaal voor!","og_url":"https:\/\/fittwear.nl\/de\/produkt-2\/athletisches-sportkleid-schwarz\/","og_site_name":"FITTwear.nl","article_modified_time":"2026-05-07T02:30:53+00:00","og_image":[{"width":1200,"height":1800,"url":"https:\/\/fittwear.nl\/wp-content\/uploads\/2023\/11\/jurkje-zwart_Fullbody_jpg_2.jpg","type":"image\/jpeg"}],"twitter_card":"summary_large_image","twitter_misc":{"Gesch\u00e4tzte Lesezeit":"1\u00a0Minute"},"schema":{"@context":"https:\/\/schema.org","@graph":[{"@type":"WebPage","@id":"https:\/\/fittwear.nl\/product\/athletic-sports-dress-black\/","url":"https:\/\/fittwear.nl\/product\/athletic-sports-dress-black\/","name":"Athletic Sports Dress Schwarz - FITTwear.de","isPartOf":{"@id":"https:\/\/fittwear.nl\/#website"},"primaryImageOfPage":{"@id":"https:\/\/fittwear.nl\/product\/athletic-sports-dress-black\/#primaryimage"},"image":{"@id":"https:\/\/fittwear.nl\/product\/athletic-sports-dress-black\/#primaryimage"},"thumbnailUrl":"https:\/\/fittwear.nl\/wp-content\/uploads\/2023\/11\/jurkje-zwart_Fullbody_jpg_2.jpg","datePublished":"2023-11-09T08:31:47+00:00","dateModified":"2026-05-07T02:30:53+00:00","description":"Sind Sie ein echter Padel- oder Tennisfan? Dann ist dieses Kleidungsst\u00fcck ein Muss in Ihrem Kleiderschrank, um auf dem Platz trendy zu sein! Erleben Sie den Komfort dieses Kleides aufgrund seiner Elastizit\u00e4t und Bewegungsfreiheit, abgesehen davon, dass es super stylisch ist. Tragen Sie es m\u00f6glicherweise mit unserer Stay In Place Short, um Ihre Tennisb\u00e4lle bei sich zu behalten. Oder tragen Sie es leger, der elegante Ausschnitt, der Schlitz unten und die sch\u00f6n gearbeiteten Schultertr\u00e4ger machen dieses Kleid auch daf\u00fcr ideal!","breadcrumb":{"@id":"https:\/\/fittwear.nl\/product\/athletic-sports-dress-black\/#breadcrumb"},"inLanguage":"de","potentialAction":[{"@type":"ReadAction","target":["https:\/\/fittwear.nl\/product\/athletic-sports-dress-black\/"]}]},{"@type":"ImageObject","inLanguage":"de","@id":"https:\/\/fittwear.nl\/product\/athletic-sports-dress-black\/#primaryimage","url":"https:\/\/fittwear.nl\/wp-content\/uploads\/2023\/11\/jurkje-zwart_Fullbody_jpg_2.jpg","contentUrl":"https:\/\/fittwear.nl\/wp-content\/uploads\/2023\/11\/jurkje-zwart_Fullbody_jpg_2.jpg","width":1200,"height":1800},{"@type":"BreadcrumbList","@id":"https:\/\/fittwear.nl\/product\/athletic-sports-dress-black\/#breadcrumb","itemListElement":[{"@type":"ListItem","position":1,"name":"Home","item":"https:\/\/fittwear.nl\/"},{"@type":"ListItem","position":2,"name":"Shop","item":"https:\/\/fittwear.nl\/shop\/"},{"@type":"ListItem","position":3,"name":"Athletic Sports Dress Black"}]},{"@type":"WebSite","@id":"https:\/\/fittwear.nl\/#website","url":"https:\/\/fittwear.nl\/","name":"FITTwear.co.uk","description":"Zeit zu gl\u00e4nzen!","publisher":{"@id":"https:\/\/fittwear.nl\/#organization"},"potentialAction":[{"@type":"SearchAction","target":{"@type":"EntryPoint","urlTemplate":"https:\/\/fittwear.nl\/?s={search_term_string}"},"query-input":{"@type":"PropertyValueSpecification","valueRequired":true,"valueName":"search_term_string"}}],"inLanguage":"de"},{"@type":"Organization","@id":"https:\/\/fittwear.nl\/#organization","name":"FITTwear.co.uk","url":"https:\/\/fittwear.nl\/","logo":{"@type":"ImageObject","inLanguage":"de","@id":"https:\/\/fittwear.nl\/#\/schema\/logo\/image\/","url":"https:\/\/fittwear.nl\/wp-content\/uploads\/2024\/07\/FITT-Logo-BeYOUtiful-website-homepage_Tekengebied-1-scaled.jpg","contentUrl":"https:\/\/fittwear.nl\/wp-content\/uploads\/2024\/07\/FITT-Logo-BeYOUtiful-website-homepage_Tekengebied-1-scaled.jpg","width":2560,"height":599,"caption":"FITTwear.nl"},"image":{"@id":"https:\/\/fittwear.nl\/#\/schema\/logo\/image\/"}}]}},"_links":{"self":[{"href":"https:\/\/fittwear.nl\/de\/wp-json\/wp\/v2\/product\/77586","targetHints":{"allow":["GET"]}}],"collection":[{"href":"https:\/\/fittwear.nl\/de\/wp-json\/wp\/v2\/product"}],"about":[{"href":"https:\/\/fittwear.nl\/de\/wp-json\/wp\/v2\/types\/product"}],"wp:featuredmedia":[{"embeddable":true,"href":"https:\/\/fittwear.nl\/de\/wp-json\/wp\/v2\/media\/78448"}],"wp:attachment":[{"href":"https:\/\/fittwear.nl\/de\/wp-json\/wp\/v2\/media?parent=77586"}],"wp:term":[{"taxonomy":"product_brand","embeddable":true,"href":"https:\/\/fittwear.nl\/de\/wp-json\/wp\/v2\/product_brand?post=77586"},{"taxonomy":"product_cat","embeddable":true,"href":"https:\/\/fittwear.nl\/de\/wp-json\/wp\/v2\/product_cat?post=77586"},{"taxonomy":"product_tag","embeddable":true,"href":"https:\/\/fittwear.nl\/de\/wp-json\/wp\/v2\/product_tag?post=77586"}],"curies":[{"name":"wp","href":"https:\/\/api.w.org\/{rel}","templated":true}]}}