{"id":82521,"date":"2024-01-10T13:13:45","date_gmt":"2024-01-10T12:13:45","guid":{"rendered":"https:\/\/fittwear.nl\/?post_type=product&#038;p=82521"},"modified":"2026-04-17T01:17:43","modified_gmt":"2026-04-16T23:17:43","slug":"fitt-glas-trinkflasche-x-bambusverschluss","status":"publish","type":"product","link":"https:\/\/fittwear.nl\/de\/product\/fitt-glazen-drinkfles-x-bamboo-dop\/","title":{"rendered":"FITT Glas-Trinkflasche X Bambusdeckel"},"content":{"rendered":"<p>- Glasflasche mit Bambus<\/p>\n\n\n\n<p>- Feuchtigkeitspflege mit Stil<\/p>\n\n\n\n<p>- Kein Mikroplastik<\/p>\n\n\n\n<p>- Keine Geruchs- oder Geschmacksr\u00fcckst\u00e4nde und keine Verf\u00e4rbung<\/p>","protected":false},"excerpt":{"rendered":"<p>Glas is duurzamer. De fles hoeft minder snel vervangen te worden, omdat er geen beschadigingen in komen waar vuil of bacteri\u00ebn zich kunnen ophopen zoals bij plastic. Een enorm voordeel van een glazen fles is dat deze langdurig gebruikt kan worden, er blijven geen geurtjes of smaakjes in hangen en de fles toont geen verkleuring. Keep hydrating wordt met deze stijlvolle fles van FITT met bamboo dop alleen maar leuker en gezonder! Zonder gezondheidsrisicovolle microplastics. Glas is goed te recyclen, in tegenstelling tot plastic. We scheiden veel plastic in Nederland. Een groot deel hiervan kan echter niet worden gerecycled en belandt vervolgens alsnog op de vuilstort of in de oceaan.<\/p>","protected":false},"featured_media":82574,"template":"","meta":{"_acf_changed":false},"product_brand":[],"product_cat":[4797,4791,4796,4798,4814,4802,4812,4794,4793,4800,4799,4792,4795,27,115,113,63,64,66,65],"product_tag":[],"class_list":{"0":"post-82521","1":"product","2":"type-product","3":"status-publish","4":"has-post-thumbnail","6":"product_cat-blue-waves","7":"product_cat-city-vibes","8":"product_cat-cute-in-neutrals","9":"product_cat-fade-away-collection","10":"product_cat-fitness","11":"product_cat-fitt-original","12":"product_cat-forever-favorites-categorie","13":"product_cat-mindful-movement","14":"product_cat-power-prints","15":"product_cat-running-collection","16":"product_cat-structures","17":"product_cat-sustainable-collection","18":"product_cat-teddy-season","19":"product_cat-dames","20":"product_cat-accessoires","21":"product_cat-duurzaam","22":"product_cat-curves","23":"product_cat-hardloopkleding","24":"product_cat-loungewear","25":"product_cat-yogakleding","27":"first","28":"outofstock","29":"taxable","30":"shipping-taxable","31":"product-type-variable","32":"has-default-attributes"},"acf":[],"yoast_head":"<!-- This site is optimized with the Yoast SEO plugin v27.1.1 - https:\/\/yoast.com\/product\/yoast-seo-wordpress\/ -->\n<title>FITT Glazen Drinkfles X Bamboo Dop - FITTwear.nl<\/title>\n<meta name=\"description\" content=\"Glas is duurzamer. De fles hoeft minder snel vervangen te worden, omdat er geen beschadigingen in komen waar vuil of bacteri\u00ebn zich kunnen ophopen zoals bij plastic. Een enorm voordeel van een glazen fles is dat deze langdurig gebruikt kan worden, er blijven geen geurtjes of smaakjes in hangen en de fles toont geen verkleuring. Keep hydrating wordt met deze stijlvolle fles van FITT met bamboo dop alleen maar leuker en gezonder! Zonder gezondheidsrisicovolle microplastics. Glas is goed te recyclen, in tegenstelling tot plastic. We scheiden veel plastic in Nederland. Een groot deel hiervan kan echter niet worden gerecycled en belandt vervolgens alsnog op de vuilstort of in de oceaan.\" \/>\n<meta name=\"robots\" content=\"index, follow, max-snippet:-1, max-image-preview:large, max-video-preview:-1\" \/>\n<link rel=\"canonical\" href=\"https:\/\/fittwear.nl\/de\/produkt-2\/fitt-glas-trinkflasche-x-bambusverschluss\/\" \/>\n<meta property=\"og:locale\" content=\"de_DE\" \/>\n<meta property=\"og:type\" content=\"article\" \/>\n<meta property=\"og:title\" content=\"FITT Glazen Drinkfles X Bamboo Dop - FITTwear.nl\" \/>\n<meta property=\"og:description\" content=\"Glas is duurzamer. De fles hoeft minder snel vervangen te worden, omdat er geen beschadigingen in komen waar vuil of bacteri\u00ebn zich kunnen ophopen zoals bij plastic. Een enorm voordeel van een glazen fles is dat deze langdurig gebruikt kan worden, er blijven geen geurtjes of smaakjes in hangen en de fles toont geen verkleuring. Keep hydrating wordt met deze stijlvolle fles van FITT met bamboo dop alleen maar leuker en gezonder! Zonder gezondheidsrisicovolle microplastics. Glas is goed te recyclen, in tegenstelling tot plastic. We scheiden veel plastic in Nederland. Een groot deel hiervan kan echter niet worden gerecycled en belandt vervolgens alsnog op de vuilstort of in de oceaan.\" \/>\n<meta property=\"og:url\" content=\"https:\/\/fittwear.nl\/de\/produkt-2\/fitt-glas-trinkflasche-x-bambusverschluss\/\" \/>\n<meta property=\"og:site_name\" content=\"FITTwear.nl\" \/>\n<meta property=\"article:modified_time\" content=\"2026-04-16T23:17:43+00:00\" \/>\n<meta property=\"og:image\" content=\"https:\/\/fittwear.nl\/wp-content\/uploads\/2023\/12\/Flesje-bewerkt-site-scaled.jpg\" \/>\n\t<meta property=\"og:image:width\" content=\"1707\" \/>\n\t<meta property=\"og:image:height\" content=\"2560\" \/>\n\t<meta property=\"og:image:type\" content=\"image\/jpeg\" \/>\n<meta name=\"twitter:card\" content=\"summary_large_image\" \/>\n<meta name=\"twitter:label1\" content=\"Gesch\u00e4tzte Lesezeit\" \/>\n\t<meta name=\"twitter:data1\" content=\"1\u00a0Minute\" \/>\n<script type=\"application\/ld+json\" class=\"yoast-schema-graph\">{\"@context\":\"https:\/\/schema.org\",\"@graph\":[{\"@type\":\"WebPage\",\"@id\":\"https:\/\/fittwear.nl\/product\/fitt-glazen-drinkfles-x-bamboo-dop\/\",\"url\":\"https:\/\/fittwear.nl\/product\/fitt-glazen-drinkfles-x-bamboo-dop\/\",\"name\":\"FITT Glazen Drinkfles X Bamboo Dop - FITTwear.nl\",\"isPartOf\":{\"@id\":\"https:\/\/fittwear.nl\/#website\"},\"primaryImageOfPage\":{\"@id\":\"https:\/\/fittwear.nl\/product\/fitt-glazen-drinkfles-x-bamboo-dop\/#primaryimage\"},\"image\":{\"@id\":\"https:\/\/fittwear.nl\/product\/fitt-glazen-drinkfles-x-bamboo-dop\/#primaryimage\"},\"thumbnailUrl\":\"https:\/\/fittwear.nl\/wp-content\/uploads\/2023\/12\/Flesje-bewerkt-site-scaled.jpg\",\"datePublished\":\"2024-01-10T12:13:45+00:00\",\"dateModified\":\"2026-04-16T23:17:43+00:00\",\"description\":\"Glas is duurzamer. De fles hoeft minder snel vervangen te worden, omdat er geen beschadigingen in komen waar vuil of bacteri\u00ebn zich kunnen ophopen zoals bij plastic. Een enorm voordeel van een glazen fles is dat deze langdurig gebruikt kan worden, er blijven geen geurtjes of smaakjes in hangen en de fles toont geen verkleuring. Keep hydrating wordt met deze stijlvolle fles van FITT met bamboo dop alleen maar leuker en gezonder! Zonder gezondheidsrisicovolle microplastics. Glas is goed te recyclen, in tegenstelling tot plastic. We scheiden veel plastic in Nederland. Een groot deel hiervan kan echter niet worden gerecycled en belandt vervolgens alsnog op de vuilstort of in de oceaan.\",\"breadcrumb\":{\"@id\":\"https:\/\/fittwear.nl\/product\/fitt-glazen-drinkfles-x-bamboo-dop\/#breadcrumb\"},\"inLanguage\":\"de\",\"potentialAction\":[{\"@type\":\"ReadAction\",\"target\":[\"https:\/\/fittwear.nl\/product\/fitt-glazen-drinkfles-x-bamboo-dop\/\"]}]},{\"@type\":\"ImageObject\",\"inLanguage\":\"de\",\"@id\":\"https:\/\/fittwear.nl\/product\/fitt-glazen-drinkfles-x-bamboo-dop\/#primaryimage\",\"url\":\"https:\/\/fittwear.nl\/wp-content\/uploads\/2023\/12\/Flesje-bewerkt-site-scaled.jpg\",\"contentUrl\":\"https:\/\/fittwear.nl\/wp-content\/uploads\/2023\/12\/Flesje-bewerkt-site-scaled.jpg\",\"width\":1707,\"height\":2560},{\"@type\":\"BreadcrumbList\",\"@id\":\"https:\/\/fittwear.nl\/product\/fitt-glazen-drinkfles-x-bamboo-dop\/#breadcrumb\",\"itemListElement\":[{\"@type\":\"ListItem\",\"position\":1,\"name\":\"Home\",\"item\":\"https:\/\/fittwear.nl\/\"},{\"@type\":\"ListItem\",\"position\":2,\"name\":\"Shop\",\"item\":\"https:\/\/fittwear.nl\/shop\/\"},{\"@type\":\"ListItem\",\"position\":3,\"name\":\"FITT Glazen Drinkfles X Bamboo Dop\"}]},{\"@type\":\"WebSite\",\"@id\":\"https:\/\/fittwear.nl\/#website\",\"url\":\"https:\/\/fittwear.nl\/\",\"name\":\"FITTwear.nl\",\"description\":\"Time to shine!\",\"publisher\":{\"@id\":\"https:\/\/fittwear.nl\/#organization\"},\"potentialAction\":[{\"@type\":\"SearchAction\",\"target\":{\"@type\":\"EntryPoint\",\"urlTemplate\":\"https:\/\/fittwear.nl\/?s={search_term_string}\"},\"query-input\":{\"@type\":\"PropertyValueSpecification\",\"valueRequired\":true,\"valueName\":\"search_term_string\"}}],\"inLanguage\":\"de\"},{\"@type\":\"Organization\",\"@id\":\"https:\/\/fittwear.nl\/#organization\",\"name\":\"FITTwear.nl\",\"url\":\"https:\/\/fittwear.nl\/\",\"logo\":{\"@type\":\"ImageObject\",\"inLanguage\":\"de\",\"@id\":\"https:\/\/fittwear.nl\/#\/schema\/logo\/image\/\",\"url\":\"https:\/\/fittwear.nl\/wp-content\/uploads\/2024\/07\/FITT-Logo-BeYOUtiful-website-homepage_Tekengebied-1-scaled.jpg\",\"contentUrl\":\"https:\/\/fittwear.nl\/wp-content\/uploads\/2024\/07\/FITT-Logo-BeYOUtiful-website-homepage_Tekengebied-1-scaled.jpg\",\"width\":2560,\"height\":599,\"caption\":\"FITTwear.nl\"},\"image\":{\"@id\":\"https:\/\/fittwear.nl\/#\/schema\/logo\/image\/\"}}]}<\/script>\n<!-- \/ Yoast SEO plugin. -->","yoast_head_json":{"title":"FITT Glas-Getr\u00e4nkeflasche X Bamboo Cap - FITTwear.de","description":"Glas is duurzamer. De fles hoeft minder snel vervangen te worden, omdat er geen beschadigingen in komen waar vuil of bacteri\u00ebn zich kunnen ophopen zoals bij plastic. Een enorm voordeel van een glazen fles is dat deze langdurig gebruikt kan worden, er blijven geen geurtjes of smaakjes in hangen en de fles toont geen verkleuring. Keep hydrating wordt met deze stijlvolle fles van FITT met bamboo dop alleen maar leuker en gezonder! Zonder gezondheidsrisicovolle microplastics. Glas is goed te recyclen, in tegenstelling tot plastic. We scheiden veel plastic in Nederland. Een groot deel hiervan kan echter niet worden gerecycled en belandt vervolgens alsnog op de vuilstort of in de oceaan.","robots":{"index":"index","follow":"follow","max-snippet":"max-snippet:-1","max-image-preview":"max-image-preview:large","max-video-preview":"max-video-preview:-1"},"canonical":"https:\/\/fittwear.nl\/de\/produkt-2\/fitt-glas-trinkflasche-x-bambusverschluss\/","og_locale":"de_DE","og_type":"article","og_title":"FITT Glazen Drinkfles X Bamboo Dop - FITTwear.nl","og_description":"Glas is duurzamer. De fles hoeft minder snel vervangen te worden, omdat er geen beschadigingen in komen waar vuil of bacteri\u00ebn zich kunnen ophopen zoals bij plastic. Een enorm voordeel van een glazen fles is dat deze langdurig gebruikt kan worden, er blijven geen geurtjes of smaakjes in hangen en de fles toont geen verkleuring. Keep hydrating wordt met deze stijlvolle fles van FITT met bamboo dop alleen maar leuker en gezonder! Zonder gezondheidsrisicovolle microplastics. Glas is goed te recyclen, in tegenstelling tot plastic. We scheiden veel plastic in Nederland. Een groot deel hiervan kan echter niet worden gerecycled en belandt vervolgens alsnog op de vuilstort of in de oceaan.","og_url":"https:\/\/fittwear.nl\/de\/produkt-2\/fitt-glas-trinkflasche-x-bambusverschluss\/","og_site_name":"FITTwear.nl","article_modified_time":"2026-04-16T23:17:43+00:00","og_image":[{"width":1707,"height":2560,"url":"https:\/\/fittwear.nl\/wp-content\/uploads\/2023\/12\/Flesje-bewerkt-site-scaled.jpg","type":"image\/jpeg"}],"twitter_card":"summary_large_image","twitter_misc":{"Gesch\u00e4tzte Lesezeit":"1\u00a0Minute"},"schema":{"@context":"https:\/\/schema.org","@graph":[{"@type":"WebPage","@id":"https:\/\/fittwear.nl\/product\/fitt-glazen-drinkfles-x-bamboo-dop\/","url":"https:\/\/fittwear.nl\/product\/fitt-glazen-drinkfles-x-bamboo-dop\/","name":"FITT Glas-Getr\u00e4nkeflasche X Bamboo Cap - FITTwear.de","isPartOf":{"@id":"https:\/\/fittwear.nl\/#website"},"primaryImageOfPage":{"@id":"https:\/\/fittwear.nl\/product\/fitt-glazen-drinkfles-x-bamboo-dop\/#primaryimage"},"image":{"@id":"https:\/\/fittwear.nl\/product\/fitt-glazen-drinkfles-x-bamboo-dop\/#primaryimage"},"thumbnailUrl":"https:\/\/fittwear.nl\/wp-content\/uploads\/2023\/12\/Flesje-bewerkt-site-scaled.jpg","datePublished":"2024-01-10T12:13:45+00:00","dateModified":"2026-04-16T23:17:43+00:00","description":"Glas is duurzamer. De fles hoeft minder snel vervangen te worden, omdat er geen beschadigingen in komen waar vuil of bacteri\u00ebn zich kunnen ophopen zoals bij plastic. Een enorm voordeel van een glazen fles is dat deze langdurig gebruikt kan worden, er blijven geen geurtjes of smaakjes in hangen en de fles toont geen verkleuring. Keep hydrating wordt met deze stijlvolle fles van FITT met bamboo dop alleen maar leuker en gezonder! Zonder gezondheidsrisicovolle microplastics. Glas is goed te recyclen, in tegenstelling tot plastic. We scheiden veel plastic in Nederland. Een groot deel hiervan kan echter niet worden gerecycled en belandt vervolgens alsnog op de vuilstort of in de oceaan.","breadcrumb":{"@id":"https:\/\/fittwear.nl\/product\/fitt-glazen-drinkfles-x-bamboo-dop\/#breadcrumb"},"inLanguage":"de","potentialAction":[{"@type":"ReadAction","target":["https:\/\/fittwear.nl\/product\/fitt-glazen-drinkfles-x-bamboo-dop\/"]}]},{"@type":"ImageObject","inLanguage":"de","@id":"https:\/\/fittwear.nl\/product\/fitt-glazen-drinkfles-x-bamboo-dop\/#primaryimage","url":"https:\/\/fittwear.nl\/wp-content\/uploads\/2023\/12\/Flesje-bewerkt-site-scaled.jpg","contentUrl":"https:\/\/fittwear.nl\/wp-content\/uploads\/2023\/12\/Flesje-bewerkt-site-scaled.jpg","width":1707,"height":2560},{"@type":"BreadcrumbList","@id":"https:\/\/fittwear.nl\/product\/fitt-glazen-drinkfles-x-bamboo-dop\/#breadcrumb","itemListElement":[{"@type":"ListItem","position":1,"name":"Home","item":"https:\/\/fittwear.nl\/"},{"@type":"ListItem","position":2,"name":"Shop","item":"https:\/\/fittwear.nl\/shop\/"},{"@type":"ListItem","position":3,"name":"FITT Glazen Drinkfles X Bamboo Dop"}]},{"@type":"WebSite","@id":"https:\/\/fittwear.nl\/#website","url":"https:\/\/fittwear.nl\/","name":"FITTwear.co.uk","description":"Zeit zu gl\u00e4nzen!","publisher":{"@id":"https:\/\/fittwear.nl\/#organization"},"potentialAction":[{"@type":"SearchAction","target":{"@type":"EntryPoint","urlTemplate":"https:\/\/fittwear.nl\/?s={search_term_string}"},"query-input":{"@type":"PropertyValueSpecification","valueRequired":true,"valueName":"search_term_string"}}],"inLanguage":"de"},{"@type":"Organization","@id":"https:\/\/fittwear.nl\/#organization","name":"FITTwear.co.uk","url":"https:\/\/fittwear.nl\/","logo":{"@type":"ImageObject","inLanguage":"de","@id":"https:\/\/fittwear.nl\/#\/schema\/logo\/image\/","url":"https:\/\/fittwear.nl\/wp-content\/uploads\/2024\/07\/FITT-Logo-BeYOUtiful-website-homepage_Tekengebied-1-scaled.jpg","contentUrl":"https:\/\/fittwear.nl\/wp-content\/uploads\/2024\/07\/FITT-Logo-BeYOUtiful-website-homepage_Tekengebied-1-scaled.jpg","width":2560,"height":599,"caption":"FITTwear.nl"},"image":{"@id":"https:\/\/fittwear.nl\/#\/schema\/logo\/image\/"}}]}},"_links":{"self":[{"href":"https:\/\/fittwear.nl\/de\/wp-json\/wp\/v2\/product\/82521","targetHints":{"allow":["GET"]}}],"collection":[{"href":"https:\/\/fittwear.nl\/de\/wp-json\/wp\/v2\/product"}],"about":[{"href":"https:\/\/fittwear.nl\/de\/wp-json\/wp\/v2\/types\/product"}],"wp:featuredmedia":[{"embeddable":true,"href":"https:\/\/fittwear.nl\/de\/wp-json\/wp\/v2\/media\/82574"}],"wp:attachment":[{"href":"https:\/\/fittwear.nl\/de\/wp-json\/wp\/v2\/media?parent=82521"}],"wp:term":[{"taxonomy":"product_brand","embeddable":true,"href":"https:\/\/fittwear.nl\/de\/wp-json\/wp\/v2\/product_brand?post=82521"},{"taxonomy":"product_cat","embeddable":true,"href":"https:\/\/fittwear.nl\/de\/wp-json\/wp\/v2\/product_cat?post=82521"},{"taxonomy":"product_tag","embeddable":true,"href":"https:\/\/fittwear.nl\/de\/wp-json\/wp\/v2\/product_tag?post=82521"}],"curies":[{"name":"wp","href":"https:\/\/api.w.org\/{rel}","templated":true}]}}