{"id":85535,"date":"2024-02-07T11:12:13","date_gmt":"2024-02-07T10:12:13","guid":{"rendered":"https:\/\/fittwear.nl\/?post_type=product&#038;p=85535"},"modified":"2026-04-17T01:17:01","modified_gmt":"2026-04-16T23:17:01","slug":"v-form-baggy-jogger-grau","status":"publish","type":"product","link":"https:\/\/fittwear.nl\/de\/product\/v-shape-baggy-jogger-grey\/","title":{"rendered":"V-Shape Baggy Jogger Grau"},"content":{"rendered":"<p>- V-f\u00f6rmig an der Vorderseite<\/p>\n\n\n\n<p>- Dehnbarer Bund und an den Kn\u00f6cheln<\/p>\n\n\n\n<p>- Innen warm gepolstert<\/p>\n\n\n\n<p>- 2 Seitentaschen<\/p>\n\n\n\n<p>- Gedrucktes Logo auf dem Bein<\/p>\n\n\n\n<p>- Farbe: Grau<\/p>\n\n\n\n<p>- Waschbar bis zu 30\u00b0<\/p>\n\n\n\n<p> - Von innen nach au\u00dfen waschen!<\/p>\n\n\n\n<p>- 35% Baumwolle, 65% Polyester<\/p>\n\n\n\n<p>- Model ist 1,77 und tr\u00e4gt Gr\u00f6\u00dfe S<\/p>\n\n\n\n<p><\/p>","protected":false},"excerpt":{"rendered":"<p>Entdecken Sie die Kombination aus Komfort und Stil mit unserem V-f\u00f6rmigen Baggy Jogger, dem Artikel f\u00fcr Ihre Entspannungsmomente oder Ihre aktiven Sessions. Dieser trendige Jogger wurde mit dem Gedanken an Ihren Komfort entworfen, mit einer Baggy-Passform, die sich m\u00fchelos mit Ihnen bewegt, wenn Sie sich auf dem Sofa entspannen oder w\u00e4hrend Ihrer aktiven Sitzungen. Erleben Sie den Komfort, den Stil und die Vielseitigkeit dieses unverzichtbaren Artikels in Ihrem Kleiderschrank.  Ob Sie Ihre Muskeln auf dem Weg ins Fitnessstudio warm halten oder auf der Couch entspannen, der Baggy Jogger in V-Form garantiert Komfort und Stil und l\u00e4sst sich leicht mit Ihren Lieblingsteilen kombinieren! <strong>Bitte beachten Sie! Dieses Produkt muss auf links gewaschen werden und es betrifft nur den Jogger, nicht die Shorts (farbiges Band), die Sie auf dem Bild sehen<\/strong><\/p>","protected":false},"featured_media":86441,"template":"","meta":{"_acf_changed":false},"product_brand":[],"product_cat":[27,4814,4802,66,53],"product_tag":[],"class_list":{"0":"post-85535","1":"product","2":"type-product","3":"status-publish","4":"has-post-thumbnail","6":"product_cat-dames","7":"product_cat-fitness","8":"product_cat-fitt-original","9":"product_cat-loungewear","10":"product_cat-sweatpants","12":"first","13":"instock","14":"taxable","15":"shipping-taxable","16":"purchasable","17":"product-type-variable","18":"has-default-attributes"},"acf":[],"yoast_head":"<!-- This site is optimized with the Yoast SEO plugin v27.1.1 - https:\/\/yoast.com\/product\/yoast-seo-wordpress\/ -->\n<title>V-Shape Baggy Jogger Grey - FITTwear.nl<\/title>\n<meta name=\"description\" content=\"Ontdek de combinatie van comfort en stijl met onze V-shape Baggy Jogger, h\u00e9t item voor jouw ontspanningsmomenten of actieve sessies. Deze trendy jogger is ontworpen met jouw comfort in gedachten, met een baggy fit die moeiteloos met je beweegt wanneer je op de bank aan het relaxen bent of tijdens jouw actieve sessies. Beleef het comfort, de stijl en de veelzijdigheid van dit onmisbare item in jouw garderobe. \u00a0Of je nu je spieren warm houdt op weg naar de sportschool of ontspant op de bank, de V-shape Baggy Jogger staat garant voor comfort en stijl en is makkelijk te combineren met jouw favoriete items! Let op! Dit product moet binnenste buiten gewassen worden en het betreft enkel de jogger, niet de short (gekleurde band) die je op de foto ziet\" \/>\n<meta name=\"robots\" content=\"index, follow, max-snippet:-1, max-image-preview:large, max-video-preview:-1\" \/>\n<link rel=\"canonical\" href=\"https:\/\/fittwear.nl\/de\/produkt-2\/v-form-baggy-jogger-grau\/\" \/>\n<meta property=\"og:locale\" content=\"de_DE\" \/>\n<meta property=\"og:type\" content=\"article\" \/>\n<meta property=\"og:title\" content=\"V-Shape Baggy Jogger Grey - FITTwear.nl\" \/>\n<meta property=\"og:description\" content=\"Ontdek de combinatie van comfort en stijl met onze V-shape Baggy Jogger, h\u00e9t item voor jouw ontspanningsmomenten of actieve sessies. Deze trendy jogger is ontworpen met jouw comfort in gedachten, met een baggy fit die moeiteloos met je beweegt wanneer je op de bank aan het relaxen bent of tijdens jouw actieve sessies. Beleef het comfort, de stijl en de veelzijdigheid van dit onmisbare item in jouw garderobe. \u00a0Of je nu je spieren warm houdt op weg naar de sportschool of ontspant op de bank, de V-shape Baggy Jogger staat garant voor comfort en stijl en is makkelijk te combineren met jouw favoriete items! Let op! Dit product moet binnenste buiten gewassen worden en het betreft enkel de jogger, niet de short (gekleurde band) die je op de foto ziet\" \/>\n<meta property=\"og:url\" content=\"https:\/\/fittwear.nl\/de\/produkt-2\/v-form-baggy-jogger-grau\/\" \/>\n<meta property=\"og:site_name\" content=\"FITTwear.nl\" \/>\n<meta property=\"article:modified_time\" content=\"2026-04-16T23:17:01+00:00\" \/>\n<meta property=\"og:image\" content=\"https:\/\/fittwear.nl\/wp-content\/uploads\/2024\/02\/baggy-jogger-grijs_Voorkant-onder_jpg_2.jpg\" \/>\n\t<meta property=\"og:image:width\" content=\"1200\" \/>\n\t<meta property=\"og:image:height\" content=\"1800\" \/>\n\t<meta property=\"og:image:type\" content=\"image\/jpeg\" \/>\n<meta name=\"twitter:card\" content=\"summary_large_image\" \/>\n<meta name=\"twitter:label1\" content=\"Gesch\u00e4tzte Lesezeit\" \/>\n\t<meta name=\"twitter:data1\" content=\"1\u00a0Minute\" \/>\n<script type=\"application\/ld+json\" class=\"yoast-schema-graph\">{\"@context\":\"https:\/\/schema.org\",\"@graph\":[{\"@type\":\"WebPage\",\"@id\":\"https:\/\/fittwear.nl\/product\/v-shape-baggy-jogger-grey\/\",\"url\":\"https:\/\/fittwear.nl\/product\/v-shape-baggy-jogger-grey\/\",\"name\":\"V-Shape Baggy Jogger Grey - FITTwear.nl\",\"isPartOf\":{\"@id\":\"https:\/\/fittwear.nl\/#website\"},\"primaryImageOfPage\":{\"@id\":\"https:\/\/fittwear.nl\/product\/v-shape-baggy-jogger-grey\/#primaryimage\"},\"image\":{\"@id\":\"https:\/\/fittwear.nl\/product\/v-shape-baggy-jogger-grey\/#primaryimage\"},\"thumbnailUrl\":\"https:\/\/fittwear.nl\/wp-content\/uploads\/2024\/02\/baggy-jogger-grijs_Voorkant-onder_jpg_2.jpg\",\"datePublished\":\"2024-02-07T10:12:13+00:00\",\"dateModified\":\"2026-04-16T23:17:01+00:00\",\"description\":\"Ontdek de combinatie van comfort en stijl met onze V-shape Baggy Jogger, h\u00e9t item voor jouw ontspanningsmomenten of actieve sessies. Deze trendy jogger is ontworpen met jouw comfort in gedachten, met een baggy fit die moeiteloos met je beweegt wanneer je op de bank aan het relaxen bent of tijdens jouw actieve sessies. Beleef het comfort, de stijl en de veelzijdigheid van dit onmisbare item in jouw garderobe. \u00a0Of je nu je spieren warm houdt op weg naar de sportschool of ontspant op de bank, de V-shape Baggy Jogger staat garant voor comfort en stijl en is makkelijk te combineren met jouw favoriete items! Let op! Dit product moet binnenste buiten gewassen worden en het betreft enkel de jogger, niet de short (gekleurde band) die je op de foto ziet\",\"breadcrumb\":{\"@id\":\"https:\/\/fittwear.nl\/product\/v-shape-baggy-jogger-grey\/#breadcrumb\"},\"inLanguage\":\"de\",\"potentialAction\":[{\"@type\":\"ReadAction\",\"target\":[\"https:\/\/fittwear.nl\/product\/v-shape-baggy-jogger-grey\/\"]}]},{\"@type\":\"ImageObject\",\"inLanguage\":\"de\",\"@id\":\"https:\/\/fittwear.nl\/product\/v-shape-baggy-jogger-grey\/#primaryimage\",\"url\":\"https:\/\/fittwear.nl\/wp-content\/uploads\/2024\/02\/baggy-jogger-grijs_Voorkant-onder_jpg_2.jpg\",\"contentUrl\":\"https:\/\/fittwear.nl\/wp-content\/uploads\/2024\/02\/baggy-jogger-grijs_Voorkant-onder_jpg_2.jpg\",\"width\":1200,\"height\":1800},{\"@type\":\"BreadcrumbList\",\"@id\":\"https:\/\/fittwear.nl\/product\/v-shape-baggy-jogger-grey\/#breadcrumb\",\"itemListElement\":[{\"@type\":\"ListItem\",\"position\":1,\"name\":\"Home\",\"item\":\"https:\/\/fittwear.nl\/\"},{\"@type\":\"ListItem\",\"position\":2,\"name\":\"Shop\",\"item\":\"https:\/\/fittwear.nl\/shop\/\"},{\"@type\":\"ListItem\",\"position\":3,\"name\":\"V-Shape Baggy Jogger Grey\"}]},{\"@type\":\"WebSite\",\"@id\":\"https:\/\/fittwear.nl\/#website\",\"url\":\"https:\/\/fittwear.nl\/\",\"name\":\"FITTwear.nl\",\"description\":\"Time to shine!\",\"publisher\":{\"@id\":\"https:\/\/fittwear.nl\/#organization\"},\"potentialAction\":[{\"@type\":\"SearchAction\",\"target\":{\"@type\":\"EntryPoint\",\"urlTemplate\":\"https:\/\/fittwear.nl\/?s={search_term_string}\"},\"query-input\":{\"@type\":\"PropertyValueSpecification\",\"valueRequired\":true,\"valueName\":\"search_term_string\"}}],\"inLanguage\":\"de\"},{\"@type\":\"Organization\",\"@id\":\"https:\/\/fittwear.nl\/#organization\",\"name\":\"FITTwear.nl\",\"url\":\"https:\/\/fittwear.nl\/\",\"logo\":{\"@type\":\"ImageObject\",\"inLanguage\":\"de\",\"@id\":\"https:\/\/fittwear.nl\/#\/schema\/logo\/image\/\",\"url\":\"https:\/\/fittwear.nl\/wp-content\/uploads\/2024\/07\/FITT-Logo-BeYOUtiful-website-homepage_Tekengebied-1-scaled.jpg\",\"contentUrl\":\"https:\/\/fittwear.nl\/wp-content\/uploads\/2024\/07\/FITT-Logo-BeYOUtiful-website-homepage_Tekengebied-1-scaled.jpg\",\"width\":2560,\"height\":599,\"caption\":\"FITTwear.nl\"},\"image\":{\"@id\":\"https:\/\/fittwear.nl\/#\/schema\/logo\/image\/\"}}]}<\/script>\n<!-- \/ Yoast SEO plugin. -->","yoast_head_json":{"title":"V-Shape Baggy Jogger Grau - FITTwear.de","description":"Entdecken Sie die Kombination aus Komfort und Stil mit unserem V-f\u00f6rmigen Baggy Jogger, dem idealen Kleidungsst\u00fcck f\u00fcr entspannende Momente oder aktive Sessions. Dieser trendige Jogger wurde mit dem Gedanken an Ihren Komfort entworfen, mit einer Baggy-Passform, die sich m\u00fchelos mit Ihnen bewegt, wenn Sie sich auf dem Sofa entspannen oder w\u00e4hrend Ihrer aktiven Sitzungen. Erleben Sie den Komfort, den Stil und die Vielseitigkeit dieses unverzichtbaren Artikels in Ihrem Kleiderschrank.  Ob Sie Ihre Muskeln auf dem Weg ins Fitnessstudio warm halten oder auf der Couch entspannen, der Baggy Jogger in V-Form garantiert Komfort und Stil und l\u00e4sst sich leicht mit Ihren Lieblingsteilen kombinieren! Achtung! Dieses Produkt muss auf links gewaschen werden und betrifft nur den Jogger, nicht die Shorts (farbiges Band), die Sie auf dem Bild sehen","robots":{"index":"index","follow":"follow","max-snippet":"max-snippet:-1","max-image-preview":"max-image-preview:large","max-video-preview":"max-video-preview:-1"},"canonical":"https:\/\/fittwear.nl\/de\/produkt-2\/v-form-baggy-jogger-grau\/","og_locale":"de_DE","og_type":"article","og_title":"V-Shape Baggy Jogger Grey - FITTwear.nl","og_description":"Ontdek de combinatie van comfort en stijl met onze V-shape Baggy Jogger, h\u00e9t item voor jouw ontspanningsmomenten of actieve sessies. Deze trendy jogger is ontworpen met jouw comfort in gedachten, met een baggy fit die moeiteloos met je beweegt wanneer je op de bank aan het relaxen bent of tijdens jouw actieve sessies. Beleef het comfort, de stijl en de veelzijdigheid van dit onmisbare item in jouw garderobe. \u00a0Of je nu je spieren warm houdt op weg naar de sportschool of ontspant op de bank, de V-shape Baggy Jogger staat garant voor comfort en stijl en is makkelijk te combineren met jouw favoriete items! Let op! Dit product moet binnenste buiten gewassen worden en het betreft enkel de jogger, niet de short (gekleurde band) die je op de foto ziet","og_url":"https:\/\/fittwear.nl\/de\/produkt-2\/v-form-baggy-jogger-grau\/","og_site_name":"FITTwear.nl","article_modified_time":"2026-04-16T23:17:01+00:00","og_image":[{"width":1200,"height":1800,"url":"https:\/\/fittwear.nl\/wp-content\/uploads\/2024\/02\/baggy-jogger-grijs_Voorkant-onder_jpg_2.jpg","type":"image\/jpeg"}],"twitter_card":"summary_large_image","twitter_misc":{"Gesch\u00e4tzte Lesezeit":"1\u00a0Minute"},"schema":{"@context":"https:\/\/schema.org","@graph":[{"@type":"WebPage","@id":"https:\/\/fittwear.nl\/product\/v-shape-baggy-jogger-grey\/","url":"https:\/\/fittwear.nl\/product\/v-shape-baggy-jogger-grey\/","name":"V-Shape Baggy Jogger Grau - FITTwear.de","isPartOf":{"@id":"https:\/\/fittwear.nl\/#website"},"primaryImageOfPage":{"@id":"https:\/\/fittwear.nl\/product\/v-shape-baggy-jogger-grey\/#primaryimage"},"image":{"@id":"https:\/\/fittwear.nl\/product\/v-shape-baggy-jogger-grey\/#primaryimage"},"thumbnailUrl":"https:\/\/fittwear.nl\/wp-content\/uploads\/2024\/02\/baggy-jogger-grijs_Voorkant-onder_jpg_2.jpg","datePublished":"2024-02-07T10:12:13+00:00","dateModified":"2026-04-16T23:17:01+00:00","description":"Entdecken Sie die Kombination aus Komfort und Stil mit unserem V-f\u00f6rmigen Baggy Jogger, dem idealen Kleidungsst\u00fcck f\u00fcr entspannende Momente oder aktive Sessions. Dieser trendige Jogger wurde mit dem Gedanken an Ihren Komfort entworfen, mit einer Baggy-Passform, die sich m\u00fchelos mit Ihnen bewegt, wenn Sie sich auf dem Sofa entspannen oder w\u00e4hrend Ihrer aktiven Sitzungen. Erleben Sie den Komfort, den Stil und die Vielseitigkeit dieses unverzichtbaren Artikels in Ihrem Kleiderschrank.  Ob Sie Ihre Muskeln auf dem Weg ins Fitnessstudio warm halten oder auf der Couch entspannen, der Baggy Jogger in V-Form garantiert Komfort und Stil und l\u00e4sst sich leicht mit Ihren Lieblingsteilen kombinieren! Achtung! Dieses Produkt muss auf links gewaschen werden und betrifft nur den Jogger, nicht die Shorts (farbiges Band), die Sie auf dem Bild sehen","breadcrumb":{"@id":"https:\/\/fittwear.nl\/product\/v-shape-baggy-jogger-grey\/#breadcrumb"},"inLanguage":"de","potentialAction":[{"@type":"ReadAction","target":["https:\/\/fittwear.nl\/product\/v-shape-baggy-jogger-grey\/"]}]},{"@type":"ImageObject","inLanguage":"de","@id":"https:\/\/fittwear.nl\/product\/v-shape-baggy-jogger-grey\/#primaryimage","url":"https:\/\/fittwear.nl\/wp-content\/uploads\/2024\/02\/baggy-jogger-grijs_Voorkant-onder_jpg_2.jpg","contentUrl":"https:\/\/fittwear.nl\/wp-content\/uploads\/2024\/02\/baggy-jogger-grijs_Voorkant-onder_jpg_2.jpg","width":1200,"height":1800},{"@type":"BreadcrumbList","@id":"https:\/\/fittwear.nl\/product\/v-shape-baggy-jogger-grey\/#breadcrumb","itemListElement":[{"@type":"ListItem","position":1,"name":"Home","item":"https:\/\/fittwear.nl\/"},{"@type":"ListItem","position":2,"name":"Shop","item":"https:\/\/fittwear.nl\/shop\/"},{"@type":"ListItem","position":3,"name":"V-Shape Baggy Jogger Grey"}]},{"@type":"WebSite","@id":"https:\/\/fittwear.nl\/#website","url":"https:\/\/fittwear.nl\/","name":"FITTwear.co.uk","description":"Zeit zu gl\u00e4nzen!","publisher":{"@id":"https:\/\/fittwear.nl\/#organization"},"potentialAction":[{"@type":"SearchAction","target":{"@type":"EntryPoint","urlTemplate":"https:\/\/fittwear.nl\/?s={search_term_string}"},"query-input":{"@type":"PropertyValueSpecification","valueRequired":true,"valueName":"search_term_string"}}],"inLanguage":"de"},{"@type":"Organization","@id":"https:\/\/fittwear.nl\/#organization","name":"FITTwear.co.uk","url":"https:\/\/fittwear.nl\/","logo":{"@type":"ImageObject","inLanguage":"de","@id":"https:\/\/fittwear.nl\/#\/schema\/logo\/image\/","url":"https:\/\/fittwear.nl\/wp-content\/uploads\/2024\/07\/FITT-Logo-BeYOUtiful-website-homepage_Tekengebied-1-scaled.jpg","contentUrl":"https:\/\/fittwear.nl\/wp-content\/uploads\/2024\/07\/FITT-Logo-BeYOUtiful-website-homepage_Tekengebied-1-scaled.jpg","width":2560,"height":599,"caption":"FITTwear.nl"},"image":{"@id":"https:\/\/fittwear.nl\/#\/schema\/logo\/image\/"}}]}},"_links":{"self":[{"href":"https:\/\/fittwear.nl\/de\/wp-json\/wp\/v2\/product\/85535","targetHints":{"allow":["GET"]}}],"collection":[{"href":"https:\/\/fittwear.nl\/de\/wp-json\/wp\/v2\/product"}],"about":[{"href":"https:\/\/fittwear.nl\/de\/wp-json\/wp\/v2\/types\/product"}],"wp:featuredmedia":[{"embeddable":true,"href":"https:\/\/fittwear.nl\/de\/wp-json\/wp\/v2\/media\/86441"}],"wp:attachment":[{"href":"https:\/\/fittwear.nl\/de\/wp-json\/wp\/v2\/media?parent=85535"}],"wp:term":[{"taxonomy":"product_brand","embeddable":true,"href":"https:\/\/fittwear.nl\/de\/wp-json\/wp\/v2\/product_brand?post=85535"},{"taxonomy":"product_cat","embeddable":true,"href":"https:\/\/fittwear.nl\/de\/wp-json\/wp\/v2\/product_cat?post=85535"},{"taxonomy":"product_tag","embeddable":true,"href":"https:\/\/fittwear.nl\/de\/wp-json\/wp\/v2\/product_tag?post=85535"}],"curies":[{"name":"wp","href":"https:\/\/api.w.org\/{rel}","templated":true}]}}