{"id":88788,"date":"2024-04-04T12:34:04","date_gmt":"2024-04-04T10:34:04","guid":{"rendered":"https:\/\/fittwear.nl\/?post_type=product&#038;p=88788"},"modified":"2026-04-17T01:16:45","modified_gmt":"2026-04-16T23:16:45","slug":"jogginghose-mit-weitem-bein-schwarz","status":"publish","type":"product","link":"https:\/\/fittwear.nl\/de\/product\/wide-leg-jogger-black\/","title":{"rendered":"Jogger mit weitem Bein Schwarz"},"content":{"rendered":"<p>- Weicher Jogger-Stoff<\/p>\n\n\n\n<p>- Kordeln im Bund zum Heften<\/p>\n\n\n\n<p>- Hohe Taillenpassform<\/p>\n\n\n\n<p>- Tasche auf der R\u00fcckseite<\/p>\n\n\n\n<p>- Modell mit weitem Bein<\/p>\n\n\n\n<p>- Gedrucktes Logo auf der R\u00fcckseite<\/p>\n\n\n\n<p>- Farbe: Schwarz<\/p>\n\n\n\n<p>- 50% Baumwolle, 50% Polyester<\/p>\n\n\n\n<p>- Waschbar bis zu 30\u00b0<\/p>\n\n\n\n<p>- Model Donna ist 1,82 und tr\u00e4gt Gr\u00f6\u00dfe L<\/p>","protected":false},"excerpt":{"rendered":"<p>Vervollst\u00e4ndigen Sie jetzt Ihre Garderobe mit diesen trendigen und stilvollen Wide Leg Pants! Mit diesem Artikel k\u00f6nnen Sie einen stilvollen und allt\u00e4glichen Look kreieren, der unglaublich bequem ist. Trends mit Leichtigkeit und einem bequemen Look kombinieren, das ist jetzt m\u00f6glich! Ob Sie diese Wide Leg Pants zu Ihrer entspannenden Yoga-Session tragen, auf der Couch faulenzen oder sie mit Ihren t\u00e4glichen Outfit-Kombinationen stylen, es ist alles m\u00f6glich! Erleben Sie ein komfortables Gef\u00fchl, Leichtigkeit und Freiheit mit diesem trendigen Teil.<\/p>","protected":false},"featured_media":89316,"template":"","meta":{"_acf_changed":true},"product_brand":[],"product_cat":[4791,86,28,54,53],"product_tag":[],"class_list":{"0":"post-88788","1":"product","2":"type-product","3":"status-publish","4":"has-post-thumbnail","6":"product_cat-city-vibes","7":"product_cat-effen","8":"product_cat-leggings","9":"product_cat-new","10":"product_cat-sweatpants","12":"first","13":"outofstock","14":"taxable","15":"shipping-taxable","16":"product-type-variable","17":"has-default-attributes"},"acf":[],"yoast_head":"<!-- This site is optimized with the Yoast SEO plugin v27.1.1 - https:\/\/yoast.com\/product\/yoast-seo-wordpress\/ -->\n<title>Wide Leg Jogger Black - FITTwear.nl<\/title>\n<meta name=\"description\" content=\"Maak jouw garderobe nu compleet met deze trendy en stijlvolle Wide Leg Pants! Met dit item cre\u00eber je een stijlvolle en dagelijkse look die ontzettend comfortabel zit. Trends combineren met gemak en een comfortable look, het kan nu! Of je deze Wide Leg Pants nu aantrekt naar jouw rustgevende yoga-sessie, mee gaat loungen op de bank of hem styled met je dagelijkse kledingcombinaties, het kan allemaal! Ervaar een comfortabel gevoel, gemak, vrijheid met dit trendvolle item.\" \/>\n<meta name=\"robots\" content=\"index, follow, max-snippet:-1, max-image-preview:large, max-video-preview:-1\" \/>\n<link rel=\"canonical\" href=\"https:\/\/fittwear.nl\/de\/produkt-2\/jogginghose-mit-weitem-bein-schwarz\/\" \/>\n<meta property=\"og:locale\" content=\"de_DE\" \/>\n<meta property=\"og:type\" content=\"article\" \/>\n<meta property=\"og:title\" content=\"Wide Leg Jogger Black - FITTwear.nl\" \/>\n<meta property=\"og:description\" content=\"Maak jouw garderobe nu compleet met deze trendy en stijlvolle Wide Leg Pants! Met dit item cre\u00eber je een stijlvolle en dagelijkse look die ontzettend comfortabel zit. Trends combineren met gemak en een comfortable look, het kan nu! Of je deze Wide Leg Pants nu aantrekt naar jouw rustgevende yoga-sessie, mee gaat loungen op de bank of hem styled met je dagelijkse kledingcombinaties, het kan allemaal! Ervaar een comfortabel gevoel, gemak, vrijheid met dit trendvolle item.\" \/>\n<meta property=\"og:url\" content=\"https:\/\/fittwear.nl\/de\/produkt-2\/jogginghose-mit-weitem-bein-schwarz\/\" \/>\n<meta property=\"og:site_name\" content=\"FITTwear.nl\" \/>\n<meta property=\"article:modified_time\" content=\"2026-04-16T23:16:45+00:00\" \/>\n<meta property=\"og:image\" content=\"https:\/\/fittwear.nl\/wp-content\/uploads\/2024\/03\/wide-pants_Voorkant-onder_jpg_3.jpg\" \/>\n\t<meta property=\"og:image:width\" content=\"1200\" \/>\n\t<meta property=\"og:image:height\" content=\"1800\" \/>\n\t<meta property=\"og:image:type\" content=\"image\/jpeg\" \/>\n<meta name=\"twitter:card\" content=\"summary_large_image\" \/>\n<meta name=\"twitter:label1\" content=\"Gesch\u00e4tzte Lesezeit\" \/>\n\t<meta name=\"twitter:data1\" content=\"1\u00a0Minute\" \/>\n<script type=\"application\/ld+json\" class=\"yoast-schema-graph\">{\"@context\":\"https:\/\/schema.org\",\"@graph\":[{\"@type\":\"WebPage\",\"@id\":\"https:\/\/fittwear.nl\/product\/wide-leg-jogger-black\/\",\"url\":\"https:\/\/fittwear.nl\/product\/wide-leg-jogger-black\/\",\"name\":\"Wide Leg Jogger Black - FITTwear.nl\",\"isPartOf\":{\"@id\":\"https:\/\/fittwear.nl\/#website\"},\"primaryImageOfPage\":{\"@id\":\"https:\/\/fittwear.nl\/product\/wide-leg-jogger-black\/#primaryimage\"},\"image\":{\"@id\":\"https:\/\/fittwear.nl\/product\/wide-leg-jogger-black\/#primaryimage\"},\"thumbnailUrl\":\"https:\/\/fittwear.nl\/wp-content\/uploads\/2024\/03\/wide-pants_Voorkant-onder_jpg_3.jpg\",\"datePublished\":\"2024-04-04T10:34:04+00:00\",\"dateModified\":\"2026-04-16T23:16:45+00:00\",\"description\":\"Maak jouw garderobe nu compleet met deze trendy en stijlvolle Wide Leg Pants! Met dit item cre\u00eber je een stijlvolle en dagelijkse look die ontzettend comfortabel zit. Trends combineren met gemak en een comfortable look, het kan nu! Of je deze Wide Leg Pants nu aantrekt naar jouw rustgevende yoga-sessie, mee gaat loungen op de bank of hem styled met je dagelijkse kledingcombinaties, het kan allemaal! Ervaar een comfortabel gevoel, gemak, vrijheid met dit trendvolle item.\",\"breadcrumb\":{\"@id\":\"https:\/\/fittwear.nl\/product\/wide-leg-jogger-black\/#breadcrumb\"},\"inLanguage\":\"de\",\"potentialAction\":[{\"@type\":\"ReadAction\",\"target\":[\"https:\/\/fittwear.nl\/product\/wide-leg-jogger-black\/\"]}]},{\"@type\":\"ImageObject\",\"inLanguage\":\"de\",\"@id\":\"https:\/\/fittwear.nl\/product\/wide-leg-jogger-black\/#primaryimage\",\"url\":\"https:\/\/fittwear.nl\/wp-content\/uploads\/2024\/03\/wide-pants_Voorkant-onder_jpg_3.jpg\",\"contentUrl\":\"https:\/\/fittwear.nl\/wp-content\/uploads\/2024\/03\/wide-pants_Voorkant-onder_jpg_3.jpg\",\"width\":1200,\"height\":1800},{\"@type\":\"BreadcrumbList\",\"@id\":\"https:\/\/fittwear.nl\/product\/wide-leg-jogger-black\/#breadcrumb\",\"itemListElement\":[{\"@type\":\"ListItem\",\"position\":1,\"name\":\"Home\",\"item\":\"https:\/\/fittwear.nl\/\"},{\"@type\":\"ListItem\",\"position\":2,\"name\":\"Shop\",\"item\":\"https:\/\/fittwear.nl\/shop\/\"},{\"@type\":\"ListItem\",\"position\":3,\"name\":\"Wide Leg Jogger Black\"}]},{\"@type\":\"WebSite\",\"@id\":\"https:\/\/fittwear.nl\/#website\",\"url\":\"https:\/\/fittwear.nl\/\",\"name\":\"FITTwear.nl\",\"description\":\"Time to shine!\",\"publisher\":{\"@id\":\"https:\/\/fittwear.nl\/#organization\"},\"potentialAction\":[{\"@type\":\"SearchAction\",\"target\":{\"@type\":\"EntryPoint\",\"urlTemplate\":\"https:\/\/fittwear.nl\/?s={search_term_string}\"},\"query-input\":{\"@type\":\"PropertyValueSpecification\",\"valueRequired\":true,\"valueName\":\"search_term_string\"}}],\"inLanguage\":\"de\"},{\"@type\":\"Organization\",\"@id\":\"https:\/\/fittwear.nl\/#organization\",\"name\":\"FITTwear.nl\",\"url\":\"https:\/\/fittwear.nl\/\",\"logo\":{\"@type\":\"ImageObject\",\"inLanguage\":\"de\",\"@id\":\"https:\/\/fittwear.nl\/#\/schema\/logo\/image\/\",\"url\":\"https:\/\/fittwear.nl\/wp-content\/uploads\/2024\/07\/FITT-Logo-BeYOUtiful-website-homepage_Tekengebied-1-scaled.jpg\",\"contentUrl\":\"https:\/\/fittwear.nl\/wp-content\/uploads\/2024\/07\/FITT-Logo-BeYOUtiful-website-homepage_Tekengebied-1-scaled.jpg\",\"width\":2560,\"height\":599,\"caption\":\"FITTwear.nl\"},\"image\":{\"@id\":\"https:\/\/fittwear.nl\/#\/schema\/logo\/image\/\"}}]}<\/script>\n<!-- \/ Yoast SEO plugin. -->","yoast_head_json":{"title":"Wide Leg Jogger Schwarz - FITTwear.de","description":"Vervollst\u00e4ndigen Sie jetzt Ihre Garderobe mit diesen trendigen und stilvollen Wide Leg Pants! Mit diesem Artikel k\u00f6nnen Sie einen stilvollen und allt\u00e4glichen Look kreieren, der unglaublich bequem ist. Trends mit Leichtigkeit und einem bequemen Look kombinieren, das ist jetzt m\u00f6glich! Ob Sie diese Wide Leg Pants zu Ihrer entspannenden Yoga-Session tragen, auf der Couch faulenzen oder sie mit Ihren t\u00e4glichen Outfit-Kombinationen stylen, es ist alles m\u00f6glich! Erleben Sie ein komfortables Gef\u00fchl, Leichtigkeit und Freiheit mit diesem trendigen Teil.","robots":{"index":"index","follow":"follow","max-snippet":"max-snippet:-1","max-image-preview":"max-image-preview:large","max-video-preview":"max-video-preview:-1"},"canonical":"https:\/\/fittwear.nl\/de\/produkt-2\/jogginghose-mit-weitem-bein-schwarz\/","og_locale":"de_DE","og_type":"article","og_title":"Wide Leg Jogger Black - FITTwear.nl","og_description":"Maak jouw garderobe nu compleet met deze trendy en stijlvolle Wide Leg Pants! Met dit item cre\u00eber je een stijlvolle en dagelijkse look die ontzettend comfortabel zit. Trends combineren met gemak en een comfortable look, het kan nu! Of je deze Wide Leg Pants nu aantrekt naar jouw rustgevende yoga-sessie, mee gaat loungen op de bank of hem styled met je dagelijkse kledingcombinaties, het kan allemaal! Ervaar een comfortabel gevoel, gemak, vrijheid met dit trendvolle item.","og_url":"https:\/\/fittwear.nl\/de\/produkt-2\/jogginghose-mit-weitem-bein-schwarz\/","og_site_name":"FITTwear.nl","article_modified_time":"2026-04-16T23:16:45+00:00","og_image":[{"width":1200,"height":1800,"url":"https:\/\/fittwear.nl\/wp-content\/uploads\/2024\/03\/wide-pants_Voorkant-onder_jpg_3.jpg","type":"image\/jpeg"}],"twitter_card":"summary_large_image","twitter_misc":{"Gesch\u00e4tzte Lesezeit":"1\u00a0Minute"},"schema":{"@context":"https:\/\/schema.org","@graph":[{"@type":"WebPage","@id":"https:\/\/fittwear.nl\/product\/wide-leg-jogger-black\/","url":"https:\/\/fittwear.nl\/product\/wide-leg-jogger-black\/","name":"Wide Leg Jogger Schwarz - FITTwear.de","isPartOf":{"@id":"https:\/\/fittwear.nl\/#website"},"primaryImageOfPage":{"@id":"https:\/\/fittwear.nl\/product\/wide-leg-jogger-black\/#primaryimage"},"image":{"@id":"https:\/\/fittwear.nl\/product\/wide-leg-jogger-black\/#primaryimage"},"thumbnailUrl":"https:\/\/fittwear.nl\/wp-content\/uploads\/2024\/03\/wide-pants_Voorkant-onder_jpg_3.jpg","datePublished":"2024-04-04T10:34:04+00:00","dateModified":"2026-04-16T23:16:45+00:00","description":"Vervollst\u00e4ndigen Sie jetzt Ihre Garderobe mit diesen trendigen und stilvollen Wide Leg Pants! Mit diesem Artikel k\u00f6nnen Sie einen stilvollen und allt\u00e4glichen Look kreieren, der unglaublich bequem ist. Trends mit Leichtigkeit und einem bequemen Look kombinieren, das ist jetzt m\u00f6glich! Ob Sie diese Wide Leg Pants zu Ihrer entspannenden Yoga-Session tragen, auf der Couch faulenzen oder sie mit Ihren t\u00e4glichen Outfit-Kombinationen stylen, es ist alles m\u00f6glich! Erleben Sie ein komfortables Gef\u00fchl, Leichtigkeit und Freiheit mit diesem trendigen Teil.","breadcrumb":{"@id":"https:\/\/fittwear.nl\/product\/wide-leg-jogger-black\/#breadcrumb"},"inLanguage":"de","potentialAction":[{"@type":"ReadAction","target":["https:\/\/fittwear.nl\/product\/wide-leg-jogger-black\/"]}]},{"@type":"ImageObject","inLanguage":"de","@id":"https:\/\/fittwear.nl\/product\/wide-leg-jogger-black\/#primaryimage","url":"https:\/\/fittwear.nl\/wp-content\/uploads\/2024\/03\/wide-pants_Voorkant-onder_jpg_3.jpg","contentUrl":"https:\/\/fittwear.nl\/wp-content\/uploads\/2024\/03\/wide-pants_Voorkant-onder_jpg_3.jpg","width":1200,"height":1800},{"@type":"BreadcrumbList","@id":"https:\/\/fittwear.nl\/product\/wide-leg-jogger-black\/#breadcrumb","itemListElement":[{"@type":"ListItem","position":1,"name":"Home","item":"https:\/\/fittwear.nl\/"},{"@type":"ListItem","position":2,"name":"Shop","item":"https:\/\/fittwear.nl\/shop\/"},{"@type":"ListItem","position":3,"name":"Wide Leg Jogger Black"}]},{"@type":"WebSite","@id":"https:\/\/fittwear.nl\/#website","url":"https:\/\/fittwear.nl\/","name":"FITTwear.co.uk","description":"Zeit zu gl\u00e4nzen!","publisher":{"@id":"https:\/\/fittwear.nl\/#organization"},"potentialAction":[{"@type":"SearchAction","target":{"@type":"EntryPoint","urlTemplate":"https:\/\/fittwear.nl\/?s={search_term_string}"},"query-input":{"@type":"PropertyValueSpecification","valueRequired":true,"valueName":"search_term_string"}}],"inLanguage":"de"},{"@type":"Organization","@id":"https:\/\/fittwear.nl\/#organization","name":"FITTwear.co.uk","url":"https:\/\/fittwear.nl\/","logo":{"@type":"ImageObject","inLanguage":"de","@id":"https:\/\/fittwear.nl\/#\/schema\/logo\/image\/","url":"https:\/\/fittwear.nl\/wp-content\/uploads\/2024\/07\/FITT-Logo-BeYOUtiful-website-homepage_Tekengebied-1-scaled.jpg","contentUrl":"https:\/\/fittwear.nl\/wp-content\/uploads\/2024\/07\/FITT-Logo-BeYOUtiful-website-homepage_Tekengebied-1-scaled.jpg","width":2560,"height":599,"caption":"FITTwear.nl"},"image":{"@id":"https:\/\/fittwear.nl\/#\/schema\/logo\/image\/"}}]}},"_links":{"self":[{"href":"https:\/\/fittwear.nl\/de\/wp-json\/wp\/v2\/product\/88788","targetHints":{"allow":["GET"]}}],"collection":[{"href":"https:\/\/fittwear.nl\/de\/wp-json\/wp\/v2\/product"}],"about":[{"href":"https:\/\/fittwear.nl\/de\/wp-json\/wp\/v2\/types\/product"}],"wp:featuredmedia":[{"embeddable":true,"href":"https:\/\/fittwear.nl\/de\/wp-json\/wp\/v2\/media\/89316"}],"wp:attachment":[{"href":"https:\/\/fittwear.nl\/de\/wp-json\/wp\/v2\/media?parent=88788"}],"wp:term":[{"taxonomy":"product_brand","embeddable":true,"href":"https:\/\/fittwear.nl\/de\/wp-json\/wp\/v2\/product_brand?post=88788"},{"taxonomy":"product_cat","embeddable":true,"href":"https:\/\/fittwear.nl\/de\/wp-json\/wp\/v2\/product_cat?post=88788"},{"taxonomy":"product_tag","embeddable":true,"href":"https:\/\/fittwear.nl\/de\/wp-json\/wp\/v2\/product_tag?post=88788"}],"curies":[{"name":"wp","href":"https:\/\/api.w.org\/{rel}","templated":true}]}}