{"id":88793,"date":"2024-04-05T13:31:58","date_gmt":"2024-04-05T11:31:58","guid":{"rendered":"https:\/\/fittwear.nl\/?post_type=product&#038;p=88793"},"modified":"2026-04-17T01:16:46","modified_gmt":"2026-04-16T23:16:46","slug":"weit-geschnittene-rippenleggings-schwarz","status":"publish","type":"product","link":"https:\/\/fittwear.nl\/de\/product\/wide-leg-rib-legging-black\/","title":{"rendered":"Weit geschnittene Rippenleggings Schwarz"},"content":{"rendered":"<p>- Dehnbarer Stoff<\/p>\n\n\n\n<p>- Hoher Bund<\/p>\n\n\n\n<p>- Gerippter Stoff<\/p>\n\n\n\n<p>- Weite Beinform<\/p>\n\n\n\n<p>- Logo auf der Vorderseite<\/p>\n\n\n\n<p>- 78% Nylon, 22% Elasthan<\/p>\n\n\n\n<p>- Farbe: Schwarz<\/p>\n\n\n\n<p>- Waschbar bis zu 30\u00b0<\/p>\n\n\n\n<p>- Model Donna ist 1,82 und tr\u00e4gt Gr\u00f6\u00dfe L<\/p>","protected":false},"excerpt":{"rendered":"<p>Die Wide Leg Rib Pants ist ein Must-Have in Ihrer Kollektion! Dank der weiten Passform, des hohen Bundes und des dehnbaren Stoffes k\u00f6nnen Sie diese Hose zu allen Gelegenheiten tragen. Die Hose ist ein echter Favorit, wenn es um das Styling geht. Egal, ob du sie beim Workout, bei einer achtsamen Yoga-Session oder zu deinem Alltagslook tragen m\u00f6chtest, die Wide Leg Rib Pants ist f\u00fcr alles geeignet. Der Rippenstoff sorgt f\u00fcr einen schmeichelhaften Look und macht sie nicht zu einer gew\u00f6hnlichen Hose mit weitem Bein. Zusammen mit dem Logo-Finish ist dies eine Hose, die Ihnen alle Annehmlichkeiten bietet. Bewegungsfreiheit, Leichtigkeit und Stil sind die Schl\u00fcsselw\u00f6rter, um diese trendige Hose zu beschreiben! Wie werden Sie sie stylen?<\/p>","protected":false},"featured_media":89414,"template":"","meta":{"_acf_changed":true},"product_brand":[],"product_cat":[4791,4799,54,28,86,53,65],"product_tag":[],"class_list":{"0":"post-88793","1":"product","2":"type-product","3":"status-publish","4":"has-post-thumbnail","6":"product_cat-city-vibes","7":"product_cat-structures","8":"product_cat-new","9":"product_cat-leggings","10":"product_cat-effen","11":"product_cat-sweatpants","12":"product_cat-yogakleding","14":"first","15":"outofstock","16":"taxable","17":"shipping-taxable","18":"product-type-variable","19":"has-default-attributes"},"acf":[],"yoast_head":"<!-- This site is optimized with the Yoast SEO plugin v27.1.1 - https:\/\/yoast.com\/product\/yoast-seo-wordpress\/ -->\n<title>Wide Leg Rib Legging Black - FITTwear.nl<\/title>\n<meta name=\"description\" content=\"De Wide Leg Rib Pants is een musthave binnen jouw collectie! Dankzij de wijde pasvorm, de hoge tailleband en de stretch in de stof is dit d\u00e9 broek die je kan aantrekken bij alle gelegenheden. De broek is echt een favoriet als het aankomt op het gebied van styling. Of je hem nu wilt gebruiken tijdens jouw work-out, een mindfullnes yoga-sessie of hem styled met je daily look, met de Wide Leg Rib Pants kan het allemaal. De rib stof geeft een flateuze look en maakt het niet zomaar een wide leg pants. Samen met de afwerking met het logo is dit een broek die jou van alle gemakken voorziet. Bewegingsvrijheid, gemak en stijlvol zijn de key-words om deze trendvolle broek te omschrijven! Hoe ga jij hem stylen?\" \/>\n<meta name=\"robots\" content=\"index, follow, max-snippet:-1, max-image-preview:large, max-video-preview:-1\" \/>\n<link rel=\"canonical\" href=\"https:\/\/fittwear.nl\/de\/produkt-2\/weit-geschnittene-rippenleggings-schwarz\/\" \/>\n<meta property=\"og:locale\" content=\"de_DE\" \/>\n<meta property=\"og:type\" content=\"article\" \/>\n<meta property=\"og:title\" content=\"Wide Leg Rib Legging Black - FITTwear.nl\" \/>\n<meta property=\"og:description\" content=\"De Wide Leg Rib Pants is een musthave binnen jouw collectie! Dankzij de wijde pasvorm, de hoge tailleband en de stretch in de stof is dit d\u00e9 broek die je kan aantrekken bij alle gelegenheden. De broek is echt een favoriet als het aankomt op het gebied van styling. Of je hem nu wilt gebruiken tijdens jouw work-out, een mindfullnes yoga-sessie of hem styled met je daily look, met de Wide Leg Rib Pants kan het allemaal. De rib stof geeft een flateuze look en maakt het niet zomaar een wide leg pants. Samen met de afwerking met het logo is dit een broek die jou van alle gemakken voorziet. Bewegingsvrijheid, gemak en stijlvol zijn de key-words om deze trendvolle broek te omschrijven! Hoe ga jij hem stylen?\" \/>\n<meta property=\"og:url\" content=\"https:\/\/fittwear.nl\/de\/produkt-2\/weit-geschnittene-rippenleggings-schwarz\/\" \/>\n<meta property=\"og:site_name\" content=\"FITTwear.nl\" \/>\n<meta property=\"article:modified_time\" content=\"2026-04-16T23:16:46+00:00\" \/>\n<meta property=\"og:image\" content=\"https:\/\/fittwear.nl\/wp-content\/uploads\/2024\/04\/wide-leg-rib_Achterkant-onder_jpg_1.jpg\" \/>\n\t<meta property=\"og:image:width\" content=\"1200\" \/>\n\t<meta property=\"og:image:height\" content=\"1800\" \/>\n\t<meta property=\"og:image:type\" content=\"image\/jpeg\" \/>\n<meta name=\"twitter:card\" content=\"summary_large_image\" \/>\n<meta name=\"twitter:label1\" content=\"Gesch\u00e4tzte Lesezeit\" \/>\n\t<meta name=\"twitter:data1\" content=\"1\u00a0Minute\" \/>\n<script type=\"application\/ld+json\" class=\"yoast-schema-graph\">{\"@context\":\"https:\/\/schema.org\",\"@graph\":[{\"@type\":\"WebPage\",\"@id\":\"https:\/\/fittwear.nl\/product\/wide-leg-rib-legging-black\/\",\"url\":\"https:\/\/fittwear.nl\/product\/wide-leg-rib-legging-black\/\",\"name\":\"Wide Leg Rib Legging Black - FITTwear.nl\",\"isPartOf\":{\"@id\":\"https:\/\/fittwear.nl\/#website\"},\"primaryImageOfPage\":{\"@id\":\"https:\/\/fittwear.nl\/product\/wide-leg-rib-legging-black\/#primaryimage\"},\"image\":{\"@id\":\"https:\/\/fittwear.nl\/product\/wide-leg-rib-legging-black\/#primaryimage\"},\"thumbnailUrl\":\"https:\/\/fittwear.nl\/wp-content\/uploads\/2024\/04\/wide-leg-rib_Achterkant-onder_jpg_1.jpg\",\"datePublished\":\"2024-04-05T11:31:58+00:00\",\"dateModified\":\"2026-04-16T23:16:46+00:00\",\"description\":\"De Wide Leg Rib Pants is een musthave binnen jouw collectie! Dankzij de wijde pasvorm, de hoge tailleband en de stretch in de stof is dit d\u00e9 broek die je kan aantrekken bij alle gelegenheden. De broek is echt een favoriet als het aankomt op het gebied van styling. Of je hem nu wilt gebruiken tijdens jouw work-out, een mindfullnes yoga-sessie of hem styled met je daily look, met de Wide Leg Rib Pants kan het allemaal. De rib stof geeft een flateuze look en maakt het niet zomaar een wide leg pants. Samen met de afwerking met het logo is dit een broek die jou van alle gemakken voorziet. Bewegingsvrijheid, gemak en stijlvol zijn de key-words om deze trendvolle broek te omschrijven! Hoe ga jij hem stylen?\",\"breadcrumb\":{\"@id\":\"https:\/\/fittwear.nl\/product\/wide-leg-rib-legging-black\/#breadcrumb\"},\"inLanguage\":\"de\",\"potentialAction\":[{\"@type\":\"ReadAction\",\"target\":[\"https:\/\/fittwear.nl\/product\/wide-leg-rib-legging-black\/\"]}]},{\"@type\":\"ImageObject\",\"inLanguage\":\"de\",\"@id\":\"https:\/\/fittwear.nl\/product\/wide-leg-rib-legging-black\/#primaryimage\",\"url\":\"https:\/\/fittwear.nl\/wp-content\/uploads\/2024\/04\/wide-leg-rib_Achterkant-onder_jpg_1.jpg\",\"contentUrl\":\"https:\/\/fittwear.nl\/wp-content\/uploads\/2024\/04\/wide-leg-rib_Achterkant-onder_jpg_1.jpg\",\"width\":1200,\"height\":1800},{\"@type\":\"BreadcrumbList\",\"@id\":\"https:\/\/fittwear.nl\/product\/wide-leg-rib-legging-black\/#breadcrumb\",\"itemListElement\":[{\"@type\":\"ListItem\",\"position\":1,\"name\":\"Home\",\"item\":\"https:\/\/fittwear.nl\/\"},{\"@type\":\"ListItem\",\"position\":2,\"name\":\"Shop\",\"item\":\"https:\/\/fittwear.nl\/shop\/\"},{\"@type\":\"ListItem\",\"position\":3,\"name\":\"Wide Leg Rib Legging Black\"}]},{\"@type\":\"WebSite\",\"@id\":\"https:\/\/fittwear.nl\/#website\",\"url\":\"https:\/\/fittwear.nl\/\",\"name\":\"FITTwear.nl\",\"description\":\"Time to shine!\",\"publisher\":{\"@id\":\"https:\/\/fittwear.nl\/#organization\"},\"potentialAction\":[{\"@type\":\"SearchAction\",\"target\":{\"@type\":\"EntryPoint\",\"urlTemplate\":\"https:\/\/fittwear.nl\/?s={search_term_string}\"},\"query-input\":{\"@type\":\"PropertyValueSpecification\",\"valueRequired\":true,\"valueName\":\"search_term_string\"}}],\"inLanguage\":\"de\"},{\"@type\":\"Organization\",\"@id\":\"https:\/\/fittwear.nl\/#organization\",\"name\":\"FITTwear.nl\",\"url\":\"https:\/\/fittwear.nl\/\",\"logo\":{\"@type\":\"ImageObject\",\"inLanguage\":\"de\",\"@id\":\"https:\/\/fittwear.nl\/#\/schema\/logo\/image\/\",\"url\":\"https:\/\/fittwear.nl\/wp-content\/uploads\/2024\/07\/FITT-Logo-BeYOUtiful-website-homepage_Tekengebied-1-scaled.jpg\",\"contentUrl\":\"https:\/\/fittwear.nl\/wp-content\/uploads\/2024\/07\/FITT-Logo-BeYOUtiful-website-homepage_Tekengebied-1-scaled.jpg\",\"width\":2560,\"height\":599,\"caption\":\"FITTwear.nl\"},\"image\":{\"@id\":\"https:\/\/fittwear.nl\/#\/schema\/logo\/image\/\"}}]}<\/script>\n<!-- \/ Yoast SEO plugin. -->","yoast_head_json":{"title":"Wide Leg Rib Legging Schwarz - FITTwear.de","description":"Die Wide Leg Rib Pants ist ein Must-Have in Ihrer Kollektion! Dank der weiten Passform, des hohen Bundes und des dehnbaren Stoffes k\u00f6nnen Sie diese Hose zu allen Gelegenheiten tragen. Die Hose ist ein echter Favorit, wenn es um das Styling geht. Egal, ob du sie beim Workout, bei einer achtsamen Yoga-Session oder zu deinem Alltagslook tragen m\u00f6chtest, die Wide Leg Rib Pants ist f\u00fcr alles geeignet. Der Rippenstoff sorgt f\u00fcr einen schmeichelhaften Look und macht sie nicht zu einer gew\u00f6hnlichen Hose mit weitem Bein. Zusammen mit dem Logo-Finish ist dies eine Hose, die Ihnen alle Annehmlichkeiten bietet. Bewegungsfreiheit, Leichtigkeit und Stil sind die Schl\u00fcsselw\u00f6rter, um diese trendige Hose zu beschreiben! Wie werden Sie sie stylen?","robots":{"index":"index","follow":"follow","max-snippet":"max-snippet:-1","max-image-preview":"max-image-preview:large","max-video-preview":"max-video-preview:-1"},"canonical":"https:\/\/fittwear.nl\/de\/produkt-2\/weit-geschnittene-rippenleggings-schwarz\/","og_locale":"de_DE","og_type":"article","og_title":"Wide Leg Rib Legging Black - FITTwear.nl","og_description":"De Wide Leg Rib Pants is een musthave binnen jouw collectie! Dankzij de wijde pasvorm, de hoge tailleband en de stretch in de stof is dit d\u00e9 broek die je kan aantrekken bij alle gelegenheden. De broek is echt een favoriet als het aankomt op het gebied van styling. Of je hem nu wilt gebruiken tijdens jouw work-out, een mindfullnes yoga-sessie of hem styled met je daily look, met de Wide Leg Rib Pants kan het allemaal. De rib stof geeft een flateuze look en maakt het niet zomaar een wide leg pants. Samen met de afwerking met het logo is dit een broek die jou van alle gemakken voorziet. Bewegingsvrijheid, gemak en stijlvol zijn de key-words om deze trendvolle broek te omschrijven! Hoe ga jij hem stylen?","og_url":"https:\/\/fittwear.nl\/de\/produkt-2\/weit-geschnittene-rippenleggings-schwarz\/","og_site_name":"FITTwear.nl","article_modified_time":"2026-04-16T23:16:46+00:00","og_image":[{"width":1200,"height":1800,"url":"https:\/\/fittwear.nl\/wp-content\/uploads\/2024\/04\/wide-leg-rib_Achterkant-onder_jpg_1.jpg","type":"image\/jpeg"}],"twitter_card":"summary_large_image","twitter_misc":{"Gesch\u00e4tzte Lesezeit":"1\u00a0Minute"},"schema":{"@context":"https:\/\/schema.org","@graph":[{"@type":"WebPage","@id":"https:\/\/fittwear.nl\/product\/wide-leg-rib-legging-black\/","url":"https:\/\/fittwear.nl\/product\/wide-leg-rib-legging-black\/","name":"Wide Leg Rib Legging Schwarz - FITTwear.de","isPartOf":{"@id":"https:\/\/fittwear.nl\/#website"},"primaryImageOfPage":{"@id":"https:\/\/fittwear.nl\/product\/wide-leg-rib-legging-black\/#primaryimage"},"image":{"@id":"https:\/\/fittwear.nl\/product\/wide-leg-rib-legging-black\/#primaryimage"},"thumbnailUrl":"https:\/\/fittwear.nl\/wp-content\/uploads\/2024\/04\/wide-leg-rib_Achterkant-onder_jpg_1.jpg","datePublished":"2024-04-05T11:31:58+00:00","dateModified":"2026-04-16T23:16:46+00:00","description":"Die Wide Leg Rib Pants ist ein Must-Have in Ihrer Kollektion! Dank der weiten Passform, des hohen Bundes und des dehnbaren Stoffes k\u00f6nnen Sie diese Hose zu allen Gelegenheiten tragen. Die Hose ist ein echter Favorit, wenn es um das Styling geht. Egal, ob du sie beim Workout, bei einer achtsamen Yoga-Session oder zu deinem Alltagslook tragen m\u00f6chtest, die Wide Leg Rib Pants ist f\u00fcr alles geeignet. Der Rippenstoff sorgt f\u00fcr einen schmeichelhaften Look und macht sie nicht zu einer gew\u00f6hnlichen Hose mit weitem Bein. Zusammen mit dem Logo-Finish ist dies eine Hose, die Ihnen alle Annehmlichkeiten bietet. Bewegungsfreiheit, Leichtigkeit und Stil sind die Schl\u00fcsselw\u00f6rter, um diese trendige Hose zu beschreiben! Wie werden Sie sie stylen?","breadcrumb":{"@id":"https:\/\/fittwear.nl\/product\/wide-leg-rib-legging-black\/#breadcrumb"},"inLanguage":"de","potentialAction":[{"@type":"ReadAction","target":["https:\/\/fittwear.nl\/product\/wide-leg-rib-legging-black\/"]}]},{"@type":"ImageObject","inLanguage":"de","@id":"https:\/\/fittwear.nl\/product\/wide-leg-rib-legging-black\/#primaryimage","url":"https:\/\/fittwear.nl\/wp-content\/uploads\/2024\/04\/wide-leg-rib_Achterkant-onder_jpg_1.jpg","contentUrl":"https:\/\/fittwear.nl\/wp-content\/uploads\/2024\/04\/wide-leg-rib_Achterkant-onder_jpg_1.jpg","width":1200,"height":1800},{"@type":"BreadcrumbList","@id":"https:\/\/fittwear.nl\/product\/wide-leg-rib-legging-black\/#breadcrumb","itemListElement":[{"@type":"ListItem","position":1,"name":"Home","item":"https:\/\/fittwear.nl\/"},{"@type":"ListItem","position":2,"name":"Shop","item":"https:\/\/fittwear.nl\/shop\/"},{"@type":"ListItem","position":3,"name":"Wide Leg Rib Legging Black"}]},{"@type":"WebSite","@id":"https:\/\/fittwear.nl\/#website","url":"https:\/\/fittwear.nl\/","name":"FITTwear.co.uk","description":"Zeit zu gl\u00e4nzen!","publisher":{"@id":"https:\/\/fittwear.nl\/#organization"},"potentialAction":[{"@type":"SearchAction","target":{"@type":"EntryPoint","urlTemplate":"https:\/\/fittwear.nl\/?s={search_term_string}"},"query-input":{"@type":"PropertyValueSpecification","valueRequired":true,"valueName":"search_term_string"}}],"inLanguage":"de"},{"@type":"Organization","@id":"https:\/\/fittwear.nl\/#organization","name":"FITTwear.co.uk","url":"https:\/\/fittwear.nl\/","logo":{"@type":"ImageObject","inLanguage":"de","@id":"https:\/\/fittwear.nl\/#\/schema\/logo\/image\/","url":"https:\/\/fittwear.nl\/wp-content\/uploads\/2024\/07\/FITT-Logo-BeYOUtiful-website-homepage_Tekengebied-1-scaled.jpg","contentUrl":"https:\/\/fittwear.nl\/wp-content\/uploads\/2024\/07\/FITT-Logo-BeYOUtiful-website-homepage_Tekengebied-1-scaled.jpg","width":2560,"height":599,"caption":"FITTwear.nl"},"image":{"@id":"https:\/\/fittwear.nl\/#\/schema\/logo\/image\/"}}]}},"_links":{"self":[{"href":"https:\/\/fittwear.nl\/de\/wp-json\/wp\/v2\/product\/88793","targetHints":{"allow":["GET"]}}],"collection":[{"href":"https:\/\/fittwear.nl\/de\/wp-json\/wp\/v2\/product"}],"about":[{"href":"https:\/\/fittwear.nl\/de\/wp-json\/wp\/v2\/types\/product"}],"wp:featuredmedia":[{"embeddable":true,"href":"https:\/\/fittwear.nl\/de\/wp-json\/wp\/v2\/media\/89414"}],"wp:attachment":[{"href":"https:\/\/fittwear.nl\/de\/wp-json\/wp\/v2\/media?parent=88793"}],"wp:term":[{"taxonomy":"product_brand","embeddable":true,"href":"https:\/\/fittwear.nl\/de\/wp-json\/wp\/v2\/product_brand?post=88793"},{"taxonomy":"product_cat","embeddable":true,"href":"https:\/\/fittwear.nl\/de\/wp-json\/wp\/v2\/product_cat?post=88793"},{"taxonomy":"product_tag","embeddable":true,"href":"https:\/\/fittwear.nl\/de\/wp-json\/wp\/v2\/product_tag?post=88793"}],"curies":[{"name":"wp","href":"https:\/\/api.w.org\/{rel}","templated":true}]}}