{"id":88803,"date":"2024-04-04T11:19:47","date_gmt":"2024-04-04T09:19:47","guid":{"rendered":"https:\/\/fittwear.nl\/?post_type=product&#038;p=88803"},"modified":"2026-04-26T13:38:03","modified_gmt":"2026-04-26T11:38:03","slug":"shortsuit-mit-tiefem-ruckenausschnitt-schwarz","status":"publish","type":"product","link":"https:\/\/fittwear.nl\/de\/product\/low-back-scrunch-shortsuit-black\/","title":{"rendered":"Shortsuit mit tiefem R\u00fcckenausschnitt Schwarz"},"content":{"rendered":"<p>- Tief ausgeschnittener R\u00fccken<\/p>\n\n\n\n<p>- Mit Scrunch<\/p>\n\n\n\n<p>- Rundhalsausschnitt<\/p>\n\n\n\n<p>- Konturlinien an der Seite und am Heck<\/p>\n\n\n\n<p>- Dehnbarer Stoff und Schulterriemen<\/p>\n\n\n\n<p>- Farbe: Schwarz<\/p>\n\n\n\n<p>- Material: 87% Nylon, 13% Elastan<\/p>\n\n\n\n<p>- Waschbar bis zu 30\u00b0<\/p>\n\n\n\n<p> - Model Donna ist 1,82 und tr\u00e4gt Gr\u00f6\u00dfe L<\/p>","protected":false},"excerpt":{"rendered":"<p>Trendiger Jumpsuit, stilvoll und bequem in einem f\u00fcr Ihr Training oder wenn Sie ihn im Alltag tragen. Der Low Back Shortsuit ist eine Bereicherung f\u00fcr Ihre Garderobe. Er ist nicht nur ein gro\u00dfartiges Teil f\u00fcr Ihr Training, sondern auch sehr stilvoll, wenn Sie ihn im Alltag tragen und ihn eventuell mit einem Blazer abrunden. Dehnbar, bequem, schlank machend und nicht verrutschend w\u00e4hrend Ihres intensiven Trainings, was will man mehr? Erleben Sie das Gef\u00fchl der Freiheit in dem, was Sie tun, mit diesem tollen Shortsuit. Ideal f\u00fcr den Sommer oder bei intensiven Workouts, die Sie hei\u00df machen. Der Stretch-Effekt und die schlankmachende Wirkung sorgen f\u00fcr eine perfekte Passform f\u00fcr Ihren K\u00f6rper!<\/p>","protected":false},"featured_media":89285,"template":"","meta":{"_acf_changed":false},"product_brand":[],"product_cat":[4791,63,27,4814,4285,93,4868,65],"product_tag":[],"class_list":{"0":"post-88803","1":"product","2":"type-product","3":"status-publish","4":"has-post-thumbnail","6":"product_cat-city-vibes","7":"product_cat-curves","8":"product_cat-dames","9":"product_cat-fitness","10":"product_cat-scrunch-shorts","11":"product_cat-shorts","12":"product_cat-sportjumpsuits","13":"product_cat-yogakleding","15":"first","16":"instock","17":"taxable","18":"shipping-taxable","19":"purchasable","20":"product-type-variable","21":"has-default-attributes"},"acf":[],"yoast_head":"<!-- This site is optimized with the Yoast SEO plugin v27.1.1 - https:\/\/yoast.com\/product\/yoast-seo-wordpress\/ -->\n<title>Low Back Scrunch Shortsuit Black - FITTwear.nl<\/title>\n<meta name=\"description\" content=\"Trendy jumpsuit, stylish en comfort in een voor tijdens jouw workout of wanneer je hem draagt in je dagelijkse routine. De Low Back Shortsuit is een toevoeging voor in jouw kledingkast, niet alleen is het een fantastisch item voor tijdens het sporten, maar ook erg stylish door hem te dragen in het dagelijks leven en eventueel af te stijlen met een blazer. Stretchy, comfort, slimming en zakt niet af tijdens jouw intensieve workout, wat wil je nog meer? Ervaar het gevoel van vrijheid in hetgeen wat je doet met deze geweldige Shortsuit. Ideaal voor in de zomer of tijdens de intensieve workouts waar je het warm van krijgt. De stretch en het slimming effect zorgen voor de perfecte pasvorm voor jouw lichaam!\" \/>\n<meta name=\"robots\" content=\"index, follow, max-snippet:-1, max-image-preview:large, max-video-preview:-1\" \/>\n<link rel=\"canonical\" href=\"https:\/\/fittwear.nl\/de\/produkt-2\/shortsuit-mit-tiefem-ruckenausschnitt-schwarz\/\" \/>\n<meta property=\"og:locale\" content=\"de_DE\" \/>\n<meta property=\"og:type\" content=\"article\" \/>\n<meta property=\"og:title\" content=\"Low Back Scrunch Shortsuit Black - FITTwear.nl\" \/>\n<meta property=\"og:description\" content=\"Trendy jumpsuit, stylish en comfort in een voor tijdens jouw workout of wanneer je hem draagt in je dagelijkse routine. De Low Back Shortsuit is een toevoeging voor in jouw kledingkast, niet alleen is het een fantastisch item voor tijdens het sporten, maar ook erg stylish door hem te dragen in het dagelijks leven en eventueel af te stijlen met een blazer. Stretchy, comfort, slimming en zakt niet af tijdens jouw intensieve workout, wat wil je nog meer? Ervaar het gevoel van vrijheid in hetgeen wat je doet met deze geweldige Shortsuit. Ideaal voor in de zomer of tijdens de intensieve workouts waar je het warm van krijgt. De stretch en het slimming effect zorgen voor de perfecte pasvorm voor jouw lichaam!\" \/>\n<meta property=\"og:url\" content=\"https:\/\/fittwear.nl\/de\/produkt-2\/shortsuit-mit-tiefem-ruckenausschnitt-schwarz\/\" \/>\n<meta property=\"og:site_name\" content=\"FITTwear.nl\" \/>\n<meta property=\"article:modified_time\" content=\"2026-04-26T11:38:03+00:00\" \/>\n<meta property=\"og:image\" content=\"https:\/\/fittwear.nl\/wp-content\/uploads\/2024\/03\/jumpsuit-zwart_Voorkant-boven_jpg_1.jpg\" \/>\n\t<meta property=\"og:image:width\" content=\"1200\" \/>\n\t<meta property=\"og:image:height\" content=\"1800\" \/>\n\t<meta property=\"og:image:type\" content=\"image\/jpeg\" \/>\n<meta name=\"twitter:card\" content=\"summary_large_image\" \/>\n<meta name=\"twitter:label1\" content=\"Gesch\u00e4tzte Lesezeit\" \/>\n\t<meta name=\"twitter:data1\" content=\"1\u00a0Minute\" \/>\n<script type=\"application\/ld+json\" class=\"yoast-schema-graph\">{\"@context\":\"https:\/\/schema.org\",\"@graph\":[{\"@type\":\"WebPage\",\"@id\":\"https:\/\/fittwear.nl\/product\/low-back-scrunch-shortsuit-black\/\",\"url\":\"https:\/\/fittwear.nl\/product\/low-back-scrunch-shortsuit-black\/\",\"name\":\"Low Back Scrunch Shortsuit Black - FITTwear.nl\",\"isPartOf\":{\"@id\":\"https:\/\/fittwear.nl\/#website\"},\"primaryImageOfPage\":{\"@id\":\"https:\/\/fittwear.nl\/product\/low-back-scrunch-shortsuit-black\/#primaryimage\"},\"image\":{\"@id\":\"https:\/\/fittwear.nl\/product\/low-back-scrunch-shortsuit-black\/#primaryimage\"},\"thumbnailUrl\":\"https:\/\/fittwear.nl\/wp-content\/uploads\/2024\/03\/jumpsuit-zwart_Voorkant-boven_jpg_1.jpg\",\"datePublished\":\"2024-04-04T09:19:47+00:00\",\"dateModified\":\"2026-04-26T11:38:03+00:00\",\"description\":\"Trendy jumpsuit, stylish en comfort in een voor tijdens jouw workout of wanneer je hem draagt in je dagelijkse routine. De Low Back Shortsuit is een toevoeging voor in jouw kledingkast, niet alleen is het een fantastisch item voor tijdens het sporten, maar ook erg stylish door hem te dragen in het dagelijks leven en eventueel af te stijlen met een blazer. Stretchy, comfort, slimming en zakt niet af tijdens jouw intensieve workout, wat wil je nog meer? Ervaar het gevoel van vrijheid in hetgeen wat je doet met deze geweldige Shortsuit. Ideaal voor in de zomer of tijdens de intensieve workouts waar je het warm van krijgt. De stretch en het slimming effect zorgen voor de perfecte pasvorm voor jouw lichaam!\",\"breadcrumb\":{\"@id\":\"https:\/\/fittwear.nl\/product\/low-back-scrunch-shortsuit-black\/#breadcrumb\"},\"inLanguage\":\"de\",\"potentialAction\":[{\"@type\":\"ReadAction\",\"target\":[\"https:\/\/fittwear.nl\/product\/low-back-scrunch-shortsuit-black\/\"]}]},{\"@type\":\"ImageObject\",\"inLanguage\":\"de\",\"@id\":\"https:\/\/fittwear.nl\/product\/low-back-scrunch-shortsuit-black\/#primaryimage\",\"url\":\"https:\/\/fittwear.nl\/wp-content\/uploads\/2024\/03\/jumpsuit-zwart_Voorkant-boven_jpg_1.jpg\",\"contentUrl\":\"https:\/\/fittwear.nl\/wp-content\/uploads\/2024\/03\/jumpsuit-zwart_Voorkant-boven_jpg_1.jpg\",\"width\":1200,\"height\":1800},{\"@type\":\"BreadcrumbList\",\"@id\":\"https:\/\/fittwear.nl\/product\/low-back-scrunch-shortsuit-black\/#breadcrumb\",\"itemListElement\":[{\"@type\":\"ListItem\",\"position\":1,\"name\":\"Home\",\"item\":\"https:\/\/fittwear.nl\/\"},{\"@type\":\"ListItem\",\"position\":2,\"name\":\"Shop\",\"item\":\"https:\/\/fittwear.nl\/shop\/\"},{\"@type\":\"ListItem\",\"position\":3,\"name\":\"Low Back Scrunch Shortsuit Black\"}]},{\"@type\":\"WebSite\",\"@id\":\"https:\/\/fittwear.nl\/#website\",\"url\":\"https:\/\/fittwear.nl\/\",\"name\":\"FITTwear.nl\",\"description\":\"Time to shine!\",\"publisher\":{\"@id\":\"https:\/\/fittwear.nl\/#organization\"},\"potentialAction\":[{\"@type\":\"SearchAction\",\"target\":{\"@type\":\"EntryPoint\",\"urlTemplate\":\"https:\/\/fittwear.nl\/?s={search_term_string}\"},\"query-input\":{\"@type\":\"PropertyValueSpecification\",\"valueRequired\":true,\"valueName\":\"search_term_string\"}}],\"inLanguage\":\"de\"},{\"@type\":\"Organization\",\"@id\":\"https:\/\/fittwear.nl\/#organization\",\"name\":\"FITTwear.nl\",\"url\":\"https:\/\/fittwear.nl\/\",\"logo\":{\"@type\":\"ImageObject\",\"inLanguage\":\"de\",\"@id\":\"https:\/\/fittwear.nl\/#\/schema\/logo\/image\/\",\"url\":\"https:\/\/fittwear.nl\/wp-content\/uploads\/2024\/07\/FITT-Logo-BeYOUtiful-website-homepage_Tekengebied-1-scaled.jpg\",\"contentUrl\":\"https:\/\/fittwear.nl\/wp-content\/uploads\/2024\/07\/FITT-Logo-BeYOUtiful-website-homepage_Tekengebied-1-scaled.jpg\",\"width\":2560,\"height\":599,\"caption\":\"FITTwear.nl\"},\"image\":{\"@id\":\"https:\/\/fittwear.nl\/#\/schema\/logo\/image\/\"}}]}<\/script>\n<!-- \/ Yoast SEO plugin. -->","yoast_head_json":{"title":"Shortsuit mit tiefem R\u00fcckenausschnitt Schwarz - FITTwear.de","description":"Trendiger Jumpsuit, stilvoll und bequem in einem f\u00fcr Ihr Training oder wenn Sie ihn im Alltag tragen. Der Low Back Shortsuit ist eine Bereicherung f\u00fcr Ihre Garderobe. Er ist nicht nur ein gro\u00dfartiges Teil f\u00fcr Ihr Training, sondern auch sehr stilvoll, wenn Sie ihn im Alltag tragen und ihn eventuell mit einem Blazer abrunden. Dehnbar, bequem, schlank machend und nicht verrutschend w\u00e4hrend Ihres intensiven Trainings, was will man mehr? Erleben Sie das Gef\u00fchl der Freiheit in dem, was Sie tun, mit diesem tollen Shortsuit. Ideal f\u00fcr den Sommer oder bei intensiven Workouts, die Sie hei\u00df machen. Der Stretch-Effekt und die schlankmachende Wirkung sorgen f\u00fcr eine perfekte Passform f\u00fcr Ihren K\u00f6rper!","robots":{"index":"index","follow":"follow","max-snippet":"max-snippet:-1","max-image-preview":"max-image-preview:large","max-video-preview":"max-video-preview:-1"},"canonical":"https:\/\/fittwear.nl\/de\/produkt-2\/shortsuit-mit-tiefem-ruckenausschnitt-schwarz\/","og_locale":"de_DE","og_type":"article","og_title":"Low Back Scrunch Shortsuit Black - FITTwear.nl","og_description":"Trendy jumpsuit, stylish en comfort in een voor tijdens jouw workout of wanneer je hem draagt in je dagelijkse routine. De Low Back Shortsuit is een toevoeging voor in jouw kledingkast, niet alleen is het een fantastisch item voor tijdens het sporten, maar ook erg stylish door hem te dragen in het dagelijks leven en eventueel af te stijlen met een blazer. Stretchy, comfort, slimming en zakt niet af tijdens jouw intensieve workout, wat wil je nog meer? Ervaar het gevoel van vrijheid in hetgeen wat je doet met deze geweldige Shortsuit. Ideaal voor in de zomer of tijdens de intensieve workouts waar je het warm van krijgt. De stretch en het slimming effect zorgen voor de perfecte pasvorm voor jouw lichaam!","og_url":"https:\/\/fittwear.nl\/de\/produkt-2\/shortsuit-mit-tiefem-ruckenausschnitt-schwarz\/","og_site_name":"FITTwear.nl","article_modified_time":"2026-04-26T11:38:03+00:00","og_image":[{"width":1200,"height":1800,"url":"https:\/\/fittwear.nl\/wp-content\/uploads\/2024\/03\/jumpsuit-zwart_Voorkant-boven_jpg_1.jpg","type":"image\/jpeg"}],"twitter_card":"summary_large_image","twitter_misc":{"Gesch\u00e4tzte Lesezeit":"1\u00a0Minute"},"schema":{"@context":"https:\/\/schema.org","@graph":[{"@type":"WebPage","@id":"https:\/\/fittwear.nl\/product\/low-back-scrunch-shortsuit-black\/","url":"https:\/\/fittwear.nl\/product\/low-back-scrunch-shortsuit-black\/","name":"Shortsuit mit tiefem R\u00fcckenausschnitt Schwarz - FITTwear.de","isPartOf":{"@id":"https:\/\/fittwear.nl\/#website"},"primaryImageOfPage":{"@id":"https:\/\/fittwear.nl\/product\/low-back-scrunch-shortsuit-black\/#primaryimage"},"image":{"@id":"https:\/\/fittwear.nl\/product\/low-back-scrunch-shortsuit-black\/#primaryimage"},"thumbnailUrl":"https:\/\/fittwear.nl\/wp-content\/uploads\/2024\/03\/jumpsuit-zwart_Voorkant-boven_jpg_1.jpg","datePublished":"2024-04-04T09:19:47+00:00","dateModified":"2026-04-26T11:38:03+00:00","description":"Trendiger Jumpsuit, stilvoll und bequem in einem f\u00fcr Ihr Training oder wenn Sie ihn im Alltag tragen. Der Low Back Shortsuit ist eine Bereicherung f\u00fcr Ihre Garderobe. Er ist nicht nur ein gro\u00dfartiges Teil f\u00fcr Ihr Training, sondern auch sehr stilvoll, wenn Sie ihn im Alltag tragen und ihn eventuell mit einem Blazer abrunden. Dehnbar, bequem, schlank machend und nicht verrutschend w\u00e4hrend Ihres intensiven Trainings, was will man mehr? Erleben Sie das Gef\u00fchl der Freiheit in dem, was Sie tun, mit diesem tollen Shortsuit. Ideal f\u00fcr den Sommer oder bei intensiven Workouts, die Sie hei\u00df machen. Der Stretch-Effekt und die schlankmachende Wirkung sorgen f\u00fcr eine perfekte Passform f\u00fcr Ihren K\u00f6rper!","breadcrumb":{"@id":"https:\/\/fittwear.nl\/product\/low-back-scrunch-shortsuit-black\/#breadcrumb"},"inLanguage":"de","potentialAction":[{"@type":"ReadAction","target":["https:\/\/fittwear.nl\/product\/low-back-scrunch-shortsuit-black\/"]}]},{"@type":"ImageObject","inLanguage":"de","@id":"https:\/\/fittwear.nl\/product\/low-back-scrunch-shortsuit-black\/#primaryimage","url":"https:\/\/fittwear.nl\/wp-content\/uploads\/2024\/03\/jumpsuit-zwart_Voorkant-boven_jpg_1.jpg","contentUrl":"https:\/\/fittwear.nl\/wp-content\/uploads\/2024\/03\/jumpsuit-zwart_Voorkant-boven_jpg_1.jpg","width":1200,"height":1800},{"@type":"BreadcrumbList","@id":"https:\/\/fittwear.nl\/product\/low-back-scrunch-shortsuit-black\/#breadcrumb","itemListElement":[{"@type":"ListItem","position":1,"name":"Home","item":"https:\/\/fittwear.nl\/"},{"@type":"ListItem","position":2,"name":"Shop","item":"https:\/\/fittwear.nl\/shop\/"},{"@type":"ListItem","position":3,"name":"Low Back Scrunch Shortsuit Black"}]},{"@type":"WebSite","@id":"https:\/\/fittwear.nl\/#website","url":"https:\/\/fittwear.nl\/","name":"FITTwear.co.uk","description":"Zeit zu gl\u00e4nzen!","publisher":{"@id":"https:\/\/fittwear.nl\/#organization"},"potentialAction":[{"@type":"SearchAction","target":{"@type":"EntryPoint","urlTemplate":"https:\/\/fittwear.nl\/?s={search_term_string}"},"query-input":{"@type":"PropertyValueSpecification","valueRequired":true,"valueName":"search_term_string"}}],"inLanguage":"de"},{"@type":"Organization","@id":"https:\/\/fittwear.nl\/#organization","name":"FITTwear.co.uk","url":"https:\/\/fittwear.nl\/","logo":{"@type":"ImageObject","inLanguage":"de","@id":"https:\/\/fittwear.nl\/#\/schema\/logo\/image\/","url":"https:\/\/fittwear.nl\/wp-content\/uploads\/2024\/07\/FITT-Logo-BeYOUtiful-website-homepage_Tekengebied-1-scaled.jpg","contentUrl":"https:\/\/fittwear.nl\/wp-content\/uploads\/2024\/07\/FITT-Logo-BeYOUtiful-website-homepage_Tekengebied-1-scaled.jpg","width":2560,"height":599,"caption":"FITTwear.nl"},"image":{"@id":"https:\/\/fittwear.nl\/#\/schema\/logo\/image\/"}}]}},"_links":{"self":[{"href":"https:\/\/fittwear.nl\/de\/wp-json\/wp\/v2\/product\/88803","targetHints":{"allow":["GET"]}}],"collection":[{"href":"https:\/\/fittwear.nl\/de\/wp-json\/wp\/v2\/product"}],"about":[{"href":"https:\/\/fittwear.nl\/de\/wp-json\/wp\/v2\/types\/product"}],"wp:featuredmedia":[{"embeddable":true,"href":"https:\/\/fittwear.nl\/de\/wp-json\/wp\/v2\/media\/89285"}],"wp:attachment":[{"href":"https:\/\/fittwear.nl\/de\/wp-json\/wp\/v2\/media?parent=88803"}],"wp:term":[{"taxonomy":"product_brand","embeddable":true,"href":"https:\/\/fittwear.nl\/de\/wp-json\/wp\/v2\/product_brand?post=88803"},{"taxonomy":"product_cat","embeddable":true,"href":"https:\/\/fittwear.nl\/de\/wp-json\/wp\/v2\/product_cat?post=88803"},{"taxonomy":"product_tag","embeddable":true,"href":"https:\/\/fittwear.nl\/de\/wp-json\/wp\/v2\/product_tag?post=88803"}],"curies":[{"name":"wp","href":"https:\/\/api.w.org\/{rel}","templated":true}]}}