{"id":9210,"date":"2021-04-26T16:55:05","date_gmt":"2021-04-26T14:55:05","guid":{"rendered":"https:\/\/fittwear.nl\/?post_type=product&#038;p=9210"},"modified":"2026-04-03T08:41:10","modified_gmt":"2026-04-03T06:41:10","slug":"funktionell-blau-grau-melange","status":"publish","type":"product","link":"https:\/\/fittwear.nl\/de\/product\/functional-bh-blauw-grijs-melange\/","title":{"rendered":"Funktions-BH Blau-Melange-Grau"},"content":{"rendered":"<p>- Sport-BH nahtlos<\/p>\n<p>- Herausnehmbare Polsterung<\/p>\n<p>- Details des Netzes<\/p>\n<p>- Zus\u00e4tzliche Atmungsaktivit\u00e4t<\/p>\n<p>- 60% Nylon, 32% Polyester, 8% Elastan<\/p>\n<p>- 265 g\/m\u00b2<\/p>\n<p>- Waschbar bis zu 30\u00b0<\/p>\n<p>- Mittlere Auswirkungen<\/p>\n<p>- Farbe: Blau-Grau<\/p>\n<p><span style=\"font-size: revert; color: initial;\">- Model Tiffany ist 1,70m gro\u00df und tr\u00e4gt Gr\u00f6\u00dfe XS<\/span><\/p>","protected":false},"excerpt":{"rendered":"<p>Dieser nahtlose Sport-BH mit vorgeformten, herausnehmbaren Pads verf\u00fcgt \u00fcber Mesh-Details an den Tr\u00e4gern, am V-Einsatz auf der Vorderseite und auf der R\u00fcckseite am Racerback-Panel. Dies sorgt f\u00fcr zus\u00e4tzliche Atmungsaktivit\u00e4t und ist die ultimative Wahl f\u00fcr Komfort, Flexibilit\u00e4t und Stil.<\/p>","protected":false},"featured_media":9214,"template":"","meta":{"_acf_changed":false},"product_brand":[],"product_cat":[27],"product_tag":[104],"class_list":{"0":"post-9210","1":"product","2":"type-product","3":"status-publish","4":"has-post-thumbnail","6":"product_cat-dames","7":"product_tag-sport-bh-seamless","9":"first","10":"instock","11":"sale","12":"taxable","13":"shipping-taxable","14":"purchasable","15":"product-type-variable","16":"has-default-attributes"},"acf":[],"yoast_head":"<!-- This site is optimized with the Yoast SEO plugin v27.1.1 - https:\/\/yoast.com\/product\/yoast-seo-wordpress\/ -->\n<title>Functional BH Blue Melange Grey - Dames Sportkleding - FITTwear.nl<\/title>\n<meta name=\"description\" content=\"Deze naadloze sportbeha met voorgevormde uitneembare pads is voorzien van mesh details op de bandjes, op het V-inzetstuk aan de voorzijde en aan de achterzijde op het racerback-paneel. Dit zorgt voor een extra ademend vermogen en is de ultieme keuze voor comfort, flexibiliteit en stijl.\" \/>\n<meta name=\"robots\" content=\"index, follow, max-snippet:-1, max-image-preview:large, max-video-preview:-1\" \/>\n<link rel=\"canonical\" href=\"https:\/\/fittwear.nl\/de\/produkt-2\/funktionell-blau-grau-melange\/\" \/>\n<meta property=\"og:locale\" content=\"de_DE\" \/>\n<meta property=\"og:type\" content=\"article\" \/>\n<meta property=\"og:title\" content=\"Functional BH Blue Melange Grey - Dames Sportkleding - FITTwear.nl\" \/>\n<meta property=\"og:description\" content=\"Deze naadloze sportbeha met voorgevormde uitneembare pads is voorzien van mesh details op de bandjes, op het V-inzetstuk aan de voorzijde en aan de achterzijde op het racerback-paneel. Dit zorgt voor een extra ademend vermogen en is de ultieme keuze voor comfort, flexibiliteit en stijl.\" \/>\n<meta property=\"og:url\" content=\"https:\/\/fittwear.nl\/de\/produkt-2\/funktionell-blau-grau-melange\/\" \/>\n<meta property=\"og:site_name\" content=\"FITTwear.nl\" \/>\n<meta property=\"article:modified_time\" content=\"2026-04-03T06:41:10+00:00\" \/>\n<meta property=\"og:image\" content=\"https:\/\/fittwear.nl\/wp-content\/uploads\/2021\/04\/functional-bh_onder_jpg_3-1.jpg\" \/>\n\t<meta property=\"og:image:width\" content=\"1074\" \/>\n\t<meta property=\"og:image:height\" content=\"1612\" \/>\n\t<meta property=\"og:image:type\" content=\"image\/jpeg\" \/>\n<meta name=\"twitter:card\" content=\"summary_large_image\" \/>\n<meta name=\"twitter:label1\" content=\"Gesch\u00e4tzte Lesezeit\" \/>\n\t<meta name=\"twitter:data1\" content=\"1\u00a0Minute\" \/>\n<script type=\"application\/ld+json\" class=\"yoast-schema-graph\">{\"@context\":\"https:\/\/schema.org\",\"@graph\":[{\"@type\":\"WebPage\",\"@id\":\"https:\/\/fittwear.nl\/product\/functional-bh-blauw-grijs-melange\/\",\"url\":\"https:\/\/fittwear.nl\/product\/functional-bh-blauw-grijs-melange\/\",\"name\":\"Functional BH Blue Melange Grey - Dames Sportkleding - FITTwear.nl\",\"isPartOf\":{\"@id\":\"https:\/\/fittwear.nl\/#website\"},\"primaryImageOfPage\":{\"@id\":\"https:\/\/fittwear.nl\/product\/functional-bh-blauw-grijs-melange\/#primaryimage\"},\"image\":{\"@id\":\"https:\/\/fittwear.nl\/product\/functional-bh-blauw-grijs-melange\/#primaryimage\"},\"thumbnailUrl\":\"https:\/\/fittwear.nl\/wp-content\/uploads\/2021\/04\/functional-bh_onder_jpg_3-1.jpg\",\"datePublished\":\"2021-04-26T14:55:05+00:00\",\"dateModified\":\"2026-04-03T06:41:10+00:00\",\"description\":\"Deze naadloze sportbeha met voorgevormde uitneembare pads is voorzien van mesh details op de bandjes, op het V-inzetstuk aan de voorzijde en aan de achterzijde op het racerback-paneel. Dit zorgt voor een extra ademend vermogen en is de ultieme keuze voor comfort, flexibiliteit en stijl.\",\"breadcrumb\":{\"@id\":\"https:\/\/fittwear.nl\/product\/functional-bh-blauw-grijs-melange\/#breadcrumb\"},\"inLanguage\":\"de\",\"potentialAction\":[{\"@type\":\"ReadAction\",\"target\":[\"https:\/\/fittwear.nl\/product\/functional-bh-blauw-grijs-melange\/\"]}]},{\"@type\":\"ImageObject\",\"inLanguage\":\"de\",\"@id\":\"https:\/\/fittwear.nl\/product\/functional-bh-blauw-grijs-melange\/#primaryimage\",\"url\":\"https:\/\/fittwear.nl\/wp-content\/uploads\/2021\/04\/functional-bh_onder_jpg_3-1.jpg\",\"contentUrl\":\"https:\/\/fittwear.nl\/wp-content\/uploads\/2021\/04\/functional-bh_onder_jpg_3-1.jpg\",\"width\":1074,\"height\":1612},{\"@type\":\"BreadcrumbList\",\"@id\":\"https:\/\/fittwear.nl\/product\/functional-bh-blauw-grijs-melange\/#breadcrumb\",\"itemListElement\":[{\"@type\":\"ListItem\",\"position\":1,\"name\":\"Home\",\"item\":\"https:\/\/fittwear.nl\/\"},{\"@type\":\"ListItem\",\"position\":2,\"name\":\"Shop\",\"item\":\"https:\/\/fittwear.nl\/shop\/\"},{\"@type\":\"ListItem\",\"position\":3,\"name\":\"Functional BH Blue Melange Grey\"}]},{\"@type\":\"WebSite\",\"@id\":\"https:\/\/fittwear.nl\/#website\",\"url\":\"https:\/\/fittwear.nl\/\",\"name\":\"FITTwear.nl\",\"description\":\"Time to shine!\",\"publisher\":{\"@id\":\"https:\/\/fittwear.nl\/#organization\"},\"potentialAction\":[{\"@type\":\"SearchAction\",\"target\":{\"@type\":\"EntryPoint\",\"urlTemplate\":\"https:\/\/fittwear.nl\/?s={search_term_string}\"},\"query-input\":{\"@type\":\"PropertyValueSpecification\",\"valueRequired\":true,\"valueName\":\"search_term_string\"}}],\"inLanguage\":\"de\"},{\"@type\":\"Organization\",\"@id\":\"https:\/\/fittwear.nl\/#organization\",\"name\":\"FITTwear.nl\",\"url\":\"https:\/\/fittwear.nl\/\",\"logo\":{\"@type\":\"ImageObject\",\"inLanguage\":\"de\",\"@id\":\"https:\/\/fittwear.nl\/#\/schema\/logo\/image\/\",\"url\":\"https:\/\/fittwear.nl\/wp-content\/uploads\/2024\/07\/FITT-Logo-BeYOUtiful-website-homepage_Tekengebied-1-scaled.jpg\",\"contentUrl\":\"https:\/\/fittwear.nl\/wp-content\/uploads\/2024\/07\/FITT-Logo-BeYOUtiful-website-homepage_Tekengebied-1-scaled.jpg\",\"width\":2560,\"height\":599,\"caption\":\"FITTwear.nl\"},\"image\":{\"@id\":\"https:\/\/fittwear.nl\/#\/schema\/logo\/image\/\"}}]}<\/script>\n<!-- \/ Yoast SEO plugin. -->","yoast_head_json":{"title":"Funktions-BH Blau Melange Grau - Sportbekleidung f\u00fcr Frauen - FITTwear.nl","description":"Dieser nahtlose Sport-BH mit vorgeformten, herausnehmbaren Pads verf\u00fcgt \u00fcber Mesh-Details an den Tr\u00e4gern, am V-Einsatz auf der Vorderseite und auf der R\u00fcckseite am Racerback-Panel. Dies sorgt f\u00fcr zus\u00e4tzliche Atmungsaktivit\u00e4t und ist die ultimative Wahl f\u00fcr Komfort, Flexibilit\u00e4t und Stil.","robots":{"index":"index","follow":"follow","max-snippet":"max-snippet:-1","max-image-preview":"max-image-preview:large","max-video-preview":"max-video-preview:-1"},"canonical":"https:\/\/fittwear.nl\/de\/produkt-2\/funktionell-blau-grau-melange\/","og_locale":"de_DE","og_type":"article","og_title":"Functional BH Blue Melange Grey - Dames Sportkleding - FITTwear.nl","og_description":"Deze naadloze sportbeha met voorgevormde uitneembare pads is voorzien van mesh details op de bandjes, op het V-inzetstuk aan de voorzijde en aan de achterzijde op het racerback-paneel. Dit zorgt voor een extra ademend vermogen en is de ultieme keuze voor comfort, flexibiliteit en stijl.","og_url":"https:\/\/fittwear.nl\/de\/produkt-2\/funktionell-blau-grau-melange\/","og_site_name":"FITTwear.nl","article_modified_time":"2026-04-03T06:41:10+00:00","og_image":[{"width":1074,"height":1612,"url":"https:\/\/fittwear.nl\/wp-content\/uploads\/2021\/04\/functional-bh_onder_jpg_3-1.jpg","type":"image\/jpeg"}],"twitter_card":"summary_large_image","twitter_misc":{"Gesch\u00e4tzte Lesezeit":"1\u00a0Minute"},"schema":{"@context":"https:\/\/schema.org","@graph":[{"@type":"WebPage","@id":"https:\/\/fittwear.nl\/product\/functional-bh-blauw-grijs-melange\/","url":"https:\/\/fittwear.nl\/product\/functional-bh-blauw-grijs-melange\/","name":"Funktions-BH Blau Melange Grau - Sportbekleidung f\u00fcr Frauen - FITTwear.nl","isPartOf":{"@id":"https:\/\/fittwear.nl\/#website"},"primaryImageOfPage":{"@id":"https:\/\/fittwear.nl\/product\/functional-bh-blauw-grijs-melange\/#primaryimage"},"image":{"@id":"https:\/\/fittwear.nl\/product\/functional-bh-blauw-grijs-melange\/#primaryimage"},"thumbnailUrl":"https:\/\/fittwear.nl\/wp-content\/uploads\/2021\/04\/functional-bh_onder_jpg_3-1.jpg","datePublished":"2021-04-26T14:55:05+00:00","dateModified":"2026-04-03T06:41:10+00:00","description":"Dieser nahtlose Sport-BH mit vorgeformten, herausnehmbaren Pads verf\u00fcgt \u00fcber Mesh-Details an den Tr\u00e4gern, am V-Einsatz auf der Vorderseite und auf der R\u00fcckseite am Racerback-Panel. Dies sorgt f\u00fcr zus\u00e4tzliche Atmungsaktivit\u00e4t und ist die ultimative Wahl f\u00fcr Komfort, Flexibilit\u00e4t und Stil.","breadcrumb":{"@id":"https:\/\/fittwear.nl\/product\/functional-bh-blauw-grijs-melange\/#breadcrumb"},"inLanguage":"de","potentialAction":[{"@type":"ReadAction","target":["https:\/\/fittwear.nl\/product\/functional-bh-blauw-grijs-melange\/"]}]},{"@type":"ImageObject","inLanguage":"de","@id":"https:\/\/fittwear.nl\/product\/functional-bh-blauw-grijs-melange\/#primaryimage","url":"https:\/\/fittwear.nl\/wp-content\/uploads\/2021\/04\/functional-bh_onder_jpg_3-1.jpg","contentUrl":"https:\/\/fittwear.nl\/wp-content\/uploads\/2021\/04\/functional-bh_onder_jpg_3-1.jpg","width":1074,"height":1612},{"@type":"BreadcrumbList","@id":"https:\/\/fittwear.nl\/product\/functional-bh-blauw-grijs-melange\/#breadcrumb","itemListElement":[{"@type":"ListItem","position":1,"name":"Home","item":"https:\/\/fittwear.nl\/"},{"@type":"ListItem","position":2,"name":"Shop","item":"https:\/\/fittwear.nl\/shop\/"},{"@type":"ListItem","position":3,"name":"Functional BH Blue Melange Grey"}]},{"@type":"WebSite","@id":"https:\/\/fittwear.nl\/#website","url":"https:\/\/fittwear.nl\/","name":"FITTwear.co.uk","description":"Zeit zu gl\u00e4nzen!","publisher":{"@id":"https:\/\/fittwear.nl\/#organization"},"potentialAction":[{"@type":"SearchAction","target":{"@type":"EntryPoint","urlTemplate":"https:\/\/fittwear.nl\/?s={search_term_string}"},"query-input":{"@type":"PropertyValueSpecification","valueRequired":true,"valueName":"search_term_string"}}],"inLanguage":"de"},{"@type":"Organization","@id":"https:\/\/fittwear.nl\/#organization","name":"FITTwear.co.uk","url":"https:\/\/fittwear.nl\/","logo":{"@type":"ImageObject","inLanguage":"de","@id":"https:\/\/fittwear.nl\/#\/schema\/logo\/image\/","url":"https:\/\/fittwear.nl\/wp-content\/uploads\/2024\/07\/FITT-Logo-BeYOUtiful-website-homepage_Tekengebied-1-scaled.jpg","contentUrl":"https:\/\/fittwear.nl\/wp-content\/uploads\/2024\/07\/FITT-Logo-BeYOUtiful-website-homepage_Tekengebied-1-scaled.jpg","width":2560,"height":599,"caption":"FITTwear.nl"},"image":{"@id":"https:\/\/fittwear.nl\/#\/schema\/logo\/image\/"}}]}},"_links":{"self":[{"href":"https:\/\/fittwear.nl\/de\/wp-json\/wp\/v2\/product\/9210","targetHints":{"allow":["GET"]}}],"collection":[{"href":"https:\/\/fittwear.nl\/de\/wp-json\/wp\/v2\/product"}],"about":[{"href":"https:\/\/fittwear.nl\/de\/wp-json\/wp\/v2\/types\/product"}],"wp:featuredmedia":[{"embeddable":true,"href":"https:\/\/fittwear.nl\/de\/wp-json\/wp\/v2\/media\/9214"}],"wp:attachment":[{"href":"https:\/\/fittwear.nl\/de\/wp-json\/wp\/v2\/media?parent=9210"}],"wp:term":[{"taxonomy":"product_brand","embeddable":true,"href":"https:\/\/fittwear.nl\/de\/wp-json\/wp\/v2\/product_brand?post=9210"},{"taxonomy":"product_cat","embeddable":true,"href":"https:\/\/fittwear.nl\/de\/wp-json\/wp\/v2\/product_cat?post=9210"},{"taxonomy":"product_tag","embeddable":true,"href":"https:\/\/fittwear.nl\/de\/wp-json\/wp\/v2\/product_tag?post=9210"}],"curies":[{"name":"wp","href":"https:\/\/api.w.org\/{rel}","templated":true}]}}