{"id":9258,"date":"2021-04-28T16:31:04","date_gmt":"2021-04-28T14:31:04","guid":{"rendered":"https:\/\/fittwear.nl\/?post_type=product&#038;p=9258"},"modified":"2026-04-27T16:05:59","modified_gmt":"2026-04-27T14:05:59","slug":"lounge-sweatpants-weis","status":"publish","type":"product","link":"https:\/\/fittwear.nl\/de\/product\/lounge-sweatpants-wit\/","title":{"rendered":"Lounge-Sweatpants Wei\u00df"},"content":{"rendered":"<p>- Schlanke Jogginghose<\/p>\n<p>- Skinny-Bein-Passform<\/p>\n<p>- Leichter Stoff<\/p>\n<p>- Tonsaiten<\/p>\n<p>- Elastischer Bund<\/p>\n<p>- Gerippter unterer Saum<\/p>\n<p>- 60% Baumwolle, 40% Polyester<\/p>\n<p>- 250 g\/m\u00b2<\/p>\n<p>- Waschbar bis zu 40\u00b0<\/p>\n<p>- Farbe: Wei\u00df<\/p>\n<p>- Model Tiffany ist 1,70m gro\u00df und tr\u00e4gt Gr\u00f6\u00dfe XS<\/p>","protected":false},"excerpt":{"rendered":"<p>F\u00fchlen Sie sich nach dem Training oder in der Freizeit in dieser sch\u00f6nen, schmalen Jogginghose herrlich wohl. Diese Hose hat eine moderne Passform mit schmalem Bein. W\u00e4rme und Komfort vereinen sich zu einem schmeichelhaften Look! Die Hose hat einen elastischen Bund und Rippb\u00fcndchen am unteren Ende der Hosenbeine. Die Kordelz\u00fcge und Details auf beiden Seiten sind in der gleichen Farbe gehalten. Sie suchen Komfort von Kopf bis Fu\u00df? Dann bestellen Sie auch den passenden Crop Hoody f\u00fcr einen kompletten Anzug.<\/p>\n<p>Model Tiffany ist 1,70m gro\u00df und tr\u00e4gt Gr\u00f6\u00dfe XS<\/p>","protected":false},"featured_media":9264,"template":"","meta":{"_acf_changed":false},"product_brand":[],"product_cat":[27,53,61,66],"product_tag":[],"class_list":{"0":"post-9258","1":"product","2":"type-product","3":"status-publish","4":"has-post-thumbnail","6":"product_cat-dames","7":"product_cat-sweatpants","8":"product_cat-shoppen-op-stijl","9":"product_cat-loungewear","11":"first","12":"instock","13":"sale","14":"taxable","15":"shipping-taxable","16":"purchasable","17":"product-type-variable","18":"has-default-attributes"},"acf":[],"yoast_head":"<!-- This site is optimized with the Yoast SEO plugin v27.1.1 - https:\/\/yoast.com\/product\/yoast-seo-wordpress\/ -->\n<title>Lounge Sweatpants White - Loungewear - FITTwear.nl<\/title>\n<meta name=\"description\" content=\"Voel je heerlijk comfi na je workout of in je vrije tijd in deze mooie slanke joggingsbroek. Deze broek heeft een moderne skinny leg pasvorm. Warmte en comfort komen samen en cre\u00ebren een flatteuze look! De broek is voorzien van een elastische tailleband en een rib boord aan de onderzijde van de broekspijpen. De rijgkoorden en detail panelen aan beide zijden zijn in dezelfde kleur uitgevoerd. Van top tot teen op zoek naar comfort? Bestel dan ook de bijpassende crop hoody voor een volledig pak.  Model Tiffany is 1.70m en draagt maat XS\" \/>\n<meta name=\"robots\" content=\"index, follow, max-snippet:-1, max-image-preview:large, max-video-preview:-1\" \/>\n<link rel=\"canonical\" href=\"https:\/\/fittwear.nl\/de\/produkt-2\/lounge-sweatpants-weis\/\" \/>\n<meta property=\"og:locale\" content=\"de_DE\" \/>\n<meta property=\"og:type\" content=\"article\" \/>\n<meta property=\"og:title\" content=\"Lounge Sweatpants White - Loungewear - FITTwear.nl\" \/>\n<meta property=\"og:description\" content=\"Voel je heerlijk comfi na je workout of in je vrije tijd in deze mooie slanke joggingsbroek. Deze broek heeft een moderne skinny leg pasvorm. Warmte en comfort komen samen en cre\u00ebren een flatteuze look! De broek is voorzien van een elastische tailleband en een rib boord aan de onderzijde van de broekspijpen. De rijgkoorden en detail panelen aan beide zijden zijn in dezelfde kleur uitgevoerd. Van top tot teen op zoek naar comfort? Bestel dan ook de bijpassende crop hoody voor een volledig pak.  Model Tiffany is 1.70m en draagt maat XS\" \/>\n<meta property=\"og:url\" content=\"https:\/\/fittwear.nl\/de\/produkt-2\/lounge-sweatpants-weis\/\" \/>\n<meta property=\"og:site_name\" content=\"FITTwear.nl\" \/>\n<meta property=\"article:modified_time\" content=\"2026-04-27T14:05:59+00:00\" \/>\n<meta property=\"og:image\" content=\"https:\/\/fittwear.nl\/wp-content\/uploads\/2021\/04\/swearpants-wit_full-strecht_jpg_1-1.jpg\" \/>\n\t<meta property=\"og:image:width\" content=\"1088\" \/>\n\t<meta property=\"og:image:height\" content=\"1632\" \/>\n\t<meta property=\"og:image:type\" content=\"image\/jpeg\" \/>\n<meta name=\"twitter:card\" content=\"summary_large_image\" \/>\n<meta name=\"twitter:label1\" content=\"Gesch\u00e4tzte Lesezeit\" \/>\n\t<meta name=\"twitter:data1\" content=\"1\u00a0Minute\" \/>\n<script type=\"application\/ld+json\" class=\"yoast-schema-graph\">{\"@context\":\"https:\/\/schema.org\",\"@graph\":[{\"@type\":\"WebPage\",\"@id\":\"https:\/\/fittwear.nl\/product\/lounge-sweatpants-wit\/\",\"url\":\"https:\/\/fittwear.nl\/product\/lounge-sweatpants-wit\/\",\"name\":\"Lounge Sweatpants White - Loungewear - FITTwear.nl\",\"isPartOf\":{\"@id\":\"https:\/\/fittwear.nl\/#website\"},\"primaryImageOfPage\":{\"@id\":\"https:\/\/fittwear.nl\/product\/lounge-sweatpants-wit\/#primaryimage\"},\"image\":{\"@id\":\"https:\/\/fittwear.nl\/product\/lounge-sweatpants-wit\/#primaryimage\"},\"thumbnailUrl\":\"https:\/\/fittwear.nl\/wp-content\/uploads\/2021\/04\/swearpants-wit_full-strecht_jpg_1-1.jpg\",\"datePublished\":\"2021-04-28T14:31:04+00:00\",\"dateModified\":\"2026-04-27T14:05:59+00:00\",\"description\":\"Voel je heerlijk comfi na je workout of in je vrije tijd in deze mooie slanke joggingsbroek. Deze broek heeft een moderne skinny leg pasvorm. Warmte en comfort komen samen en cre\u00ebren een flatteuze look! De broek is voorzien van een elastische tailleband en een rib boord aan de onderzijde van de broekspijpen. De rijgkoorden en detail panelen aan beide zijden zijn in dezelfde kleur uitgevoerd. Van top tot teen op zoek naar comfort? Bestel dan ook de bijpassende crop hoody voor een volledig pak. Model Tiffany is 1.70m en draagt maat XS\",\"breadcrumb\":{\"@id\":\"https:\/\/fittwear.nl\/product\/lounge-sweatpants-wit\/#breadcrumb\"},\"inLanguage\":\"de\",\"potentialAction\":[{\"@type\":\"ReadAction\",\"target\":[\"https:\/\/fittwear.nl\/product\/lounge-sweatpants-wit\/\"]}]},{\"@type\":\"ImageObject\",\"inLanguage\":\"de\",\"@id\":\"https:\/\/fittwear.nl\/product\/lounge-sweatpants-wit\/#primaryimage\",\"url\":\"https:\/\/fittwear.nl\/wp-content\/uploads\/2021\/04\/swearpants-wit_full-strecht_jpg_1-1.jpg\",\"contentUrl\":\"https:\/\/fittwear.nl\/wp-content\/uploads\/2021\/04\/swearpants-wit_full-strecht_jpg_1-1.jpg\",\"width\":1088,\"height\":1632},{\"@type\":\"BreadcrumbList\",\"@id\":\"https:\/\/fittwear.nl\/product\/lounge-sweatpants-wit\/#breadcrumb\",\"itemListElement\":[{\"@type\":\"ListItem\",\"position\":1,\"name\":\"Home\",\"item\":\"https:\/\/fittwear.nl\/\"},{\"@type\":\"ListItem\",\"position\":2,\"name\":\"Shop\",\"item\":\"https:\/\/fittwear.nl\/shop\/\"},{\"@type\":\"ListItem\",\"position\":3,\"name\":\"Lounge Sweatpants White\"}]},{\"@type\":\"WebSite\",\"@id\":\"https:\/\/fittwear.nl\/#website\",\"url\":\"https:\/\/fittwear.nl\/\",\"name\":\"FITTwear.nl\",\"description\":\"Time to shine!\",\"publisher\":{\"@id\":\"https:\/\/fittwear.nl\/#organization\"},\"potentialAction\":[{\"@type\":\"SearchAction\",\"target\":{\"@type\":\"EntryPoint\",\"urlTemplate\":\"https:\/\/fittwear.nl\/?s={search_term_string}\"},\"query-input\":{\"@type\":\"PropertyValueSpecification\",\"valueRequired\":true,\"valueName\":\"search_term_string\"}}],\"inLanguage\":\"de\"},{\"@type\":\"Organization\",\"@id\":\"https:\/\/fittwear.nl\/#organization\",\"name\":\"FITTwear.nl\",\"url\":\"https:\/\/fittwear.nl\/\",\"logo\":{\"@type\":\"ImageObject\",\"inLanguage\":\"de\",\"@id\":\"https:\/\/fittwear.nl\/#\/schema\/logo\/image\/\",\"url\":\"https:\/\/fittwear.nl\/wp-content\/uploads\/2024\/07\/FITT-Logo-BeYOUtiful-website-homepage_Tekengebied-1-scaled.jpg\",\"contentUrl\":\"https:\/\/fittwear.nl\/wp-content\/uploads\/2024\/07\/FITT-Logo-BeYOUtiful-website-homepage_Tekengebied-1-scaled.jpg\",\"width\":2560,\"height\":599,\"caption\":\"FITTwear.nl\"},\"image\":{\"@id\":\"https:\/\/fittwear.nl\/#\/schema\/logo\/image\/\"}}]}<\/script>\n<!-- \/ Yoast SEO plugin. -->","yoast_head_json":{"title":"Lounge Sweatpants Wei\u00df - Loungewear - FITTwear.nl","description":"F\u00fchlen Sie sich nach dem Training oder in der Freizeit herrlich wohl in dieser sch\u00f6nen, schmalen Jogginghose. Diese Hose hat eine moderne Passform mit schmalem Bein. W\u00e4rme und Komfort vereinen sich zu einem schmeichelhaften Look! Die Hose hat einen elastischen Bund und Rippb\u00fcndchen am unteren Ende der Hosenbeine. Die Kordelz\u00fcge und Details auf beiden Seiten sind in der gleichen Farbe gehalten. Sie suchen Komfort von Kopf bis Fu\u00df? Dann bestellen Sie auch den passenden Crop Hoody f\u00fcr einen kompletten Anzug.  Model Tiffany ist 1,70m gro\u00df und tr\u00e4gt Gr\u00f6\u00dfe XS","robots":{"index":"index","follow":"follow","max-snippet":"max-snippet:-1","max-image-preview":"max-image-preview:large","max-video-preview":"max-video-preview:-1"},"canonical":"https:\/\/fittwear.nl\/de\/produkt-2\/lounge-sweatpants-weis\/","og_locale":"de_DE","og_type":"article","og_title":"Lounge Sweatpants White - Loungewear - FITTwear.nl","og_description":"Voel je heerlijk comfi na je workout of in je vrije tijd in deze mooie slanke joggingsbroek. Deze broek heeft een moderne skinny leg pasvorm. Warmte en comfort komen samen en cre\u00ebren een flatteuze look! De broek is voorzien van een elastische tailleband en een rib boord aan de onderzijde van de broekspijpen. De rijgkoorden en detail panelen aan beide zijden zijn in dezelfde kleur uitgevoerd. Van top tot teen op zoek naar comfort? Bestel dan ook de bijpassende crop hoody voor een volledig pak.  Model Tiffany is 1.70m en draagt maat XS","og_url":"https:\/\/fittwear.nl\/de\/produkt-2\/lounge-sweatpants-weis\/","og_site_name":"FITTwear.nl","article_modified_time":"2026-04-27T14:05:59+00:00","og_image":[{"width":1088,"height":1632,"url":"https:\/\/fittwear.nl\/wp-content\/uploads\/2021\/04\/swearpants-wit_full-strecht_jpg_1-1.jpg","type":"image\/jpeg"}],"twitter_card":"summary_large_image","twitter_misc":{"Gesch\u00e4tzte Lesezeit":"1\u00a0Minute"},"schema":{"@context":"https:\/\/schema.org","@graph":[{"@type":"WebPage","@id":"https:\/\/fittwear.nl\/product\/lounge-sweatpants-wit\/","url":"https:\/\/fittwear.nl\/product\/lounge-sweatpants-wit\/","name":"Lounge Sweatpants Wei\u00df - Loungewear - FITTwear.nl","isPartOf":{"@id":"https:\/\/fittwear.nl\/#website"},"primaryImageOfPage":{"@id":"https:\/\/fittwear.nl\/product\/lounge-sweatpants-wit\/#primaryimage"},"image":{"@id":"https:\/\/fittwear.nl\/product\/lounge-sweatpants-wit\/#primaryimage"},"thumbnailUrl":"https:\/\/fittwear.nl\/wp-content\/uploads\/2021\/04\/swearpants-wit_full-strecht_jpg_1-1.jpg","datePublished":"2021-04-28T14:31:04+00:00","dateModified":"2026-04-27T14:05:59+00:00","description":"F\u00fchlen Sie sich nach dem Training oder in der Freizeit in dieser sch\u00f6nen, schmalen Jogginghose herrlich wohl. Diese Hose hat eine moderne Passform mit schmalem Bein. W\u00e4rme und Komfort vereinen sich zu einem schmeichelhaften Look! Die Hose hat einen elastischen Bund und Rippb\u00fcndchen am unteren Ende der Hosenbeine. Die Kordelz\u00fcge und Details auf beiden Seiten sind in der gleichen Farbe gehalten. Sie suchen Komfort von Kopf bis Fu\u00df? Dann bestellen Sie auch den passenden Crop Hoody f\u00fcr einen kompletten Anzug. Model Tiffany ist 1,70m gro\u00df und tr\u00e4gt Gr\u00f6\u00dfe XS","breadcrumb":{"@id":"https:\/\/fittwear.nl\/product\/lounge-sweatpants-wit\/#breadcrumb"},"inLanguage":"de","potentialAction":[{"@type":"ReadAction","target":["https:\/\/fittwear.nl\/product\/lounge-sweatpants-wit\/"]}]},{"@type":"ImageObject","inLanguage":"de","@id":"https:\/\/fittwear.nl\/product\/lounge-sweatpants-wit\/#primaryimage","url":"https:\/\/fittwear.nl\/wp-content\/uploads\/2021\/04\/swearpants-wit_full-strecht_jpg_1-1.jpg","contentUrl":"https:\/\/fittwear.nl\/wp-content\/uploads\/2021\/04\/swearpants-wit_full-strecht_jpg_1-1.jpg","width":1088,"height":1632},{"@type":"BreadcrumbList","@id":"https:\/\/fittwear.nl\/product\/lounge-sweatpants-wit\/#breadcrumb","itemListElement":[{"@type":"ListItem","position":1,"name":"Home","item":"https:\/\/fittwear.nl\/"},{"@type":"ListItem","position":2,"name":"Shop","item":"https:\/\/fittwear.nl\/shop\/"},{"@type":"ListItem","position":3,"name":"Lounge Sweatpants White"}]},{"@type":"WebSite","@id":"https:\/\/fittwear.nl\/#website","url":"https:\/\/fittwear.nl\/","name":"FITTwear.co.uk","description":"Zeit zu gl\u00e4nzen!","publisher":{"@id":"https:\/\/fittwear.nl\/#organization"},"potentialAction":[{"@type":"SearchAction","target":{"@type":"EntryPoint","urlTemplate":"https:\/\/fittwear.nl\/?s={search_term_string}"},"query-input":{"@type":"PropertyValueSpecification","valueRequired":true,"valueName":"search_term_string"}}],"inLanguage":"de"},{"@type":"Organization","@id":"https:\/\/fittwear.nl\/#organization","name":"FITTwear.co.uk","url":"https:\/\/fittwear.nl\/","logo":{"@type":"ImageObject","inLanguage":"de","@id":"https:\/\/fittwear.nl\/#\/schema\/logo\/image\/","url":"https:\/\/fittwear.nl\/wp-content\/uploads\/2024\/07\/FITT-Logo-BeYOUtiful-website-homepage_Tekengebied-1-scaled.jpg","contentUrl":"https:\/\/fittwear.nl\/wp-content\/uploads\/2024\/07\/FITT-Logo-BeYOUtiful-website-homepage_Tekengebied-1-scaled.jpg","width":2560,"height":599,"caption":"FITTwear.nl"},"image":{"@id":"https:\/\/fittwear.nl\/#\/schema\/logo\/image\/"}}]}},"_links":{"self":[{"href":"https:\/\/fittwear.nl\/de\/wp-json\/wp\/v2\/product\/9258","targetHints":{"allow":["GET"]}}],"collection":[{"href":"https:\/\/fittwear.nl\/de\/wp-json\/wp\/v2\/product"}],"about":[{"href":"https:\/\/fittwear.nl\/de\/wp-json\/wp\/v2\/types\/product"}],"wp:featuredmedia":[{"embeddable":true,"href":"https:\/\/fittwear.nl\/de\/wp-json\/wp\/v2\/media\/9264"}],"wp:attachment":[{"href":"https:\/\/fittwear.nl\/de\/wp-json\/wp\/v2\/media?parent=9258"}],"wp:term":[{"taxonomy":"product_brand","embeddable":true,"href":"https:\/\/fittwear.nl\/de\/wp-json\/wp\/v2\/product_brand?post=9258"},{"taxonomy":"product_cat","embeddable":true,"href":"https:\/\/fittwear.nl\/de\/wp-json\/wp\/v2\/product_cat?post=9258"},{"taxonomy":"product_tag","embeddable":true,"href":"https:\/\/fittwear.nl\/de\/wp-json\/wp\/v2\/product_tag?post=9258"}],"curies":[{"name":"wp","href":"https:\/\/api.w.org\/{rel}","templated":true}]}}