{"id":93553,"date":"2024-06-14T14:56:03","date_gmt":"2024-06-14T12:56:03","guid":{"rendered":"https:\/\/fittwear.nl\/?post_type=product&#038;p=93553"},"modified":"2026-04-17T01:14:27","modified_gmt":"2026-04-16T23:14:27","slug":"v-form-scrunch-kurz-schwarz","status":"publish","type":"product","link":"https:\/\/fittwear.nl\/de\/product\/v-shape-scrunch-short-black\/","title":{"rendered":"V-f\u00f6rmige Scrunch Short Schwarz"},"content":{"rendered":"<p>&#8211; V-shaped waist band<\/p>\n\n\n\n<p>&#8211; Met scrunch<\/p>\n\n\n\n<p>&#8211; Met 2 zakken aan de zijkant<\/p>\n\n\n\n<p>- Dehnbares Material<\/p>\n\n\n\n<p>- Gedrucktes Logo auf der R\u00fcckseite<\/p>\n\n\n\n<p>- Farbe: Schwarz<\/p>\n\n\n\n<p>- Waschbar bis zu 30\u00b0<\/p>\n\n\n\n<p>- Model Nanon ist 1,75 und tr\u00e4gt Gr\u00f6\u00dfe S<\/p>","protected":false},"excerpt":{"rendered":"<p>Scrunch ist gerade total im Trend, und wir lieben es!  Die Shorts sind aus dehnbarem und weichem Material und bieten eine gute Kompression. Dank des stabilen, hohen Taillenbands bleiben die Shorts beim Training an ihrem Platz. Kurzum, ein echtes Must-Have f\u00fcr jedes FITTgirl!<\/p>","protected":false},"featured_media":94138,"template":"","meta":{"_acf_changed":false},"product_brand":[],"product_cat":[63,4814,64,4760,4285,93,65],"product_tag":[],"class_list":{"0":"post-93553","1":"product","2":"type-product","3":"status-publish","4":"has-post-thumbnail","6":"product_cat-curves","7":"product_cat-fitness","8":"product_cat-hardloopkleding","9":"product_cat-pocket-shorts","10":"product_cat-scrunch-shorts","11":"product_cat-shorts","12":"product_cat-yogakleding","14":"first","15":"instock","16":"taxable","17":"shipping-taxable","18":"purchasable","19":"product-type-variable","20":"has-default-attributes"},"acf":[],"yoast_head":"<!-- This site is optimized with the Yoast SEO plugin v27.1.1 - https:\/\/yoast.com\/product\/yoast-seo-wordpress\/ -->\n<title>V-shape Scrunch Short Black - FITTwear.nl<\/title>\n<meta name=\"description\" content=\"Scrunch is helemaal de trend van nu, en wij houden er van! \u00a0De short is gemaakt van een stretchy en zachte stof en biedt goede compressie. Door de stevige high waist band zal de short goed blijven zitten tijdens het sporten. Kortom, een echte musthave voor elke FITTgirl!\" \/>\n<meta name=\"robots\" content=\"index, follow, max-snippet:-1, max-image-preview:large, max-video-preview:-1\" \/>\n<link rel=\"canonical\" href=\"https:\/\/fittwear.nl\/de\/produkt-2\/v-form-scrunch-kurz-schwarz\/\" \/>\n<meta property=\"og:locale\" content=\"de_DE\" \/>\n<meta property=\"og:type\" content=\"article\" \/>\n<meta property=\"og:title\" content=\"V-shape Scrunch Short Black - FITTwear.nl\" \/>\n<meta property=\"og:description\" content=\"Scrunch is helemaal de trend van nu, en wij houden er van! \u00a0De short is gemaakt van een stretchy en zachte stof en biedt goede compressie. Door de stevige high waist band zal de short goed blijven zitten tijdens het sporten. Kortom, een echte musthave voor elke FITTgirl!\" \/>\n<meta property=\"og:url\" content=\"https:\/\/fittwear.nl\/de\/produkt-2\/v-form-scrunch-kurz-schwarz\/\" \/>\n<meta property=\"og:site_name\" content=\"FITTwear.nl\" \/>\n<meta property=\"article:modified_time\" content=\"2026-04-16T23:14:27+00:00\" \/>\n<meta property=\"og:image\" content=\"https:\/\/fittwear.nl\/wp-content\/uploads\/2024\/06\/v-shape-zwart-set_Voorkant-onder_jpg_1.jpg\" \/>\n\t<meta property=\"og:image:width\" content=\"1200\" \/>\n\t<meta property=\"og:image:height\" content=\"1800\" \/>\n\t<meta property=\"og:image:type\" content=\"image\/jpeg\" \/>\n<meta name=\"twitter:card\" content=\"summary_large_image\" \/>\n<meta name=\"twitter:label1\" content=\"Gesch\u00e4tzte Lesezeit\" \/>\n\t<meta name=\"twitter:data1\" content=\"1\u00a0Minute\" \/>\n<script type=\"application\/ld+json\" class=\"yoast-schema-graph\">{\"@context\":\"https:\/\/schema.org\",\"@graph\":[{\"@type\":\"WebPage\",\"@id\":\"https:\/\/fittwear.nl\/product\/v-shape-scrunch-short-black\/\",\"url\":\"https:\/\/fittwear.nl\/product\/v-shape-scrunch-short-black\/\",\"name\":\"V-shape Scrunch Short Black - FITTwear.nl\",\"isPartOf\":{\"@id\":\"https:\/\/fittwear.nl\/#website\"},\"primaryImageOfPage\":{\"@id\":\"https:\/\/fittwear.nl\/product\/v-shape-scrunch-short-black\/#primaryimage\"},\"image\":{\"@id\":\"https:\/\/fittwear.nl\/product\/v-shape-scrunch-short-black\/#primaryimage\"},\"thumbnailUrl\":\"https:\/\/fittwear.nl\/wp-content\/uploads\/2024\/06\/v-shape-zwart-set_Voorkant-onder_jpg_1.jpg\",\"datePublished\":\"2024-06-14T12:56:03+00:00\",\"dateModified\":\"2026-04-16T23:14:27+00:00\",\"description\":\"Scrunch is helemaal de trend van nu, en wij houden er van! \u00a0De short is gemaakt van een stretchy en zachte stof en biedt goede compressie. Door de stevige high waist band zal de short goed blijven zitten tijdens het sporten. Kortom, een echte musthave voor elke FITTgirl!\",\"breadcrumb\":{\"@id\":\"https:\/\/fittwear.nl\/product\/v-shape-scrunch-short-black\/#breadcrumb\"},\"inLanguage\":\"de\",\"potentialAction\":[{\"@type\":\"ReadAction\",\"target\":[\"https:\/\/fittwear.nl\/product\/v-shape-scrunch-short-black\/\"]}]},{\"@type\":\"ImageObject\",\"inLanguage\":\"de\",\"@id\":\"https:\/\/fittwear.nl\/product\/v-shape-scrunch-short-black\/#primaryimage\",\"url\":\"https:\/\/fittwear.nl\/wp-content\/uploads\/2024\/06\/v-shape-zwart-set_Voorkant-onder_jpg_1.jpg\",\"contentUrl\":\"https:\/\/fittwear.nl\/wp-content\/uploads\/2024\/06\/v-shape-zwart-set_Voorkant-onder_jpg_1.jpg\",\"width\":1200,\"height\":1800},{\"@type\":\"BreadcrumbList\",\"@id\":\"https:\/\/fittwear.nl\/product\/v-shape-scrunch-short-black\/#breadcrumb\",\"itemListElement\":[{\"@type\":\"ListItem\",\"position\":1,\"name\":\"Home\",\"item\":\"https:\/\/fittwear.nl\/\"},{\"@type\":\"ListItem\",\"position\":2,\"name\":\"Shop\",\"item\":\"https:\/\/fittwear.nl\/shop\/\"},{\"@type\":\"ListItem\",\"position\":3,\"name\":\"V-shape Scrunch Short Black\"}]},{\"@type\":\"WebSite\",\"@id\":\"https:\/\/fittwear.nl\/#website\",\"url\":\"https:\/\/fittwear.nl\/\",\"name\":\"FITTwear.nl\",\"description\":\"Time to shine!\",\"publisher\":{\"@id\":\"https:\/\/fittwear.nl\/#organization\"},\"potentialAction\":[{\"@type\":\"SearchAction\",\"target\":{\"@type\":\"EntryPoint\",\"urlTemplate\":\"https:\/\/fittwear.nl\/?s={search_term_string}\"},\"query-input\":{\"@type\":\"PropertyValueSpecification\",\"valueRequired\":true,\"valueName\":\"search_term_string\"}}],\"inLanguage\":\"de\"},{\"@type\":\"Organization\",\"@id\":\"https:\/\/fittwear.nl\/#organization\",\"name\":\"FITTwear.nl\",\"url\":\"https:\/\/fittwear.nl\/\",\"logo\":{\"@type\":\"ImageObject\",\"inLanguage\":\"de\",\"@id\":\"https:\/\/fittwear.nl\/#\/schema\/logo\/image\/\",\"url\":\"https:\/\/fittwear.nl\/wp-content\/uploads\/2024\/07\/FITT-Logo-BeYOUtiful-website-homepage_Tekengebied-1-scaled.jpg\",\"contentUrl\":\"https:\/\/fittwear.nl\/wp-content\/uploads\/2024\/07\/FITT-Logo-BeYOUtiful-website-homepage_Tekengebied-1-scaled.jpg\",\"width\":2560,\"height\":599,\"caption\":\"FITTwear.nl\"},\"image\":{\"@id\":\"https:\/\/fittwear.nl\/#\/schema\/logo\/image\/\"}}]}<\/script>\n<!-- \/ Yoast SEO plugin. -->","yoast_head_json":{"title":"V-shape Scrunch Short Schwarz - FITTwear.de","description":"Scrunch ist gerade total im Trend, und wir lieben es!  Die Shorts sind aus dehnbarem und weichem Material und bieten eine gute Kompression. Dank des stabilen, hohen Taillenbands bleiben die Shorts beim Training an ihrem Platz. Kurzum, ein echtes Must-Have f\u00fcr jedes FITTgirl!","robots":{"index":"index","follow":"follow","max-snippet":"max-snippet:-1","max-image-preview":"max-image-preview:large","max-video-preview":"max-video-preview:-1"},"canonical":"https:\/\/fittwear.nl\/de\/produkt-2\/v-form-scrunch-kurz-schwarz\/","og_locale":"de_DE","og_type":"article","og_title":"V-shape Scrunch Short Black - FITTwear.nl","og_description":"Scrunch is helemaal de trend van nu, en wij houden er van! \u00a0De short is gemaakt van een stretchy en zachte stof en biedt goede compressie. Door de stevige high waist band zal de short goed blijven zitten tijdens het sporten. Kortom, een echte musthave voor elke FITTgirl!","og_url":"https:\/\/fittwear.nl\/de\/produkt-2\/v-form-scrunch-kurz-schwarz\/","og_site_name":"FITTwear.nl","article_modified_time":"2026-04-16T23:14:27+00:00","og_image":[{"width":1200,"height":1800,"url":"https:\/\/fittwear.nl\/wp-content\/uploads\/2024\/06\/v-shape-zwart-set_Voorkant-onder_jpg_1.jpg","type":"image\/jpeg"}],"twitter_card":"summary_large_image","twitter_misc":{"Gesch\u00e4tzte Lesezeit":"1\u00a0Minute"},"schema":{"@context":"https:\/\/schema.org","@graph":[{"@type":"WebPage","@id":"https:\/\/fittwear.nl\/product\/v-shape-scrunch-short-black\/","url":"https:\/\/fittwear.nl\/product\/v-shape-scrunch-short-black\/","name":"V-shape Scrunch Short Schwarz - FITTwear.de","isPartOf":{"@id":"https:\/\/fittwear.nl\/#website"},"primaryImageOfPage":{"@id":"https:\/\/fittwear.nl\/product\/v-shape-scrunch-short-black\/#primaryimage"},"image":{"@id":"https:\/\/fittwear.nl\/product\/v-shape-scrunch-short-black\/#primaryimage"},"thumbnailUrl":"https:\/\/fittwear.nl\/wp-content\/uploads\/2024\/06\/v-shape-zwart-set_Voorkant-onder_jpg_1.jpg","datePublished":"2024-06-14T12:56:03+00:00","dateModified":"2026-04-16T23:14:27+00:00","description":"Scrunch ist gerade total im Trend, und wir lieben es!  Die Shorts sind aus dehnbarem und weichem Material und bieten eine gute Kompression. Dank des stabilen, hohen Taillenbands bleiben die Shorts beim Training an ihrem Platz. Kurzum, ein echtes Must-Have f\u00fcr jedes FITTgirl!","breadcrumb":{"@id":"https:\/\/fittwear.nl\/product\/v-shape-scrunch-short-black\/#breadcrumb"},"inLanguage":"de","potentialAction":[{"@type":"ReadAction","target":["https:\/\/fittwear.nl\/product\/v-shape-scrunch-short-black\/"]}]},{"@type":"ImageObject","inLanguage":"de","@id":"https:\/\/fittwear.nl\/product\/v-shape-scrunch-short-black\/#primaryimage","url":"https:\/\/fittwear.nl\/wp-content\/uploads\/2024\/06\/v-shape-zwart-set_Voorkant-onder_jpg_1.jpg","contentUrl":"https:\/\/fittwear.nl\/wp-content\/uploads\/2024\/06\/v-shape-zwart-set_Voorkant-onder_jpg_1.jpg","width":1200,"height":1800},{"@type":"BreadcrumbList","@id":"https:\/\/fittwear.nl\/product\/v-shape-scrunch-short-black\/#breadcrumb","itemListElement":[{"@type":"ListItem","position":1,"name":"Home","item":"https:\/\/fittwear.nl\/"},{"@type":"ListItem","position":2,"name":"Shop","item":"https:\/\/fittwear.nl\/shop\/"},{"@type":"ListItem","position":3,"name":"V-shape Scrunch Short Black"}]},{"@type":"WebSite","@id":"https:\/\/fittwear.nl\/#website","url":"https:\/\/fittwear.nl\/","name":"FITTwear.co.uk","description":"Zeit zu gl\u00e4nzen!","publisher":{"@id":"https:\/\/fittwear.nl\/#organization"},"potentialAction":[{"@type":"SearchAction","target":{"@type":"EntryPoint","urlTemplate":"https:\/\/fittwear.nl\/?s={search_term_string}"},"query-input":{"@type":"PropertyValueSpecification","valueRequired":true,"valueName":"search_term_string"}}],"inLanguage":"de"},{"@type":"Organization","@id":"https:\/\/fittwear.nl\/#organization","name":"FITTwear.co.uk","url":"https:\/\/fittwear.nl\/","logo":{"@type":"ImageObject","inLanguage":"de","@id":"https:\/\/fittwear.nl\/#\/schema\/logo\/image\/","url":"https:\/\/fittwear.nl\/wp-content\/uploads\/2024\/07\/FITT-Logo-BeYOUtiful-website-homepage_Tekengebied-1-scaled.jpg","contentUrl":"https:\/\/fittwear.nl\/wp-content\/uploads\/2024\/07\/FITT-Logo-BeYOUtiful-website-homepage_Tekengebied-1-scaled.jpg","width":2560,"height":599,"caption":"FITTwear.nl"},"image":{"@id":"https:\/\/fittwear.nl\/#\/schema\/logo\/image\/"}}]}},"_links":{"self":[{"href":"https:\/\/fittwear.nl\/de\/wp-json\/wp\/v2\/product\/93553","targetHints":{"allow":["GET"]}}],"collection":[{"href":"https:\/\/fittwear.nl\/de\/wp-json\/wp\/v2\/product"}],"about":[{"href":"https:\/\/fittwear.nl\/de\/wp-json\/wp\/v2\/types\/product"}],"wp:featuredmedia":[{"embeddable":true,"href":"https:\/\/fittwear.nl\/de\/wp-json\/wp\/v2\/media\/94138"}],"wp:attachment":[{"href":"https:\/\/fittwear.nl\/de\/wp-json\/wp\/v2\/media?parent=93553"}],"wp:term":[{"taxonomy":"product_brand","embeddable":true,"href":"https:\/\/fittwear.nl\/de\/wp-json\/wp\/v2\/product_brand?post=93553"},{"taxonomy":"product_cat","embeddable":true,"href":"https:\/\/fittwear.nl\/de\/wp-json\/wp\/v2\/product_cat?post=93553"},{"taxonomy":"product_tag","embeddable":true,"href":"https:\/\/fittwear.nl\/de\/wp-json\/wp\/v2\/product_tag?post=93553"}],"curies":[{"name":"wp","href":"https:\/\/api.w.org\/{rel}","templated":true}]}}