{"id":96592,"date":"2024-08-16T13:33:12","date_gmt":"2024-08-16T11:33:12","guid":{"rendered":"https:\/\/fittwear.nl\/?post_type=product&#038;p=96592"},"modified":"2026-05-07T04:23:14","modified_gmt":"2026-05-07T02:23:14","slug":"smile-scrunch-legging-grau","status":"publish","type":"product","link":"https:\/\/fittwear.nl\/de\/product\/smile-scrunch-legging-grey\/","title":{"rendered":"Smile Scrunch Legging Grau Melee"},"content":{"rendered":"<p>&#8211; High Waist tailleband<\/p>\n\n\n\n<p>&#8211; Met scrunch en contourlijnen<\/p>\n\n\n\n<p>- Dehnbares Material<\/p>\n\n\n\n<p>&#8211; Gestructureerde details aan onderzijde van de benen<\/p>\n\n\n\n<p>- Gedrucktes Logo auf der R\u00fcckseite<\/p>\n\n\n\n<p>- Farbe: Grau<\/p>\n\n\n\n<p>- 87% Nylon, 13% Elasthan<\/p>\n\n\n\n<p>- Waschbar bis zu 30\u00b0<\/p>\n\n\n\n<p>&#8211; Model Donna is 183 en draagt maat M<\/p>","protected":false},"excerpt":{"rendered":"<p>Die Smile Scrunch Legging ist ein unverzichtbares Element in Ihrer Sportgarderobe! Mit ihrem super dehnbaren Material, dem hohen Bund und den einzigartigen Scrunch- und Konturlinien ist diese Leggings perfekt f\u00fcr jede Gelegenheit. Die Leggings schmiegen sich m\u00fchelos an Ihren K\u00f6rper an und betonen Ihre nat\u00fcrlichen Kurven. Sie sorgen daf\u00fcr, dass Sie immer bequem aussehen, egal ob Sie im Fitnessstudio sind, eine Yoga-Session machen oder einfach nur Ihr Alltagsoutfit vervollst\u00e4ndigen. Dank der eng anliegenden Passform und der detaillierten Konturlinien f\u00fchlen sich diese Leggings nicht nur bequem an, sondern sehen auch stilvoll aus. Sie ist die perfekte Mischung aus Funktionalit\u00e4t und Mode. Ob f\u00fcr ein intensives Workout oder einen l\u00e4ssigen Look, die Smile Scrunch Legging bietet Ihnen Bewegungsfreiheit, Bequemlichkeit, einen trendigen Look und sorgt daf\u00fcr, dass Sie Ihren gl\u00fccklichen Lebensstil fortsetzen k\u00f6nnen. Wie werden Sie sie stylen?<\/p>","protected":false},"featured_media":97904,"template":"","meta":{"_acf_changed":true},"product_brand":[],"product_cat":[63,4814,28,3611,85],"product_tag":[],"class_list":{"0":"post-96592","1":"product","2":"type-product","3":"status-publish","4":"has-post-thumbnail","6":"product_cat-curves","7":"product_cat-fitness","8":"product_cat-leggings","9":"product_cat-scrunch","10":"product_cat-seamless","12":"first","13":"instock","14":"taxable","15":"shipping-taxable","16":"purchasable","17":"product-type-variable","18":"has-default-attributes"},"acf":[],"yoast_head":"<!-- This site is optimized with the Yoast SEO plugin v27.1.1 - https:\/\/yoast.com\/product\/yoast-seo-wordpress\/ -->\n<title>Smile Scrunch Legging Grey Melee - FITTwear.nl<\/title>\n<meta name=\"description\" content=\"De Smile Scrunch Legging is een onmisbaar item in jouw sportgarderobe! Met zijn super stretchy stof, hoge tailleband en unieke scrunch- en contourlijnen is deze legging perfect voor iedere gelegenheid. De legging vormt zich moeiteloos naar je lichaam en accentueert je natuurlijke rondingen, waardoor je er altijd comfortabel bijloopt, of je nu in de sportschool staat, een yoga-sessie volgt of gewoon je dagelijkse outfit compleet maakt. Dankzij de aansluitende pasvorm en de gedetailleerde contourlijnen voelt deze legging niet alleen comfortabel aan, maar ziet hij er ook stijlvol uit. Het is de perfecte mix van functionaliteit en fashion. Of je nu gaat voor een intensieve workout of een casual look, de Smile Scrunch Legging biedt je bewegingsvrijheid, gemak, een trendy uitstraling en zorgt ervoor dat jij jouw happy lifestyle voort kan zetten. Hoe ga jij hem stylen?\" \/>\n<meta name=\"robots\" content=\"index, follow, max-snippet:-1, max-image-preview:large, max-video-preview:-1\" \/>\n<link rel=\"canonical\" href=\"https:\/\/fittwear.nl\/de\/produkt-2\/smile-scrunch-legging-grau\/\" \/>\n<meta property=\"og:locale\" content=\"de_DE\" \/>\n<meta property=\"og:type\" content=\"article\" \/>\n<meta property=\"og:title\" content=\"Smile Scrunch Legging Grey Melee - FITTwear.nl\" \/>\n<meta property=\"og:description\" content=\"De Smile Scrunch Legging is een onmisbaar item in jouw sportgarderobe! Met zijn super stretchy stof, hoge tailleband en unieke scrunch- en contourlijnen is deze legging perfect voor iedere gelegenheid. De legging vormt zich moeiteloos naar je lichaam en accentueert je natuurlijke rondingen, waardoor je er altijd comfortabel bijloopt, of je nu in de sportschool staat, een yoga-sessie volgt of gewoon je dagelijkse outfit compleet maakt. Dankzij de aansluitende pasvorm en de gedetailleerde contourlijnen voelt deze legging niet alleen comfortabel aan, maar ziet hij er ook stijlvol uit. Het is de perfecte mix van functionaliteit en fashion. Of je nu gaat voor een intensieve workout of een casual look, de Smile Scrunch Legging biedt je bewegingsvrijheid, gemak, een trendy uitstraling en zorgt ervoor dat jij jouw happy lifestyle voort kan zetten. Hoe ga jij hem stylen?\" \/>\n<meta property=\"og:url\" content=\"https:\/\/fittwear.nl\/de\/produkt-2\/smile-scrunch-legging-grau\/\" \/>\n<meta property=\"og:site_name\" content=\"FITTwear.nl\" \/>\n<meta property=\"article:modified_time\" content=\"2026-05-07T02:23:14+00:00\" \/>\n<meta property=\"og:image\" content=\"https:\/\/fittwear.nl\/wp-content\/uploads\/2024\/08\/smile-grijsmelee-top-new-zwart_Voorkant-onder_jpg_3.jpg\" \/>\n\t<meta property=\"og:image:width\" content=\"1200\" \/>\n\t<meta property=\"og:image:height\" content=\"1800\" \/>\n\t<meta property=\"og:image:type\" content=\"image\/jpeg\" \/>\n<meta name=\"twitter:card\" content=\"summary_large_image\" \/>\n<meta name=\"twitter:label1\" content=\"Gesch\u00e4tzte Lesezeit\" \/>\n\t<meta name=\"twitter:data1\" content=\"1\u00a0Minute\" \/>\n<script type=\"application\/ld+json\" class=\"yoast-schema-graph\">{\"@context\":\"https:\/\/schema.org\",\"@graph\":[{\"@type\":\"WebPage\",\"@id\":\"https:\/\/fittwear.nl\/product\/smile-scrunch-legging-grey\/\",\"url\":\"https:\/\/fittwear.nl\/product\/smile-scrunch-legging-grey\/\",\"name\":\"Smile Scrunch Legging Grey Melee - FITTwear.nl\",\"isPartOf\":{\"@id\":\"https:\/\/fittwear.nl\/#website\"},\"primaryImageOfPage\":{\"@id\":\"https:\/\/fittwear.nl\/product\/smile-scrunch-legging-grey\/#primaryimage\"},\"image\":{\"@id\":\"https:\/\/fittwear.nl\/product\/smile-scrunch-legging-grey\/#primaryimage\"},\"thumbnailUrl\":\"https:\/\/fittwear.nl\/wp-content\/uploads\/2024\/08\/smile-grijsmelee-top-new-zwart_Voorkant-onder_jpg_3.jpg\",\"datePublished\":\"2024-08-16T11:33:12+00:00\",\"dateModified\":\"2026-05-07T02:23:14+00:00\",\"description\":\"De Smile Scrunch Legging is een onmisbaar item in jouw sportgarderobe! Met zijn super stretchy stof, hoge tailleband en unieke scrunch- en contourlijnen is deze legging perfect voor iedere gelegenheid. De legging vormt zich moeiteloos naar je lichaam en accentueert je natuurlijke rondingen, waardoor je er altijd comfortabel bijloopt, of je nu in de sportschool staat, een yoga-sessie volgt of gewoon je dagelijkse outfit compleet maakt. Dankzij de aansluitende pasvorm en de gedetailleerde contourlijnen voelt deze legging niet alleen comfortabel aan, maar ziet hij er ook stijlvol uit. Het is de perfecte mix van functionaliteit en fashion. Of je nu gaat voor een intensieve workout of een casual look, de Smile Scrunch Legging biedt je bewegingsvrijheid, gemak, een trendy uitstraling en zorgt ervoor dat jij jouw happy lifestyle voort kan zetten. Hoe ga jij hem stylen?\",\"breadcrumb\":{\"@id\":\"https:\/\/fittwear.nl\/product\/smile-scrunch-legging-grey\/#breadcrumb\"},\"inLanguage\":\"de\",\"potentialAction\":[{\"@type\":\"ReadAction\",\"target\":[\"https:\/\/fittwear.nl\/product\/smile-scrunch-legging-grey\/\"]}]},{\"@type\":\"ImageObject\",\"inLanguage\":\"de\",\"@id\":\"https:\/\/fittwear.nl\/product\/smile-scrunch-legging-grey\/#primaryimage\",\"url\":\"https:\/\/fittwear.nl\/wp-content\/uploads\/2024\/08\/smile-grijsmelee-top-new-zwart_Voorkant-onder_jpg_3.jpg\",\"contentUrl\":\"https:\/\/fittwear.nl\/wp-content\/uploads\/2024\/08\/smile-grijsmelee-top-new-zwart_Voorkant-onder_jpg_3.jpg\",\"width\":1200,\"height\":1800},{\"@type\":\"BreadcrumbList\",\"@id\":\"https:\/\/fittwear.nl\/product\/smile-scrunch-legging-grey\/#breadcrumb\",\"itemListElement\":[{\"@type\":\"ListItem\",\"position\":1,\"name\":\"Home\",\"item\":\"https:\/\/fittwear.nl\/\"},{\"@type\":\"ListItem\",\"position\":2,\"name\":\"Shop\",\"item\":\"https:\/\/fittwear.nl\/shop\/\"},{\"@type\":\"ListItem\",\"position\":3,\"name\":\"Smile Scrunch Legging Grey Melee\"}]},{\"@type\":\"WebSite\",\"@id\":\"https:\/\/fittwear.nl\/#website\",\"url\":\"https:\/\/fittwear.nl\/\",\"name\":\"FITTwear.nl\",\"description\":\"Time to shine!\",\"publisher\":{\"@id\":\"https:\/\/fittwear.nl\/#organization\"},\"potentialAction\":[{\"@type\":\"SearchAction\",\"target\":{\"@type\":\"EntryPoint\",\"urlTemplate\":\"https:\/\/fittwear.nl\/?s={search_term_string}\"},\"query-input\":{\"@type\":\"PropertyValueSpecification\",\"valueRequired\":true,\"valueName\":\"search_term_string\"}}],\"inLanguage\":\"de\"},{\"@type\":\"Organization\",\"@id\":\"https:\/\/fittwear.nl\/#organization\",\"name\":\"FITTwear.nl\",\"url\":\"https:\/\/fittwear.nl\/\",\"logo\":{\"@type\":\"ImageObject\",\"inLanguage\":\"de\",\"@id\":\"https:\/\/fittwear.nl\/#\/schema\/logo\/image\/\",\"url\":\"https:\/\/fittwear.nl\/wp-content\/uploads\/2024\/07\/FITT-Logo-BeYOUtiful-website-homepage_Tekengebied-1-scaled.jpg\",\"contentUrl\":\"https:\/\/fittwear.nl\/wp-content\/uploads\/2024\/07\/FITT-Logo-BeYOUtiful-website-homepage_Tekengebied-1-scaled.jpg\",\"width\":2560,\"height\":599,\"caption\":\"FITTwear.nl\"},\"image\":{\"@id\":\"https:\/\/fittwear.nl\/#\/schema\/logo\/image\/\"}}]}<\/script>\n<!-- \/ Yoast SEO plugin. -->","yoast_head_json":{"title":"Smile Scrunch Legging Grey Melee - FITTwear.de","description":"Die Smile Scrunch Legging ist ein unverzichtbares Element in Ihrer Sportgarderobe! Mit ihrem super dehnbaren Material, dem hohen Bund und den einzigartigen Scrunch- und Konturlinien ist diese Leggings perfekt f\u00fcr jede Gelegenheit. Die Leggings schmiegen sich m\u00fchelos an Ihren K\u00f6rper an und betonen Ihre nat\u00fcrlichen Kurven. Sie sorgen daf\u00fcr, dass Sie immer bequem aussehen, egal ob Sie im Fitnessstudio sind, eine Yoga-Session machen oder einfach nur Ihr Alltagsoutfit vervollst\u00e4ndigen. Dank der eng anliegenden Passform und der detaillierten Konturlinien f\u00fchlen sich diese Leggings nicht nur bequem an, sondern sehen auch stilvoll aus. Sie ist die perfekte Mischung aus Funktionalit\u00e4t und Mode. Ob f\u00fcr ein intensives Workout oder einen l\u00e4ssigen Look, die Smile Scrunch Legging bietet Ihnen Bewegungsfreiheit, Bequemlichkeit, einen trendigen Look und sorgt daf\u00fcr, dass Sie Ihren gl\u00fccklichen Lebensstil fortsetzen k\u00f6nnen. Wie werden Sie sie stylen?","robots":{"index":"index","follow":"follow","max-snippet":"max-snippet:-1","max-image-preview":"max-image-preview:large","max-video-preview":"max-video-preview:-1"},"canonical":"https:\/\/fittwear.nl\/de\/produkt-2\/smile-scrunch-legging-grau\/","og_locale":"de_DE","og_type":"article","og_title":"Smile Scrunch Legging Grey Melee - FITTwear.nl","og_description":"De Smile Scrunch Legging is een onmisbaar item in jouw sportgarderobe! Met zijn super stretchy stof, hoge tailleband en unieke scrunch- en contourlijnen is deze legging perfect voor iedere gelegenheid. De legging vormt zich moeiteloos naar je lichaam en accentueert je natuurlijke rondingen, waardoor je er altijd comfortabel bijloopt, of je nu in de sportschool staat, een yoga-sessie volgt of gewoon je dagelijkse outfit compleet maakt. Dankzij de aansluitende pasvorm en de gedetailleerde contourlijnen voelt deze legging niet alleen comfortabel aan, maar ziet hij er ook stijlvol uit. Het is de perfecte mix van functionaliteit en fashion. Of je nu gaat voor een intensieve workout of een casual look, de Smile Scrunch Legging biedt je bewegingsvrijheid, gemak, een trendy uitstraling en zorgt ervoor dat jij jouw happy lifestyle voort kan zetten. Hoe ga jij hem stylen?","og_url":"https:\/\/fittwear.nl\/de\/produkt-2\/smile-scrunch-legging-grau\/","og_site_name":"FITTwear.nl","article_modified_time":"2026-05-07T02:23:14+00:00","og_image":[{"width":1200,"height":1800,"url":"https:\/\/fittwear.nl\/wp-content\/uploads\/2024\/08\/smile-grijsmelee-top-new-zwart_Voorkant-onder_jpg_3.jpg","type":"image\/jpeg"}],"twitter_card":"summary_large_image","twitter_misc":{"Gesch\u00e4tzte Lesezeit":"1\u00a0Minute"},"schema":{"@context":"https:\/\/schema.org","@graph":[{"@type":"WebPage","@id":"https:\/\/fittwear.nl\/product\/smile-scrunch-legging-grey\/","url":"https:\/\/fittwear.nl\/product\/smile-scrunch-legging-grey\/","name":"Smile Scrunch Legging Grey Melee - FITTwear.de","isPartOf":{"@id":"https:\/\/fittwear.nl\/#website"},"primaryImageOfPage":{"@id":"https:\/\/fittwear.nl\/product\/smile-scrunch-legging-grey\/#primaryimage"},"image":{"@id":"https:\/\/fittwear.nl\/product\/smile-scrunch-legging-grey\/#primaryimage"},"thumbnailUrl":"https:\/\/fittwear.nl\/wp-content\/uploads\/2024\/08\/smile-grijsmelee-top-new-zwart_Voorkant-onder_jpg_3.jpg","datePublished":"2024-08-16T11:33:12+00:00","dateModified":"2026-05-07T02:23:14+00:00","description":"Die Smile Scrunch Legging ist ein unverzichtbares Element in Ihrer Sportgarderobe! Mit ihrem super dehnbaren Material, dem hohen Bund und den einzigartigen Scrunch- und Konturlinien ist diese Leggings perfekt f\u00fcr jede Gelegenheit. Die Leggings schmiegen sich m\u00fchelos an Ihren K\u00f6rper an und betonen Ihre nat\u00fcrlichen Kurven. Sie sorgen daf\u00fcr, dass Sie immer bequem aussehen, egal ob Sie im Fitnessstudio sind, eine Yoga-Session machen oder einfach nur Ihr Alltagsoutfit vervollst\u00e4ndigen. Dank der eng anliegenden Passform und der detaillierten Konturlinien f\u00fchlen sich diese Leggings nicht nur bequem an, sondern sehen auch stilvoll aus. Sie ist die perfekte Mischung aus Funktionalit\u00e4t und Mode. Ob f\u00fcr ein intensives Workout oder einen l\u00e4ssigen Look, die Smile Scrunch Legging bietet Ihnen Bewegungsfreiheit, Bequemlichkeit, einen trendigen Look und sorgt daf\u00fcr, dass Sie Ihren gl\u00fccklichen Lebensstil fortsetzen k\u00f6nnen. Wie werden Sie sie stylen?","breadcrumb":{"@id":"https:\/\/fittwear.nl\/product\/smile-scrunch-legging-grey\/#breadcrumb"},"inLanguage":"de","potentialAction":[{"@type":"ReadAction","target":["https:\/\/fittwear.nl\/product\/smile-scrunch-legging-grey\/"]}]},{"@type":"ImageObject","inLanguage":"de","@id":"https:\/\/fittwear.nl\/product\/smile-scrunch-legging-grey\/#primaryimage","url":"https:\/\/fittwear.nl\/wp-content\/uploads\/2024\/08\/smile-grijsmelee-top-new-zwart_Voorkant-onder_jpg_3.jpg","contentUrl":"https:\/\/fittwear.nl\/wp-content\/uploads\/2024\/08\/smile-grijsmelee-top-new-zwart_Voorkant-onder_jpg_3.jpg","width":1200,"height":1800},{"@type":"BreadcrumbList","@id":"https:\/\/fittwear.nl\/product\/smile-scrunch-legging-grey\/#breadcrumb","itemListElement":[{"@type":"ListItem","position":1,"name":"Home","item":"https:\/\/fittwear.nl\/"},{"@type":"ListItem","position":2,"name":"Shop","item":"https:\/\/fittwear.nl\/shop\/"},{"@type":"ListItem","position":3,"name":"Smile Scrunch Legging Grey Melee"}]},{"@type":"WebSite","@id":"https:\/\/fittwear.nl\/#website","url":"https:\/\/fittwear.nl\/","name":"FITTwear.co.uk","description":"Zeit zu gl\u00e4nzen!","publisher":{"@id":"https:\/\/fittwear.nl\/#organization"},"potentialAction":[{"@type":"SearchAction","target":{"@type":"EntryPoint","urlTemplate":"https:\/\/fittwear.nl\/?s={search_term_string}"},"query-input":{"@type":"PropertyValueSpecification","valueRequired":true,"valueName":"search_term_string"}}],"inLanguage":"de"},{"@type":"Organization","@id":"https:\/\/fittwear.nl\/#organization","name":"FITTwear.co.uk","url":"https:\/\/fittwear.nl\/","logo":{"@type":"ImageObject","inLanguage":"de","@id":"https:\/\/fittwear.nl\/#\/schema\/logo\/image\/","url":"https:\/\/fittwear.nl\/wp-content\/uploads\/2024\/07\/FITT-Logo-BeYOUtiful-website-homepage_Tekengebied-1-scaled.jpg","contentUrl":"https:\/\/fittwear.nl\/wp-content\/uploads\/2024\/07\/FITT-Logo-BeYOUtiful-website-homepage_Tekengebied-1-scaled.jpg","width":2560,"height":599,"caption":"FITTwear.nl"},"image":{"@id":"https:\/\/fittwear.nl\/#\/schema\/logo\/image\/"}}]}},"_links":{"self":[{"href":"https:\/\/fittwear.nl\/de\/wp-json\/wp\/v2\/product\/96592","targetHints":{"allow":["GET"]}}],"collection":[{"href":"https:\/\/fittwear.nl\/de\/wp-json\/wp\/v2\/product"}],"about":[{"href":"https:\/\/fittwear.nl\/de\/wp-json\/wp\/v2\/types\/product"}],"wp:featuredmedia":[{"embeddable":true,"href":"https:\/\/fittwear.nl\/de\/wp-json\/wp\/v2\/media\/97904"}],"wp:attachment":[{"href":"https:\/\/fittwear.nl\/de\/wp-json\/wp\/v2\/media?parent=96592"}],"wp:term":[{"taxonomy":"product_brand","embeddable":true,"href":"https:\/\/fittwear.nl\/de\/wp-json\/wp\/v2\/product_brand?post=96592"},{"taxonomy":"product_cat","embeddable":true,"href":"https:\/\/fittwear.nl\/de\/wp-json\/wp\/v2\/product_cat?post=96592"},{"taxonomy":"product_tag","embeddable":true,"href":"https:\/\/fittwear.nl\/de\/wp-json\/wp\/v2\/product_tag?post=96592"}],"curies":[{"name":"wp","href":"https:\/\/api.w.org\/{rel}","templated":true}]}}