{"id":96856,"date":"2024-09-13T14:26:01","date_gmt":"2024-09-13T12:26:01","guid":{"rendered":"https:\/\/fittwear.nl\/?post_type=product&#038;p=96856"},"modified":"2026-04-17T01:12:58","modified_gmt":"2026-04-16T23:12:58","slug":"top-mit-gedrehten-tragern-schwarz","status":"publish","type":"product","link":"https:\/\/fittwear.nl\/de\/product\/twisted-strap-top-black\/","title":{"rendered":"Twisted Strap Top Schwarz"},"content":{"rendered":"<p>&#8211; Uniek design<\/p>\n\n\n\n<p>&#8211; Twisted schouderbanden<\/p>\n\n\n\n<p>- Dehnbarer Stoff<\/p>\n\n\n\n<p>&#8211; Hoge hals<\/p>\n\n\n\n<p>- Abnehmbare Pads<\/p>\n\n\n\n<p>- Gedrucktes Logo auf der Vorderseite<\/p>\n\n\n\n<p>- Farbe: Schwarz<\/p>\n\n\n\n<p>- 80% Nylon, 20% Elastan<\/p>\n\n\n\n<p>- Waschbar bis zu 30\u00b0<\/p>\n\n\n\n<p>&#8211; Model Donna is 1.83 en draagt een maat M<\/p>","protected":false},"excerpt":{"rendered":"<p>Das Twisted Strap Top ist ein Must-Have f\u00fcr Ihre Bekleidungskollektion! Mit seinen einzigartigen gedrehten Schultertr\u00e4gern, die nicht dr\u00fccken, bietet dieses Top nicht nur Komfort, sondern auch ein auff\u00e4lliges Design. Sie k\u00f6nnen dieses vielseitige Kleidungsst\u00fcck auf unz\u00e4hlige Arten stylen, egal ob Sie einen Alltagslook kreieren oder ein intensives Workout planen. Das Oberteil verbindet m\u00fchelos Trend und Komfort und ist damit ideal f\u00fcr jede Gelegenheit. Egal, ob Sie sich f\u00fcr ein l\u00e4ssiges Outfit entscheiden oder sich von Ihrer sportlichen Seite zeigen, das Twisted Strap Top passt immer zu Ihnen!<\/p>","protected":false},"featured_media":98004,"template":"","meta":{"_acf_changed":false},"product_brand":[],"product_cat":[4836,4791,4810,4794,52,88,79,81,65],"product_tag":[],"class_list":{"0":"post-96856","1":"product","2":"type-product","3":"status-publish","4":"has-post-thumbnail","6":"product_cat-sleeveless-tanktops-dames","7":"product_cat-city-vibes","8":"product_cat-crop-tops-dames","9":"product_cat-mindful-movement","10":"product_cat-sport-bhs","11":"product_cat-effen-sport-bhs","12":"product_cat-tanktops-dames","13":"product_cat-crop-tops","14":"product_cat-yogakleding","16":"first","17":"instock","18":"taxable","19":"shipping-taxable","20":"purchasable","21":"product-type-variable","22":"has-default-attributes"},"acf":[],"yoast_head":"<!-- This site is optimized with the Yoast SEO plugin v27.1.1 - https:\/\/yoast.com\/product\/yoast-seo-wordpress\/ -->\n<title>Twisted Strap Top Black - FITTwear.nl<\/title>\n<meta name=\"description\" content=\"De Twisted Strap Top is een musthave voor jouw kledingcollectie! Met zijn unieke twisted schouderbanden die niet knellen, biedt deze top niet alleen comfort, maar ook een opvallend design. Dit veelzijdige item kun je op talloze manieren stylen, of je nu een dagelijkse look cre\u00ebert of een intensieve workout gepland hebt. De top combineert moeiteloos trendy met comfortabel, waardoor hij ideaal is voor elke gelegenheid. Of je nu kiest voor een casual outfit of je sportieve kant laat zien, met de Twisted Strap Top zit je altijd goed!\" \/>\n<meta name=\"robots\" content=\"index, follow, max-snippet:-1, max-image-preview:large, max-video-preview:-1\" \/>\n<link rel=\"canonical\" href=\"https:\/\/fittwear.nl\/de\/produkt-2\/top-mit-gedrehten-tragern-schwarz\/\" \/>\n<meta property=\"og:locale\" content=\"de_DE\" \/>\n<meta property=\"og:type\" content=\"article\" \/>\n<meta property=\"og:title\" content=\"Twisted Strap Top Black - FITTwear.nl\" \/>\n<meta property=\"og:description\" content=\"De Twisted Strap Top is een musthave voor jouw kledingcollectie! Met zijn unieke twisted schouderbanden die niet knellen, biedt deze top niet alleen comfort, maar ook een opvallend design. Dit veelzijdige item kun je op talloze manieren stylen, of je nu een dagelijkse look cre\u00ebert of een intensieve workout gepland hebt. De top combineert moeiteloos trendy met comfortabel, waardoor hij ideaal is voor elke gelegenheid. Of je nu kiest voor een casual outfit of je sportieve kant laat zien, met de Twisted Strap Top zit je altijd goed!\" \/>\n<meta property=\"og:url\" content=\"https:\/\/fittwear.nl\/de\/produkt-2\/top-mit-gedrehten-tragern-schwarz\/\" \/>\n<meta property=\"og:site_name\" content=\"FITTwear.nl\" \/>\n<meta property=\"article:modified_time\" content=\"2026-04-16T23:12:58+00:00\" \/>\n<meta property=\"og:image\" content=\"https:\/\/fittwear.nl\/wp-content\/uploads\/2024\/08\/smile-grijsmelee-top-new-zwart_Voorkant-boven_jpg_2.jpg\" \/>\n\t<meta property=\"og:image:width\" content=\"1200\" \/>\n\t<meta property=\"og:image:height\" content=\"1800\" \/>\n\t<meta property=\"og:image:type\" content=\"image\/jpeg\" \/>\n<meta name=\"twitter:card\" content=\"summary_large_image\" \/>\n<meta name=\"twitter:label1\" content=\"Gesch\u00e4tzte Lesezeit\" \/>\n\t<meta name=\"twitter:data1\" content=\"1\u00a0Minute\" \/>\n<script type=\"application\/ld+json\" class=\"yoast-schema-graph\">{\"@context\":\"https:\/\/schema.org\",\"@graph\":[{\"@type\":\"WebPage\",\"@id\":\"https:\/\/fittwear.nl\/product\/twisted-strap-top-black\/\",\"url\":\"https:\/\/fittwear.nl\/product\/twisted-strap-top-black\/\",\"name\":\"Twisted Strap Top Black - FITTwear.nl\",\"isPartOf\":{\"@id\":\"https:\/\/fittwear.nl\/#website\"},\"primaryImageOfPage\":{\"@id\":\"https:\/\/fittwear.nl\/product\/twisted-strap-top-black\/#primaryimage\"},\"image\":{\"@id\":\"https:\/\/fittwear.nl\/product\/twisted-strap-top-black\/#primaryimage\"},\"thumbnailUrl\":\"https:\/\/fittwear.nl\/wp-content\/uploads\/2024\/08\/smile-grijsmelee-top-new-zwart_Voorkant-boven_jpg_2.jpg\",\"datePublished\":\"2024-09-13T12:26:01+00:00\",\"dateModified\":\"2026-04-16T23:12:58+00:00\",\"description\":\"De Twisted Strap Top is een musthave voor jouw kledingcollectie! Met zijn unieke twisted schouderbanden die niet knellen, biedt deze top niet alleen comfort, maar ook een opvallend design. Dit veelzijdige item kun je op talloze manieren stylen, of je nu een dagelijkse look cre\u00ebert of een intensieve workout gepland hebt. De top combineert moeiteloos trendy met comfortabel, waardoor hij ideaal is voor elke gelegenheid. Of je nu kiest voor een casual outfit of je sportieve kant laat zien, met de Twisted Strap Top zit je altijd goed!\",\"breadcrumb\":{\"@id\":\"https:\/\/fittwear.nl\/product\/twisted-strap-top-black\/#breadcrumb\"},\"inLanguage\":\"de\",\"potentialAction\":[{\"@type\":\"ReadAction\",\"target\":[\"https:\/\/fittwear.nl\/product\/twisted-strap-top-black\/\"]}]},{\"@type\":\"ImageObject\",\"inLanguage\":\"de\",\"@id\":\"https:\/\/fittwear.nl\/product\/twisted-strap-top-black\/#primaryimage\",\"url\":\"https:\/\/fittwear.nl\/wp-content\/uploads\/2024\/08\/smile-grijsmelee-top-new-zwart_Voorkant-boven_jpg_2.jpg\",\"contentUrl\":\"https:\/\/fittwear.nl\/wp-content\/uploads\/2024\/08\/smile-grijsmelee-top-new-zwart_Voorkant-boven_jpg_2.jpg\",\"width\":1200,\"height\":1800},{\"@type\":\"BreadcrumbList\",\"@id\":\"https:\/\/fittwear.nl\/product\/twisted-strap-top-black\/#breadcrumb\",\"itemListElement\":[{\"@type\":\"ListItem\",\"position\":1,\"name\":\"Home\",\"item\":\"https:\/\/fittwear.nl\/\"},{\"@type\":\"ListItem\",\"position\":2,\"name\":\"Shop\",\"item\":\"https:\/\/fittwear.nl\/shop\/\"},{\"@type\":\"ListItem\",\"position\":3,\"name\":\"Twisted Strap Top Black\"}]},{\"@type\":\"WebSite\",\"@id\":\"https:\/\/fittwear.nl\/#website\",\"url\":\"https:\/\/fittwear.nl\/\",\"name\":\"FITTwear.nl\",\"description\":\"Time to shine!\",\"publisher\":{\"@id\":\"https:\/\/fittwear.nl\/#organization\"},\"potentialAction\":[{\"@type\":\"SearchAction\",\"target\":{\"@type\":\"EntryPoint\",\"urlTemplate\":\"https:\/\/fittwear.nl\/?s={search_term_string}\"},\"query-input\":{\"@type\":\"PropertyValueSpecification\",\"valueRequired\":true,\"valueName\":\"search_term_string\"}}],\"inLanguage\":\"de\"},{\"@type\":\"Organization\",\"@id\":\"https:\/\/fittwear.nl\/#organization\",\"name\":\"FITTwear.nl\",\"url\":\"https:\/\/fittwear.nl\/\",\"logo\":{\"@type\":\"ImageObject\",\"inLanguage\":\"de\",\"@id\":\"https:\/\/fittwear.nl\/#\/schema\/logo\/image\/\",\"url\":\"https:\/\/fittwear.nl\/wp-content\/uploads\/2024\/07\/FITT-Logo-BeYOUtiful-website-homepage_Tekengebied-1-scaled.jpg\",\"contentUrl\":\"https:\/\/fittwear.nl\/wp-content\/uploads\/2024\/07\/FITT-Logo-BeYOUtiful-website-homepage_Tekengebied-1-scaled.jpg\",\"width\":2560,\"height\":599,\"caption\":\"FITTwear.nl\"},\"image\":{\"@id\":\"https:\/\/fittwear.nl\/#\/schema\/logo\/image\/\"}}]}<\/script>\n<!-- \/ Yoast SEO plugin. -->","yoast_head_json":{"title":"Twisted Strap Top Schwarz - FITTwear.de","description":"Das Twisted Strap Top ist ein Must-Have f\u00fcr Ihre Bekleidungskollektion! Mit seinen einzigartigen gedrehten Schultertr\u00e4gern, die nicht dr\u00fccken, bietet dieses Top nicht nur Komfort, sondern auch ein auff\u00e4lliges Design. Sie k\u00f6nnen dieses vielseitige Kleidungsst\u00fcck auf unz\u00e4hlige Arten stylen, egal ob Sie einen Alltagslook kreieren oder ein intensives Workout planen. Das Oberteil verbindet m\u00fchelos Trend und Komfort und ist damit ideal f\u00fcr jede Gelegenheit. Egal, ob Sie sich f\u00fcr ein l\u00e4ssiges Outfit entscheiden oder sich von Ihrer sportlichen Seite zeigen, das Twisted Strap Top passt immer zu Ihnen!","robots":{"index":"index","follow":"follow","max-snippet":"max-snippet:-1","max-image-preview":"max-image-preview:large","max-video-preview":"max-video-preview:-1"},"canonical":"https:\/\/fittwear.nl\/de\/produkt-2\/top-mit-gedrehten-tragern-schwarz\/","og_locale":"de_DE","og_type":"article","og_title":"Twisted Strap Top Black - FITTwear.nl","og_description":"De Twisted Strap Top is een musthave voor jouw kledingcollectie! Met zijn unieke twisted schouderbanden die niet knellen, biedt deze top niet alleen comfort, maar ook een opvallend design. Dit veelzijdige item kun je op talloze manieren stylen, of je nu een dagelijkse look cre\u00ebert of een intensieve workout gepland hebt. De top combineert moeiteloos trendy met comfortabel, waardoor hij ideaal is voor elke gelegenheid. Of je nu kiest voor een casual outfit of je sportieve kant laat zien, met de Twisted Strap Top zit je altijd goed!","og_url":"https:\/\/fittwear.nl\/de\/produkt-2\/top-mit-gedrehten-tragern-schwarz\/","og_site_name":"FITTwear.nl","article_modified_time":"2026-04-16T23:12:58+00:00","og_image":[{"width":1200,"height":1800,"url":"https:\/\/fittwear.nl\/wp-content\/uploads\/2024\/08\/smile-grijsmelee-top-new-zwart_Voorkant-boven_jpg_2.jpg","type":"image\/jpeg"}],"twitter_card":"summary_large_image","twitter_misc":{"Gesch\u00e4tzte Lesezeit":"1\u00a0Minute"},"schema":{"@context":"https:\/\/schema.org","@graph":[{"@type":"WebPage","@id":"https:\/\/fittwear.nl\/product\/twisted-strap-top-black\/","url":"https:\/\/fittwear.nl\/product\/twisted-strap-top-black\/","name":"Twisted Strap Top Schwarz - FITTwear.de","isPartOf":{"@id":"https:\/\/fittwear.nl\/#website"},"primaryImageOfPage":{"@id":"https:\/\/fittwear.nl\/product\/twisted-strap-top-black\/#primaryimage"},"image":{"@id":"https:\/\/fittwear.nl\/product\/twisted-strap-top-black\/#primaryimage"},"thumbnailUrl":"https:\/\/fittwear.nl\/wp-content\/uploads\/2024\/08\/smile-grijsmelee-top-new-zwart_Voorkant-boven_jpg_2.jpg","datePublished":"2024-09-13T12:26:01+00:00","dateModified":"2026-04-16T23:12:58+00:00","description":"Das Twisted Strap Top ist ein Must-Have f\u00fcr Ihre Bekleidungskollektion! Mit seinen einzigartigen gedrehten Schultertr\u00e4gern, die nicht dr\u00fccken, bietet dieses Top nicht nur Komfort, sondern auch ein auff\u00e4lliges Design. Sie k\u00f6nnen dieses vielseitige Kleidungsst\u00fcck auf unz\u00e4hlige Arten stylen, egal ob Sie einen Alltagslook kreieren oder ein intensives Workout planen. Das Oberteil verbindet m\u00fchelos Trend und Komfort und ist damit ideal f\u00fcr jede Gelegenheit. Egal, ob Sie sich f\u00fcr ein l\u00e4ssiges Outfit entscheiden oder sich von Ihrer sportlichen Seite zeigen, das Twisted Strap Top passt immer zu Ihnen!","breadcrumb":{"@id":"https:\/\/fittwear.nl\/product\/twisted-strap-top-black\/#breadcrumb"},"inLanguage":"de","potentialAction":[{"@type":"ReadAction","target":["https:\/\/fittwear.nl\/product\/twisted-strap-top-black\/"]}]},{"@type":"ImageObject","inLanguage":"de","@id":"https:\/\/fittwear.nl\/product\/twisted-strap-top-black\/#primaryimage","url":"https:\/\/fittwear.nl\/wp-content\/uploads\/2024\/08\/smile-grijsmelee-top-new-zwart_Voorkant-boven_jpg_2.jpg","contentUrl":"https:\/\/fittwear.nl\/wp-content\/uploads\/2024\/08\/smile-grijsmelee-top-new-zwart_Voorkant-boven_jpg_2.jpg","width":1200,"height":1800},{"@type":"BreadcrumbList","@id":"https:\/\/fittwear.nl\/product\/twisted-strap-top-black\/#breadcrumb","itemListElement":[{"@type":"ListItem","position":1,"name":"Home","item":"https:\/\/fittwear.nl\/"},{"@type":"ListItem","position":2,"name":"Shop","item":"https:\/\/fittwear.nl\/shop\/"},{"@type":"ListItem","position":3,"name":"Twisted Strap Top Black"}]},{"@type":"WebSite","@id":"https:\/\/fittwear.nl\/#website","url":"https:\/\/fittwear.nl\/","name":"FITTwear.co.uk","description":"Zeit zu gl\u00e4nzen!","publisher":{"@id":"https:\/\/fittwear.nl\/#organization"},"potentialAction":[{"@type":"SearchAction","target":{"@type":"EntryPoint","urlTemplate":"https:\/\/fittwear.nl\/?s={search_term_string}"},"query-input":{"@type":"PropertyValueSpecification","valueRequired":true,"valueName":"search_term_string"}}],"inLanguage":"de"},{"@type":"Organization","@id":"https:\/\/fittwear.nl\/#organization","name":"FITTwear.co.uk","url":"https:\/\/fittwear.nl\/","logo":{"@type":"ImageObject","inLanguage":"de","@id":"https:\/\/fittwear.nl\/#\/schema\/logo\/image\/","url":"https:\/\/fittwear.nl\/wp-content\/uploads\/2024\/07\/FITT-Logo-BeYOUtiful-website-homepage_Tekengebied-1-scaled.jpg","contentUrl":"https:\/\/fittwear.nl\/wp-content\/uploads\/2024\/07\/FITT-Logo-BeYOUtiful-website-homepage_Tekengebied-1-scaled.jpg","width":2560,"height":599,"caption":"FITTwear.nl"},"image":{"@id":"https:\/\/fittwear.nl\/#\/schema\/logo\/image\/"}}]}},"_links":{"self":[{"href":"https:\/\/fittwear.nl\/de\/wp-json\/wp\/v2\/product\/96856","targetHints":{"allow":["GET"]}}],"collection":[{"href":"https:\/\/fittwear.nl\/de\/wp-json\/wp\/v2\/product"}],"about":[{"href":"https:\/\/fittwear.nl\/de\/wp-json\/wp\/v2\/types\/product"}],"wp:featuredmedia":[{"embeddable":true,"href":"https:\/\/fittwear.nl\/de\/wp-json\/wp\/v2\/media\/98004"}],"wp:attachment":[{"href":"https:\/\/fittwear.nl\/de\/wp-json\/wp\/v2\/media?parent=96856"}],"wp:term":[{"taxonomy":"product_brand","embeddable":true,"href":"https:\/\/fittwear.nl\/de\/wp-json\/wp\/v2\/product_brand?post=96856"},{"taxonomy":"product_cat","embeddable":true,"href":"https:\/\/fittwear.nl\/de\/wp-json\/wp\/v2\/product_cat?post=96856"},{"taxonomy":"product_tag","embeddable":true,"href":"https:\/\/fittwear.nl\/de\/wp-json\/wp\/v2\/product_tag?post=96856"}],"curies":[{"name":"wp","href":"https:\/\/api.w.org\/{rel}","templated":true}]}}