{"id":96874,"date":"2024-08-21T11:24:48","date_gmt":"2024-08-21T09:24:48","guid":{"rendered":"https:\/\/fittwear.nl\/?post_type=product&#038;p=96874"},"modified":"2026-04-26T13:33:46","modified_gmt":"2026-04-26T11:33:46","slug":"gerafftes-komfort-top-weis","status":"publish","type":"product","link":"https:\/\/fittwear.nl\/de\/product\/ruched-comfort-top-white\/","title":{"rendered":"Gerafftes Komfort-Top Wei\u00df"},"content":{"rendered":"<p>- Komfort-Top mit kurzen \u00c4rmeln<\/p>\n\n\n\n<p>- Lose Passform<\/p>\n\n\n\n<p>-Zugschn\u00fcre auf beiden Seiten<\/p>\n\n\n\n<p>-Lange L\u00e4nge, R\u00fccken extra lang<\/p>\n\n\n\n<p>- Dehnbarer und weicher Stoff<\/p>\n\n\n\n<p>- Gedrucktes Logo auf der R\u00fcckseite<\/p>\n\n\n\n<p>- 80% Nylon, 20% Elastan<\/p>\n\n\n\n<p>- Farbe: Wei\u00df<\/p>\n\n\n\n<p>- Waschbar bis zu 30\u00b0<\/p>\n\n\n\n<p>&#8211; Model Donna is 1.83 en draagt een maat M<\/p>","protected":false},"excerpt":{"rendered":"<p>Das Ruched Comfort Top ist die perfekte Erg\u00e4nzung f\u00fcr Ihre Garderobe! Mit Kordelz\u00fcgen an den Seiten und einer lockeren Passform bietet dieses Top ultimativen Komfort, ohne sich eng anzuf\u00fchlen. Dank des atmungsaktiven und luftigen Stoffes bleiben Sie auch bei der entspanntesten Yoga-Sitzung oder anderen Aktivit\u00e4ten k\u00fchl und bequem. Dieses Oberteil ist perfekt f\u00fcr die Momente, in denen Sie m\u00fchelosen Stil und Leichtigkeit kombinieren m\u00f6chten. Ob Sie ein sanftes Workout planen oder einfach einen entspannten Tag verbringen, das Ruched Comfort Top gibt Ihnen die Freiheit, sich zu bewegen und sich wohl zu f\u00fchlen. Stylen Sie es mit farbigen Leggings oder halten Sie es sch\u00f6n schlicht mit schwarzen Scrunch-Leggings, was gef\u00e4llt Ihnen besser?<\/p>","protected":false},"featured_media":97968,"template":"","meta":{"_acf_changed":false},"product_brand":[],"product_cat":[81,4794,4813,78,79],"product_tag":[],"class_list":{"0":"post-96874","1":"product","2":"type-product","3":"status-publish","4":"has-post-thumbnail","6":"product_cat-crop-tops","7":"product_cat-mindful-movement","8":"product_cat-t-shirts","9":"product_cat-t-shirts-dames","10":"product_cat-tanktops-dames","12":"first","13":"instock","14":"taxable","15":"shipping-taxable","16":"purchasable","17":"product-type-variable","18":"has-default-attributes"},"acf":[],"yoast_head":"<!-- This site is optimized with the Yoast SEO plugin v27.1.1 - https:\/\/yoast.com\/product\/yoast-seo-wordpress\/ -->\n<title>Ruched Comfort Top White - FITTwear.nl<\/title>\n<meta name=\"description\" content=\"De Ruched Comfort Top is de perfecte aanvulling op jouw garderobe! Met de aanreigkoorden aan de zijkanten en het loose fit model biedt deze top ultiem comfort zonder strak aan te voelen. Dankzij de ademende en luchtige stof blijf je koel en comfortabel, zelfs tijdens de meest ontspannen yoga-sessie of andere activiteiten. Deze top is perfect voor die momenten waarop je moeiteloos stijl en gemak wilt combineren. Of je nu een rustige workout plant of gewoon een relaxte dag hebt, de Ruched Comfort Top geeft je de vrijheid om te bewegen en je op je gemak te voelen. Style hem met een gekleurde legging of houd het lekker basic met een zwarte scrunch legging, wat heeft jouw voorkeur?\" \/>\n<meta name=\"robots\" content=\"index, follow, max-snippet:-1, max-image-preview:large, max-video-preview:-1\" \/>\n<link rel=\"canonical\" href=\"https:\/\/fittwear.nl\/de\/produkt-2\/gerafftes-komfort-top-weis\/\" \/>\n<meta property=\"og:locale\" content=\"de_DE\" \/>\n<meta property=\"og:type\" content=\"article\" \/>\n<meta property=\"og:title\" content=\"Ruched Comfort Top White - FITTwear.nl\" \/>\n<meta property=\"og:description\" content=\"De Ruched Comfort Top is de perfecte aanvulling op jouw garderobe! Met de aanreigkoorden aan de zijkanten en het loose fit model biedt deze top ultiem comfort zonder strak aan te voelen. Dankzij de ademende en luchtige stof blijf je koel en comfortabel, zelfs tijdens de meest ontspannen yoga-sessie of andere activiteiten. Deze top is perfect voor die momenten waarop je moeiteloos stijl en gemak wilt combineren. Of je nu een rustige workout plant of gewoon een relaxte dag hebt, de Ruched Comfort Top geeft je de vrijheid om te bewegen en je op je gemak te voelen. Style hem met een gekleurde legging of houd het lekker basic met een zwarte scrunch legging, wat heeft jouw voorkeur?\" \/>\n<meta property=\"og:url\" content=\"https:\/\/fittwear.nl\/de\/produkt-2\/gerafftes-komfort-top-weis\/\" \/>\n<meta property=\"og:site_name\" content=\"FITTwear.nl\" \/>\n<meta property=\"article:modified_time\" content=\"2026-04-26T11:33:46+00:00\" \/>\n<meta property=\"og:image\" content=\"https:\/\/fittwear.nl\/wp-content\/uploads\/2024\/08\/unique-lila_Fullbody_jpg_13.jpg\" \/>\n\t<meta property=\"og:image:width\" content=\"1200\" \/>\n\t<meta property=\"og:image:height\" content=\"1800\" \/>\n\t<meta property=\"og:image:type\" content=\"image\/jpeg\" \/>\n<meta name=\"twitter:card\" content=\"summary_large_image\" \/>\n<meta name=\"twitter:label1\" content=\"Gesch\u00e4tzte Lesezeit\" \/>\n\t<meta name=\"twitter:data1\" content=\"1\u00a0Minute\" \/>\n<script type=\"application\/ld+json\" class=\"yoast-schema-graph\">{\"@context\":\"https:\/\/schema.org\",\"@graph\":[{\"@type\":\"WebPage\",\"@id\":\"https:\/\/fittwear.nl\/product\/ruched-comfort-top-white\/\",\"url\":\"https:\/\/fittwear.nl\/product\/ruched-comfort-top-white\/\",\"name\":\"Ruched Comfort Top White - FITTwear.nl\",\"isPartOf\":{\"@id\":\"https:\/\/fittwear.nl\/#website\"},\"primaryImageOfPage\":{\"@id\":\"https:\/\/fittwear.nl\/product\/ruched-comfort-top-white\/#primaryimage\"},\"image\":{\"@id\":\"https:\/\/fittwear.nl\/product\/ruched-comfort-top-white\/#primaryimage\"},\"thumbnailUrl\":\"https:\/\/fittwear.nl\/wp-content\/uploads\/2024\/08\/unique-lila_Fullbody_jpg_13.jpg\",\"datePublished\":\"2024-08-21T09:24:48+00:00\",\"dateModified\":\"2026-04-26T11:33:46+00:00\",\"description\":\"De Ruched Comfort Top is de perfecte aanvulling op jouw garderobe! Met de aanreigkoorden aan de zijkanten en het loose fit model biedt deze top ultiem comfort zonder strak aan te voelen. Dankzij de ademende en luchtige stof blijf je koel en comfortabel, zelfs tijdens de meest ontspannen yoga-sessie of andere activiteiten. Deze top is perfect voor die momenten waarop je moeiteloos stijl en gemak wilt combineren. Of je nu een rustige workout plant of gewoon een relaxte dag hebt, de Ruched Comfort Top geeft je de vrijheid om te bewegen en je op je gemak te voelen. Style hem met een gekleurde legging of houd het lekker basic met een zwarte scrunch legging, wat heeft jouw voorkeur?\",\"breadcrumb\":{\"@id\":\"https:\/\/fittwear.nl\/product\/ruched-comfort-top-white\/#breadcrumb\"},\"inLanguage\":\"de\",\"potentialAction\":[{\"@type\":\"ReadAction\",\"target\":[\"https:\/\/fittwear.nl\/product\/ruched-comfort-top-white\/\"]}]},{\"@type\":\"ImageObject\",\"inLanguage\":\"de\",\"@id\":\"https:\/\/fittwear.nl\/product\/ruched-comfort-top-white\/#primaryimage\",\"url\":\"https:\/\/fittwear.nl\/wp-content\/uploads\/2024\/08\/unique-lila_Fullbody_jpg_13.jpg\",\"contentUrl\":\"https:\/\/fittwear.nl\/wp-content\/uploads\/2024\/08\/unique-lila_Fullbody_jpg_13.jpg\",\"width\":1200,\"height\":1800},{\"@type\":\"BreadcrumbList\",\"@id\":\"https:\/\/fittwear.nl\/product\/ruched-comfort-top-white\/#breadcrumb\",\"itemListElement\":[{\"@type\":\"ListItem\",\"position\":1,\"name\":\"Home\",\"item\":\"https:\/\/fittwear.nl\/\"},{\"@type\":\"ListItem\",\"position\":2,\"name\":\"Shop\",\"item\":\"https:\/\/fittwear.nl\/shop\/\"},{\"@type\":\"ListItem\",\"position\":3,\"name\":\"Ruched Comfort Top White\"}]},{\"@type\":\"WebSite\",\"@id\":\"https:\/\/fittwear.nl\/#website\",\"url\":\"https:\/\/fittwear.nl\/\",\"name\":\"FITTwear.nl\",\"description\":\"Time to shine!\",\"publisher\":{\"@id\":\"https:\/\/fittwear.nl\/#organization\"},\"potentialAction\":[{\"@type\":\"SearchAction\",\"target\":{\"@type\":\"EntryPoint\",\"urlTemplate\":\"https:\/\/fittwear.nl\/?s={search_term_string}\"},\"query-input\":{\"@type\":\"PropertyValueSpecification\",\"valueRequired\":true,\"valueName\":\"search_term_string\"}}],\"inLanguage\":\"de\"},{\"@type\":\"Organization\",\"@id\":\"https:\/\/fittwear.nl\/#organization\",\"name\":\"FITTwear.nl\",\"url\":\"https:\/\/fittwear.nl\/\",\"logo\":{\"@type\":\"ImageObject\",\"inLanguage\":\"de\",\"@id\":\"https:\/\/fittwear.nl\/#\/schema\/logo\/image\/\",\"url\":\"https:\/\/fittwear.nl\/wp-content\/uploads\/2024\/07\/FITT-Logo-BeYOUtiful-website-homepage_Tekengebied-1-scaled.jpg\",\"contentUrl\":\"https:\/\/fittwear.nl\/wp-content\/uploads\/2024\/07\/FITT-Logo-BeYOUtiful-website-homepage_Tekengebied-1-scaled.jpg\",\"width\":2560,\"height\":599,\"caption\":\"FITTwear.nl\"},\"image\":{\"@id\":\"https:\/\/fittwear.nl\/#\/schema\/logo\/image\/\"}}]}<\/script>\n<!-- \/ Yoast SEO plugin. -->","yoast_head_json":{"title":"Ruched Comfort Top Wei\u00df - FITTwear.de","description":"Das Ruched Comfort Top ist die perfekte Erg\u00e4nzung f\u00fcr Ihre Garderobe! Mit Kordelz\u00fcgen an den Seiten und einer lockeren Passform bietet dieses Top ultimativen Komfort, ohne sich eng anzuf\u00fchlen. Dank des atmungsaktiven und luftigen Stoffes bleiben Sie auch bei der entspanntesten Yoga-Sitzung oder anderen Aktivit\u00e4ten k\u00fchl und bequem. Dieses Oberteil ist perfekt f\u00fcr die Momente, in denen Sie m\u00fchelosen Stil und Leichtigkeit kombinieren m\u00f6chten. Ob Sie ein sanftes Workout planen oder einfach einen entspannten Tag verbringen, das Ruched Comfort Top gibt Ihnen die Freiheit, sich zu bewegen und sich wohl zu f\u00fchlen. Stylen Sie es mit farbigen Leggings oder halten Sie es sch\u00f6n schlicht mit schwarzen Scrunch-Leggings, was gef\u00e4llt Ihnen besser?","robots":{"index":"index","follow":"follow","max-snippet":"max-snippet:-1","max-image-preview":"max-image-preview:large","max-video-preview":"max-video-preview:-1"},"canonical":"https:\/\/fittwear.nl\/de\/produkt-2\/gerafftes-komfort-top-weis\/","og_locale":"de_DE","og_type":"article","og_title":"Ruched Comfort Top White - FITTwear.nl","og_description":"De Ruched Comfort Top is de perfecte aanvulling op jouw garderobe! Met de aanreigkoorden aan de zijkanten en het loose fit model biedt deze top ultiem comfort zonder strak aan te voelen. Dankzij de ademende en luchtige stof blijf je koel en comfortabel, zelfs tijdens de meest ontspannen yoga-sessie of andere activiteiten. Deze top is perfect voor die momenten waarop je moeiteloos stijl en gemak wilt combineren. Of je nu een rustige workout plant of gewoon een relaxte dag hebt, de Ruched Comfort Top geeft je de vrijheid om te bewegen en je op je gemak te voelen. Style hem met een gekleurde legging of houd het lekker basic met een zwarte scrunch legging, wat heeft jouw voorkeur?","og_url":"https:\/\/fittwear.nl\/de\/produkt-2\/gerafftes-komfort-top-weis\/","og_site_name":"FITTwear.nl","article_modified_time":"2026-04-26T11:33:46+00:00","og_image":[{"width":1200,"height":1800,"url":"https:\/\/fittwear.nl\/wp-content\/uploads\/2024\/08\/unique-lila_Fullbody_jpg_13.jpg","type":"image\/jpeg"}],"twitter_card":"summary_large_image","twitter_misc":{"Gesch\u00e4tzte Lesezeit":"1\u00a0Minute"},"schema":{"@context":"https:\/\/schema.org","@graph":[{"@type":"WebPage","@id":"https:\/\/fittwear.nl\/product\/ruched-comfort-top-white\/","url":"https:\/\/fittwear.nl\/product\/ruched-comfort-top-white\/","name":"Ruched Comfort Top Wei\u00df - FITTwear.de","isPartOf":{"@id":"https:\/\/fittwear.nl\/#website"},"primaryImageOfPage":{"@id":"https:\/\/fittwear.nl\/product\/ruched-comfort-top-white\/#primaryimage"},"image":{"@id":"https:\/\/fittwear.nl\/product\/ruched-comfort-top-white\/#primaryimage"},"thumbnailUrl":"https:\/\/fittwear.nl\/wp-content\/uploads\/2024\/08\/unique-lila_Fullbody_jpg_13.jpg","datePublished":"2024-08-21T09:24:48+00:00","dateModified":"2026-04-26T11:33:46+00:00","description":"Das Ruched Comfort Top ist die perfekte Erg\u00e4nzung f\u00fcr Ihre Garderobe! Mit Kordelz\u00fcgen an den Seiten und einer lockeren Passform bietet dieses Top ultimativen Komfort, ohne sich eng anzuf\u00fchlen. Dank des atmungsaktiven und luftigen Stoffes bleiben Sie auch bei der entspanntesten Yoga-Sitzung oder anderen Aktivit\u00e4ten k\u00fchl und bequem. Dieses Oberteil ist perfekt f\u00fcr die Momente, in denen Sie m\u00fchelosen Stil und Leichtigkeit kombinieren m\u00f6chten. Ob Sie ein sanftes Workout planen oder einfach einen entspannten Tag verbringen, das Ruched Comfort Top gibt Ihnen die Freiheit, sich zu bewegen und sich wohl zu f\u00fchlen. Stylen Sie es mit farbigen Leggings oder halten Sie es sch\u00f6n schlicht mit schwarzen Scrunch-Leggings, was gef\u00e4llt Ihnen besser?","breadcrumb":{"@id":"https:\/\/fittwear.nl\/product\/ruched-comfort-top-white\/#breadcrumb"},"inLanguage":"de","potentialAction":[{"@type":"ReadAction","target":["https:\/\/fittwear.nl\/product\/ruched-comfort-top-white\/"]}]},{"@type":"ImageObject","inLanguage":"de","@id":"https:\/\/fittwear.nl\/product\/ruched-comfort-top-white\/#primaryimage","url":"https:\/\/fittwear.nl\/wp-content\/uploads\/2024\/08\/unique-lila_Fullbody_jpg_13.jpg","contentUrl":"https:\/\/fittwear.nl\/wp-content\/uploads\/2024\/08\/unique-lila_Fullbody_jpg_13.jpg","width":1200,"height":1800},{"@type":"BreadcrumbList","@id":"https:\/\/fittwear.nl\/product\/ruched-comfort-top-white\/#breadcrumb","itemListElement":[{"@type":"ListItem","position":1,"name":"Home","item":"https:\/\/fittwear.nl\/"},{"@type":"ListItem","position":2,"name":"Shop","item":"https:\/\/fittwear.nl\/shop\/"},{"@type":"ListItem","position":3,"name":"Ruched Comfort Top White"}]},{"@type":"WebSite","@id":"https:\/\/fittwear.nl\/#website","url":"https:\/\/fittwear.nl\/","name":"FITTwear.co.uk","description":"Zeit zu gl\u00e4nzen!","publisher":{"@id":"https:\/\/fittwear.nl\/#organization"},"potentialAction":[{"@type":"SearchAction","target":{"@type":"EntryPoint","urlTemplate":"https:\/\/fittwear.nl\/?s={search_term_string}"},"query-input":{"@type":"PropertyValueSpecification","valueRequired":true,"valueName":"search_term_string"}}],"inLanguage":"de"},{"@type":"Organization","@id":"https:\/\/fittwear.nl\/#organization","name":"FITTwear.co.uk","url":"https:\/\/fittwear.nl\/","logo":{"@type":"ImageObject","inLanguage":"de","@id":"https:\/\/fittwear.nl\/#\/schema\/logo\/image\/","url":"https:\/\/fittwear.nl\/wp-content\/uploads\/2024\/07\/FITT-Logo-BeYOUtiful-website-homepage_Tekengebied-1-scaled.jpg","contentUrl":"https:\/\/fittwear.nl\/wp-content\/uploads\/2024\/07\/FITT-Logo-BeYOUtiful-website-homepage_Tekengebied-1-scaled.jpg","width":2560,"height":599,"caption":"FITTwear.nl"},"image":{"@id":"https:\/\/fittwear.nl\/#\/schema\/logo\/image\/"}}]}},"_links":{"self":[{"href":"https:\/\/fittwear.nl\/de\/wp-json\/wp\/v2\/product\/96874","targetHints":{"allow":["GET"]}}],"collection":[{"href":"https:\/\/fittwear.nl\/de\/wp-json\/wp\/v2\/product"}],"about":[{"href":"https:\/\/fittwear.nl\/de\/wp-json\/wp\/v2\/types\/product"}],"wp:featuredmedia":[{"embeddable":true,"href":"https:\/\/fittwear.nl\/de\/wp-json\/wp\/v2\/media\/97968"}],"wp:attachment":[{"href":"https:\/\/fittwear.nl\/de\/wp-json\/wp\/v2\/media?parent=96874"}],"wp:term":[{"taxonomy":"product_brand","embeddable":true,"href":"https:\/\/fittwear.nl\/de\/wp-json\/wp\/v2\/product_brand?post=96874"},{"taxonomy":"product_cat","embeddable":true,"href":"https:\/\/fittwear.nl\/de\/wp-json\/wp\/v2\/product_cat?post=96874"},{"taxonomy":"product_tag","embeddable":true,"href":"https:\/\/fittwear.nl\/de\/wp-json\/wp\/v2\/product_tag?post=96874"}],"curies":[{"name":"wp","href":"https:\/\/api.w.org\/{rel}","templated":true}]}}