{"id":69803,"date":"2023-08-01T16:16:21","date_gmt":"2023-08-01T14:16:21","guid":{"rendered":"https:\/\/fittwear.nl\/?post_type=product&#038;p=69803"},"modified":"2026-04-06T11:40:58","modified_gmt":"2026-04-06T09:40:58","slug":"element-top-ivory","status":"publish","type":"product","link":"https:\/\/fittwear.nl\/en\/product\/element-top-ivory\/","title":{"rendered":"Element Top Ivory"},"content":{"rendered":"<p>&#8211; Dunne en ademende stof<\/p>\n\n\n\n<p>- Rib fabric<\/p>\n\n\n\n<p>&#8211; Scrunch details aan de zijkanten<\/p>\n\n\n\n<p>- Round neck<\/p>\n\n\n\n<p>&#8211; Bedrukt logo aan de achterkant<\/p>\n\n\n\n<p> &#8211; Kleur: Ivory<\/p>\n\n\n\n<p>&#8211; 85% Polyamide, 15% Elastaan<\/p>\n\n\n\n<p>- Model Sophie is 1.75 and wears size S<\/p>","protected":false},"excerpt":{"rendered":"<p>The Element Top is the essential top in your wardrobe when you love casual and stylish all in one. Are you still looking for the perfect top to work out intensely, do a relaxing yoga session or wear casually? Then this is the perfect top for you! Our Element Top is thin in fabric, making it extra breathable and is just a bit longer than a crop top. And did you also notice the cute rib textured fabric and scrunch details on the sides? Freedom, comfy, stylish, practical and a great-looking top is what this item has to offer you. The top is easy to combine with the other items within our collection and your wardrobe, making it an essential basic! The top can be used for all kinds of activities, such as a hike, an intensive workout, strength training, running or to wear in your free time with your girlfriends. All in all, a versatile top that has a lot to offer!<\/p>","protected":false},"featured_media":70948,"template":"","meta":{"_acf_changed":false},"product_brand":[],"product_cat":[4796,4812,4794,79,81,78],"product_tag":[],"class_list":{"0":"post-69803","1":"product","2":"type-product","3":"status-publish","4":"has-post-thumbnail","6":"product_cat-cute-in-neutrals","7":"product_cat-forever-favorites-categorie","8":"product_cat-mindful-movement","9":"product_cat-tanktops-dames","10":"product_cat-crop-tops","11":"product_cat-t-shirts-dames","13":"first","14":"instock","15":"taxable","16":"shipping-taxable","17":"purchasable","18":"product-type-variable","19":"has-default-attributes"},"acf":[],"yoast_head":"<!-- This site is optimized with the Yoast SEO plugin v27.1.1 - https:\/\/yoast.com\/product\/yoast-seo-wordpress\/ -->\n<title>Element Top Ivory - FITTwear.nl<\/title>\n<meta name=\"description\" content=\"De Element Top is de onmisbare top in jouw garderobe wanneer je houdt van casual en stylish in \u00e9\u00e9n. Ben je nog steeds op zoek naar d\u00e9 perfecte top om intensief in te sporten, een rustgevende yoga-sessie te doen of om casual te dragen? Dan is dit de perfecte top voor jou! Onze Element Top is dun van stof, hierdoor extra ademend en is net wat langer dan een crop top. En heb je ook de leuke rib structuur stof en scrunch details aan de zijkanten opgemerkt? Vrijheid, comfy, stylish, praktisch en een fantastisch uitziende top is hetgeen wat dit item jou te bieden heeft. De top is gemakkelijk te combineren met de andere items binnen onze collectie en jouw garderobe, een onmisbare basic dus! De top is in te zetten voor allerlei activiteiten, zoals een hike, een intensieve workout, krachttraining, hardlopen of om te dragen in je vrije tijd met je vriendinnen. Al met al een veelzijdige top die veel te bieden heeft!\" \/>\n<meta name=\"robots\" content=\"index, follow, max-snippet:-1, max-image-preview:large, max-video-preview:-1\" \/>\n<link rel=\"canonical\" href=\"https:\/\/fittwear.nl\/en\/product\/element-top-ivory\/\" \/>\n<meta property=\"og:locale\" content=\"en_GB\" \/>\n<meta property=\"og:type\" content=\"article\" \/>\n<meta property=\"og:title\" content=\"Element Top Ivory - FITTwear.nl\" \/>\n<meta property=\"og:description\" content=\"De Element Top is de onmisbare top in jouw garderobe wanneer je houdt van casual en stylish in \u00e9\u00e9n. Ben je nog steeds op zoek naar d\u00e9 perfecte top om intensief in te sporten, een rustgevende yoga-sessie te doen of om casual te dragen? Dan is dit de perfecte top voor jou! Onze Element Top is dun van stof, hierdoor extra ademend en is net wat langer dan een crop top. En heb je ook de leuke rib structuur stof en scrunch details aan de zijkanten opgemerkt? Vrijheid, comfy, stylish, praktisch en een fantastisch uitziende top is hetgeen wat dit item jou te bieden heeft. De top is gemakkelijk te combineren met de andere items binnen onze collectie en jouw garderobe, een onmisbare basic dus! De top is in te zetten voor allerlei activiteiten, zoals een hike, een intensieve workout, krachttraining, hardlopen of om te dragen in je vrije tijd met je vriendinnen. Al met al een veelzijdige top die veel te bieden heeft!\" \/>\n<meta property=\"og:url\" content=\"https:\/\/fittwear.nl\/en\/product\/element-top-ivory\/\" \/>\n<meta property=\"og:site_name\" content=\"FITTwear.nl\" \/>\n<meta property=\"article:modified_time\" content=\"2026-04-06T09:40:58+00:00\" \/>\n<meta property=\"og:image\" content=\"https:\/\/fittwear.nl\/wp-content\/uploads\/2023\/08\/ellement-top-ivory_Voorkant-boven_jpg_7-kopieren.jpg\" \/>\n\t<meta property=\"og:image:width\" content=\"1200\" \/>\n\t<meta property=\"og:image:height\" content=\"1800\" \/>\n\t<meta property=\"og:image:type\" content=\"image\/jpeg\" \/>\n<meta name=\"twitter:card\" content=\"summary_large_image\" \/>\n<meta name=\"twitter:label1\" content=\"Estimated reading time\" \/>\n\t<meta name=\"twitter:data1\" content=\"1 minute\" \/>\n<script type=\"application\/ld+json\" class=\"yoast-schema-graph\">{\"@context\":\"https:\/\/schema.org\",\"@graph\":[{\"@type\":\"WebPage\",\"@id\":\"https:\/\/fittwear.nl\/product\/element-top-ivory\/\",\"url\":\"https:\/\/fittwear.nl\/product\/element-top-ivory\/\",\"name\":\"Element Top Ivory - FITTwear.nl\",\"isPartOf\":{\"@id\":\"https:\/\/fittwear.nl\/#website\"},\"primaryImageOfPage\":{\"@id\":\"https:\/\/fittwear.nl\/product\/element-top-ivory\/#primaryimage\"},\"image\":{\"@id\":\"https:\/\/fittwear.nl\/product\/element-top-ivory\/#primaryimage\"},\"thumbnailUrl\":\"https:\/\/fittwear.nl\/wp-content\/uploads\/2023\/08\/ellement-top-ivory_Voorkant-boven_jpg_7-kopieren.jpg\",\"datePublished\":\"2023-08-01T14:16:21+00:00\",\"dateModified\":\"2026-04-06T09:40:58+00:00\",\"description\":\"De Element Top is de onmisbare top in jouw garderobe wanneer je houdt van casual en stylish in \u00e9\u00e9n. Ben je nog steeds op zoek naar d\u00e9 perfecte top om intensief in te sporten, een rustgevende yoga-sessie te doen of om casual te dragen? Dan is dit de perfecte top voor jou! Onze Element Top is dun van stof, hierdoor extra ademend en is net wat langer dan een crop top. En heb je ook de leuke rib structuur stof en scrunch details aan de zijkanten opgemerkt? Vrijheid, comfy, stylish, praktisch en een fantastisch uitziende top is hetgeen wat dit item jou te bieden heeft. De top is gemakkelijk te combineren met de andere items binnen onze collectie en jouw garderobe, een onmisbare basic dus! De top is in te zetten voor allerlei activiteiten, zoals een hike, een intensieve workout, krachttraining, hardlopen of om te dragen in je vrije tijd met je vriendinnen. Al met al een veelzijdige top die veel te bieden heeft!\",\"breadcrumb\":{\"@id\":\"https:\/\/fittwear.nl\/product\/element-top-ivory\/#breadcrumb\"},\"inLanguage\":\"en-GB\",\"potentialAction\":[{\"@type\":\"ReadAction\",\"target\":[\"https:\/\/fittwear.nl\/product\/element-top-ivory\/\"]}]},{\"@type\":\"ImageObject\",\"inLanguage\":\"en-GB\",\"@id\":\"https:\/\/fittwear.nl\/product\/element-top-ivory\/#primaryimage\",\"url\":\"https:\/\/fittwear.nl\/wp-content\/uploads\/2023\/08\/ellement-top-ivory_Voorkant-boven_jpg_7-kopieren.jpg\",\"contentUrl\":\"https:\/\/fittwear.nl\/wp-content\/uploads\/2023\/08\/ellement-top-ivory_Voorkant-boven_jpg_7-kopieren.jpg\",\"width\":1200,\"height\":1800},{\"@type\":\"BreadcrumbList\",\"@id\":\"https:\/\/fittwear.nl\/product\/element-top-ivory\/#breadcrumb\",\"itemListElement\":[{\"@type\":\"ListItem\",\"position\":1,\"name\":\"Home\",\"item\":\"https:\/\/fittwear.nl\/\"},{\"@type\":\"ListItem\",\"position\":2,\"name\":\"Shop\",\"item\":\"https:\/\/fittwear.nl\/shop\/\"},{\"@type\":\"ListItem\",\"position\":3,\"name\":\"Element Top Ivory\"}]},{\"@type\":\"WebSite\",\"@id\":\"https:\/\/fittwear.nl\/#website\",\"url\":\"https:\/\/fittwear.nl\/\",\"name\":\"FITTwear.nl\",\"description\":\"Time to shine!\",\"publisher\":{\"@id\":\"https:\/\/fittwear.nl\/#organization\"},\"potentialAction\":[{\"@type\":\"SearchAction\",\"target\":{\"@type\":\"EntryPoint\",\"urlTemplate\":\"https:\/\/fittwear.nl\/?s={search_term_string}\"},\"query-input\":{\"@type\":\"PropertyValueSpecification\",\"valueRequired\":true,\"valueName\":\"search_term_string\"}}],\"inLanguage\":\"en-GB\"},{\"@type\":\"Organization\",\"@id\":\"https:\/\/fittwear.nl\/#organization\",\"name\":\"FITTwear.nl\",\"url\":\"https:\/\/fittwear.nl\/\",\"logo\":{\"@type\":\"ImageObject\",\"inLanguage\":\"en-GB\",\"@id\":\"https:\/\/fittwear.nl\/#\/schema\/logo\/image\/\",\"url\":\"https:\/\/fittwear.nl\/wp-content\/uploads\/2024\/07\/FITT-Logo-BeYOUtiful-website-homepage_Tekengebied-1-scaled.jpg\",\"contentUrl\":\"https:\/\/fittwear.nl\/wp-content\/uploads\/2024\/07\/FITT-Logo-BeYOUtiful-website-homepage_Tekengebied-1-scaled.jpg\",\"width\":2560,\"height\":599,\"caption\":\"FITTwear.nl\"},\"image\":{\"@id\":\"https:\/\/fittwear.nl\/#\/schema\/logo\/image\/\"}}]}<\/script>\n<!-- \/ Yoast SEO plugin. -->","yoast_head_json":{"title":"Element Top Ivory - FITTwear.co.uk","description":"The Element Top is the essential top in your wardrobe when you love casual and stylish all in one. Are you still looking for the perfect top to work out intensely, do a relaxing yoga session or wear casually? Then this is the perfect top for you! Our Element Top is thin in fabric, making it extra breathable and is just a bit longer than a crop top. And did you also notice the cute rib textured fabric and scrunch details on the sides? Freedom, comfy, stylish, practical and a great-looking top is what this item has to offer you. The top is easy to combine with the other items within our collection and your wardrobe, making it an essential basic! The top can be used for all kinds of activities, such as a hike, an intensive workout, strength training, running or to wear in your free time with your girlfriends. All in all, a versatile top that has a lot to offer!","robots":{"index":"index","follow":"follow","max-snippet":"max-snippet:-1","max-image-preview":"max-image-preview:large","max-video-preview":"max-video-preview:-1"},"canonical":"https:\/\/fittwear.nl\/en\/product\/element-top-ivory\/","og_locale":"en_GB","og_type":"article","og_title":"Element Top Ivory - FITTwear.nl","og_description":"De Element Top is de onmisbare top in jouw garderobe wanneer je houdt van casual en stylish in \u00e9\u00e9n. Ben je nog steeds op zoek naar d\u00e9 perfecte top om intensief in te sporten, een rustgevende yoga-sessie te doen of om casual te dragen? Dan is dit de perfecte top voor jou! Onze Element Top is dun van stof, hierdoor extra ademend en is net wat langer dan een crop top. En heb je ook de leuke rib structuur stof en scrunch details aan de zijkanten opgemerkt? Vrijheid, comfy, stylish, praktisch en een fantastisch uitziende top is hetgeen wat dit item jou te bieden heeft. De top is gemakkelijk te combineren met de andere items binnen onze collectie en jouw garderobe, een onmisbare basic dus! De top is in te zetten voor allerlei activiteiten, zoals een hike, een intensieve workout, krachttraining, hardlopen of om te dragen in je vrije tijd met je vriendinnen. Al met al een veelzijdige top die veel te bieden heeft!","og_url":"https:\/\/fittwear.nl\/en\/product\/element-top-ivory\/","og_site_name":"FITTwear.nl","article_modified_time":"2026-04-06T09:40:58+00:00","og_image":[{"width":1200,"height":1800,"url":"https:\/\/fittwear.nl\/wp-content\/uploads\/2023\/08\/ellement-top-ivory_Voorkant-boven_jpg_7-kopieren.jpg","type":"image\/jpeg"}],"twitter_card":"summary_large_image","twitter_misc":{"Estimated reading time":"1 minute"},"schema":{"@context":"https:\/\/schema.org","@graph":[{"@type":"WebPage","@id":"https:\/\/fittwear.nl\/product\/element-top-ivory\/","url":"https:\/\/fittwear.nl\/product\/element-top-ivory\/","name":"Element Top Ivory - FITTwear.co.uk","isPartOf":{"@id":"https:\/\/fittwear.nl\/#website"},"primaryImageOfPage":{"@id":"https:\/\/fittwear.nl\/product\/element-top-ivory\/#primaryimage"},"image":{"@id":"https:\/\/fittwear.nl\/product\/element-top-ivory\/#primaryimage"},"thumbnailUrl":"https:\/\/fittwear.nl\/wp-content\/uploads\/2023\/08\/ellement-top-ivory_Voorkant-boven_jpg_7-kopieren.jpg","datePublished":"2023-08-01T14:16:21+00:00","dateModified":"2026-04-06T09:40:58+00:00","description":"The Element Top is the essential top in your wardrobe when you love casual and stylish all in one. Are you still looking for the perfect top to work out intensely, do a relaxing yoga session or wear casually? Then this is the perfect top for you! Our Element Top is thin in fabric, making it extra breathable and is just a bit longer than a crop top. And did you also notice the cute rib textured fabric and scrunch details on the sides? Freedom, comfy, stylish, practical and a great-looking top is what this item has to offer you. The top is easy to combine with the other items within our collection and your wardrobe, making it an essential basic! The top can be used for all kinds of activities, such as a hike, an intensive workout, strength training, running or to wear in your free time with your girlfriends. All in all, a versatile top that has a lot to offer!","breadcrumb":{"@id":"https:\/\/fittwear.nl\/product\/element-top-ivory\/#breadcrumb"},"inLanguage":"en-GB","potentialAction":[{"@type":"ReadAction","target":["https:\/\/fittwear.nl\/product\/element-top-ivory\/"]}]},{"@type":"ImageObject","inLanguage":"en-GB","@id":"https:\/\/fittwear.nl\/product\/element-top-ivory\/#primaryimage","url":"https:\/\/fittwear.nl\/wp-content\/uploads\/2023\/08\/ellement-top-ivory_Voorkant-boven_jpg_7-kopieren.jpg","contentUrl":"https:\/\/fittwear.nl\/wp-content\/uploads\/2023\/08\/ellement-top-ivory_Voorkant-boven_jpg_7-kopieren.jpg","width":1200,"height":1800},{"@type":"BreadcrumbList","@id":"https:\/\/fittwear.nl\/product\/element-top-ivory\/#breadcrumb","itemListElement":[{"@type":"ListItem","position":1,"name":"Home","item":"https:\/\/fittwear.nl\/"},{"@type":"ListItem","position":2,"name":"Shop","item":"https:\/\/fittwear.nl\/shop\/"},{"@type":"ListItem","position":3,"name":"Element Top Ivory"}]},{"@type":"WebSite","@id":"https:\/\/fittwear.nl\/#website","url":"https:\/\/fittwear.nl\/","name":"FITTwear.co.uk","description":"Time to shine!","publisher":{"@id":"https:\/\/fittwear.nl\/#organization"},"potentialAction":[{"@type":"SearchAction","target":{"@type":"EntryPoint","urlTemplate":"https:\/\/fittwear.nl\/?s={search_term_string}"},"query-input":{"@type":"PropertyValueSpecification","valueRequired":true,"valueName":"search_term_string"}}],"inLanguage":"en-GB"},{"@type":"Organization","@id":"https:\/\/fittwear.nl\/#organization","name":"FITTwear.co.uk","url":"https:\/\/fittwear.nl\/","logo":{"@type":"ImageObject","inLanguage":"en-GB","@id":"https:\/\/fittwear.nl\/#\/schema\/logo\/image\/","url":"https:\/\/fittwear.nl\/wp-content\/uploads\/2024\/07\/FITT-Logo-BeYOUtiful-website-homepage_Tekengebied-1-scaled.jpg","contentUrl":"https:\/\/fittwear.nl\/wp-content\/uploads\/2024\/07\/FITT-Logo-BeYOUtiful-website-homepage_Tekengebied-1-scaled.jpg","width":2560,"height":599,"caption":"FITTwear.nl"},"image":{"@id":"https:\/\/fittwear.nl\/#\/schema\/logo\/image\/"}}]}},"_links":{"self":[{"href":"https:\/\/fittwear.nl\/en\/wp-json\/wp\/v2\/product\/69803","targetHints":{"allow":["GET"]}}],"collection":[{"href":"https:\/\/fittwear.nl\/en\/wp-json\/wp\/v2\/product"}],"about":[{"href":"https:\/\/fittwear.nl\/en\/wp-json\/wp\/v2\/types\/product"}],"wp:featuredmedia":[{"embeddable":true,"href":"https:\/\/fittwear.nl\/en\/wp-json\/wp\/v2\/media\/70948"}],"wp:attachment":[{"href":"https:\/\/fittwear.nl\/en\/wp-json\/wp\/v2\/media?parent=69803"}],"wp:term":[{"taxonomy":"product_brand","embeddable":true,"href":"https:\/\/fittwear.nl\/en\/wp-json\/wp\/v2\/product_brand?post=69803"},{"taxonomy":"product_cat","embeddable":true,"href":"https:\/\/fittwear.nl\/en\/wp-json\/wp\/v2\/product_cat?post=69803"},{"taxonomy":"product_tag","embeddable":true,"href":"https:\/\/fittwear.nl\/en\/wp-json\/wp\/v2\/product_tag?post=69803"}],"curies":[{"name":"wp","href":"https:\/\/api.w.org\/{rel}","templated":true}]}}