{"id":2064,"date":"2020-08-06T07:54:15","date_gmt":"2020-08-06T05:54:15","guid":{"rendered":"http:\/\/fitt-shop.nl\/?page_id=2064"},"modified":"2025-10-02T07:46:03","modified_gmt":"2025-10-02T05:46:03","slug":"envoyer","status":"publish","type":"page","link":"https:\/\/fittwear.nl\/fr\/verzenden\/","title":{"rendered":"Exp\u00e9dition"},"content":{"rendered":"<div data-elementor-type=\"wp-page\" data-elementor-id=\"2064\" class=\"elementor elementor-2064\" data-elementor-post-type=\"page\">\n\t\t\t\t\t\t<section class=\"elementor-section elementor-top-section elementor-element elementor-element-59af327f elementor-section-boxed elementor-section-height-default elementor-section-height-default\" data-id=\"59af327f\" data-element_type=\"section\" data-e-type=\"section\">\n\t\t\t\t\t\t<div class=\"elementor-container elementor-column-gap-default\">\n\t\t\t\t\t<div class=\"elementor-column elementor-col-100 elementor-top-column elementor-element elementor-element-6d470881\" data-id=\"6d470881\" data-element_type=\"column\" data-e-type=\"column\">\n\t\t\t<div class=\"elementor-widget-wrap elementor-element-populated\">\n\t\t\t\t\t\t<section class=\"elementor-section elementor-inner-section elementor-element elementor-element-4052718b elementor-section-boxed elementor-section-height-default elementor-section-height-default\" data-id=\"4052718b\" data-element_type=\"section\" data-e-type=\"section\">\n\t\t\t\t\t\t<div class=\"elementor-container elementor-column-gap-default\">\n\t\t\t\t\t<div class=\"elementor-column elementor-col-100 elementor-inner-column elementor-element elementor-element-1a436baa\" data-id=\"1a436baa\" data-element_type=\"column\" data-e-type=\"column\">\n\t\t\t<div class=\"elementor-widget-wrap elementor-element-populated\">\n\t\t\t\t\t\t<div class=\"elementor-element elementor-element-493c529b elementor-widget__width-auto elementor-widget elementor-widget-heading\" data-id=\"493c529b\" data-element_type=\"widget\" data-e-type=\"widget\" data-widget_type=\"heading.default\">\n\t\t\t\t<div class=\"elementor-widget-container\">\n\t\t\t\t\t<h2 class=\"elementor-heading-title elementor-size-default\">Frais d'exp\u00e9dition<\/h2>\t\t\t\t<\/div>\n\t\t\t\t<\/div>\n\t\t\t\t<div class=\"elementor-element elementor-element-1ddca797 elementor-widget elementor-widget-spacer\" data-id=\"1ddca797\" data-element_type=\"widget\" data-e-type=\"widget\" data-widget_type=\"spacer.default\">\n\t\t\t\t<div class=\"elementor-widget-container\">\n\t\t\t\t\t\t\t<div class=\"elementor-spacer\">\n\t\t\t<div class=\"elementor-spacer-inner\"><\/div>\n\t\t<\/div>\n\t\t\t\t\t\t<\/div>\n\t\t\t\t<\/div>\n\t\t\t\t<div class=\"elementor-element elementor-element-29db26c0 elementor-widget elementor-widget-text-editor\" data-id=\"29db26c0\" data-element_type=\"widget\" data-e-type=\"widget\" data-widget_type=\"text-editor.default\">\n\t\t\t\t<div class=\"elementor-widget-container\">\n\t\t\t\t\t\t\t\t\t<p><strong>D\u00e9lai de livraison : <\/strong>Toutes les commandes pass\u00e9es en semaine avant 23h00 seront exp\u00e9di\u00e9es le jour m\u00eame ! Les commandes pass\u00e9es le samedi et le dimanche seront exp\u00e9di\u00e9es le lundi. Veuillez noter qu'aucune commande n'est exp\u00e9di\u00e9e les jours f\u00e9ri\u00e9s tels que le lundi de P\u00e2ques, l'Ascension, la Pentec\u00f4te et No\u00ebl.<\/p>\n<p>Remarque : les d\u00e9lais de livraison peuvent varier pendant les p\u00e9riodes de forte activit\u00e9 et les jours f\u00e9ri\u00e9s.<\/p>\n<p><strong>Frais d'exp\u00e9dition :<\/strong> Bij besteding boven de \u20ac75 zijn de verzendkosten GRATIS. Daaronder wordt \u20ac5,95 in rekening gebracht in de winkelwagen. Dit geldt ook voor een minimale bestelwaarde van \u20ac75 na retournering.<\/p>\n<p><strong>Transporteur :&nbsp;<\/strong>Toutes les commandes sont exp\u00e9di\u00e9es par POST NL ou DHL. Vous recevrez un e-mail avec le syst\u00e8me de suivi et de localisation lorsque le colis sera remis au transporteur.<\/p>\n<p><strong>Exp\u00e9dition vers la Belgique :&nbsp;<\/strong>Uiteraard leveren wij via POST NL ook in heel Belgi\u00eb. Levertijd 1-2 dagen. Verzendkosten onder de \u20ac75 euro zijn \u20ac5,95, hierboven GRATIS.<\/p>\n<p><strong>Exp\u00e9dition vers l'Allemagne :&nbsp;<\/strong>Uiteraard leveren wij via DHL ook in heel Duitsland. Levertijd is 2-3 dagen. Verzendkosten onder de \u20ac75 zijn \u20ac5,95, hierboven \u20ac1,95.<\/p>\n<p><strong>Exp\u00e9dition en France :&nbsp;<\/strong>Uiteraard leveren wij via DPD ook in heel Frankrijk. Levertijd is 3-4 dagen. Verzendkosten onder de \u20ac75 zijn \u20ac9,95, hierboven \u20ac1,95.<\/p>\n<p><strong>Exp\u00e9dition vers le Luxembourg :&nbsp;<\/strong>Uiteraard leveren wij via DPD ook in heel Luxemburg. Levertijd is 3-4 dagen. Verzendkosten onder de \u20ac75 zijn \u20ac9,95, hierboven&nbsp; \u20ac1,95.<\/p>\t\t\t\t\t\t\t\t<\/div>\n\t\t\t\t<\/div>\n\t\t\t\t\t<\/div>\n\t\t<\/div>\n\t\t\t\t\t<\/div>\n\t\t<\/section>\n\t\t\t\t\t<\/div>\n\t\t<\/div>\n\t\t\t\t\t<\/div>\n\t\t<\/section>\n\t\t\t\t<\/div>","protected":false},"excerpt":{"rendered":"<p>Verzendkosten Verzendtijd: Alle bestellingen die op werkdagen voor 23:00 zijn geplaatst, worden dezelfde dag nog verzonden! Bestellingen die op zaterdag en zondag worden geplaatst worden maandag verzonden. Let wel op dat er op feestdagen als tweede Paasdag, Hemelvaart, Pinksteren en met Kerst geen orders verstuurd worden. Let op: Levertijden kunnen afwijken tijdens drukkere periodes en [&hellip;]<\/p>\n","protected":false},"author":1,"featured_media":0,"parent":0,"menu_order":0,"comment_status":"closed","ping_status":"closed","template":"","meta":{"_acf_changed":false,"footnotes":""},"class_list":["post-2064","page","type-page","status-publish","hentry"],"acf":[],"yoast_head":"<!-- This site is optimized with the Yoast SEO plugin v27.1.1 - https:\/\/yoast.com\/product\/yoast-seo-wordpress\/ -->\n<title>Verzenden - FITTwear.nl<\/title>\n<meta name=\"robots\" content=\"index, follow, max-snippet:-1, max-image-preview:large, max-video-preview:-1\" \/>\n<link rel=\"canonical\" href=\"https:\/\/fittwear.nl\/fr\/envoyer\/\" \/>\n<meta property=\"og:locale\" content=\"fr_FR\" \/>\n<meta property=\"og:type\" content=\"article\" \/>\n<meta property=\"og:title\" content=\"Verzenden - FITTwear.nl\" \/>\n<meta property=\"og:description\" content=\"Verzendkosten Verzendtijd: Alle bestellingen die op werkdagen voor 23:00 zijn geplaatst, worden dezelfde dag nog verzonden! Bestellingen die op zaterdag en zondag worden geplaatst worden maandag verzonden. Let wel op dat er op feestdagen als tweede Paasdag, Hemelvaart, Pinksteren en met Kerst geen orders verstuurd worden. Let op: Levertijden kunnen afwijken tijdens drukkere periodes en [&hellip;]\" \/>\n<meta property=\"og:url\" content=\"https:\/\/fittwear.nl\/fr\/envoyer\/\" \/>\n<meta property=\"og:site_name\" content=\"FITTwear.nl\" \/>\n<meta property=\"article:modified_time\" content=\"2025-10-02T05:46:03+00:00\" \/>\n<meta name=\"twitter:card\" content=\"summary_large_image\" \/>\n<meta name=\"twitter:label1\" content=\"Dur\u00e9e de lecture estim\u00e9e\" \/>\n\t<meta name=\"twitter:data1\" content=\"2 minutes\" \/>\n<script type=\"application\/ld+json\" class=\"yoast-schema-graph\">{\"@context\":\"https:\/\/schema.org\",\"@graph\":[{\"@type\":\"WebPage\",\"@id\":\"https:\/\/fittwear.nl\/verzenden\/\",\"url\":\"https:\/\/fittwear.nl\/verzenden\/\",\"name\":\"Verzenden - FITTwear.nl\",\"isPartOf\":{\"@id\":\"https:\/\/fittwear.nl\/#website\"},\"datePublished\":\"2020-08-06T05:54:15+00:00\",\"dateModified\":\"2025-10-02T05:46:03+00:00\",\"breadcrumb\":{\"@id\":\"https:\/\/fittwear.nl\/verzenden\/#breadcrumb\"},\"inLanguage\":\"fr-FR\",\"potentialAction\":[{\"@type\":\"ReadAction\",\"target\":[\"https:\/\/fittwear.nl\/verzenden\/\"]}]},{\"@type\":\"BreadcrumbList\",\"@id\":\"https:\/\/fittwear.nl\/verzenden\/#breadcrumb\",\"itemListElement\":[{\"@type\":\"ListItem\",\"position\":1,\"name\":\"Home\",\"item\":\"https:\/\/fittwear.nl\/\"},{\"@type\":\"ListItem\",\"position\":2,\"name\":\"Verzenden\"}]},{\"@type\":\"WebSite\",\"@id\":\"https:\/\/fittwear.nl\/#website\",\"url\":\"https:\/\/fittwear.nl\/\",\"name\":\"FITTwear.nl\",\"description\":\"Time to shine!\",\"publisher\":{\"@id\":\"https:\/\/fittwear.nl\/#organization\"},\"potentialAction\":[{\"@type\":\"SearchAction\",\"target\":{\"@type\":\"EntryPoint\",\"urlTemplate\":\"https:\/\/fittwear.nl\/?s={search_term_string}\"},\"query-input\":{\"@type\":\"PropertyValueSpecification\",\"valueRequired\":true,\"valueName\":\"search_term_string\"}}],\"inLanguage\":\"fr-FR\"},{\"@type\":\"Organization\",\"@id\":\"https:\/\/fittwear.nl\/#organization\",\"name\":\"FITTwear.nl\",\"url\":\"https:\/\/fittwear.nl\/\",\"logo\":{\"@type\":\"ImageObject\",\"inLanguage\":\"fr-FR\",\"@id\":\"https:\/\/fittwear.nl\/#\/schema\/logo\/image\/\",\"url\":\"https:\/\/fittwear.nl\/wp-content\/uploads\/2024\/07\/FITT-Logo-BeYOUtiful-website-homepage_Tekengebied-1-scaled.jpg\",\"contentUrl\":\"https:\/\/fittwear.nl\/wp-content\/uploads\/2024\/07\/FITT-Logo-BeYOUtiful-website-homepage_Tekengebied-1-scaled.jpg\",\"width\":2560,\"height\":599,\"caption\":\"FITTwear.nl\"},\"image\":{\"@id\":\"https:\/\/fittwear.nl\/#\/schema\/logo\/image\/\"}}]}<\/script>\n<!-- \/ Yoast SEO plugin. -->","yoast_head_json":{"title":"Exp\u00e9dition - FITTwear.co.uk","robots":{"index":"index","follow":"follow","max-snippet":"max-snippet:-1","max-image-preview":"max-image-preview:large","max-video-preview":"max-video-preview:-1"},"canonical":"https:\/\/fittwear.nl\/fr\/envoyer\/","og_locale":"fr_FR","og_type":"article","og_title":"Verzenden - FITTwear.nl","og_description":"Verzendkosten Verzendtijd: Alle bestellingen die op werkdagen voor 23:00 zijn geplaatst, worden dezelfde dag nog verzonden! Bestellingen die op zaterdag en zondag worden geplaatst worden maandag verzonden. Let wel op dat er op feestdagen als tweede Paasdag, Hemelvaart, Pinksteren en met Kerst geen orders verstuurd worden. Let op: Levertijden kunnen afwijken tijdens drukkere periodes en [&hellip;]","og_url":"https:\/\/fittwear.nl\/fr\/envoyer\/","og_site_name":"FITTwear.nl","article_modified_time":"2025-10-02T05:46:03+00:00","twitter_card":"summary_large_image","twitter_misc":{"Dur\u00e9e de lecture estim\u00e9e":"2 minutes"},"schema":{"@context":"https:\/\/schema.org","@graph":[{"@type":"WebPage","@id":"https:\/\/fittwear.nl\/verzenden\/","url":"https:\/\/fittwear.nl\/verzenden\/","name":"Exp\u00e9dition - FITTwear.co.uk","isPartOf":{"@id":"https:\/\/fittwear.nl\/#website"},"datePublished":"2020-08-06T05:54:15+00:00","dateModified":"2025-10-02T05:46:03+00:00","breadcrumb":{"@id":"https:\/\/fittwear.nl\/verzenden\/#breadcrumb"},"inLanguage":"fr-FR","potentialAction":[{"@type":"ReadAction","target":["https:\/\/fittwear.nl\/verzenden\/"]}]},{"@type":"BreadcrumbList","@id":"https:\/\/fittwear.nl\/verzenden\/#breadcrumb","itemListElement":[{"@type":"ListItem","position":1,"name":"Home","item":"https:\/\/fittwear.nl\/"},{"@type":"ListItem","position":2,"name":"Verzenden"}]},{"@type":"WebSite","@id":"https:\/\/fittwear.nl\/#website","url":"https:\/\/fittwear.nl\/","name":"FITTwear.co.uk","description":"C'est le moment de briller !","publisher":{"@id":"https:\/\/fittwear.nl\/#organization"},"potentialAction":[{"@type":"SearchAction","target":{"@type":"EntryPoint","urlTemplate":"https:\/\/fittwear.nl\/?s={search_term_string}"},"query-input":{"@type":"PropertyValueSpecification","valueRequired":true,"valueName":"search_term_string"}}],"inLanguage":"fr-FR"},{"@type":"Organization","@id":"https:\/\/fittwear.nl\/#organization","name":"FITTwear.co.uk","url":"https:\/\/fittwear.nl\/","logo":{"@type":"ImageObject","inLanguage":"fr-FR","@id":"https:\/\/fittwear.nl\/#\/schema\/logo\/image\/","url":"https:\/\/fittwear.nl\/wp-content\/uploads\/2024\/07\/FITT-Logo-BeYOUtiful-website-homepage_Tekengebied-1-scaled.jpg","contentUrl":"https:\/\/fittwear.nl\/wp-content\/uploads\/2024\/07\/FITT-Logo-BeYOUtiful-website-homepage_Tekengebied-1-scaled.jpg","width":2560,"height":599,"caption":"FITTwear.nl"},"image":{"@id":"https:\/\/fittwear.nl\/#\/schema\/logo\/image\/"}}]}},"_links":{"self":[{"href":"https:\/\/fittwear.nl\/fr\/wp-json\/wp\/v2\/pages\/2064","targetHints":{"allow":["GET"]}}],"collection":[{"href":"https:\/\/fittwear.nl\/fr\/wp-json\/wp\/v2\/pages"}],"about":[{"href":"https:\/\/fittwear.nl\/fr\/wp-json\/wp\/v2\/types\/page"}],"author":[{"embeddable":true,"href":"https:\/\/fittwear.nl\/fr\/wp-json\/wp\/v2\/users\/1"}],"replies":[{"embeddable":true,"href":"https:\/\/fittwear.nl\/fr\/wp-json\/wp\/v2\/comments?post=2064"}],"version-history":[{"count":47,"href":"https:\/\/fittwear.nl\/fr\/wp-json\/wp\/v2\/pages\/2064\/revisions"}],"predecessor-version":[{"id":116803,"href":"https:\/\/fittwear.nl\/fr\/wp-json\/wp\/v2\/pages\/2064\/revisions\/116803"}],"wp:attachment":[{"href":"https:\/\/fittwear.nl\/fr\/wp-json\/wp\/v2\/media?parent=2064"}],"curies":[{"name":"wp","href":"https:\/\/api.w.org\/{rel}","templated":true}]}}