{"id":3311,"date":"2020-09-21T10:46:16","date_gmt":"2020-09-21T08:46:16","guid":{"rendered":"https:\/\/fittwear.nl\/?page_id=3311"},"modified":"2025-12-17T16:32:15","modified_gmt":"2025-12-17T15:32:15","slug":"retourner","status":"publish","type":"page","link":"https:\/\/fittwear.nl\/fr\/retour\/","title":{"rendered":"Retourner \u00e0"},"content":{"rendered":"<div data-elementor-type=\"wp-page\" data-elementor-id=\"3311\" class=\"elementor elementor-3311\" data-elementor-post-type=\"page\">\n\t\t\t\t\t\t<section class=\"elementor-section elementor-top-section elementor-element elementor-element-6fd6f0ba elementor-section-boxed elementor-section-height-default elementor-section-height-default\" data-id=\"6fd6f0ba\" data-element_type=\"section\" data-e-type=\"section\">\n\t\t\t\t\t\t<div class=\"elementor-container elementor-column-gap-default\">\n\t\t\t\t\t<div class=\"elementor-column elementor-col-100 elementor-top-column elementor-element elementor-element-4f981c04\" data-id=\"4f981c04\" data-element_type=\"column\" data-e-type=\"column\">\n\t\t\t<div class=\"elementor-widget-wrap elementor-element-populated\">\n\t\t\t\t\t\t<section class=\"elementor-section elementor-inner-section elementor-element elementor-element-64f1c8db elementor-section-boxed elementor-section-height-default elementor-section-height-default\" data-id=\"64f1c8db\" data-element_type=\"section\" data-e-type=\"section\">\n\t\t\t\t\t\t<div class=\"elementor-container elementor-column-gap-default\">\n\t\t\t\t\t<div class=\"elementor-column elementor-col-100 elementor-inner-column elementor-element elementor-element-78a1a33c\" data-id=\"78a1a33c\" data-element_type=\"column\" data-e-type=\"column\">\n\t\t\t<div class=\"elementor-widget-wrap elementor-element-populated\">\n\t\t\t\t\t\t<div class=\"elementor-element elementor-element-5f2ab2e0 elementor-widget__width-auto elementor-widget elementor-widget-heading\" data-id=\"5f2ab2e0\" data-element_type=\"widget\" data-e-type=\"widget\" data-widget_type=\"heading.default\">\n\t\t\t\t<div class=\"elementor-widget-container\">\n\t\t\t\t\t<h2 class=\"elementor-heading-title elementor-size-default\">Politique de retour<\/h2>\t\t\t\t<\/div>\n\t\t\t\t<\/div>\n\t\t\t\t<div class=\"elementor-element elementor-element-1f5a1ca4 elementor-widget__width-auto elementor-widget elementor-widget-button\" data-id=\"1f5a1ca4\" data-element_type=\"widget\" data-e-type=\"widget\" data-widget_type=\"button.default\">\n\t\t\t\t<div class=\"elementor-widget-container\">\n\t\t\t\t\t\t\t\t\t<div class=\"elementor-button-wrapper\">\n\t\t\t\t\t<a class=\"elementor-button elementor-button-link elementor-size-sm\" href=\"https:\/\/www.montareturns.com\/7c52e852-dc42-4c00-902d-3d39984c449e?c=1\" target=\"_blank\">\n\t\t\t\t\t\t<span class=\"elementor-button-content-wrapper\">\n\t\t\t\t\t\t\t\t\t<span class=\"elementor-button-text\">Retour du registre<\/span>\n\t\t\t\t\t<\/span>\n\t\t\t\t\t<\/a>\n\t\t\t\t<\/div>\n\t\t\t\t\t\t\t\t<\/div>\n\t\t\t\t<\/div>\n\t\t\t\t<div class=\"elementor-element elementor-element-67f20881 elementor-widget elementor-widget-text-editor\" data-id=\"67f20881\" data-element_type=\"widget\" data-e-type=\"widget\" data-widget_type=\"text-editor.default\">\n\t\t\t\t<div class=\"elementor-widget-container\">\n\t\t\t\t\t\t\t\t\t<p>Veuillez noter ! Veuillez joindre le bordereau d'exp\u00e9dition aux articles que vous retournez. Sinon, nous ne serons pas en mesure de traiter votre retour.<\/p>\t\t\t\t\t\t\t\t<\/div>\n\t\t\t\t<\/div>\n\t\t\t\t<div class=\"elementor-element elementor-element-1651c20b elementor-widget elementor-widget-heading\" data-id=\"1651c20b\" data-element_type=\"widget\" data-e-type=\"widget\" data-widget_type=\"heading.default\">\n\t\t\t\t<div class=\"elementor-widget-container\">\n\t\t\t\t\t<h4 class=\"elementor-heading-title elementor-size-default\">Retour des Pays-Bas<\/h4>\t\t\t\t<\/div>\n\t\t\t\t<\/div>\n\t\t\t\t<div class=\"elementor-element elementor-element-25c7bca4 elementor-widget elementor-widget-text-editor\" data-id=\"25c7bca4\" data-element_type=\"widget\" data-e-type=\"widget\" data-widget_type=\"text-editor.default\">\n\t\t\t\t<div class=\"elementor-widget-container\">\n\t\t\t\t\t\t\t\t\t<p>Vous pouvez toujours retourner les produits livr\u00e9s \u00e0 condition qu'ils r\u00e9pondent aux points suivants ;<\/p><ul><li>Les produits doivent \u00eatre retourn\u00e9s dans les 30 jours suivant l'exp\u00e9dition de votre commande.<\/li><li>Les produits doivent \u00eatre non port\u00e9s et non lav\u00e9s, avec toutes les \u00e9tiquettes encore attach\u00e9es et dans leur emballage d'origine.<\/li><li><span style=\"background-color: #f8f8f8;\">Vanwege hygi\u00ebnische redenen is het niet mogelijk om ondergoed te retourneren na aankoop.<\/span><\/li><li>Nous proposons des remboursements sur le mode de paiement initial utilis\u00e9 pour passer la commande.<\/li><li>Les commandes multiples peuvent \u00eatre retourn\u00e9es en une seule fois. Vous ne devez enregistrer qu'un seul envoi et donc imprimer une seule \u00e9tiquette de retour. Veuillez ajouter tous les bordereaux d'emballage \u00e0 l'envoi !<\/li><li>Kosten van de retourzending zijn voor eigen rekening. Verstuur je het terug via ons retourlabel, dan kost de zending 5,00 euro. Stuur je het zonder ons retourlabel terug dan kan dit naar: FITT Wear, Tinstraat 13, 4823AA Breda, Nederland.<\/li><\/ul><p><strong>Renvoyer plusieurs commandes ?<br \/><\/strong>Bien s\u00fbr, cela peut \u00eatre fait en une seule fois. Cela permet d'\u00e9viter des co\u00fbts suppl\u00e9mentaires. Il suffit d'enregistrer 1 commande sur notre site. Vous pouvez simplement ajouter les articles de la ou des autres commandes ainsi que les bordereaux d'exp\u00e9dition de toutes les commandes.<\/p>\t\t\t\t\t\t\t\t<\/div>\n\t\t\t\t<\/div>\n\t\t\t\t\t<\/div>\n\t\t<\/div>\n\t\t\t\t\t<\/div>\n\t\t<\/section>\n\t\t\t\t<div class=\"elementor-element elementor-element-1117b6d9 elementor-widget elementor-widget-text-editor\" data-id=\"1117b6d9\" data-element_type=\"widget\" data-e-type=\"widget\" data-widget_type=\"text-editor.default\">\n\t\t\t\t<div class=\"elementor-widget-container\">\n\t\t\t\t\t\t\t\t\tVous r\u00e9sidez aux Pays-Bas ? Vous pouvez ensuite enregistrer les articles que vous souhaitez retourner en ligne via le lien ci-dessous : \t\t\t\t\t\t\t\t<\/div>\n\t\t\t\t<\/div>\n\t\t\t\t<div class=\"elementor-element elementor-element-70e36e65 elementor-widget elementor-widget-button\" data-id=\"70e36e65\" data-element_type=\"widget\" data-e-type=\"widget\" data-widget_type=\"button.default\">\n\t\t\t\t<div class=\"elementor-widget-container\">\n\t\t\t\t\t\t\t\t\t<div class=\"elementor-button-wrapper\">\n\t\t\t\t\t<a class=\"elementor-button elementor-button-link elementor-size-sm\" href=\"https:\/\/www.montareturns.com\/7c52e852-dc42-4c00-902d-3d39984c449e?c=1\" target=\"_blank\">\n\t\t\t\t\t\t<span class=\"elementor-button-content-wrapper\">\n\t\t\t\t\t\t\t\t\t<span class=\"elementor-button-text\">Retour aux Pays-Bas<\/span>\n\t\t\t\t\t<\/span>\n\t\t\t\t\t<\/a>\n\t\t\t\t<\/div>\n\t\t\t\t\t\t\t\t<\/div>\n\t\t\t\t<\/div>\n\t\t\t\t<div class=\"elementor-element elementor-element-4278d729 elementor-widget elementor-widget-text-editor\" data-id=\"4278d729\" data-element_type=\"widget\" data-e-type=\"widget\" data-widget_type=\"text-editor.default\">\n\t\t\t\t<div class=\"elementor-widget-container\">\n\t\t\t\t\t\t\t\t\t<p>Retour en point DHL avec une \u00e9tiquette de retour FITT : \u20ac5,00<\/p>\t\t\t\t\t\t\t\t<\/div>\n\t\t\t\t<\/div>\n\t\t\t\t<div class=\"elementor-element elementor-element-3187b959 elementor-widget elementor-widget-text-editor\" data-id=\"3187b959\" data-element_type=\"widget\" data-e-type=\"widget\" data-widget_type=\"text-editor.default\">\n\t\t\t\t<div class=\"elementor-widget-container\">\n\t\t\t\t\t\t\t\t\t<p>Suivez les \u00e9tapes ci-dessous :<\/p><ul><li>Connexion ;<\/li><li>Saisissez votre num\u00e9ro de commande et votre adresse \u00e9lectronique.<\/li><li>Veuillez indiquer les articles que vous souhaitez retourner et pr\u00e9ciser la raison.<\/li><li>Apr\u00e8s avoir compl\u00e9t\u00e9 les \u00e9tapes et effectu\u00e9 le paiement, vous recevrez une \u00e9tiquette de retour dans votre bo\u00eete aux lettres.<\/li><li>L'\u00e9tiquette de retour re\u00e7ue doit \u00eatre\u00a0<strong>imprim\u00e9\u00a0<\/strong>\u00e0 emmener \u00e0 un\u00a0<strong>DHL punt. Bewaar ten alle tijden het bonnetje van inleveren tot je retour is verwerkt.\u00a0<\/strong><\/li><li><strong>ATTENTION !\u00a0<\/strong>Entourez \u00e9galement les articles que vous souhaitez retourner sur le bordereau d'exp\u00e9dition. Ajoutez le bordereau d'exp\u00e9dition aux articles que vous retournez.<\/li><\/ul>\t\t\t\t\t\t\t\t<\/div>\n\t\t\t\t<\/div>\n\t\t\t\t<div class=\"elementor-element elementor-element-603a02ad elementor-widget elementor-widget-heading\" data-id=\"603a02ad\" data-element_type=\"widget\" data-e-type=\"widget\" data-widget_type=\"heading.default\">\n\t\t\t\t<div class=\"elementor-widget-container\">\n\t\t\t\t\t<h4 class=\"elementor-heading-title elementor-size-default\">Retour de l'\u00e9tranger<\/h4>\t\t\t\t<\/div>\n\t\t\t\t<\/div>\n\t\t\t\t<div class=\"elementor-element elementor-element-30f6bfe8 elementor-widget elementor-widget-text-editor\" data-id=\"30f6bfe8\" data-element_type=\"widget\" data-e-type=\"widget\" data-widget_type=\"text-editor.default\">\n\t\t\t\t<div class=\"elementor-widget-container\">\n\t\t\t\t\t\t\t\t\t<p>Vous habitez en Belgique, en Allemagne, au Luxembourg ou en France ? Le co\u00fbt du retour est alors de 6,00 \u20ac. Vous pouvez enregistrer la d\u00e9claration en ligne via le lien ci-dessous :<\/p>\t\t\t\t\t\t\t\t<\/div>\n\t\t\t\t<\/div>\n\t\t\t\t<div class=\"elementor-element elementor-element-1d162396 elementor-widget elementor-widget-button\" data-id=\"1d162396\" data-element_type=\"widget\" data-e-type=\"widget\" data-widget_type=\"button.default\">\n\t\t\t\t<div class=\"elementor-widget-container\">\n\t\t\t\t\t\t\t\t\t<div class=\"elementor-button-wrapper\">\n\t\t\t\t\t<a class=\"elementor-button elementor-button-link elementor-size-sm\" href=\"https:\/\/www.montareturns.com\/7c52e852-dc42-4c00-902d-3d39984c449e?c=1\" target=\"_blank\">\n\t\t\t\t\t\t<span class=\"elementor-button-content-wrapper\">\n\t\t\t\t\t\t\t\t\t<span class=\"elementor-button-text\">D\u00e9clarer les d\u00e9clarations \u00e9trang\u00e8res<\/span>\n\t\t\t\t\t<\/span>\n\t\t\t\t\t<\/a>\n\t\t\t\t<\/div>\n\t\t\t\t\t\t\t\t<\/div>\n\t\t\t\t<\/div>\n\t\t\t\t<div class=\"elementor-element elementor-element-7c5919b6 elementor-widget elementor-widget-text-editor\" data-id=\"7c5919b6\" data-element_type=\"widget\" data-e-type=\"widget\" data-widget_type=\"text-editor.default\">\n\t\t\t\t<div class=\"elementor-widget-container\">\n\t\t\t\t\t\t\t\t\t<p>Ensuite, suivez les \u00e9tapes ci-dessous :<\/p><ul><li>Connexion ;<\/li><li>Saisissez votre num\u00e9ro de commande et votre adresse \u00e9lectronique.<\/li><li>Veuillez indiquer les articles que vous souhaitez retourner et pr\u00e9ciser la raison.<\/li><li>Apr\u00e8s avoir effectu\u00e9 les d\u00e9marches, vous recevrez une \u00e9tiquette de retour dans votre bo\u00eete aux lettres.<\/li><li>L'\u00e9tiquette de retour re\u00e7ue doit \u00eatre\u00a0<strong>imprim\u00e9 <\/strong>\u00e0 emmener \u00e0 un\u00a0<strong>DHL\/DPD\/UPS<\/strong><\/li><li><strong>ATTENTION !\u00a0<\/strong>Entourez \u00e9galement les articles que vous souhaitez retourner sur le bordereau d'exp\u00e9dition. Ajoutez le bordereau d'exp\u00e9dition aux articles que vous retournez.<\/li><\/ul>\t\t\t\t\t\t\t\t<\/div>\n\t\t\t\t<\/div>\n\t\t\t\t<div class=\"elementor-element elementor-element-a43cb29 elementor-widget elementor-widget-heading\" data-id=\"a43cb29\" data-element_type=\"widget\" data-e-type=\"widget\" data-widget_type=\"heading.default\">\n\t\t\t\t<div class=\"elementor-widget-container\">\n\t\t\t\t\t<h4 class=\"elementor-heading-title elementor-size-default\">Autres informations sur le retour<\/h4>\t\t\t\t<\/div>\n\t\t\t\t<\/div>\n\t\t\t\t<div class=\"elementor-element elementor-element-4a218aed elementor-widget elementor-widget-text-editor\" data-id=\"4a218aed\" data-element_type=\"widget\" data-e-type=\"widget\" data-widget_type=\"text-editor.default\">\n\t\t\t\t<div class=\"elementor-widget-container\">\n\t\t\t\t\t\t\t\t\t<ul><li>Une fois votre retour re\u00e7u et v\u00e9rifi\u00e9 par nos soins, le remboursement sera transf\u00e9r\u00e9 sur le num\u00e9ro de compte\/carte de cr\u00e9dit utilis\u00e9(e) pour le paiement dans les 10 jours ouvrables.<\/li><li>Les frais d'exp\u00e9dition seront rembours\u00e9s lorsque la totalit\u00e9 de la commande sera retourn\u00e9e.<\/li><li>Zonder ingevuld en toegevoegd retourformulier OF pakbon\/factuur kunnen we je retour helaas niet in behandeling nemen.<\/li><li>L'\u00e9change n'est malheureusement pas possible, dans ce cas vous pouvez passer une nouvelle commande via notre site.<\/li><\/ul><p><strong>Renvoyer plusieurs commandes ?<br \/><\/strong>Bien s\u00fbr, cela peut \u00eatre fait en une seule fois. Cela permet d'\u00e9viter des co\u00fbts suppl\u00e9mentaires. Il suffit d'enregistrer 1 commande sur notre site. Vous pouvez simplement ajouter les articles de la ou des autres commandes ainsi que les bordereaux d'exp\u00e9dition de toutes les commandes.<\/p>\t\t\t\t\t\t\t\t<\/div>\n\t\t\t\t<\/div>\n\t\t\t\t\t<\/div>\n\t\t<\/div>\n\t\t\t\t\t<\/div>\n\t\t<\/section>\n\t\t\t\t<\/div>","protected":false},"excerpt":{"rendered":"<p>Retourbeleid Retour aanmelden Let op! Doe de pakbon bij de artikelen die je retour stuurt. Anders kunnen we je retour niet verwerken. Retourneren vanuit Nederland Je kunt geleverde producten altijd retourneren mits deze aan de volgende punten voldoen; Producten moeten binnen 30 dagen na verzending van je bestelling worden geretourneerd. Producten moeten ongedragen en ongewassen [&hellip;]<\/p>\n","protected":false},"author":1,"featured_media":0,"parent":0,"menu_order":0,"comment_status":"closed","ping_status":"closed","template":"","meta":{"_acf_changed":false,"footnotes":""},"class_list":["post-3311","page","type-page","status-publish","hentry"],"acf":[],"yoast_head":"<!-- This site is optimized with the Yoast SEO plugin v27.1.1 - https:\/\/yoast.com\/product\/yoast-seo-wordpress\/ -->\n<title>Retour - FITTwear.nl<\/title>\n<meta name=\"robots\" content=\"index, follow, max-snippet:-1, max-image-preview:large, max-video-preview:-1\" \/>\n<link rel=\"canonical\" href=\"https:\/\/fittwear.nl\/fr\/retourner\/\" \/>\n<meta property=\"og:locale\" content=\"fr_FR\" \/>\n<meta property=\"og:type\" content=\"article\" \/>\n<meta property=\"og:title\" content=\"Retour - FITTwear.nl\" \/>\n<meta property=\"og:description\" content=\"Retourbeleid Retour aanmelden Let op! Doe de pakbon bij de artikelen die je retour stuurt. Anders kunnen we je retour niet verwerken. Retourneren vanuit Nederland Je kunt geleverde producten altijd retourneren mits deze aan de volgende punten voldoen; Producten moeten binnen 30 dagen na verzending van je bestelling worden geretourneerd. Producten moeten ongedragen en ongewassen [&hellip;]\" \/>\n<meta property=\"og:url\" content=\"https:\/\/fittwear.nl\/fr\/retourner\/\" \/>\n<meta property=\"og:site_name\" content=\"FITTwear.nl\" \/>\n<meta property=\"article:modified_time\" content=\"2025-12-17T15:32:15+00:00\" \/>\n<meta name=\"twitter:card\" content=\"summary_large_image\" \/>\n<meta name=\"twitter:label1\" content=\"Dur\u00e9e de lecture estim\u00e9e\" \/>\n\t<meta name=\"twitter:data1\" content=\"3 minutes\" \/>\n<script type=\"application\/ld+json\" class=\"yoast-schema-graph\">{\"@context\":\"https:\/\/schema.org\",\"@graph\":[{\"@type\":\"WebPage\",\"@id\":\"https:\/\/fittwear.nl\/retour\/\",\"url\":\"https:\/\/fittwear.nl\/retour\/\",\"name\":\"Retour - FITTwear.nl\",\"isPartOf\":{\"@id\":\"https:\/\/fittwear.nl\/#website\"},\"datePublished\":\"2020-09-21T08:46:16+00:00\",\"dateModified\":\"2025-12-17T15:32:15+00:00\",\"breadcrumb\":{\"@id\":\"https:\/\/fittwear.nl\/retour\/#breadcrumb\"},\"inLanguage\":\"fr-FR\",\"potentialAction\":[{\"@type\":\"ReadAction\",\"target\":[\"https:\/\/fittwear.nl\/retour\/\"]}]},{\"@type\":\"BreadcrumbList\",\"@id\":\"https:\/\/fittwear.nl\/retour\/#breadcrumb\",\"itemListElement\":[{\"@type\":\"ListItem\",\"position\":1,\"name\":\"Home\",\"item\":\"https:\/\/fittwear.nl\/\"},{\"@type\":\"ListItem\",\"position\":2,\"name\":\"Retour\"}]},{\"@type\":\"WebSite\",\"@id\":\"https:\/\/fittwear.nl\/#website\",\"url\":\"https:\/\/fittwear.nl\/\",\"name\":\"FITTwear.nl\",\"description\":\"Time to shine!\",\"publisher\":{\"@id\":\"https:\/\/fittwear.nl\/#organization\"},\"potentialAction\":[{\"@type\":\"SearchAction\",\"target\":{\"@type\":\"EntryPoint\",\"urlTemplate\":\"https:\/\/fittwear.nl\/?s={search_term_string}\"},\"query-input\":{\"@type\":\"PropertyValueSpecification\",\"valueRequired\":true,\"valueName\":\"search_term_string\"}}],\"inLanguage\":\"fr-FR\"},{\"@type\":\"Organization\",\"@id\":\"https:\/\/fittwear.nl\/#organization\",\"name\":\"FITTwear.nl\",\"url\":\"https:\/\/fittwear.nl\/\",\"logo\":{\"@type\":\"ImageObject\",\"inLanguage\":\"fr-FR\",\"@id\":\"https:\/\/fittwear.nl\/#\/schema\/logo\/image\/\",\"url\":\"https:\/\/fittwear.nl\/wp-content\/uploads\/2024\/07\/FITT-Logo-BeYOUtiful-website-homepage_Tekengebied-1-scaled.jpg\",\"contentUrl\":\"https:\/\/fittwear.nl\/wp-content\/uploads\/2024\/07\/FITT-Logo-BeYOUtiful-website-homepage_Tekengebied-1-scaled.jpg\",\"width\":2560,\"height\":599,\"caption\":\"FITTwear.nl\"},\"image\":{\"@id\":\"https:\/\/fittwear.nl\/#\/schema\/logo\/image\/\"}}]}<\/script>\n<!-- \/ Yoast SEO plugin. -->","yoast_head_json":{"title":"Retour - FITTwear.co.uk","robots":{"index":"index","follow":"follow","max-snippet":"max-snippet:-1","max-image-preview":"max-image-preview:large","max-video-preview":"max-video-preview:-1"},"canonical":"https:\/\/fittwear.nl\/fr\/retourner\/","og_locale":"fr_FR","og_type":"article","og_title":"Retour - FITTwear.nl","og_description":"Retourbeleid Retour aanmelden Let op! Doe de pakbon bij de artikelen die je retour stuurt. Anders kunnen we je retour niet verwerken. Retourneren vanuit Nederland Je kunt geleverde producten altijd retourneren mits deze aan de volgende punten voldoen; Producten moeten binnen 30 dagen na verzending van je bestelling worden geretourneerd. Producten moeten ongedragen en ongewassen [&hellip;]","og_url":"https:\/\/fittwear.nl\/fr\/retourner\/","og_site_name":"FITTwear.nl","article_modified_time":"2025-12-17T15:32:15+00:00","twitter_card":"summary_large_image","twitter_misc":{"Dur\u00e9e de lecture estim\u00e9e":"3 minutes"},"schema":{"@context":"https:\/\/schema.org","@graph":[{"@type":"WebPage","@id":"https:\/\/fittwear.nl\/retour\/","url":"https:\/\/fittwear.nl\/retour\/","name":"Retour - FITTwear.co.uk","isPartOf":{"@id":"https:\/\/fittwear.nl\/#website"},"datePublished":"2020-09-21T08:46:16+00:00","dateModified":"2025-12-17T15:32:15+00:00","breadcrumb":{"@id":"https:\/\/fittwear.nl\/retour\/#breadcrumb"},"inLanguage":"fr-FR","potentialAction":[{"@type":"ReadAction","target":["https:\/\/fittwear.nl\/retour\/"]}]},{"@type":"BreadcrumbList","@id":"https:\/\/fittwear.nl\/retour\/#breadcrumb","itemListElement":[{"@type":"ListItem","position":1,"name":"Home","item":"https:\/\/fittwear.nl\/"},{"@type":"ListItem","position":2,"name":"Retour"}]},{"@type":"WebSite","@id":"https:\/\/fittwear.nl\/#website","url":"https:\/\/fittwear.nl\/","name":"FITTwear.co.uk","description":"C'est le moment de briller !","publisher":{"@id":"https:\/\/fittwear.nl\/#organization"},"potentialAction":[{"@type":"SearchAction","target":{"@type":"EntryPoint","urlTemplate":"https:\/\/fittwear.nl\/?s={search_term_string}"},"query-input":{"@type":"PropertyValueSpecification","valueRequired":true,"valueName":"search_term_string"}}],"inLanguage":"fr-FR"},{"@type":"Organization","@id":"https:\/\/fittwear.nl\/#organization","name":"FITTwear.co.uk","url":"https:\/\/fittwear.nl\/","logo":{"@type":"ImageObject","inLanguage":"fr-FR","@id":"https:\/\/fittwear.nl\/#\/schema\/logo\/image\/","url":"https:\/\/fittwear.nl\/wp-content\/uploads\/2024\/07\/FITT-Logo-BeYOUtiful-website-homepage_Tekengebied-1-scaled.jpg","contentUrl":"https:\/\/fittwear.nl\/wp-content\/uploads\/2024\/07\/FITT-Logo-BeYOUtiful-website-homepage_Tekengebied-1-scaled.jpg","width":2560,"height":599,"caption":"FITTwear.nl"},"image":{"@id":"https:\/\/fittwear.nl\/#\/schema\/logo\/image\/"}}]}},"_links":{"self":[{"href":"https:\/\/fittwear.nl\/fr\/wp-json\/wp\/v2\/pages\/3311","targetHints":{"allow":["GET"]}}],"collection":[{"href":"https:\/\/fittwear.nl\/fr\/wp-json\/wp\/v2\/pages"}],"about":[{"href":"https:\/\/fittwear.nl\/fr\/wp-json\/wp\/v2\/types\/page"}],"author":[{"embeddable":true,"href":"https:\/\/fittwear.nl\/fr\/wp-json\/wp\/v2\/users\/1"}],"replies":[{"embeddable":true,"href":"https:\/\/fittwear.nl\/fr\/wp-json\/wp\/v2\/comments?post=3311"}],"version-history":[{"count":74,"href":"https:\/\/fittwear.nl\/fr\/wp-json\/wp\/v2\/pages\/3311\/revisions"}],"predecessor-version":[{"id":122427,"href":"https:\/\/fittwear.nl\/fr\/wp-json\/wp\/v2\/pages\/3311\/revisions\/122427"}],"wp:attachment":[{"href":"https:\/\/fittwear.nl\/fr\/wp-json\/wp\/v2\/media?parent=3311"}],"curies":[{"name":"wp","href":"https:\/\/api.w.org\/{rel}","templated":true}]}}