{"id":781,"date":"2017-02-09T08:45:13","date_gmt":"2017-02-09T08:45:13","guid":{"rendered":"http:\/\/dummy.xtemos.com\/basel\/vers\/?page_id=781"},"modified":"2025-12-08T13:18:50","modified_gmt":"2025-12-08T12:18:50","slug":"sur-mesure-vetements-de-sport-pour-femmes","status":"publish","type":"page","link":"https:\/\/fittwear.nl\/fr\/over-fitt-wear-dames-sportkleding\/","title":{"rendered":"\u00c0 propos de FITT"},"content":{"rendered":"<div data-elementor-type=\"wp-page\" data-elementor-id=\"781\" class=\"elementor elementor-781\" data-elementor-post-type=\"page\">\n\t\t\t\t\t\t<section class=\"elementor-section elementor-top-section elementor-element elementor-element-32ce055e elementor-section-boxed elementor-section-height-default elementor-section-height-default\" data-id=\"32ce055e\" data-element_type=\"section\" data-e-type=\"section\">\n\t\t\t\t\t\t<div class=\"elementor-container elementor-column-gap-default\">\n\t\t\t\t\t<div class=\"elementor-column elementor-col-100 elementor-top-column elementor-element elementor-element-3a6aa13e\" data-id=\"3a6aa13e\" data-element_type=\"column\" data-e-type=\"column\">\n\t\t\t<div class=\"elementor-widget-wrap elementor-element-populated\">\n\t\t\t\t\t\t<section class=\"elementor-section elementor-inner-section elementor-element elementor-element-5f5c88a8 elementor-reverse-mobile elementor-section-boxed elementor-section-height-default elementor-section-height-default\" data-id=\"5f5c88a8\" data-element_type=\"section\" data-e-type=\"section\">\n\t\t\t\t\t\t<div class=\"elementor-container elementor-column-gap-default\">\n\t\t\t\t\t<div class=\"elementor-column elementor-col-50 elementor-inner-column elementor-element elementor-element-7714f32f\" data-id=\"7714f32f\" data-element_type=\"column\" data-e-type=\"column\">\n\t\t\t<div class=\"elementor-widget-wrap elementor-element-populated\">\n\t\t\t\t\t\t<div class=\"elementor-element elementor-element-7da3c6d6 elementor-widget elementor-widget-image\" data-id=\"7da3c6d6\" data-element_type=\"widget\" data-e-type=\"widget\" data-widget_type=\"image.default\">\n\t\t\t\t<div class=\"elementor-widget-container\">\n\t\t\t\t\t\t\t\t\t\t\t\t\t\t\t<img decoding=\"async\" src=\"https:\/\/fittwear.nl\/wp-content\/uploads\/elementor\/thumbs\/IMG_1338-scaled-rfurfbyzsayxo8hbjhgmci8v16iahvhfixzwf52xnc.jpg\" title=\"IMG_1338\" alt=\"IMG_1338\" loading=\"lazy\" \/>\t\t\t\t\t\t\t\t\t\t\t\t\t\t\t<\/div>\n\t\t\t\t<\/div>\n\t\t\t\t\t<\/div>\n\t\t<\/div>\n\t\t\t\t<div class=\"elementor-column elementor-col-50 elementor-inner-column elementor-element elementor-element-7b13c3ea\" data-id=\"7b13c3ea\" data-element_type=\"column\" data-e-type=\"column\">\n\t\t\t<div class=\"elementor-widget-wrap elementor-element-populated\">\n\t\t\t\t\t\t<div class=\"elementor-element elementor-element-2e882254 elementor-widget elementor-widget-heading\" data-id=\"2e882254\" data-element_type=\"widget\" data-e-type=\"widget\" data-widget_type=\"heading.default\">\n\t\t\t\t<div class=\"elementor-widget-container\">\n\t\t\t\t\t<h2 class=\"elementor-heading-title elementor-size-default\">A propos de nous<\/h2>\t\t\t\t<\/div>\n\t\t\t\t<\/div>\n\t\t\t\t<div class=\"elementor-element elementor-element-788bfbbe elementor-widget elementor-widget-text-editor\" data-id=\"788bfbbe\" data-element_type=\"widget\" data-e-type=\"widget\" data-widget_type=\"text-editor.default\">\n\t\t\t\t<div class=\"elementor-widget-container\">\n\t\t\t\t\t\t\t\t\t<p>Ik, Sammie, ben in 2020 FITT Wear gestart omdat ik enorm enthousiast word van een happy lifestyle. Inspirerend en gezond eten \u00e9n zeker sporten\/bewegen zijn daar onderdeel van. Daarnaast ben ik zelf sportief en vind ik het leuk om er ook tijdens het sporten leuk uit te zien. Ik heb een passion for fashion en ruim 17 jaar ervaring in de kledingbranche met kennis van stoffen en producties. Gooi dit samen in een blender, met een vleugje gedrevenheid en je hebt.. een eigen sportbrand, HOE cool is dat?!<\/p>\t\t\t\t\t\t\t\t<\/div>\n\t\t\t\t<\/div>\n\t\t\t\t<div class=\"elementor-element elementor-element-5f130bc7 elementor-widget elementor-widget-text-editor\" data-id=\"5f130bc7\" data-element_type=\"widget\" data-e-type=\"widget\" data-widget_type=\"text-editor.default\">\n\t\t\t\t<div class=\"elementor-widget-container\">\n\t\t\t\t\t\t\t\t\t<p><strong>SOYEZ -VOUS- TIFUL \u2764\ufe0f<br \/><\/strong>Chez FITT, nous voulons contribuer \u00e0 votre confiance en soi. Dans ce monde de photos parfaites sur les m\u00e9dias sociaux, il est difficile de ne pas se comparer. Il en va de m\u00eame pour l'entra\u00eenement. Alors, n'est-il pas agr\u00e9able de porter une tenue dans laquelle vous vous sentez bien ? Parce que la confiance en soi n'est pas seulement dans les v\u00eatements \u00e0 la mode et agr\u00e9ables, elle est aussi en vous ! Mettez ce haut color\u00e9, ce short ou ce legging et montrez-vous ! Parce que VOUS pouvez \u00eatre vu !<br \/>J'entends encore r\u00e9guli\u00e8rement \"Je ne porte que des v\u00eatements de sport noirs, parce que sinon j'ai peur que l'on voie des traces de transpiration\". Arr\u00eatez de vous soucier de ce que les autres pensent de vous. Portez ce que VOUS voulez porter. Apr\u00e8s tout, nous faisons de l'exercice. La transpiration est la preuve que vous avez fait de votre mieux ! Faites des folies et soyez gentils les uns avec les autres. Complimentez quelqu'un qui transpire dans la salle de sport !<br \/>Soyez vous-m\u00eame, soyez BE -YOU- TIFUL <strong>\u2764\ufe0f<\/strong><\/p>\t\t\t\t\t\t\t\t<\/div>\n\t\t\t\t<\/div>\n\t\t\t\t<div class=\"elementor-element elementor-element-61bd2747 elementor-widget elementor-widget-text-editor\" data-id=\"61bd2747\" data-element_type=\"widget\" data-e-type=\"widget\" data-widget_type=\"text-editor.default\">\n\t\t\t\t<div class=\"elementor-widget-container\">\n\t\t\t\t\t\t\t\t\t<p>L'assortiment de FITT se compose de v\u00eatements de sport de haute qualit\u00e9, confortables et \u00e0 la mode, \u00e0 un prix avantageux. Notre vaste collection est soigneusement s\u00e9lectionn\u00e9e et d\u00e9velopp\u00e9e \u00e0 cette fin. Personnellement, j'aime les articles tendance qui se distinguent et qui sont color\u00e9s. Ou alors je les associe \u00e0 une belle paire de leggings noirs. Le plus important, c'est de porter ce que VOUS avez envie de porter. Moi aussi ! Mettez en valeur vos formes naturelles avec, par exemple, des leggings contour ou curve ou portez ce soutien-gorge de sport que vous avez toujours voulu mettre ! Vous le m\u00e9ritez bien !<\/p>\t\t\t\t\t\t\t\t<\/div>\n\t\t\t\t<\/div>\n\t\t\t\t<div class=\"elementor-element elementor-element-4ce4e65e elementor-widget elementor-widget-text-editor\" data-id=\"4ce4e65e\" data-element_type=\"widget\" data-e-type=\"widget\" data-widget_type=\"text-editor.default\">\n\t\t\t\t<div class=\"elementor-widget-container\">\n\t\t\t\t\t\t\t\t\t<p>Vous pouvez \u00eatre l\u00e0, avoir confiance en vous. Mettez ce que VOUS voulez, vous \u00eates belle. Ne vous cachez pas (plus).<br \/>BE -YOU- TIFUL\u2728<br \/><br \/>Qu'est-ce qu'un mode de vie heureux pour moi ?<br \/>Un mode de vie heureux est un bon \u00e9quilibre entre une alimentation saine et une activit\u00e9 physique suffisante, mais aussi la possibilit\u00e9 d'appr\u00e9cier des aliments moins sains et, par exemple, un verre de vin. Un mode de vie heureux est un mode de vie dans lequel vous vous sentez bien dans votre peau, vous n'\u00eates pas trop strict avec vous-m\u00eame et vous vous faites plaisir consciemment. Un mode de vie facile \u00e0 maintenir. Contrairement \u00e0 ce que l'on appelle un mode de vie sain. Je ne crois pas aux r\u00e9gimes et \u00e0 l'obligation de se rendre \u00e0 la salle de sport six fois par semaine. C'est un raisonnement \u00e0 court terme qui ne peut \u00eatre maintenu \u00e0 long terme et, de plus, si vous \u00eates si strict avec vous-m\u00eame, vous ne vous sentez pas \"heureux\". Essayez donc de vous cr\u00e9er un mode de vie heureux, c'est la seule chose qui fonctionne.<\/p>\t\t\t\t\t\t\t\t<\/div>\n\t\t\t\t<\/div>\n\t\t\t\t<div class=\"elementor-element elementor-element-1c6b7117 elementor-widget elementor-widget-text-editor\" data-id=\"1c6b7117\" data-element_type=\"widget\" data-e-type=\"widget\" data-widget_type=\"text-editor.default\">\n\t\t\t\t<div class=\"elementor-widget-container\">\n\t\t\t\t\t\t\t\t\t<p>Rejoignez la communaut\u00e9 FITT et suivez @fittwear_sam et @fittwear_official et partagez votre enthousiasme ! Comment devenir membre de la formidable communaut\u00e9 FITT Wear ? En partageant simplement votre propre photo avec #fittwearcommunity et @fittwear_sam et @fittwear_official. Ensemble, faisons en sorte que davantage de femmes aient confiance en elles. Obtenez cette confiance !<\/p>\t\t\t\t\t\t\t\t<\/div>\n\t\t\t\t<\/div>\n\t\t\t\t<div class=\"elementor-element elementor-element-7bda8945 elementor-widget elementor-widget-text-editor\" data-id=\"7bda8945\" data-element_type=\"widget\" data-e-type=\"widget\" data-widget_type=\"text-editor.default\">\n\t\t\t\t<div class=\"elementor-widget-container\">\n\t\t\t\t\t\t\t\t\tJ'aime Sammie \t\t\t\t\t\t\t\t<\/div>\n\t\t\t\t<\/div>\n\t\t\t\t<div class=\"elementor-element elementor-element-2c97370 elementor-widget elementor-widget-button\" data-id=\"2c97370\" data-element_type=\"widget\" data-e-type=\"widget\" data-widget_type=\"button.default\">\n\t\t\t\t<div class=\"elementor-widget-container\">\n\t\t\t\t\t\t\t\t\t<div class=\"elementor-button-wrapper\">\n\t\t\t\t\t<a class=\"elementor-button elementor-button-link elementor-size-sm\" href=\"https:\/\/fittwear.nl\/fr\/boutique-2\/\">\n\t\t\t\t\t\t<span class=\"elementor-button-content-wrapper\">\n\t\t\t\t\t\t\t\t\t<span class=\"elementor-button-text\">Vers la boutique en ligne<\/span>\n\t\t\t\t\t<\/span>\n\t\t\t\t\t<\/a>\n\t\t\t\t<\/div>\n\t\t\t\t\t\t\t\t<\/div>\n\t\t\t\t<\/div>\n\t\t\t\t\t<\/div>\n\t\t<\/div>\n\t\t\t\t\t<\/div>\n\t\t<\/section>\n\t\t\t\t\t<\/div>\n\t\t<\/div>\n\t\t\t\t\t<\/div>\n\t\t<\/section>\n\t\t\t\t<\/div>","protected":false},"excerpt":{"rendered":"<p>Over ons Ik, Sammie, ben in 2020 FITT Wear gestart omdat ik enorm enthousiast word van een happy lifestyle. Inspirerend en gezond eten \u00e9n zeker sporten\/bewegen zijn daar onderdeel van. Daarnaast ben ik zelf sportief en vind ik het leuk om er ook tijdens het sporten leuk uit te zien. Ik heb een passion for [&hellip;]<\/p>\n","protected":false},"author":1,"featured_media":0,"parent":0,"menu_order":0,"comment_status":"closed","ping_status":"closed","template":"","meta":{"_acf_changed":false,"footnotes":""},"class_list":["post-781","page","type-page","status-publish","hentry"],"acf":[],"yoast_head":"<!-- This site is optimized with the Yoast SEO plugin v27.1.1 - https:\/\/yoast.com\/product\/yoast-seo-wordpress\/ -->\n<title>Over FITT Wear dames sportkleding<\/title>\n<meta name=\"description\" content=\"Lees hier alles over het Nederlandse dames sportkleding merk FITT Wear en join onze online community. In welke legging sport jij het liefste?\" \/>\n<meta name=\"robots\" content=\"index, follow, max-snippet:-1, max-image-preview:large, max-video-preview:-1\" \/>\n<link rel=\"canonical\" href=\"https:\/\/fittwear.nl\/fr\/sur-mesure-vetements-de-sport-pour-femmes\/\" \/>\n<meta property=\"og:locale\" content=\"fr_FR\" \/>\n<meta property=\"og:type\" content=\"article\" \/>\n<meta property=\"og:title\" content=\"Over FITT Wear dames sportkleding\" \/>\n<meta property=\"og:description\" content=\"Lees hier alles over het Nederlandse dames sportkleding merk FITT Wear en join onze online community. In welke legging sport jij het liefste?\" \/>\n<meta property=\"og:url\" content=\"https:\/\/fittwear.nl\/fr\/sur-mesure-vetements-de-sport-pour-femmes\/\" \/>\n<meta property=\"og:site_name\" content=\"FITTwear.nl\" \/>\n<meta property=\"article:modified_time\" content=\"2025-12-08T12:18:50+00:00\" \/>\n<meta property=\"og:image\" content=\"https:\/\/fittwear.nl\/wp-content\/uploads\/elementor\/thumbs\/IMG_1338-scaled-rfurfbyzsayxo8hbjhgmci8v16iahvhfixzwf52xnc.jpg\" \/>\n<meta name=\"twitter:card\" content=\"summary_large_image\" \/>\n<meta name=\"twitter:label1\" content=\"Dur\u00e9e de lecture estim\u00e9e\" \/>\n\t<meta name=\"twitter:data1\" content=\"3 minutes\" \/>\n<script type=\"application\/ld+json\" class=\"yoast-schema-graph\">{\"@context\":\"https:\/\/schema.org\",\"@graph\":[{\"@type\":\"WebPage\",\"@id\":\"https:\/\/fittwear.nl\/over-fitt-wear-dames-sportkleding\/\",\"url\":\"https:\/\/fittwear.nl\/over-fitt-wear-dames-sportkleding\/\",\"name\":\"Over FITT Wear dames sportkleding\",\"isPartOf\":{\"@id\":\"https:\/\/fittwear.nl\/#website\"},\"primaryImageOfPage\":{\"@id\":\"https:\/\/fittwear.nl\/over-fitt-wear-dames-sportkleding\/#primaryimage\"},\"image\":{\"@id\":\"https:\/\/fittwear.nl\/over-fitt-wear-dames-sportkleding\/#primaryimage\"},\"thumbnailUrl\":\"https:\/\/fittwear.nl\/wp-content\/uploads\/elementor\/thumbs\/IMG_1338-scaled-rfurfbyzsayxo8hbjhgmci8v16iahvhfixzwf52xnc.jpg\",\"datePublished\":\"2017-02-09T08:45:13+00:00\",\"dateModified\":\"2025-12-08T12:18:50+00:00\",\"description\":\"Lees hier alles over het Nederlandse dames sportkleding merk FITT Wear en join onze online community. In welke legging sport jij het liefste?\",\"breadcrumb\":{\"@id\":\"https:\/\/fittwear.nl\/over-fitt-wear-dames-sportkleding\/#breadcrumb\"},\"inLanguage\":\"fr-FR\",\"potentialAction\":[{\"@type\":\"ReadAction\",\"target\":[\"https:\/\/fittwear.nl\/over-fitt-wear-dames-sportkleding\/\"]}]},{\"@type\":\"ImageObject\",\"inLanguage\":\"fr-FR\",\"@id\":\"https:\/\/fittwear.nl\/over-fitt-wear-dames-sportkleding\/#primaryimage\",\"url\":\"https:\/\/fittwear.nl\/wp-content\/uploads\/elementor\/thumbs\/IMG_1338-scaled-rfurfbyzsayxo8hbjhgmci8v16iahvhfixzwf52xnc.jpg\",\"contentUrl\":\"https:\/\/fittwear.nl\/wp-content\/uploads\/elementor\/thumbs\/IMG_1338-scaled-rfurfbyzsayxo8hbjhgmci8v16iahvhfixzwf52xnc.jpg\"},{\"@type\":\"BreadcrumbList\",\"@id\":\"https:\/\/fittwear.nl\/over-fitt-wear-dames-sportkleding\/#breadcrumb\",\"itemListElement\":[{\"@type\":\"ListItem\",\"position\":1,\"name\":\"Home\",\"item\":\"https:\/\/fittwear.nl\/\"},{\"@type\":\"ListItem\",\"position\":2,\"name\":\"Over FITT\"}]},{\"@type\":\"WebSite\",\"@id\":\"https:\/\/fittwear.nl\/#website\",\"url\":\"https:\/\/fittwear.nl\/\",\"name\":\"FITTwear.nl\",\"description\":\"Time to shine!\",\"publisher\":{\"@id\":\"https:\/\/fittwear.nl\/#organization\"},\"potentialAction\":[{\"@type\":\"SearchAction\",\"target\":{\"@type\":\"EntryPoint\",\"urlTemplate\":\"https:\/\/fittwear.nl\/?s={search_term_string}\"},\"query-input\":{\"@type\":\"PropertyValueSpecification\",\"valueRequired\":true,\"valueName\":\"search_term_string\"}}],\"inLanguage\":\"fr-FR\"},{\"@type\":\"Organization\",\"@id\":\"https:\/\/fittwear.nl\/#organization\",\"name\":\"FITTwear.nl\",\"url\":\"https:\/\/fittwear.nl\/\",\"logo\":{\"@type\":\"ImageObject\",\"inLanguage\":\"fr-FR\",\"@id\":\"https:\/\/fittwear.nl\/#\/schema\/logo\/image\/\",\"url\":\"https:\/\/fittwear.nl\/wp-content\/uploads\/2024\/07\/FITT-Logo-BeYOUtiful-website-homepage_Tekengebied-1-scaled.jpg\",\"contentUrl\":\"https:\/\/fittwear.nl\/wp-content\/uploads\/2024\/07\/FITT-Logo-BeYOUtiful-website-homepage_Tekengebied-1-scaled.jpg\",\"width\":2560,\"height\":599,\"caption\":\"FITTwear.nl\"},\"image\":{\"@id\":\"https:\/\/fittwear.nl\/#\/schema\/logo\/image\/\"}}]}<\/script>\n<!-- \/ Yoast SEO plugin. -->","yoast_head_json":{"title":"\u00c0 propos des v\u00eatements de sport pour femmes FITT Wear","description":"Lisez tout sur la marque n\u00e9erlandaise de v\u00eatements de sport pour femmes FITT Wear ici et rejoignez notre communaut\u00e9 en ligne. Avec quels leggings pr\u00e9f\u00e9rez-vous faire de l'exercice ?","robots":{"index":"index","follow":"follow","max-snippet":"max-snippet:-1","max-image-preview":"max-image-preview:large","max-video-preview":"max-video-preview:-1"},"canonical":"https:\/\/fittwear.nl\/fr\/sur-mesure-vetements-de-sport-pour-femmes\/","og_locale":"fr_FR","og_type":"article","og_title":"Over FITT Wear dames sportkleding","og_description":"Lees hier alles over het Nederlandse dames sportkleding merk FITT Wear en join onze online community. In welke legging sport jij het liefste?","og_url":"https:\/\/fittwear.nl\/fr\/sur-mesure-vetements-de-sport-pour-femmes\/","og_site_name":"FITTwear.nl","article_modified_time":"2025-12-08T12:18:50+00:00","og_image":[{"url":"https:\/\/fittwear.nl\/wp-content\/uploads\/elementor\/thumbs\/IMG_1338-scaled-rfurfbyzsayxo8hbjhgmci8v16iahvhfixzwf52xnc.jpg","type":"","width":"","height":""}],"twitter_card":"summary_large_image","twitter_misc":{"Dur\u00e9e de lecture estim\u00e9e":"3 minutes"},"schema":{"@context":"https:\/\/schema.org","@graph":[{"@type":"WebPage","@id":"https:\/\/fittwear.nl\/over-fitt-wear-dames-sportkleding\/","url":"https:\/\/fittwear.nl\/over-fitt-wear-dames-sportkleding\/","name":"\u00c0 propos des v\u00eatements de sport pour femmes FITT Wear","isPartOf":{"@id":"https:\/\/fittwear.nl\/#website"},"primaryImageOfPage":{"@id":"https:\/\/fittwear.nl\/over-fitt-wear-dames-sportkleding\/#primaryimage"},"image":{"@id":"https:\/\/fittwear.nl\/over-fitt-wear-dames-sportkleding\/#primaryimage"},"thumbnailUrl":"https:\/\/fittwear.nl\/wp-content\/uploads\/elementor\/thumbs\/IMG_1338-scaled-rfurfbyzsayxo8hbjhgmci8v16iahvhfixzwf52xnc.jpg","datePublished":"2017-02-09T08:45:13+00:00","dateModified":"2025-12-08T12:18:50+00:00","description":"Lisez tout sur la marque n\u00e9erlandaise de v\u00eatements de sport pour femmes FITT Wear ici et rejoignez notre communaut\u00e9 en ligne. Avec quels leggings pr\u00e9f\u00e9rez-vous faire de l'exercice ?","breadcrumb":{"@id":"https:\/\/fittwear.nl\/over-fitt-wear-dames-sportkleding\/#breadcrumb"},"inLanguage":"fr-FR","potentialAction":[{"@type":"ReadAction","target":["https:\/\/fittwear.nl\/over-fitt-wear-dames-sportkleding\/"]}]},{"@type":"ImageObject","inLanguage":"fr-FR","@id":"https:\/\/fittwear.nl\/over-fitt-wear-dames-sportkleding\/#primaryimage","url":"https:\/\/fittwear.nl\/wp-content\/uploads\/elementor\/thumbs\/IMG_1338-scaled-rfurfbyzsayxo8hbjhgmci8v16iahvhfixzwf52xnc.jpg","contentUrl":"https:\/\/fittwear.nl\/wp-content\/uploads\/elementor\/thumbs\/IMG_1338-scaled-rfurfbyzsayxo8hbjhgmci8v16iahvhfixzwf52xnc.jpg"},{"@type":"BreadcrumbList","@id":"https:\/\/fittwear.nl\/over-fitt-wear-dames-sportkleding\/#breadcrumb","itemListElement":[{"@type":"ListItem","position":1,"name":"Home","item":"https:\/\/fittwear.nl\/"},{"@type":"ListItem","position":2,"name":"Over FITT"}]},{"@type":"WebSite","@id":"https:\/\/fittwear.nl\/#website","url":"https:\/\/fittwear.nl\/","name":"FITTwear.co.uk","description":"C'est le moment de briller !","publisher":{"@id":"https:\/\/fittwear.nl\/#organization"},"potentialAction":[{"@type":"SearchAction","target":{"@type":"EntryPoint","urlTemplate":"https:\/\/fittwear.nl\/?s={search_term_string}"},"query-input":{"@type":"PropertyValueSpecification","valueRequired":true,"valueName":"search_term_string"}}],"inLanguage":"fr-FR"},{"@type":"Organization","@id":"https:\/\/fittwear.nl\/#organization","name":"FITTwear.co.uk","url":"https:\/\/fittwear.nl\/","logo":{"@type":"ImageObject","inLanguage":"fr-FR","@id":"https:\/\/fittwear.nl\/#\/schema\/logo\/image\/","url":"https:\/\/fittwear.nl\/wp-content\/uploads\/2024\/07\/FITT-Logo-BeYOUtiful-website-homepage_Tekengebied-1-scaled.jpg","contentUrl":"https:\/\/fittwear.nl\/wp-content\/uploads\/2024\/07\/FITT-Logo-BeYOUtiful-website-homepage_Tekengebied-1-scaled.jpg","width":2560,"height":599,"caption":"FITTwear.nl"},"image":{"@id":"https:\/\/fittwear.nl\/#\/schema\/logo\/image\/"}}]}},"_links":{"self":[{"href":"https:\/\/fittwear.nl\/fr\/wp-json\/wp\/v2\/pages\/781","targetHints":{"allow":["GET"]}}],"collection":[{"href":"https:\/\/fittwear.nl\/fr\/wp-json\/wp\/v2\/pages"}],"about":[{"href":"https:\/\/fittwear.nl\/fr\/wp-json\/wp\/v2\/types\/page"}],"author":[{"embeddable":true,"href":"https:\/\/fittwear.nl\/fr\/wp-json\/wp\/v2\/users\/1"}],"replies":[{"embeddable":true,"href":"https:\/\/fittwear.nl\/fr\/wp-json\/wp\/v2\/comments?post=781"}],"version-history":[{"count":39,"href":"https:\/\/fittwear.nl\/fr\/wp-json\/wp\/v2\/pages\/781\/revisions"}],"predecessor-version":[{"id":122003,"href":"https:\/\/fittwear.nl\/fr\/wp-json\/wp\/v2\/pages\/781\/revisions\/122003"}],"wp:attachment":[{"href":"https:\/\/fittwear.nl\/fr\/wp-json\/wp\/v2\/media?parent=781"}],"curies":[{"name":"wp","href":"https:\/\/api.w.org\/{rel}","templated":true}]}}