{"id":90560,"date":"2024-05-02T14:23:05","date_gmt":"2024-05-02T12:23:05","guid":{"rendered":"https:\/\/fittwear.nl\/?page_id=90560"},"modified":"2024-05-08T10:33:30","modified_gmt":"2024-05-08T08:33:30","slug":"tableau-des-tailles-adaptees","status":"publish","type":"page","link":"https:\/\/fittwear.nl\/fr\/maattabel-fitt-wear\/","title":{"rendered":"Tableau des tailles FITT Wear"},"content":{"rendered":"<div data-elementor-type=\"wp-page\" data-elementor-id=\"90560\" class=\"elementor elementor-90560\" data-elementor-post-type=\"page\">\n\t\t\t\t\t\t<section class=\"elementor-section elementor-top-section elementor-element elementor-element-c339902 elementor-section-boxed elementor-section-height-default elementor-section-height-default\" data-id=\"c339902\" data-element_type=\"section\" data-e-type=\"section\">\n\t\t\t\t\t\t<div class=\"elementor-container elementor-column-gap-default\">\n\t\t\t\t\t<div class=\"elementor-column elementor-col-100 elementor-top-column elementor-element elementor-element-00ca123\" data-id=\"00ca123\" data-element_type=\"column\" data-e-type=\"column\">\n\t\t\t<div class=\"elementor-widget-wrap elementor-element-populated\">\n\t\t\t\t\t\t<div class=\"elementor-element elementor-element-c030a18 elementor-widget elementor-widget-text-editor\" data-id=\"c030a18\" data-element_type=\"widget\" data-e-type=\"widget\" data-widget_type=\"text-editor.default\">\n\t\t\t\t<div class=\"elementor-widget-container\">\n\t\t\t\t\t\t\t\t\t<h4><strong>Tableau des tailles FITT Wear\u00a0<\/strong><\/h4>\t\t\t\t\t\t\t\t<\/div>\n\t\t\t\t<\/div>\n\t\t\t\t<div class=\"elementor-element elementor-element-feced49 elementor-widget elementor-widget-text-editor\" data-id=\"feced49\" data-element_type=\"widget\" data-e-type=\"widget\" data-widget_type=\"text-editor.default\">\n\t\t\t\t<div class=\"elementor-widget-container\">\n\t\t\t\t\t\t\t\t\t<p>Trouvez la taille parfaite gr\u00e2ce \u00e0 notre tableau des tailles ! Chez FITT Wear, nous savons que trouver des v\u00eatements qui vous vont parfaitement est essentiel pour votre confort et votre confiance en vous. C'est pourquoi nous avons \u00e9labor\u00e9 notre tableau des tailles : il vous donne des conseils sur nos tailles, afin que vous ayez une meilleure id\u00e9e de la taille \u00e0 choisir.<\/p><p><strong>Comment utiliser notre tableau des tailles ?<br \/><\/strong>L'utilisation de notre tableau des tailles est facile et vous aidera \u00e0 trouver la taille parfaite pour tous nos produits FITT Wear. Suivez les \u00e9tapes suivantes :<\/p><ul><li><strong>Mesurez votre corps<\/strong>: Prenez un m\u00e8tre ruban et mesurez votre taille et vos hanches en suivant les instructions de notre tableau des tailles. Vous devez toujours mesurer vos hanches au point le plus large et votre taille au point le plus \u00e9troit.<\/li><li><strong>Comparer avec notre tableau des tailles<\/strong>: Veuillez consulter le tableau des tailles ci-dessous, sp\u00e9cialement con\u00e7u pour le produit que vous souhaitez commander. Veuillez noter que le tableau des tailles n'est qu'une recommandation. Les tailles peuvent varier en fonction des pr\u00e9f\u00e9rences personnelles et de la morphologie.<\/li><li><strong>Choisissez votre taille<\/strong>Taille : Choisissez la taille la plus proche de vos mensurations. Si vous \u00eates entre deux tailles, nous vous recommandons de choisir la taille la plus grande pour vous sentir \u00e0 l'aise pendant toutes vos s\u00e9ances d'entra\u00eenement.<\/li><li><strong>N'OUBLIEZ PAS<\/strong>Les tailles sont indiqu\u00e9es dans le tableau des tailles, mais certains articles diff\u00e8rent de ce tableau. Nous le mentionnons pour chaque article dans la description. Par exemple, il peut \u00eatre indiqu\u00e9 \"l'article est petit, commandez une taille au-dessus\". Si l'article est fid\u00e8le \u00e0 la taille, vous pouvez utiliser ce tableau des tailles. Est-il indiqu\u00e9 que l'article est grand ou petit ? Choisissez une taille de plus ou de moins par rapport \u00e0 ce tableau.<\/li><\/ul>\t\t\t\t\t\t\t\t<\/div>\n\t\t\t\t<\/div>\n\t\t\t\t\t<\/div>\n\t\t<\/div>\n\t\t\t\t\t<\/div>\n\t\t<\/section>\n\t\t\t\t<section class=\"elementor-section elementor-top-section elementor-element elementor-element-1eb3940 elementor-section-boxed elementor-section-height-default elementor-section-height-default\" data-id=\"1eb3940\" data-element_type=\"section\" data-e-type=\"section\">\n\t\t\t\t\t\t<div class=\"elementor-container elementor-column-gap-default\">\n\t\t\t\t\t<div class=\"elementor-column elementor-col-100 elementor-top-column elementor-element elementor-element-3850e32\" data-id=\"3850e32\" data-element_type=\"column\" data-e-type=\"column\">\n\t\t\t<div class=\"elementor-widget-wrap elementor-element-populated\">\n\t\t\t\t\t\t<div class=\"elementor-element elementor-element-80f8d30 elementor-widget elementor-widget-image\" data-id=\"80f8d30\" data-element_type=\"widget\" data-e-type=\"widget\" data-widget_type=\"image.default\">\n\t\t\t\t<div class=\"elementor-widget-container\">\n\t\t\t\t\t\t\t\t\t\t\t\t\t\t\t<img fetchpriority=\"high\" decoding=\"async\" width=\"1024\" height=\"483\" src=\"https:\/\/fittwear.nl\/wp-content\/uploads\/2024\/05\/FITT-Sizecharts-1024-x-1024-px.jpg\" class=\"attachment-large size-large wp-image-91586\" alt=\"\" srcset=\"https:\/\/fittwear.nl\/wp-content\/uploads\/2024\/05\/FITT-Sizecharts-1024-x-1024-px.jpg.webp 1024w, https:\/\/fittwear.nl\/wp-content\/uploads\/2024\/05\/FITT-Sizecharts-1024-x-1024-px-300x142.jpg.webp 300w, https:\/\/fittwear.nl\/wp-content\/uploads\/2024\/05\/FITT-Sizecharts-1024-x-1024-px-768x362.jpg.webp 768w, https:\/\/fittwear.nl\/wp-content\/uploads\/2024\/05\/FITT-Sizecharts-1024-x-1024-px-18x8.jpg.webp 18w, https:\/\/fittwear.nl\/wp-content\/uploads\/2024\/05\/FITT-Sizecharts-1024-x-1024-px-990x467.jpg.webp 990w, https:\/\/fittwear.nl\/wp-content\/uploads\/2024\/05\/FITT-Sizecharts-1024-x-1024-px-441x208.jpg.webp 441w, https:\/\/fittwear.nl\/wp-content\/uploads\/2024\/05\/FITT-Sizecharts-1024-x-1024-px-420x198.jpg.webp 420w, https:\/\/fittwear.nl\/wp-content\/uploads\/2024\/05\/FITT-Sizecharts-1024-x-1024-px-800x377.jpg.webp 800w, https:\/\/fittwear.nl\/wp-content\/uploads\/2024\/05\/FITT-Sizecharts-1024-x-1024-px-150x71.jpg.webp 150w, https:\/\/fittwear.nl\/wp-content\/uploads\/2024\/05\/FITT-Sizecharts-1024-x-1024-px-64x30.jpg.webp 64w\" sizes=\"(max-width: 1024px) 100vw, 1024px\" \/>\t\t\t\t\t\t\t\t\t\t\t\t\t\t\t<\/div>\n\t\t\t\t<\/div>\n\t\t\t\t<div class=\"elementor-element elementor-element-7789d6d elementor-widget elementor-widget-image\" data-id=\"7789d6d\" data-element_type=\"widget\" data-e-type=\"widget\" data-widget_type=\"image.default\">\n\t\t\t\t<div class=\"elementor-widget-container\">\n\t\t\t\t\t\t\t\t\t\t\t\t\t\t\t<img decoding=\"async\" width=\"1024\" height=\"481\" src=\"https:\/\/fittwear.nl\/wp-content\/uploads\/2024\/05\/sizechart-1-5-onder-1024x481.jpg\" class=\"attachment-large size-large wp-image-90959\" alt=\"\" srcset=\"https:\/\/fittwear.nl\/wp-content\/uploads\/2024\/05\/sizechart-1-5-onder-1024x481.jpg.webp 1024w, https:\/\/fittwear.nl\/wp-content\/uploads\/2024\/05\/sizechart-1-5-onder-300x141.jpg.webp 300w, https:\/\/fittwear.nl\/wp-content\/uploads\/2024\/05\/sizechart-1-5-onder-768x361.jpg.webp 768w, https:\/\/fittwear.nl\/wp-content\/uploads\/2024\/05\/sizechart-1-5-onder-1536x721.jpg.webp 1536w, https:\/\/fittwear.nl\/wp-content\/uploads\/2024\/05\/sizechart-1-5-onder-2048x962.jpg.webp 2048w, https:\/\/fittwear.nl\/wp-content\/uploads\/2024\/05\/sizechart-1-5-onder-18x8.jpg.webp 18w, https:\/\/fittwear.nl\/wp-content\/uploads\/2024\/05\/sizechart-1-5-onder-990x465.jpg.webp 990w, https:\/\/fittwear.nl\/wp-content\/uploads\/2024\/05\/sizechart-1-5-onder-441x207.jpg.webp 441w, https:\/\/fittwear.nl\/wp-content\/uploads\/2024\/05\/sizechart-1-5-onder-420x197.jpg.webp 420w, https:\/\/fittwear.nl\/wp-content\/uploads\/2024\/05\/sizechart-1-5-onder-800x376.jpg.webp 800w, https:\/\/fittwear.nl\/wp-content\/uploads\/2024\/05\/sizechart-1-5-onder-150x70.jpg.webp 150w, https:\/\/fittwear.nl\/wp-content\/uploads\/2024\/05\/sizechart-1-5-onder-64x30.jpg.webp 64w\" sizes=\"(max-width: 1024px) 100vw, 1024px\" \/>\t\t\t\t\t\t\t\t\t\t\t\t\t\t\t<\/div>\n\t\t\t\t<\/div>\n\t\t\t\t\t<\/div>\n\t\t<\/div>\n\t\t\t\t\t<\/div>\n\t\t<\/section>\n\t\t\t\t<section class=\"elementor-section elementor-top-section elementor-element elementor-element-f51a07c elementor-section-boxed elementor-section-height-default elementor-section-height-default\" data-id=\"f51a07c\" data-element_type=\"section\" data-e-type=\"section\">\n\t\t\t\t\t\t<div class=\"elementor-container elementor-column-gap-default\">\n\t\t\t\t\t<div class=\"elementor-column elementor-col-100 elementor-top-column elementor-element elementor-element-d1fc349\" data-id=\"d1fc349\" data-element_type=\"column\" data-e-type=\"column\">\n\t\t\t<div class=\"elementor-widget-wrap elementor-element-populated\">\n\t\t\t\t\t\t<div class=\"elementor-element elementor-element-17e0ec2 elementor-widget elementor-widget-text-editor\" data-id=\"17e0ec2\" data-element_type=\"widget\" data-e-type=\"widget\" data-widget_type=\"text-editor.default\">\n\t\t\t\t<div class=\"elementor-widget-container\">\n\t\t\t\t\t\t\t\t\t<p><strong>Notre engagement pour un ajustement parfait<br \/><\/strong>Chez FITT Wear, nous nous effor\u00e7ons d'offrir la meilleure qualit\u00e9 et le meilleur ajustement \u00e0 tous nos clients. Notre tableau des tailles est r\u00e9guli\u00e8rement mis \u00e0 jour afin de garantir son exactitude et son actualit\u00e9. Si vous avez des questions sur la taille \u00e0 choisir, notre \u00e9quipe de service \u00e0 la client\u00e8le est toujours l\u00e0 pour vous aider. Gr\u00e2ce \u00e0 notre tableau des tailles, l'achat en ligne chez FITT Wear est facile et amusant. Explorez d\u00e8s aujourd'hui notre vaste collection de v\u00eatements de sport de haute qualit\u00e9 et trouvez la taille id\u00e9ale pour votre style de vie actif.<\/p>\t\t\t\t\t\t\t\t<\/div>\n\t\t\t\t<\/div>\n\t\t\t\t\t<\/div>\n\t\t<\/div>\n\t\t\t\t\t<\/div>\n\t\t<\/section>\n\t\t\t\t<\/div>","protected":false},"excerpt":{"rendered":"<p>Maattabel FITT Wear\u00a0 Vind de perfecte pasvorm met onze maattabel! Bij FITT Wear begrijpen we dat het vinden van kleding die perfect past essentieel is voor jouw comfort en zelfvertrouwen. Daarom hebben we onze maattabel samengesteld: deze geeft je advies over onze maten, zodat je een beter idee hebt welke maat je kan kiezen. Hoe [&hellip;]<\/p>\n","protected":false},"author":435,"featured_media":0,"parent":0,"menu_order":0,"comment_status":"closed","ping_status":"closed","template":"elementor_header_footer","meta":{"_acf_changed":false,"footnotes":""},"class_list":["post-90560","page","type-page","status-publish","hentry"],"acf":[],"yoast_head":"<!-- This site is optimized with the Yoast SEO plugin v27.1.1 - https:\/\/yoast.com\/product\/yoast-seo-wordpress\/ -->\n<title>Maattabel FITT Wear - FITTwear.nl<\/title>\n<meta name=\"robots\" content=\"index, follow, max-snippet:-1, max-image-preview:large, max-video-preview:-1\" \/>\n<link rel=\"canonical\" href=\"https:\/\/fittwear.nl\/fr\/tableau-des-tailles-adaptees\/\" \/>\n<meta property=\"og:locale\" content=\"fr_FR\" \/>\n<meta property=\"og:type\" content=\"article\" \/>\n<meta property=\"og:title\" content=\"Maattabel FITT Wear - FITTwear.nl\" \/>\n<meta property=\"og:description\" content=\"Maattabel FITT Wear\u00a0 Vind de perfecte pasvorm met onze maattabel! Bij FITT Wear begrijpen we dat het vinden van kleding die perfect past essentieel is voor jouw comfort en zelfvertrouwen. Daarom hebben we onze maattabel samengesteld: deze geeft je advies over onze maten, zodat je een beter idee hebt welke maat je kan kiezen. Hoe [&hellip;]\" \/>\n<meta property=\"og:url\" content=\"https:\/\/fittwear.nl\/fr\/tableau-des-tailles-adaptees\/\" \/>\n<meta property=\"og:site_name\" content=\"FITTwear.nl\" \/>\n<meta property=\"article:modified_time\" content=\"2024-05-08T08:33:30+00:00\" \/>\n<meta property=\"og:image\" content=\"https:\/\/fittwear.nl\/wp-content\/uploads\/2024\/05\/FITT-Sizecharts-1024-x-1024-px.jpg\" \/>\n<meta name=\"twitter:card\" content=\"summary_large_image\" \/>\n<meta name=\"twitter:label1\" content=\"Dur\u00e9e de lecture estim\u00e9e\" \/>\n\t<meta name=\"twitter:data1\" content=\"3 minutes\" \/>\n<script type=\"application\/ld+json\" class=\"yoast-schema-graph\">{\"@context\":\"https:\/\/schema.org\",\"@graph\":[{\"@type\":\"WebPage\",\"@id\":\"https:\/\/fittwear.nl\/maattabel-fitt-wear\/\",\"url\":\"https:\/\/fittwear.nl\/maattabel-fitt-wear\/\",\"name\":\"Maattabel FITT Wear - FITTwear.nl\",\"isPartOf\":{\"@id\":\"https:\/\/fittwear.nl\/#website\"},\"primaryImageOfPage\":{\"@id\":\"https:\/\/fittwear.nl\/maattabel-fitt-wear\/#primaryimage\"},\"image\":{\"@id\":\"https:\/\/fittwear.nl\/maattabel-fitt-wear\/#primaryimage\"},\"thumbnailUrl\":\"https:\/\/fittwear.nl\/wp-content\/uploads\/2024\/05\/FITT-Sizecharts-1024-x-1024-px.jpg\",\"datePublished\":\"2024-05-02T12:23:05+00:00\",\"dateModified\":\"2024-05-08T08:33:30+00:00\",\"breadcrumb\":{\"@id\":\"https:\/\/fittwear.nl\/maattabel-fitt-wear\/#breadcrumb\"},\"inLanguage\":\"fr-FR\",\"potentialAction\":[{\"@type\":\"ReadAction\",\"target\":[\"https:\/\/fittwear.nl\/maattabel-fitt-wear\/\"]}]},{\"@type\":\"ImageObject\",\"inLanguage\":\"fr-FR\",\"@id\":\"https:\/\/fittwear.nl\/maattabel-fitt-wear\/#primaryimage\",\"url\":\"https:\/\/fittwear.nl\/wp-content\/uploads\/2024\/05\/FITT-Sizecharts-1024-x-1024-px.jpg\",\"contentUrl\":\"https:\/\/fittwear.nl\/wp-content\/uploads\/2024\/05\/FITT-Sizecharts-1024-x-1024-px.jpg\"},{\"@type\":\"BreadcrumbList\",\"@id\":\"https:\/\/fittwear.nl\/maattabel-fitt-wear\/#breadcrumb\",\"itemListElement\":[{\"@type\":\"ListItem\",\"position\":1,\"name\":\"Home\",\"item\":\"https:\/\/fittwear.nl\/\"},{\"@type\":\"ListItem\",\"position\":2,\"name\":\"Maattabel FITT Wear\"}]},{\"@type\":\"WebSite\",\"@id\":\"https:\/\/fittwear.nl\/#website\",\"url\":\"https:\/\/fittwear.nl\/\",\"name\":\"FITTwear.nl\",\"description\":\"Time to shine!\",\"publisher\":{\"@id\":\"https:\/\/fittwear.nl\/#organization\"},\"potentialAction\":[{\"@type\":\"SearchAction\",\"target\":{\"@type\":\"EntryPoint\",\"urlTemplate\":\"https:\/\/fittwear.nl\/?s={search_term_string}\"},\"query-input\":{\"@type\":\"PropertyValueSpecification\",\"valueRequired\":true,\"valueName\":\"search_term_string\"}}],\"inLanguage\":\"fr-FR\"},{\"@type\":\"Organization\",\"@id\":\"https:\/\/fittwear.nl\/#organization\",\"name\":\"FITTwear.nl\",\"url\":\"https:\/\/fittwear.nl\/\",\"logo\":{\"@type\":\"ImageObject\",\"inLanguage\":\"fr-FR\",\"@id\":\"https:\/\/fittwear.nl\/#\/schema\/logo\/image\/\",\"url\":\"https:\/\/fittwear.nl\/wp-content\/uploads\/2024\/07\/FITT-Logo-BeYOUtiful-website-homepage_Tekengebied-1-scaled.jpg\",\"contentUrl\":\"https:\/\/fittwear.nl\/wp-content\/uploads\/2024\/07\/FITT-Logo-BeYOUtiful-website-homepage_Tekengebied-1-scaled.jpg\",\"width\":2560,\"height\":599,\"caption\":\"FITTwear.nl\"},\"image\":{\"@id\":\"https:\/\/fittwear.nl\/#\/schema\/logo\/image\/\"}}]}<\/script>\n<!-- \/ Yoast SEO plugin. -->","yoast_head_json":{"title":"Tableau des tailles FITT Wear - FITTwear.nl","robots":{"index":"index","follow":"follow","max-snippet":"max-snippet:-1","max-image-preview":"max-image-preview:large","max-video-preview":"max-video-preview:-1"},"canonical":"https:\/\/fittwear.nl\/fr\/tableau-des-tailles-adaptees\/","og_locale":"fr_FR","og_type":"article","og_title":"Maattabel FITT Wear - FITTwear.nl","og_description":"Maattabel FITT Wear\u00a0 Vind de perfecte pasvorm met onze maattabel! Bij FITT Wear begrijpen we dat het vinden van kleding die perfect past essentieel is voor jouw comfort en zelfvertrouwen. Daarom hebben we onze maattabel samengesteld: deze geeft je advies over onze maten, zodat je een beter idee hebt welke maat je kan kiezen. Hoe [&hellip;]","og_url":"https:\/\/fittwear.nl\/fr\/tableau-des-tailles-adaptees\/","og_site_name":"FITTwear.nl","article_modified_time":"2024-05-08T08:33:30+00:00","og_image":[{"url":"https:\/\/fittwear.nl\/wp-content\/uploads\/2024\/05\/FITT-Sizecharts-1024-x-1024-px.jpg","type":"","width":"","height":""}],"twitter_card":"summary_large_image","twitter_misc":{"Dur\u00e9e de lecture estim\u00e9e":"3 minutes"},"schema":{"@context":"https:\/\/schema.org","@graph":[{"@type":"WebPage","@id":"https:\/\/fittwear.nl\/maattabel-fitt-wear\/","url":"https:\/\/fittwear.nl\/maattabel-fitt-wear\/","name":"Tableau des tailles FITT Wear - FITTwear.nl","isPartOf":{"@id":"https:\/\/fittwear.nl\/#website"},"primaryImageOfPage":{"@id":"https:\/\/fittwear.nl\/maattabel-fitt-wear\/#primaryimage"},"image":{"@id":"https:\/\/fittwear.nl\/maattabel-fitt-wear\/#primaryimage"},"thumbnailUrl":"https:\/\/fittwear.nl\/wp-content\/uploads\/2024\/05\/FITT-Sizecharts-1024-x-1024-px.jpg","datePublished":"2024-05-02T12:23:05+00:00","dateModified":"2024-05-08T08:33:30+00:00","breadcrumb":{"@id":"https:\/\/fittwear.nl\/maattabel-fitt-wear\/#breadcrumb"},"inLanguage":"fr-FR","potentialAction":[{"@type":"ReadAction","target":["https:\/\/fittwear.nl\/maattabel-fitt-wear\/"]}]},{"@type":"ImageObject","inLanguage":"fr-FR","@id":"https:\/\/fittwear.nl\/maattabel-fitt-wear\/#primaryimage","url":"https:\/\/fittwear.nl\/wp-content\/uploads\/2024\/05\/FITT-Sizecharts-1024-x-1024-px.jpg","contentUrl":"https:\/\/fittwear.nl\/wp-content\/uploads\/2024\/05\/FITT-Sizecharts-1024-x-1024-px.jpg"},{"@type":"BreadcrumbList","@id":"https:\/\/fittwear.nl\/maattabel-fitt-wear\/#breadcrumb","itemListElement":[{"@type":"ListItem","position":1,"name":"Home","item":"https:\/\/fittwear.nl\/"},{"@type":"ListItem","position":2,"name":"Maattabel FITT Wear"}]},{"@type":"WebSite","@id":"https:\/\/fittwear.nl\/#website","url":"https:\/\/fittwear.nl\/","name":"FITTwear.co.uk","description":"C'est le moment de briller !","publisher":{"@id":"https:\/\/fittwear.nl\/#organization"},"potentialAction":[{"@type":"SearchAction","target":{"@type":"EntryPoint","urlTemplate":"https:\/\/fittwear.nl\/?s={search_term_string}"},"query-input":{"@type":"PropertyValueSpecification","valueRequired":true,"valueName":"search_term_string"}}],"inLanguage":"fr-FR"},{"@type":"Organization","@id":"https:\/\/fittwear.nl\/#organization","name":"FITTwear.co.uk","url":"https:\/\/fittwear.nl\/","logo":{"@type":"ImageObject","inLanguage":"fr-FR","@id":"https:\/\/fittwear.nl\/#\/schema\/logo\/image\/","url":"https:\/\/fittwear.nl\/wp-content\/uploads\/2024\/07\/FITT-Logo-BeYOUtiful-website-homepage_Tekengebied-1-scaled.jpg","contentUrl":"https:\/\/fittwear.nl\/wp-content\/uploads\/2024\/07\/FITT-Logo-BeYOUtiful-website-homepage_Tekengebied-1-scaled.jpg","width":2560,"height":599,"caption":"FITTwear.nl"},"image":{"@id":"https:\/\/fittwear.nl\/#\/schema\/logo\/image\/"}}]}},"_links":{"self":[{"href":"https:\/\/fittwear.nl\/fr\/wp-json\/wp\/v2\/pages\/90560","targetHints":{"allow":["GET"]}}],"collection":[{"href":"https:\/\/fittwear.nl\/fr\/wp-json\/wp\/v2\/pages"}],"about":[{"href":"https:\/\/fittwear.nl\/fr\/wp-json\/wp\/v2\/types\/page"}],"author":[{"embeddable":true,"href":"https:\/\/fittwear.nl\/fr\/wp-json\/wp\/v2\/users\/435"}],"replies":[{"embeddable":true,"href":"https:\/\/fittwear.nl\/fr\/wp-json\/wp\/v2\/comments?post=90560"}],"version-history":[{"count":26,"href":"https:\/\/fittwear.nl\/fr\/wp-json\/wp\/v2\/pages\/90560\/revisions"}],"predecessor-version":[{"id":91590,"href":"https:\/\/fittwear.nl\/fr\/wp-json\/wp\/v2\/pages\/90560\/revisions\/91590"}],"wp:attachment":[{"href":"https:\/\/fittwear.nl\/fr\/wp-json\/wp\/v2\/media?parent=90560"}],"curies":[{"name":"wp","href":"https:\/\/api.w.org\/{rel}","templated":true}]}}