{"id":107976,"date":"2025-03-27T14:20:40","date_gmt":"2025-03-27T13:20:40","guid":{"rendered":"https:\/\/fittwear.nl\/?post_type=product&#038;p=107976"},"modified":"2026-04-27T14:54:12","modified_gmt":"2026-04-27T12:54:12","slug":"hold-go-legging-espresso","status":"publish","type":"product","link":"https:\/\/fittwear.nl\/fr\/product\/hold-go-legging-espresso\/","title":{"rendered":"Hold &amp; Go Legging Espresso"},"content":{"rendered":"<p>- Leggings taille haute<\/p>\n\n\n\n<p>- Taille ferme<\/p>\n\n\n\n<p>- 2 poches lat\u00e9rales pour vos effets personnels<\/p>\n\n\n\n<p>- Tissu extra doux et l\u00e9ger<\/p>\n\n\n\n<p>- Extensible<\/p>\n\n\n\n<p>- Logo imprim\u00e9 sur le c\u00f4t\u00e9 de la jambe<\/p>\n\n\n\n<p>&#8211; 70% Nylon, 30% Spandex<\/p>\n\n\n\n<p>- Lavable jusqu'\u00e0 30\u2103<\/p>\n\n\n\n<p>&#8211; Kleur: Espresso<\/p>\n\n\n\n<p>&#8211; Model Sophie is 1.76cm en draagt maat S<\/p>","protected":false},"excerpt":{"rendered":"<p>De Hold &amp; Go Legging is gemaakt voor vrouwen die bewegen, rennen, squatten en stralen zonder gedoe. De stof voelt superzacht aan op je huid, maar biedt tegelijkertijd de support die je zoekt tijdens een stevige training. Met twee diepe zakken heb je altijd ruimte voor je telefoon, sleutels of andere essentials, handig tijdens het hardlopen of onderweg naar de gym. En het mooiste? Hij is zo stijlvol en comfortabel dat je \u2018m eigenlijk nooit meer uit wilt doen. Gelukkig is hij er in vele kleuren, dus je kunt gerust afwisselen.<\/p>\n<p>&nbsp;<\/p>\n<p>Let op: We raden je aan om een maat kleiner te bestellen.\u00a0<\/p>","protected":false},"featured_media":108387,"template":"","meta":{"_acf_changed":true},"product_brand":[],"product_cat":[4814,4800,27,54,28,4743,86,4759,64,65],"product_tag":[],"class_list":{"0":"post-107976","1":"product","2":"type-product","3":"status-publish","4":"has-post-thumbnail","6":"product_cat-fitness","7":"product_cat-running-collection","8":"product_cat-dames","9":"product_cat-new","10":"product_cat-leggings","11":"product_cat-geen-scrunch","12":"product_cat-effen","13":"product_cat-pocket","14":"product_cat-hardloopkleding","15":"product_cat-yogakleding","17":"first","18":"instock","19":"taxable","20":"shipping-taxable","21":"purchasable","22":"product-type-variable","23":"has-default-attributes"},"acf":[],"yoast_head":"<!-- This site is optimized with the Yoast SEO plugin v27.1.1 - https:\/\/yoast.com\/product\/yoast-seo-wordpress\/ -->\n<title>Hold &amp; Go Legging Espresso - FITTwear.nl<\/title>\n<meta name=\"description\" content=\"De Hold &amp; Go Legging is gemaakt voor vrouwen die bewegen, rennen, squatten en stralen zonder gedoe. De stof voelt superzacht aan op je huid, maar biedt tegelijkertijd de support die je zoekt tijdens een stevige training. Met twee diepe zakken heb je altijd ruimte voor je telefoon, sleutels of andere essentials, handig tijdens het hardlopen of onderweg naar de gym. En het mooiste? Hij is zo stijlvol en comfortabel dat je \u2018m eigenlijk nooit meer uit wilt doen. Gelukkig is hij er in vele kleuren, dus je kunt gerust afwisselen. &nbsp; Let op: We raden je aan om een maat kleiner te bestellen.\u00a0\" \/>\n<meta name=\"robots\" content=\"index, follow, max-snippet:-1, max-image-preview:large, max-video-preview:-1\" \/>\n<link rel=\"canonical\" href=\"https:\/\/fittwear.nl\/fr\/produit-2\/hold-go-legging-espresso\/\" \/>\n<meta property=\"og:locale\" content=\"fr_FR\" \/>\n<meta property=\"og:type\" content=\"article\" \/>\n<meta property=\"og:title\" content=\"Hold &amp; Go Legging Espresso - FITTwear.nl\" \/>\n<meta property=\"og:description\" content=\"De Hold &amp; Go Legging is gemaakt voor vrouwen die bewegen, rennen, squatten en stralen zonder gedoe. De stof voelt superzacht aan op je huid, maar biedt tegelijkertijd de support die je zoekt tijdens een stevige training. Met twee diepe zakken heb je altijd ruimte voor je telefoon, sleutels of andere essentials, handig tijdens het hardlopen of onderweg naar de gym. En het mooiste? Hij is zo stijlvol en comfortabel dat je \u2018m eigenlijk nooit meer uit wilt doen. Gelukkig is hij er in vele kleuren, dus je kunt gerust afwisselen. &nbsp; Let op: We raden je aan om een maat kleiner te bestellen.\u00a0\" \/>\n<meta property=\"og:url\" content=\"https:\/\/fittwear.nl\/fr\/produit-2\/hold-go-legging-espresso\/\" \/>\n<meta property=\"og:site_name\" content=\"FITTwear.nl\" \/>\n<meta property=\"article:modified_time\" content=\"2026-04-27T12:54:12+00:00\" \/>\n<meta property=\"og:image\" content=\"https:\/\/fittwear.nl\/wp-content\/uploads\/2025\/03\/hold-go-legging_Voorkant-onder_jpg_4.jpg\" \/>\n\t<meta property=\"og:image:width\" content=\"1200\" \/>\n\t<meta property=\"og:image:height\" content=\"1800\" \/>\n\t<meta property=\"og:image:type\" content=\"image\/jpeg\" \/>\n<meta name=\"twitter:card\" content=\"summary_large_image\" \/>\n<meta name=\"twitter:label1\" content=\"Dur\u00e9e de lecture estim\u00e9e\" \/>\n\t<meta name=\"twitter:data1\" content=\"1 minute\" \/>\n<script type=\"application\/ld+json\" class=\"yoast-schema-graph\">{\"@context\":\"https:\/\/schema.org\",\"@graph\":[{\"@type\":\"WebPage\",\"@id\":\"https:\/\/fittwear.nl\/product\/hold-go-legging-espresso\/\",\"url\":\"https:\/\/fittwear.nl\/product\/hold-go-legging-espresso\/\",\"name\":\"Hold &amp; Go Legging Espresso - FITTwear.nl\",\"isPartOf\":{\"@id\":\"https:\/\/fittwear.nl\/#website\"},\"primaryImageOfPage\":{\"@id\":\"https:\/\/fittwear.nl\/product\/hold-go-legging-espresso\/#primaryimage\"},\"image\":{\"@id\":\"https:\/\/fittwear.nl\/product\/hold-go-legging-espresso\/#primaryimage\"},\"thumbnailUrl\":\"https:\/\/fittwear.nl\/wp-content\/uploads\/2025\/03\/hold-go-legging_Voorkant-onder_jpg_4.jpg\",\"datePublished\":\"2025-03-27T13:20:40+00:00\",\"dateModified\":\"2026-04-27T12:54:12+00:00\",\"description\":\"De Hold &amp; Go Legging is gemaakt voor vrouwen die bewegen, rennen, squatten en stralen zonder gedoe. De stof voelt superzacht aan op je huid, maar biedt tegelijkertijd de support die je zoekt tijdens een stevige training. Met twee diepe zakken heb je altijd ruimte voor je telefoon, sleutels of andere essentials, handig tijdens het hardlopen of onderweg naar de gym. En het mooiste? Hij is zo stijlvol en comfortabel dat je \u2018m eigenlijk nooit meer uit wilt doen. Gelukkig is hij er in vele kleuren, dus je kunt gerust afwisselen. &nbsp; Let op: We raden je aan om een maat kleiner te bestellen.\u00a0\",\"breadcrumb\":{\"@id\":\"https:\/\/fittwear.nl\/product\/hold-go-legging-espresso\/#breadcrumb\"},\"inLanguage\":\"fr-FR\",\"potentialAction\":[{\"@type\":\"ReadAction\",\"target\":[\"https:\/\/fittwear.nl\/product\/hold-go-legging-espresso\/\"]}]},{\"@type\":\"ImageObject\",\"inLanguage\":\"fr-FR\",\"@id\":\"https:\/\/fittwear.nl\/product\/hold-go-legging-espresso\/#primaryimage\",\"url\":\"https:\/\/fittwear.nl\/wp-content\/uploads\/2025\/03\/hold-go-legging_Voorkant-onder_jpg_4.jpg\",\"contentUrl\":\"https:\/\/fittwear.nl\/wp-content\/uploads\/2025\/03\/hold-go-legging_Voorkant-onder_jpg_4.jpg\",\"width\":1200,\"height\":1800},{\"@type\":\"BreadcrumbList\",\"@id\":\"https:\/\/fittwear.nl\/product\/hold-go-legging-espresso\/#breadcrumb\",\"itemListElement\":[{\"@type\":\"ListItem\",\"position\":1,\"name\":\"Home\",\"item\":\"https:\/\/fittwear.nl\/\"},{\"@type\":\"ListItem\",\"position\":2,\"name\":\"Shop\",\"item\":\"https:\/\/fittwear.nl\/shop\/\"},{\"@type\":\"ListItem\",\"position\":3,\"name\":\"Hold &amp; Go Legging Espresso\"}]},{\"@type\":\"WebSite\",\"@id\":\"https:\/\/fittwear.nl\/#website\",\"url\":\"https:\/\/fittwear.nl\/\",\"name\":\"FITTwear.nl\",\"description\":\"Time to shine!\",\"publisher\":{\"@id\":\"https:\/\/fittwear.nl\/#organization\"},\"potentialAction\":[{\"@type\":\"SearchAction\",\"target\":{\"@type\":\"EntryPoint\",\"urlTemplate\":\"https:\/\/fittwear.nl\/?s={search_term_string}\"},\"query-input\":{\"@type\":\"PropertyValueSpecification\",\"valueRequired\":true,\"valueName\":\"search_term_string\"}}],\"inLanguage\":\"fr-FR\"},{\"@type\":\"Organization\",\"@id\":\"https:\/\/fittwear.nl\/#organization\",\"name\":\"FITTwear.nl\",\"url\":\"https:\/\/fittwear.nl\/\",\"logo\":{\"@type\":\"ImageObject\",\"inLanguage\":\"fr-FR\",\"@id\":\"https:\/\/fittwear.nl\/#\/schema\/logo\/image\/\",\"url\":\"https:\/\/fittwear.nl\/wp-content\/uploads\/2024\/07\/FITT-Logo-BeYOUtiful-website-homepage_Tekengebied-1-scaled.jpg\",\"contentUrl\":\"https:\/\/fittwear.nl\/wp-content\/uploads\/2024\/07\/FITT-Logo-BeYOUtiful-website-homepage_Tekengebied-1-scaled.jpg\",\"width\":2560,\"height\":599,\"caption\":\"FITTwear.nl\"},\"image\":{\"@id\":\"https:\/\/fittwear.nl\/#\/schema\/logo\/image\/\"}}]}<\/script>\n<!-- \/ Yoast SEO plugin. -->","yoast_head_json":{"title":"Hold &amp; Go Legging Espresso - FITTwear.nl","description":"De Hold &amp; Go Legging is gemaakt voor vrouwen die bewegen, rennen, squatten en stralen zonder gedoe. De stof voelt superzacht aan op je huid, maar biedt tegelijkertijd de support die je zoekt tijdens een stevige training. Met twee diepe zakken heb je altijd ruimte voor je telefoon, sleutels of andere essentials, handig tijdens het hardlopen of onderweg naar de gym. En het mooiste? Hij is zo stijlvol en comfortabel dat je \u2018m eigenlijk nooit meer uit wilt doen. Gelukkig is hij er in vele kleuren, dus je kunt gerust afwisselen. &nbsp; Let op: We raden je aan om een maat kleiner te bestellen.\u00a0","robots":{"index":"index","follow":"follow","max-snippet":"max-snippet:-1","max-image-preview":"max-image-preview:large","max-video-preview":"max-video-preview:-1"},"canonical":"https:\/\/fittwear.nl\/fr\/produit-2\/hold-go-legging-espresso\/","og_locale":"fr_FR","og_type":"article","og_title":"Hold &amp; Go Legging Espresso - FITTwear.nl","og_description":"De Hold &amp; Go Legging is gemaakt voor vrouwen die bewegen, rennen, squatten en stralen zonder gedoe. De stof voelt superzacht aan op je huid, maar biedt tegelijkertijd de support die je zoekt tijdens een stevige training. Met twee diepe zakken heb je altijd ruimte voor je telefoon, sleutels of andere essentials, handig tijdens het hardlopen of onderweg naar de gym. En het mooiste? Hij is zo stijlvol en comfortabel dat je \u2018m eigenlijk nooit meer uit wilt doen. Gelukkig is hij er in vele kleuren, dus je kunt gerust afwisselen. &nbsp; Let op: We raden je aan om een maat kleiner te bestellen.\u00a0","og_url":"https:\/\/fittwear.nl\/fr\/produit-2\/hold-go-legging-espresso\/","og_site_name":"FITTwear.nl","article_modified_time":"2026-04-27T12:54:12+00:00","og_image":[{"width":1200,"height":1800,"url":"https:\/\/fittwear.nl\/wp-content\/uploads\/2025\/03\/hold-go-legging_Voorkant-onder_jpg_4.jpg","type":"image\/jpeg"}],"twitter_card":"summary_large_image","twitter_misc":{"Dur\u00e9e de lecture estim\u00e9e":"1 minute"},"schema":{"@context":"https:\/\/schema.org","@graph":[{"@type":"WebPage","@id":"https:\/\/fittwear.nl\/product\/hold-go-legging-espresso\/","url":"https:\/\/fittwear.nl\/product\/hold-go-legging-espresso\/","name":"Hold &amp; Go Legging Espresso - FITTwear.nl","isPartOf":{"@id":"https:\/\/fittwear.nl\/#website"},"primaryImageOfPage":{"@id":"https:\/\/fittwear.nl\/product\/hold-go-legging-espresso\/#primaryimage"},"image":{"@id":"https:\/\/fittwear.nl\/product\/hold-go-legging-espresso\/#primaryimage"},"thumbnailUrl":"https:\/\/fittwear.nl\/wp-content\/uploads\/2025\/03\/hold-go-legging_Voorkant-onder_jpg_4.jpg","datePublished":"2025-03-27T13:20:40+00:00","dateModified":"2026-04-27T12:54:12+00:00","description":"De Hold &amp; Go Legging is gemaakt voor vrouwen die bewegen, rennen, squatten en stralen zonder gedoe. De stof voelt superzacht aan op je huid, maar biedt tegelijkertijd de support die je zoekt tijdens een stevige training. Met twee diepe zakken heb je altijd ruimte voor je telefoon, sleutels of andere essentials, handig tijdens het hardlopen of onderweg naar de gym. En het mooiste? Hij is zo stijlvol en comfortabel dat je \u2018m eigenlijk nooit meer uit wilt doen. Gelukkig is hij er in vele kleuren, dus je kunt gerust afwisselen. &nbsp; Let op: We raden je aan om een maat kleiner te bestellen.\u00a0","breadcrumb":{"@id":"https:\/\/fittwear.nl\/product\/hold-go-legging-espresso\/#breadcrumb"},"inLanguage":"fr-FR","potentialAction":[{"@type":"ReadAction","target":["https:\/\/fittwear.nl\/product\/hold-go-legging-espresso\/"]}]},{"@type":"ImageObject","inLanguage":"fr-FR","@id":"https:\/\/fittwear.nl\/product\/hold-go-legging-espresso\/#primaryimage","url":"https:\/\/fittwear.nl\/wp-content\/uploads\/2025\/03\/hold-go-legging_Voorkant-onder_jpg_4.jpg","contentUrl":"https:\/\/fittwear.nl\/wp-content\/uploads\/2025\/03\/hold-go-legging_Voorkant-onder_jpg_4.jpg","width":1200,"height":1800},{"@type":"BreadcrumbList","@id":"https:\/\/fittwear.nl\/product\/hold-go-legging-espresso\/#breadcrumb","itemListElement":[{"@type":"ListItem","position":1,"name":"Home","item":"https:\/\/fittwear.nl\/"},{"@type":"ListItem","position":2,"name":"Shop","item":"https:\/\/fittwear.nl\/shop\/"},{"@type":"ListItem","position":3,"name":"Hold &amp; Go Legging Espresso"}]},{"@type":"WebSite","@id":"https:\/\/fittwear.nl\/#website","url":"https:\/\/fittwear.nl\/","name":"FITTwear.co.uk","description":"C'est le moment de briller !","publisher":{"@id":"https:\/\/fittwear.nl\/#organization"},"potentialAction":[{"@type":"SearchAction","target":{"@type":"EntryPoint","urlTemplate":"https:\/\/fittwear.nl\/?s={search_term_string}"},"query-input":{"@type":"PropertyValueSpecification","valueRequired":true,"valueName":"search_term_string"}}],"inLanguage":"fr-FR"},{"@type":"Organization","@id":"https:\/\/fittwear.nl\/#organization","name":"FITTwear.co.uk","url":"https:\/\/fittwear.nl\/","logo":{"@type":"ImageObject","inLanguage":"fr-FR","@id":"https:\/\/fittwear.nl\/#\/schema\/logo\/image\/","url":"https:\/\/fittwear.nl\/wp-content\/uploads\/2024\/07\/FITT-Logo-BeYOUtiful-website-homepage_Tekengebied-1-scaled.jpg","contentUrl":"https:\/\/fittwear.nl\/wp-content\/uploads\/2024\/07\/FITT-Logo-BeYOUtiful-website-homepage_Tekengebied-1-scaled.jpg","width":2560,"height":599,"caption":"FITTwear.nl"},"image":{"@id":"https:\/\/fittwear.nl\/#\/schema\/logo\/image\/"}}]}},"_links":{"self":[{"href":"https:\/\/fittwear.nl\/fr\/wp-json\/wp\/v2\/product\/107976","targetHints":{"allow":["GET"]}}],"collection":[{"href":"https:\/\/fittwear.nl\/fr\/wp-json\/wp\/v2\/product"}],"about":[{"href":"https:\/\/fittwear.nl\/fr\/wp-json\/wp\/v2\/types\/product"}],"wp:featuredmedia":[{"embeddable":true,"href":"https:\/\/fittwear.nl\/fr\/wp-json\/wp\/v2\/media\/108387"}],"wp:attachment":[{"href":"https:\/\/fittwear.nl\/fr\/wp-json\/wp\/v2\/media?parent=107976"}],"wp:term":[{"taxonomy":"product_brand","embeddable":true,"href":"https:\/\/fittwear.nl\/fr\/wp-json\/wp\/v2\/product_brand?post=107976"},{"taxonomy":"product_cat","embeddable":true,"href":"https:\/\/fittwear.nl\/fr\/wp-json\/wp\/v2\/product_cat?post=107976"},{"taxonomy":"product_tag","embeddable":true,"href":"https:\/\/fittwear.nl\/fr\/wp-json\/wp\/v2\/product_tag?post=107976"}],"curies":[{"name":"wp","href":"https:\/\/api.w.org\/{rel}","templated":true}]}}