{"id":108276,"date":"2025-03-31T14:58:02","date_gmt":"2025-03-31T12:58:02","guid":{"rendered":"https:\/\/fittwear.nl\/?post_type=product&#038;p=108276"},"modified":"2026-04-17T01:09:12","modified_gmt":"2026-04-16T23:09:12","slug":"ultimate-legging-light-blue","status":"publish","type":"product","link":"https:\/\/fittwear.nl\/fr\/product\/ultimate-legging-light-blue\/","title":{"rendered":"Ultimate Legging Light Blue"},"content":{"rendered":"<p>- Leggings taille haute<\/p>\n\n\n\n<p>- Taille ferme<\/p>\n\n\n\n<p>- 2 poches lat\u00e9rales pour vos effets personnels<\/p>\n\n\n\n<p>- Poche zipp\u00e9e dissimul\u00e9e au dos<\/p>\n\n\n\n<p>- Tissu extra doux et l\u00e9ger<\/p>\n\n\n\n<p>- Extensible<\/p>\n\n\n\n<p>- Logo imprim\u00e9 sur le c\u00f4t\u00e9 de la jambe<\/p>\n\n\n\n<p>- 68% Nylon, 32% Elasthanne<\/p>\n\n\n\n<p>- Lavable jusqu'\u00e0 30\u2103<\/p>\n\n\n\n<p>&#8211; Kleur: Light Blue<\/p>\n\n\n\n<p>&#8211; Model Sophie is 1.76cm en draagt maat S<\/p>","protected":false},"excerpt":{"rendered":"<p>Nos Ultimate leggings sont les meilleurs leggings pour les femmes qui ne veulent pas faire de compromis. Vous \u00eates toujours \u00e0 la recherche du legging id\u00e9al, confortable, r\u00e9sistant aux squats, ne s'affaissant pas, adapt\u00e9 \u00e0 la course du matin, \u00e0 un entra\u00eenement solide \u00e0 la salle de sport, \u00e0 un HIIT intensif ou, par exemple, \u00e0 une s\u00e9ance de yoga \u00e9nergisante ? Alors faites l'exp\u00e9rience de la libert\u00e9 ultime et insouciante de nos leggings Ultimate. \u00c0 la mode, confortable, pratique et irr\u00e9sistible. Et une fois que vous aurez fait l'exp\u00e9rience du legging Ultimate, vous pourrez \u00e9largir votre garde-robe avec les couleurs les plus tendance ! Le legging Ultimate offre de nombreuses possibilit\u00e9s de rangement pour tous vos accessoires. Le legging est dot\u00e9 de deux poches, id\u00e9ales pour ranger votre t\u00e9l\u00e9phone, entre autres. \u00c0 l'arri\u00e8re, il y a une pochette pour les cl\u00e9s avec fermeture \u00e9clair dans la ceinture haute robuste. Le legging anti-squat est fabriqu\u00e9 dans un tissu l\u00e9ger et respirant et se porte comme une seconde peau.<\/p>","protected":false},"featured_media":108621,"template":"","meta":{"_acf_changed":false},"product_brand":[],"product_cat":[4797,27,86,4814,4812,4743,64,28,54,4759,4800,65],"product_tag":[],"class_list":{"0":"post-108276","1":"product","2":"type-product","3":"status-publish","4":"has-post-thumbnail","6":"product_cat-blue-waves","7":"product_cat-dames","8":"product_cat-effen","9":"product_cat-fitness","10":"product_cat-forever-favorites-categorie","11":"product_cat-geen-scrunch","12":"product_cat-hardloopkleding","13":"product_cat-leggings","14":"product_cat-new","15":"product_cat-pocket","16":"product_cat-running-collection","17":"product_cat-yogakleding","19":"first","20":"instock","21":"taxable","22":"shipping-taxable","23":"purchasable","24":"product-type-variable","25":"has-default-attributes"},"acf":[],"yoast_head":"<!-- This site is optimized with the Yoast SEO plugin v27.1.1 - https:\/\/yoast.com\/product\/yoast-seo-wordpress\/ -->\n<title>Ultimate Legging Light Blue - FITTwear.nl<\/title>\n<meta name=\"description\" content=\"Onze Ultimate legging is d\u00e9 ultieme legging voor vrouwen die geen concessies willen doen. Ben jij nog steeds op zoek naar de ideale legging die comfortabel zit, squatproof is, niet afzakt, geschikt is voor een morning run, een stevige work-out in de gym, intensieve HIIT of bijv. een empowering yoga sessie? Ervaar dan nu de ultieme, zorgeloze vrijheid van onze Ultimate legging. Fashionable, comfortable, practical en irresistible. En als je de Ultimate legging ervaren hebt, kun je jouw garderode uitbreiden met de meest trendy kleuren! De ultimate legging biedt voldoende opbergmogelijkheden voor al jouw accessoires. De legging is voorzien van 2 pockets, ideaal voor o.a. je telefoon. Aan de achterzijde zit er een sleutelzakje met ritssluiting verwerkt in de stevige high waist tailleband. De squatproof legging is uitgevoerd in een ademende lichtgewicht stof en voelt aan als een tweede huid.\" \/>\n<meta name=\"robots\" content=\"index, follow, max-snippet:-1, max-image-preview:large, max-video-preview:-1\" \/>\n<link rel=\"canonical\" href=\"https:\/\/fittwear.nl\/fr\/produit-2\/ultimate-legging-light-blue\/\" \/>\n<meta property=\"og:locale\" content=\"fr_FR\" \/>\n<meta property=\"og:type\" content=\"article\" \/>\n<meta property=\"og:title\" content=\"Ultimate Legging Light Blue - FITTwear.nl\" \/>\n<meta property=\"og:description\" content=\"Onze Ultimate legging is d\u00e9 ultieme legging voor vrouwen die geen concessies willen doen. Ben jij nog steeds op zoek naar de ideale legging die comfortabel zit, squatproof is, niet afzakt, geschikt is voor een morning run, een stevige work-out in de gym, intensieve HIIT of bijv. een empowering yoga sessie? Ervaar dan nu de ultieme, zorgeloze vrijheid van onze Ultimate legging. Fashionable, comfortable, practical en irresistible. En als je de Ultimate legging ervaren hebt, kun je jouw garderode uitbreiden met de meest trendy kleuren! De ultimate legging biedt voldoende opbergmogelijkheden voor al jouw accessoires. De legging is voorzien van 2 pockets, ideaal voor o.a. je telefoon. Aan de achterzijde zit er een sleutelzakje met ritssluiting verwerkt in de stevige high waist tailleband. De squatproof legging is uitgevoerd in een ademende lichtgewicht stof en voelt aan als een tweede huid.\" \/>\n<meta property=\"og:url\" content=\"https:\/\/fittwear.nl\/fr\/produit-2\/ultimate-legging-light-blue\/\" \/>\n<meta property=\"og:site_name\" content=\"FITTwear.nl\" \/>\n<meta property=\"article:modified_time\" content=\"2026-04-16T23:09:12+00:00\" \/>\n<meta property=\"og:image\" content=\"https:\/\/fittwear.nl\/wp-content\/uploads\/2025\/03\/ultimate-legging-blauw_Voorkant-onder_jpg_4.jpg\" \/>\n\t<meta property=\"og:image:width\" content=\"1200\" \/>\n\t<meta property=\"og:image:height\" content=\"1800\" \/>\n\t<meta property=\"og:image:type\" content=\"image\/jpeg\" \/>\n<meta name=\"twitter:card\" content=\"summary_large_image\" \/>\n<meta name=\"twitter:label1\" content=\"Dur\u00e9e de lecture estim\u00e9e\" \/>\n\t<meta name=\"twitter:data1\" content=\"1 minute\" \/>\n<script type=\"application\/ld+json\" class=\"yoast-schema-graph\">{\"@context\":\"https:\/\/schema.org\",\"@graph\":[{\"@type\":\"WebPage\",\"@id\":\"https:\/\/fittwear.nl\/product\/ultimate-legging-light-blue\/\",\"url\":\"https:\/\/fittwear.nl\/product\/ultimate-legging-light-blue\/\",\"name\":\"Ultimate Legging Light Blue - FITTwear.nl\",\"isPartOf\":{\"@id\":\"https:\/\/fittwear.nl\/#website\"},\"primaryImageOfPage\":{\"@id\":\"https:\/\/fittwear.nl\/product\/ultimate-legging-light-blue\/#primaryimage\"},\"image\":{\"@id\":\"https:\/\/fittwear.nl\/product\/ultimate-legging-light-blue\/#primaryimage\"},\"thumbnailUrl\":\"https:\/\/fittwear.nl\/wp-content\/uploads\/2025\/03\/ultimate-legging-blauw_Voorkant-onder_jpg_4.jpg\",\"datePublished\":\"2025-03-31T12:58:02+00:00\",\"dateModified\":\"2026-04-16T23:09:12+00:00\",\"description\":\"Onze Ultimate legging is d\u00e9 ultieme legging voor vrouwen die geen concessies willen doen. Ben jij nog steeds op zoek naar de ideale legging die comfortabel zit, squatproof is, niet afzakt, geschikt is voor een morning run, een stevige work-out in de gym, intensieve HIIT of bijv. een empowering yoga sessie? Ervaar dan nu de ultieme, zorgeloze vrijheid van onze Ultimate legging. Fashionable, comfortable, practical en irresistible. En als je de Ultimate legging ervaren hebt, kun je jouw garderode uitbreiden met de meest trendy kleuren! De ultimate legging biedt voldoende opbergmogelijkheden voor al jouw accessoires. De legging is voorzien van 2 pockets, ideaal voor o.a. je telefoon. Aan de achterzijde zit er een sleutelzakje met ritssluiting verwerkt in de stevige high waist tailleband. De squatproof legging is uitgevoerd in een ademende lichtgewicht stof en voelt aan als een tweede huid.\",\"breadcrumb\":{\"@id\":\"https:\/\/fittwear.nl\/product\/ultimate-legging-light-blue\/#breadcrumb\"},\"inLanguage\":\"fr-FR\",\"potentialAction\":[{\"@type\":\"ReadAction\",\"target\":[\"https:\/\/fittwear.nl\/product\/ultimate-legging-light-blue\/\"]}]},{\"@type\":\"ImageObject\",\"inLanguage\":\"fr-FR\",\"@id\":\"https:\/\/fittwear.nl\/product\/ultimate-legging-light-blue\/#primaryimage\",\"url\":\"https:\/\/fittwear.nl\/wp-content\/uploads\/2025\/03\/ultimate-legging-blauw_Voorkant-onder_jpg_4.jpg\",\"contentUrl\":\"https:\/\/fittwear.nl\/wp-content\/uploads\/2025\/03\/ultimate-legging-blauw_Voorkant-onder_jpg_4.jpg\",\"width\":1200,\"height\":1800},{\"@type\":\"BreadcrumbList\",\"@id\":\"https:\/\/fittwear.nl\/product\/ultimate-legging-light-blue\/#breadcrumb\",\"itemListElement\":[{\"@type\":\"ListItem\",\"position\":1,\"name\":\"Home\",\"item\":\"https:\/\/fittwear.nl\/\"},{\"@type\":\"ListItem\",\"position\":2,\"name\":\"Shop\",\"item\":\"https:\/\/fittwear.nl\/shop\/\"},{\"@type\":\"ListItem\",\"position\":3,\"name\":\"Ultimate Legging Light Blue\"}]},{\"@type\":\"WebSite\",\"@id\":\"https:\/\/fittwear.nl\/#website\",\"url\":\"https:\/\/fittwear.nl\/\",\"name\":\"FITTwear.nl\",\"description\":\"Time to shine!\",\"publisher\":{\"@id\":\"https:\/\/fittwear.nl\/#organization\"},\"potentialAction\":[{\"@type\":\"SearchAction\",\"target\":{\"@type\":\"EntryPoint\",\"urlTemplate\":\"https:\/\/fittwear.nl\/?s={search_term_string}\"},\"query-input\":{\"@type\":\"PropertyValueSpecification\",\"valueRequired\":true,\"valueName\":\"search_term_string\"}}],\"inLanguage\":\"fr-FR\"},{\"@type\":\"Organization\",\"@id\":\"https:\/\/fittwear.nl\/#organization\",\"name\":\"FITTwear.nl\",\"url\":\"https:\/\/fittwear.nl\/\",\"logo\":{\"@type\":\"ImageObject\",\"inLanguage\":\"fr-FR\",\"@id\":\"https:\/\/fittwear.nl\/#\/schema\/logo\/image\/\",\"url\":\"https:\/\/fittwear.nl\/wp-content\/uploads\/2024\/07\/FITT-Logo-BeYOUtiful-website-homepage_Tekengebied-1-scaled.jpg\",\"contentUrl\":\"https:\/\/fittwear.nl\/wp-content\/uploads\/2024\/07\/FITT-Logo-BeYOUtiful-website-homepage_Tekengebied-1-scaled.jpg\",\"width\":2560,\"height\":599,\"caption\":\"FITTwear.nl\"},\"image\":{\"@id\":\"https:\/\/fittwear.nl\/#\/schema\/logo\/image\/\"}}]}<\/script>\n<!-- \/ Yoast SEO plugin. -->","yoast_head_json":{"title":"Ultimate Legging Light Blue - FITTwear.nl","description":"Nos Ultimate leggings sont les meilleurs leggings pour les femmes qui ne veulent pas faire de compromis. Vous \u00eates toujours \u00e0 la recherche du legging id\u00e9al, confortable, r\u00e9sistant aux squats, ne s'affaissant pas, adapt\u00e9 \u00e0 la course du matin, \u00e0 un entra\u00eenement solide \u00e0 la salle de sport, \u00e0 un HIIT intensif ou, par exemple, \u00e0 une s\u00e9ance de yoga \u00e9nergisante ? Alors faites l'exp\u00e9rience de la libert\u00e9 ultime et insouciante de nos leggings Ultimate. \u00c0 la mode, confortable, pratique et irr\u00e9sistible. Et une fois que vous aurez fait l'exp\u00e9rience du legging Ultimate, vous pourrez \u00e9largir votre garde-robe avec les couleurs les plus tendance ! Le legging Ultimate offre de nombreuses possibilit\u00e9s de rangement pour tous vos accessoires. Le legging est dot\u00e9 de deux poches, id\u00e9ales pour ranger votre t\u00e9l\u00e9phone, entre autres. \u00c0 l'arri\u00e8re, il y a une pochette pour les cl\u00e9s avec fermeture \u00e9clair dans la ceinture haute robuste. Le legging anti-squat est fabriqu\u00e9 dans un tissu l\u00e9ger et respirant et se porte comme une seconde peau.","robots":{"index":"index","follow":"follow","max-snippet":"max-snippet:-1","max-image-preview":"max-image-preview:large","max-video-preview":"max-video-preview:-1"},"canonical":"https:\/\/fittwear.nl\/fr\/produit-2\/ultimate-legging-light-blue\/","og_locale":"fr_FR","og_type":"article","og_title":"Ultimate Legging Light Blue - FITTwear.nl","og_description":"Onze Ultimate legging is d\u00e9 ultieme legging voor vrouwen die geen concessies willen doen. Ben jij nog steeds op zoek naar de ideale legging die comfortabel zit, squatproof is, niet afzakt, geschikt is voor een morning run, een stevige work-out in de gym, intensieve HIIT of bijv. een empowering yoga sessie? Ervaar dan nu de ultieme, zorgeloze vrijheid van onze Ultimate legging. Fashionable, comfortable, practical en irresistible. En als je de Ultimate legging ervaren hebt, kun je jouw garderode uitbreiden met de meest trendy kleuren! De ultimate legging biedt voldoende opbergmogelijkheden voor al jouw accessoires. De legging is voorzien van 2 pockets, ideaal voor o.a. je telefoon. Aan de achterzijde zit er een sleutelzakje met ritssluiting verwerkt in de stevige high waist tailleband. De squatproof legging is uitgevoerd in een ademende lichtgewicht stof en voelt aan als een tweede huid.","og_url":"https:\/\/fittwear.nl\/fr\/produit-2\/ultimate-legging-light-blue\/","og_site_name":"FITTwear.nl","article_modified_time":"2026-04-16T23:09:12+00:00","og_image":[{"width":1200,"height":1800,"url":"https:\/\/fittwear.nl\/wp-content\/uploads\/2025\/03\/ultimate-legging-blauw_Voorkant-onder_jpg_4.jpg","type":"image\/jpeg"}],"twitter_card":"summary_large_image","twitter_misc":{"Dur\u00e9e de lecture estim\u00e9e":"1 minute"},"schema":{"@context":"https:\/\/schema.org","@graph":[{"@type":"WebPage","@id":"https:\/\/fittwear.nl\/product\/ultimate-legging-light-blue\/","url":"https:\/\/fittwear.nl\/product\/ultimate-legging-light-blue\/","name":"Ultimate Legging Light Blue - FITTwear.nl","isPartOf":{"@id":"https:\/\/fittwear.nl\/#website"},"primaryImageOfPage":{"@id":"https:\/\/fittwear.nl\/product\/ultimate-legging-light-blue\/#primaryimage"},"image":{"@id":"https:\/\/fittwear.nl\/product\/ultimate-legging-light-blue\/#primaryimage"},"thumbnailUrl":"https:\/\/fittwear.nl\/wp-content\/uploads\/2025\/03\/ultimate-legging-blauw_Voorkant-onder_jpg_4.jpg","datePublished":"2025-03-31T12:58:02+00:00","dateModified":"2026-04-16T23:09:12+00:00","description":"Nos Ultimate leggings sont les meilleurs leggings pour les femmes qui ne veulent pas faire de compromis. Vous \u00eates toujours \u00e0 la recherche du legging id\u00e9al, confortable, r\u00e9sistant aux squats, ne s'affaissant pas, adapt\u00e9 \u00e0 la course du matin, \u00e0 un entra\u00eenement solide \u00e0 la salle de sport, \u00e0 un HIIT intensif ou, par exemple, \u00e0 une s\u00e9ance de yoga \u00e9nergisante ? Alors faites l'exp\u00e9rience de la libert\u00e9 ultime et insouciante de nos leggings Ultimate. \u00c0 la mode, confortable, pratique et irr\u00e9sistible. Et une fois que vous aurez fait l'exp\u00e9rience du legging Ultimate, vous pourrez \u00e9largir votre garde-robe avec les couleurs les plus tendance ! Le legging Ultimate offre de nombreuses possibilit\u00e9s de rangement pour tous vos accessoires. Le legging est dot\u00e9 de deux poches, id\u00e9ales pour ranger votre t\u00e9l\u00e9phone, entre autres. \u00c0 l'arri\u00e8re, il y a une pochette pour les cl\u00e9s avec fermeture \u00e9clair dans la ceinture haute robuste. Le legging anti-squat est fabriqu\u00e9 dans un tissu l\u00e9ger et respirant et se porte comme une seconde peau.","breadcrumb":{"@id":"https:\/\/fittwear.nl\/product\/ultimate-legging-light-blue\/#breadcrumb"},"inLanguage":"fr-FR","potentialAction":[{"@type":"ReadAction","target":["https:\/\/fittwear.nl\/product\/ultimate-legging-light-blue\/"]}]},{"@type":"ImageObject","inLanguage":"fr-FR","@id":"https:\/\/fittwear.nl\/product\/ultimate-legging-light-blue\/#primaryimage","url":"https:\/\/fittwear.nl\/wp-content\/uploads\/2025\/03\/ultimate-legging-blauw_Voorkant-onder_jpg_4.jpg","contentUrl":"https:\/\/fittwear.nl\/wp-content\/uploads\/2025\/03\/ultimate-legging-blauw_Voorkant-onder_jpg_4.jpg","width":1200,"height":1800},{"@type":"BreadcrumbList","@id":"https:\/\/fittwear.nl\/product\/ultimate-legging-light-blue\/#breadcrumb","itemListElement":[{"@type":"ListItem","position":1,"name":"Home","item":"https:\/\/fittwear.nl\/"},{"@type":"ListItem","position":2,"name":"Shop","item":"https:\/\/fittwear.nl\/shop\/"},{"@type":"ListItem","position":3,"name":"Ultimate Legging Light Blue"}]},{"@type":"WebSite","@id":"https:\/\/fittwear.nl\/#website","url":"https:\/\/fittwear.nl\/","name":"FITTwear.co.uk","description":"C'est le moment de briller !","publisher":{"@id":"https:\/\/fittwear.nl\/#organization"},"potentialAction":[{"@type":"SearchAction","target":{"@type":"EntryPoint","urlTemplate":"https:\/\/fittwear.nl\/?s={search_term_string}"},"query-input":{"@type":"PropertyValueSpecification","valueRequired":true,"valueName":"search_term_string"}}],"inLanguage":"fr-FR"},{"@type":"Organization","@id":"https:\/\/fittwear.nl\/#organization","name":"FITTwear.co.uk","url":"https:\/\/fittwear.nl\/","logo":{"@type":"ImageObject","inLanguage":"fr-FR","@id":"https:\/\/fittwear.nl\/#\/schema\/logo\/image\/","url":"https:\/\/fittwear.nl\/wp-content\/uploads\/2024\/07\/FITT-Logo-BeYOUtiful-website-homepage_Tekengebied-1-scaled.jpg","contentUrl":"https:\/\/fittwear.nl\/wp-content\/uploads\/2024\/07\/FITT-Logo-BeYOUtiful-website-homepage_Tekengebied-1-scaled.jpg","width":2560,"height":599,"caption":"FITTwear.nl"},"image":{"@id":"https:\/\/fittwear.nl\/#\/schema\/logo\/image\/"}}]}},"_links":{"self":[{"href":"https:\/\/fittwear.nl\/fr\/wp-json\/wp\/v2\/product\/108276","targetHints":{"allow":["GET"]}}],"collection":[{"href":"https:\/\/fittwear.nl\/fr\/wp-json\/wp\/v2\/product"}],"about":[{"href":"https:\/\/fittwear.nl\/fr\/wp-json\/wp\/v2\/types\/product"}],"wp:featuredmedia":[{"embeddable":true,"href":"https:\/\/fittwear.nl\/fr\/wp-json\/wp\/v2\/media\/108621"}],"wp:attachment":[{"href":"https:\/\/fittwear.nl\/fr\/wp-json\/wp\/v2\/media?parent=108276"}],"wp:term":[{"taxonomy":"product_brand","embeddable":true,"href":"https:\/\/fittwear.nl\/fr\/wp-json\/wp\/v2\/product_brand?post=108276"},{"taxonomy":"product_cat","embeddable":true,"href":"https:\/\/fittwear.nl\/fr\/wp-json\/wp\/v2\/product_cat?post=108276"},{"taxonomy":"product_tag","embeddable":true,"href":"https:\/\/fittwear.nl\/fr\/wp-json\/wp\/v2\/product_tag?post=108276"}],"curies":[{"name":"wp","href":"https:\/\/api.w.org\/{rel}","templated":true}]}}