{"id":11710,"date":"2021-07-12T15:27:51","date_gmt":"2021-07-12T13:27:51","guid":{"rendered":"https:\/\/fittwear.nl\/?post_type=product&#038;p=11710"},"modified":"2026-04-27T15:45:20","modified_gmt":"2026-04-27T13:45:20","slug":"unisex-bio-cotton-jogg-pants-blue","status":"publish","type":"product","link":"https:\/\/fittwear.nl\/fr\/product\/unisex-bio-cotton-jogg-pants-blauw\/","title":{"rendered":"Pantalon de jogging unisexe bleu"},"content":{"rendered":"<p>-Pantalon de jogging unisexe<\/p>\n<p>-Qualit\u00e9 extr\u00eamement douce<\/p>\n<p>-Avec des c\u00f4tes au bas des jambes du pantalon<\/p>\n<p>-Cordons de la\u00e7age ronds, ton sur ton<\/p>\n<p>-2 poches frontales<\/p>\n<p>-Pochette cousue au dos<\/p>\n<p>-85% coton biologique fil\u00e9 et peign\u00e9\/15% polyester recycl\u00e9<\/p>\n<p>-300g<\/p>\n<p>-Lavable jusqu'\u00e0 30\u00b0.<\/p>\n<p>-Le mod\u00e8le Donna mesure 1,81 et porte la taille M.<\/p>","protected":false},"excerpt":{"rendered":"<p>Des v\u00eatements contemporains respectueux des personnes et de la plan\u00e8te, fabriqu\u00e9s en coton biologique et\/ou en polyester recycl\u00e9. Le coton biologique, contrairement au coton ordinaire, est cultiv\u00e9 sans insecticides, engrais ou pesticides chimiques. Cela signifie qu'aucune substance dangereuse ou toxique ne se retrouve dans le sol, les rivi\u00e8res et les lacs, ce qui permet aux agriculteurs et \u00e0 leurs familles de vivre dans un environnement s\u00fbr.<\/p>\n<p>Nos pantalons de jogging FITT Bio-Cotton sont unisexes et fabriqu\u00e9s dans un tissu extr\u00eamement doux. Vous vous sentez bien, vous \u00eates plus performant et vous vous sentez \u00e0 l'aise !<\/p>\n<p>Le mod\u00e8le Donna mesure 1,81 et porte la taille M.<\/p>\n<p><strong>VEUILLEZ NOTER QUE LA TAILLE EST GRANDE<\/strong><\/p>","protected":false},"featured_media":12664,"template":"","meta":{"_acf_changed":false},"product_brand":[],"product_cat":[4797,4792,27,53,113,61,66],"product_tag":[],"class_list":{"0":"post-11710","1":"product","2":"type-product","3":"status-publish","4":"has-post-thumbnail","6":"product_cat-blue-waves","7":"product_cat-sustainable-collection","8":"product_cat-dames","9":"product_cat-sweatpants","10":"product_cat-duurzaam","11":"product_cat-shoppen-op-stijl","12":"product_cat-loungewear","14":"first","15":"instock","16":"sale","17":"taxable","18":"shipping-taxable","19":"purchasable","20":"product-type-variable","21":"has-default-attributes"},"acf":[],"yoast_head":"<!-- This site is optimized with the Yoast SEO plugin v27.1.1 - https:\/\/yoast.com\/product\/yoast-seo-wordpress\/ -->\n<title>Unisex Jogg Pants Blue - Duurzaam - FITTwear.nl<\/title>\n<meta name=\"description\" content=\"Eigentijdse kleding met respect voor mensen en de planeet, gemaakt van biologisch katoen of\/en gerecycled polyester. Biokatoen wordt, in tegenstelling tot gewoon katoen, geteeld zonder chemische insecticiden, meststoffen of pesticiden. Dit betekent dat er geen gevaarlijke of toxische stoffen in de bodem, rivieren en meren terechtkomen, zodat boeren en hun families in een veilige omgeving kunnen leven.  Onze FITT Bio-Cotton joggingsbroeken zijn unisex en gemaakt van een extreem zachte stof. Feel great, Perform better &amp; comfy dus!  Model Donna is 1.81 en draagt maat M  LET OP VALT RUIM\" \/>\n<meta name=\"robots\" content=\"index, follow, max-snippet:-1, max-image-preview:large, max-video-preview:-1\" \/>\n<link rel=\"canonical\" href=\"https:\/\/fittwear.nl\/fr\/produit-2\/unisex-bio-cotton-jogg-pants-blue\/\" \/>\n<meta property=\"og:locale\" content=\"fr_FR\" \/>\n<meta property=\"og:type\" content=\"article\" \/>\n<meta property=\"og:title\" content=\"Unisex Jogg Pants Blue - Duurzaam - FITTwear.nl\" \/>\n<meta property=\"og:description\" content=\"Eigentijdse kleding met respect voor mensen en de planeet, gemaakt van biologisch katoen of\/en gerecycled polyester. Biokatoen wordt, in tegenstelling tot gewoon katoen, geteeld zonder chemische insecticiden, meststoffen of pesticiden. Dit betekent dat er geen gevaarlijke of toxische stoffen in de bodem, rivieren en meren terechtkomen, zodat boeren en hun families in een veilige omgeving kunnen leven.  Onze FITT Bio-Cotton joggingsbroeken zijn unisex en gemaakt van een extreem zachte stof. Feel great, Perform better &amp; comfy dus!  Model Donna is 1.81 en draagt maat M  LET OP VALT RUIM\" \/>\n<meta property=\"og:url\" content=\"https:\/\/fittwear.nl\/fr\/produit-2\/unisex-bio-cotton-jogg-pants-blue\/\" \/>\n<meta property=\"og:site_name\" content=\"FITTwear.nl\" \/>\n<meta property=\"article:modified_time\" content=\"2026-04-27T13:45:20+00:00\" \/>\n<meta property=\"og:image\" content=\"https:\/\/fittwear.nl\/wp-content\/uploads\/2021\/07\/lounge-blauw_Achterkant-boven_jpg_4-kopieren-1.jpg\" \/>\n\t<meta property=\"og:image:width\" content=\"1200\" \/>\n\t<meta property=\"og:image:height\" content=\"1800\" \/>\n\t<meta property=\"og:image:type\" content=\"image\/jpeg\" \/>\n<meta name=\"twitter:card\" content=\"summary_large_image\" \/>\n<meta name=\"twitter:label1\" content=\"Dur\u00e9e de lecture estim\u00e9e\" \/>\n\t<meta name=\"twitter:data1\" content=\"1 minute\" \/>\n<script type=\"application\/ld+json\" class=\"yoast-schema-graph\">{\"@context\":\"https:\/\/schema.org\",\"@graph\":[{\"@type\":\"WebPage\",\"@id\":\"https:\/\/fittwear.nl\/product\/unisex-bio-cotton-jogg-pants-blauw\/\",\"url\":\"https:\/\/fittwear.nl\/product\/unisex-bio-cotton-jogg-pants-blauw\/\",\"name\":\"Unisex Jogg Pants Blue - Duurzaam - FITTwear.nl\",\"isPartOf\":{\"@id\":\"https:\/\/fittwear.nl\/#website\"},\"primaryImageOfPage\":{\"@id\":\"https:\/\/fittwear.nl\/product\/unisex-bio-cotton-jogg-pants-blauw\/#primaryimage\"},\"image\":{\"@id\":\"https:\/\/fittwear.nl\/product\/unisex-bio-cotton-jogg-pants-blauw\/#primaryimage\"},\"thumbnailUrl\":\"https:\/\/fittwear.nl\/wp-content\/uploads\/2021\/07\/lounge-blauw_Achterkant-boven_jpg_4-kopieren-1.jpg\",\"datePublished\":\"2021-07-12T13:27:51+00:00\",\"dateModified\":\"2026-04-27T13:45:20+00:00\",\"description\":\"Eigentijdse kleding met respect voor mensen en de planeet, gemaakt van biologisch katoen of\/en gerecycled polyester. Biokatoen wordt, in tegenstelling tot gewoon katoen, geteeld zonder chemische insecticiden, meststoffen of pesticiden. Dit betekent dat er geen gevaarlijke of toxische stoffen in de bodem, rivieren en meren terechtkomen, zodat boeren en hun families in een veilige omgeving kunnen leven. Onze FITT Bio-Cotton joggingsbroeken zijn unisex en gemaakt van een extreem zachte stof. Feel great, Perform better &amp; comfy dus! Model Donna is 1.81 en draagt maat M LET OP VALT RUIM\",\"breadcrumb\":{\"@id\":\"https:\/\/fittwear.nl\/product\/unisex-bio-cotton-jogg-pants-blauw\/#breadcrumb\"},\"inLanguage\":\"fr-FR\",\"potentialAction\":[{\"@type\":\"ReadAction\",\"target\":[\"https:\/\/fittwear.nl\/product\/unisex-bio-cotton-jogg-pants-blauw\/\"]}]},{\"@type\":\"ImageObject\",\"inLanguage\":\"fr-FR\",\"@id\":\"https:\/\/fittwear.nl\/product\/unisex-bio-cotton-jogg-pants-blauw\/#primaryimage\",\"url\":\"https:\/\/fittwear.nl\/wp-content\/uploads\/2021\/07\/lounge-blauw_Achterkant-boven_jpg_4-kopieren-1.jpg\",\"contentUrl\":\"https:\/\/fittwear.nl\/wp-content\/uploads\/2021\/07\/lounge-blauw_Achterkant-boven_jpg_4-kopieren-1.jpg\",\"width\":1200,\"height\":1800,\"caption\":\"Unisex Bio-Cotton Jogg Pants blauw\"},{\"@type\":\"BreadcrumbList\",\"@id\":\"https:\/\/fittwear.nl\/product\/unisex-bio-cotton-jogg-pants-blauw\/#breadcrumb\",\"itemListElement\":[{\"@type\":\"ListItem\",\"position\":1,\"name\":\"Home\",\"item\":\"https:\/\/fittwear.nl\/\"},{\"@type\":\"ListItem\",\"position\":2,\"name\":\"Shop\",\"item\":\"https:\/\/fittwear.nl\/shop\/\"},{\"@type\":\"ListItem\",\"position\":3,\"name\":\"Unisex Jogg Pants Blue\"}]},{\"@type\":\"WebSite\",\"@id\":\"https:\/\/fittwear.nl\/#website\",\"url\":\"https:\/\/fittwear.nl\/\",\"name\":\"FITTwear.nl\",\"description\":\"Time to shine!\",\"publisher\":{\"@id\":\"https:\/\/fittwear.nl\/#organization\"},\"potentialAction\":[{\"@type\":\"SearchAction\",\"target\":{\"@type\":\"EntryPoint\",\"urlTemplate\":\"https:\/\/fittwear.nl\/?s={search_term_string}\"},\"query-input\":{\"@type\":\"PropertyValueSpecification\",\"valueRequired\":true,\"valueName\":\"search_term_string\"}}],\"inLanguage\":\"fr-FR\"},{\"@type\":\"Organization\",\"@id\":\"https:\/\/fittwear.nl\/#organization\",\"name\":\"FITTwear.nl\",\"url\":\"https:\/\/fittwear.nl\/\",\"logo\":{\"@type\":\"ImageObject\",\"inLanguage\":\"fr-FR\",\"@id\":\"https:\/\/fittwear.nl\/#\/schema\/logo\/image\/\",\"url\":\"https:\/\/fittwear.nl\/wp-content\/uploads\/2024\/07\/FITT-Logo-BeYOUtiful-website-homepage_Tekengebied-1-scaled.jpg\",\"contentUrl\":\"https:\/\/fittwear.nl\/wp-content\/uploads\/2024\/07\/FITT-Logo-BeYOUtiful-website-homepage_Tekengebied-1-scaled.jpg\",\"width\":2560,\"height\":599,\"caption\":\"FITTwear.nl\"},\"image\":{\"@id\":\"https:\/\/fittwear.nl\/#\/schema\/logo\/image\/\"}}]}<\/script>\n<!-- \/ Yoast SEO plugin. -->","yoast_head_json":{"title":"Pantalon de jogging unisexe Bleu - Durable - FITTwear.fr","description":"Eigentijdse kleding met respect voor mensen en de planeet, gemaakt van biologisch katoen of\/en gerecycled polyester. Biokatoen wordt, in tegenstelling tot gewoon katoen, geteeld zonder chemische insecticiden, meststoffen of pesticiden. Dit betekent dat er geen gevaarlijke of toxische stoffen in de bodem, rivieren en meren terechtkomen, zodat boeren en hun families in een veilige omgeving kunnen leven.  Onze FITT Bio-Cotton joggingsbroeken zijn unisex en gemaakt van een extreem zachte stof. Feel great, Perform better &amp; comfy dus!  Model Donna is 1.81 en draagt maat M  LET OP VALT RUIM","robots":{"index":"index","follow":"follow","max-snippet":"max-snippet:-1","max-image-preview":"max-image-preview:large","max-video-preview":"max-video-preview:-1"},"canonical":"https:\/\/fittwear.nl\/fr\/produit-2\/unisex-bio-cotton-jogg-pants-blue\/","og_locale":"fr_FR","og_type":"article","og_title":"Unisex Jogg Pants Blue - Duurzaam - FITTwear.nl","og_description":"Eigentijdse kleding met respect voor mensen en de planeet, gemaakt van biologisch katoen of\/en gerecycled polyester. Biokatoen wordt, in tegenstelling tot gewoon katoen, geteeld zonder chemische insecticiden, meststoffen of pesticiden. Dit betekent dat er geen gevaarlijke of toxische stoffen in de bodem, rivieren en meren terechtkomen, zodat boeren en hun families in een veilige omgeving kunnen leven.  Onze FITT Bio-Cotton joggingsbroeken zijn unisex en gemaakt van een extreem zachte stof. Feel great, Perform better &amp; comfy dus!  Model Donna is 1.81 en draagt maat M  LET OP VALT RUIM","og_url":"https:\/\/fittwear.nl\/fr\/produit-2\/unisex-bio-cotton-jogg-pants-blue\/","og_site_name":"FITTwear.nl","article_modified_time":"2026-04-27T13:45:20+00:00","og_image":[{"width":1200,"height":1800,"url":"https:\/\/fittwear.nl\/wp-content\/uploads\/2021\/07\/lounge-blauw_Achterkant-boven_jpg_4-kopieren-1.jpg","type":"image\/jpeg"}],"twitter_card":"summary_large_image","twitter_misc":{"Dur\u00e9e de lecture estim\u00e9e":"1 minute"},"schema":{"@context":"https:\/\/schema.org","@graph":[{"@type":"WebPage","@id":"https:\/\/fittwear.nl\/product\/unisex-bio-cotton-jogg-pants-blauw\/","url":"https:\/\/fittwear.nl\/product\/unisex-bio-cotton-jogg-pants-blauw\/","name":"Pantalon de jogging unisexe Bleu - Durable - FITTwear.fr","isPartOf":{"@id":"https:\/\/fittwear.nl\/#website"},"primaryImageOfPage":{"@id":"https:\/\/fittwear.nl\/product\/unisex-bio-cotton-jogg-pants-blauw\/#primaryimage"},"image":{"@id":"https:\/\/fittwear.nl\/product\/unisex-bio-cotton-jogg-pants-blauw\/#primaryimage"},"thumbnailUrl":"https:\/\/fittwear.nl\/wp-content\/uploads\/2021\/07\/lounge-blauw_Achterkant-boven_jpg_4-kopieren-1.jpg","datePublished":"2021-07-12T13:27:51+00:00","dateModified":"2026-04-27T13:45:20+00:00","description":"Des v\u00eatements contemporains, respectueux de l'homme et de la plan\u00e8te, fabriqu\u00e9s \u00e0 partir de coton biologique et\/ou de polyester recycl\u00e9. Le coton biologique, contrairement au coton ordinaire, est cultiv\u00e9 sans insecticides, engrais ou pesticides chimiques. Cela signifie qu'aucune substance dangereuse ou toxique ne se retrouve dans le sol, les rivi\u00e8res et les lacs, ce qui permet aux agriculteurs et \u00e0 leurs familles de vivre dans un environnement s\u00fbr. Notre pantalon de jogging FITT Bio-Cotton est unisexe et fabriqu\u00e9 dans un tissu extr\u00eamement doux. Vous vous sentez bien, vous \u00eates plus performant et vous vous sentez \u00e0 l'aise ! Le mod\u00e8le Donna mesure 1,81 et porte la taille M. ATTENTION, LA TAILLE EST PETITE.","breadcrumb":{"@id":"https:\/\/fittwear.nl\/product\/unisex-bio-cotton-jogg-pants-blauw\/#breadcrumb"},"inLanguage":"fr-FR","potentialAction":[{"@type":"ReadAction","target":["https:\/\/fittwear.nl\/product\/unisex-bio-cotton-jogg-pants-blauw\/"]}]},{"@type":"ImageObject","inLanguage":"fr-FR","@id":"https:\/\/fittwear.nl\/product\/unisex-bio-cotton-jogg-pants-blauw\/#primaryimage","url":"https:\/\/fittwear.nl\/wp-content\/uploads\/2021\/07\/lounge-blauw_Achterkant-boven_jpg_4-kopieren-1.jpg","contentUrl":"https:\/\/fittwear.nl\/wp-content\/uploads\/2021\/07\/lounge-blauw_Achterkant-boven_jpg_4-kopieren-1.jpg","width":1200,"height":1800,"caption":"Unisex Bio-Cotton Jogg Pants blauw"},{"@type":"BreadcrumbList","@id":"https:\/\/fittwear.nl\/product\/unisex-bio-cotton-jogg-pants-blauw\/#breadcrumb","itemListElement":[{"@type":"ListItem","position":1,"name":"Home","item":"https:\/\/fittwear.nl\/"},{"@type":"ListItem","position":2,"name":"Shop","item":"https:\/\/fittwear.nl\/shop\/"},{"@type":"ListItem","position":3,"name":"Unisex Jogg Pants Blue"}]},{"@type":"WebSite","@id":"https:\/\/fittwear.nl\/#website","url":"https:\/\/fittwear.nl\/","name":"FITTwear.co.uk","description":"C'est le moment de briller !","publisher":{"@id":"https:\/\/fittwear.nl\/#organization"},"potentialAction":[{"@type":"SearchAction","target":{"@type":"EntryPoint","urlTemplate":"https:\/\/fittwear.nl\/?s={search_term_string}"},"query-input":{"@type":"PropertyValueSpecification","valueRequired":true,"valueName":"search_term_string"}}],"inLanguage":"fr-FR"},{"@type":"Organization","@id":"https:\/\/fittwear.nl\/#organization","name":"FITTwear.co.uk","url":"https:\/\/fittwear.nl\/","logo":{"@type":"ImageObject","inLanguage":"fr-FR","@id":"https:\/\/fittwear.nl\/#\/schema\/logo\/image\/","url":"https:\/\/fittwear.nl\/wp-content\/uploads\/2024\/07\/FITT-Logo-BeYOUtiful-website-homepage_Tekengebied-1-scaled.jpg","contentUrl":"https:\/\/fittwear.nl\/wp-content\/uploads\/2024\/07\/FITT-Logo-BeYOUtiful-website-homepage_Tekengebied-1-scaled.jpg","width":2560,"height":599,"caption":"FITTwear.nl"},"image":{"@id":"https:\/\/fittwear.nl\/#\/schema\/logo\/image\/"}}]}},"_links":{"self":[{"href":"https:\/\/fittwear.nl\/fr\/wp-json\/wp\/v2\/product\/11710","targetHints":{"allow":["GET"]}}],"collection":[{"href":"https:\/\/fittwear.nl\/fr\/wp-json\/wp\/v2\/product"}],"about":[{"href":"https:\/\/fittwear.nl\/fr\/wp-json\/wp\/v2\/types\/product"}],"wp:featuredmedia":[{"embeddable":true,"href":"https:\/\/fittwear.nl\/fr\/wp-json\/wp\/v2\/media\/12664"}],"wp:attachment":[{"href":"https:\/\/fittwear.nl\/fr\/wp-json\/wp\/v2\/media?parent=11710"}],"wp:term":[{"taxonomy":"product_brand","embeddable":true,"href":"https:\/\/fittwear.nl\/fr\/wp-json\/wp\/v2\/product_brand?post=11710"},{"taxonomy":"product_cat","embeddable":true,"href":"https:\/\/fittwear.nl\/fr\/wp-json\/wp\/v2\/product_cat?post=11710"},{"taxonomy":"product_tag","embeddable":true,"href":"https:\/\/fittwear.nl\/fr\/wp-json\/wp\/v2\/product_tag?post=11710"}],"curies":[{"name":"wp","href":"https:\/\/api.w.org\/{rel}","templated":true}]}}