{"id":11749,"date":"2021-07-13T13:22:14","date_gmt":"2021-07-13T11:22:14","guid":{"rendered":"https:\/\/fittwear.nl\/?post_type=product&#038;p=11749"},"modified":"2026-04-27T15:45:24","modified_gmt":"2026-04-27T13:45:24","slug":"unisex-bio-coton-trainer-shorts-vert","status":"publish","type":"product","link":"https:\/\/fittwear.nl\/fr\/product\/unisex-bio-cotton-trainer-shorts-groen\/","title":{"rendered":"Short d'entra\u00eenement unisexe Vert"},"content":{"rendered":"<p>-Short de jogging unisexe<\/p>\n<p>-Qualit\u00e9 extr\u00eamement douce<\/p>\n<p>-Cordons de la\u00e7age ronds, ton sur ton<\/p>\n<p>-2 poches frontales<\/p>\n<p>-Pochette cousue au dos<\/p>\n<p>-85% coton biologique fil\u00e9 et peign\u00e9\/15% polyester recycl\u00e9<\/p>\n<p>-300g<\/p>\n<p>-Lavable jusqu'\u00e0 30\u00b0.<\/p>\n<p>-Le mod\u00e8le Doete mesure 1,76 et porte la taille XS.<\/p>","protected":false},"excerpt":{"rendered":"<p>Des v\u00eatements contemporains respectueux des personnes et de la plan\u00e8te, fabriqu\u00e9s en coton biologique et\/ou en polyester recycl\u00e9. Le coton biologique, contrairement au coton ordinaire, est cultiv\u00e9 sans insecticides, engrais ou pesticides chimiques. Cela signifie qu'aucune substance dangereuse ou toxique ne se retrouve dans le sol, les rivi\u00e8res et les lacs, ce qui permet aux agriculteurs et \u00e0 leurs familles de vivre dans un environnement s\u00fbr.<\/p>\n<p>Notre short d'entra\u00eenement FITT Bio-Cotton est unisexe et fabriqu\u00e9 dans un tissu extr\u00eamement doux. Vous vous sentez bien, vous \u00eates plus performant et vous vous sentez \u00e0 l'aise !<\/p>\n<p>Le mod\u00e8le Doete mesure 1,76 et porte la taille XS.<\/p>\n<p><strong>VEUILLEZ NOTER QUE LA TAILLE EST GRANDE<\/strong><\/p>","protected":false},"featured_media":13902,"template":"","meta":{"_acf_changed":false},"product_brand":[],"product_cat":[4792,27,93,4744,4760,53,113,61,66],"product_tag":[],"class_list":{"0":"post-11749","1":"product","2":"type-product","3":"status-publish","4":"has-post-thumbnail","6":"product_cat-sustainable-collection","7":"product_cat-dames","8":"product_cat-shorts","9":"product_cat-geen-scrunch-shorts","10":"product_cat-pocket-shorts","11":"product_cat-sweatpants","12":"product_cat-duurzaam","13":"product_cat-shoppen-op-stijl","14":"product_cat-loungewear","16":"first","17":"instock","18":"sale","19":"taxable","20":"shipping-taxable","21":"purchasable","22":"product-type-variable","23":"has-default-attributes"},"acf":[],"yoast_head":"<!-- This site is optimized with the Yoast SEO plugin v27.1.1 - https:\/\/yoast.com\/product\/yoast-seo-wordpress\/ -->\n<title>Unisex Trainer Shorts Green - Duurzaam - FITTwear.nl<\/title>\n<meta name=\"description\" content=\"Eigentijdse kleding met respect voor mensen en de planeet, gemaakt van biologisch katoen of\/en gerecycled polyester. Biokatoen wordt, in tegenstelling tot gewoon katoen, geteeld zonder chemische insecticiden, meststoffen of pesticiden. Dit betekent dat er geen gevaarlijke of toxische stoffen in de bodem, rivieren en meren terechtkomen, zodat boeren en hun families in een veilige omgeving kunnen leven.  Onze FITT Bio-Cotton Trainer Shorts zijn unisex en gemaakt van een extreem zachte stof. Feel great, Perform better &amp; comfy dus!  Model Doete is 1.76 en draagt maat XS  LET OP VALT RUIM\" \/>\n<meta name=\"robots\" content=\"index, follow, max-snippet:-1, max-image-preview:large, max-video-preview:-1\" \/>\n<link rel=\"canonical\" href=\"https:\/\/fittwear.nl\/fr\/produit-2\/unisex-bio-coton-trainer-shorts-vert\/\" \/>\n<meta property=\"og:locale\" content=\"fr_FR\" \/>\n<meta property=\"og:type\" content=\"article\" \/>\n<meta property=\"og:title\" content=\"Unisex Trainer Shorts Green - Duurzaam - FITTwear.nl\" \/>\n<meta property=\"og:description\" content=\"Eigentijdse kleding met respect voor mensen en de planeet, gemaakt van biologisch katoen of\/en gerecycled polyester. Biokatoen wordt, in tegenstelling tot gewoon katoen, geteeld zonder chemische insecticiden, meststoffen of pesticiden. Dit betekent dat er geen gevaarlijke of toxische stoffen in de bodem, rivieren en meren terechtkomen, zodat boeren en hun families in een veilige omgeving kunnen leven.  Onze FITT Bio-Cotton Trainer Shorts zijn unisex en gemaakt van een extreem zachte stof. Feel great, Perform better &amp; comfy dus!  Model Doete is 1.76 en draagt maat XS  LET OP VALT RUIM\" \/>\n<meta property=\"og:url\" content=\"https:\/\/fittwear.nl\/fr\/produit-2\/unisex-bio-coton-trainer-shorts-vert\/\" \/>\n<meta property=\"og:site_name\" content=\"FITTwear.nl\" \/>\n<meta property=\"article:modified_time\" content=\"2026-04-27T13:45:24+00:00\" \/>\n<meta property=\"og:image\" content=\"https:\/\/fittwear.nl\/wp-content\/uploads\/2021\/07\/P210625084543_Voorkant-boven_jpg_17-kopieren-1-kopieren.jpg\" \/>\n\t<meta property=\"og:image:width\" content=\"1200\" \/>\n\t<meta property=\"og:image:height\" content=\"1800\" \/>\n\t<meta property=\"og:image:type\" content=\"image\/jpeg\" \/>\n<meta name=\"twitter:card\" content=\"summary_large_image\" \/>\n<meta name=\"twitter:label1\" content=\"Dur\u00e9e de lecture estim\u00e9e\" \/>\n\t<meta name=\"twitter:data1\" content=\"1 minute\" \/>\n<script type=\"application\/ld+json\" class=\"yoast-schema-graph\">{\"@context\":\"https:\/\/schema.org\",\"@graph\":[{\"@type\":\"WebPage\",\"@id\":\"https:\/\/fittwear.nl\/product\/unisex-bio-cotton-trainer-shorts-groen\/\",\"url\":\"https:\/\/fittwear.nl\/product\/unisex-bio-cotton-trainer-shorts-groen\/\",\"name\":\"Unisex Trainer Shorts Green - Duurzaam - FITTwear.nl\",\"isPartOf\":{\"@id\":\"https:\/\/fittwear.nl\/#website\"},\"primaryImageOfPage\":{\"@id\":\"https:\/\/fittwear.nl\/product\/unisex-bio-cotton-trainer-shorts-groen\/#primaryimage\"},\"image\":{\"@id\":\"https:\/\/fittwear.nl\/product\/unisex-bio-cotton-trainer-shorts-groen\/#primaryimage\"},\"thumbnailUrl\":\"https:\/\/fittwear.nl\/wp-content\/uploads\/2021\/07\/P210625084543_Voorkant-boven_jpg_17-kopieren-1-kopieren.jpg\",\"datePublished\":\"2021-07-13T11:22:14+00:00\",\"dateModified\":\"2026-04-27T13:45:24+00:00\",\"description\":\"Eigentijdse kleding met respect voor mensen en de planeet, gemaakt van biologisch katoen of\/en gerecycled polyester. Biokatoen wordt, in tegenstelling tot gewoon katoen, geteeld zonder chemische insecticiden, meststoffen of pesticiden. Dit betekent dat er geen gevaarlijke of toxische stoffen in de bodem, rivieren en meren terechtkomen, zodat boeren en hun families in een veilige omgeving kunnen leven. Onze FITT Bio-Cotton Trainer Shorts zijn unisex en gemaakt van een extreem zachte stof. Feel great, Perform better &amp; comfy dus! Model Doete is 1.76 en draagt maat XS LET OP VALT RUIM\",\"breadcrumb\":{\"@id\":\"https:\/\/fittwear.nl\/product\/unisex-bio-cotton-trainer-shorts-groen\/#breadcrumb\"},\"inLanguage\":\"fr-FR\",\"potentialAction\":[{\"@type\":\"ReadAction\",\"target\":[\"https:\/\/fittwear.nl\/product\/unisex-bio-cotton-trainer-shorts-groen\/\"]}]},{\"@type\":\"ImageObject\",\"inLanguage\":\"fr-FR\",\"@id\":\"https:\/\/fittwear.nl\/product\/unisex-bio-cotton-trainer-shorts-groen\/#primaryimage\",\"url\":\"https:\/\/fittwear.nl\/wp-content\/uploads\/2021\/07\/P210625084543_Voorkant-boven_jpg_17-kopieren-1-kopieren.jpg\",\"contentUrl\":\"https:\/\/fittwear.nl\/wp-content\/uploads\/2021\/07\/P210625084543_Voorkant-boven_jpg_17-kopieren-1-kopieren.jpg\",\"width\":1200,\"height\":1800,\"caption\":\"Unisex Bio-Cotton Trainer Shorts groen\"},{\"@type\":\"BreadcrumbList\",\"@id\":\"https:\/\/fittwear.nl\/product\/unisex-bio-cotton-trainer-shorts-groen\/#breadcrumb\",\"itemListElement\":[{\"@type\":\"ListItem\",\"position\":1,\"name\":\"Home\",\"item\":\"https:\/\/fittwear.nl\/\"},{\"@type\":\"ListItem\",\"position\":2,\"name\":\"Shop\",\"item\":\"https:\/\/fittwear.nl\/shop\/\"},{\"@type\":\"ListItem\",\"position\":3,\"name\":\"Unisex Trainer Shorts Green\"}]},{\"@type\":\"WebSite\",\"@id\":\"https:\/\/fittwear.nl\/#website\",\"url\":\"https:\/\/fittwear.nl\/\",\"name\":\"FITTwear.nl\",\"description\":\"Time to shine!\",\"publisher\":{\"@id\":\"https:\/\/fittwear.nl\/#organization\"},\"potentialAction\":[{\"@type\":\"SearchAction\",\"target\":{\"@type\":\"EntryPoint\",\"urlTemplate\":\"https:\/\/fittwear.nl\/?s={search_term_string}\"},\"query-input\":{\"@type\":\"PropertyValueSpecification\",\"valueRequired\":true,\"valueName\":\"search_term_string\"}}],\"inLanguage\":\"fr-FR\"},{\"@type\":\"Organization\",\"@id\":\"https:\/\/fittwear.nl\/#organization\",\"name\":\"FITTwear.nl\",\"url\":\"https:\/\/fittwear.nl\/\",\"logo\":{\"@type\":\"ImageObject\",\"inLanguage\":\"fr-FR\",\"@id\":\"https:\/\/fittwear.nl\/#\/schema\/logo\/image\/\",\"url\":\"https:\/\/fittwear.nl\/wp-content\/uploads\/2024\/07\/FITT-Logo-BeYOUtiful-website-homepage_Tekengebied-1-scaled.jpg\",\"contentUrl\":\"https:\/\/fittwear.nl\/wp-content\/uploads\/2024\/07\/FITT-Logo-BeYOUtiful-website-homepage_Tekengebied-1-scaled.jpg\",\"width\":2560,\"height\":599,\"caption\":\"FITTwear.nl\"},\"image\":{\"@id\":\"https:\/\/fittwear.nl\/#\/schema\/logo\/image\/\"}}]}<\/script>\n<!-- \/ Yoast SEO plugin. -->","yoast_head_json":{"title":"Short d'entra\u00eenement unisexe Vert - Durable - FITTwear.nl","description":"Eigentijdse kleding met respect voor mensen en de planeet, gemaakt van biologisch katoen of\/en gerecycled polyester. Biokatoen wordt, in tegenstelling tot gewoon katoen, geteeld zonder chemische insecticiden, meststoffen of pesticiden. Dit betekent dat er geen gevaarlijke of toxische stoffen in de bodem, rivieren en meren terechtkomen, zodat boeren en hun families in een veilige omgeving kunnen leven.  Onze FITT Bio-Cotton Trainer Shorts zijn unisex en gemaakt van een extreem zachte stof. Feel great, Perform better &amp; comfy dus!  Model Doete is 1.76 en draagt maat XS  LET OP VALT RUIM","robots":{"index":"index","follow":"follow","max-snippet":"max-snippet:-1","max-image-preview":"max-image-preview:large","max-video-preview":"max-video-preview:-1"},"canonical":"https:\/\/fittwear.nl\/fr\/produit-2\/unisex-bio-coton-trainer-shorts-vert\/","og_locale":"fr_FR","og_type":"article","og_title":"Unisex Trainer Shorts Green - Duurzaam - FITTwear.nl","og_description":"Eigentijdse kleding met respect voor mensen en de planeet, gemaakt van biologisch katoen of\/en gerecycled polyester. Biokatoen wordt, in tegenstelling tot gewoon katoen, geteeld zonder chemische insecticiden, meststoffen of pesticiden. Dit betekent dat er geen gevaarlijke of toxische stoffen in de bodem, rivieren en meren terechtkomen, zodat boeren en hun families in een veilige omgeving kunnen leven.  Onze FITT Bio-Cotton Trainer Shorts zijn unisex en gemaakt van een extreem zachte stof. Feel great, Perform better &amp; comfy dus!  Model Doete is 1.76 en draagt maat XS  LET OP VALT RUIM","og_url":"https:\/\/fittwear.nl\/fr\/produit-2\/unisex-bio-coton-trainer-shorts-vert\/","og_site_name":"FITTwear.nl","article_modified_time":"2026-04-27T13:45:24+00:00","og_image":[{"width":1200,"height":1800,"url":"https:\/\/fittwear.nl\/wp-content\/uploads\/2021\/07\/P210625084543_Voorkant-boven_jpg_17-kopieren-1-kopieren.jpg","type":"image\/jpeg"}],"twitter_card":"summary_large_image","twitter_misc":{"Dur\u00e9e de lecture estim\u00e9e":"1 minute"},"schema":{"@context":"https:\/\/schema.org","@graph":[{"@type":"WebPage","@id":"https:\/\/fittwear.nl\/product\/unisex-bio-cotton-trainer-shorts-groen\/","url":"https:\/\/fittwear.nl\/product\/unisex-bio-cotton-trainer-shorts-groen\/","name":"Short d'entra\u00eenement unisexe Vert - Durable - FITTwear.nl","isPartOf":{"@id":"https:\/\/fittwear.nl\/#website"},"primaryImageOfPage":{"@id":"https:\/\/fittwear.nl\/product\/unisex-bio-cotton-trainer-shorts-groen\/#primaryimage"},"image":{"@id":"https:\/\/fittwear.nl\/product\/unisex-bio-cotton-trainer-shorts-groen\/#primaryimage"},"thumbnailUrl":"https:\/\/fittwear.nl\/wp-content\/uploads\/2021\/07\/P210625084543_Voorkant-boven_jpg_17-kopieren-1-kopieren.jpg","datePublished":"2021-07-13T11:22:14+00:00","dateModified":"2026-04-27T13:45:24+00:00","description":"Des v\u00eatements contemporains, respectueux de l'homme et de la plan\u00e8te, fabriqu\u00e9s \u00e0 partir de coton biologique et\/ou de polyester recycl\u00e9. Le coton biologique, contrairement au coton ordinaire, est cultiv\u00e9 sans insecticides, engrais ou pesticides chimiques. Cela signifie qu'aucune substance dangereuse ou toxique ne se retrouve dans le sol, les rivi\u00e8res et les lacs, ce qui permet aux agriculteurs et \u00e0 leurs familles de vivre dans un environnement s\u00fbr. Notre short d'entra\u00eenement FITT en coton bio est unisexe et fabriqu\u00e9 dans un tissu extr\u00eamement doux. Vous vous sentez bien, vous \u00eates plus performant et vous \u00eates \u00e0 l'aise ! Le mod\u00e8le Doete mesure 1,76 cm et porte la taille XS. ATTENTION, LA TAILLE EST PETITE.","breadcrumb":{"@id":"https:\/\/fittwear.nl\/product\/unisex-bio-cotton-trainer-shorts-groen\/#breadcrumb"},"inLanguage":"fr-FR","potentialAction":[{"@type":"ReadAction","target":["https:\/\/fittwear.nl\/product\/unisex-bio-cotton-trainer-shorts-groen\/"]}]},{"@type":"ImageObject","inLanguage":"fr-FR","@id":"https:\/\/fittwear.nl\/product\/unisex-bio-cotton-trainer-shorts-groen\/#primaryimage","url":"https:\/\/fittwear.nl\/wp-content\/uploads\/2021\/07\/P210625084543_Voorkant-boven_jpg_17-kopieren-1-kopieren.jpg","contentUrl":"https:\/\/fittwear.nl\/wp-content\/uploads\/2021\/07\/P210625084543_Voorkant-boven_jpg_17-kopieren-1-kopieren.jpg","width":1200,"height":1800,"caption":"Unisex Bio-Cotton Trainer Shorts groen"},{"@type":"BreadcrumbList","@id":"https:\/\/fittwear.nl\/product\/unisex-bio-cotton-trainer-shorts-groen\/#breadcrumb","itemListElement":[{"@type":"ListItem","position":1,"name":"Home","item":"https:\/\/fittwear.nl\/"},{"@type":"ListItem","position":2,"name":"Shop","item":"https:\/\/fittwear.nl\/shop\/"},{"@type":"ListItem","position":3,"name":"Unisex Trainer Shorts Green"}]},{"@type":"WebSite","@id":"https:\/\/fittwear.nl\/#website","url":"https:\/\/fittwear.nl\/","name":"FITTwear.co.uk","description":"C'est le moment de briller !","publisher":{"@id":"https:\/\/fittwear.nl\/#organization"},"potentialAction":[{"@type":"SearchAction","target":{"@type":"EntryPoint","urlTemplate":"https:\/\/fittwear.nl\/?s={search_term_string}"},"query-input":{"@type":"PropertyValueSpecification","valueRequired":true,"valueName":"search_term_string"}}],"inLanguage":"fr-FR"},{"@type":"Organization","@id":"https:\/\/fittwear.nl\/#organization","name":"FITTwear.co.uk","url":"https:\/\/fittwear.nl\/","logo":{"@type":"ImageObject","inLanguage":"fr-FR","@id":"https:\/\/fittwear.nl\/#\/schema\/logo\/image\/","url":"https:\/\/fittwear.nl\/wp-content\/uploads\/2024\/07\/FITT-Logo-BeYOUtiful-website-homepage_Tekengebied-1-scaled.jpg","contentUrl":"https:\/\/fittwear.nl\/wp-content\/uploads\/2024\/07\/FITT-Logo-BeYOUtiful-website-homepage_Tekengebied-1-scaled.jpg","width":2560,"height":599,"caption":"FITTwear.nl"},"image":{"@id":"https:\/\/fittwear.nl\/#\/schema\/logo\/image\/"}}]}},"_links":{"self":[{"href":"https:\/\/fittwear.nl\/fr\/wp-json\/wp\/v2\/product\/11749","targetHints":{"allow":["GET"]}}],"collection":[{"href":"https:\/\/fittwear.nl\/fr\/wp-json\/wp\/v2\/product"}],"about":[{"href":"https:\/\/fittwear.nl\/fr\/wp-json\/wp\/v2\/types\/product"}],"wp:featuredmedia":[{"embeddable":true,"href":"https:\/\/fittwear.nl\/fr\/wp-json\/wp\/v2\/media\/13902"}],"wp:attachment":[{"href":"https:\/\/fittwear.nl\/fr\/wp-json\/wp\/v2\/media?parent=11749"}],"wp:term":[{"taxonomy":"product_brand","embeddable":true,"href":"https:\/\/fittwear.nl\/fr\/wp-json\/wp\/v2\/product_brand?post=11749"},{"taxonomy":"product_cat","embeddable":true,"href":"https:\/\/fittwear.nl\/fr\/wp-json\/wp\/v2\/product_cat?post=11749"},{"taxonomy":"product_tag","embeddable":true,"href":"https:\/\/fittwear.nl\/fr\/wp-json\/wp\/v2\/product_tag?post=11749"}],"curies":[{"name":"wp","href":"https:\/\/api.w.org\/{rel}","templated":true}]}}