{"id":18051,"date":"2021-12-17T13:43:09","date_gmt":"2021-12-17T12:43:09","guid":{"rendered":"https:\/\/fittwear.nl\/?post_type=product&#038;p=18051"},"modified":"2026-04-26T14:16:05","modified_gmt":"2026-04-26T12:16:05","slug":"running-long-sleeve-top-olive","status":"publish","type":"product","link":"https:\/\/fittwear.nl\/fr\/product\/running-long-sleeve-top-olijf\/","title":{"rendered":"Running Long Sleeve Top Olive"},"content":{"rendered":"<p>-Haut \u00e0 manches longues<\/p>\n<p>-Tissu tr\u00e8s robuste<\/p>\n<p>-Chaud, adapt\u00e9 aux sports de plein air<\/p>\n<p>-Structure mixte<\/p>\n<p>-D\u00e9tail ouvert au dos<\/p>\n<p>-Trous de mousse<\/p>\n<p>-90%polyester 10% spandex<\/p>\n<p>-Couleur : Olive<\/p>\n<p>-Le mod\u00e8le Donna mesure 1,81 et porte la taille S.<\/p>","protected":false},"excerpt":{"rendered":"<p><span class=\"s2\"><span style=\"font-size: 12.0pt;\">Bravez le froid pendant les sports de plein air avec ce haut \u00e0 manches longues chaud et robuste. Le haut est dot\u00e9 de trous pour les pouces et d'un dos unique avec un d\u00e9tail ouvert dans le dos. Le tissu m\u00e9lang\u00e9 affiche de belles couleurs. Sentez-vous bien, soyez plus performant !\u00a0<\/span><\/span><\/p>","protected":false},"featured_media":18056,"template":"","meta":{"_acf_changed":false},"product_brand":[],"product_cat":[27,4811,80,4800,61,79],"product_tag":[],"class_list":{"0":"post-18051","1":"product","2":"type-product","3":"status-publish","4":"has-post-thumbnail","6":"product_cat-dames","7":"product_cat-longsleeves-dames","8":"product_cat-longsleeves","9":"product_cat-running-collection","10":"product_cat-shoppen-op-stijl","11":"product_cat-tanktops-dames","13":"first","14":"instock","15":"taxable","16":"shipping-taxable","17":"purchasable","18":"product-type-variable","19":"has-default-attributes"},"acf":[],"yoast_head":"<!-- This site is optimized with the Yoast SEO plugin v27.1.1 - https:\/\/yoast.com\/product\/yoast-seo-wordpress\/ -->\n<title>Running Long Sleeve Top Olive - Hardloopkleding - FITTwear.nl<\/title>\n<meta name=\"description\" content=\"Trotseer de kou tijdens buiten sporten met deze warme en stevige top met lange mouwen. De top is voorzien van duimgaten en heeft een unieke achterzijde met een open detail op de rug. De gem\u00ealeerde stof geeft mooie kleuren weer. Feel Great, Perform Better!\u00a0\" \/>\n<meta name=\"robots\" content=\"index, follow, max-snippet:-1, max-image-preview:large, max-video-preview:-1\" \/>\n<link rel=\"canonical\" href=\"https:\/\/fittwear.nl\/fr\/produit-2\/running-long-sleeve-top-olive\/\" \/>\n<meta property=\"og:locale\" content=\"fr_FR\" \/>\n<meta property=\"og:type\" content=\"article\" \/>\n<meta property=\"og:title\" content=\"Running Long Sleeve Top Olive - Hardloopkleding - FITTwear.nl\" \/>\n<meta property=\"og:description\" content=\"Trotseer de kou tijdens buiten sporten met deze warme en stevige top met lange mouwen. De top is voorzien van duimgaten en heeft een unieke achterzijde met een open detail op de rug. De gem\u00ealeerde stof geeft mooie kleuren weer. Feel Great, Perform Better!\u00a0\" \/>\n<meta property=\"og:url\" content=\"https:\/\/fittwear.nl\/fr\/produit-2\/running-long-sleeve-top-olive\/\" \/>\n<meta property=\"og:site_name\" content=\"FITTwear.nl\" \/>\n<meta property=\"article:modified_time\" content=\"2026-04-26T12:16:05+00:00\" \/>\n<meta property=\"og:image\" content=\"https:\/\/fittwear.nl\/wp-content\/uploads\/2021\/12\/mesh-zwart-plus-top-running-groen_Voorkant-boven_jpg_10.jpg\" \/>\n\t<meta property=\"og:image:width\" content=\"1417\" \/>\n\t<meta property=\"og:image:height\" content=\"2126\" \/>\n\t<meta property=\"og:image:type\" content=\"image\/jpeg\" \/>\n<meta name=\"twitter:card\" content=\"summary_large_image\" \/>\n<meta name=\"twitter:label1\" content=\"Dur\u00e9e de lecture estim\u00e9e\" \/>\n\t<meta name=\"twitter:data1\" content=\"1 minute\" \/>\n<script type=\"application\/ld+json\" class=\"yoast-schema-graph\">{\"@context\":\"https:\/\/schema.org\",\"@graph\":[{\"@type\":\"WebPage\",\"@id\":\"https:\/\/fittwear.nl\/product\/running-long-sleeve-top-olijf\/\",\"url\":\"https:\/\/fittwear.nl\/product\/running-long-sleeve-top-olijf\/\",\"name\":\"Running Long Sleeve Top Olive - Hardloopkleding - FITTwear.nl\",\"isPartOf\":{\"@id\":\"https:\/\/fittwear.nl\/#website\"},\"primaryImageOfPage\":{\"@id\":\"https:\/\/fittwear.nl\/product\/running-long-sleeve-top-olijf\/#primaryimage\"},\"image\":{\"@id\":\"https:\/\/fittwear.nl\/product\/running-long-sleeve-top-olijf\/#primaryimage\"},\"thumbnailUrl\":\"https:\/\/fittwear.nl\/wp-content\/uploads\/2021\/12\/mesh-zwart-plus-top-running-groen_Voorkant-boven_jpg_10.jpg\",\"datePublished\":\"2021-12-17T12:43:09+00:00\",\"dateModified\":\"2026-04-26T12:16:05+00:00\",\"description\":\"Trotseer de kou tijdens buiten sporten met deze warme en stevige top met lange mouwen. De top is voorzien van duimgaten en heeft een unieke achterzijde met een open detail op de rug. De gem\u00ealeerde stof geeft mooie kleuren weer. Feel Great, Perform Better!\u00a0\",\"breadcrumb\":{\"@id\":\"https:\/\/fittwear.nl\/product\/running-long-sleeve-top-olijf\/#breadcrumb\"},\"inLanguage\":\"fr-FR\",\"potentialAction\":[{\"@type\":\"ReadAction\",\"target\":[\"https:\/\/fittwear.nl\/product\/running-long-sleeve-top-olijf\/\"]}]},{\"@type\":\"ImageObject\",\"inLanguage\":\"fr-FR\",\"@id\":\"https:\/\/fittwear.nl\/product\/running-long-sleeve-top-olijf\/#primaryimage\",\"url\":\"https:\/\/fittwear.nl\/wp-content\/uploads\/2021\/12\/mesh-zwart-plus-top-running-groen_Voorkant-boven_jpg_10.jpg\",\"contentUrl\":\"https:\/\/fittwear.nl\/wp-content\/uploads\/2021\/12\/mesh-zwart-plus-top-running-groen_Voorkant-boven_jpg_10.jpg\",\"width\":1417,\"height\":2126,\"caption\":\"Running Long Sleeve Top olijf\"},{\"@type\":\"BreadcrumbList\",\"@id\":\"https:\/\/fittwear.nl\/product\/running-long-sleeve-top-olijf\/#breadcrumb\",\"itemListElement\":[{\"@type\":\"ListItem\",\"position\":1,\"name\":\"Home\",\"item\":\"https:\/\/fittwear.nl\/\"},{\"@type\":\"ListItem\",\"position\":2,\"name\":\"Shop\",\"item\":\"https:\/\/fittwear.nl\/shop\/\"},{\"@type\":\"ListItem\",\"position\":3,\"name\":\"Running Long Sleeve Top Olive\"}]},{\"@type\":\"WebSite\",\"@id\":\"https:\/\/fittwear.nl\/#website\",\"url\":\"https:\/\/fittwear.nl\/\",\"name\":\"FITTwear.nl\",\"description\":\"Time to shine!\",\"publisher\":{\"@id\":\"https:\/\/fittwear.nl\/#organization\"},\"potentialAction\":[{\"@type\":\"SearchAction\",\"target\":{\"@type\":\"EntryPoint\",\"urlTemplate\":\"https:\/\/fittwear.nl\/?s={search_term_string}\"},\"query-input\":{\"@type\":\"PropertyValueSpecification\",\"valueRequired\":true,\"valueName\":\"search_term_string\"}}],\"inLanguage\":\"fr-FR\"},{\"@type\":\"Organization\",\"@id\":\"https:\/\/fittwear.nl\/#organization\",\"name\":\"FITTwear.nl\",\"url\":\"https:\/\/fittwear.nl\/\",\"logo\":{\"@type\":\"ImageObject\",\"inLanguage\":\"fr-FR\",\"@id\":\"https:\/\/fittwear.nl\/#\/schema\/logo\/image\/\",\"url\":\"https:\/\/fittwear.nl\/wp-content\/uploads\/2024\/07\/FITT-Logo-BeYOUtiful-website-homepage_Tekengebied-1-scaled.jpg\",\"contentUrl\":\"https:\/\/fittwear.nl\/wp-content\/uploads\/2024\/07\/FITT-Logo-BeYOUtiful-website-homepage_Tekengebied-1-scaled.jpg\",\"width\":2560,\"height\":599,\"caption\":\"FITTwear.nl\"},\"image\":{\"@id\":\"https:\/\/fittwear.nl\/#\/schema\/logo\/image\/\"}}]}<\/script>\n<!-- \/ Yoast SEO plugin. -->","yoast_head_json":{"title":"Running Long Sleeve Top Olive - V\u00eatements de course \u00e0 pied - FITTwear.nl","description":"Bravez le froid pendant les sports de plein air avec ce haut \u00e0 manches longues chaud et robuste. Le haut est dot\u00e9 de trous pour les pouces et d'un dos unique avec un d\u00e9tail ouvert dans le dos. Le tissu m\u00e9lang\u00e9 affiche de belles couleurs. Sentez-vous bien, soyez plus performant !\u00a0","robots":{"index":"index","follow":"follow","max-snippet":"max-snippet:-1","max-image-preview":"max-image-preview:large","max-video-preview":"max-video-preview:-1"},"canonical":"https:\/\/fittwear.nl\/fr\/produit-2\/running-long-sleeve-top-olive\/","og_locale":"fr_FR","og_type":"article","og_title":"Running Long Sleeve Top Olive - Hardloopkleding - FITTwear.nl","og_description":"Trotseer de kou tijdens buiten sporten met deze warme en stevige top met lange mouwen. De top is voorzien van duimgaten en heeft een unieke achterzijde met een open detail op de rug. De gem\u00ealeerde stof geeft mooie kleuren weer. Feel Great, Perform Better!\u00a0","og_url":"https:\/\/fittwear.nl\/fr\/produit-2\/running-long-sleeve-top-olive\/","og_site_name":"FITTwear.nl","article_modified_time":"2026-04-26T12:16:05+00:00","og_image":[{"width":1417,"height":2126,"url":"https:\/\/fittwear.nl\/wp-content\/uploads\/2021\/12\/mesh-zwart-plus-top-running-groen_Voorkant-boven_jpg_10.jpg","type":"image\/jpeg"}],"twitter_card":"summary_large_image","twitter_misc":{"Dur\u00e9e de lecture estim\u00e9e":"1 minute"},"schema":{"@context":"https:\/\/schema.org","@graph":[{"@type":"WebPage","@id":"https:\/\/fittwear.nl\/product\/running-long-sleeve-top-olijf\/","url":"https:\/\/fittwear.nl\/product\/running-long-sleeve-top-olijf\/","name":"Running Long Sleeve Top Olive - V\u00eatements de course \u00e0 pied - FITTwear.nl","isPartOf":{"@id":"https:\/\/fittwear.nl\/#website"},"primaryImageOfPage":{"@id":"https:\/\/fittwear.nl\/product\/running-long-sleeve-top-olijf\/#primaryimage"},"image":{"@id":"https:\/\/fittwear.nl\/product\/running-long-sleeve-top-olijf\/#primaryimage"},"thumbnailUrl":"https:\/\/fittwear.nl\/wp-content\/uploads\/2021\/12\/mesh-zwart-plus-top-running-groen_Voorkant-boven_jpg_10.jpg","datePublished":"2021-12-17T12:43:09+00:00","dateModified":"2026-04-26T12:16:05+00:00","description":"Bravez le froid pendant les sports de plein air avec ce haut \u00e0 manches longues chaud et robuste. Le haut est dot\u00e9 de trous pour les pouces et d'un dos unique avec un d\u00e9tail ouvert dans le dos. Le tissu m\u00e9lang\u00e9 affiche de belles couleurs. Sentez-vous bien, soyez plus performant !\u00a0","breadcrumb":{"@id":"https:\/\/fittwear.nl\/product\/running-long-sleeve-top-olijf\/#breadcrumb"},"inLanguage":"fr-FR","potentialAction":[{"@type":"ReadAction","target":["https:\/\/fittwear.nl\/product\/running-long-sleeve-top-olijf\/"]}]},{"@type":"ImageObject","inLanguage":"fr-FR","@id":"https:\/\/fittwear.nl\/product\/running-long-sleeve-top-olijf\/#primaryimage","url":"https:\/\/fittwear.nl\/wp-content\/uploads\/2021\/12\/mesh-zwart-plus-top-running-groen_Voorkant-boven_jpg_10.jpg","contentUrl":"https:\/\/fittwear.nl\/wp-content\/uploads\/2021\/12\/mesh-zwart-plus-top-running-groen_Voorkant-boven_jpg_10.jpg","width":1417,"height":2126,"caption":"Running Long Sleeve Top olijf"},{"@type":"BreadcrumbList","@id":"https:\/\/fittwear.nl\/product\/running-long-sleeve-top-olijf\/#breadcrumb","itemListElement":[{"@type":"ListItem","position":1,"name":"Home","item":"https:\/\/fittwear.nl\/"},{"@type":"ListItem","position":2,"name":"Shop","item":"https:\/\/fittwear.nl\/shop\/"},{"@type":"ListItem","position":3,"name":"Running Long Sleeve Top Olive"}]},{"@type":"WebSite","@id":"https:\/\/fittwear.nl\/#website","url":"https:\/\/fittwear.nl\/","name":"FITTwear.co.uk","description":"C'est le moment de briller !","publisher":{"@id":"https:\/\/fittwear.nl\/#organization"},"potentialAction":[{"@type":"SearchAction","target":{"@type":"EntryPoint","urlTemplate":"https:\/\/fittwear.nl\/?s={search_term_string}"},"query-input":{"@type":"PropertyValueSpecification","valueRequired":true,"valueName":"search_term_string"}}],"inLanguage":"fr-FR"},{"@type":"Organization","@id":"https:\/\/fittwear.nl\/#organization","name":"FITTwear.co.uk","url":"https:\/\/fittwear.nl\/","logo":{"@type":"ImageObject","inLanguage":"fr-FR","@id":"https:\/\/fittwear.nl\/#\/schema\/logo\/image\/","url":"https:\/\/fittwear.nl\/wp-content\/uploads\/2024\/07\/FITT-Logo-BeYOUtiful-website-homepage_Tekengebied-1-scaled.jpg","contentUrl":"https:\/\/fittwear.nl\/wp-content\/uploads\/2024\/07\/FITT-Logo-BeYOUtiful-website-homepage_Tekengebied-1-scaled.jpg","width":2560,"height":599,"caption":"FITTwear.nl"},"image":{"@id":"https:\/\/fittwear.nl\/#\/schema\/logo\/image\/"}}]}},"_links":{"self":[{"href":"https:\/\/fittwear.nl\/fr\/wp-json\/wp\/v2\/product\/18051","targetHints":{"allow":["GET"]}}],"collection":[{"href":"https:\/\/fittwear.nl\/fr\/wp-json\/wp\/v2\/product"}],"about":[{"href":"https:\/\/fittwear.nl\/fr\/wp-json\/wp\/v2\/types\/product"}],"wp:featuredmedia":[{"embeddable":true,"href":"https:\/\/fittwear.nl\/fr\/wp-json\/wp\/v2\/media\/18056"}],"wp:attachment":[{"href":"https:\/\/fittwear.nl\/fr\/wp-json\/wp\/v2\/media?parent=18051"}],"wp:term":[{"taxonomy":"product_brand","embeddable":true,"href":"https:\/\/fittwear.nl\/fr\/wp-json\/wp\/v2\/product_brand?post=18051"},{"taxonomy":"product_cat","embeddable":true,"href":"https:\/\/fittwear.nl\/fr\/wp-json\/wp\/v2\/product_cat?post=18051"},{"taxonomy":"product_tag","embeddable":true,"href":"https:\/\/fittwear.nl\/fr\/wp-json\/wp\/v2\/product_tag?post=18051"}],"curies":[{"name":"wp","href":"https:\/\/api.w.org\/{rel}","templated":true}]}}