{"id":26497,"date":"2022-03-04T10:35:34","date_gmt":"2022-03-04T09:35:34","guid":{"rendered":"https:\/\/fittwear.nl\/?post_type=product&#038;p=26497"},"modified":"2026-04-03T08:13:50","modified_gmt":"2026-04-03T06:13:50","slug":"tech-cagoule-gilet-gris","status":"publish","type":"product","link":"https:\/\/fittwear.nl\/fr\/product\/tech-hooded-vest-grey\/","title":{"rendered":"Veste technique \u00e0 capuche grise"},"content":{"rendered":"<p>&#8211; Sluit mooi aan<\/p>\n<p>-Deux fermetures \u00e9clair sur le devant<\/p>\n<p>-Avec capuchon<\/p>\n<p>-Cordons de serrage \u00e0 l'avant<\/p>\n<p>-94% polyester 6% \u00e9lasthanne<\/p>\n<p>-Lavable jusqu'\u00e0 30\u00b0.<\/p>\n<p>-Couleur : Gris<\/p>","protected":false},"excerpt":{"rendered":"<p>Un mariage fait au paradis ! C'est notre ensemble technique, c'est s\u00fbr. La veste grise assortie s'adapte bien \u00e0 votre corps et est agr\u00e9able et douce \u00e0 l'int\u00e9rieur. La veste a deux poches avant qui peuvent \u00eatre ferm\u00e9es par un zip. La veste vous gardera au chaud apr\u00e8s votre s\u00e9ance d'entra\u00eenement, mais elle est \u00e9galement agr\u00e9able \u00e0 combiner pour un look athl\u00e9tique ! Disponible \u00e9galement en noir.<\/p>\n<p><strong>Le mod\u00e8le Maruschka mesure 1,72 et porte la taille S.<\/strong><\/p>","protected":false},"featured_media":26505,"template":"","meta":{"_acf_changed":false},"product_brand":[],"product_cat":[27,54,4283,66],"product_tag":[],"class_list":{"0":"post-26497","1":"product","2":"type-product","3":"status-publish","4":"has-post-thumbnail","6":"product_cat-dames","7":"product_cat-new","8":"product_cat-jackets","9":"product_cat-loungewear","11":"first","12":"outofstock","13":"taxable","14":"shipping-taxable","15":"product-type-variable","16":"has-default-attributes"},"acf":[],"yoast_head":"<!-- This site is optimized with the Yoast SEO plugin v27.1.1 - https:\/\/yoast.com\/product\/yoast-seo-wordpress\/ -->\n<title>Technical Hooded Jacket Grey - Loungewear - FITTwear.nl<\/title>\n<meta name=\"description\" content=\"Match made in heaven! Dat is onze techincal set zeker. Het bijpassende grijze vest sluit mooi aan op je lichaam en is lekker zacht vanbinnen.\" \/>\n<meta name=\"robots\" content=\"index, follow, max-snippet:-1, max-image-preview:large, max-video-preview:-1\" \/>\n<link rel=\"canonical\" href=\"https:\/\/fittwear.nl\/fr\/produit-2\/tech-cagoule-gilet-gris\/\" \/>\n<meta property=\"og:locale\" content=\"fr_FR\" \/>\n<meta property=\"og:type\" content=\"article\" \/>\n<meta property=\"og:title\" content=\"Technical Hooded Jacket Grey - Loungewear - FITTwear.nl\" \/>\n<meta property=\"og:description\" content=\"Match made in heaven! Dat is onze techincal set zeker. Het bijpassende grijze vest sluit mooi aan op je lichaam en is lekker zacht vanbinnen.\" \/>\n<meta property=\"og:url\" content=\"https:\/\/fittwear.nl\/fr\/produit-2\/tech-cagoule-gilet-gris\/\" \/>\n<meta property=\"og:site_name\" content=\"FITTwear.nl\" \/>\n<meta property=\"article:modified_time\" content=\"2026-04-03T06:13:50+00:00\" \/>\n<meta property=\"og:image\" content=\"https:\/\/fittwear.nl\/wp-content\/uploads\/2022\/03\/tech-pak-grijs_Voorkant-boven_jpg_4.jpg\" \/>\n\t<meta property=\"og:image:width\" content=\"1417\" \/>\n\t<meta property=\"og:image:height\" content=\"2126\" \/>\n\t<meta property=\"og:image:type\" content=\"image\/jpeg\" \/>\n<meta name=\"twitter:card\" content=\"summary_large_image\" \/>\n<meta name=\"twitter:label1\" content=\"Dur\u00e9e de lecture estim\u00e9e\" \/>\n\t<meta name=\"twitter:data1\" content=\"1 minute\" \/>\n<script type=\"application\/ld+json\" class=\"yoast-schema-graph\">{\"@context\":\"https:\/\/schema.org\",\"@graph\":[{\"@type\":\"WebPage\",\"@id\":\"https:\/\/fittwear.nl\/product\/tech-hooded-vest-grey\/\",\"url\":\"https:\/\/fittwear.nl\/product\/tech-hooded-vest-grey\/\",\"name\":\"Technical Hooded Jacket Grey - Loungewear - FITTwear.nl\",\"isPartOf\":{\"@id\":\"https:\/\/fittwear.nl\/#website\"},\"primaryImageOfPage\":{\"@id\":\"https:\/\/fittwear.nl\/product\/tech-hooded-vest-grey\/#primaryimage\"},\"image\":{\"@id\":\"https:\/\/fittwear.nl\/product\/tech-hooded-vest-grey\/#primaryimage\"},\"thumbnailUrl\":\"https:\/\/fittwear.nl\/wp-content\/uploads\/2022\/03\/tech-pak-grijs_Voorkant-boven_jpg_4.jpg\",\"datePublished\":\"2022-03-04T09:35:34+00:00\",\"dateModified\":\"2026-04-03T06:13:50+00:00\",\"description\":\"Match made in heaven! Dat is onze techincal set zeker. Het bijpassende grijze vest sluit mooi aan op je lichaam en is lekker zacht vanbinnen.\",\"breadcrumb\":{\"@id\":\"https:\/\/fittwear.nl\/product\/tech-hooded-vest-grey\/#breadcrumb\"},\"inLanguage\":\"fr-FR\",\"potentialAction\":[{\"@type\":\"ReadAction\",\"target\":[\"https:\/\/fittwear.nl\/product\/tech-hooded-vest-grey\/\"]}]},{\"@type\":\"ImageObject\",\"inLanguage\":\"fr-FR\",\"@id\":\"https:\/\/fittwear.nl\/product\/tech-hooded-vest-grey\/#primaryimage\",\"url\":\"https:\/\/fittwear.nl\/wp-content\/uploads\/2022\/03\/tech-pak-grijs_Voorkant-boven_jpg_4.jpg\",\"contentUrl\":\"https:\/\/fittwear.nl\/wp-content\/uploads\/2022\/03\/tech-pak-grijs_Voorkant-boven_jpg_4.jpg\",\"width\":1417,\"height\":2126,\"caption\":\"Tech hooded vest grey\"},{\"@type\":\"BreadcrumbList\",\"@id\":\"https:\/\/fittwear.nl\/product\/tech-hooded-vest-grey\/#breadcrumb\",\"itemListElement\":[{\"@type\":\"ListItem\",\"position\":1,\"name\":\"Home\",\"item\":\"https:\/\/fittwear.nl\/\"},{\"@type\":\"ListItem\",\"position\":2,\"name\":\"Shop\",\"item\":\"https:\/\/fittwear.nl\/shop\/\"},{\"@type\":\"ListItem\",\"position\":3,\"name\":\"Technical Hooded Jacket Grey\"}]},{\"@type\":\"WebSite\",\"@id\":\"https:\/\/fittwear.nl\/#website\",\"url\":\"https:\/\/fittwear.nl\/\",\"name\":\"FITTwear.nl\",\"description\":\"Time to shine!\",\"publisher\":{\"@id\":\"https:\/\/fittwear.nl\/#organization\"},\"potentialAction\":[{\"@type\":\"SearchAction\",\"target\":{\"@type\":\"EntryPoint\",\"urlTemplate\":\"https:\/\/fittwear.nl\/?s={search_term_string}\"},\"query-input\":{\"@type\":\"PropertyValueSpecification\",\"valueRequired\":true,\"valueName\":\"search_term_string\"}}],\"inLanguage\":\"fr-FR\"},{\"@type\":\"Organization\",\"@id\":\"https:\/\/fittwear.nl\/#organization\",\"name\":\"FITTwear.nl\",\"url\":\"https:\/\/fittwear.nl\/\",\"logo\":{\"@type\":\"ImageObject\",\"inLanguage\":\"fr-FR\",\"@id\":\"https:\/\/fittwear.nl\/#\/schema\/logo\/image\/\",\"url\":\"https:\/\/fittwear.nl\/wp-content\/uploads\/2024\/07\/FITT-Logo-BeYOUtiful-website-homepage_Tekengebied-1-scaled.jpg\",\"contentUrl\":\"https:\/\/fittwear.nl\/wp-content\/uploads\/2024\/07\/FITT-Logo-BeYOUtiful-website-homepage_Tekengebied-1-scaled.jpg\",\"width\":2560,\"height\":599,\"caption\":\"FITTwear.nl\"},\"image\":{\"@id\":\"https:\/\/fittwear.nl\/#\/schema\/logo\/image\/\"}}]}<\/script>\n<!-- \/ Yoast SEO plugin. -->","yoast_head_json":{"title":"Veste technique \u00e0 capuche grise - Loungewear - FITTwear.nl","description":"Un mariage fait au paradis ! C'est notre ensemble technique, c'est s\u00fbr. Le cardigan gris assorti s'adapte parfaitement \u00e0 votre corps et est doux \u00e0 l'int\u00e9rieur.","robots":{"index":"index","follow":"follow","max-snippet":"max-snippet:-1","max-image-preview":"max-image-preview:large","max-video-preview":"max-video-preview:-1"},"canonical":"https:\/\/fittwear.nl\/fr\/produit-2\/tech-cagoule-gilet-gris\/","og_locale":"fr_FR","og_type":"article","og_title":"Technical Hooded Jacket Grey - Loungewear - FITTwear.nl","og_description":"Match made in heaven! Dat is onze techincal set zeker. Het bijpassende grijze vest sluit mooi aan op je lichaam en is lekker zacht vanbinnen.","og_url":"https:\/\/fittwear.nl\/fr\/produit-2\/tech-cagoule-gilet-gris\/","og_site_name":"FITTwear.nl","article_modified_time":"2026-04-03T06:13:50+00:00","og_image":[{"width":1417,"height":2126,"url":"https:\/\/fittwear.nl\/wp-content\/uploads\/2022\/03\/tech-pak-grijs_Voorkant-boven_jpg_4.jpg","type":"image\/jpeg"}],"twitter_card":"summary_large_image","twitter_misc":{"Dur\u00e9e de lecture estim\u00e9e":"1 minute"},"schema":{"@context":"https:\/\/schema.org","@graph":[{"@type":"WebPage","@id":"https:\/\/fittwear.nl\/product\/tech-hooded-vest-grey\/","url":"https:\/\/fittwear.nl\/product\/tech-hooded-vest-grey\/","name":"Veste technique \u00e0 capuche grise - Loungewear - FITTwear.nl","isPartOf":{"@id":"https:\/\/fittwear.nl\/#website"},"primaryImageOfPage":{"@id":"https:\/\/fittwear.nl\/product\/tech-hooded-vest-grey\/#primaryimage"},"image":{"@id":"https:\/\/fittwear.nl\/product\/tech-hooded-vest-grey\/#primaryimage"},"thumbnailUrl":"https:\/\/fittwear.nl\/wp-content\/uploads\/2022\/03\/tech-pak-grijs_Voorkant-boven_jpg_4.jpg","datePublished":"2022-03-04T09:35:34+00:00","dateModified":"2026-04-03T06:13:50+00:00","description":"Un mariage fait au paradis ! C'est notre ensemble technique, c'est s\u00fbr. Le cardigan gris assorti s'adapte parfaitement \u00e0 votre corps et est doux \u00e0 l'int\u00e9rieur.","breadcrumb":{"@id":"https:\/\/fittwear.nl\/product\/tech-hooded-vest-grey\/#breadcrumb"},"inLanguage":"fr-FR","potentialAction":[{"@type":"ReadAction","target":["https:\/\/fittwear.nl\/product\/tech-hooded-vest-grey\/"]}]},{"@type":"ImageObject","inLanguage":"fr-FR","@id":"https:\/\/fittwear.nl\/product\/tech-hooded-vest-grey\/#primaryimage","url":"https:\/\/fittwear.nl\/wp-content\/uploads\/2022\/03\/tech-pak-grijs_Voorkant-boven_jpg_4.jpg","contentUrl":"https:\/\/fittwear.nl\/wp-content\/uploads\/2022\/03\/tech-pak-grijs_Voorkant-boven_jpg_4.jpg","width":1417,"height":2126,"caption":"Tech hooded vest grey"},{"@type":"BreadcrumbList","@id":"https:\/\/fittwear.nl\/product\/tech-hooded-vest-grey\/#breadcrumb","itemListElement":[{"@type":"ListItem","position":1,"name":"Home","item":"https:\/\/fittwear.nl\/"},{"@type":"ListItem","position":2,"name":"Shop","item":"https:\/\/fittwear.nl\/shop\/"},{"@type":"ListItem","position":3,"name":"Technical Hooded Jacket Grey"}]},{"@type":"WebSite","@id":"https:\/\/fittwear.nl\/#website","url":"https:\/\/fittwear.nl\/","name":"FITTwear.co.uk","description":"C'est le moment de briller !","publisher":{"@id":"https:\/\/fittwear.nl\/#organization"},"potentialAction":[{"@type":"SearchAction","target":{"@type":"EntryPoint","urlTemplate":"https:\/\/fittwear.nl\/?s={search_term_string}"},"query-input":{"@type":"PropertyValueSpecification","valueRequired":true,"valueName":"search_term_string"}}],"inLanguage":"fr-FR"},{"@type":"Organization","@id":"https:\/\/fittwear.nl\/#organization","name":"FITTwear.co.uk","url":"https:\/\/fittwear.nl\/","logo":{"@type":"ImageObject","inLanguage":"fr-FR","@id":"https:\/\/fittwear.nl\/#\/schema\/logo\/image\/","url":"https:\/\/fittwear.nl\/wp-content\/uploads\/2024\/07\/FITT-Logo-BeYOUtiful-website-homepage_Tekengebied-1-scaled.jpg","contentUrl":"https:\/\/fittwear.nl\/wp-content\/uploads\/2024\/07\/FITT-Logo-BeYOUtiful-website-homepage_Tekengebied-1-scaled.jpg","width":2560,"height":599,"caption":"FITTwear.nl"},"image":{"@id":"https:\/\/fittwear.nl\/#\/schema\/logo\/image\/"}}]}},"_links":{"self":[{"href":"https:\/\/fittwear.nl\/fr\/wp-json\/wp\/v2\/product\/26497","targetHints":{"allow":["GET"]}}],"collection":[{"href":"https:\/\/fittwear.nl\/fr\/wp-json\/wp\/v2\/product"}],"about":[{"href":"https:\/\/fittwear.nl\/fr\/wp-json\/wp\/v2\/types\/product"}],"wp:featuredmedia":[{"embeddable":true,"href":"https:\/\/fittwear.nl\/fr\/wp-json\/wp\/v2\/media\/26505"}],"wp:attachment":[{"href":"https:\/\/fittwear.nl\/fr\/wp-json\/wp\/v2\/media?parent=26497"}],"wp:term":[{"taxonomy":"product_brand","embeddable":true,"href":"https:\/\/fittwear.nl\/fr\/wp-json\/wp\/v2\/product_brand?post=26497"},{"taxonomy":"product_cat","embeddable":true,"href":"https:\/\/fittwear.nl\/fr\/wp-json\/wp\/v2\/product_cat?post=26497"},{"taxonomy":"product_tag","embeddable":true,"href":"https:\/\/fittwear.nl\/fr\/wp-json\/wp\/v2\/product_tag?post=26497"}],"curies":[{"name":"wp","href":"https:\/\/api.w.org\/{rel}","templated":true}]}}