{"id":27281,"date":"2022-03-14T14:22:41","date_gmt":"2022-03-14T13:22:41","guid":{"rendered":"https:\/\/fittwear.nl\/?post_type=product&#038;p=27281"},"modified":"2026-04-10T17:48:56","modified_gmt":"2026-04-10T15:48:56","slug":"classic-rib-legging-blue","status":"publish","type":"product","link":"https:\/\/fittwear.nl\/fr\/product\/classic-rib-legging-blue\/","title":{"rendered":"Legging classique c\u00f4tel\u00e9 bleu"},"content":{"rendered":"<p>- Des c\u00f4tes solides<\/p>\n<p>- Taille haute<\/p>\n<p>- \u00c0 l'\u00e9preuve des squats<\/p>\n<p>- Nylon 80%, \u00e9lasthanne 20%<\/p>\n<p>- Lavable jusqu'\u00e0 30\u00b0.<\/p>\n<p>- Couleur : Bleu<\/p>","protected":false},"excerpt":{"rendered":"<p><strong>Taille : Les leggings sont de taille normale.\u00a0<\/strong><\/p>\n<p>Vous cherchez un legging anti-squat qui donne une sensation de fermet\u00e9 suppl\u00e9mentaire ? Le legging c\u00f4tel\u00e9 classique est dot\u00e9 d'une solide bande c\u00f4tel\u00e9e en haut qui l'emp\u00eache de s'affaisser. Combinez-le avec le haut c\u00f4tel\u00e9 assorti pour un ensemble de sport cool ! \u00c9galement disponible en noir. Les leggings sont enti\u00e8rement r\u00e9sistants \u00e0 la transpiration et au squat.<\/p>\n<p><strong>Le mod\u00e8le Manouk mesure 1,76 et porte le S.<\/strong><\/p>","protected":false},"featured_media":27293,"template":"","meta":{"_acf_changed":false},"product_brand":[],"product_cat":[4797,27,4799],"product_tag":[],"class_list":{"0":"post-27281","1":"product","2":"type-product","3":"status-publish","4":"has-post-thumbnail","6":"product_cat-blue-waves","7":"product_cat-dames","8":"product_cat-structures","10":"first","11":"outofstock","12":"taxable","13":"shipping-taxable","14":"product-type-variable","15":"has-default-attributes"},"acf":[],"yoast_head":"<!-- This site is optimized with the Yoast SEO plugin v27.1.1 - https:\/\/yoast.com\/product\/yoast-seo-wordpress\/ -->\n<title>Classic Rib Legging Blue - Sportleggings - FITTwear.nl<\/title>\n<meta name=\"description\" content=\"Opzoek naar een squatproof legging die een extra verstevigend gevoel geeft? Dan is de nieuwe classic rib legging echt iets voor jou!\" \/>\n<meta name=\"robots\" content=\"index, follow, max-snippet:-1, max-image-preview:large, max-video-preview:-1\" \/>\n<link rel=\"canonical\" href=\"https:\/\/fittwear.nl\/fr\/produit-2\/classic-rib-legging-blue\/\" \/>\n<meta property=\"og:locale\" content=\"fr_FR\" \/>\n<meta property=\"og:type\" content=\"article\" \/>\n<meta property=\"og:title\" content=\"Classic Rib Legging Blue - Sportleggings - FITTwear.nl\" \/>\n<meta property=\"og:description\" content=\"Opzoek naar een squatproof legging die een extra verstevigend gevoel geeft? Dan is de nieuwe classic rib legging echt iets voor jou!\" \/>\n<meta property=\"og:url\" content=\"https:\/\/fittwear.nl\/fr\/produit-2\/classic-rib-legging-blue\/\" \/>\n<meta property=\"og:site_name\" content=\"FITTwear.nl\" \/>\n<meta property=\"article:modified_time\" content=\"2026-04-10T15:48:56+00:00\" \/>\n<meta property=\"og:image\" content=\"https:\/\/fittwear.nl\/wp-content\/uploads\/2022\/03\/rib-legging-blauw_Voorkant-onder_jpg_3.jpg\" \/>\n\t<meta property=\"og:image:width\" content=\"1559\" \/>\n\t<meta property=\"og:image:height\" content=\"2339\" \/>\n\t<meta property=\"og:image:type\" content=\"image\/jpeg\" \/>\n<meta name=\"twitter:card\" content=\"summary_large_image\" \/>\n<meta name=\"twitter:label1\" content=\"Dur\u00e9e de lecture estim\u00e9e\" \/>\n\t<meta name=\"twitter:data1\" content=\"1 minute\" \/>\n<script type=\"application\/ld+json\" class=\"yoast-schema-graph\">{\"@context\":\"https:\/\/schema.org\",\"@graph\":[{\"@type\":\"WebPage\",\"@id\":\"https:\/\/fittwear.nl\/product\/classic-rib-legging-blue\/\",\"url\":\"https:\/\/fittwear.nl\/product\/classic-rib-legging-blue\/\",\"name\":\"Classic Rib Legging Blue - Sportleggings - FITTwear.nl\",\"isPartOf\":{\"@id\":\"https:\/\/fittwear.nl\/#website\"},\"primaryImageOfPage\":{\"@id\":\"https:\/\/fittwear.nl\/product\/classic-rib-legging-blue\/#primaryimage\"},\"image\":{\"@id\":\"https:\/\/fittwear.nl\/product\/classic-rib-legging-blue\/#primaryimage\"},\"thumbnailUrl\":\"https:\/\/fittwear.nl\/wp-content\/uploads\/2022\/03\/rib-legging-blauw_Voorkant-onder_jpg_3.jpg\",\"datePublished\":\"2022-03-14T13:22:41+00:00\",\"dateModified\":\"2026-04-10T15:48:56+00:00\",\"description\":\"Opzoek naar een squatproof legging die een extra verstevigend gevoel geeft? Dan is de nieuwe classic rib legging echt iets voor jou!\",\"breadcrumb\":{\"@id\":\"https:\/\/fittwear.nl\/product\/classic-rib-legging-blue\/#breadcrumb\"},\"inLanguage\":\"fr-FR\",\"potentialAction\":[{\"@type\":\"ReadAction\",\"target\":[\"https:\/\/fittwear.nl\/product\/classic-rib-legging-blue\/\"]}]},{\"@type\":\"ImageObject\",\"inLanguage\":\"fr-FR\",\"@id\":\"https:\/\/fittwear.nl\/product\/classic-rib-legging-blue\/#primaryimage\",\"url\":\"https:\/\/fittwear.nl\/wp-content\/uploads\/2022\/03\/rib-legging-blauw_Voorkant-onder_jpg_3.jpg\",\"contentUrl\":\"https:\/\/fittwear.nl\/wp-content\/uploads\/2022\/03\/rib-legging-blauw_Voorkant-onder_jpg_3.jpg\",\"width\":1559,\"height\":2339,\"caption\":\"Classic rib legging blue\"},{\"@type\":\"BreadcrumbList\",\"@id\":\"https:\/\/fittwear.nl\/product\/classic-rib-legging-blue\/#breadcrumb\",\"itemListElement\":[{\"@type\":\"ListItem\",\"position\":1,\"name\":\"Home\",\"item\":\"https:\/\/fittwear.nl\/\"},{\"@type\":\"ListItem\",\"position\":2,\"name\":\"Shop\",\"item\":\"https:\/\/fittwear.nl\/shop\/\"},{\"@type\":\"ListItem\",\"position\":3,\"name\":\"Classic Rib Legging Blue\"}]},{\"@type\":\"WebSite\",\"@id\":\"https:\/\/fittwear.nl\/#website\",\"url\":\"https:\/\/fittwear.nl\/\",\"name\":\"FITTwear.nl\",\"description\":\"Time to shine!\",\"publisher\":{\"@id\":\"https:\/\/fittwear.nl\/#organization\"},\"potentialAction\":[{\"@type\":\"SearchAction\",\"target\":{\"@type\":\"EntryPoint\",\"urlTemplate\":\"https:\/\/fittwear.nl\/?s={search_term_string}\"},\"query-input\":{\"@type\":\"PropertyValueSpecification\",\"valueRequired\":true,\"valueName\":\"search_term_string\"}}],\"inLanguage\":\"fr-FR\"},{\"@type\":\"Organization\",\"@id\":\"https:\/\/fittwear.nl\/#organization\",\"name\":\"FITTwear.nl\",\"url\":\"https:\/\/fittwear.nl\/\",\"logo\":{\"@type\":\"ImageObject\",\"inLanguage\":\"fr-FR\",\"@id\":\"https:\/\/fittwear.nl\/#\/schema\/logo\/image\/\",\"url\":\"https:\/\/fittwear.nl\/wp-content\/uploads\/2024\/07\/FITT-Logo-BeYOUtiful-website-homepage_Tekengebied-1-scaled.jpg\",\"contentUrl\":\"https:\/\/fittwear.nl\/wp-content\/uploads\/2024\/07\/FITT-Logo-BeYOUtiful-website-homepage_Tekengebied-1-scaled.jpg\",\"width\":2560,\"height\":599,\"caption\":\"FITTwear.nl\"},\"image\":{\"@id\":\"https:\/\/fittwear.nl\/#\/schema\/logo\/image\/\"}}]}<\/script>\n<!-- \/ Yoast SEO plugin. -->","yoast_head_json":{"title":"Legging c\u00f4tel\u00e9 classique bleu - Leggings de sport - FITTwear.nl","description":"Vous cherchez un legging anti-squat qui donne une sensation de fermet\u00e9 suppl\u00e9mentaire ? Les nouveaux leggings \u00e0 c\u00f4tes classiques sont faits pour vous !","robots":{"index":"index","follow":"follow","max-snippet":"max-snippet:-1","max-image-preview":"max-image-preview:large","max-video-preview":"max-video-preview:-1"},"canonical":"https:\/\/fittwear.nl\/fr\/produit-2\/classic-rib-legging-blue\/","og_locale":"fr_FR","og_type":"article","og_title":"Classic Rib Legging Blue - Sportleggings - FITTwear.nl","og_description":"Opzoek naar een squatproof legging die een extra verstevigend gevoel geeft? Dan is de nieuwe classic rib legging echt iets voor jou!","og_url":"https:\/\/fittwear.nl\/fr\/produit-2\/classic-rib-legging-blue\/","og_site_name":"FITTwear.nl","article_modified_time":"2026-04-10T15:48:56+00:00","og_image":[{"width":1559,"height":2339,"url":"https:\/\/fittwear.nl\/wp-content\/uploads\/2022\/03\/rib-legging-blauw_Voorkant-onder_jpg_3.jpg","type":"image\/jpeg"}],"twitter_card":"summary_large_image","twitter_misc":{"Dur\u00e9e de lecture estim\u00e9e":"1 minute"},"schema":{"@context":"https:\/\/schema.org","@graph":[{"@type":"WebPage","@id":"https:\/\/fittwear.nl\/product\/classic-rib-legging-blue\/","url":"https:\/\/fittwear.nl\/product\/classic-rib-legging-blue\/","name":"Legging c\u00f4tel\u00e9 classique bleu - Leggings de sport - FITTwear.nl","isPartOf":{"@id":"https:\/\/fittwear.nl\/#website"},"primaryImageOfPage":{"@id":"https:\/\/fittwear.nl\/product\/classic-rib-legging-blue\/#primaryimage"},"image":{"@id":"https:\/\/fittwear.nl\/product\/classic-rib-legging-blue\/#primaryimage"},"thumbnailUrl":"https:\/\/fittwear.nl\/wp-content\/uploads\/2022\/03\/rib-legging-blauw_Voorkant-onder_jpg_3.jpg","datePublished":"2022-03-14T13:22:41+00:00","dateModified":"2026-04-10T15:48:56+00:00","description":"Vous cherchez un legging anti-squat qui donne une sensation de fermet\u00e9 suppl\u00e9mentaire ? Les nouveaux leggings \u00e0 c\u00f4tes classiques sont faits pour vous !","breadcrumb":{"@id":"https:\/\/fittwear.nl\/product\/classic-rib-legging-blue\/#breadcrumb"},"inLanguage":"fr-FR","potentialAction":[{"@type":"ReadAction","target":["https:\/\/fittwear.nl\/product\/classic-rib-legging-blue\/"]}]},{"@type":"ImageObject","inLanguage":"fr-FR","@id":"https:\/\/fittwear.nl\/product\/classic-rib-legging-blue\/#primaryimage","url":"https:\/\/fittwear.nl\/wp-content\/uploads\/2022\/03\/rib-legging-blauw_Voorkant-onder_jpg_3.jpg","contentUrl":"https:\/\/fittwear.nl\/wp-content\/uploads\/2022\/03\/rib-legging-blauw_Voorkant-onder_jpg_3.jpg","width":1559,"height":2339,"caption":"Classic rib legging blue"},{"@type":"BreadcrumbList","@id":"https:\/\/fittwear.nl\/product\/classic-rib-legging-blue\/#breadcrumb","itemListElement":[{"@type":"ListItem","position":1,"name":"Home","item":"https:\/\/fittwear.nl\/"},{"@type":"ListItem","position":2,"name":"Shop","item":"https:\/\/fittwear.nl\/shop\/"},{"@type":"ListItem","position":3,"name":"Classic Rib Legging Blue"}]},{"@type":"WebSite","@id":"https:\/\/fittwear.nl\/#website","url":"https:\/\/fittwear.nl\/","name":"FITTwear.co.uk","description":"C'est le moment de briller !","publisher":{"@id":"https:\/\/fittwear.nl\/#organization"},"potentialAction":[{"@type":"SearchAction","target":{"@type":"EntryPoint","urlTemplate":"https:\/\/fittwear.nl\/?s={search_term_string}"},"query-input":{"@type":"PropertyValueSpecification","valueRequired":true,"valueName":"search_term_string"}}],"inLanguage":"fr-FR"},{"@type":"Organization","@id":"https:\/\/fittwear.nl\/#organization","name":"FITTwear.co.uk","url":"https:\/\/fittwear.nl\/","logo":{"@type":"ImageObject","inLanguage":"fr-FR","@id":"https:\/\/fittwear.nl\/#\/schema\/logo\/image\/","url":"https:\/\/fittwear.nl\/wp-content\/uploads\/2024\/07\/FITT-Logo-BeYOUtiful-website-homepage_Tekengebied-1-scaled.jpg","contentUrl":"https:\/\/fittwear.nl\/wp-content\/uploads\/2024\/07\/FITT-Logo-BeYOUtiful-website-homepage_Tekengebied-1-scaled.jpg","width":2560,"height":599,"caption":"FITTwear.nl"},"image":{"@id":"https:\/\/fittwear.nl\/#\/schema\/logo\/image\/"}}]}},"_links":{"self":[{"href":"https:\/\/fittwear.nl\/fr\/wp-json\/wp\/v2\/product\/27281","targetHints":{"allow":["GET"]}}],"collection":[{"href":"https:\/\/fittwear.nl\/fr\/wp-json\/wp\/v2\/product"}],"about":[{"href":"https:\/\/fittwear.nl\/fr\/wp-json\/wp\/v2\/types\/product"}],"wp:featuredmedia":[{"embeddable":true,"href":"https:\/\/fittwear.nl\/fr\/wp-json\/wp\/v2\/media\/27293"}],"wp:attachment":[{"href":"https:\/\/fittwear.nl\/fr\/wp-json\/wp\/v2\/media?parent=27281"}],"wp:term":[{"taxonomy":"product_brand","embeddable":true,"href":"https:\/\/fittwear.nl\/fr\/wp-json\/wp\/v2\/product_brand?post=27281"},{"taxonomy":"product_cat","embeddable":true,"href":"https:\/\/fittwear.nl\/fr\/wp-json\/wp\/v2\/product_cat?post=27281"},{"taxonomy":"product_tag","embeddable":true,"href":"https:\/\/fittwear.nl\/fr\/wp-json\/wp\/v2\/product_tag?post=27281"}],"curies":[{"name":"wp","href":"https:\/\/api.w.org\/{rel}","templated":true}]}}